{"id":19098,"date":"2023-01-25T13:14:12","date_gmt":"2023-01-25T12:14:12","guid":{"rendered":"https:\/\/serveiseducatius.xtec.cat\/altemporda\/?page_id=19098"},"modified":"2023-01-31T10:01:02","modified_gmt":"2023-01-31T09:01:02","slug":"objectius","status":"publish","type":"page","link":"https:\/\/serveiseducatius.xtec.cat\/altemporda\/diversitats\/objectius\/","title":{"rendered":"Objectius"},"content":{"rendered":"<ul>\n<li class=\"CDt4Ke zfr3Q\" dir=\"ltr\">Oferir informaci\u00f3 dels diferents \u00e0mbits professionals de l&#8217;EAP(psicopedagogs, treballadores socials, fisioterapeutes), CREDAG, CREDV-ONCE.<\/li>\n<li class=\"CDt4Ke zfr3Q\" dir=\"ltr\">Disposar d&#8217;un banc de recursos que ens ajudi en la nostra feina.<\/li>\n<li class=\"CDt4Ke zfr3Q\" dir=\"ltr\">Informar de l&#8217;actualitat educativa en relaci\u00f3 amb la nostra tasca.<\/li>\n<li class=\"CDt4Ke zfr3Q\" dir=\"ltr\">Difondre i posar a l&#8217;abast els materials formatius del Departament d&#8217;Educaci\u00f3 en els nostres \u00e0mbits.<\/li>\n<\/ul>\n","protected":false},"excerpt":{"rendered":"<p>Oferir informaci\u00f3 dels diferents \u00e0mbits professionals de l&#8217;EAP(psicopedagogs, treballadores socials, fisioterapeutes), CREDAG, CREDV-ONCE. Disposar d&#8217;un banc de recursos que ens ajudi en la nostra feina. Informar de l&#8217;actualitat educativa en relaci\u00f3 amb la nostra tasca. Difondre i posar a l&#8217;abast els materials formatius del Departament d&#8217;Educaci\u00f3 en els nostres \u00e0mbits.<\/p>\n","protected":false},"author":4,"featured_media":0,"parent":19078,"menu_order":3,"comment_status":"closed","ping_status":"closed","template":"","meta":{"_bbp_topic_count":0,"_bbp_reply_count":0,"_bbp_total_topic_count":0,"_bbp_total_reply_count":0,"_bbp_voice_count":0,"_bbp_anonymous_reply_count":0,"_bbp_topic_count_hidden":0,"_bbp_reply_count_hidden":0,"_bbp_forum_subforum_count":0,"site-sidebar-layout":"default","site-content-layout":"","ast-site-content-layout":"","site-content-style":"default","site-sidebar-style":"default","ast-global-header-display":"","ast-banner-title-visibility":"","ast-main-header-display":"","ast-hfb-above-header-display":"","ast-hfb-below-header-display":"","ast-hfb-mobile-header-display":"","site-post-title":"","ast-breadcrumbs-content":"","ast-featured-img":"","footer-sml-layout":"","theme-transparent-header-meta":"","adv-header-id-meta":"","stick-header-meta":"","header-above-stick-meta":"","header-main-stick-meta":"","header-below-stick-meta":"","astra-migrate-meta-layouts":"default","ast-page-background-enabled":"default","ast-page-background-meta":{"desktop":{"background-color":"var(--ast-global-color-4)","background-image":"","background-repeat":"repeat","background-position":"center center","background-size":"auto","background-attachment":"scroll","background-type":"","background-media":"","overlay-type":"","overlay-color":"","overlay-opacity":"","overlay-gradient":""},"tablet":{"background-color":"","background-image":"","background-repeat":"repeat","background-position":"center center","background-size":"auto","background-attachment":"scroll","background-type":"","background-media":"","overlay-type":"","overlay-color":"","overlay-opacity":"","overlay-gradient":""},"mobile":{"background-color":"","background-image":"","background-repeat":"repeat","background-position":"center center","background-size":"auto","background-attachment":"scroll","background-type":"","background-media":"","overlay-type":"","overlay-color":"","overlay-opacity":"","overlay-gradient":""}},"ast-content-background-meta":{"desktop":{"background-color":"var(--ast-global-color-5)","background-image":"","background-repeat":"repeat","background-position":"center center","background-size":"auto","background-attachment":"scroll","background-type":"","background-media":"","overlay-type":"","overlay-color":"","overlay-opacity":"","overlay-gradient":""},"tablet":{"background-color":"var(--ast-global-color-5)","background-image":"","background-repeat":"repeat","background-position":"center center","background-size":"auto","background-attachment":"scroll","background-type":"","background-media":"","overlay-type":"","overlay-color":"","overlay-opacity":"","overlay-gradient":""},"mobile":{"background-color":"var(--ast-global-color-5)","background-image":"","background-repeat":"repeat","background-position":"center center","background-size":"auto","background-attachment":"scroll","background-type":"","background-media":"","overlay-type":"","overlay-color":"","overlay-opacity":"","overlay-gradient":""}},"footnotes":""},"class_list":["post-19098","page","type-page","status-publish","hentry"],"post_mailing_queue_ids":[],"_links":{"self":[{"href":"https:\/\/serveiseducatius.xtec.cat\/altemporda\/wp-json\/wp\/v2\/pages\/19098","targetHints":{"allow":["GET"]}}],"collection":[{"href":"https:\/\/serveiseducatius.xtec.cat\/altemporda\/wp-json\/wp\/v2\/pages"}],"about":[{"href":"https:\/\/serveiseducatius.xtec.cat\/altemporda\/wp-json\/wp\/v2\/types\/page"}],"author":[{"embeddable":true,"href":"https:\/\/serveiseducatius.xtec.cat\/altemporda\/wp-json\/wp\/v2\/users\/4"}],"replies":[{"embeddable":true,"href":"https:\/\/serveiseducatius.xtec.cat\/altemporda\/wp-json\/wp\/v2\/comments?post=19098"}],"version-history":[{"count":1,"href":"https:\/\/serveiseducatius.xtec.cat\/altemporda\/wp-json\/wp\/v2\/pages\/19098\/revisions"}],"predecessor-version":[{"id":19099,"href":"https:\/\/serveiseducatius.xtec.cat\/altemporda\/wp-json\/wp\/v2\/pages\/19098\/revisions\/19099"}],"up":[{"embeddable":true,"href":"https:\/\/serveiseducatius.xtec.cat\/altemporda\/wp-json\/wp\/v2\/pages\/19078"}],"wp:attachment":[{"href":"https:\/\/serveiseducatius.xtec.cat\/altemporda\/wp-json\/wp\/v2\/media?parent=19098"}],"curies":[{"name":"wp","href":"https:\/\/api.w.org\/{rel}","templated":true}]}}