{"id":19096,"date":"2023-01-25T13:12:53","date_gmt":"2023-01-25T12:12:53","guid":{"rendered":"https:\/\/serveiseducatius.xtec.cat\/altemporda\/?page_id=19096"},"modified":"2023-01-31T10:00:52","modified_gmt":"2023-01-31T09:00:52","slug":"introduccio","status":"publish","type":"page","link":"https:\/\/serveiseducatius.xtec.cat\/altemporda\/diversitats\/introduccio\/","title":{"rendered":"Introducci\u00f3"},"content":{"rendered":"<p class=\"CDt4Ke zfr3Q\" dir=\"ltr\">Els\u00a0<strong>EAP<\/strong> s\u00f3n equips d&#8217;assessorament i orientaci\u00f3 psicopedag\u00f2gic del Departament d\u2019Educaci\u00f3, que donen suport al professorat i als centres educatius en la resposta a la diversitat de l&#8217;alumnat i en relaci\u00f3 amb els alumnes que presenten necessitats educatives especials, aix\u00ed com a les seves fam\u00edlies.<\/p>\n<p class=\"CDt4Ke zfr3Q\" dir=\"ltr\">Els professionals de l&#8217;EAP s\u00f3n:<\/p>\n<p class=\"CDt4Ke zfr3Q\" dir=\"ltr\">\u00b7 Docents d&#8217;ensenyament secundari amb l&#8217;especialitat de psicologia i pedagogia<\/p>\n<p class=\"CDt4Ke zfr3Q\" dir=\"ltr\">\u00b7\u00a0Treballadors\/es socials<\/p>\n<p class=\"CDt4Ke zfr3Q\" dir=\"ltr\">\u00b7\u00a0Fisioterapeutes<\/p>\n<p class=\"CDt4Ke zfr3Q\" dir=\"ltr\">Els companys\/es del CREDAG i del CRDV-ONCE comparteixen la p\u00e0gina amb nosaltres.<\/p>\n","protected":false},"excerpt":{"rendered":"<p>Els\u00a0EAP s\u00f3n equips d&#8217;assessorament i orientaci\u00f3 psicopedag\u00f2gic del Departament d\u2019Educaci\u00f3, que donen suport al professorat i als centres educatius en la resposta a la diversitat de l&#8217;alumnat i en relaci\u00f3 amb els alumnes que presenten necessitats educatives especials, aix\u00ed com a les seves fam\u00edlies. Els professionals de l&#8217;EAP s\u00f3n: \u00b7 Docents d&#8217;ensenyament secundari amb l&#8217;especialitat [&hellip;]<\/p>\n","protected":false},"author":4,"featured_media":0,"parent":19078,"menu_order":1,"comment_status":"closed","ping_status":"closed","template":"","meta":{"_bbp_topic_count":0,"_bbp_reply_count":0,"_bbp_total_topic_count":0,"_bbp_total_reply_count":0,"_bbp_voice_count":0,"_bbp_anonymous_reply_count":0,"_bbp_topic_count_hidden":0,"_bbp_reply_count_hidden":0,"_bbp_forum_subforum_count":0,"site-sidebar-layout":"default","site-content-layout":"","ast-site-content-layout":"","site-content-style":"default","site-sidebar-style":"default","ast-global-header-display":"","ast-banner-title-visibility":"","ast-main-header-display":"","ast-hfb-above-header-display":"","ast-hfb-below-header-display":"","ast-hfb-mobile-header-display":"","site-post-title":"","ast-breadcrumbs-content":"","ast-featured-img":"","footer-sml-layout":"","theme-transparent-header-meta":"","adv-header-id-meta":"","stick-header-meta":"","header-above-stick-meta":"","header-main-stick-meta":"","header-below-stick-meta":"","astra-migrate-meta-layouts":"default","ast-page-background-enabled":"default","ast-page-background-meta":{"desktop":{"background-color":"var(--ast-global-color-4)","background-image":"","background-repeat":"repeat","background-position":"center center","background-size":"auto","background-attachment":"scroll","background-type":"","background-media":"","overlay-type":"","overlay-color":"","overlay-opacity":"","overlay-gradient":""},"tablet":{"background-color":"","background-image":"","background-repeat":"repeat","background-position":"center center","background-size":"auto","background-attachment":"scroll","background-type":"","background-media":"","overlay-type":"","overlay-color":"","overlay-opacity":"","overlay-gradient":""},"mobile":{"background-color":"","background-image":"","background-repeat":"repeat","background-position":"center center","background-size":"auto","background-attachment":"scroll","background-type":"","background-media":"","overlay-type":"","overlay-color":"","overlay-opacity":"","overlay-gradient":""}},"ast-content-background-meta":{"desktop":{"background-color":"var(--ast-global-color-5)","background-image":"","background-repeat":"repeat","background-position":"center center","background-size":"auto","background-attachment":"scroll","background-type":"","background-media":"","overlay-type":"","overlay-color":"","overlay-opacity":"","overlay-gradient":""},"tablet":{"background-color":"var(--ast-global-color-5)","background-image":"","background-repeat":"repeat","background-position":"center center","background-size":"auto","background-attachment":"scroll","background-type":"","background-media":"","overlay-type":"","overlay-color":"","overlay-opacity":"","overlay-gradient":""},"mobile":{"background-color":"var(--ast-global-color-5)","background-image":"","background-repeat":"repeat","background-position":"center center","background-size":"auto","background-attachment":"scroll","background-type":"","background-media":"","overlay-type":"","overlay-color":"","overlay-opacity":"","overlay-gradient":""}},"footnotes":""},"class_list":["post-19096","page","type-page","status-publish","hentry"],"post_mailing_queue_ids":[],"_links":{"self":[{"href":"https:\/\/serveiseducatius.xtec.cat\/altemporda\/wp-json\/wp\/v2\/pages\/19096","targetHints":{"allow":["GET"]}}],"collection":[{"href":"https:\/\/serveiseducatius.xtec.cat\/altemporda\/wp-json\/wp\/v2\/pages"}],"about":[{"href":"https:\/\/serveiseducatius.xtec.cat\/altemporda\/wp-json\/wp\/v2\/types\/page"}],"author":[{"embeddable":true,"href":"https:\/\/serveiseducatius.xtec.cat\/altemporda\/wp-json\/wp\/v2\/users\/4"}],"replies":[{"embeddable":true,"href":"https:\/\/serveiseducatius.xtec.cat\/altemporda\/wp-json\/wp\/v2\/comments?post=19096"}],"version-history":[{"count":1,"href":"https:\/\/serveiseducatius.xtec.cat\/altemporda\/wp-json\/wp\/v2\/pages\/19096\/revisions"}],"predecessor-version":[{"id":19097,"href":"https:\/\/serveiseducatius.xtec.cat\/altemporda\/wp-json\/wp\/v2\/pages\/19096\/revisions\/19097"}],"up":[{"embeddable":true,"href":"https:\/\/serveiseducatius.xtec.cat\/altemporda\/wp-json\/wp\/v2\/pages\/19078"}],"wp:attachment":[{"href":"https:\/\/serveiseducatius.xtec.cat\/altemporda\/wp-json\/wp\/v2\/media?parent=19096"}],"curies":[{"name":"wp","href":"https:\/\/api.w.org\/{rel}","templated":true}]}}