{"id":19078,"date":"2023-01-25T10:45:23","date_gmt":"2023-01-25T09:45:23","guid":{"rendered":"https:\/\/serveiseducatius.xtec.cat\/altemporda\/?page_id=19078"},"modified":"2023-02-24T11:52:34","modified_gmt":"2023-02-24T10:52:34","slug":"diversitats","status":"publish","type":"page","link":"https:\/\/serveiseducatius.xtec.cat\/altemporda\/diversitats\/","title":{"rendered":"Diversitat&#8217;s"},"content":{"rendered":"<div class=\"fila;\" style=\"display: flex; align-items: center; justify-content: center;\">\n<div class=\"columna\" style=\"width: 12%; text-align: center;\"><a class=\"boto_taula\" style=\"color: #000000; height: 55px; display: flex; align-items: center; justify-content: center;\" href=\"https:\/\/serveiseducatius.xtec.cat\/altemporda\/diversitats\/ambit-psicopedagogic\/\" target=\"_blank\" rel=\"noopener noreferrer\"><span style=\"font-size: 0.9em;\"><strong>\u00c0mbit psicopedag\u00f2gic<\/strong><\/span><\/a><\/div>\n<div class=\"columna\" style=\"width: 12%; text-align: center;\"><a class=\"boto_taula\" style=\"color: #000000; height: 55px; display: flex; align-items: center; justify-content: center;\" href=\"https:\/\/serveiseducatius.xtec.cat\/altemporda\/diversitats\/ambit-social\/\" target=\"_blank\" rel=\"noopener noreferrer\"><span style=\"font-size: 1em;\"><strong>\u00c0mbit social<\/strong><\/span><\/a><\/div>\n<div class=\"columna\" style=\"width: 12%; text-align: center;\"><a class=\"boto_taula\" style=\"color: #000000; height: 55px; display: flex; align-items: center; justify-content: center;\" href=\"https:\/\/serveiseducatius.xtec.cat\/altemporda\/diversitats\/ambit-motriu\/\" target=\"_blank\" rel=\"noopener noreferrer\"><span style=\"font-size: 1;\"><strong>\u00c0mbit motriu<\/strong><\/span><\/a><\/div>\n<div class=\"columna\" style=\"width: 12%; text-align: center;\"><a class=\"boto_taula\" style=\"color: #000000; height: 55px; display: flex; align-items: center; justify-content: center;\" href=\"https:\/\/serveiseducatius.xtec.cat\/altemporda\/diversitats\/creda\/\" target=\"_blank\" rel=\"noopener noreferrer\"><span style=\"font-size: 1em;\"><strong>CREDA<\/strong><\/span><\/a><\/div>\n<div class=\"columna\" style=\"width: 12%; text-align: center;\"><a class=\"boto_taula\" style=\"color: #000000; height: 55px; display: flex; align-items: center; justify-content: center;\" href=\"https:\/\/serveiseducatius.xtec.cat\/altemporda\/diversitats\/credv-once\/\" target=\"_blank\" rel=\"noopener noreferrer\"><span style=\"font-size: 1em;\"><strong>CREDV-ONCE<\/strong><\/span><\/a><\/div>\n<div class=\"columna\" style=\"width: 12%; text-align: center;\"><a class=\"boto_taula\" style=\"color: #000000; height: 55px; display: flex; align-items: center; justify-content: center;\" href=\"https:\/\/serveiseducatius.xtec.cat\/altemporda\/diversitats\/covid-19\/\" target=\"_blank\" rel=\"noopener noreferrer\"><span style=\"font-size: 1em;\"><strong>COVID-19<\/strong><\/span><\/a><\/div>\n<div class=\"columna\" style=\"width:12%; text-align: center;\"><a class=\"boto_taula\" style=\"color: #000000; height: 55px; display: flex; align-items: center; justify-content: center;\" href=\"https:\/\/serveiseducatius.xtec.cat\/altemporda\/diversitats\/la-tornada-a-lescola\/\" target=\"_blank\" rel=\"noopener noreferrer\"><span style=\"font-size: 1em;\"><strong>Tornada a l&#8217;escola<\/strong><\/span><\/a><\/div>\n<div class=\"columna\" style=\"width: 12%; text-align: center;\"><a class=\"boto_taula\" style=\"color: #000000; height: 55px; display: flex; align-items: center; justify-content: center;\" href=\"https:\/\/serveiseducatius.xtec.cat\/altemporda\/actualitzat\/\" target=\"_blank\" rel=\"noopener noreferrer\"><span style=\"font-size: 1em;\"><strong>Xarxa SEAE<\/strong><\/span><\/a><\/div>\n<\/div>\n<hr width=\"1px\" \/>\n<p style=\"text-align: center;\"><a href=\"https:\/\/serveiseducatius.xtec.cat\/altemporda\/categoria\/diversitat-s\/\"><img loading=\"lazy\" decoding=\"async\" class=\"aligncenter wp-image-19091 size-full\" src=\"https:\/\/serveiseducatius.xtec.cat\/altemporda\/wp-content\/uploads\/usu1156\/2023\/01\/Capcalera-Diversitats-1.jpg\" alt=\"\" width=\"891\" height=\"322\" srcset=\"https:\/\/serveiseducatius.xtec.cat\/altemporda\/wp-content\/uploads\/usu1156\/2023\/01\/Capcalera-Diversitats-1.jpg 891w, https:\/\/serveiseducatius.xtec.cat\/altemporda\/wp-content\/uploads\/usu1156\/2023\/01\/Capcalera-Diversitats-1-300x108.jpg 300w, https:\/\/serveiseducatius.xtec.cat\/altemporda\/wp-content\/uploads\/usu1156\/2023\/01\/Capcalera-Diversitats-1-768x278.jpg 768w\" sizes=\"auto, (max-width: 891px) 100vw, 891px\" \/><\/a><\/p>\n<ul data-pm-slice=\"3 3 []\">\n<li><a href=\"https:\/\/sites.google.com\/a\/xtec.cat\/diversitat-s-eap-alt-emporda\/home\/credits\" target=\"_blank\" rel=\"noopener\">SITE Diversitat&#8217;s Antic<\/a><\/li>\n<li><a href=\"https:\/\/sites.google.com\/xtec.cat\/diversitat-s-eap-alt-emporda1\/inici?authuser=2\" target=\"_blank\" rel=\"noopener noreferrer nofollow\">SITE Diversitat&#8217;s<\/a><\/li>\n<li><a href=\"https:\/\/drive.google.com\/drive\/u\/2\/folders\/0B0zHBF5nyE_QNFZmV0F5OEcweDQ?resourcekey=0-0uZg3C1St18FJvNmu2KFOg\" target=\"_blank\" rel=\"noopener noreferrer nofollow\">DRIVE Diversitat&#8217;s<\/a><\/li>\n<li><a href=\"https:\/\/serveiseducatius.xtec.cat\/altemporda\/categoria\/diversitat-s\/\" target=\"_blank\" rel=\"noopener noreferrer nofollow\">Categoria Nodes<\/a><\/li>\n<\/ul>\n<p>&nbsp;<\/p>\n<p>&nbsp;<\/p>\n","protected":false},"excerpt":{"rendered":"<p>\u00c0mbit psicopedag\u00f2gic \u00c0mbit social \u00c0mbit motriu CREDA CREDV-ONCE COVID-19 Tornada a l&#8217;escola Xarxa SEAE SITE Diversitat&#8217;s Antic SITE Diversitat&#8217;s DRIVE Diversitat&#8217;s Categoria Nodes &nbsp; &nbsp;<\/p>\n","protected":false},"author":4,"featured_media":0,"parent":0,"menu_order":0,"comment_status":"closed","ping_status":"closed","template":"","meta":{"_bbp_topic_count":0,"_bbp_reply_count":0,"_bbp_total_topic_count":0,"_bbp_total_reply_count":0,"_bbp_voice_count":0,"_bbp_anonymous_reply_count":0,"_bbp_topic_count_hidden":0,"_bbp_reply_count_hidden":0,"_bbp_forum_subforum_count":0,"site-sidebar-layout":"default","site-content-layout":"","ast-site-content-layout":"","site-content-style":"default","site-sidebar-style":"default","ast-global-header-display":"","ast-banner-title-visibility":"","ast-main-header-display":"","ast-hfb-above-header-display":"","ast-hfb-below-header-display":"","ast-hfb-mobile-header-display":"","site-post-title":"","ast-breadcrumbs-content":"","ast-featured-img":"","footer-sml-layout":"","theme-transparent-header-meta":"","adv-header-id-meta":"","stick-header-meta":"","header-above-stick-meta":"","header-main-stick-meta":"","header-below-stick-meta":"","astra-migrate-meta-layouts":"default","ast-page-background-enabled":"default","ast-page-background-meta":{"desktop":{"background-color":"var(--ast-global-color-4)","background-image":"","background-repeat":"repeat","background-position":"center center","background-size":"auto","background-attachment":"scroll","background-type":"","background-media":"","overlay-type":"","overlay-color":"","overlay-opacity":"","overlay-gradient":""},"tablet":{"background-color":"","background-image":"","background-repeat":"repeat","background-position":"center center","background-size":"auto","background-attachment":"scroll","background-type":"","background-media":"","overlay-type":"","overlay-color":"","overlay-opacity":"","overlay-gradient":""},"mobile":{"background-color":"","background-image":"","background-repeat":"repeat","background-position":"center center","background-size":"auto","background-attachment":"scroll","background-type":"","background-media":"","overlay-type":"","overlay-color":"","overlay-opacity":"","overlay-gradient":""}},"ast-content-background-meta":{"desktop":{"background-color":"var(--ast-global-color-5)","background-image":"","background-repeat":"repeat","background-position":"center center","background-size":"auto","background-attachment":"scroll","background-type":"","background-media":"","overlay-type":"","overlay-color":"","overlay-opacity":"","overlay-gradient":""},"tablet":{"background-color":"var(--ast-global-color-5)","background-image":"","background-repeat":"repeat","background-position":"center center","background-size":"auto","background-attachment":"scroll","background-type":"","background-media":"","overlay-type":"","overlay-color":"","overlay-opacity":"","overlay-gradient":""},"mobile":{"background-color":"var(--ast-global-color-5)","background-image":"","background-repeat":"repeat","background-position":"center center","background-size":"auto","background-attachment":"scroll","background-type":"","background-media":"","overlay-type":"","overlay-color":"","overlay-opacity":"","overlay-gradient":""}},"footnotes":""},"class_list":["post-19078","page","type-page","status-publish","hentry"],"post_mailing_queue_ids":[],"_links":{"self":[{"href":"https:\/\/serveiseducatius.xtec.cat\/altemporda\/wp-json\/wp\/v2\/pages\/19078","targetHints":{"allow":["GET"]}}],"collection":[{"href":"https:\/\/serveiseducatius.xtec.cat\/altemporda\/wp-json\/wp\/v2\/pages"}],"about":[{"href":"https:\/\/serveiseducatius.xtec.cat\/altemporda\/wp-json\/wp\/v2\/types\/page"}],"author":[{"embeddable":true,"href":"https:\/\/serveiseducatius.xtec.cat\/altemporda\/wp-json\/wp\/v2\/users\/4"}],"replies":[{"embeddable":true,"href":"https:\/\/serveiseducatius.xtec.cat\/altemporda\/wp-json\/wp\/v2\/comments?post=19078"}],"version-history":[{"count":3,"href":"https:\/\/serveiseducatius.xtec.cat\/altemporda\/wp-json\/wp\/v2\/pages\/19078\/revisions"}],"predecessor-version":[{"id":19636,"href":"https:\/\/serveiseducatius.xtec.cat\/altemporda\/wp-json\/wp\/v2\/pages\/19078\/revisions\/19636"}],"wp:attachment":[{"href":"https:\/\/serveiseducatius.xtec.cat\/altemporda\/wp-json\/wp\/v2\/media?parent=19078"}],"curies":[{"name":"wp","href":"https:\/\/api.w.org\/{rel}","templated":true}]}}