{"id":19026,"date":"2023-01-23T15:34:58","date_gmt":"2023-01-23T14:34:58","guid":{"rendered":"https:\/\/serveiseducatius.xtec.cat\/altemporda\/?page_id=19026"},"modified":"2025-11-12T17:44:41","modified_gmt":"2025-11-12T16:44:41","slug":"materials-didactics","status":"publish","type":"page","link":"https:\/\/serveiseducatius.xtec.cat\/altemporda\/correcull-1\/materials-didactics\/","title":{"rendered":"Materials de suport"},"content":{"rendered":"<p>En aquest apartat hi trobarem els diferents materials, xerrades, lectures, APP i presentacions que s&#8217;ha anat exposant en les formacions realitzades.<\/p>\n<h4><strong>Consells de seguretat i documentaci\u00f3 complement\u00e0ria per preparar la sortida<\/strong><\/h4>\n<div class=\"fila; engrandeix img;\" style=\"display: flex; align-items: center; justify-content: center;\">\n<div class=\"columna\" style=\"width: 35%;\"><a href=\"https:\/\/docs.google.com\/document\/d\/1ayCfsqW99EVfgc5jcAvRsg6K2aAYIvBZ4ZCo9Iic9nI\/template\/preview\" target=\"_blank\" rel=\"noopener noreferrer\"><img decoding=\"async\" class=\"alignnone\" style=\"border: 1px solid #00688A;\" src=\"https:\/\/serveiseducatius.xtec.cat\/altemporda\/wp-content\/uploads\/usu1156\/2023\/09\/Carta-families-Correcull.png\" alt=\"\" width=\"90%\" \/><\/a><\/div>\n<div class=\"columna\" style=\"width: 35%;\"><a href=\"https:\/\/docs.google.com\/document\/d\/12ARU4vhBkcNf4kUdOxey-KMBd5XK6w1aLFEQqr3lw_g\/template\/preview\" target=\"_blank\" rel=\"noopener noreferrer\"><img decoding=\"async\" style=\"border: 1px solid #00688A;\" src=\"https:\/\/serveiseducatius.xtec.cat\/altemporda\/wp-content\/uploads\/usu1156\/2024\/07\/Carta-families-CorrecullAE.png\" alt=\"\" width=\"90%\" \/><\/a><\/div>\n<\/div>\n<div class=\"fila; engrandeix img;\" style=\"display: flex; align-items: center; justify-content: center;\">\n<div><\/div>\n<div class=\"columna\" style=\"width: 35%;\"><a href=\"https:\/\/drive.google.com\/file\/d\/1R03oHCBu332xso6PuUq88bVaSsbr3xYn\/preview\" target=\"_blank\" rel=\"noopener noreferrer\"><img decoding=\"async\" class=\"alignnone\" style=\"border: 1px solid #00688A;\" src=\"https:\/\/serveiseducatius.xtec.cat\/altemporda\/wp-content\/uploads\/usu1156\/2025\/10\/Caracteritzacio-dels-residus.png\" alt=\"\" width=\"90%\" \/><\/a><\/div>\n<div class=\"columna\" style=\"width: 35%;\"><a href=\"https:\/\/drive.google.com\/file\/d\/1KFmFPUzMN2vQXIf1Fxx2TZW6ZfhEmUjA\/preview\" target=\"_blank\" rel=\"noopener noreferrer\"><img decoding=\"async\" class=\"alignnone\" style=\"border: 1px solid #00688A;\" src=\"https:\/\/serveiseducatius.xtec.cat\/altemporda\/wp-content\/uploads\/usu1156\/2025\/10\/Consells-de-seguretat.png\" alt=\"\" width=\"90%\" \/><\/a><\/div>\n<\/div>\n<div><\/div>\n<h5><\/h5>\n<p>&nbsp;<\/p>\n<h4>APPS I PLATAFORMES SOBRE MOSTREIG I CARACTERITZACI\u00d3 DE RESIDUS<\/h4>\n<div class=\"fila; engrandeix img;\" style=\"display: flex; align-items: center; justify-content: center;\">\n<div><\/div>\n<\/div>\n<table style=\"border-collapse: collapse; width: 85.0572%; height: 287px;\">\n<tbody>\n<tr>\n<td style=\"width: 50%; text-align: center;\"><iframe loading=\"lazy\" src=\"https:\/\/drive.google.com\/file\/d\/1XtssIOOwKJDSaqDaNu27umheDYkmm4SO\/preview\" width=\"640\" height=\"250\"><\/iframe><\/td>\n<td style=\"width: 50%;\"><iframe loading=\"lazy\" src=\"https:\/\/drive.google.com\/file\/d\/12smFIABIym1Yt_aOrLfZvc6hMaRM-s22\/preview\" width=\"640\" height=\"250\"><\/iframe><\/td>\n<\/tr>\n<\/tbody>\n<\/table>\n<table>\n<tbody>\n<tr>\n<td style=\"width: 30.5626%;\"><iframe loading=\"lazy\" title=\"YouTube video player\" src=\"https:\/\/www.youtube.com\/embed\/LTPtG9yK5FA\" width=\"400\" height=\"400\" frameborder=\"0\" allowfullscreen=\"allowfullscreen\" data-ruffle-polyfilled=\"\" data-mce-fragment=\"1\"><\/iframe><\/td>\n<td style=\"width: 40.806%;\"><iframe loading=\"lazy\" title=\"YouTube video player\" src=\"https:\/\/www.youtube.com\/embed\/VD_vIjdfd0s\" width=\"400\" height=\"400\" frameborder=\"0\" allowfullscreen=\"allowfullscreen\" data-ruffle-polyfilled=\"\" data-mce-fragment=\"1\"><\/iframe><\/td>\n<td style=\"width: 27.7918%;\">\n<p style=\"text-align: center;\"><span style=\"font-size: 14pt;\"><a href=\"https:\/\/serveiseducatius.xtec.cat\/altemporda\/general\/webinar-app-litterati-correcull\/\"><strong>Sessi\u00f3<\/strong> APP Litterati<\/a><\/span><\/p>\n<p><a href=\"https:\/\/serveiseducatius.xtec.cat\/altemporda\/wp-content\/uploads\/usu1156\/2022\/02\/lcuE-1.png\"><img loading=\"lazy\" decoding=\"async\" class=\"alignnone size-full wp-image-16121 aligncenter\" src=\"https:\/\/serveiseducatius.xtec.cat\/altemporda\/wp-content\/uploads\/usu1156\/2022\/02\/lcuE-1.png\" sizes=\"auto, (max-width: 516px) 100vw, 516px\" srcset=\"https:\/\/serveiseducatius.xtec.cat\/altemporda\/wp-content\/uploads\/usu1156\/2022\/02\/lcuE-1.png 516w, https:\/\/serveiseducatius.xtec.cat\/altemporda\/wp-content\/uploads\/usu1156\/2022\/02\/lcuE-1-300x260.png 300w\" alt=\"\" width=\"516\" height=\"448\" \/><\/a><\/p>\n<p style=\"text-align: center;\"><a href=\"https:\/\/www.diba.cat\/xarxasost\/seminaris-de-presentaci%C3%B3\">Materials Seminari LCUE_2022<\/a><\/p>\n<\/td>\n<\/tr>\n<tr>\n<td style=\"width: 30.5626%;\"><iframe loading=\"lazy\" src=\"https:\/\/drive.google.com\/file\/d\/1CgMXxA12v0KMaaUuF8OVfeAQBO7Hxiaj\/preview\" width=\"400\" height=\"350\"><span data-mce-type=\"bookmark\" style=\"display: inline-block; width: 0px; overflow: hidden; line-height: 0;\" class=\"mce_SELRES_start\">\ufeff<\/span><span data-mce-type=\"bookmark\" style=\"display: inline-block; width: 0px; overflow: hidden; line-height: 0;\" class=\"mce_SELRES_start\">\ufeff<\/span><\/iframe><\/td>\n<td style=\"width: 40.806%;\"><iframe loading=\"lazy\" src=\"https:\/\/drive.google.com\/file\/d\/1QeNBP9mCwKb45iMqihyU-5PW0W2oBG19\/preview\" width=\"400\" height=\"350\"><span data-mce-type=\"bookmark\" style=\"display: inline-block; width: 0px; overflow: hidden; line-height: 0;\" class=\"mce_SELRES_start\">\ufeff<\/span><\/iframe><\/p>\n<p style=\"text-align: center;\"><span style=\"font-size: 14pt;\"><span style=\"font-size: 10pt;\">Etiquetes <\/span>CATALUNYA + Correcull. A<\/span>ctivitats educatives per fer amb Litterati a <a href=\"http:\/\/edu.litterati.org\/\" target=\"_blank\" rel=\"noopener\" data-saferedirecturl=\"https:\/\/www.google.com\/url?q=http:\/\/edu.litterati.org\/&amp;source=gmail&amp;ust=1674569281259000&amp;usg=AOvVaw0BMkiO-Xlmq-15baPp8SHe\">http:\/\/edu.litterati.org\/<\/a><\/p>\n<\/td>\n<td style=\"width: 27.7918%;\"><iframe loading=\"lazy\" src=\"https:\/\/drive.google.com\/file\/d\/1a5IK_FSvydBWo_Gs6jdGU_IQWIVHqvEt\/preview\" width=\"400\" height=\"350\"><span data-mce-type=\"bookmark\" style=\"display: inline-block; width: 0px; overflow: hidden; line-height: 0;\" class=\"mce_SELRES_start\">\ufeff<\/span><span data-mce-type=\"bookmark\" style=\"display: inline-block; width: 0px; overflow: hidden; line-height: 0;\" class=\"mce_SELRES_start\">\ufeff<\/span><\/iframe><\/p>\n<p style=\"text-align: center;\"><span style=\"font-size: 14pt;\"><strong>Guia d\u2019etiquetes\u00a0<\/strong><\/span><\/p>\n<\/td>\n<\/tr>\n<tr>\n<td style=\"width: 30.5626%;\" colspan=\"2\">\n<p style=\"font-weight: 400;\">Tal com vam parlar a la sessi\u00f3 sobre l\u2019<strong>App Litterati<\/strong> us passem els dos codis per entrar:<\/p>\n<ol>\n<li style=\"font-weight: 400;\">Demostraci\u00f3 i proves amb el <strong>Codi PATIS<\/strong> \u00e9s pel [Repte Patis nets] de cara a fer la prova dels residus que teniu al vostre pati.<\/li>\n<\/ol>\n<p style=\"font-weight: 400;\">Recordeu que heu d\u2019anar a l\u2019App Litterati, anar a REPTES (Challenge), pr\u00e9mer JOIN i posar Codi PATIS.<\/p>\n<p style=\"font-weight: 400;\">Quan us connecteu indiqueu NOM ESCOLA grup\/sobrenom aix\u00ed us podrem baixar l\u2019excel personalitzat.<\/p>\n<ol start=\"2\">\n<li style=\"font-weight: 400;\">Codi CORRECULL \u00e9s el repte Correcull amb foto actualitzada i ja veureu el mapa, i categories d\u2019objectes. De moment hi ha 1 pe\u00e7a, us mostrem el que es veu, i podem baixar l\u2019excel oport\u00fa.<\/li>\n<\/ol>\n<p style=\"font-weight: 400;\">Si teniu cap dubte encantats us donem un cop de m\u00e0!<\/p>\n<p style=\"font-weight: 400;\"><strong>Mireia Pedr\u00f3s Tremoleda.\u00a0<\/strong>Departament de Prevenci\u00f3 i Efici\u00e8ncia dels recursos `[mpadrost@gencat.cat]<\/p>\n<\/td>\n<td style=\"width: 27.7918%;\">\n<p style=\"text-align: center;\"><span style=\"font-size: 14pt;\"><strong><a href=\"https:\/\/serveiseducatius.xtec.cat\/altemporda\/wp-content\/uploads\/usu1156\/2023\/03\/image008.png\"><img loading=\"lazy\" decoding=\"async\" class=\"alignnone size-full wp-image-20043\" src=\"https:\/\/serveiseducatius.xtec.cat\/altemporda\/wp-content\/uploads\/usu1156\/2023\/03\/image008.png\" alt=\"\" width=\"546\" height=\"335\" srcset=\"https:\/\/serveiseducatius.xtec.cat\/altemporda\/wp-content\/uploads\/usu1156\/2023\/03\/image008.png 546w, https:\/\/serveiseducatius.xtec.cat\/altemporda\/wp-content\/uploads\/usu1156\/2023\/03\/image008-300x184.png 300w\" sizes=\"auto, (max-width: 546px) 100vw, 546px\" \/><\/a><\/strong><\/span><\/p>\n<\/td>\n<\/tr>\n<\/tbody>\n<\/table>\n<table style=\"border-collapse: collapse; width: 100%;\">\n<tbody>\n<tr>\n<td style=\"width: 33.3333%;\"><iframe loading=\"lazy\" src=\"https:\/\/docs.google.com\/presentation\/d\/e\/2PACX-1vR9qtmP1zuzxtEhw38Cy-hCwlblKz2eBkuy8Rso3odl824dD5ouIM0_Ub3t7-yvgw\/embed?7start=true&amp;loop=true&amp;delayms=3000\" width=\"400\" height=\"350\" frameborder=\"0\" allowfullscreen=\"allowfullscreen\" data-ruffle-polyfilled=\"\" data-mce-fragment=\"1\"><\/iframe><\/td>\n<td style=\"width: 33.3333%;\"><iframe loading=\"lazy\" src=\"https:\/\/drive.google.com\/file\/d\/18EMZrCcI4h2Jxncm355wT2Mv2gol0ooY\/preview\" width=\"400\" height=\"350\" data-ruffle-polyfilled=\"\" data-mce-fragment=\"1\"><\/iframe><\/td>\n<td style=\"width: 33.3333%;\"><iframe loading=\"lazy\" title=\"YouTube video player\" src=\"https:\/\/www.youtube.com\/embed\/B65djMid3F0\" width=\"400\" height=\"350\" frameborder=\"0\" allowfullscreen=\"allowfullscreen\" data-ruffle-polyfilled=\"\" data-mce-fragment=\"1\"><\/iframe><\/td>\n<\/tr>\n<\/tbody>\n<\/table>\n<p><strong><span style=\"font-size: 14pt;\">Salutacions i videoconfer\u00e8ncies<\/span><\/strong><\/p>\n<table style=\"border-collapse: collapse; width: 100%;\">\n<tbody>\n<tr>\n<td style=\"width: 33.3333%; text-align: center; vertical-align: middle;\"><iframe loading=\"lazy\" title=\"YouTube video player\" src=\"https:\/\/www.youtube.com\/embed\/wG8gcPLt4WI\" width=\"360\" height=\"215\" frameborder=\"0\" allowfullscreen=\"allowfullscreen\"><span data-mce-type=\"bookmark\" style=\"display: inline-block; width: 0px; overflow: hidden; line-height: 0;\" class=\"mce_SELRES_start\">\ufeff<\/span><span data-mce-type=\"bookmark\" style=\"display: inline-block; width: 0px; overflow: hidden; line-height: 0;\" class=\"mce_SELRES_start\">\ufeff<\/span><\/iframe><\/td>\n<td style=\"width: 33.3333%;\">\u00a0<a href=\"https:\/\/drive.google.com\/file\/d\/1bmxgrU0fJxR48zzlmc3vu6EvgEuogJCP\/view\" target=\"_blank\" rel=\"noopener\"><img loading=\"lazy\" decoding=\"async\" class=\"alignnone wp-image-15701 size-full\" src=\"https:\/\/serveiseducatius.xtec.cat\/altemporda\/wp-content\/uploads\/usu1156\/2022\/01\/Nu\u0301riaBurdaga.png\" alt=\"\" width=\"965\" height=\"804\" srcset=\"https:\/\/serveiseducatius.xtec.cat\/altemporda\/wp-content\/uploads\/usu1156\/2022\/01\/Nu\u0301riaBurdaga.png 965w, https:\/\/serveiseducatius.xtec.cat\/altemporda\/wp-content\/uploads\/usu1156\/2022\/01\/Nu\u0301riaBurdaga-300x250.png 300w, https:\/\/serveiseducatius.xtec.cat\/altemporda\/wp-content\/uploads\/usu1156\/2022\/01\/Nu\u0301riaBurdaga-768x640.png 768w\" sizes=\"auto, (max-width: 965px) 100vw, 965px\" \/><\/a><\/td>\n<td style=\"width: 33.3333%;\"><iframe loading=\"lazy\" title=\"YouTube video player\" src=\"https:\/\/www.youtube.com\/embed\/ZsHDkgUlYRw\" width=\"250\" height=\"300\" frameborder=\"0\" allowfullscreen=\"allowfullscreen\" data-ruffle-polyfilled=\"\" data-mce-fragment=\"1\"><\/iframe><\/td>\n<\/tr>\n<\/tbody>\n<\/table>\n<p><a href=\"https:\/\/drive.google.com\/file\/d\/1SkXJ_lXzDoWzyn4Pc8jEK9nWZVN94FTe\/view?usp=sharing\" target=\"_blank\" rel=\"noopener\"><img loading=\"lazy\" decoding=\"async\" class=\"size-large wp-image-15806 aligncenter\" src=\"https:\/\/serveiseducatius.xtec.cat\/altemporda\/wp-content\/uploads\/usu1156\/2022\/01\/Captura-1024x882.png\" alt=\"\" width=\"400\" height=\"350\" \/><\/a><\/p>\n<p>&nbsp;<\/p>\n<p>&nbsp;<\/p>\n<p align=\"center\">\n","protected":false},"excerpt":{"rendered":"<p>En aquest apartat hi trobarem els diferents materials, xerrades, lectures, APP i presentacions que s&#8217;ha anat exposant en les formacions realitzades. Consells de seguretat i documentaci\u00f3 complement\u00e0ria per preparar la sortida &nbsp; APPS I PLATAFORMES SOBRE MOSTREIG I CARACTERITZACI\u00d3 DE RESIDUS Sessi\u00f3 APP Litterati Materials Seminari LCUE_2022 \ufeff\ufeff \ufeff Etiquetes CATALUNYA + Correcull. Activitats educatives [&hellip;]<\/p>\n","protected":false},"author":1,"featured_media":0,"parent":23496,"menu_order":0,"comment_status":"closed","ping_status":"closed","template":"","meta":{"_bbp_topic_count":0,"_bbp_reply_count":0,"_bbp_total_topic_count":0,"_bbp_total_reply_count":0,"_bbp_voice_count":0,"_bbp_anonymous_reply_count":0,"_bbp_topic_count_hidden":0,"_bbp_reply_count_hidden":0,"_bbp_forum_subforum_count":0,"site-sidebar-layout":"default","site-content-layout":"","ast-site-content-layout":"","site-content-style":"default","site-sidebar-style":"default","ast-global-header-display":"","ast-banner-title-visibility":"","ast-main-header-display":"","ast-hfb-above-header-display":"","ast-hfb-below-header-display":"","ast-hfb-mobile-header-display":"","site-post-title":"","ast-breadcrumbs-content":"","ast-featured-img":"","footer-sml-layout":"","theme-transparent-header-meta":"","adv-header-id-meta":"","stick-header-meta":"","header-above-stick-meta":"","header-main-stick-meta":"","header-below-stick-meta":"","astra-migrate-meta-layouts":"default","ast-page-background-enabled":"default","ast-page-background-meta":{"desktop":{"background-color":"var(--ast-global-color-4)","background-image":"","background-repeat":"repeat","background-position":"center center","background-size":"auto","background-attachment":"scroll","background-type":"","background-media":"","overlay-type":"","overlay-color":"","overlay-opacity":"","overlay-gradient":""},"tablet":{"background-color":"","background-image":"","background-repeat":"repeat","background-position":"center center","background-size":"auto","background-attachment":"scroll","background-type":"","background-media":"","overlay-type":"","overlay-color":"","overlay-opacity":"","overlay-gradient":""},"mobile":{"background-color":"","background-image":"","background-repeat":"repeat","background-position":"center center","background-size":"auto","background-attachment":"scroll","background-type":"","background-media":"","overlay-type":"","overlay-color":"","overlay-opacity":"","overlay-gradient":""}},"ast-content-background-meta":{"desktop":{"background-color":"var(--ast-global-color-5)","background-image":"","background-repeat":"repeat","background-position":"center center","background-size":"auto","background-attachment":"scroll","background-type":"","background-media":"","overlay-type":"","overlay-color":"","overlay-opacity":"","overlay-gradient":""},"tablet":{"background-color":"var(--ast-global-color-5)","background-image":"","background-repeat":"repeat","background-position":"center center","background-size":"auto","background-attachment":"scroll","background-type":"","background-media":"","overlay-type":"","overlay-color":"","overlay-opacity":"","overlay-gradient":""},"mobile":{"background-color":"var(--ast-global-color-5)","background-image":"","background-repeat":"repeat","background-position":"center center","background-size":"auto","background-attachment":"scroll","background-type":"","background-media":"","overlay-type":"","overlay-color":"","overlay-opacity":"","overlay-gradient":""}},"footnotes":""},"class_list":["post-19026","page","type-page","status-publish","hentry"],"post_mailing_queue_ids":[],"_links":{"self":[{"href":"https:\/\/serveiseducatius.xtec.cat\/altemporda\/wp-json\/wp\/v2\/pages\/19026","targetHints":{"allow":["GET"]}}],"collection":[{"href":"https:\/\/serveiseducatius.xtec.cat\/altemporda\/wp-json\/wp\/v2\/pages"}],"about":[{"href":"https:\/\/serveiseducatius.xtec.cat\/altemporda\/wp-json\/wp\/v2\/types\/page"}],"author":[{"embeddable":true,"href":"https:\/\/serveiseducatius.xtec.cat\/altemporda\/wp-json\/wp\/v2\/users\/1"}],"replies":[{"embeddable":true,"href":"https:\/\/serveiseducatius.xtec.cat\/altemporda\/wp-json\/wp\/v2\/comments?post=19026"}],"version-history":[{"count":7,"href":"https:\/\/serveiseducatius.xtec.cat\/altemporda\/wp-json\/wp\/v2\/pages\/19026\/revisions"}],"predecessor-version":[{"id":23538,"href":"https:\/\/serveiseducatius.xtec.cat\/altemporda\/wp-json\/wp\/v2\/pages\/19026\/revisions\/23538"}],"up":[{"embeddable":true,"href":"https:\/\/serveiseducatius.xtec.cat\/altemporda\/wp-json\/wp\/v2\/pages\/23496"}],"wp:attachment":[{"href":"https:\/\/serveiseducatius.xtec.cat\/altemporda\/wp-json\/wp\/v2\/media?parent=19026"}],"curies":[{"name":"wp","href":"https:\/\/api.w.org\/{rel}","templated":true}]}}