{"id":18848,"date":"2022-12-19T17:30:53","date_gmt":"2022-12-19T16:30:53","guid":{"rendered":"https:\/\/serveiseducatius.xtec.cat\/altemporda\/?page_id=18848"},"modified":"2023-03-23T10:06:57","modified_gmt":"2023-03-23T09:06:57","slug":"nou-curriculum-medi","status":"publish","type":"page","link":"https:\/\/serveiseducatius.xtec.cat\/altemporda\/xarxa-descoles-del-pn-cap-de-creus\/formacio-docent\/nou-curriculum-medi\/","title":{"rendered":"Nou curr\u00edculum: medi"},"content":{"rendered":"<p style=\"text-align: justify;\"><span style=\"color: #ff0000;\"><em><img loading=\"lazy\" decoding=\"async\" class=\"wp-image-19767 alignleft\" src=\"https:\/\/serveiseducatius.xtec.cat\/altemporda\/wp-content\/uploads\/usu1156\/2023\/02\/baixa.png\" alt=\"\" width=\"158\" height=\"157\" srcset=\"https:\/\/serveiseducatius.xtec.cat\/altemporda\/wp-content\/uploads\/usu1156\/2023\/02\/baixa.png 225w, https:\/\/serveiseducatius.xtec.cat\/altemporda\/wp-content\/uploads\/usu1156\/2023\/02\/baixa-150x150.png 150w\" sizes=\"auto, (max-width: 158px) 100vw, 158px\" \/>En proc\u00e9s de c\u00e0rrega\u00a0<\/em><\/span><span style=\"color: #008080;\"><b>El nou curr\u00edculum, una aproximaci\u00f3 al seu desplegament de l&#8217;\u00e0rea de medi<\/b><\/span><b><span style=\"color: #008080;\">.<\/span>\u00a0<\/b><i><span style=\"font-weight: 400;\">Per si \u00e9s del vostre inter\u00e8s, hem passat en format Excel \u201cen un sol full\u201d les diferents compet\u00e8ncies espec\u00edfiques i sabers de l\u2019\u00e0rea de <\/span><\/i><b><i>Medi<\/i><\/b><i><span style=\"font-weight: 400;\"> per tal de facilitar la seva lectura, interpretaci\u00f3 i comparativa. Per a qualsevol aclariment no dubteu a contactar amb nosaltres.<\/span><\/i><\/p>\n<p><span style=\"color: #333399;\"><strong>En context:<\/strong> Des de l&#8217;any 1980 fins a l&#8217;actualitat s&#8217;han aprovat 8 lleis d&#8217;educaci\u00f3. O sigui, en 42 anys hi ha hagut 8 lleis. Aix\u00f2 representa una nova llei d&#8217;educaci\u00f3 cada 5,25 anys. LOECE (1980) LODE (1985) LOGSE (1990) LOPEG (1995) LOCE (2002) LOE (2006) LOMCE (2013) LOMLOE (2022) + LEC (2009).<\/span><\/p>\n<p><span style=\"color: #333399;\"><span style=\"color: #008080;\"><strong>Repte:<\/strong><\/span> Quin ha de ser el temps d&#8217;implementaci\u00f3 d&#8217;una Llei d&#8217;educaci\u00f3 per tal d&#8217;assolir els seus objectius?\u00a0Quants canvis curriculars viu un infant durant el seu per\u00edode d&#8217;escolaritzaci\u00f3?<\/span><\/p>\n<table style=\"border-collapse: collapse; width: 100%;\">\n<tbody>\n<tr>\n<td style=\"width: 50%;\"><iframe loading=\"lazy\" title=\"Aprenentatge competencial\" src=\"https:\/\/www.youtube.com\/embed\/0g52YH9fwyk\" width=\"500\" height=\"281\" frameborder=\"0\" allowfullscreen=\"allowfullscreen\"><\/iframe><\/td>\n<td style=\"width: 50%;\"><iframe loading=\"lazy\" title=\"video vectors ciutadania1\" src=\"https:\/\/www.youtube.com\/embed\/OViiI_U9WBo\" width=\"560\" height=\"315\" frameborder=\"0\" allowfullscreen=\"allowfullscreen\"><\/iframe><\/td>\n<\/tr>\n<\/tbody>\n<\/table>\n<p><span style=\"color: #008080; font-size: 14pt;\"><b>Pr\u00e8vies:<\/b><\/span><\/p>\n<p style=\"text-align: justify;\"><b style=\"font-family: inherit; font-size: 1em;\">0. Aquesta aportaci\u00f3 no \u00e9s prescriptiva.<\/b><\/p>\n<ol>\n<li style=\"text-align: justify;\"><span style=\"font-weight: 400;\">Els constants canvis en els plantejaments educatius ens demanen un esfor\u00e7 extra per tal de poder interpretar correctament el llenguatge, objectius i finalitats de cada nou curr\u00edculum. No hem d\u2019oblidar que des de l&#8217;any 1980 a l\u2019actualitat han passat 42 anys i 8 reformes educatives. En l&#8217;\u00e0mbit catal\u00e0 cal sumar-hi la LEC. Aix\u00f2 vol dir que cada 5,25 anys tenim un nou curr\u00edculum. Essent un dels pa\u00efsos europeus amb m\u00e9s canvis en el seu sistema educatiu. Evidentment, ens podem formular moltes preguntes al respecte, per\u00f2 aquesta no \u00e9s la intenci\u00f3 d\u2019aquest espai. S\u00ed que cal tenir present que en l\u2019interval que va de 3 a 16 anys un infant experimenta un m\u00ednim de dues reformes educatives en el nostre sistema. Si tenim present que els docents necessitem un temps d\u2019adaptaci\u00f3 i aprenentatge (en el cas actual es parla de 3 anys) aix\u00f2 vol dir que, si la tend\u00e8ncia de canvis es mant\u00e9 a 5 anys, nom\u00e9s disposarem de dos anys per aplicar-ho plenament a l&#8217;aula abans del proper canvi. Esperem poder trencar aquesta tend\u00e8ncia \ud83d\ude09<\/span><\/li>\n<li style=\"font-weight: 400; text-align: justify;\" aria-level=\"1\"><span style=\"font-weight: 400;\">Per tal de facilitar la lectura i desplegament del nou decret, ens ha semblat oport\u00fa aportar, a la informaci\u00f3 lliurada pel Departament d\u2019educaci\u00f3, una \u201ceina\u201d en forma de full de c\u00e0lcul, amb la intenci\u00f3 d&#8217;inspirar als centres i facilitar la tra\u00e7abilitat dels sabers que han d\u2019adquirir els infants al llarg de la seva escolaritzaci\u00f3. Per tal de fer una lectura r\u00e0pida, comparada i efica\u00e7 de la seq\u00fcenciaci\u00f3 de les diferents variables que ens proposa el nou curr\u00edculum.<\/span><\/li>\n<li style=\"font-weight: 400; text-align: justify;\" aria-level=\"1\"><span style=\"font-weight: 400;\">Aquesta aproximaci\u00f3 al desplegament del nou curr\u00edculum s\u2019ha fet a partir del treball de l\u2019\u00e0rea de medi natural dels centres pertanyents a la <\/span><b>Xarxa d\u2019escoles del parc natural del Cap de Creus<\/b><span style=\"font-weight: 400;\">.<\/span><\/li>\n<li style=\"font-weight: 400; text-align: justify;\" aria-level=\"1\"><span style=\"font-weight: 400;\">Si els docents del vostre centre tenen alguna dificultat en moure\u2019s dins d\u2019un full de c\u00e0lcul ens ho podeu fer saber per tal de dissenyar una p\u00edndola formativa (1 hora) amb les i els <\/span><b>mentores digitals del vostre centre,<\/b> <a href=\"https:\/\/drive.google.com\/file\/d\/1NbhL31itgnAwkUjxodjZnUf6RSzF8JlB\/preview\"><span style=\"font-weight: 400;\">Manual b\u00e0sic<\/span><\/a><span style=\"font-weight: 400;\">.<\/span><\/li>\n<li style=\"font-weight: 400; text-align: justify;\" aria-level=\"1\"><span style=\"font-weight: 400;\">Si el vostre centre necessita un acompanyament, m\u00e9s intens\/espec\u00edfic no dubteu a fer-nos-ho saber.<\/span><\/li>\n<\/ol>\n<p><span style=\"font-size: 14pt; color: #008080;\"><strong>Com interpretar i omplir els diferents fulls Excels?<\/strong><\/span><\/p>\n<ol>\n<li style=\"font-weight: 400;\" aria-level=\"1\"><span style=\"font-weight: 400;\">Primer de tot cal descarregar el document que trobareu en aquest espai.<\/span><\/li>\n<li style=\"font-weight: 400;\" aria-level=\"1\"><span style=\"font-weight: 400;\">Ubicar la c\u00f2pia a una carpeta del <\/span><i><span style=\"font-weight: 400;\">drive<\/span><\/i><strong> DEL CENTRE.<\/strong><\/li>\n<li style=\"font-weight: 400;\" aria-level=\"1\"><span style=\"font-weight: 400;\">Documents que ha de contenir la carpeta:<\/span><\/li>\n<\/ol>\n<p><span style=\"font-weight: 400;\">. Excel 1: Proposta de seq\u00fcenciaci\u00f3 del nou curr\u00edculum de medi<\/span><\/p>\n<p><span style=\"font-weight: 400;\">. Excel 2: Descriptor de les diferents situacions d\u2019aprenentatge (SituAP).<\/span><\/p>\n<p><span style=\"font-weight: 400;\">. <em>Pdf e<\/em>xplicatiu del funcionament de les taules de l&#8217;excel.<\/span><\/p>\n<p><span style=\"font-weight: 400;\">4. Per tal de no perdre la globalitat de l\u2019eina, primer de tot, feu una lectura general abans d\u2019entrar als diferents enlla\u00e7os.\u00a0<\/span><\/p>\n<p><span style=\"font-weight: 400;\">5. Un cop descarregats tots els documents, passem a desgranar els diferents apartats per tal de facilitar la seva interpretaci\u00f3. Cliqueu <strong>AQU\u00cd<\/strong><\/span><\/p>\n<p>&nbsp;<\/p>\n<hr \/>\n<div style=\"text-align: center;\"><span style=\"font-size: 14pt;\"><strong>\u2193<\/strong> Recordeu que per baixar-vos les graelles heu d\u2019estar identificats amb un <b>usuari de la Xtec<\/b><strong>\u2193<\/strong><\/span><\/div>\n<div style=\"text-align: center;\">\n<hr \/>\n<p>&nbsp;<\/p>\n<\/div>\n<div>\n<table style=\"border-collapse: collapse; width: 100%; text-align: center; vertical-align: top;\">\n<tbody>\n<tr>\n<td style=\"width: 50%; text-align: center; vertical-align: top;\">\n<p><figure id=\"attachment_19851\" aria-describedby=\"caption-attachment-19851\" style=\"width: 294px\" class=\"wp-caption aligncenter\"><a href=\"https:\/\/docs.google.com\/spreadsheets\/d\/1Nr2BTduCpcpFLua51aPxLIdVrs-Vhbi0LJIk2-4Jcxk\/copy\" target=\"_blank\" rel=\"noopener\"><img loading=\"lazy\" decoding=\"async\" class=\"wp-image-19851\" src=\"https:\/\/serveiseducatius.xtec.cat\/altemporda\/wp-content\/uploads\/usu1156\/2023\/02\/Sabers.png\" alt=\"\" width=\"294\" height=\"259\" srcset=\"https:\/\/serveiseducatius.xtec.cat\/altemporda\/wp-content\/uploads\/usu1156\/2023\/02\/Sabers.png 614w, https:\/\/serveiseducatius.xtec.cat\/altemporda\/wp-content\/uploads\/usu1156\/2023\/02\/Sabers-300x264.png 300w\" sizes=\"auto, (max-width: 294px) 100vw, 294px\" \/><\/a><figcaption id=\"caption-attachment-19851\" class=\"wp-caption-text\"><b>Prim\u00e0ria: Medi &#8211; Sabers <span style=\"color: #ff0000;\"><br \/><a href=\"https:\/\/docs.google.com\/spreadsheets\/d\/1Nr2BTduCpcpFLua51aPxLIdVrs-Vhbi0LJIk2-4Jcxk\/copy\" target=\"_blank\" rel=\"noopener\">Copieu el document al vostre Drive<\/a><\/span><\/b><\/figcaption><\/figure><\/td>\n<td style=\"width: 50%; text-align: center; vertical-align: top;\">\n<p><figure id=\"attachment_19851\" aria-describedby=\"caption-attachment-19851\" style=\"width: 381px\" class=\"wp-caption aligncenter\"><a href=\"https:\/\/docs.google.com\/spreadsheets\/d\/17EBPc5cc6XPutZv3_0IRTFWOVxU914-9mELhyFulu7k\/copy\" target=\"_blank\" rel=\"noopener\"><img loading=\"lazy\" decoding=\"async\" class=\"wp-image-19851\" src=\"https:\/\/serveiseducatius.xtec.cat\/altemporda\/wp-content\/uploads\/usu1156\/2023\/02\/SituAP.png\" alt=\"\" width=\"381\" height=\"335\" \/><\/a><figcaption id=\"caption-attachment-19851\" class=\"wp-caption-text\"><b>Prim\u00e0ria: Medi &#8211; Situaci\u00f3 d&#8217;Aprenentatge <span style=\"color: #ff0000;\"><br \/><a href=\"https:\/\/docs.google.com\/spreadsheets\/u\/1\/d\/17EBPc5cc6XPutZv3_0IRTFWOVxU914-9mELhyFulu7k\/copy\" target=\"_blank\" rel=\"noopener\">Copieu el document al vostre Drive<\/a><\/span><\/b><\/figcaption><\/figure><\/td>\n<\/tr>\n<\/tbody>\n<\/table>\n<\/div>\n<div>\n<table style=\"border-collapse: collapse; width: 100%; text-align: center; vertical-align: top;\">\n<tbody>\n<tr>\n<td style=\"width: 50%; text-align: center; vertical-align: top;\">\n<p><figure id=\"attachment_19851\" aria-describedby=\"caption-attachment-19851\" style=\"width: 294px\" class=\"wp-caption aligncenter\"><a href=\"https:\/\/docs.google.com\/spreadsheets\/d\/1wJRhdm_Pg1-KLDpus5Z6c11BvZAbm7jVTfnSHszCTH8\/copy\" target=\"_blank\" rel=\"noopener\"><img loading=\"lazy\" decoding=\"async\" class=\"wp-image-19851\" src=\"https:\/\/serveiseducatius.xtec.cat\/altemporda\/wp-content\/uploads\/usu1156\/2023\/02\/Sabers.png\" alt=\"\" width=\"294\" height=\"259\" srcset=\"https:\/\/serveiseducatius.xtec.cat\/altemporda\/wp-content\/uploads\/usu1156\/2023\/02\/Sabers.png 614w, https:\/\/serveiseducatius.xtec.cat\/altemporda\/wp-content\/uploads\/usu1156\/2023\/02\/Sabers-300x264.png 300w\" sizes=\"auto, (max-width: 294px) 100vw, 294px\" \/><\/a><figcaption id=\"caption-attachment-19851\" class=\"wp-caption-text\"><b>Secund\u00e0ria: Biologia &#8211; Sabers <span style=\"color: #ff0000;\"><br \/><a href=\"https:\/\/docs.google.com\/spreadsheets\/d\/1wJRhdm_Pg1-KLDpus5Z6c11BvZAbm7jVTfnSHszCTH8\/copy\" target=\"_blank\" rel=\"noopener\">Copieu el document al vostre Drive<\/a><\/span><\/b><\/figcaption><\/figure><\/td>\n<td style=\"width: 50%; text-align: center; vertical-align: top;\">\n<p><figure id=\"attachment_19851\" aria-describedby=\"caption-attachment-19851\" style=\"width: 381px\" class=\"wp-caption aligncenter\"><a href=\"https:\/\/docs.google.com\/spreadsheets\/d\/1MVL8hJRGv8UZOjjZyvy1TM6fgbFb90LNxA-sVx4VNtQ\/copy\" target=\"_blank\" rel=\"noopener\"><img loading=\"lazy\" decoding=\"async\" class=\"wp-image-19851\" src=\"https:\/\/serveiseducatius.xtec.cat\/altemporda\/wp-content\/uploads\/usu1156\/2023\/02\/SituAP.png\" alt=\"\" width=\"381\" height=\"335\" \/><\/a><figcaption id=\"caption-attachment-19851\" class=\"wp-caption-text\"><b>Secund\u00e0ria: Biologia &#8211; Situaci\u00f3 d&#8217;Aprenentatge <span style=\"color: #ff0000;\"><br \/><a href=\"https:\/\/docs.google.com\/spreadsheets\/d\/1MVL8hJRGv8UZOjjZyvy1TM6fgbFb90LNxA-sVx4VNtQ\/copy\" target=\"_blank\" rel=\"noopener\">Copieu el document al vostre Drive<\/a><\/span><\/b><\/figcaption><\/figure><\/td>\n<\/tr>\n<\/tbody>\n<\/table>\n<\/div>\n<div>\n<table style=\"border-collapse: collapse; width: 100%; text-align: center; vertical-align: top;\">\n<tbody>\n<tr>\n<td style=\"width: 50%; text-align: center; vertical-align: top;\">\n<p><figure id=\"attachment_19851\" aria-describedby=\"caption-attachment-19851\" style=\"width: 294px\" class=\"wp-caption aligncenter\"><a href=\"https:\/\/docs.google.com\/spreadsheets\/d\/1WweNc_wWHzXrwee81k7QMmbUSOS4UhNTds5yuUbkPV0\/copy\" target=\"_blank\" rel=\"noopener\"><img loading=\"lazy\" decoding=\"async\" class=\"wp-image-19851\" src=\"https:\/\/serveiseducatius.xtec.cat\/altemporda\/wp-content\/uploads\/usu1156\/2023\/02\/Sabers.png\" alt=\"\" width=\"294\" height=\"259\" srcset=\"https:\/\/serveiseducatius.xtec.cat\/altemporda\/wp-content\/uploads\/usu1156\/2023\/02\/Sabers.png 614w, https:\/\/serveiseducatius.xtec.cat\/altemporda\/wp-content\/uploads\/usu1156\/2023\/02\/Sabers-300x264.png 300w\" sizes=\"auto, (max-width: 294px) 100vw, 294px\" \/><\/a><figcaption id=\"caption-attachment-19851\" class=\"wp-caption-text\"><b>Batxillerat: Geologia i ci\u00e8ncies ambientals &#8211; Sabers <span style=\"color: #ff0000;\"><br \/><a href=\"https:\/\/docs.google.com\/spreadsheets\/d\/1WweNc_wWHzXrwee81k7QMmbUSOS4UhNTds5yuUbkPV0\/copy\" target=\"_blank\" rel=\"noopener\">Copieu el document al vostre Drive<\/a><\/span><\/b><\/figcaption><\/figure><\/td>\n<td style=\"width: 50%; text-align: center; vertical-align: top;\">\n<p><figure id=\"attachment_19851\" aria-describedby=\"caption-attachment-19851\" style=\"width: 381px\" class=\"wp-caption aligncenter\"><a href=\"https:\/\/docs.google.com\/spreadsheets\/d\/1F7YuXjvwEeJrIdlzvjfiGWmSShaSvufcnIAogbvyFJ4\/copy\" target=\"_blank\" rel=\"noopener\"><img loading=\"lazy\" decoding=\"async\" class=\"wp-image-19851\" src=\"https:\/\/serveiseducatius.xtec.cat\/altemporda\/wp-content\/uploads\/usu1156\/2023\/02\/SituAP.png\" alt=\"\" width=\"381\" height=\"335\" \/><\/a><figcaption id=\"caption-attachment-19851\" class=\"wp-caption-text\"><b>Batxillerat: Geologia i ci\u00e8ncies ambientals &#8211; Situaci\u00f3 d&#8217;Aprenentatge <span style=\"color: #ff0000;\"><br \/><a href=\"https:\/\/docs.google.com\/spreadsheets\/d\/1F7YuXjvwEeJrIdlzvjfiGWmSShaSvufcnIAogbvyFJ4\/copy\" target=\"_blank\" rel=\"noopener\">Copieu el document al vostre Drive<\/a><\/span><\/b><\/figcaption><\/figure><\/td>\n<\/tr>\n<\/tbody>\n<\/table>\n<\/div>\n<hr align=\"center\" noshade=\"noshade\" size=\"1\" width=\"100%\" \/>\n<h4>\u00a0<strong><span style=\"color: #008080;\">Buidatge del nou curr\u00edculum amb indicadors d&#8217;EDUCACI\u00d3 INFANTIL (TOTES les \u00c0rees).<\/span><\/strong><\/h4>\n<div><\/div>\n<div class=\"fila;\" style=\"display: flex; align-items: center; justify-content: center;\">\n<div class=\"columna\" style=\"width: 30%; text-align: center;\"><a class=\"boto_taula\" style=\"color: #000000; height: 30px; display: flex; align-items: center; justify-content: center;\" href=\"https:\/\/docs.google.com\/spreadsheets\/d\/1gDhl07BfDljwQDgslGg1ra3Mp04Nm3WQcko41p3bV98\/copy\" target=\"_blank\" rel=\"noopener noreferrer\"><span style=\"font-size: 1em;\"><strong>Copieu el document al vostre Drive<\/strong><\/span><\/a><\/div>\n<\/div>\n<div class=\"sites-embed-align-center-wrapping-off\">\n<div class=\"sites-embed-border-off sites-embed sites-embed-full-width\"><\/div>\n<\/div>\n<p><iframe loading=\"lazy\" style=\"border: 0px #ffffff none;\" src=\"https:\/\/docs.google.com\/spreadsheets\/d\/1gDhl07BfDljwQDgslGg1ra3Mp04Nm3WQcko41p3bV98\/pubhtml?headers=false&amp;widget=true\" name=\"myiFrame\" width=\"100%\" height=\"550px\" frameborder=\"1\" marginwidth=\"0px\" marginheight=\"0px\" scrolling=\"no\" allowfullscreen=\"allowfullscreen\"><\/iframe><\/p>\n<h4><strong><span style=\"color: #008080;\">Buidatge del nou curr\u00edculum amb indicadors d&#8217;EDUCACI\u00d3 PRIM\u00c0RIA (TOTES les \u00c0rees).<\/span><\/strong><\/h4>\n<div><\/div>\n<div class=\"fila;\" style=\"display: flex; align-items: center; justify-content: center;\">\n<div class=\"columna\" style=\"width: 30%; text-align: center;\"><a class=\"boto_taula\" style=\"color: #000000; height: 30px; display: flex; align-items: center; justify-content: center;\" href=\"https:\/\/docs.google.com\/spreadsheets\/d\/1qjV2_sI_xGO1axBn7bwpG5TS5XkxbMD0jv4vlyNrUm8\/copy\" target=\"_blank\" rel=\"noopener noreferrer\"><span style=\"font-size: 1em;\"><strong>Copieu el document al vostre Drive<\/strong><\/span><\/a><\/div>\n<\/div>\n<div class=\"sites-embed-align-center-wrapping-off\">\n<div class=\"sites-embed-border-off sites-embed sites-embed-full-width\"><\/div>\n<\/div>\n<p><iframe loading=\"lazy\" style=\"border: 0px #ffffff none;\" src=\"https:\/\/docs.google.com\/spreadsheets\/d\/1qjV2_sI_xGO1axBn7bwpG5TS5XkxbMD0jv4vlyNrUm8\/pubhtml?headers=false&amp;widget=true\" name=\"myiFrame\" width=\"100%\" height=\"850px\" frameborder=\"1\" marginwidth=\"0px\" marginheight=\"0px\" scrolling=\"no\" allowfullscreen=\"allowfullscreen\"><\/iframe><\/p>\n<hr align=\"center\" noshade=\"noshade\" size=\"1\" width=\"100%\" \/>\n<h4>\u00a0<strong><span style=\"color: #008080;\">Buidatge del nou curr\u00edculum amb indicadors d&#8217;EDUCACI\u00d3 SECUND\u00c0RIA (TOTES les Mat\u00e8ries).<\/span><\/strong><\/h4>\n<div><\/div>\n<div class=\"fila;\" style=\"display: flex; align-items: center; justify-content: center;\">\n<div class=\"columna\" style=\"width: 30%; text-align: center;\"><a class=\"boto_taula\" style=\"color: #000000; height: 30px; display: flex; align-items: center; justify-content: center;\" href=\"https:\/\/docs.google.com\/spreadsheets\/d\/15bIZBVCtdovVhVbPtr7rHQ941d4LbLRlW4bN8HtKS80\/copy\" target=\"_blank\" rel=\"noopener noreferrer\"><span style=\"font-size: 1em;\"><strong>Copieu el document al vostre Drive<\/strong><\/span><\/a><\/div>\n<\/div>\n<div class=\"sites-embed-align-center-wrapping-off\">\n<div class=\"sites-embed-border-off sites-embed sites-embed-full-width\"><\/div>\n<\/div>\n<p><iframe loading=\"lazy\" style=\"border: 0px #ffffff none;\" src=\"https:\/\/docs.google.com\/spreadsheets\/d\/15bIZBVCtdovVhVbPtr7rHQ941d4LbLRlW4bN8HtKS80\/pubhtml?headers=false&amp;widget=true\" name=\"myiFrame\" width=\"100%\" height=\"1175px\" frameborder=\"1\" marginwidth=\"0px\" marginheight=\"0px\" scrolling=\"no\" allowfullscreen=\"allowfullscreen\"><\/iframe><\/p>\n","protected":false},"excerpt":{"rendered":"<p>En proc\u00e9s de c\u00e0rrega\u00a0El nou curr\u00edculum, una aproximaci\u00f3 al seu desplegament de l&#8217;\u00e0rea de medi.\u00a0Per si \u00e9s del vostre inter\u00e8s, hem passat en format Excel \u201cen un sol full\u201d les diferents compet\u00e8ncies espec\u00edfiques i sabers de l\u2019\u00e0rea de Medi per tal de facilitar la seva lectura, interpretaci\u00f3 i comparativa. Per a qualsevol aclariment no dubteu [&hellip;]<\/p>\n","protected":false},"author":4,"featured_media":0,"parent":15885,"menu_order":0,"comment_status":"closed","ping_status":"closed","template":"","meta":{"_bbp_topic_count":0,"_bbp_reply_count":0,"_bbp_total_topic_count":0,"_bbp_total_reply_count":0,"_bbp_voice_count":0,"_bbp_anonymous_reply_count":0,"_bbp_topic_count_hidden":0,"_bbp_reply_count_hidden":0,"_bbp_forum_subforum_count":0,"site-sidebar-layout":"default","site-content-layout":"","ast-site-content-layout":"","site-content-style":"default","site-sidebar-style":"default","ast-global-header-display":"","ast-banner-title-visibility":"","ast-main-header-display":"","ast-hfb-above-header-display":"","ast-hfb-below-header-display":"","ast-hfb-mobile-header-display":"","site-post-title":"","ast-breadcrumbs-content":"","ast-featured-img":"","footer-sml-layout":"","theme-transparent-header-meta":"","adv-header-id-meta":"","stick-header-meta":"","header-above-stick-meta":"","header-main-stick-meta":"","header-below-stick-meta":"","astra-migrate-meta-layouts":"default","ast-page-background-enabled":"default","ast-page-background-meta":{"desktop":{"background-color":"var(--ast-global-color-4)","background-image":"","background-repeat":"repeat","background-position":"center center","background-size":"auto","background-attachment":"scroll","background-type":"","background-media":"","overlay-type":"","overlay-color":"","overlay-opacity":"","overlay-gradient":""},"tablet":{"background-color":"","background-image":"","background-repeat":"repeat","background-position":"center center","background-size":"auto","background-attachment":"scroll","background-type":"","background-media":"","overlay-type":"","overlay-color":"","overlay-opacity":"","overlay-gradient":""},"mobile":{"background-color":"","background-image":"","background-repeat":"repeat","background-position":"center center","background-size":"auto","background-attachment":"scroll","background-type":"","background-media":"","overlay-type":"","overlay-color":"","overlay-opacity":"","overlay-gradient":""}},"ast-content-background-meta":{"desktop":{"background-color":"var(--ast-global-color-5)","background-image":"","background-repeat":"repeat","background-position":"center center","background-size":"auto","background-attachment":"scroll","background-type":"","background-media":"","overlay-type":"","overlay-color":"","overlay-opacity":"","overlay-gradient":""},"tablet":{"background-color":"var(--ast-global-color-5)","background-image":"","background-repeat":"repeat","background-position":"center center","background-size":"auto","background-attachment":"scroll","background-type":"","background-media":"","overlay-type":"","overlay-color":"","overlay-opacity":"","overlay-gradient":""},"mobile":{"background-color":"var(--ast-global-color-5)","background-image":"","background-repeat":"repeat","background-position":"center center","background-size":"auto","background-attachment":"scroll","background-type":"","background-media":"","overlay-type":"","overlay-color":"","overlay-opacity":"","overlay-gradient":""}},"footnotes":""},"class_list":["post-18848","page","type-page","status-publish","hentry"],"post_mailing_queue_ids":[],"_links":{"self":[{"href":"https:\/\/serveiseducatius.xtec.cat\/altemporda\/wp-json\/wp\/v2\/pages\/18848","targetHints":{"allow":["GET"]}}],"collection":[{"href":"https:\/\/serveiseducatius.xtec.cat\/altemporda\/wp-json\/wp\/v2\/pages"}],"about":[{"href":"https:\/\/serveiseducatius.xtec.cat\/altemporda\/wp-json\/wp\/v2\/types\/page"}],"author":[{"embeddable":true,"href":"https:\/\/serveiseducatius.xtec.cat\/altemporda\/wp-json\/wp\/v2\/users\/4"}],"replies":[{"embeddable":true,"href":"https:\/\/serveiseducatius.xtec.cat\/altemporda\/wp-json\/wp\/v2\/comments?post=18848"}],"version-history":[{"count":4,"href":"https:\/\/serveiseducatius.xtec.cat\/altemporda\/wp-json\/wp\/v2\/pages\/18848\/revisions"}],"predecessor-version":[{"id":20271,"href":"https:\/\/serveiseducatius.xtec.cat\/altemporda\/wp-json\/wp\/v2\/pages\/18848\/revisions\/20271"}],"up":[{"embeddable":true,"href":"https:\/\/serveiseducatius.xtec.cat\/altemporda\/wp-json\/wp\/v2\/pages\/15885"}],"wp:attachment":[{"href":"https:\/\/serveiseducatius.xtec.cat\/altemporda\/wp-json\/wp\/v2\/media?parent=18848"}],"curies":[{"name":"wp","href":"https:\/\/api.w.org\/{rel}","templated":true}]}}