{"id":18746,"date":"2022-12-12T08:59:01","date_gmt":"2022-12-12T07:59:01","guid":{"rendered":"https:\/\/serveiseducatius.xtec.cat\/altemporda\/?page_id=18746"},"modified":"2024-11-06T10:52:05","modified_gmt":"2024-11-06T09:52:05","slug":"woman-day","status":"publish","type":"page","link":"https:\/\/serveiseducatius.xtec.cat\/altemporda\/english-time\/woman-day\/","title":{"rendered":"Women&#8217;s Day"},"content":{"rendered":"<p><img loading=\"lazy\" decoding=\"async\" class=\" wp-image-23270 alignleft\" src=\"https:\/\/serveiseducatius.xtec.cat\/altemporda\/wp-content\/uploads\/usu1156\/2024\/05\/teterafrida.png\" alt=\"\" width=\"254\" height=\"254\" srcset=\"https:\/\/serveiseducatius.xtec.cat\/altemporda\/wp-content\/uploads\/usu1156\/2024\/05\/teterafrida.png 200w, https:\/\/serveiseducatius.xtec.cat\/altemporda\/wp-content\/uploads\/usu1156\/2024\/05\/teterafrida-150x150.png 150w\" sizes=\"auto, (max-width: 254px) 100vw, 254px\" \/><\/p>\n<p dir=\"ltr\">En el marc del mes de mar\u00e7 pel dia 8-M, l\u2019equip de treball en llengua anglesa d\u2019ET Alt Empord\u00e0, davant la impossibilitat de celebrar la multitudin\u00e0ria Masterclass, prepara un congr\u00e9s virtual on els nois i noies de 2n d\u2019ESO exposaran en angl\u00e8s els seus treballs i recerques fetes abans o els dies posteriors al 8-M, i intercanviaran opinions i experi\u00e8ncies en una trobada virtual, anomenada <a href=\"https:\/\/serveiseducatius.xtec.cat\/altemporda\/english-time\/woman-day\/first-virtual-congress\/\" target=\"_blank\" rel=\"noopener\"><strong>English Time for Women \u2013 First Virtual Congress<\/strong><\/a>. Per tal de fer-ho possible, l\u2019equip de treball ha dissenyat, juntament amb el CRP, una plataforma on els joves es trobaran alhora, talment com un congr\u00e9s, amb l\u2019objectiu de veure altres treballs d\u2019altres centres i compartir amb ells les seves impressions (un intercanvi ling\u00fc\u00edstic pr\u00e8viament estructurat i assajat a l\u2019aula).<\/p>\n<p dir=\"ltr\">Aquest congr\u00e9s tindria lloc el pr\u00f2xim dia 19 de mar\u00e7, de 8:30 a 10:20 hores, i hi participen els centres implicats en el projecte ET que s\u00f3n: INS Vilafant, INS Empuriabrava, La Salle, INS Narc\u00eds Monturiol i INS Cendrassos. La plataforma quedar\u00e0 a la p\u00e0gina web de l\u2019English time, CRP i en els diferents portals web de cada centre.<\/p>\n<p>&nbsp;<\/p>\n<div class=\"fila;\" style=\"display: flex; align-items: center; justify-content: center;\">\n<div class=\"columna\" style=\"width: 25%; text-align: center;\"><a class=\"boto_taula\" style=\"color: #000000; height: 60px; display: flex; align-items: center; justify-content: center;\" href=\"https:\/\/serveiseducatius.xtec.cat\/altemporda\/english-time\/woman-day\/first-virtual-congress\/\" target=\"_blank\" rel=\"noopener noreferrer\"><span style=\"font-size: 1.25em;\"><strong>1st virtual congress<\/strong><\/span><\/a><\/div>\n<div class=\"columna\" style=\"width: 25%; text-align: center;\"><a class=\"boto_taula\" style=\"color: #000000; height: 60px; display: flex; align-items: center; justify-content: center;\" href=\"https:\/\/serveiseducatius.xtec.cat\/altemporda\/portada\/english-time-for-women-2\/\" target=\"_blank\" rel=\"noopener noreferrer\"><span style=\"font-size: 1.25em;\"><strong>WD 2022<\/strong><\/span><\/a><\/div>\n<div class=\"columna\" style=\"width: 25%; text-align: center;\"><a class=\"boto_taula\" style=\"color: #000000; height: 60px; display: flex; align-items: center; justify-content: center;\" href=\"https:\/\/serveiseducatius.xtec.cat\/altemporda\/english-time\/woman-day\/womens-day-2023\/\" target=\"_blank\" rel=\"noopener noreferrer\"><span style=\"font-size: 1.25em;\"><strong>WD 2023<\/strong><\/span><\/a><\/div>\n<\/div>\n<hr>\n<p><strong>Enlla\u00e7os d\u2019inter\u00e8s Dia de la Dona<\/strong><\/p>\n<p dir=\"ltr\"><a href=\"http:\/\/xtec.gencat.cat\/ca\/centres\/celebracions\/2021\/dia-internacional-de-les-dones-2021\/\" target=\"_blank\" rel=\"noopener noreferrer\">Dia Internacional de les Dones 2021<\/a><\/p>\n<p dir=\"ltr\">En aquesta p\u00e0gina de la XTEC trobareu diferents activitats per visibilitzar i conscienciar l\u2019alumnat i tota la comunitat educativa sobre els drets de les dones i la necessitat de la corresponsabilitat en les tasques de cura.<\/p>\n<div class=\"NG-menu__wrapper_title\">\n<p class=\"NG-menu__title\"><a href=\"https:\/\/dones.gencat.cat\/ca\/ambits\/campanyes\/8m-dia-internacional-dones\/\" target=\"_blank\" rel=\"noopener noreferrer\">Campanya\u00a0<strong>\u201cDones i homes, corresponsables! #Som8deMar\u00e7 #SomCorresponsables\u201d<\/strong><\/a><\/p>\n<\/div>\n<div class=\"NG-menu__wrapper_title2\">\n<p>En el marc de la commemoraci\u00f3 del Dia Internacional de les Dones, des de l\u2019Institut Catal\u00e0 de les Dones centren les reivindicacions en com la pand\u00e8mia de la Covid-19 ha posat de relleu de forma especialment punyent les greus discriminacions que encara s\u2019exerceixen sobre les dones.<\/p>\n<p class=\"titol\"><a href=\"https:\/\/www.ccma.cat\/tv3\/super3\/infok\/\" target=\"_blank\" rel=\"noopener noreferrer\">\u201cInfoK\u201d: especial Dia de les Dones<\/a><\/p>\n<p>Dilluns, 8 de mar\u00e7 a les 20 h, l\u2019InfoK\u00a0oferir\u00e0 una edici\u00f3 monogr\u00e0fica, dedicada a les dones, que\u00a0<strong>explicar\u00e0 fets hist\u00f2rics al voltant del Dia Internacional de les Dones<\/strong>: presentar\u00e0 un v\u00eddeo animat de producci\u00f3 pr\u00f2pia per entendre els conceptes clau de la commemoraci\u00f3, des de l\u2019origen de les reivindicacions, amb les sufragistes, fins als s\u00edmbols que la identifiquen, com el lla\u00e7 lila i el cartell de la noia ensenyant el bra\u00e7.<\/p>\n<p><a href=\"https:\/\/reimaginat.observatoridelesdones.org\/que-es\/\" target=\"_blank\" rel=\"noopener noreferrer\">Reimagina\u2018t: v\u00eddeos lliures de sexisme<\/a><\/p>\n<p>\u00c9s una iniciativa de l\u2019<a href=\"https:\/\/www.observatoridelesdones.org\/\"><strong>Observatori de les dones en els mitjans de comunicaci\u00f3<\/strong><\/a>\u00a0que impulsa la creaci\u00f3 i la difusi\u00f3 de v\u00eddeos lliures d\u2019estereotips sexistes realitzats per joves i dirigits al p\u00fablic jove a trav\u00e9s d\u2019un concurs. Podeu trobar material de suport i consultar a l\u2019arxiu les creacions audiovisuals guanyadores de les diferents edicions que poden servir com a treball a l\u2019aula.<\/p>\n<p><a href=\"https:\/\/bibliotecavirtual.diba.cat\/diadones\" target=\"_blank\" rel=\"noopener noreferrer\">Biblioteca virtual. Dia Internacional de les Dones.<\/a><\/p>\n<p>La Biblioteca Virtual ofereix diversos recursos informatius dels prestatges virtuals elaborats per les biblioteques de la Xarxa de Biblioteques Municipals i l\u2019<a href=\"http:\/\/www.diba.cat\/web\/dones\" target=\"_blank\" rel=\"noopener noreferrer\">Oficina de les Dones i LGTBI<\/a>\u00a0de la Diputaci\u00f3 de Barcelona.<\/p>\n<p class=\"ixu-heading sel-doc-info-title ixu-heading--small\"><a href=\"https:\/\/issuu.com\/patioscoeducativos\/docs\/llibre-patiscoeducatius_31-03-2020_cat_versioonlin\" target=\"_blank\" rel=\"noopener noreferrer\">Patis coeducatius. Guia per a la transformaci\u00f3 feminista dels espais educatius.<\/a><\/p>\n<p>\u00c9s una proposta metodol\u00f2gica per al canvi i la reflexi\u00f3 que ofereix eines per posar una mirada feminista al pati de l\u2019escola i treballar en la transformaci\u00f3 coeducativa de l\u2019escola i dels espais educatius.<\/p>\n<\/div>\n<div class=\"addtoany_share_save_container addtoany_content addtoany_content_bottom\"><a href=\"https:\/\/sites.google.com\/xtec.cat\/englishtimeforwomen\" target=\"_blank\" rel=\"noopener\">https:\/\/sites.google.com\/xtec.cat\/englishtimeforwomen<\/a><\/div>\n","protected":false},"excerpt":{"rendered":"<p>En el marc del mes de mar\u00e7 pel dia 8-M, l\u2019equip de treball en llengua anglesa d\u2019ET Alt Empord\u00e0, davant la impossibilitat de celebrar la multitudin\u00e0ria Masterclass, prepara un congr\u00e9s virtual on els nois i noies de 2n d\u2019ESO exposaran en angl\u00e8s els seus treballs i recerques fetes abans o els dies posteriors al 8-M, [&hellip;]<\/p>\n","protected":false},"author":4,"featured_media":0,"parent":18734,"menu_order":0,"comment_status":"closed","ping_status":"closed","template":"","meta":{"_bbp_topic_count":0,"_bbp_reply_count":0,"_bbp_total_topic_count":0,"_bbp_total_reply_count":0,"_bbp_voice_count":0,"_bbp_anonymous_reply_count":0,"_bbp_topic_count_hidden":0,"_bbp_reply_count_hidden":0,"_bbp_forum_subforum_count":0,"site-sidebar-layout":"default","site-content-layout":"","ast-site-content-layout":"","site-content-style":"default","site-sidebar-style":"default","ast-global-header-display":"","ast-banner-title-visibility":"","ast-main-header-display":"","ast-hfb-above-header-display":"","ast-hfb-below-header-display":"","ast-hfb-mobile-header-display":"","site-post-title":"","ast-breadcrumbs-content":"","ast-featured-img":"","footer-sml-layout":"","theme-transparent-header-meta":"","adv-header-id-meta":"","stick-header-meta":"","header-above-stick-meta":"","header-main-stick-meta":"","header-below-stick-meta":"","astra-migrate-meta-layouts":"default","ast-page-background-enabled":"default","ast-page-background-meta":{"desktop":{"background-color":"var(--ast-global-color-4)","background-image":"","background-repeat":"repeat","background-position":"center center","background-size":"auto","background-attachment":"scroll","background-type":"","background-media":"","overlay-type":"","overlay-color":"","overlay-opacity":"","overlay-gradient":""},"tablet":{"background-color":"","background-image":"","background-repeat":"repeat","background-position":"center center","background-size":"auto","background-attachment":"scroll","background-type":"","background-media":"","overlay-type":"","overlay-color":"","overlay-opacity":"","overlay-gradient":""},"mobile":{"background-color":"","background-image":"","background-repeat":"repeat","background-position":"center center","background-size":"auto","background-attachment":"scroll","background-type":"","background-media":"","overlay-type":"","overlay-color":"","overlay-opacity":"","overlay-gradient":""}},"ast-content-background-meta":{"desktop":{"background-color":"var(--ast-global-color-5)","background-image":"","background-repeat":"repeat","background-position":"center center","background-size":"auto","background-attachment":"scroll","background-type":"","background-media":"","overlay-type":"","overlay-color":"","overlay-opacity":"","overlay-gradient":""},"tablet":{"background-color":"var(--ast-global-color-5)","background-image":"","background-repeat":"repeat","background-position":"center center","background-size":"auto","background-attachment":"scroll","background-type":"","background-media":"","overlay-type":"","overlay-color":"","overlay-opacity":"","overlay-gradient":""},"mobile":{"background-color":"var(--ast-global-color-5)","background-image":"","background-repeat":"repeat","background-position":"center center","background-size":"auto","background-attachment":"scroll","background-type":"","background-media":"","overlay-type":"","overlay-color":"","overlay-opacity":"","overlay-gradient":""}},"footnotes":""},"class_list":["post-18746","page","type-page","status-publish","hentry"],"post_mailing_queue_ids":[],"_links":{"self":[{"href":"https:\/\/serveiseducatius.xtec.cat\/altemporda\/wp-json\/wp\/v2\/pages\/18746","targetHints":{"allow":["GET"]}}],"collection":[{"href":"https:\/\/serveiseducatius.xtec.cat\/altemporda\/wp-json\/wp\/v2\/pages"}],"about":[{"href":"https:\/\/serveiseducatius.xtec.cat\/altemporda\/wp-json\/wp\/v2\/types\/page"}],"author":[{"embeddable":true,"href":"https:\/\/serveiseducatius.xtec.cat\/altemporda\/wp-json\/wp\/v2\/users\/4"}],"replies":[{"embeddable":true,"href":"https:\/\/serveiseducatius.xtec.cat\/altemporda\/wp-json\/wp\/v2\/comments?post=18746"}],"version-history":[{"count":6,"href":"https:\/\/serveiseducatius.xtec.cat\/altemporda\/wp-json\/wp\/v2\/pages\/18746\/revisions"}],"predecessor-version":[{"id":24100,"href":"https:\/\/serveiseducatius.xtec.cat\/altemporda\/wp-json\/wp\/v2\/pages\/18746\/revisions\/24100"}],"up":[{"embeddable":true,"href":"https:\/\/serveiseducatius.xtec.cat\/altemporda\/wp-json\/wp\/v2\/pages\/18734"}],"wp:attachment":[{"href":"https:\/\/serveiseducatius.xtec.cat\/altemporda\/wp-json\/wp\/v2\/media?parent=18746"}],"curies":[{"name":"wp","href":"https:\/\/api.w.org\/{rel}","templated":true}]}}