{"id":18674,"date":"2022-11-28T16:13:30","date_gmt":"2022-11-28T15:13:30","guid":{"rendered":"https:\/\/serveiseducatius.xtec.cat\/altemporda\/?page_id=18674"},"modified":"2022-11-29T08:43:46","modified_gmt":"2022-11-29T07:43:46","slug":"biolectures-colleccio-tdr","status":"publish","type":"page","link":"https:\/\/serveiseducatius.xtec.cat\/altemporda\/xarxa-descoles-del-pn-cap-de-creus\/biolectures\/biolectures-colleccio-tdr\/","title":{"rendered":"BioLectures: Col\u00b7lecci\u00f3 TdR"},"content":{"rendered":"<p style=\"text-align: justify;\">\u00a0 \u00a0 \u00a0 \u00a0 \u00a0 En aquest espai hi trobareu els diferents<strong> treballs de recerca (TdR)<\/strong> que l&#8217;alumnat de batxillerat de la comarca ha anat realitzant al llarg dels anys sobre el <strong>parc natural de Cap de Creus.<\/strong><br \/>\nAlguns dels treballs han estat seleccionats per a ser exposats al <strong><a href=\"https:\/\/serveiseducatius.xtec.cat\/altemporda\/forum-de-treballs-de-recerca-ftr\/\" target=\"_blank\" rel=\"noopener\">F\u00f2rum de treballs de recerca de l&#8217;Alt Empord\u00e0<\/a> <\/strong>i han estat premiats per diferents administracions, entitats i universitats de Catalunya.<\/p>\n<p style=\"text-align: justify;\">\u00a0 \u00a0 \u00a0 \u00a0 El treball de recerca de batxillerat ha estat la font d&#8217;inspiraci\u00f3 de futurs investigadors. Com \u00e9s el cas d&#8217;en <strong><a href=\"https:\/\/serveiseducatius.xtec.cat\/altemporda\/forum-de-treballs-de-recerca-ftr\/historic-de-forums-tdr\/xii-forum-de-treballs-de-recerca-2020\/\" target=\"_blank\" rel=\"noopener\">Marc Gim\u00e9nez Maranges<\/a><\/strong> exalumne de l&#8217;institut de Llan\u00e7\u00e0. Doctor en ci\u00e8ncies naturals amb &#8220;Gesti\u00f3 sostenible de l&#8217;aigua en zones urbanes&#8221; i professor de la universitat de Salzburg (\u00c0ustria) que l&#8217;any 2010 va fer la seva recerca dins l&#8217;\u00e0mbit del parc natural de Cap de Creus amb el treball: <strong><a href=\"http:\/\/sealtemporda.eu\/forum_tr\/2010\/05.pdf\" target=\"_blank\" rel=\"noopener\">Estudi de les plantes invasores i de les plantes end\u00e8miques del nostre litoral.<\/a><\/strong><\/p>\n<p><strong>Treballs de recerca de l\u2019alumnat de Batxillerat de l&#8217;Alt Empord\u00e0. <\/strong><span style=\"color: #ff0000; font-size: 10pt;\"><em>Nom\u00e9s consultables en pdf<\/em><\/span><\/p>\n<ul>\n<li>Berta Gonz\u00e1lez Velasco (2022)\u00a0 \u00a0 <a href=\"http:\/\/sealtemporda.eu\/forum_tr\/2022\/05.pdf\">El &#8220;Gamb\u00ed&#8221; clim\u00e0tic. <\/a>Institut Cap Norfeu. Roses<\/li>\n<li>N\u00faria Dumanj\u00f3 Andreu (2022)<a class=\"waffle-rich-text-link\" href=\"http:\/\/sealtemporda.eu\/forum_tr\/2022\/22.pdf\" target=\"_blank\" rel=\"noopener\" data-sheets-formula-bar-text-link=\"http:\/\/sealtemporda.eu\/forum_tr\/2022\/22.pdf\" data-sheets-formula-bar-text-style=\"font-size:17px;color:#1155cc;font-weight:bold;text-decoration:underline;font-family:'Arial';font-style:italic;text-decoration-skip-ink:none;\"> Despr\u00e9s de les flames. L&#8217;impacte del foc i la gesti\u00f3 en la regeneraci\u00f3 de les suredes de l&#8217;Alt Empord\u00e0. <\/a>Institut Ramon Muntaner. Figueres<\/li>\n<li>Gemma Noguer Alav\u00e9s (2018)\u00a0<a href=\"https:\/\/drive.google.com\/file\/d\/1QxYNkyJQGxmQfOJKmg3_hCF-qKZzWTDR\/preview\" target=\"_blank\" rel=\"noopener\"><em>Paratge de Tudela. La immensa catedral geol\u00f2gica<\/em><\/a>. Institut Cap Norfeu. Roses<\/li>\n<li>Pep Clotas Jugl\u00e0 (2011) <a href=\"http:\/\/sealtemporda.eu\/forum_tr\/2011\/02.pdf\" target=\"_blank\" rel=\"noopener\">L&#8217;art dels mestres d&#8217;Aixa<\/a>. Institut de Castell\u00f3 d&#8217;Emp\u00faries<\/li>\n<li>Guillem Carrion Teixid\u00f3 (2011) <a href=\"http:\/\/sealtemporda.eu\/forum_tr\/2011\/06.pdf\" target=\"_blank\" rel=\"noopener\">El m\u00f3n de les fractals i el c\u00e0lcul de la dimensi\u00f3 fractal del Cap de Creus. <\/a>Institut Illa de Rodes.<\/li>\n<li>Sara Palmada (2011)\u00a0<a href=\"https:\/\/drive.google.com\/file\/d\/188u72IdAfgsVDdA9uW7p77aEn7VAxbtR\/preview\" target=\"_blank\" rel=\"noopener\">Pla de Tudela. Igual que abans?<\/a>\u00a0Institut Olivar Gran. Figueres<\/li>\n<li>Marc Gim\u00e9nez Maranges (2010) <a href=\"http:\/\/sealtemporda.eu\/forum_tr\/2010\/05.pdf\" target=\"_blank\" rel=\"noopener\">Estudi de les plantes invasores i de les plantes end\u00e8miques del nostre litoral. <\/a>Institut de Llan\u00e7\u00e0<\/li>\n<li>Marta Garcia Montecino (2009)<a href=\"https:\/\/www.google.com\/url?q=http:\/\/sealtemporda.eu\/forum_tr\/2009\/05.pdf&amp;sa=D&amp;source=editors&amp;ust=1669653029835169&amp;usg=AOvVaw3ZJSG_ti3-b-UoxRKaU5N8\" target=\"_blank\" rel=\"noopener noreferrer\">Estudi sobre la proliferaci\u00f3 de les meduses a les platges de Roses. <\/a>Institut Illa de Rodes. Roses<\/li>\n<\/ul>\n","protected":false},"excerpt":{"rendered":"<p>\u00a0 \u00a0 \u00a0 \u00a0 \u00a0 En aquest espai hi trobareu els diferents treballs de recerca (TdR) que l&#8217;alumnat de batxillerat de la comarca ha anat realitzant al llarg dels anys sobre el parc natural de Cap de Creus. Alguns dels treballs han estat seleccionats per a ser exposats al F\u00f2rum de treballs de recerca de [&hellip;]<\/p>\n","protected":false},"author":1,"featured_media":0,"parent":15967,"menu_order":0,"comment_status":"closed","ping_status":"closed","template":"","meta":{"_bbp_topic_count":0,"_bbp_reply_count":0,"_bbp_total_topic_count":0,"_bbp_total_reply_count":0,"_bbp_voice_count":0,"_bbp_anonymous_reply_count":0,"_bbp_topic_count_hidden":0,"_bbp_reply_count_hidden":0,"_bbp_forum_subforum_count":0,"site-sidebar-layout":"default","site-content-layout":"","ast-site-content-layout":"","site-content-style":"default","site-sidebar-style":"default","ast-global-header-display":"","ast-banner-title-visibility":"","ast-main-header-display":"","ast-hfb-above-header-display":"","ast-hfb-below-header-display":"","ast-hfb-mobile-header-display":"","site-post-title":"","ast-breadcrumbs-content":"","ast-featured-img":"","footer-sml-layout":"","theme-transparent-header-meta":"","adv-header-id-meta":"","stick-header-meta":"","header-above-stick-meta":"","header-main-stick-meta":"","header-below-stick-meta":"","astra-migrate-meta-layouts":"default","ast-page-background-enabled":"default","ast-page-background-meta":{"desktop":{"background-color":"var(--ast-global-color-4)","background-image":"","background-repeat":"repeat","background-position":"center center","background-size":"auto","background-attachment":"scroll","background-type":"","background-media":"","overlay-type":"","overlay-color":"","overlay-opacity":"","overlay-gradient":""},"tablet":{"background-color":"","background-image":"","background-repeat":"repeat","background-position":"center center","background-size":"auto","background-attachment":"scroll","background-type":"","background-media":"","overlay-type":"","overlay-color":"","overlay-opacity":"","overlay-gradient":""},"mobile":{"background-color":"","background-image":"","background-repeat":"repeat","background-position":"center center","background-size":"auto","background-attachment":"scroll","background-type":"","background-media":"","overlay-type":"","overlay-color":"","overlay-opacity":"","overlay-gradient":""}},"ast-content-background-meta":{"desktop":{"background-color":"var(--ast-global-color-5)","background-image":"","background-repeat":"repeat","background-position":"center center","background-size":"auto","background-attachment":"scroll","background-type":"","background-media":"","overlay-type":"","overlay-color":"","overlay-opacity":"","overlay-gradient":""},"tablet":{"background-color":"var(--ast-global-color-5)","background-image":"","background-repeat":"repeat","background-position":"center center","background-size":"auto","background-attachment":"scroll","background-type":"","background-media":"","overlay-type":"","overlay-color":"","overlay-opacity":"","overlay-gradient":""},"mobile":{"background-color":"var(--ast-global-color-5)","background-image":"","background-repeat":"repeat","background-position":"center center","background-size":"auto","background-attachment":"scroll","background-type":"","background-media":"","overlay-type":"","overlay-color":"","overlay-opacity":"","overlay-gradient":""}},"footnotes":""},"class_list":["post-18674","page","type-page","status-publish","hentry"],"post_mailing_queue_ids":[],"_links":{"self":[{"href":"https:\/\/serveiseducatius.xtec.cat\/altemporda\/wp-json\/wp\/v2\/pages\/18674","targetHints":{"allow":["GET"]}}],"collection":[{"href":"https:\/\/serveiseducatius.xtec.cat\/altemporda\/wp-json\/wp\/v2\/pages"}],"about":[{"href":"https:\/\/serveiseducatius.xtec.cat\/altemporda\/wp-json\/wp\/v2\/types\/page"}],"author":[{"embeddable":true,"href":"https:\/\/serveiseducatius.xtec.cat\/altemporda\/wp-json\/wp\/v2\/users\/1"}],"replies":[{"embeddable":true,"href":"https:\/\/serveiseducatius.xtec.cat\/altemporda\/wp-json\/wp\/v2\/comments?post=18674"}],"version-history":[{"count":4,"href":"https:\/\/serveiseducatius.xtec.cat\/altemporda\/wp-json\/wp\/v2\/pages\/18674\/revisions"}],"predecessor-version":[{"id":18685,"href":"https:\/\/serveiseducatius.xtec.cat\/altemporda\/wp-json\/wp\/v2\/pages\/18674\/revisions\/18685"}],"up":[{"embeddable":true,"href":"https:\/\/serveiseducatius.xtec.cat\/altemporda\/wp-json\/wp\/v2\/pages\/15967"}],"wp:attachment":[{"href":"https:\/\/serveiseducatius.xtec.cat\/altemporda\/wp-json\/wp\/v2\/media?parent=18674"}],"curies":[{"name":"wp","href":"https:\/\/api.w.org\/{rel}","templated":true}]}}