{"id":18583,"date":"2022-11-23T11:45:06","date_gmt":"2022-11-23T10:45:06","guid":{"rendered":"https:\/\/serveiseducatius.xtec.cat\/altemporda\/?page_id=18583"},"modified":"2022-11-30T09:56:09","modified_gmt":"2022-11-30T08:56:09","slug":"apilo-xii","status":"publish","type":"page","link":"https:\/\/serveiseducatius.xtec.cat\/altemporda\/xarxa-descoles-del-pn-cap-de-creus\/campanyes-ambientals\/apilo-xii\/","title":{"rendered":"Apilo XII"},"content":{"rendered":"<p style=\"text-align: center;\"><img loading=\"lazy\" decoding=\"async\" class=\"wp-image-18587 alignleft\" src=\"https:\/\/serveiseducatius.xtec.cat\/altemporda\/wp-content\/uploads\/usu1156\/2022\/11\/Apilo-XII-1024x722.png\" alt=\"\" width=\"310\" height=\"219\" srcset=\"https:\/\/serveiseducatius.xtec.cat\/altemporda\/wp-content\/uploads\/usu1156\/2022\/11\/Apilo-XII-1024x722.png 1024w, https:\/\/serveiseducatius.xtec.cat\/altemporda\/wp-content\/uploads\/usu1156\/2022\/11\/Apilo-XII-300x212.png 300w, https:\/\/serveiseducatius.xtec.cat\/altemporda\/wp-content\/uploads\/usu1156\/2022\/11\/Apilo-XII-768x542.png 768w, https:\/\/serveiseducatius.xtec.cat\/altemporda\/wp-content\/uploads\/usu1156\/2022\/11\/Apilo-XII.png 1107w\" sizes=\"auto, (max-width: 310px) 100vw, 310px\" \/><strong><span style=\"font-size: 12pt;\">Campanya per fomentar la recollida selectiva de piles: <\/span><\/strong><strong><span style=\"font-size: 12pt;\">&#8220;Missi\u00f3: Les piles al planeta reciclatge&#8221;.<\/span><\/strong><\/p>\n<p style=\"text-align: justify;\">Aquesta campanya t\u00e9 per objectiu fomentar la recollida selectiva de les piles i acumuladors port\u00e0tils i fer visibles els m\u00e9s de 10.000 punts de recollida de piles usades que hi ha a tot el territori, entre supermercats, hipermercats, botigues d\u2019electr\u00f2nica i deixalleries de Catalunya.<\/p>\n<p style=\"text-align: justify;\">La campanya, que \u00e9s finan\u00e7ada \u00edntegrament pels sistemes integrats de gesti\u00f3 ECOPILAS, ERP (European Recycling Platform), UNIBAT i ECOLEC, contempla diferents accions adre\u00e7ades a la ciutadania, a les escoles i als punts de venda.<\/p>\n<p style=\"text-align: justify;\"><strong>ELEMENTS DE LA CAMPANYA<\/strong><\/p>\n<p><img loading=\"lazy\" decoding=\"async\" class=\"size-full wp-image-18589 alignleft\" src=\"https:\/\/serveiseducatius.xtec.cat\/altemporda\/wp-content\/uploads\/usu1156\/2022\/11\/imatge-minirecopilador.JPG_1068404649.jpg\" alt=\"\" width=\"157\" height=\"236\" \/><\/p>\n<ul>\n<li style=\"text-align: justify;\">Encartament als principals diaris d&#8217;un contenidor amb l&#8217;objectiu que aquestes surtin dels calaixos i es recopilin en aquests contenidors provisionalment, per dur-los despr\u00e9s als punts de recollida selectiva.<\/li>\n<li style=\"text-align: justify;\">Elements de senyalitzaci\u00f3 als establiments comercials<\/li>\n<li style=\"text-align: justify;\">En l\u2019<strong>\u00e0mbit escolar<\/strong> es preveu la realitzaci\u00f3 d\u2019un\u00a0<a href=\"https:\/\/www.apilo.cat\/concurs\/\" target=\"_self\" rel=\"noopener\"><span style=\"font-size: 18pt;\">concurs<\/span><\/a> de recollida de piles entre les escoles que s\u2019inscriguin en la campanya, i el repartiment d\u2019un contenidor espec\u00edfic pel concurs, la realitzaci\u00f3 de xerrades formatives a escoles de Catalunya i l\u2019elaboraci\u00f3 de materials de divulgaci\u00f3 adre\u00e7ats a les escoles.<\/li>\n<\/ul>\n<p style=\"text-align: center;\"><a href=\"https:\/\/www.apilo.cat\/concurs\/\" target=\"_blank\" rel=\"noopener\"><span style=\"font-size: 18pt;\"><strong>WEB<\/strong><\/span><\/a><\/p>\n<p>&nbsp;<\/p>\n<p align=\"center\"><iframe loading=\"lazy\" src=\"https:\/\/drive.google.com\/file\/d\/1jL_mZiaoEqSfFtmphuKVQB0_YohethlZ\/preview\" width=\"600\" height=\"850\"><span data-mce-type=\"bookmark\" style=\"display: inline-block; width: 0px; overflow: hidden; line-height: 0;\" class=\"mce_SELRES_start\"><\/span><\/iframe><\/p>\n","protected":false},"excerpt":{"rendered":"<p>Campanya per fomentar la recollida selectiva de piles: &#8220;Missi\u00f3: Les piles al planeta reciclatge&#8221;. Aquesta campanya t\u00e9 per objectiu fomentar la recollida selectiva de les piles i acumuladors port\u00e0tils i fer visibles els m\u00e9s de 10.000 punts de recollida de piles usades que hi ha a tot el territori, entre supermercats, hipermercats, botigues d\u2019electr\u00f2nica i [&hellip;]<\/p>\n","protected":false},"author":4,"featured_media":0,"parent":15169,"menu_order":0,"comment_status":"closed","ping_status":"closed","template":"","meta":{"_bbp_topic_count":0,"_bbp_reply_count":0,"_bbp_total_topic_count":0,"_bbp_total_reply_count":0,"_bbp_voice_count":0,"_bbp_anonymous_reply_count":0,"_bbp_topic_count_hidden":0,"_bbp_reply_count_hidden":0,"_bbp_forum_subforum_count":0,"site-sidebar-layout":"default","site-content-layout":"","ast-site-content-layout":"","site-content-style":"default","site-sidebar-style":"default","ast-global-header-display":"","ast-banner-title-visibility":"","ast-main-header-display":"","ast-hfb-above-header-display":"","ast-hfb-below-header-display":"","ast-hfb-mobile-header-display":"","site-post-title":"","ast-breadcrumbs-content":"","ast-featured-img":"","footer-sml-layout":"","theme-transparent-header-meta":"","adv-header-id-meta":"","stick-header-meta":"","header-above-stick-meta":"","header-main-stick-meta":"","header-below-stick-meta":"","astra-migrate-meta-layouts":"default","ast-page-background-enabled":"default","ast-page-background-meta":{"desktop":{"background-color":"var(--ast-global-color-4)","background-image":"","background-repeat":"repeat","background-position":"center center","background-size":"auto","background-attachment":"scroll","background-type":"","background-media":"","overlay-type":"","overlay-color":"","overlay-opacity":"","overlay-gradient":""},"tablet":{"background-color":"","background-image":"","background-repeat":"repeat","background-position":"center center","background-size":"auto","background-attachment":"scroll","background-type":"","background-media":"","overlay-type":"","overlay-color":"","overlay-opacity":"","overlay-gradient":""},"mobile":{"background-color":"","background-image":"","background-repeat":"repeat","background-position":"center center","background-size":"auto","background-attachment":"scroll","background-type":"","background-media":"","overlay-type":"","overlay-color":"","overlay-opacity":"","overlay-gradient":""}},"ast-content-background-meta":{"desktop":{"background-color":"var(--ast-global-color-5)","background-image":"","background-repeat":"repeat","background-position":"center center","background-size":"auto","background-attachment":"scroll","background-type":"","background-media":"","overlay-type":"","overlay-color":"","overlay-opacity":"","overlay-gradient":""},"tablet":{"background-color":"var(--ast-global-color-5)","background-image":"","background-repeat":"repeat","background-position":"center center","background-size":"auto","background-attachment":"scroll","background-type":"","background-media":"","overlay-type":"","overlay-color":"","overlay-opacity":"","overlay-gradient":""},"mobile":{"background-color":"var(--ast-global-color-5)","background-image":"","background-repeat":"repeat","background-position":"center center","background-size":"auto","background-attachment":"scroll","background-type":"","background-media":"","overlay-type":"","overlay-color":"","overlay-opacity":"","overlay-gradient":""}},"footnotes":""},"class_list":["post-18583","page","type-page","status-publish","hentry"],"post_mailing_queue_ids":[],"_links":{"self":[{"href":"https:\/\/serveiseducatius.xtec.cat\/altemporda\/wp-json\/wp\/v2\/pages\/18583","targetHints":{"allow":["GET"]}}],"collection":[{"href":"https:\/\/serveiseducatius.xtec.cat\/altemporda\/wp-json\/wp\/v2\/pages"}],"about":[{"href":"https:\/\/serveiseducatius.xtec.cat\/altemporda\/wp-json\/wp\/v2\/types\/page"}],"author":[{"embeddable":true,"href":"https:\/\/serveiseducatius.xtec.cat\/altemporda\/wp-json\/wp\/v2\/users\/4"}],"replies":[{"embeddable":true,"href":"https:\/\/serveiseducatius.xtec.cat\/altemporda\/wp-json\/wp\/v2\/comments?post=18583"}],"version-history":[{"count":5,"href":"https:\/\/serveiseducatius.xtec.cat\/altemporda\/wp-json\/wp\/v2\/pages\/18583\/revisions"}],"predecessor-version":[{"id":18687,"href":"https:\/\/serveiseducatius.xtec.cat\/altemporda\/wp-json\/wp\/v2\/pages\/18583\/revisions\/18687"}],"up":[{"embeddable":true,"href":"https:\/\/serveiseducatius.xtec.cat\/altemporda\/wp-json\/wp\/v2\/pages\/15169"}],"wp:attachment":[{"href":"https:\/\/serveiseducatius.xtec.cat\/altemporda\/wp-json\/wp\/v2\/media?parent=18583"}],"curies":[{"name":"wp","href":"https:\/\/api.w.org\/{rel}","templated":true}]}}