{"id":18455,"date":"2022-11-17T09:47:49","date_gmt":"2022-11-17T08:47:49","guid":{"rendered":"https:\/\/serveiseducatius.xtec.cat\/altemporda\/?page_id=18455"},"modified":"2022-11-28T10:29:54","modified_gmt":"2022-11-28T09:29:54","slug":"exposicio-itinerant-del-museu-de-les-matematiques-a-figueres","status":"publish","type":"page","link":"https:\/\/serveiseducatius.xtec.cat\/altemporda\/exposicio-itinerant-del-museu-de-les-matematiques-a-figueres\/","title":{"rendered":"Exposici\u00f3 itinerant del Museu de Matem\u00e0tiques a Figueres"},"content":{"rendered":"<p><a href=\"https:\/\/serveiseducatius.xtec.cat\/altemporda\/wp-content\/uploads\/usu1156\/2022\/11\/mmaca02.jpg\"><img loading=\"lazy\" decoding=\"async\" class=\" wp-image-18468 alignleft\" src=\"https:\/\/serveiseducatius.xtec.cat\/altemporda\/wp-content\/uploads\/usu1156\/2022\/11\/mmaca02.jpg\" alt=\"\" width=\"528\" height=\"354\" srcset=\"https:\/\/serveiseducatius.xtec.cat\/altemporda\/wp-content\/uploads\/usu1156\/2022\/11\/mmaca02.jpg 550w, https:\/\/serveiseducatius.xtec.cat\/altemporda\/wp-content\/uploads\/usu1156\/2022\/11\/mmaca02-300x201.jpg 300w\" sizes=\"auto, (max-width: 528px) 100vw, 528px\" \/><\/a><\/p>\n<p><span style=\"color: #003300;\">Un cop m\u00e9s, el Museu de Matem\u00e0tiques de Catalunya (MMACA) torna a Figueres amb la seva exposici\u00f3 itinerant.\u00a0<\/span><\/p>\n<p><span style=\"color: #003300;\">A iniciativa del professorat de matem\u00e0tiques del\u00a0<b>Grup de treball JUGAMAT\u00a0<\/b>i amb el suport de l&#8217;Ajuntament de Figueres i el Servei educatiu de l&#8217;Alt Empord\u00e0 (SEAE) les matem\u00e0tiques tornaran a omplir la ciutat amb diferents propostes adre\u00e7ades als centres educatius i altres activitats obertes a la ciutadania.<\/span><\/p>\n<p><span style=\"font-weight: 400; color: #003300;\">L&#8217;exposici\u00f3 &#8220;Experi\u00e8ncies matem\u00e0tiques&#8221; s&#8217;ubicar\u00e0 al<span style=\"color: #800000;\"><strong> Castell de Sant Ferran des del 8 de maig fins al 16 de juny del 2023<\/strong><\/span>. Hi haur\u00e0 una part d&#8217;activitats destinada a l&#8217;alumnat de prim\u00e0ria i una altra per a l&#8217;alumnat de secund\u00e0ria i batxillerat.<\/span><\/p>\n<p><span style=\"font-weight: 400; color: #003300;\">L&#8217;exposici\u00f3 es podr\u00e0 visitar en horari concertat pels centres i els dissabtes s&#8217;obrir\u00e0 al p\u00fablic en general pr\u00e8via reserva.<\/span><\/p>\n<p><strong><span style=\"color: #003300;\">Per tenir m\u00e9s informaci\u00f3 de les visites concertades pels centres seleccioneu<\/span> <span style=\"font-size: 14pt;\"><a href=\"https:\/\/serveiseducatius.xtec.cat\/altemporda\/exposicio-itinerant-del-museu-de-les-matematiques-a-figueres\/visites-a-lexposicio-itinerant-mmaca-al-castell-de-sant-ferran\/\">+info<\/a><\/span><\/strong><\/p>\n<p><span style=\"color: #003300;\">Des del 2006, els impulsors de promoure el Museu de Matem\u00e0tiques treballen\u00a0\u00a0per apropar aquest saber a la ciutadania de tot Catalunya, mostrant els seus aspectes l\u00fadics, est\u00e8tics i sorprenents. Tot a\u00a0 partir de l&#8217;experimentaci\u00f3 personal amb els elements com a requisit b\u00e0sic que ens permeti plantejar-nos preguntes, obtenir respostes i arribar a la comprensi\u00f3 dels conceptes.<\/span><\/p>\n<p><span style=\"color: #003300;\">Tots els materials que s&#8217;exposaran han estat dissenyats\/constru\u00efts pel MMACA.\u00a0Representen petits reptes o mostren aspectes poc habituals i sorprenents de la matem\u00e0tica.\u00a0Tenen un car\u00e0cter manipulatiu i l\u00fadic, amb diferents nivells de dificultat, pensats per oferir situacions de col\u00b7laboraci\u00f3 i discussi\u00f3 entre el p\u00fablic visitant\u00a0i no requereixen coneixements espec\u00edfics.<\/span><\/p>\n<p><span style=\"color: #003300;\">Aquesta iniciativa ha arribat a m\u00e9s de 30 poblacions de tot el territori catal\u00e0 i des de l&#8217;any 2013 el MMACA disposa d&#8217;un espai permanent al\u00a0<a style=\"color: #003300;\" href=\"https:\/\/mmaca.cat\/\" target=\"_blank\" rel=\"noopener\" data-saferedirecturl=\"https:\/\/www.google.com\/url?q=https:\/\/mmaca.cat\/&amp;source=gmail&amp;ust=1669363771201000&amp;usg=AOvVaw0Im4EA6FF505eTNBSo2LRd\">Palau Mercader de Cornell\u00e0 de Llobregat<\/a>.<\/span><\/p>\n<p><span style=\"color: #003300;\">Durant els dies que estigui l&#8217;exposici\u00f3 a la ciutat es duran a terme diferents tallers i xerrades per tal de complementar l&#8217;exposici\u00f3.\u00a0<b>[+info].\u00a0<\/b><i><span style=\"font-size: xx-small;\">(<\/span><\/i><i><span style=\"font-size: xx-small;\">Aquesta funcionalitat del web s&#8217;obrir\u00e0\u00a0m\u00e9s endavant).<\/span><\/i><\/span><\/p>\n<div>\n<div><span style=\"color: #003300;\">Us anirem informant a mesura que es vagi concretant el programa. Aix\u00ed i tot,\u00a0us recomanem visualitzar la p\u00e0gina del museu\u00a0<\/span><a href=\"http:\/\/www.mmaca.cat\/\" target=\"_blank\" rel=\"noopener\" data-saferedirecturl=\"https:\/\/www.google.com\/url?q=http:\/\/www.mmaca.cat&amp;source=gmail&amp;ust=1669363771201000&amp;usg=AOvVaw1I_-DYL5CzdUIDFg0e9fe6\">http:\/\/www.mmaca.cat<\/a><\/div>\n<div><\/div>\n<\/div>\n","protected":false},"excerpt":{"rendered":"<p>Un cop m\u00e9s, el Museu de Matem\u00e0tiques de Catalunya (MMACA) torna a Figueres amb la seva exposici\u00f3 itinerant.\u00a0 A iniciativa del professorat de matem\u00e0tiques del\u00a0Grup de treball JUGAMAT\u00a0i amb el suport de l&#8217;Ajuntament de Figueres i el Servei educatiu de l&#8217;Alt Empord\u00e0 (SEAE) les matem\u00e0tiques tornaran a omplir la ciutat amb diferents propostes adre\u00e7ades als [&hellip;]<\/p>\n","protected":false},"author":14,"featured_media":0,"parent":0,"menu_order":0,"comment_status":"closed","ping_status":"closed","template":"","meta":{"_bbp_topic_count":0,"_bbp_reply_count":0,"_bbp_total_topic_count":0,"_bbp_total_reply_count":0,"_bbp_voice_count":0,"_bbp_anonymous_reply_count":0,"_bbp_topic_count_hidden":0,"_bbp_reply_count_hidden":0,"_bbp_forum_subforum_count":0,"site-sidebar-layout":"default","site-content-layout":"","ast-site-content-layout":"","site-content-style":"default","site-sidebar-style":"default","ast-global-header-display":"","ast-banner-title-visibility":"","ast-main-header-display":"","ast-hfb-above-header-display":"","ast-hfb-below-header-display":"","ast-hfb-mobile-header-display":"","site-post-title":"","ast-breadcrumbs-content":"","ast-featured-img":"","footer-sml-layout":"","theme-transparent-header-meta":"","adv-header-id-meta":"","stick-header-meta":"","header-above-stick-meta":"","header-main-stick-meta":"","header-below-stick-meta":"","astra-migrate-meta-layouts":"default","ast-page-background-enabled":"default","ast-page-background-meta":{"desktop":{"background-color":"var(--ast-global-color-4)","background-image":"","background-repeat":"repeat","background-position":"center center","background-size":"auto","background-attachment":"scroll","background-type":"","background-media":"","overlay-type":"","overlay-color":"","overlay-opacity":"","overlay-gradient":""},"tablet":{"background-color":"","background-image":"","background-repeat":"repeat","background-position":"center center","background-size":"auto","background-attachment":"scroll","background-type":"","background-media":"","overlay-type":"","overlay-color":"","overlay-opacity":"","overlay-gradient":""},"mobile":{"background-color":"","background-image":"","background-repeat":"repeat","background-position":"center center","background-size":"auto","background-attachment":"scroll","background-type":"","background-media":"","overlay-type":"","overlay-color":"","overlay-opacity":"","overlay-gradient":""}},"ast-content-background-meta":{"desktop":{"background-color":"var(--ast-global-color-5)","background-image":"","background-repeat":"repeat","background-position":"center center","background-size":"auto","background-attachment":"scroll","background-type":"","background-media":"","overlay-type":"","overlay-color":"","overlay-opacity":"","overlay-gradient":""},"tablet":{"background-color":"var(--ast-global-color-5)","background-image":"","background-repeat":"repeat","background-position":"center center","background-size":"auto","background-attachment":"scroll","background-type":"","background-media":"","overlay-type":"","overlay-color":"","overlay-opacity":"","overlay-gradient":""},"mobile":{"background-color":"var(--ast-global-color-5)","background-image":"","background-repeat":"repeat","background-position":"center center","background-size":"auto","background-attachment":"scroll","background-type":"","background-media":"","overlay-type":"","overlay-color":"","overlay-opacity":"","overlay-gradient":""}},"footnotes":""},"class_list":["post-18455","page","type-page","status-publish","hentry"],"post_mailing_queue_ids":[],"_links":{"self":[{"href":"https:\/\/serveiseducatius.xtec.cat\/altemporda\/wp-json\/wp\/v2\/pages\/18455","targetHints":{"allow":["GET"]}}],"collection":[{"href":"https:\/\/serveiseducatius.xtec.cat\/altemporda\/wp-json\/wp\/v2\/pages"}],"about":[{"href":"https:\/\/serveiseducatius.xtec.cat\/altemporda\/wp-json\/wp\/v2\/types\/page"}],"author":[{"embeddable":true,"href":"https:\/\/serveiseducatius.xtec.cat\/altemporda\/wp-json\/wp\/v2\/users\/14"}],"replies":[{"embeddable":true,"href":"https:\/\/serveiseducatius.xtec.cat\/altemporda\/wp-json\/wp\/v2\/comments?post=18455"}],"version-history":[{"count":3,"href":"https:\/\/serveiseducatius.xtec.cat\/altemporda\/wp-json\/wp\/v2\/pages\/18455\/revisions"}],"predecessor-version":[{"id":18649,"href":"https:\/\/serveiseducatius.xtec.cat\/altemporda\/wp-json\/wp\/v2\/pages\/18455\/revisions\/18649"}],"wp:attachment":[{"href":"https:\/\/serveiseducatius.xtec.cat\/altemporda\/wp-json\/wp\/v2\/media?parent=18455"}],"curies":[{"name":"wp","href":"https:\/\/api.w.org\/{rel}","templated":true}]}}