{"id":18077,"date":"2022-10-03T18:29:37","date_gmt":"2022-10-03T16:29:37","guid":{"rendered":"https:\/\/serveiseducatius.xtec.cat\/altemporda\/?page_id=18077"},"modified":"2024-09-26T08:24:02","modified_gmt":"2024-09-26T06:24:02","slug":"clva-2023","status":"publish","type":"page","link":"https:\/\/serveiseducatius.xtec.cat\/altemporda\/certamen-de-lectura-en-veu-alta\/clva-2023\/","title":{"rendered":"CLVA 2023"},"content":{"rendered":"<p><a href=\"https:\/\/www.lecturaenveualta.cat\/\"><img loading=\"lazy\" decoding=\"async\" class=\"wp-image-16684 alignleft\" src=\"https:\/\/serveiseducatius.xtec.cat\/altemporda\/wp-content\/uploads\/usu1156\/2022\/03\/Logo.jpg\" alt=\"\" width=\"561\" height=\"178\" srcset=\"https:\/\/serveiseducatius.xtec.cat\/altemporda\/wp-content\/uploads\/usu1156\/2022\/03\/Logo.jpg 1007w, https:\/\/serveiseducatius.xtec.cat\/altemporda\/wp-content\/uploads\/usu1156\/2022\/03\/Logo-300x95.jpg 300w, https:\/\/serveiseducatius.xtec.cat\/altemporda\/wp-content\/uploads\/usu1156\/2022\/03\/Logo-768x243.jpg 768w\" sizes=\"auto, (max-width: 561px) 100vw, 561px\" \/><\/a>El Certamen de LVA est\u00e0 organitzat per la Fundaci\u00f3 Enciclop\u00e8dia Catalana i el Departament d\u2019Educaci\u00f3, i compta amb el suport de l\u2019Obra Social \u201cla Caixa\u201d i de Biblioteques P\u00fabliques de Catalunya. T\u00e9 com a objectiu la promoci\u00f3 de \u00a0la lectura a l\u2019alumnat de tot Catalunya.<\/p>\n<p>El Certamen consta de cinc categories: grumets vermells (cicle mitj\u00e0 de prim\u00e0ria), grumets verds (cicle superior de prim\u00e0ria), timoners (alumnat nouvingut de cicle superior de prim\u00e0ria i primer cicle d\u2019ESO), corsaris (primer cicle d\u2019ESO) i tropa de corsaris (grups de 3 nois i noies de 2n cicle d\u2019ESO). La lectura \u00e9s individual a totes les categories, excepte la tropa de corsaris. En aquesta categoria la lectura \u00e9s col\u00b7lectiva.<\/p>\n<p>Cada centre educatiu pot participar en el Certamen amb un alumne per categoria (en la categoria de Tropa de Corsaris, 3r i 4t d\u2019ESO, ha de ser un grup de tres alumnes).<\/p>\n<hr \/>\n<h4><span style=\"font-size: 24pt; color: #00688a;\"><strong>XIX Certamen de Lectura en Veu Alta &#8211; Curs 2022-23<\/strong><\/span><\/h4>\n<hr \/>\n<p style=\"background-color: #00afcb; color: white; font-size: 1.5em; text-align: center;\">Semifinal de l&#8217;Alt Empord\u00e0<\/p>\n<p><a href=\"https:\/\/serveiseducatius.xtec.cat\/altemporda\/wp-content\/uploads\/usu1156\/2023\/03\/Semifinal-Grumets-verds-2023-CLVA-Alt-Emporda.jpg\"><img loading=\"lazy\" decoding=\"async\" class=\"size-full wp-image-20357 aligncenter\" src=\"https:\/\/serveiseducatius.xtec.cat\/altemporda\/wp-content\/uploads\/usu1156\/2023\/03\/Semifinal-Grumets-verds-2023-CLVA-Alt-Emporda.jpg\" alt=\"\" width=\"960\" height=\"540\" srcset=\"https:\/\/serveiseducatius.xtec.cat\/altemporda\/wp-content\/uploads\/usu1156\/2023\/03\/Semifinal-Grumets-verds-2023-CLVA-Alt-Emporda.jpg 960w, https:\/\/serveiseducatius.xtec.cat\/altemporda\/wp-content\/uploads\/usu1156\/2023\/03\/Semifinal-Grumets-verds-2023-CLVA-Alt-Emporda-300x169.jpg 300w, https:\/\/serveiseducatius.xtec.cat\/altemporda\/wp-content\/uploads\/usu1156\/2023\/03\/Semifinal-Grumets-verds-2023-CLVA-Alt-Emporda-768x432.jpg 768w\" sizes=\"auto, (max-width: 960px) 100vw, 960px\" \/><\/a><\/p>\n<table style=\"border-collapse: collapse; width: 100%;\">\n<tbody>\n<tr>\n<td style=\"width: 33.3333%; border-style: hidden;\"><iframe loading=\"lazy\" src=\"https:\/\/docs.google.com\/presentation\/d\/e\/2PACX-1vROdcyb9SSiDVCgR64OHCnlR4O2HpAi0Fnk-yhBC9drP9t8ZHxyig1H6rsbPpRJRgFt91aVLnY0NQiw\/embed?start=false&amp;loop=true&amp;delayms=60000\" width=\"480\" height=\"299\" frameborder=\"0\" allowfullscreen=\"allowfullscreen\"><\/iframe><\/td>\n<td style=\"width: 33.3333%; border-style: hidden;\"><iframe loading=\"lazy\" src=\"https:\/\/docs.google.com\/presentation\/d\/e\/2PACX-1vQ6_2ASpP5QV_IKep7muvh_GG0wlJHI7s_guHD5ghngcqqHqTVJm_y7oM8d12LMykhqNdNVSp43ydEN\/embed?start=false&amp;loop=true&amp;delayms=60000\" width=\"480\" height=\"299\" frameborder=\"0\" allowfullscreen=\"allowfullscreen\"><\/iframe><\/td>\n<td style=\"width: 33.3333%; border-style: hidden;\"><iframe loading=\"lazy\" src=\"https:\/\/docs.google.com\/presentation\/d\/e\/2PACX-1vTOnhZfN12hLNb7E--2tixxNVN9s6YZdTeSaiOBI37zRyEeYAt3FcDFdnzV9J5JinME4GQBTGagcXc2\/embed?start=false&amp;loop=true&amp;delayms=60000\" width=\"480\" height=\"299\" frameborder=\"0\" allowfullscreen=\"allowfullscreen\"><\/iframe><\/td>\n<\/tr>\n<tr>\n<td style=\"width: 33.3333%; border-style: hidden; background-color: #ffffff;\"><\/td>\n<td style=\"width: 33.3333%; border-style: hidden; background-color: #ffffff;\"><\/td>\n<td style=\"width: 33.3333%; border-style: hidden; background-color: #ffffff;\"><\/td>\n<\/tr>\n<tr>\n<td style=\"width: 33.3333%; background-color: #ffffff; border-style: hidden;\"><a href=\"https:\/\/photos.app.goo.gl\/aGgSC3yRYyvLuEmh6\" target=\"_blank\" rel=\"noopener\"><img loading=\"lazy\" decoding=\"async\" class=\"alignnone wp-image-20292 size-full\" src=\"https:\/\/serveiseducatius.xtec.cat\/altemporda\/wp-content\/uploads\/usu1156\/2023\/03\/Semifinal-Grumets-verds-2023-CLVA-Alt-Emporda-3.jpg\" alt=\"\" width=\"960\" height=\"540\" srcset=\"https:\/\/serveiseducatius.xtec.cat\/altemporda\/wp-content\/uploads\/usu1156\/2023\/03\/Semifinal-Grumets-verds-2023-CLVA-Alt-Emporda-3.jpg 960w, https:\/\/serveiseducatius.xtec.cat\/altemporda\/wp-content\/uploads\/usu1156\/2023\/03\/Semifinal-Grumets-verds-2023-CLVA-Alt-Emporda-3-300x169.jpg 300w, https:\/\/serveiseducatius.xtec.cat\/altemporda\/wp-content\/uploads\/usu1156\/2023\/03\/Semifinal-Grumets-verds-2023-CLVA-Alt-Emporda-3-768x432.jpg 768w\" sizes=\"auto, (max-width: 960px) 100vw, 960px\" \/><\/a><\/td>\n<td style=\"width: 33.3333%; background-color: #ffffff; border-style: hidden;\"><a href=\"https:\/\/photos.app.goo.gl\/eEw9bczkGZU3oznb9\" target=\"_blank\" rel=\"noopener\"><img loading=\"lazy\" decoding=\"async\" class=\"alignnone wp-image-20291 size-full\" src=\"https:\/\/serveiseducatius.xtec.cat\/altemporda\/wp-content\/uploads\/usu1156\/2023\/03\/Semifinal-Grumets-verds-2023-CLVA-Alt-Emporda-2.jpg\" alt=\"\" width=\"960\" height=\"540\" srcset=\"https:\/\/serveiseducatius.xtec.cat\/altemporda\/wp-content\/uploads\/usu1156\/2023\/03\/Semifinal-Grumets-verds-2023-CLVA-Alt-Emporda-2.jpg 960w, https:\/\/serveiseducatius.xtec.cat\/altemporda\/wp-content\/uploads\/usu1156\/2023\/03\/Semifinal-Grumets-verds-2023-CLVA-Alt-Emporda-2-300x169.jpg 300w, https:\/\/serveiseducatius.xtec.cat\/altemporda\/wp-content\/uploads\/usu1156\/2023\/03\/Semifinal-Grumets-verds-2023-CLVA-Alt-Emporda-2-768x432.jpg 768w\" sizes=\"auto, (max-width: 960px) 100vw, 960px\" \/><\/a><\/td>\n<td style=\"width: 33.3333%; background-color: #ffffff; border-style: hidden;\"><a href=\"https:\/\/photos.app.goo.gl\/LWgzuLihxjJ1wBfE9\" target=\"_blank\" rel=\"noopener\"><img loading=\"lazy\" decoding=\"async\" class=\"alignnone wp-image-20288 size-full\" src=\"https:\/\/serveiseducatius.xtec.cat\/altemporda\/wp-content\/uploads\/usu1156\/2023\/03\/Semifinal-Grumets-verds-2023-CLVA-Alt-Emporda-1.jpg\" alt=\"\" width=\"960\" height=\"540\" srcset=\"https:\/\/serveiseducatius.xtec.cat\/altemporda\/wp-content\/uploads\/usu1156\/2023\/03\/Semifinal-Grumets-verds-2023-CLVA-Alt-Emporda-1.jpg 960w, https:\/\/serveiseducatius.xtec.cat\/altemporda\/wp-content\/uploads\/usu1156\/2023\/03\/Semifinal-Grumets-verds-2023-CLVA-Alt-Emporda-1-300x169.jpg 300w, https:\/\/serveiseducatius.xtec.cat\/altemporda\/wp-content\/uploads\/usu1156\/2023\/03\/Semifinal-Grumets-verds-2023-CLVA-Alt-Emporda-1-768x432.jpg 768w\" sizes=\"auto, (max-width: 960px) 100vw, 960px\" \/><\/a><\/td>\n<\/tr>\n<\/tbody>\n<\/table>\n<hr \/>\n<p style=\"background-color: #00afcb; color: white; font-size: 1.5em; text-align: center;\">Final Territorial de les comarques gironines<\/p>\n<p><a href=\"https:\/\/serveiseducatius.xtec.cat\/altemporda\/wp-content\/uploads\/usu1156\/2023\/04\/Finalistes-CLVA-Territorial.jpg\"><span style=\"color: #000000;\">El 25 d&#8217;abril, a l&#8217;espai la Pineda de Sant Gregori, ha tingut lloc la Final territorial:<\/span><br \/>\n<img loading=\"lazy\" decoding=\"async\" class=\"size-full wp-image-20619 aligncenter\" src=\"https:\/\/serveiseducatius.xtec.cat\/altemporda\/wp-content\/uploads\/usu1156\/2023\/04\/Finalistes-CLVA-Territorial.jpg\" alt=\"\" width=\"965\" height=\"183\" srcset=\"https:\/\/serveiseducatius.xtec.cat\/altemporda\/wp-content\/uploads\/usu1156\/2023\/04\/Finalistes-CLVA-Territorial.jpg 965w, https:\/\/serveiseducatius.xtec.cat\/altemporda\/wp-content\/uploads\/usu1156\/2023\/04\/Finalistes-CLVA-Territorial-300x57.jpg 300w, https:\/\/serveiseducatius.xtec.cat\/altemporda\/wp-content\/uploads\/usu1156\/2023\/04\/Finalistes-CLVA-Territorial-768x146.jpg 768w\" sizes=\"auto, (max-width: 965px) 100vw, 965px\" \/><\/a><\/p>\n<p><center><iframe loading=\"lazy\" src=\"https:\/\/drive.google.com\/file\/d\/1fG45IzF6XyyYJbTQepDWuYQ5-if8JjZb\/preview\" width=\"60%\" height=\"475px\" frameborder=\"0\" data-mce-fragment=\"1\"><br \/>\n<\/iframe><\/center>&nbsp;<\/p>\n<hr \/>\n<p style=\"background-color: #00afcb; color: white; font-size: 1em; text-align: center;\"><span style=\"font-size: 1.5em;\">Gala Final: Festa de la lectura<\/span><\/p>\n<p>Se celebrar\u00e0 el 7 de juny de 2023 al Teatre Nacional de Catalunya. \u00c9s l\u2019acte de lliurament de premis als guanyadors i guanyadores territorials i una mostra de lectura (no competitiva).<\/p>\n<p style=\"background-color: #00afcb; color: white; font-size: 1em; text-align: center;\"><span style=\"font-size: 1.5em;\">Informacions diverses del Certamen<\/span><\/p>\n<p><strong>DATA L\u00cdMIT<\/strong> per fer-nos arribar el nom del representant de cada categoria \u00e9s el <strong>divendres, 3 de mar\u00e7.<\/strong> Heu d\u2019enviar el nom dels lectors i lectores que us representen per mitj\u00e0 d\u2019aquest <strong>formulari<\/strong>.<\/p>\n<p dir=\"ltr\">Aquests lectors i lectores participaran en la semifinal de l\u2019Alt Empord\u00e0 que, at\u00e8s el gran nombre d\u2019alumnat inscrit, es far\u00e0 en 3 dies consecutius.<\/p>\n<p dir=\"ltr\"><strong>Lloc<\/strong>: <strong>Auditori dels Caputxins de Figueres<\/strong><\/p>\n<p><strong>SECUND\u00c0RIA<\/strong><\/p>\n<ul>\n<li dir=\"ltr\">\n<p dir=\"ltr\" role=\"presentation\">Data: dilluns, <strong>20 de mar\u00e7<\/strong> de 2023<\/p>\n<\/li>\n<li dir=\"ltr\">\n<p dir=\"ltr\" role=\"presentation\">Horari: <strong>11 a 13.30 h\u00a0<\/strong><\/p>\n<\/li>\n<li dir=\"ltr\">\n<p dir=\"ltr\" role=\"presentation\">Grups: <strong><span style=\"color: #ff9900;\">Timoners 1r o 2n d\u2019ESO<\/span><\/strong>, <strong><span style=\"color: #54340c;\">Corsaris<\/span> <\/strong>i <span style=\"color: #9020e6;\"><strong>Tropa de Corsaris\u00a0<\/strong><\/span><\/p>\n<\/li>\n<\/ul>\n<p dir=\"ltr\"><strong>PRIM\u00c0RIA<\/strong><\/p>\n<ul>\n<li dir=\"ltr\">\n<p dir=\"ltr\" role=\"presentation\">Data: dimarts, <strong>21 de mar\u00e7<\/strong> de 2023<\/p>\n<\/li>\n<li dir=\"ltr\">\n<p dir=\"ltr\" role=\"presentation\">Horari: <strong>9:30\u00a0 a 12 h\u00a0<\/strong><\/p>\n<\/li>\n<li dir=\"ltr\">\n<p dir=\"ltr\" role=\"presentation\">Grups: <strong><span style=\"color: #ff0000;\">Grumets vermells<\/span><\/strong><\/p>\n<\/li>\n<\/ul>\n<p><strong>PRIM\u00c0RIA<\/strong><\/p>\n<ul>\n<li dir=\"ltr\">\n<p dir=\"ltr\" role=\"presentation\">Data: dimecres, <strong>22 de mar\u00e7<\/strong> de 2023<\/p>\n<\/li>\n<li dir=\"ltr\">\n<p dir=\"ltr\" role=\"presentation\">Horari:<strong> 9:30\u00a0 a 12 h\u00a0<\/strong><\/p>\n<\/li>\n<li dir=\"ltr\">\n<p dir=\"ltr\" role=\"presentation\">Grups: <span style=\"color: #47cf2b;\"><strong>Grumets verds<\/strong><\/span> i <span style=\"color: #ff9900;\"><strong>Timoners de cicle superior<\/strong><\/span><\/p>\n<\/li>\n<\/ul>\n<p><center><iframe loading=\"lazy\" src=\"https:\/\/drive.google.com\/file\/d\/1VBZrWELvbpQ7RLnum86YbLROrRUwCCvB\/preview\" width=\"60%\" height=\"475px\"><\/iframe><\/center><\/p>\n<hr \/>\n<h5><span style=\"font-size: 18pt; color: #00688a;\"><strong>Resum fases del Certamen<\/strong><\/span><\/h5>\n<p><center><\/center><center><iframe loading=\"lazy\" src=\"https:\/\/drive.google.com\/file\/d\/1xQQuHFcgb3EXIpEqBpwBEZv-75cTVCQ8\/preview\" width=\"60%\" height=\"475px\" frameborder=\"0\" data-mce-fragment=\"1\"><br \/>\n<\/iframe><\/center><\/p>\n<hr \/>\n<h5><span style=\"font-size: 18pt; color: #00688a;\"><strong>Centres inscrits de l&#8217;Alt Empord\u00e0<\/strong><\/span><\/h5>\n<div align=\"center\"><iframe loading=\"lazy\" src=\"https:\/\/docs.google.com\/spreadsheets\/d\/e\/2PACX-1vSF6KZBMejJLhNVnIamMIsTCute_onwSZ7016BeCQPe_-ShXHWhAz7UuIdtzu5WvA\/pubhtml?gid=93341230&amp;single=true&amp;widget=true&amp;headers=false\" width=\"1015\" height=\"1000\"><span data-mce-type=\"bookmark\" style=\"display: inline-block; width: 0px; overflow: hidden; line-height: 0;\" class=\"mce_SELRES_start\"><span data-mce-type=\"bookmark\" style=\"display: inline-block; width: 0px; overflow: hidden; line-height: 0;\" class=\"mce_SELRES_start\">\ufeff<\/span>\ufeff<\/span><\/iframe><\/div>\n<hr \/>\n<h5 class=\"entry-title fusion-post-title\" style=\"text-align: left;\"><\/h5>\n<div class=\"fila;\" style=\"text-align: center;\">\n<div class=\"columna\" style=\"width: 20%; text-align: center;\"><\/div>\n<\/div>\n","protected":false},"excerpt":{"rendered":"<p>El Certamen de LVA est\u00e0 organitzat per la Fundaci\u00f3 Enciclop\u00e8dia Catalana i el Departament d\u2019Educaci\u00f3, i compta amb el suport de l\u2019Obra Social \u201cla Caixa\u201d i de Biblioteques P\u00fabliques de Catalunya. T\u00e9 com a objectiu la promoci\u00f3 de \u00a0la lectura a l\u2019alumnat de tot Catalunya. El Certamen consta de cinc categories: grumets vermells (cicle mitj\u00e0 [&hellip;]<\/p>\n","protected":false},"author":4,"featured_media":0,"parent":11470,"menu_order":11,"comment_status":"closed","ping_status":"closed","template":"page-templates\/side-menu.php","meta":{"_bbp_topic_count":0,"_bbp_reply_count":0,"_bbp_total_topic_count":0,"_bbp_total_reply_count":0,"_bbp_voice_count":0,"_bbp_anonymous_reply_count":0,"_bbp_topic_count_hidden":0,"_bbp_reply_count_hidden":0,"_bbp_forum_subforum_count":0,"site-sidebar-layout":"default","site-content-layout":"","ast-site-content-layout":"","site-content-style":"default","site-sidebar-style":"default","ast-global-header-display":"","ast-banner-title-visibility":"","ast-main-header-display":"","ast-hfb-above-header-display":"","ast-hfb-below-header-display":"","ast-hfb-mobile-header-display":"","site-post-title":"","ast-breadcrumbs-content":"","ast-featured-img":"","footer-sml-layout":"","theme-transparent-header-meta":"","adv-header-id-meta":"","stick-header-meta":"","header-above-stick-meta":"","header-main-stick-meta":"","header-below-stick-meta":"","astra-migrate-meta-layouts":"default","ast-page-background-enabled":"default","ast-page-background-meta":{"desktop":{"background-color":"var(--ast-global-color-4)","background-image":"","background-repeat":"repeat","background-position":"center center","background-size":"auto","background-attachment":"scroll","background-type":"","background-media":"","overlay-type":"","overlay-color":"","overlay-opacity":"","overlay-gradient":""},"tablet":{"background-color":"","background-image":"","background-repeat":"repeat","background-position":"center center","background-size":"auto","background-attachment":"scroll","background-type":"","background-media":"","overlay-type":"","overlay-color":"","overlay-opacity":"","overlay-gradient":""},"mobile":{"background-color":"","background-image":"","background-repeat":"repeat","background-position":"center center","background-size":"auto","background-attachment":"scroll","background-type":"","background-media":"","overlay-type":"","overlay-color":"","overlay-opacity":"","overlay-gradient":""}},"ast-content-background-meta":{"desktop":{"background-color":"var(--ast-global-color-5)","background-image":"","background-repeat":"repeat","background-position":"center center","background-size":"auto","background-attachment":"scroll","background-type":"","background-media":"","overlay-type":"","overlay-color":"","overlay-opacity":"","overlay-gradient":""},"tablet":{"background-color":"var(--ast-global-color-5)","background-image":"","background-repeat":"repeat","background-position":"center center","background-size":"auto","background-attachment":"scroll","background-type":"","background-media":"","overlay-type":"","overlay-color":"","overlay-opacity":"","overlay-gradient":""},"mobile":{"background-color":"var(--ast-global-color-5)","background-image":"","background-repeat":"repeat","background-position":"center center","background-size":"auto","background-attachment":"scroll","background-type":"","background-media":"","overlay-type":"","overlay-color":"","overlay-opacity":"","overlay-gradient":""}},"footnotes":""},"class_list":["post-18077","page","type-page","status-publish","hentry"],"post_mailing_queue_ids":[],"_links":{"self":[{"href":"https:\/\/serveiseducatius.xtec.cat\/altemporda\/wp-json\/wp\/v2\/pages\/18077","targetHints":{"allow":["GET"]}}],"collection":[{"href":"https:\/\/serveiseducatius.xtec.cat\/altemporda\/wp-json\/wp\/v2\/pages"}],"about":[{"href":"https:\/\/serveiseducatius.xtec.cat\/altemporda\/wp-json\/wp\/v2\/types\/page"}],"author":[{"embeddable":true,"href":"https:\/\/serveiseducatius.xtec.cat\/altemporda\/wp-json\/wp\/v2\/users\/4"}],"replies":[{"embeddable":true,"href":"https:\/\/serveiseducatius.xtec.cat\/altemporda\/wp-json\/wp\/v2\/comments?post=18077"}],"version-history":[{"count":7,"href":"https:\/\/serveiseducatius.xtec.cat\/altemporda\/wp-json\/wp\/v2\/pages\/18077\/revisions"}],"predecessor-version":[{"id":23810,"href":"https:\/\/serveiseducatius.xtec.cat\/altemporda\/wp-json\/wp\/v2\/pages\/18077\/revisions\/23810"}],"up":[{"embeddable":true,"href":"https:\/\/serveiseducatius.xtec.cat\/altemporda\/wp-json\/wp\/v2\/pages\/11470"}],"wp:attachment":[{"href":"https:\/\/serveiseducatius.xtec.cat\/altemporda\/wp-json\/wp\/v2\/media?parent=18077"}],"curies":[{"name":"wp","href":"https:\/\/api.w.org\/{rel}","templated":true}]}}