{"id":17962,"date":"2022-09-16T12:50:32","date_gmt":"2022-09-16T10:50:32","guid":{"rendered":"https:\/\/serveiseducatius.xtec.cat\/altemporda\/?page_id=17962"},"modified":"2026-03-04T10:35:16","modified_gmt":"2026-03-04T09:35:16","slug":"conferencies-inici-del-curs-escolar-a-lalt-emporda","status":"publish","type":"page","link":"https:\/\/serveiseducatius.xtec.cat\/altemporda\/conferencies-inici-del-curs-escolar-a-lalt-emporda\/","title":{"rendered":"Confer\u00e8ncies d&#8217;inauguraci\u00f3 del curs escolar a l&#8217;Alt Empord\u00e0"},"content":{"rendered":"\n<p>Espai destinat a recollir les diferents <strong>confer\u00e8ncies d&#8217;inauguraci\u00f3 del curs escolar <\/strong>que s&#8217;han realitzat al SE de l&#8217;Alt Empord\u00e0. Coorganitzades amb: <strong>EP! MRPAE<\/strong> (Moviment de Renovaci\u00f3 Pedag\u00f2gica de l&#8217;AE) i l&#8217;<strong>Ajuntament de Figueres<\/strong>.<\/p>\n\n\n\n<p>&nbsp;<\/p>\n\n\n\n<p>Tamb\u00e9 podeu consultar el cat\u00e0leg <strong><a href=\"https:\/\/serveiseducatius.xtec.cat\/altemporda\/categoria\/crp\/dialoguem\/\" target=\"_blank\" rel=\"noopener\">Dialoguem amb\u2026 <\/a><\/strong>On trobareu <strong>m\u00e9s de 100 confer\u00e8ncies<\/strong> d&#8217;experts en diferents \u00e0mbits de l&#8217;educaci\u00f3 que ens han acompanyat al llarg dels anys.<\/p>\n\n\n\n<div class=\"fila; engrandeix img;\" style=\"display: flex; align-items: center; justify-content: center;\">\n<figure><a href=\"https:\/\/serveiseducatius.xtec.cat\/altemporda\/general\/conferencia-dinici-del-curs-escolar-2025-2026-2\/\" target=\"_blank\" rel=\"noopener\"><img loading=\"lazy\" decoding=\"async\" class=\"size-full wp-image-23878 alignnone\" style=\"border: 1px solid #555;\" src=\"https:\/\/serveiseducatius.xtec.cat\/altemporda\/wp-content\/uploads\/usu1156\/2025\/06\/cartell_xerrades2025-262-1024x1024.jpg\" alt=\"\" width=\"842\" height=\"842\"><\/a><\/figure>\n<div class=\"columna\" style=\"width: 25%; text-align: center; font-size: 1em;\">&nbsp;<\/div>\n<\/div>\n\n\n\n<div class=\"fila; engrandeix img;\" style=\"display: flex; align-items: center; justify-content: center;\">\n<figure><a href=\"https:\/\/serveiseducatius.xtec.cat\/altemporda\/portada\/conferencia-dinici-de-curs-2024-2025\/\" target=\"_blank\" rel=\"noopener\"><img loading=\"lazy\" decoding=\"async\" class=\"aligncenter size-full wp-image-23878\" style=\"border: 1px solid #555;\" src=\"https:\/\/serveiseducatius.xtec.cat\/altemporda\/wp-content\/uploads\/usu1156\/2024\/10\/cartell_xerrades2024-252.png\" alt=\"\" width=\"842\" height=\"842\" srcset=\"https:\/\/serveiseducatius.xtec.cat\/altemporda\/wp-content\/uploads\/usu1156\/2024\/10\/cartell_xerrades2024-252.png 842w, https:\/\/serveiseducatius.xtec.cat\/altemporda\/wp-content\/uploads\/usu1156\/2024\/10\/cartell_xerrades2024-252-300x300.png 300w, https:\/\/serveiseducatius.xtec.cat\/altemporda\/wp-content\/uploads\/usu1156\/2024\/10\/cartell_xerrades2024-252-150x150.png 150w, https:\/\/serveiseducatius.xtec.cat\/altemporda\/wp-content\/uploads\/usu1156\/2024\/10\/cartell_xerrades2024-252-768x768.png 768w\" sizes=\"auto, (max-width: 842px) 100vw, 842px\" \/><\/a><\/figure><div class=\"columna\" style=\"width: 25%; text-align: center; font-size: 1em;\"><\/div>\n<figure><a href=\"https:\/\/drive.google.com\/file\/d\/1fFAgX1exZbNvYThslOZWpswSm4qEg_SH\/preview\" target=\"_blank\" rel=\"noopener\"><img loading=\"lazy\" decoding=\"async\" class=\"aligncenter wp-image-21080 size-full\" style=\"border: 1px solid #555;\" src=\"https:\/\/serveiseducatius.xtec.cat\/altemporda\/wp-content\/uploads\/usu1156\/2023\/07\/cartell_xerrades2023-24-1.png\" alt=\"\" width=\"842\" height=\"1191\" srcset=\"https:\/\/serveiseducatius.xtec.cat\/altemporda\/wp-content\/uploads\/usu1156\/2023\/07\/cartell_xerrades2023-24-1.png 842w, https:\/\/serveiseducatius.xtec.cat\/altemporda\/wp-content\/uploads\/usu1156\/2023\/07\/cartell_xerrades2023-24-1-212x300.png 212w, https:\/\/serveiseducatius.xtec.cat\/altemporda\/wp-content\/uploads\/usu1156\/2023\/07\/cartell_xerrades2023-24-1-724x1024.png 724w, https:\/\/serveiseducatius.xtec.cat\/altemporda\/wp-content\/uploads\/usu1156\/2023\/07\/cartell_xerrades2023-24-1-768x1086.png 768w\" sizes=\"auto, (max-width: 842px) 100vw, 842px\" \/><\/a><\/figure><div class=\"columna\" style=\"width: 25%; text-align: center; font-size: 1em;\"><\/div>\n<figure><a href=\"https:\/\/serveiseducatius.xtec.cat\/altemporda\/general\/conferencia-dinici-del-curs-esscolar-2022-2023\/\" target=\"_blank\" rel=\"noopener\"><img loading=\"lazy\" decoding=\"async\" class=\"alignnone size-full wp-image-17654\" style=\"border: 1px solid #555;\" src=\"https:\/\/serveiseducatius.xtec.cat\/altemporda\/wp-content\/uploads\/usu1156\/2022\/07\/confe.png\" alt=\"\" width=\"567\" height=\"809\" srcset=\"https:\/\/serveiseducatius.xtec.cat\/altemporda\/wp-content\/uploads\/usu1156\/2022\/07\/confe.png 567w, https:\/\/serveiseducatius.xtec.cat\/altemporda\/wp-content\/uploads\/usu1156\/2022\/07\/confe-210x300.png 210w\" sizes=\"auto, (max-width: 567px) 100vw, 567px\" \/><\/a><\/figure><div class=\"columna\" style=\"width: 25%; text-align: center; font-size: 1em;\"><\/div>\n<figure><a href=\"https:\/\/serveiseducatius.xtec.cat\/altemporda\/portada\/conferencia-dinici-de-curs\/\" target=\"_blank\" rel=\"noopener\"><img loading=\"lazy\" decoding=\"async\" class=\"alignnone size-large wp-image-13629\" style=\"border: 1px solid #555;\" src=\"https:\/\/serveiseducatius.xtec.cat\/altemporda\/wp-content\/uploads\/usu1156\/2021\/09\/cartell_xerrades2021_22-724x1024.jpg\" alt=\"\" width=\"724\" height=\"1024\" srcset=\"https:\/\/serveiseducatius.xtec.cat\/altemporda\/wp-content\/uploads\/usu1156\/2021\/09\/cartell_xerrades2021_22-724x1024.jpg 724w, https:\/\/serveiseducatius.xtec.cat\/altemporda\/wp-content\/uploads\/usu1156\/2021\/09\/cartell_xerrades2021_22-212x300.jpg 212w, https:\/\/serveiseducatius.xtec.cat\/altemporda\/wp-content\/uploads\/usu1156\/2021\/09\/cartell_xerrades2021_22-768x1086.jpg 768w, https:\/\/serveiseducatius.xtec.cat\/altemporda\/wp-content\/uploads\/usu1156\/2021\/09\/cartell_xerrades2021_22-1086x1536.jpg 1086w, https:\/\/serveiseducatius.xtec.cat\/altemporda\/wp-content\/uploads\/usu1156\/2021\/09\/cartell_xerrades2021_22-1448x2048.jpg 1448w, https:\/\/serveiseducatius.xtec.cat\/altemporda\/wp-content\/uploads\/usu1156\/2021\/09\/cartell_xerrades2021_22-scaled.jpg 1810w\" sizes=\"auto, (max-width: 724px) 100vw, 724px\" \/><\/a><\/figure><div class=\"columna\" style=\"width: 25%; text-align: center; font-size: 1em;\"><\/div>\n<\/div>\n\n\n\n<div class=\"fila; engrandeix img;\" style=\"display: flex; align-items: center; justify-content: center;\">\n<figure><a href=\"https:\/\/serveiseducatius.xtec.cat\/altemporda\/general\/conferencia-inici-del-curs-escolar-2020-21-un-cervell-per-aprendre\/\" target=\"_blank\" rel=\"noopener\"><img loading=\"lazy\" decoding=\"async\" class=\"alignnone size-large wp-image-11138\" style=\"border: 1px solid #555;\" src=\"https:\/\/serveiseducatius.xtec.cat\/altemporda\/wp-content\/uploads\/usu1156\/2020\/07\/Dbueno_tot-725x1024.jpg\" alt=\"\" width=\"725\" height=\"1024\" srcset=\"https:\/\/serveiseducatius.xtec.cat\/altemporda\/wp-content\/uploads\/usu1156\/2020\/07\/Dbueno_tot-725x1024.jpg 725w, https:\/\/serveiseducatius.xtec.cat\/altemporda\/wp-content\/uploads\/usu1156\/2020\/07\/Dbueno_tot-212x300.jpg 212w, https:\/\/serveiseducatius.xtec.cat\/altemporda\/wp-content\/uploads\/usu1156\/2020\/07\/Dbueno_tot-768x1085.jpg 768w, https:\/\/serveiseducatius.xtec.cat\/altemporda\/wp-content\/uploads\/usu1156\/2020\/07\/Dbueno_tot.jpg 1123w\" sizes=\"auto, (max-width: 725px) 100vw, 725px\" \/><\/a><\/figure><div class=\"columna\" style=\"width: 25%; text-align: center; font-size: 1em;\"><\/div>\n<figure><a href=\"https:\/\/serveiseducatius.xtec.cat\/altemporda\/wp-content\/uploads\/usu1156\/2022\/09\/BR.png\"><img loading=\"lazy\" decoding=\"async\" class=\"alignnone size-full wp-image-17968\" style=\"border: 1px solid #555;\" src=\"https:\/\/serveiseducatius.xtec.cat\/altemporda\/wp-content\/uploads\/usu1156\/2022\/09\/BR.png\" alt=\"\" width=\"432\" height=\"618\" srcset=\"https:\/\/serveiseducatius.xtec.cat\/altemporda\/wp-content\/uploads\/usu1156\/2022\/09\/BR.png 432w, https:\/\/serveiseducatius.xtec.cat\/altemporda\/wp-content\/uploads\/usu1156\/2022\/09\/BR-210x300.png 210w\" sizes=\"auto, (max-width: 432px) 100vw, 432px\" \/><\/a><\/figure><div class=\"columna\" style=\"width: 25%; text-align: center; font-size: 1em;\"><\/div>\n<figure><a href=\"https:\/\/serveiseducatius.xtec.cat\/altemporda\/crp\/dialoguem\/aina-tarabini\/\" target=\"_blank\" rel=\"noopener\"><img loading=\"lazy\" decoding=\"async\" class=\"alignnone size-full wp-image-17966\" style=\"border: 1px solid #555;\" src=\"https:\/\/serveiseducatius.xtec.cat\/altemporda\/wp-content\/uploads\/usu1156\/2022\/09\/AT.png\" alt=\"\" width=\"435\" height=\"617\" srcset=\"https:\/\/serveiseducatius.xtec.cat\/altemporda\/wp-content\/uploads\/usu1156\/2022\/09\/AT.png 435w, https:\/\/serveiseducatius.xtec.cat\/altemporda\/wp-content\/uploads\/usu1156\/2022\/09\/AT-212x300.png 212w\" sizes=\"auto, (max-width: 435px) 100vw, 435px\" \/><\/a><\/figure><div class=\"columna\" style=\"width: 25%; text-align: center; font-size: 1em;\"><\/div>\n<figure><a href=\"https:\/\/serveiseducatius.xtec.cat\/altemporda\/crp\/dialoguem\/ismael-palacin-director-de-la-fundacio-bofill\/\" target=\"_blank\" rel=\"noopener\"><img loading=\"lazy\" decoding=\"async\" class=\"alignnone size-full wp-image-12277\" style=\"border: 1px solid #555;\" src=\"https:\/\/serveiseducatius.xtec.cat\/altemporda\/wp-content\/uploads\/usu1156\/2021\/02\/cartellpalacin.jpg\" alt=\"\" width=\"719\" height=\"1015\" srcset=\"https:\/\/serveiseducatius.xtec.cat\/altemporda\/wp-content\/uploads\/usu1156\/2021\/02\/cartellpalacin.jpg 719w, https:\/\/serveiseducatius.xtec.cat\/altemporda\/wp-content\/uploads\/usu1156\/2021\/02\/cartellpalacin-213x300.jpg 213w\" sizes=\"auto, (max-width: 719px) 100vw, 719px\" \/><\/a><\/figure><div class=\"columna\" style=\"width: 25%; text-align: center; font-size: 1em;\"><\/div>\n<\/div>\n\n\n\n<p>&nbsp;<\/p>\n\n\n\n<h5 class=\"wp-block-heading\">Altres confer\u00e8ncies coorganitzades<\/h5>\n\n\n\n<div class=\"fila; engrandeix img;\" style=\"display: flex; align-items: center; justify-content: center;\">\n<figure><a href=\"https:\/\/serveiseducatius.xtec.cat\/altemporda\/crp\/dialoguem\/enric-queralt\/\" target=\"_blank\" rel=\"noopener\"><img loading=\"lazy\" decoding=\"async\" class=\"alignnone size-full wp-image-12356\" style=\"border: 1px solid #555;\" src=\"https:\/\/serveiseducatius.xtec.cat\/altemporda\/wp-content\/uploads\/usu1156\/2021\/02\/CARTELL2018-19_3.png\" alt=\"\" width=\"283\" height=\"400\" srcset=\"https:\/\/serveiseducatius.xtec.cat\/altemporda\/wp-content\/uploads\/usu1156\/2021\/02\/CARTELL2018-19_3.png 283w, https:\/\/serveiseducatius.xtec.cat\/altemporda\/wp-content\/uploads\/usu1156\/2021\/02\/CARTELL2018-19_3-212x300.png 212w\" sizes=\"auto, (max-width: 283px) 100vw, 283px\" \/><\/a><\/figure><div class=\"columna\" style=\"width: 25%; text-align: center; font-size: 1em;\"><\/div>\n<figure><a href=\"https:\/\/serveiseducatius.xtec.cat\/altemporda\/wp-content\/uploads\/usu1156\/2021\/02\/CARTELL1b.jpg\"><img loading=\"lazy\" decoding=\"async\" class=\"alignnone size-large wp-image-12267\" style=\"border: 1px solid #555;\" src=\"https:\/\/serveiseducatius.xtec.cat\/altemporda\/wp-content\/uploads\/usu1156\/2021\/02\/CARTELL1b-724x1024.jpg\" alt=\"\" width=\"724\" height=\"1024\" srcset=\"https:\/\/serveiseducatius.xtec.cat\/altemporda\/wp-content\/uploads\/usu1156\/2021\/02\/CARTELL1b-724x1024.jpg 724w, https:\/\/serveiseducatius.xtec.cat\/altemporda\/wp-content\/uploads\/usu1156\/2021\/02\/CARTELL1b-212x300.jpg 212w, https:\/\/serveiseducatius.xtec.cat\/altemporda\/wp-content\/uploads\/usu1156\/2021\/02\/CARTELL1b-768x1086.jpg 768w\" sizes=\"auto, (max-width: 724px) 100vw, 724px\" \/><\/a><\/figure><div class=\"columna\" style=\"width: 25%; text-align: center; font-size: 1em;\"><\/div>\n<figure><a href=\"https:\/\/serveiseducatius.xtec.cat\/altemporda\/crp\/dialoguem\/anna-carpena\/\" target=\"_blank\" rel=\"noopener\"><img loading=\"lazy\" decoding=\"async\" class=\"alignnone size-full wp-image-12350\" style=\"border: 1px solid #555;\" src=\"https:\/\/serveiseducatius.xtec.cat\/altemporda\/wp-content\/uploads\/usu1156\/2021\/02\/cartells-9.jpg\" alt=\"\" width=\"678\" height=\"960\" srcset=\"https:\/\/serveiseducatius.xtec.cat\/altemporda\/wp-content\/uploads\/usu1156\/2021\/02\/cartells-9.jpg 678w, https:\/\/serveiseducatius.xtec.cat\/altemporda\/wp-content\/uploads\/usu1156\/2021\/02\/cartells-9-212x300.jpg 212w\" sizes=\"auto, (max-width: 678px) 100vw, 678px\" \/><\/a><\/figure><div class=\"columna\" style=\"width: 25%; text-align: center; font-size: 1em;\"><\/div>\n<div class=\"columna\" style=\"width: 25%; text-align: center; font-size: 1em;\">&nbsp;<\/div>\n<\/div>\n\n\n\n<p><\/p>\n","protected":false},"excerpt":{"rendered":"<p>Espai destinat a recollir les diferents confer\u00e8ncies d&#8217;inauguraci\u00f3 del curs escolar que s&#8217;han realitzat al SE de l&#8217;Alt Empord\u00e0. Coorganitzades amb: EP! MRPAE (Moviment de Renovaci\u00f3 Pedag\u00f2gica de l&#8217;AE) i l&#8217;Ajuntament de Figueres. &nbsp; Tamb\u00e9 podeu consultar el cat\u00e0leg Dialoguem amb\u2026 On trobareu m\u00e9s de 100 confer\u00e8ncies d&#8217;experts en diferents \u00e0mbits de l&#8217;educaci\u00f3 que ens [&hellip;]<\/p>\n","protected":false},"author":1,"featured_media":0,"parent":0,"menu_order":0,"comment_status":"closed","ping_status":"closed","template":"","meta":{"_bbp_topic_count":0,"_bbp_reply_count":0,"_bbp_total_topic_count":0,"_bbp_total_reply_count":0,"_bbp_voice_count":0,"_bbp_anonymous_reply_count":0,"_bbp_topic_count_hidden":0,"_bbp_reply_count_hidden":0,"_bbp_forum_subforum_count":0,"site-sidebar-layout":"default","site-content-layout":"","ast-site-content-layout":"default","site-content-style":"default","site-sidebar-style":"default","ast-global-header-display":"","ast-banner-title-visibility":"","ast-main-header-display":"","ast-hfb-above-header-display":"","ast-hfb-below-header-display":"","ast-hfb-mobile-header-display":"","site-post-title":"","ast-breadcrumbs-content":"","ast-featured-img":"","footer-sml-layout":"","theme-transparent-header-meta":"","adv-header-id-meta":"","stick-header-meta":"","header-above-stick-meta":"","header-main-stick-meta":"","header-below-stick-meta":"","astra-migrate-meta-layouts":"set","ast-page-background-enabled":"default","ast-page-background-meta":{"desktop":{"background-color":"var(--ast-global-color-4)","background-image":"","background-repeat":"repeat","background-position":"center center","background-size":"auto","background-attachment":"scroll","background-type":"","background-media":"","overlay-type":"","overlay-color":"","overlay-opacity":"","overlay-gradient":""},"tablet":{"background-color":"","background-image":"","background-repeat":"repeat","background-position":"center center","background-size":"auto","background-attachment":"scroll","background-type":"","background-media":"","overlay-type":"","overlay-color":"","overlay-opacity":"","overlay-gradient":""},"mobile":{"background-color":"","background-image":"","background-repeat":"repeat","background-position":"center center","background-size":"auto","background-attachment":"scroll","background-type":"","background-media":"","overlay-type":"","overlay-color":"","overlay-opacity":"","overlay-gradient":""}},"ast-content-background-meta":{"desktop":{"background-color":"var(--ast-global-color-5)","background-image":"","background-repeat":"repeat","background-position":"center center","background-size":"auto","background-attachment":"scroll","background-type":"","background-media":"","overlay-type":"","overlay-color":"","overlay-opacity":"","overlay-gradient":""},"tablet":{"background-color":"var(--ast-global-color-5)","background-image":"","background-repeat":"repeat","background-position":"center center","background-size":"auto","background-attachment":"scroll","background-type":"","background-media":"","overlay-type":"","overlay-color":"","overlay-opacity":"","overlay-gradient":""},"mobile":{"background-color":"var(--ast-global-color-5)","background-image":"","background-repeat":"repeat","background-position":"center center","background-size":"auto","background-attachment":"scroll","background-type":"","background-media":"","overlay-type":"","overlay-color":"","overlay-opacity":"","overlay-gradient":""}},"footnotes":""},"class_list":["post-17962","page","type-page","status-publish","hentry"],"post_mailing_queue_ids":[],"_links":{"self":[{"href":"https:\/\/serveiseducatius.xtec.cat\/altemporda\/wp-json\/wp\/v2\/pages\/17962","targetHints":{"allow":["GET"]}}],"collection":[{"href":"https:\/\/serveiseducatius.xtec.cat\/altemporda\/wp-json\/wp\/v2\/pages"}],"about":[{"href":"https:\/\/serveiseducatius.xtec.cat\/altemporda\/wp-json\/wp\/v2\/types\/page"}],"author":[{"embeddable":true,"href":"https:\/\/serveiseducatius.xtec.cat\/altemporda\/wp-json\/wp\/v2\/users\/1"}],"replies":[{"embeddable":true,"href":"https:\/\/serveiseducatius.xtec.cat\/altemporda\/wp-json\/wp\/v2\/comments?post=17962"}],"version-history":[{"count":5,"href":"https:\/\/serveiseducatius.xtec.cat\/altemporda\/wp-json\/wp\/v2\/pages\/17962\/revisions"}],"predecessor-version":[{"id":27169,"href":"https:\/\/serveiseducatius.xtec.cat\/altemporda\/wp-json\/wp\/v2\/pages\/17962\/revisions\/27169"}],"wp:attachment":[{"href":"https:\/\/serveiseducatius.xtec.cat\/altemporda\/wp-json\/wp\/v2\/media?parent=17962"}],"curies":[{"name":"wp","href":"https:\/\/api.w.org\/{rel}","templated":true}]}}