{"id":17677,"date":"2022-09-08T10:20:40","date_gmt":"2022-09-08T08:20:40","guid":{"rendered":"https:\/\/serveiseducatius.xtec.cat\/altemporda\/?page_id=17677"},"modified":"2022-10-04T09:52:41","modified_gmt":"2022-10-04T07:52:41","slug":"biolectures-punts-de-llibre","status":"publish","type":"page","link":"https:\/\/serveiseducatius.xtec.cat\/altemporda\/xarxa-descoles-del-pn-cap-de-creus\/biolectures\/biolectures-punts-de-llibre\/","title":{"rendered":"Biolectures: Punts de llibre"},"content":{"rendered":"<p style=\"text-align: justify;\"><i><span style=\"font-weight: 400;\"><a href=\"https:\/\/serveiseducatius.xtec.cat\/altemporda\/wp-content\/uploads\/usu1156\/2022\/09\/2.png\"><img loading=\"lazy\" decoding=\"async\" class=\" wp-image-17658 alignleft\" src=\"https:\/\/serveiseducatius.xtec.cat\/altemporda\/wp-content\/uploads\/usu1156\/2022\/09\/2.png\" alt=\"\" width=\"456\" height=\"344\" srcset=\"https:\/\/serveiseducatius.xtec.cat\/altemporda\/wp-content\/uploads\/usu1156\/2022\/09\/2.png 423w, https:\/\/serveiseducatius.xtec.cat\/altemporda\/wp-content\/uploads\/usu1156\/2022\/09\/2-300x226.png 300w, https:\/\/serveiseducatius.xtec.cat\/altemporda\/wp-content\/uploads\/usu1156\/2022\/09\/2-200x150.png 200w\" sizes=\"auto, (max-width: 456px) 100vw, 456px\" \/><\/a>A punt de llegir<\/span><\/i><span style=\"font-weight: 400;\"> \u00e9s el projecte de col\u00b7laboraci\u00f3 entre tres administracions de la comarca.\u00a0 Biblioteques p\u00fabliques, Parc Natural de Cap de Creus i el servei educatiu de l\u2019Alt Empord\u00e0 amb l\u2019objectiu d&#8217;anar m\u00e9s enll\u00e0 de l&#8217;aula i impulsar la lectura compromesa en fam\u00edlia.\u00a0<\/span><\/p>\n<p style=\"text-align: justify;\"><span style=\"font-weight: 400;\">Una de les accions centrals del projecte \u00e9s l\u2019edici\u00f3 d\u2019un punt de llibre.<\/span><\/p>\n<p style=\"text-align: justify;\"><span style=\"font-weight: 400;\">Aquesta din\u00e0mica de treball amb les biblioteques es va iniciar el curs <\/span><span style=\"font-weight: 400;\">2014-2015 amb l&#8217;edici\u00f3 d&#8217;<\/span><span style=\"font-weight: 400;\">un <a href=\"https:\/\/sites.google.com\/a\/xtec.cat\/a-punt-de-llegir\/premsa\" target=\"_blank\" rel=\"noopener\">col\u00b7leccionable<\/a> de punts de llibre al voltant de 18 tem\u00e0tiques referents als interessos, inquietuds i proc\u00e9s evolutiu dels infants i joves d\u2019entre 3 i 16 anys i que es va lliurar a totes les fam\u00edlies de la comarca i als usuaris de les biblioteques.<\/span><\/p>\n<p style=\"text-align: justify;\"><span style=\"font-weight: 400;\">El curs 2020-2021 es va desenvolupar el projecte <\/span><i><span style=\"font-weight: 400;\"><a href=\"https:\/\/serveiseducatius.xtec.cat\/altemporda\/coeducacio\/\" target=\"_blank\" rel=\"noopener\">Coeducaci\u00f3 &#8211; A punt de llegir<\/a> <\/span><\/i><span style=\"font-weight: 400;\">amb el prop\u00f2sit de fomentar la mirada coeducativa a trav\u00e9s de la lectura.<\/span><\/p>\n<p style=\"text-align: justify;\"><span style=\"font-weight: 400;\">I el curs 2022-2023, s\u2019han editat 10.000 punts de llibre, que tenen com a imatge gr\u00e0fica una secci\u00f3 del p\u00f2ster ambiental <\/span><span style=\"font-weight: 400;\">del Parc Natural de Cap de Creus. Al dors del punt hi ha escrita la frase de la Greta Thunberg: \u201c<\/span><i><span style=\"font-weight: 400;\">Em vaig prometre\u00a0a mi mateixa que faria tot el possible per canviar les coses\u201d<\/span><\/i><span style=\"font-weight: 400;\">.<\/span><\/p>\n<p style=\"text-align: justify;\"><span style=\"font-weight: 400;\">Les unitats es repartiran a tot l\u2019alumnat de les tretze escoles que formen part de la xarxa d\u2019escoles del Parc Natural del Cap de Creus, <\/span><span style=\"font-weight: 400;\">a les persones usu\u00e0ries de les biblioteques p\u00fabliques de la comarca i als centres que sol\u00b7liciten en pr\u00e9stec la maleta al servei educatiu de l\u2019Alt Empord\u00e0.<\/span><\/p>\n<p><span style=\"font-size: 14pt;\"><strong>Com podem treballar el punt de llibre?<\/strong><\/span><\/p>\n<p><span style=\"font-weight: 400;\">A continuaci\u00f3 teniu enlla\u00e7ada la<strong> <span style=\"font-size: 14pt;\"><a href=\"https:\/\/drive.google.com\/file\/d\/11XlSr15ll7uklOUu2XYL6DwcTzA03Q00\/view?usp=sharing\">proposta did\u00e0ctica.<\/a><\/span><\/strong><\/span><\/p>\n<p><strong style=\"font-family: inherit; font-size: 1em;\"><span style=\"font-size: 14pt;\">Proposta 1: E<\/span>l punt de llibre.<\/strong><\/p>\n<p><a href=\"https:\/\/serveiseducatius.xtec.cat\/altemporda\/wp-content\/uploads\/usu1156\/2022\/09\/Captura-de-pantalla-2022-09-09-a-les-17.41.06.png\"><img loading=\"lazy\" decoding=\"async\" class=\"size-full wp-image-17788 aligncenter\" src=\"https:\/\/serveiseducatius.xtec.cat\/altemporda\/wp-content\/uploads\/usu1156\/2022\/09\/Captura-de-pantalla-2022-09-09-a-les-17.41.06.png\" alt=\"\" width=\"764\" height=\"534\" srcset=\"https:\/\/serveiseducatius.xtec.cat\/altemporda\/wp-content\/uploads\/usu1156\/2022\/09\/Captura-de-pantalla-2022-09-09-a-les-17.41.06.png 764w, https:\/\/serveiseducatius.xtec.cat\/altemporda\/wp-content\/uploads\/usu1156\/2022\/09\/Captura-de-pantalla-2022-09-09-a-les-17.41.06-300x210.png 300w\" sizes=\"auto, (max-width: 764px) 100vw, 764px\" \/><\/a><\/p>\n<p style=\"text-align: justify;\"><strong><span style=\"color: #000000; font-size: 14pt;\">Proposta 2: La prestatgeria, <\/span><\/strong>un cop hem treballat les diferents parts del punt de llibre que ens han lliurat a l&#8217;escola, us emplacem a disposar de la vostra pr\u00f2pia prestatgeria de lectura a l&#8217;aula. Punt de trobada d&#8217;aventures i descobertes ins\u00f2lites. Tamb\u00e9 podeu ampliar aquest espai amb la incorporaci\u00f3 de les biografies de dones i homes aventurers i cient\u00edfics preferits, o b\u00e9, amb la visualitzaci\u00f3 de documentals i pel\u00b7l\u00edcules. <a href=\"https:\/\/serveiseducatius.xtec.cat\/altemporda\/educapdecreus\/natura-series-i-pellicules\/\" target=\"_blank\" rel=\"noopener\">Enlla\u00e7<\/a><img loading=\"lazy\" decoding=\"async\" class=\"aligncenter\" src=\"https:\/\/previews.123rf.com\/images\/maxxyustas\/maxxyustas1404\/maxxyustas140400011\/27280251-%C3%A1rbol-del-conocimiento-estanter%C3%ADa-de-libros-sobre-fondo-blanco-3d.jpg\" alt=\"\u00e1rbol Del Conocimiento. Estanter\u00eda De Libros Sobre Fondo Blanco. 3d Fotos, Retratos, Im\u00e1genes Y Fotograf\u00eda De Archivo Libres De Derecho. Image 27280251.\" width=\"309\" height=\"309\" \/><span style=\"font-size: 14pt;\"><strong>Proposta 3: Visitem la biblioteca<\/strong><\/span> del nostre municipi. Ben segur que la curiositat de tot el que aprendrem a l&#8217;escola ens portar\u00e0 a visitar els espais naturals que hem estudiat a classe. No oblideu passar per la biblioteca del vostre municipi. Hi trobareu un munt de llibres que us ajudaran a obrir, encara m\u00e9s, la vostra imaginaci\u00f3.<\/p>\n<p><a href=\"https:\/\/sites.google.com\/a\/xtec.cat\/a-punt-de-llegir\/\" target=\"_blank\" rel=\"noopener\"><img loading=\"lazy\" decoding=\"async\" class=\"wp-image-17822 aligncenter\" src=\"https:\/\/serveiseducatius.xtec.cat\/altemporda\/wp-content\/uploads\/usu1156\/2022\/09\/bAE-1024x173.png\" alt=\"\" width=\"284\" height=\"48\" srcset=\"https:\/\/serveiseducatius.xtec.cat\/altemporda\/wp-content\/uploads\/usu1156\/2022\/09\/bAE-1024x173.png 1024w, https:\/\/serveiseducatius.xtec.cat\/altemporda\/wp-content\/uploads\/usu1156\/2022\/09\/bAE-300x51.png 300w, https:\/\/serveiseducatius.xtec.cat\/altemporda\/wp-content\/uploads\/usu1156\/2022\/09\/bAE-768x130.png 768w, https:\/\/serveiseducatius.xtec.cat\/altemporda\/wp-content\/uploads\/usu1156\/2022\/09\/bAE.png 1039w\" sizes=\"auto, (max-width: 284px) 100vw, 284px\" \/><\/a><\/p>\n","protected":false},"excerpt":{"rendered":"<p>A punt de llegir \u00e9s el projecte de col\u00b7laboraci\u00f3 entre tres administracions de la comarca.\u00a0 Biblioteques p\u00fabliques, Parc Natural de Cap de Creus i el servei educatiu de l\u2019Alt Empord\u00e0 amb l\u2019objectiu d&#8217;anar m\u00e9s enll\u00e0 de l&#8217;aula i impulsar la lectura compromesa en fam\u00edlia.\u00a0 Una de les accions centrals del projecte \u00e9s l\u2019edici\u00f3 d\u2019un punt [&hellip;]<\/p>\n","protected":false},"author":1,"featured_media":0,"parent":15967,"menu_order":0,"comment_status":"closed","ping_status":"closed","template":"","meta":{"_bbp_topic_count":0,"_bbp_reply_count":0,"_bbp_total_topic_count":0,"_bbp_total_reply_count":0,"_bbp_voice_count":0,"_bbp_anonymous_reply_count":0,"_bbp_topic_count_hidden":0,"_bbp_reply_count_hidden":0,"_bbp_forum_subforum_count":0,"site-sidebar-layout":"default","site-content-layout":"","ast-site-content-layout":"","site-content-style":"default","site-sidebar-style":"default","ast-global-header-display":"","ast-banner-title-visibility":"","ast-main-header-display":"","ast-hfb-above-header-display":"","ast-hfb-below-header-display":"","ast-hfb-mobile-header-display":"","site-post-title":"","ast-breadcrumbs-content":"","ast-featured-img":"","footer-sml-layout":"","theme-transparent-header-meta":"","adv-header-id-meta":"","stick-header-meta":"","header-above-stick-meta":"","header-main-stick-meta":"","header-below-stick-meta":"","astra-migrate-meta-layouts":"default","ast-page-background-enabled":"default","ast-page-background-meta":{"desktop":{"background-color":"var(--ast-global-color-4)","background-image":"","background-repeat":"repeat","background-position":"center center","background-size":"auto","background-attachment":"scroll","background-type":"","background-media":"","overlay-type":"","overlay-color":"","overlay-opacity":"","overlay-gradient":""},"tablet":{"background-color":"","background-image":"","background-repeat":"repeat","background-position":"center center","background-size":"auto","background-attachment":"scroll","background-type":"","background-media":"","overlay-type":"","overlay-color":"","overlay-opacity":"","overlay-gradient":""},"mobile":{"background-color":"","background-image":"","background-repeat":"repeat","background-position":"center center","background-size":"auto","background-attachment":"scroll","background-type":"","background-media":"","overlay-type":"","overlay-color":"","overlay-opacity":"","overlay-gradient":""}},"ast-content-background-meta":{"desktop":{"background-color":"var(--ast-global-color-5)","background-image":"","background-repeat":"repeat","background-position":"center center","background-size":"auto","background-attachment":"scroll","background-type":"","background-media":"","overlay-type":"","overlay-color":"","overlay-opacity":"","overlay-gradient":""},"tablet":{"background-color":"var(--ast-global-color-5)","background-image":"","background-repeat":"repeat","background-position":"center center","background-size":"auto","background-attachment":"scroll","background-type":"","background-media":"","overlay-type":"","overlay-color":"","overlay-opacity":"","overlay-gradient":""},"mobile":{"background-color":"var(--ast-global-color-5)","background-image":"","background-repeat":"repeat","background-position":"center center","background-size":"auto","background-attachment":"scroll","background-type":"","background-media":"","overlay-type":"","overlay-color":"","overlay-opacity":"","overlay-gradient":""}},"footnotes":""},"class_list":["post-17677","page","type-page","status-publish","hentry"],"post_mailing_queue_ids":[],"_links":{"self":[{"href":"https:\/\/serveiseducatius.xtec.cat\/altemporda\/wp-json\/wp\/v2\/pages\/17677","targetHints":{"allow":["GET"]}}],"collection":[{"href":"https:\/\/serveiseducatius.xtec.cat\/altemporda\/wp-json\/wp\/v2\/pages"}],"about":[{"href":"https:\/\/serveiseducatius.xtec.cat\/altemporda\/wp-json\/wp\/v2\/types\/page"}],"author":[{"embeddable":true,"href":"https:\/\/serveiseducatius.xtec.cat\/altemporda\/wp-json\/wp\/v2\/users\/1"}],"replies":[{"embeddable":true,"href":"https:\/\/serveiseducatius.xtec.cat\/altemporda\/wp-json\/wp\/v2\/comments?post=17677"}],"version-history":[{"count":5,"href":"https:\/\/serveiseducatius.xtec.cat\/altemporda\/wp-json\/wp\/v2\/pages\/17677\/revisions"}],"predecessor-version":[{"id":18092,"href":"https:\/\/serveiseducatius.xtec.cat\/altemporda\/wp-json\/wp\/v2\/pages\/17677\/revisions\/18092"}],"up":[{"embeddable":true,"href":"https:\/\/serveiseducatius.xtec.cat\/altemporda\/wp-json\/wp\/v2\/pages\/15967"}],"wp:attachment":[{"href":"https:\/\/serveiseducatius.xtec.cat\/altemporda\/wp-json\/wp\/v2\/media?parent=17677"}],"curies":[{"name":"wp","href":"https:\/\/api.w.org\/{rel}","templated":true}]}}