{"id":17661,"date":"2022-09-08T09:48:27","date_gmt":"2022-09-08T07:48:27","guid":{"rendered":"https:\/\/serveiseducatius.xtec.cat\/altemporda\/?page_id=17661"},"modified":"2022-10-10T13:37:06","modified_gmt":"2022-10-10T11:37:06","slug":"bibliotecae-programa-biolectures","status":"publish","type":"page","link":"https:\/\/serveiseducatius.xtec.cat\/altemporda\/xarxa-descoles-del-pn-cap-de-creus\/biolectures\/bibliotecae-programa-biolectures\/","title":{"rendered":"Projecte BioLectures &#8211; A punt de llegir"},"content":{"rendered":"<p style=\"text-align: justify;\"><span style=\"font-weight: 400;\"><img loading=\"lazy\" decoding=\"async\" class=\"wp-image-17656 alignleft\" src=\"https:\/\/serveiseducatius.xtec.cat\/altemporda\/wp-content\/uploads\/usu1156\/2022\/09\/logo-Biolectures-1024x1024.png\" alt=\"\" width=\"207\" height=\"207\" \/>El projecte <\/span><i><span style=\"font-weight: 400;\">BioLectures-A punt de llegir<\/span><\/i><span style=\"font-weight: 400;\"> vol contribuir al desenvolupament dels objectius de desenvolupament sostenible (ODS) 13 i 14, que estan relacionats amb l\u2019adopci\u00f3 de mesures urgents per combatre el canvi clim\u00e0tic i els seus efectes i la protecci\u00f3 dels oceans i mars. A partir del projecte es pret\u00e9n promoure el <strong>comprom\u00eds i l\u2019acci\u00f3<\/strong> en favor de la conservaci\u00f3, protecci\u00f3 i millora de l\u2019entorn natural.<\/span><\/p>\n<p style=\"text-align: justify;\"><strong>El projecte, en xarxa amb les biblioteques de la comarca, consta dels recursos i accions seg\u00fcents:\u00a0<\/strong><\/p>\n<ol>\n<li style=\"font-weight: 400; text-align: justify;\" aria-level=\"1\"><strong>La <\/strong><i><span style=\"font-weight: 400;\"><strong>Maleta BioLectures<\/strong>,<\/span><\/i><span style=\"font-weight: 400;\"> amb m\u00e9s de quaranta llibres per a l\u2019educaci\u00f3 infantil, prim\u00e0ria i primer cicle d\u2019ESO que tracten temes com la biodiversitat i l\u2019emerg\u00e8ncia clim\u00e0tica<\/span> <span style=\"font-weight: 400;\"><em>(en <a href=\"https:\/\/www.mediateca.cat\/altemporda\/recursos\/\" target=\"_blank\" rel=\"noopener\">pr\u00e9stec<\/a> al servei educatiu de l&#8217;Alt Empord\u00e0)<\/em>.\u00a0<\/span><\/li>\n<li style=\"font-weight: 400; text-align: justify;\" aria-level=\"1\"><span style=\"font-weight: 400;\"><strong>BibliotecAE: L&#8217;aparador, <\/strong>amb llibres tem\u00e0tics sobre biodiversitat i emerg\u00e8ncia clim\u00e0tica exposats a les diferents biblioteques de la comarca.<\/span><\/li>\n<li style=\"font-weight: 400; text-align: justify;\" aria-level=\"1\"><span style=\"font-weight: 400;\"><strong>BibliotecAE: Programaci\u00f3 de l&#8217;Hora del Conte<\/strong>, en els espais de les biblioteques, per a sensibilitzar les fam\u00edlies en la cura i protecci\u00f3 del medi ambient.<\/span><\/li>\n<li style=\"font-weight: 400; text-align: justify;\" aria-level=\"1\"><span style=\"font-weight: 400;\"><strong>Lliurament de punts de llibre<\/strong> a tot l\u2019alumnat de la Xarxa d&#8217;Escoles del Parc Natural de Cap de Creus (XEPNCC), a les persones usu\u00e0ries de les biblioteques p\u00fabliques de la comarca i als centres que sol\u00b7liciten en pr\u00e9stec la maleta. Edici\u00f3 limitada.<\/span><\/li>\n<\/ol>\n<table style=\"border-collapse: collapse; width: 102.612%; height: 488px;\">\n<tbody>\n<tr style=\"height: 35px;\">\n<td style=\"width: 79.9999%; text-align: center; height: 35px;\" colspan=\"4\"><strong><span style=\"font-size: 18pt; color: #33cccc;\">BibliotecAE: L&#8217;hora del conte <\/span><\/strong><span style=\"font-size: 12pt; color: #33cccc;\">2022-2023<\/span><\/td>\n<\/tr>\n<tr style=\"height: 32px;\">\n<td style=\"width: 23.1509%; text-align: center; height: 32px;\"><span style=\"font-size: 12pt;\"><strong>Biblioteca<\/strong><\/span><\/td>\n<td style=\"width: 21.1913%; text-align: center; height: 32px;\"><span style=\"font-size: 12pt;\"><strong>Data<\/strong><\/span><\/td>\n<td style=\"width: 11.859%; text-align: center; height: 32px;\"><span style=\"font-size: 12pt;\"><strong>Companyia<\/strong><\/span><\/td>\n<td style=\"width: 23.7987%; text-align: center; height: 32px;\"><span style=\"font-size: 12pt;\"><strong>Conte<\/strong><\/span><\/td>\n<\/tr>\n<tr style=\"height: 48px;\">\n<td style=\"width: 23.1509%; text-align: center; height: 48px;\">Biblioteca Jaume Vicens Vives (Roses)<\/td>\n<td style=\"width: 21.1913%; height: 48px;\">\n<p style=\"text-align: center;\">Dissabte,\u00a0 15 d&#8217;octubre, a les 11.30 h<\/p>\n<\/td>\n<td style=\"width: 11.859%; height: 48px;\"><i>Anna Vicens<\/i><\/td>\n<td style=\"width: 23.7987%; height: 48px;\"><i><strong>Quants arbres fan un bosc?\u00a0<\/strong><\/i><\/td>\n<\/tr>\n<tr style=\"height: 48px;\">\n<td style=\"width: 23.1509%; text-align: center; height: 48px;\">Biblioteca Ramon Bordas i Estragu\u00e9s (Castell\u00f3 d&#8217;Emp\u00faries)<\/td>\n<td style=\"width: 21.1913%; text-align: center; height: 48px;\">Dimecres, 19 d&#8217;octubre, 16:30 h<\/td>\n<td style=\"width: 11.859%; height: 48px;\"><i>La Sal d\u2019Olot<\/i><\/td>\n<td style=\"width: 23.7987%; height: 48px;\"><strong><i>Contes musicats sobre la natura<\/i><\/strong><\/td>\n<\/tr>\n<tr style=\"height: 33px;\">\n<td style=\"width: 23.1509%; text-align: center; height: 33px;\">Biblioteca <span style=\"font-weight: 400;\">Bonaventura Carles Aribau (<\/span>Garriguella)<\/td>\n<td style=\"width: 21.1913%; text-align: center; height: 33px;\">Divendres, 4 de novembre, a les 17 h<\/td>\n<td style=\"width: 11.859%; height: 33px;\"><i>Olga Cerc\u00f3s<\/i><\/td>\n<td style=\"width: 23.7987%; height: 33px;\"><strong><i>Contes per salvar el planeta<\/i><\/strong><\/td>\n<\/tr>\n<tr style=\"height: 50px;\">\n<td style=\"width: 23.1509%; text-align: center; height: 50px;\">Biblioteca Carles Bosch de la Trinxeria (La Jonquera)<\/td>\n<td style=\"width: 21.1913%; text-align: center; height: 50px;\">Divendres, 18 de novembre, a les 17 h<\/td>\n<td style=\"width: 11.859%; height: 50px;\"><i>Merc\u00e8 Crespo<\/i><\/td>\n<td style=\"width: 23.7987%; height: 50px;\"><strong><i>L\u2019extraterrestre que va descobrir la biodiversitat<\/i><\/strong><\/td>\n<\/tr>\n<tr style=\"height: 50px;\">\n<td style=\"width: 23.1509%; text-align: center; height: 50px;\">Biblioteca municipal del Port de la Selva<\/td>\n<td style=\"width: 21.1913%; text-align: center; height: 50px;\">Divendres, 18 de novembre, a les 15.30 h (a l&#8217;escola)<\/td>\n<td style=\"width: 11.859%; height: 50px;\"><i>Va de contes.<\/i><\/td>\n<td style=\"width: 23.7987%; height: 50px;\"><i><b>Va d&#8217;ecologia. Contes per salvar el planeta<\/b>\u00a0<\/i><\/td>\n<\/tr>\n<tr style=\"height: 48px;\">\n<td style=\"width: 23.1509%; text-align: center; height: 48px;\">Biblioteca Marta F\u00e0brega i Romans (Sant Pere Pescador)<\/td>\n<td style=\"width: 21.1913%; text-align: center; height: 48px;\">Dijous, 24 de novembre, a les 17.30 h<\/td>\n<td style=\"width: 11.859%; height: 48px;\"><i>La Min\u00fascula<\/i><\/td>\n<td style=\"width: 23.7987%; height: 48px;\"><strong><i>Contes verds per estimar el planeta<\/i><\/strong><\/td>\n<\/tr>\n<tr style=\"height: 48px;\">\n<td style=\"width: 23.1509%; text-align: center; height: 48px;\">Biblioteca Fages de Climent (Figueres)<\/td>\n<td style=\"width: 21.1913%; height: 48px; text-align: center; vertical-align: middle;\">\n<p style=\"text-align: center;\">Dissabte, 26 de novembre, a les 12 h<\/p>\n<\/td>\n<td style=\"width: 11.859%; height: 48px;\"><em>La Min\u00fascula<\/em><\/td>\n<td style=\"width: 23.7987%; height: 48px;\"><strong><i>Contes verds per estimar el nostre planeta<\/i><\/strong><\/td>\n<\/tr>\n<tr style=\"height: 48px;\">\n<td style=\"width: 23.1509%; text-align: center; height: 48px;\">Biblioteca Pere Calders (Llan\u00e7\u00e0)<\/td>\n<td style=\"width: 21.1913%; text-align: center; height: 48px;\">Dissabte, 26 de novembre, a les\u00a0 12h<\/td>\n<td style=\"width: 11.859%; height: 48px;\"><i>\u00a0David Planas<\/i><\/td>\n<td style=\"width: 23.7987%; height: 48px;\"><strong><i> Salvem-lo, salvem-nos<\/i><\/strong><\/td>\n<\/tr>\n<tr style=\"height: 48px;\">\n<td style=\"width: 23.1509%; text-align: center; height: 48px;\">Biblioteca V\u00edctor Catal\u00e0 (l&#8217;Escala)<\/td>\n<td style=\"width: 21.1913%; text-align: center; height: 48px;\">Divendres, 24 de febrer, a les 17.30 h<i>.<\/i><\/td>\n<td style=\"width: 11.859%; height: 48px;\"><i>Olga Cerc\u00f3s<\/i><\/td>\n<td style=\"width: 23.7987%; height: 48px;\"><strong><i>Contes per salvar el planeta<\/i><\/strong><\/td>\n<\/tr>\n<\/tbody>\n<\/table>\n<p>&nbsp;<\/p>\n<p><strong>Aparadors dissenyats per les biblioteques p\u00fabliques de la comarca amb m\u00e9s de 200 llibres sobre biodiversitat, emerg\u00e8ncia clim\u00e0tica i els parcs de la comarca.\u00a0<\/strong><\/p>\n<table style=\"border-collapse: collapse; width: 100%; height: 64px;\">\n<tbody>\n<tr style=\"height: 32px;\">\n<td style=\"width: 25%; height: 32px; text-align: center; vertical-align: top;\"><a href=\"https:\/\/serveiseducatius.xtec.cat\/altemporda\/wp-content\/uploads\/usu1156\/2022\/09\/BLlanca.png\"><img loading=\"lazy\" decoding=\"async\" class=\"alignnone size-full wp-image-18018\" src=\"https:\/\/serveiseducatius.xtec.cat\/altemporda\/wp-content\/uploads\/usu1156\/2022\/09\/BLlanca.png\" alt=\"\" width=\"384\" height=\"507\" \/><\/a><\/p>\n<p style=\"line-height: 0.5; text-align: center;\">Biblioteca Pere Calders<\/p>\n<p style=\"line-height: 0.5; text-align: center;\">(Llan\u00e7\u00e0)<\/p>\n<\/td>\n<td style=\"width: 25%; height: 32px; text-align: center; vertical-align: top;\"><a href=\"https:\/\/serveiseducatius.xtec.cat\/altemporda\/wp-content\/uploads\/usu1156\/2022\/09\/LaJonquera.jpg\"><img loading=\"lazy\" decoding=\"async\" class=\"alignnone size-large wp-image-18041\" src=\"https:\/\/serveiseducatius.xtec.cat\/altemporda\/wp-content\/uploads\/usu1156\/2022\/09\/LaJonquera-820x1024.jpg\" alt=\"\" width=\"820\" height=\"1024\" \/><\/a><\/p>\n<p style=\"line-height: 1; text-align: center;\">Biblioteca Carles Bosch de la Trinxeria<br \/>\n(La Jonquera)<\/p>\n<\/td>\n<td style=\"width: 25%; height: 32px; text-align: center; vertical-align: top;\"><a href=\"https:\/\/serveiseducatius.xtec.cat\/altemporda\/wp-content\/uploads\/usu1156\/2022\/09\/Garriguella.jpeg\"><img loading=\"lazy\" decoding=\"async\" class=\"alignnone wp-image-18042\" src=\"https:\/\/serveiseducatius.xtec.cat\/altemporda\/wp-content\/uploads\/usu1156\/2022\/09\/Garriguella-694x1024.jpeg\" alt=\"\" width=\"234\" height=\"346\" \/><\/a><\/p>\n<p style=\"line-height: 1; text-align: center;\">Biblioteca Bonaventura Carles Aribau<br \/>\nGarriguella)<\/p>\n<\/td>\n<td style=\"width: 25%; height: 32px; text-align: center; vertical-align: top;\"><img loading=\"lazy\" decoding=\"async\" class=\"size-large wp-image-18044 aligncenter\" src=\"https:\/\/serveiseducatius.xtec.cat\/altemporda\/wp-content\/uploads\/usu1156\/2022\/09\/Lescala.png\" alt=\"\" width=\"372\" height=\"481\" \/><\/p>\n<p style=\"line-height: 1; text-align: center;\">Biblioteca V\u00edctor Catal\u00e0<br \/>\n(l&#8217;Escala)<\/p>\n<\/td>\n<\/tr>\n<\/tbody>\n<\/table>\n<table style=\"border-collapse: collapse; width: 100%;\">\n<tbody>\n<tr>\n<td style=\"width: 33.3333%; text-align: center; vertical-align: top;\"><a href=\"https:\/\/serveiseducatius.xtec.cat\/altemporda\/wp-content\/uploads\/usu1156\/2022\/09\/Castello.png\"><img loading=\"lazy\" decoding=\"async\" class=\"alignnone size-full wp-image-18045\" src=\"https:\/\/serveiseducatius.xtec.cat\/altemporda\/wp-content\/uploads\/usu1156\/2022\/09\/Castello.png\" alt=\"\" width=\"495\" height=\"338\" srcset=\"https:\/\/serveiseducatius.xtec.cat\/altemporda\/wp-content\/uploads\/usu1156\/2022\/09\/Castello.png 495w, https:\/\/serveiseducatius.xtec.cat\/altemporda\/wp-content\/uploads\/usu1156\/2022\/09\/Castello-300x205.png 300w\" sizes=\"auto, (max-width: 495px) 100vw, 495px\" \/><\/a><\/p>\n<p style=\"line-height: 1; text-align: center;\">Biblioteca Ramon Bordas i Estragu\u00e9s<br \/>\n(Castell\u00f3 d&#8217;Emp\u00faries)<\/p>\n<\/td>\n<td style=\"width: 33.3333%; text-align: center; vertical-align: top;\"><a href=\"https:\/\/serveiseducatius.xtec.cat\/altemporda\/wp-content\/uploads\/usu1156\/2022\/09\/Roses.png\"><img loading=\"lazy\" decoding=\"async\" class=\"alignnone size-full wp-image-18047\" src=\"https:\/\/serveiseducatius.xtec.cat\/altemporda\/wp-content\/uploads\/usu1156\/2022\/09\/Roses.png\" alt=\"\" width=\"397\" height=\"295\" srcset=\"https:\/\/serveiseducatius.xtec.cat\/altemporda\/wp-content\/uploads\/usu1156\/2022\/09\/Roses.png 397w, https:\/\/serveiseducatius.xtec.cat\/altemporda\/wp-content\/uploads\/usu1156\/2022\/09\/Roses-300x223.png 300w, https:\/\/serveiseducatius.xtec.cat\/altemporda\/wp-content\/uploads\/usu1156\/2022\/09\/Roses-200x150.png 200w\" sizes=\"auto, (max-width: 397px) 100vw, 397px\" \/><\/a><\/p>\n<p style=\"line-height: 1; text-align: center;\">Biblioteca Jaume Vicens i Vives<br \/>\n(Roses)<\/p>\n<\/td>\n<td style=\"width: 33.3333%; text-align: center; vertical-align: top;\"><a href=\"https:\/\/serveiseducatius.xtec.cat\/altemporda\/wp-content\/uploads\/usu1156\/2022\/09\/figueres.png\"><img loading=\"lazy\" decoding=\"async\" class=\"alignnone size-full wp-image-18049\" src=\"https:\/\/serveiseducatius.xtec.cat\/altemporda\/wp-content\/uploads\/usu1156\/2022\/09\/figueres.png\" alt=\"\" width=\"470\" height=\"371\" srcset=\"https:\/\/serveiseducatius.xtec.cat\/altemporda\/wp-content\/uploads\/usu1156\/2022\/09\/figueres.png 470w, https:\/\/serveiseducatius.xtec.cat\/altemporda\/wp-content\/uploads\/usu1156\/2022\/09\/figueres-300x237.png 300w\" sizes=\"auto, (max-width: 470px) 100vw, 470px\" \/><\/a><\/p>\n<p style=\"line-height: 1; text-align: center;\">Biblioteca Fages de Climent<br \/>\n(Figueres)<\/p>\n<\/td>\n<\/tr>\n<\/tbody>\n<\/table>\n<table style=\"border-collapse: collapse; width: 100%;\">\n<tbody>\n<tr>\n<td style=\"width: 47.2292%;\"><img loading=\"lazy\" decoding=\"async\" class=\"wp-image-17685 aligncenter\" src=\"https:\/\/serveiseducatius.xtec.cat\/altemporda\/wp-content\/uploads\/usu1156\/2022\/09\/c4c115d6-4de2-4355-b513-578da1a22625-1024x768.jpg\" alt=\"\" width=\"422\" height=\"316\" srcset=\"https:\/\/serveiseducatius.xtec.cat\/altemporda\/wp-content\/uploads\/usu1156\/2022\/09\/c4c115d6-4de2-4355-b513-578da1a22625-1024x768.jpg 1024w, https:\/\/serveiseducatius.xtec.cat\/altemporda\/wp-content\/uploads\/usu1156\/2022\/09\/c4c115d6-4de2-4355-b513-578da1a22625-300x225.jpg 300w, https:\/\/serveiseducatius.xtec.cat\/altemporda\/wp-content\/uploads\/usu1156\/2022\/09\/c4c115d6-4de2-4355-b513-578da1a22625-768x576.jpg 768w, https:\/\/serveiseducatius.xtec.cat\/altemporda\/wp-content\/uploads\/usu1156\/2022\/09\/c4c115d6-4de2-4355-b513-578da1a22625-1536x1152.jpg 1536w, https:\/\/serveiseducatius.xtec.cat\/altemporda\/wp-content\/uploads\/usu1156\/2022\/09\/c4c115d6-4de2-4355-b513-578da1a22625-200x150.jpg 200w, https:\/\/serveiseducatius.xtec.cat\/altemporda\/wp-content\/uploads\/usu1156\/2022\/09\/c4c115d6-4de2-4355-b513-578da1a22625.jpg 1600w\" sizes=\"auto, (max-width: 422px) 100vw, 422px\" \/><\/td>\n<td style=\"width: 52.7708%;\"><a href=\"https:\/\/serveiseducatius.xtec.cat\/altemporda\/wp-content\/uploads\/usu1156\/2022\/10\/F33C_biblioteca-1.jpg\"><img loading=\"lazy\" decoding=\"async\" class=\"alignnone size-large wp-image-18171\" src=\"https:\/\/serveiseducatius.xtec.cat\/altemporda\/wp-content\/uploads\/usu1156\/2022\/10\/F33C_biblioteca-1-1024x576.jpg\" alt=\"\" width=\"1024\" height=\"576\" srcset=\"https:\/\/serveiseducatius.xtec.cat\/altemporda\/wp-content\/uploads\/usu1156\/2022\/10\/F33C_biblioteca-1-1024x576.jpg 1024w, https:\/\/serveiseducatius.xtec.cat\/altemporda\/wp-content\/uploads\/usu1156\/2022\/10\/F33C_biblioteca-1-300x169.jpg 300w, https:\/\/serveiseducatius.xtec.cat\/altemporda\/wp-content\/uploads\/usu1156\/2022\/10\/F33C_biblioteca-1-768x432.jpg 768w, https:\/\/serveiseducatius.xtec.cat\/altemporda\/wp-content\/uploads\/usu1156\/2022\/10\/F33C_biblioteca-1.jpg 1040w\" sizes=\"auto, (max-width: 1024px) 100vw, 1024px\" \/><\/a><\/td>\n<\/tr>\n<\/tbody>\n<\/table>\n<p>&nbsp;<\/p>\n<p><a href=\"https:\/\/serveiseducatius.xtec.cat\/altemporda\/wp-content\/uploads\/usu1156\/2022\/09\/Xarxa.png\"><img loading=\"lazy\" decoding=\"async\" class=\"size-full wp-image-17798 aligncenter\" src=\"https:\/\/serveiseducatius.xtec.cat\/altemporda\/wp-content\/uploads\/usu1156\/2022\/09\/Xarxa.png\" alt=\"\" width=\"931\" height=\"341\" srcset=\"https:\/\/serveiseducatius.xtec.cat\/altemporda\/wp-content\/uploads\/usu1156\/2022\/09\/Xarxa.png 931w, https:\/\/serveiseducatius.xtec.cat\/altemporda\/wp-content\/uploads\/usu1156\/2022\/09\/Xarxa-300x110.png 300w, https:\/\/serveiseducatius.xtec.cat\/altemporda\/wp-content\/uploads\/usu1156\/2022\/09\/Xarxa-768x281.png 768w\" sizes=\"auto, (max-width: 931px) 100vw, 931px\" \/><\/a><\/p>\n","protected":false},"excerpt":{"rendered":"<p>El projecte BioLectures-A punt de llegir vol contribuir al desenvolupament dels objectius de desenvolupament sostenible (ODS) 13 i 14, que estan relacionats amb l\u2019adopci\u00f3 de mesures urgents per combatre el canvi clim\u00e0tic i els seus efectes i la protecci\u00f3 dels oceans i mars. A partir del projecte es pret\u00e9n promoure el comprom\u00eds i l\u2019acci\u00f3 en [&hellip;]<\/p>\n","protected":false},"author":1,"featured_media":0,"parent":15967,"menu_order":0,"comment_status":"closed","ping_status":"closed","template":"","meta":{"_bbp_topic_count":0,"_bbp_reply_count":0,"_bbp_total_topic_count":0,"_bbp_total_reply_count":0,"_bbp_voice_count":0,"_bbp_anonymous_reply_count":0,"_bbp_topic_count_hidden":0,"_bbp_reply_count_hidden":0,"_bbp_forum_subforum_count":0,"site-sidebar-layout":"default","site-content-layout":"","ast-site-content-layout":"","site-content-style":"default","site-sidebar-style":"default","ast-global-header-display":"","ast-banner-title-visibility":"","ast-main-header-display":"","ast-hfb-above-header-display":"","ast-hfb-below-header-display":"","ast-hfb-mobile-header-display":"","site-post-title":"","ast-breadcrumbs-content":"","ast-featured-img":"","footer-sml-layout":"","theme-transparent-header-meta":"","adv-header-id-meta":"","stick-header-meta":"","header-above-stick-meta":"","header-main-stick-meta":"","header-below-stick-meta":"","astra-migrate-meta-layouts":"default","ast-page-background-enabled":"default","ast-page-background-meta":{"desktop":{"background-color":"var(--ast-global-color-4)","background-image":"","background-repeat":"repeat","background-position":"center center","background-size":"auto","background-attachment":"scroll","background-type":"","background-media":"","overlay-type":"","overlay-color":"","overlay-opacity":"","overlay-gradient":""},"tablet":{"background-color":"","background-image":"","background-repeat":"repeat","background-position":"center center","background-size":"auto","background-attachment":"scroll","background-type":"","background-media":"","overlay-type":"","overlay-color":"","overlay-opacity":"","overlay-gradient":""},"mobile":{"background-color":"","background-image":"","background-repeat":"repeat","background-position":"center center","background-size":"auto","background-attachment":"scroll","background-type":"","background-media":"","overlay-type":"","overlay-color":"","overlay-opacity":"","overlay-gradient":""}},"ast-content-background-meta":{"desktop":{"background-color":"var(--ast-global-color-5)","background-image":"","background-repeat":"repeat","background-position":"center center","background-size":"auto","background-attachment":"scroll","background-type":"","background-media":"","overlay-type":"","overlay-color":"","overlay-opacity":"","overlay-gradient":""},"tablet":{"background-color":"var(--ast-global-color-5)","background-image":"","background-repeat":"repeat","background-position":"center center","background-size":"auto","background-attachment":"scroll","background-type":"","background-media":"","overlay-type":"","overlay-color":"","overlay-opacity":"","overlay-gradient":""},"mobile":{"background-color":"var(--ast-global-color-5)","background-image":"","background-repeat":"repeat","background-position":"center center","background-size":"auto","background-attachment":"scroll","background-type":"","background-media":"","overlay-type":"","overlay-color":"","overlay-opacity":"","overlay-gradient":""}},"footnotes":""},"class_list":["post-17661","page","type-page","status-publish","hentry"],"post_mailing_queue_ids":[],"_links":{"self":[{"href":"https:\/\/serveiseducatius.xtec.cat\/altemporda\/wp-json\/wp\/v2\/pages\/17661","targetHints":{"allow":["GET"]}}],"collection":[{"href":"https:\/\/serveiseducatius.xtec.cat\/altemporda\/wp-json\/wp\/v2\/pages"}],"about":[{"href":"https:\/\/serveiseducatius.xtec.cat\/altemporda\/wp-json\/wp\/v2\/types\/page"}],"author":[{"embeddable":true,"href":"https:\/\/serveiseducatius.xtec.cat\/altemporda\/wp-json\/wp\/v2\/users\/1"}],"replies":[{"embeddable":true,"href":"https:\/\/serveiseducatius.xtec.cat\/altemporda\/wp-json\/wp\/v2\/comments?post=17661"}],"version-history":[{"count":6,"href":"https:\/\/serveiseducatius.xtec.cat\/altemporda\/wp-json\/wp\/v2\/pages\/17661\/revisions"}],"predecessor-version":[{"id":18173,"href":"https:\/\/serveiseducatius.xtec.cat\/altemporda\/wp-json\/wp\/v2\/pages\/17661\/revisions\/18173"}],"up":[{"embeddable":true,"href":"https:\/\/serveiseducatius.xtec.cat\/altemporda\/wp-json\/wp\/v2\/pages\/15967"}],"wp:attachment":[{"href":"https:\/\/serveiseducatius.xtec.cat\/altemporda\/wp-json\/wp\/v2\/media?parent=17661"}],"curies":[{"name":"wp","href":"https:\/\/api.w.org\/{rel}","templated":true}]}}