{"id":17632,"date":"2022-09-07T08:45:48","date_gmt":"2022-09-07T06:45:48","guid":{"rendered":"https:\/\/serveiseducatius.xtec.cat\/altemporda\/?page_id=17632"},"modified":"2023-09-14T09:16:52","modified_gmt":"2023-09-14T07:16:52","slug":"biolectures-colleccio-parcs-naturals","status":"publish","type":"page","link":"https:\/\/serveiseducatius.xtec.cat\/altemporda\/xarxa-descoles-del-pn-cap-de-creus\/biolectures\/biolectures-colleccio-parcs-naturals\/","title":{"rendered":"Biolectures: Col\u00b7lecci\u00f3 parcs naturals"},"content":{"rendered":"<p>Aquesta maleta pedag\u00f2gica recull els materials did\u00e0ctics publicats pels diferents parcs naturals de Catalunya que tenen una relaci\u00f3 espec\u00edfica amb l&#8217;ecosistema del Parc Natural de Cap de Creus.<\/p>\n<p>Accedeix al <span style=\"font-size: 14pt;\"><a href=\"https:\/\/www.mediateca.cat\/altemporda\/recursos\/\" target=\"_blank\" rel=\"noopener\"><span style=\"font-size: 18pt;\">pr\u00e9stec<\/span> <\/a><span style=\"font-size: 12pt;\">de la maleta. Tamb\u00e9 podeu consultar i descarregar els materials en format <em>pdf<\/em> clicant damunt les imatges.<\/span><\/span><\/p>\n<div class=\"fila engrandeix img;\">\n<div class=\"columna\" style=\"width: 20%;\"><a href=\"https:\/\/drive.google.com\/file\/d\/1FXJhHMTvcPCqjmPkmlGcXSq4j2ZJv-6P\/view?usp=sharing\" target=\"_blank\" rel=\"noopener noreferrer\"><img decoding=\"async\" style=\"border: 1px solid #555;\" src=\"https:\/\/serveiseducatius.xtec.cat\/altemporda\/wp-content\/uploads\/usu1156\/2022\/09\/Cpn-1.png\" width=\"90%\" \/><\/a><\/div>\n<div class=\"columna\" style=\"width: 20%;\"><a href=\"https:\/\/drive.google.com\/file\/d\/1O3CggquNJdHBaK0qfqTsUCqCAh1W3_V0\/view?usp=sharing\" target=\"_blank\" rel=\"noopener noreferrer\"><img decoding=\"async\" style=\"border: 1px solid #555;\" src=\"https:\/\/serveiseducatius.xtec.cat\/altemporda\/wp-content\/uploads\/usu1156\/2022\/09\/Cpn-2.png\" width=\"90%\" \/><\/a><\/div>\n<div class=\"columna\" style=\"width: 20%;\"><a href=\"http:\/\/www.ecase-pnrc.fr\/wp-content\/uploads\/2020\/07\/prats_posidonia-Catalan_compressed.pdf?usp=sharing\" target=\"_blank\" rel=\"noopener noreferrer\"><img decoding=\"async\" style=\"border: 1px solid #555;\" src=\"https:\/\/serveiseducatius.xtec.cat\/altemporda\/wp-content\/uploads\/usu1156\/2022\/09\/baixa.jpg\" width=\"90%\" \/><\/a><\/div>\n<div class=\"columna\" style=\"width: 20%;\"><a href=\"http:\/\/www.gencat.cat\/mediamb\/publicacions\/monografies\/prats_posidonia_guia_alumnat.pdf?usp=sharing\" target=\"_blank\" rel=\"noopener noreferrer\"><img decoding=\"async\" style=\"border: 1px solid #555;\" src=\"https:\/\/serveiseducatius.xtec.cat\/altemporda\/wp-content\/uploads\/usu1156\/2022\/09\/13356548.jpg\" width=\"90%\" \/><\/a><\/div>\n<div class=\"columna\" style=\"width: 20%;\"><a href=\"http:\/\/www.gencat.cat\/mediamb\/publicacions\/monografies\/prats_posidonia_guia_professorat.pdf\" target=\"_blank\" rel=\"noopener noreferrer\"><img decoding=\"async\" style=\"border: 1px solid #555;\" src=\"https:\/\/serveiseducatius.xtec.cat\/altemporda\/wp-content\/uploads\/usu1156\/2022\/09\/Posidonia-quadern-del-professorat.png\" width=\"90%\" \/><\/a><\/div>\n<\/div>\n<div class=\"fila engrandeix img;\">\n<div class=\"columna\" style=\"width: 20%;\"><a href=\"https:\/\/drive.google.com\/file\/d\/12Y_rn3rpT2Q-43JyQ8Tjw2vmmgC-gM4S\/view?usp=share_link\" target=\"_blank\" rel=\"noopener noreferrer\"><img decoding=\"async\" style=\"border: 1px solid #555;\" src=\"https:\/\/serveiseducatius.xtec.cat\/altemporda\/wp-content\/uploads\/usu1156\/2023\/04\/La-Faronera.png\" width=\"90%\" \/><\/a><\/div>\n<div class=\"columna\" style=\"width: 20%;\"><a href=\"https:\/\/drive.google.com\/file\/d\/15MUH1U_ncqgptqt4qFZO58N5ZwrU9JDP\/preview\" target=\"_blank\" rel=\"noopener noreferrer\"><img decoding=\"async\" class=\"alignnone\" style=\"border: 1px solid #555;\" src=\"https:\/\/serveiseducatius.xtec.cat\/altemporda\/wp-content\/uploads\/usu1156\/2023\/04\/01.png\" alt=\"\" width=\"90%\" \/><\/a><\/div>\n<div class=\"columna\" style=\"width: 20%;\"><a href=\"https:\/\/drive.google.com\/file\/d\/1MUFE3CjWLBBZk48VhAEW_BaD9dC8EQQ7\/preview\" target=\"_blank\" rel=\"noopener noreferrer\"><img decoding=\"async\" class=\"alignnone\" style=\"border: 1px solid #555;\" src=\"https:\/\/serveiseducatius.xtec.cat\/altemporda\/wp-content\/uploads\/usu1156\/2023\/04\/012.png\" alt=\"\" width=\"90%\" \/><\/a><\/div>\n<div class=\"columna\" style=\"width: 20%;\"><a href=\"https:\/\/www.secs.com.es\/wp-content\/uploads\/2016\/04\/vivir-en-el-suelo.pdf\" target=\"_blank\" rel=\"noopener noreferrer\"><img decoding=\"async\" style=\"border: 1px solid #555;\" src=\"https:\/\/serveiseducatius.xtec.cat\/altemporda\/wp-content\/uploads\/usu1156\/2022\/11\/guia-didactica-.png\" width=\"90%\" \/><\/a><\/div>\n<div class=\"columna\" style=\"width: 20%;\"><a href=\"https:\/\/drive.google.com\/file\/d\/1M4_DV7-TZdHDEl9izayf1PTHFxOoK0B4\/preview\" target=\"_blank\" rel=\"noopener noreferrer\"><img decoding=\"async\" style=\"border: 1px solid #555;\" src=\"https:\/\/serveiseducatius.xtec.cat\/altemporda\/wp-content\/uploads\/usu1156\/2022\/11\/viure-al-sol.png\" width=\"90%\" \/><\/a><\/div>\n<\/div>\n<div class=\"fila engrandeix img;\">\n<div class=\"columna\" style=\"width: 20%;\"><a href=\"https:\/\/drive.google.com\/file\/d\/1f643hJM0BvFZIOfX8UlkTj68llpufJsS\/preview\" target=\"_blank\" rel=\"noopener noreferrer\"><img decoding=\"async\" style=\"border: 1px solid #555;\" src=\"https:\/\/serveiseducatius.xtec.cat\/altemporda\/wp-content\/uploads\/usu1156\/2022\/11\/El-retorn-de-la-naiade.png\" width=\"90%\" \/><\/a><\/div>\n<div class=\"columna\" style=\"width: 20%;\"><a href=\"http:\/\/www.gencat.cat\/mediamb\/ea\/pdfs\/cabirol1.pdf?usp=sharing\" target=\"_blank\" rel=\"noopener noreferrer\"><img decoding=\"async\" style=\"border: 1px solid #555;\" src=\"https:\/\/serveiseducatius.xtec.cat\/altemporda\/wp-content\/uploads\/usu1156\/2022\/09\/Cpn-5.png\" width=\"90%\" \/><\/a><\/div>\n<div class=\"columna\" style=\"width: 20%;\"><a href=\"https:\/\/drive.google.com\/file\/d\/1TtRbcXZsZOqgLDEvpg3UrjjzdziNJ0yU\/preview\" target=\"_blank\" rel=\"noopener noreferrer\"><img decoding=\"async\" style=\"border: 1px solid #555;\" src=\"https:\/\/serveiseducatius.xtec.cat\/altemporda\/wp-content\/uploads\/usu1156\/2022\/10\/Tortuga.png\" width=\"90%\" \/><\/a><\/div>\n<div class=\"columna\" style=\"width: 20%;\"><a href=\"https:\/\/drive.google.com\/file\/d\/1HfkKBUHwE03Vf0nJBcrJIo6SymhGTzK2\/preview\" target=\"_blank\" rel=\"noopener noreferrer\"><img decoding=\"async\" style=\"border: 1px solid #555;\" src=\"https:\/\/serveiseducatius.xtec.cat\/altemporda\/wp-content\/uploads\/usu1156\/2022\/10\/Lludriga.png\" width=\"90%\" \/><\/a><\/div>\n<div class=\"columna\" style=\"width: 20%;\"><a href=\"https:\/\/www.museudelamediterrania.cat\/pujades\/files\/conte_neret.pdf?usp=sharing\" target=\"_blank\" rel=\"noopener noreferrer\"><img decoding=\"async\" style=\"border: 1px solid #555;\" src=\"https:\/\/serveiseducatius.xtec.cat\/altemporda\/wp-content\/uploads\/usu1156\/2022\/09\/Cpn-7.png\" width=\"90%\" \/><\/a><\/div>\n<\/div>\n<div class=\"fila engrandeix img;\">\n<div class=\"columna\" style=\"width: 20%;\"><a href=\"http:\/\/www.gencat.cat\/mediamb\/publicacions\/monografies\/anguila_espectacular_viatge.pdf?usp=sharing\" target=\"_blank\" rel=\"noopener noreferrer\"><img decoding=\"async\" style=\"border: 1px solid #555;\" src=\"https:\/\/serveiseducatius.xtec.cat\/altemporda\/wp-content\/uploads\/usu1156\/2022\/09\/Cpn-6.png\" width=\"90%\" \/><\/a><\/div>\n<div class=\"columna\" style=\"width: 20%;\"><a href=\"https:\/\/drive.google.com\/file\/d\/1Ig1NCpE3YwoJy0OyXQyBMVlnqjQf9M71\/preview\" target=\"_blank\" rel=\"noopener noreferrer\"><img decoding=\"async\" style=\"border: 1px solid #555;\" src=\"https:\/\/serveiseducatius.xtec.cat\/altemporda\/wp-content\/uploads\/usu1156\/2022\/11\/culip-IV_portada.png\" width=\"90%\" \/><\/a><\/div>\n<div class=\"columna\" style=\"width: 20%;\"><a href=\"http:\/\/www.gencat.cat\/mediamb\/publicacions\/monografies\/abelles_mel.pdf?usp=sharing\" target=\"_blank\" rel=\"noopener noreferrer\"><img decoding=\"async\" style=\"border: 1px solid #555;\" src=\"https:\/\/serveiseducatius.xtec.cat\/altemporda\/wp-content\/uploads\/usu1156\/2022\/09\/Cpn-8aptura.png\" width=\"90%\" \/><\/a><\/div>\n<div class=\"columna\" style=\"width: 20%;\"><a href=\"https:\/\/seu.ddgi.cat\/web\/recursos\/document\/11735\/12335\/Els_tres_senglars_i_el_gran_incendi_forestal.pdf?usp=sharing\" target=\"_blank\" rel=\"noopener noreferrer\"><img decoding=\"async\" style=\"border: 1px solid #555;\" src=\"https:\/\/serveiseducatius.xtec.cat\/altemporda\/wp-content\/uploads\/usu1156\/2022\/09\/Cpn9.png\" width=\"90%\" \/><\/a><\/div>\n<div class=\"columna\" style=\"width: 20%;\"><\/div>\n<\/div>\n<p>&nbsp;<\/p>\n<div class=\"fila engrandeix img;\">\n<div class=\"columna\" style=\"width: 20%;\"><a href=\"https:\/\/drive.google.com\/file\/d\/1_jWtFjRjzTY8mRBmiLByQfAy-OpoZqqN\/view\" target=\"_blank\" rel=\"noopener noreferrer\"><img decoding=\"async\" style=\"border: 1px solid #555;\" src=\"https:\/\/serveiseducatius.xtec.cat\/altemporda\/wp-content\/uploads\/usu1156\/2022\/09\/Cpn10.png\" width=\"90%\" \/><\/a><\/div>\n<div class=\"columna\" style=\"width: 20%;\"><a href=\"https:\/\/serveiseducatius.xtec.cat\/altemporda\/wp-content\/uploads\/usu1156\/2022\/09\/841477450013-1.jpg?usp=sharing\" target=\"_blank\" rel=\"noopener noreferrer\"><img decoding=\"async\" style=\"border: 1px solid #555;\" src=\"https:\/\/serveiseducatius.xtec.cat\/altemporda\/wp-content\/uploads\/usu1156\/2022\/09\/841477450013-1.jpg\" width=\"90%\" \/><\/a><\/div>\n<div class=\"columna\" style=\"width: 20%;\"><\/div>\n<div class=\"columna\" style=\"width: 20%;\"><\/div>\n<div class=\"columna\" style=\"width: 20%;\"><\/div>\n<\/div>\n<p>&nbsp;<\/p>\n","protected":false},"excerpt":{"rendered":"<p>Aquesta maleta pedag\u00f2gica recull els materials did\u00e0ctics publicats pels diferents parcs naturals de Catalunya que tenen una relaci\u00f3 espec\u00edfica amb l&#8217;ecosistema del Parc Natural de Cap de Creus. Accedeix al pr\u00e9stec de la maleta. Tamb\u00e9 podeu consultar i descarregar els materials en format pdf clicant damunt les imatges. &nbsp; &nbsp;<\/p>\n","protected":false},"author":1,"featured_media":0,"parent":15967,"menu_order":0,"comment_status":"closed","ping_status":"closed","template":"","meta":{"_bbp_topic_count":0,"_bbp_reply_count":0,"_bbp_total_topic_count":0,"_bbp_total_reply_count":0,"_bbp_voice_count":0,"_bbp_anonymous_reply_count":0,"_bbp_topic_count_hidden":0,"_bbp_reply_count_hidden":0,"_bbp_forum_subforum_count":0,"site-sidebar-layout":"default","site-content-layout":"","ast-site-content-layout":"","site-content-style":"default","site-sidebar-style":"default","ast-global-header-display":"","ast-banner-title-visibility":"","ast-main-header-display":"","ast-hfb-above-header-display":"","ast-hfb-below-header-display":"","ast-hfb-mobile-header-display":"","site-post-title":"","ast-breadcrumbs-content":"","ast-featured-img":"","footer-sml-layout":"","theme-transparent-header-meta":"","adv-header-id-meta":"","stick-header-meta":"","header-above-stick-meta":"","header-main-stick-meta":"","header-below-stick-meta":"","astra-migrate-meta-layouts":"default","ast-page-background-enabled":"default","ast-page-background-meta":{"desktop":{"background-color":"var(--ast-global-color-4)","background-image":"","background-repeat":"repeat","background-position":"center center","background-size":"auto","background-attachment":"scroll","background-type":"","background-media":"","overlay-type":"","overlay-color":"","overlay-opacity":"","overlay-gradient":""},"tablet":{"background-color":"","background-image":"","background-repeat":"repeat","background-position":"center center","background-size":"auto","background-attachment":"scroll","background-type":"","background-media":"","overlay-type":"","overlay-color":"","overlay-opacity":"","overlay-gradient":""},"mobile":{"background-color":"","background-image":"","background-repeat":"repeat","background-position":"center center","background-size":"auto","background-attachment":"scroll","background-type":"","background-media":"","overlay-type":"","overlay-color":"","overlay-opacity":"","overlay-gradient":""}},"ast-content-background-meta":{"desktop":{"background-color":"var(--ast-global-color-5)","background-image":"","background-repeat":"repeat","background-position":"center center","background-size":"auto","background-attachment":"scroll","background-type":"","background-media":"","overlay-type":"","overlay-color":"","overlay-opacity":"","overlay-gradient":""},"tablet":{"background-color":"var(--ast-global-color-5)","background-image":"","background-repeat":"repeat","background-position":"center center","background-size":"auto","background-attachment":"scroll","background-type":"","background-media":"","overlay-type":"","overlay-color":"","overlay-opacity":"","overlay-gradient":""},"mobile":{"background-color":"var(--ast-global-color-5)","background-image":"","background-repeat":"repeat","background-position":"center center","background-size":"auto","background-attachment":"scroll","background-type":"","background-media":"","overlay-type":"","overlay-color":"","overlay-opacity":"","overlay-gradient":""}},"footnotes":""},"class_list":["post-17632","page","type-page","status-publish","hentry"],"post_mailing_queue_ids":[],"_links":{"self":[{"href":"https:\/\/serveiseducatius.xtec.cat\/altemporda\/wp-json\/wp\/v2\/pages\/17632","targetHints":{"allow":["GET"]}}],"collection":[{"href":"https:\/\/serveiseducatius.xtec.cat\/altemporda\/wp-json\/wp\/v2\/pages"}],"about":[{"href":"https:\/\/serveiseducatius.xtec.cat\/altemporda\/wp-json\/wp\/v2\/types\/page"}],"author":[{"embeddable":true,"href":"https:\/\/serveiseducatius.xtec.cat\/altemporda\/wp-json\/wp\/v2\/users\/1"}],"replies":[{"embeddable":true,"href":"https:\/\/serveiseducatius.xtec.cat\/altemporda\/wp-json\/wp\/v2\/comments?post=17632"}],"version-history":[{"count":2,"href":"https:\/\/serveiseducatius.xtec.cat\/altemporda\/wp-json\/wp\/v2\/pages\/17632\/revisions"}],"predecessor-version":[{"id":21182,"href":"https:\/\/serveiseducatius.xtec.cat\/altemporda\/wp-json\/wp\/v2\/pages\/17632\/revisions\/21182"}],"up":[{"embeddable":true,"href":"https:\/\/serveiseducatius.xtec.cat\/altemporda\/wp-json\/wp\/v2\/pages\/15967"}],"wp:attachment":[{"href":"https:\/\/serveiseducatius.xtec.cat\/altemporda\/wp-json\/wp\/v2\/media?parent=17632"}],"curies":[{"name":"wp","href":"https:\/\/api.w.org\/{rel}","templated":true}]}}