{"id":17464,"date":"2022-06-14T10:24:25","date_gmt":"2022-06-14T08:24:25","guid":{"rendered":"https:\/\/serveiseducatius.xtec.cat\/altemporda\/?page_id=17464"},"modified":"2022-12-19T13:49:06","modified_gmt":"2022-12-19T12:49:06","slug":"festes-escolars-sostenibles","status":"publish","type":"page","link":"https:\/\/serveiseducatius.xtec.cat\/altemporda\/xarxa-descoles-del-pn-cap-de-creus\/campanyes-ambientals\/festes-escolars-sostenibles\/","title":{"rendered":"Festes escolars sostenibles"},"content":{"rendered":"<p><img loading=\"lazy\" decoding=\"async\" class=\"wp-image-18191 alignleft\" src=\"https:\/\/serveiseducatius.xtec.cat\/altemporda\/wp-content\/uploads\/usu1156\/2022\/10\/OG.png\" alt=\"\" width=\"391\" height=\"297\" srcset=\"https:\/\/serveiseducatius.xtec.cat\/altemporda\/wp-content\/uploads\/usu1156\/2022\/10\/OG.png 488w, https:\/\/serveiseducatius.xtec.cat\/altemporda\/wp-content\/uploads\/usu1156\/2022\/10\/OG-300x228.png 300w\" sizes=\"auto, (max-width: 391px) 100vw, 391px\" \/><\/p>\n<div class=\"et_pb_module et_pb_text et_pb_text_0 et_pb_text_align_left et_pb_bg_layout_light\">\n<div class=\"et_pb_text_inner\">\n<p style=\"text-align: justify;\">Us heu plantejat fer una festa m\u00e9s sostenible? Una festa de residus zero? Una eco-festa?<\/p>\n<div style=\"text-align: justify;\" data-canvas-width=\"252.99968623462308\">\n<p style=\"text-align: justify;\">Les festes s\u00f3n moments de celebraci\u00f3 molt importants per a les escoles. Son un moment on es retroba tota la comunitat educativa: fam\u00edlies, infants i mestres. Incomprensiblement les festes escolars acostumen a generar una gran quantitat de residus, molts dels quals son dif\u00edcils de reciclar.<\/p>\n<p style=\"text-align: justify;\">Us hem preparat 10 consells perqu\u00e8 aconseguiu fer una festa m\u00e9s sostenible al vostre centre.<\/p>\n<p>&nbsp;<\/p>\n<\/div>\n<\/div>\n<\/div>\n<div class=\"et_pb_module et_pb_text et_pb_text_1 et_pb_text_align_left et_pb_bg_layout_light\" style=\"text-align: justify;\">\n<div class=\"et_pb_text_inner\">\n<h3 style=\"text-align: justify;\"><span style=\"color: #008000;\">1. Equip verd<\/span><\/h3>\n<p style=\"text-align: justify;\">Aquest equip format per fam\u00edlies, mestres, nens i nenes, monitors\/es\u2026 es pot encarregar de tots els temes ambientals de la festa. Per aconseguir que les mesures ambientals tinguin \u00e8xit \u00e9s molt rellevant la participaci\u00f3 de tots els assistents i la bona comunicaci\u00f3. Aquest equip o comissi\u00f3 verda s\u2019hauria d\u2019encarregar de la planificaci\u00f3, la comunicaci\u00f3 i la crida a la participaci\u00f3 de tota a la comunitat.<\/p>\n<h3><span style=\"color: #008000;\">2. Comunicaci\u00f3 i difusi\u00f3<\/span><\/h3>\n<p>Per tal que la festa sigui el m\u00e0xim de sostenible possible hem de fer una<strong> bona difusi\u00f3 de totes les accions<\/strong> per la sostenibilitat que durem a terme. La comunicaci\u00f3 amb les fam\u00edlies participants l\u2019haur\u00edem de fer priorit\u00e0riament per mitjans electr\u00f2nics (email, WhatsApp, Web de l\u2019escola, de l\u2019AMPA o l\u2019esplai, Xarxes Socials\u2026). Si a m\u00e9s a m\u00e9s volem fer algun cartell en format gran, hauria de ser amb paper o cart\u00f3 reciclat per minimitzar el seu impacte.<\/p>\n<h3><span style=\"color: #008000;\">3. Vaixella i gots reutilitzables o compostables<\/span><\/h3>\n<p>Per aconseguir una festa m\u00e9s sostenible un dels elements clau \u00e9s la vaixella i els gots. Hi ha diverses opcions molt m\u00e9s ecol\u00f2giques que fer servir plats i gots de pl\u00e0stic d\u2019un sol \u00fas. Aix\u00ed, hi ha moltes Escoles Verdes que ja estan fent servir a les seves festes els seg\u00fcents sistemes:<\/p>\n<ul>\n<li><strong>Gots de pl\u00e0stic reutilitzables<\/strong><br \/>\nHi ha moltes empreses que lloguen o venen gots de pl\u00e0stic reutilitzables, nom\u00e9s cal que feu una bona cerca a Internet i trobareu diverses opcions. S\u2019haurien d\u2019especificar els punts de recollida dels gots reutilitzables i explicar b\u00e9 el funcionament als participants.<\/li>\n<li><strong>Vaixella compostable<\/strong><br \/>\nSi s\u2019opta per aquesta opci\u00f3, s\u2019ha d\u2019informar molt b\u00e9 als assistents que la vaixella compostable s\u2019ha de llen\u00e7ar als contenidors de mat\u00e8ria org\u00e0nica, i senyalitzar molt b\u00e9 on es troben aquests contenidors a dins la festa. Hi ha diverses empreses que venen vaixella compostable i biodegradable, a Internet trobareu diverses opcions i preus.<\/li>\n<li><strong>Vaixella de casa.<br \/>\n<\/strong>Algunes escoles han optat per informar a les fam\u00edlies que cal dur la vaixella de casa per celebrar la festa (gots, coberts i plats) per\u00f2 aquesta no ha de ser d&#8217;un sol \u00fas. Cal informar molt b\u00e9 a la fam\u00edlia per qu\u00e8 ho fem. \u00c9s molt important donar a con\u00e8ixer a les fam\u00edlies l&#8217;estalvi de residus que suposa aquesta opci\u00f3 mitjan\u00e7ant cartells, infografies, etc. No costa res fer una estimaci\u00f3 aproximada del que suposaria si totes les festes del municipi utilitzessin el mateix principi de sostenibilitat.<\/li>\n<li><strong>Suports comestibles per servir el menjar<\/strong><br \/>\nPer reduir la quantitat de material necessari per a la festa podem pensar en un men\u00fa que inclogui aliments com llesques de pa, pizzes, empanades, etc. que ja puguin servir de suport i amb un tovall\u00f3 que els acompanyi n\u2019hi hagi prou.<\/li>\n<\/ul>\n<h3><span style=\"color: #008000;\">4. Envasos de begudes i menjar<\/span><\/h3>\n<p>Quan planifiquem la compra de les begudes i el menjar que necessitarem, hem de prioritzar els envasos de vidre, ja que s\u00f3n m\u00e9s f\u00e0cils de reciclar que les llaunes i el pl\u00e0stic. A m\u00e9s a m\u00e9s, si \u00e9s possible, intentem comprar begudes en envasos retornables o bidons i evitem els Tetra Briks i el paper d\u2019alumini, molt contaminants.<\/p>\n<h3><span style=\"color: #008000;\">5. La quantitat de menjar<\/span><\/h3>\n<p>A les festes sovint \u00e9s dif\u00edcil calcular la quantitat de menjar que necessitarem i acostuma a sobrar menjar. Per\u00f2 si volem lluitar contra al malbaratament alimentari, hem d\u2019intentar calcular les quantitats tan ajustades com sigui possible. I si sobra menjar, hem d\u2019intentar evitar que vagi a parar directament a les escombraries, sin\u00f3 que es reutilitzi a les llars on sigui necessari. Per aix\u00f2 podeu <strong>contactar amb alguna entitat social de la vostra localitat<\/strong>\u00a0que faci el servei de recollida d\u2019aliments per a la seva redistribuci\u00f3. Si aix\u00f2 no \u00e9s possible, es poden\u00a0<strong>repartir carmanyoles amb el menjar sobrant entre els participants<\/strong>, i sin\u00f3, com a \u00faltima inst\u00e0ncia, llen\u00e7ar les restes org\u00e0niques al compostador del pati de l\u2019escola (si en t\u00e9).<\/p>\n<h3><span style=\"color: #008000;\">6. Productes ecol\u00f2gics, de temporada, de proximitat i comer\u00e7 just<\/span><\/h3>\n<p>Per aconseguir una festa m\u00e9s sostenible a l\u2019hora d\u2019anar a comprar tot el que necessitem per a la festa, hem de tenir en compte que siguin productes ecol\u00f2gics, de temporada, de proximitat i de comer\u00e7 just, sempre que sigui possible.<\/p>\n<h3><span style=\"color: #008000;\">7. Contenidors de recollida selectiva<\/span><\/h3>\n<p>La recollida selectiva \u00e9s una de les claus per aconseguir gestionar els residus que es generaran durant la festa i que es puguin reciclar. Podem fabricar contenidors casolans amb galledes grosses etiquetades amb els colors corresponents o podem\u00a0<strong>demanar a l\u2019Ajuntament si tenen servei de pr\u00e9stec o lloguer de contenidors de recollida selectiva per a festes populars.<\/strong>\u00a0D\u2019aquesta manera, instal\u00b7lem uns quants punts de recollida per tot el pati de l\u2019escola o l\u2019espai on es faci la festa i per megafonia recordem a tots els participants com funciona la recollida selectiva i on estan els contenidors.<\/p>\n<h3><span style=\"color: #008000;\">8. Estalvi energ\u00e8tic<\/span><\/h3>\n<p>Per tal d\u2019evitar fer un consum d\u2019energia excessiu durant la festa, el millor \u00e9s fer-la en un horari en qu\u00e8 puguem <strong>aprofitar al m\u00e0xim la llum natural<\/strong> i a ser possible, a l\u2019exterior. De cara a les festes del juny, per final de curs, aix\u00f2 no ser\u00e0 massa complicat. I si cal fer servir il\u00b7luminaci\u00f3 artificial o aparells el\u00e8ctrics, fer servir bombetes Led o aparells de baix consum.<\/p>\n<h3><span style=\"color: #008000;\">9. Decoraci\u00f3 i senyal\u00edstica dels espais amb materials reciclats i amb capacitat de reutilitzar-los d&#8217;un curs a un altre<\/span><\/h3>\n<p>Per a la decoraci\u00f3 de la festa podem fer servir\u00a0<strong>elements fets amb material reciclat<\/strong>, com garlandes fetes amb ampolles de pl\u00e0stic, vidre o cart\u00f3 reutilitzat. hi ha moltes plataformes on trobareu idees per fer elements decoratius amb material reciclat. A m\u00e9s a m\u00e9s, tamb\u00e9 podeu fer servi<strong>r elements naturals per la decoraci\u00f3 de la festa<\/strong>, com testos amb plantes arom\u00e0tiques sobre les taules que en acabar la festa es poden plantar al pati de l\u2019escola i contribuir aix\u00ed a tenir un\u00a0<a href=\"https:\/\/escoles.fundesplai.org\/blog\/com-fer-mes-natural-i-educatiu-el-pati-de-lescola\/\">pati m\u00e9s natural<\/a>.<\/p>\n<h3><span style=\"color: #008000;\">10. Espectacles o activitats amb contingut mediambiental<\/span><\/h3>\n<p>Durant la festa de final de curs podem realitzar activitats amb els infants on es puguin construir les seves pr\u00f2pies joguines amb material reciclat, o podem<strong>\u00a0contractar una companyia d\u2019espectacles infantils o un conta contes<\/strong>\u00a0que incorpori missatges de natura, sostenibilitat i medi ambient a l\u2019espectacle.<\/p>\n<p><em><span style=\"font-size: 18pt; color: #008000;\"><strong><span style=\"font-size: 24pt;\">A<\/span>ccepteu el repte? \ud83d\ude00\u00a0<\/strong><\/span><\/em><\/p>\n<\/div>\n<p><img loading=\"lazy\" decoding=\"async\" class=\"alignnone wp-image-18193\" src=\"https:\/\/serveiseducatius.xtec.cat\/altemporda\/wp-content\/uploads\/usu1156\/2022\/10\/IMG_0898-768x1024.jpg\" alt=\"\" width=\"199\" height=\"266\" srcset=\"https:\/\/serveiseducatius.xtec.cat\/altemporda\/wp-content\/uploads\/usu1156\/2022\/10\/IMG_0898-768x1024.jpg 768w, https:\/\/serveiseducatius.xtec.cat\/altemporda\/wp-content\/uploads\/usu1156\/2022\/10\/IMG_0898-225x300.jpg 225w, https:\/\/serveiseducatius.xtec.cat\/altemporda\/wp-content\/uploads\/usu1156\/2022\/10\/IMG_0898-1152x1536.jpg 1152w, https:\/\/serveiseducatius.xtec.cat\/altemporda\/wp-content\/uploads\/usu1156\/2022\/10\/IMG_0898-1536x2048.jpg 1536w, https:\/\/serveiseducatius.xtec.cat\/altemporda\/wp-content\/uploads\/usu1156\/2022\/10\/IMG_0898-scaled.jpg 1920w\" sizes=\"auto, (max-width: 199px) 100vw, 199px\" \/>\u00a0 \u00a0 <img loading=\"lazy\" decoding=\"async\" class=\"alignnone wp-image-18194\" src=\"https:\/\/serveiseducatius.xtec.cat\/altemporda\/wp-content\/uploads\/usu1156\/2022\/10\/cartells.png\" alt=\"\" width=\"498\" height=\"263\" srcset=\"https:\/\/serveiseducatius.xtec.cat\/altemporda\/wp-content\/uploads\/usu1156\/2022\/10\/cartells.png 1005w, https:\/\/serveiseducatius.xtec.cat\/altemporda\/wp-content\/uploads\/usu1156\/2022\/10\/cartells-300x159.png 300w, https:\/\/serveiseducatius.xtec.cat\/altemporda\/wp-content\/uploads\/usu1156\/2022\/10\/cartells-768x406.png 768w\" sizes=\"auto, (max-width: 498px) 100vw, 498px\" \/><\/p>\n<\/div>\n<div class=\"et_pb_module et_pb_text et_pb_text_2 et_pb_text_align_left et_pb_bg_layout_light\">\n<div class=\"et_pb_text_inner\">\n<div data-canvas-width=\"252.99968623462308\">\n<h3 style=\"text-align: justify;\">Recursos per fer les festes escolars m\u00e9s sostenibles<\/h3>\n<ul>\n<li><a href=\"https:\/\/www.consumer.es\/ca\/seguridad-alimentaria-ca\/envasos-plstics-de-blat-de-moro.html\" target=\"_blank\" rel=\"noopener\">Envasos de pl\u00e0stic de blat de moro<\/a><\/li>\n<li style=\"text-align: justify;\"><a href=\"http:\/\/www.uab.cat\/servlet\/BlobServer?blobtable=Document&amp;blobcol=urldocument&amp;blobheader=application\/pdf&amp;blobkey=id&amp;blobwhere=1277793252850&amp;blobnocache=true\">Les festes m\u00e9s sostenibles \u2013 Ajuntament de Barcelona<\/a><\/li>\n<li style=\"text-align: justify;\"><a href=\"http:\/\/www.santjust.cat\/residus\/accions\/arxius\/festes_sostenibles.pdf\">Manual per reduir els impactes ambientals de les festes \u2013 Ajuntament Sant Just<\/a><\/li>\n<li style=\"text-align: justify;\"><a href=\"http:\/\/natura.escolalamaquinista.cat\/wp-content\/uploads\/sites\/11\/2013\/11\/guia_femprimerpas.pdf\">Fem el primer pas! Guia per la reducci\u00f3 de residus \u2013 CEPA<\/a><\/li>\n<li style=\"text-align: justify;\"><a href=\"http:\/\/www.amb.cat\/ca\/web\/medi-ambient\/actualitat\/noticies\/detall\/-\/noticia\/dia-mundial-del-reciclatge\/6320516\/11818\">Propostes did\u00e0ctiques per al Dia Mundial del Reciclatge \u2013 AMB<\/a><\/li>\n<li style=\"text-align: justify;\"><a href=\"http:\/\/www.sostenibilitatbcn.cat\/attachments\/article\/2226\/05_Guia_Plaprevencioresidus.pdf\">Guia per la prevenci\u00f3 de residus als centres educatius \u2013 Ajuntament de Barcelona<\/a><\/li>\n<li style=\"text-align: justify;\"><a href=\"http:\/\/www.ajsosteniblebcn.cat\/file-8596_8596.pdf\">L\u2019ambientalitzaci\u00f3 d\u2019esdeveniments \u2013 Agenda 21 Barcelona<\/a><\/li>\n<li style=\"text-align: justify;\"><a href=\"http:\/\/residus.gencat.cat\/web\/.content\/home\/ambits_dactuacio\/prevencio\/planificacio_de_la_prevencio\/recull_transversals\/T_24_Festes.pdf\">Promoci\u00f3 de l\u2019ambientalitzaci\u00f3 de festes i esdeveniments p\u00fablics \u2013 Ag\u00e8ncia de Residus de Catalunya<\/a><\/li>\n<\/ul>\n<p>Us adjuntem una guia ambiental editada l&#8217;any 2001 que ens agradaria que passes de moda, per\u00f2&#8230;<\/p>\n<\/div>\n<p align=\"center\"><iframe loading=\"lazy\" src=\"https:\/\/drive.google.com\/file\/d\/1gNUDLpiM_pRBO5vECb196QFYOUpqETse\/preview\n\" width=\"800\" height=\"600\"><span data-mce-type=\"bookmark\" style=\"display: inline-block; width: 0px; overflow: hidden; line-height: 0;\" class=\"mce_SELRES_start\">\ufeff<\/span><\/iframe><\/p>\n","protected":false},"excerpt":{"rendered":"<p>Us heu plantejat fer una festa m\u00e9s sostenible? Una festa de residus zero? Una eco-festa? Les festes s\u00f3n moments de celebraci\u00f3 molt importants per a les escoles. Son un moment on es retroba tota la comunitat educativa: fam\u00edlies, infants i mestres. Incomprensiblement les festes escolars acostumen a generar una gran quantitat de residus, molts dels [&hellip;]<\/p>\n","protected":false},"author":1,"featured_media":0,"parent":15169,"menu_order":0,"comment_status":"closed","ping_status":"closed","template":"","meta":{"_bbp_topic_count":0,"_bbp_reply_count":0,"_bbp_total_topic_count":0,"_bbp_total_reply_count":0,"_bbp_voice_count":0,"_bbp_anonymous_reply_count":0,"_bbp_topic_count_hidden":0,"_bbp_reply_count_hidden":0,"_bbp_forum_subforum_count":0,"site-sidebar-layout":"default","site-content-layout":"","ast-site-content-layout":"","site-content-style":"default","site-sidebar-style":"default","ast-global-header-display":"","ast-banner-title-visibility":"","ast-main-header-display":"","ast-hfb-above-header-display":"","ast-hfb-below-header-display":"","ast-hfb-mobile-header-display":"","site-post-title":"","ast-breadcrumbs-content":"","ast-featured-img":"","footer-sml-layout":"","theme-transparent-header-meta":"","adv-header-id-meta":"","stick-header-meta":"","header-above-stick-meta":"","header-main-stick-meta":"","header-below-stick-meta":"","astra-migrate-meta-layouts":"default","ast-page-background-enabled":"default","ast-page-background-meta":{"desktop":{"background-color":"var(--ast-global-color-4)","background-image":"","background-repeat":"repeat","background-position":"center center","background-size":"auto","background-attachment":"scroll","background-type":"","background-media":"","overlay-type":"","overlay-color":"","overlay-opacity":"","overlay-gradient":""},"tablet":{"background-color":"","background-image":"","background-repeat":"repeat","background-position":"center center","background-size":"auto","background-attachment":"scroll","background-type":"","background-media":"","overlay-type":"","overlay-color":"","overlay-opacity":"","overlay-gradient":""},"mobile":{"background-color":"","background-image":"","background-repeat":"repeat","background-position":"center center","background-size":"auto","background-attachment":"scroll","background-type":"","background-media":"","overlay-type":"","overlay-color":"","overlay-opacity":"","overlay-gradient":""}},"ast-content-background-meta":{"desktop":{"background-color":"var(--ast-global-color-5)","background-image":"","background-repeat":"repeat","background-position":"center center","background-size":"auto","background-attachment":"scroll","background-type":"","background-media":"","overlay-type":"","overlay-color":"","overlay-opacity":"","overlay-gradient":""},"tablet":{"background-color":"var(--ast-global-color-5)","background-image":"","background-repeat":"repeat","background-position":"center center","background-size":"auto","background-attachment":"scroll","background-type":"","background-media":"","overlay-type":"","overlay-color":"","overlay-opacity":"","overlay-gradient":""},"mobile":{"background-color":"var(--ast-global-color-5)","background-image":"","background-repeat":"repeat","background-position":"center center","background-size":"auto","background-attachment":"scroll","background-type":"","background-media":"","overlay-type":"","overlay-color":"","overlay-opacity":"","overlay-gradient":""}},"footnotes":""},"class_list":["post-17464","page","type-page","status-publish","hentry"],"post_mailing_queue_ids":[],"_links":{"self":[{"href":"https:\/\/serveiseducatius.xtec.cat\/altemporda\/wp-json\/wp\/v2\/pages\/17464","targetHints":{"allow":["GET"]}}],"collection":[{"href":"https:\/\/serveiseducatius.xtec.cat\/altemporda\/wp-json\/wp\/v2\/pages"}],"about":[{"href":"https:\/\/serveiseducatius.xtec.cat\/altemporda\/wp-json\/wp\/v2\/types\/page"}],"author":[{"embeddable":true,"href":"https:\/\/serveiseducatius.xtec.cat\/altemporda\/wp-json\/wp\/v2\/users\/1"}],"replies":[{"embeddable":true,"href":"https:\/\/serveiseducatius.xtec.cat\/altemporda\/wp-json\/wp\/v2\/comments?post=17464"}],"version-history":[{"count":4,"href":"https:\/\/serveiseducatius.xtec.cat\/altemporda\/wp-json\/wp\/v2\/pages\/17464\/revisions"}],"predecessor-version":[{"id":18843,"href":"https:\/\/serveiseducatius.xtec.cat\/altemporda\/wp-json\/wp\/v2\/pages\/17464\/revisions\/18843"}],"up":[{"embeddable":true,"href":"https:\/\/serveiseducatius.xtec.cat\/altemporda\/wp-json\/wp\/v2\/pages\/15169"}],"wp:attachment":[{"href":"https:\/\/serveiseducatius.xtec.cat\/altemporda\/wp-json\/wp\/v2\/media?parent=17464"}],"curies":[{"name":"wp","href":"https:\/\/api.w.org\/{rel}","templated":true}]}}