{"id":17278,"date":"2022-05-18T18:57:41","date_gmt":"2022-05-18T16:57:41","guid":{"rendered":"https:\/\/serveiseducatius.xtec.cat\/altemporda\/?page_id=17278"},"modified":"2025-06-27T13:35:43","modified_gmt":"2025-06-27T11:35:43","slug":"itineraris-correcull-ae-2","status":"publish","type":"page","link":"https:\/\/serveiseducatius.xtec.cat\/altemporda\/correcull-1\/itineraris-correcull-ae-2\/","title":{"rendered":"Noticies"},"content":{"rendered":"<p>Itineraris oberts realitzats pels diferents centres de la comarca:<\/p>\n<ul>\n<li><a href=\"https:\/\/www.canal10.cat\/video\/26607-lescola-empuries-recull-mes-de-150kg-de-brossa-al-terme-de-lescala\" target=\"_blank\" rel=\"noopener\">L&#8217;Escola Emp\u00faries recull m\u00e9s de 150 kg de brossa al terme de l&#8217;Escala<\/a><\/li>\n<li><a href=\"https:\/\/serveiseducatius.xtec.cat\/altemporda\/general\/el-correcull-solidari-de-linstitut-dels-cendrassos\/\" target=\"_blank\" rel=\"noopener\">Correcull solidari de l&#8217;institut dels Cendrassos<\/a><\/li>\n<li><a href=\"https:\/\/www.emporda.info\/educacio\/2022\/06\/07\/les-escoles-verdes-l-alt-66978006.html\">Les escoles verdes de l&#8217;Alt Empord\u00e0 recullen brossa en una platja de Llan\u00e7\u00e0<\/a><\/li>\n<li><span style=\"font-size: 12pt;\"><a href=\"https:\/\/www.elpuntavui.cat\/societat\/article\/11-mediambient\/2202845-estudiants-de-castello-d-emuries-recullen-residus-als-aiguamolls.html\" target=\"_blank\" rel=\"noopener\">Estudiants de Castell\u00f3 d\u2019Emp\u00faries recullen residus als Aiguamolls.<\/a><\/span><\/li>\n<li><span style=\"font-size: 12pt;\"><a href=\"https:\/\/www.emporda.info\/comarca\/2022\/10\/06\/lalumnat-d-l-institut-castello-76911036.html\" target=\"_blank\" rel=\"noopener\">L&#8217;alumnat d\u2019ESO de l\u2019institut de Castell\u00f3 participar\u00e0 en una jornada de recollida de residus als Aiguamolls<\/a>.<\/span><\/li>\n<li><a href=\"https:\/\/www.horanova.cat\/castello-dempuries-participa-al-lets-clean-up-europe\/\" target=\"_blank\" rel=\"noopener\"><span style=\"font-size: 12pt;\">Castell\u00f3 d\u2019Emp\u00faries participa al Let\u2019s Clean Up Europe.<\/span><\/a><\/li>\n<\/ul>\n<table style=\"border-collapse: collapse; width: 100%;\">\n<tbody>\n<tr>\n<td style=\"width: 33.3333%;\"><a href=\"https:\/\/serveiseducatius.xtec.cat\/altemporda\/general\/jornada-euroregional-de-recollida-de-residus\/\" target=\"_blank\" rel=\"noopener\"><img loading=\"lazy\" decoding=\"async\" class=\"alignnone wp-image-18123\" src=\"https:\/\/serveiseducatius.xtec.cat\/altemporda\/wp-content\/uploads\/usu1156\/2022\/10\/imatge.png\" alt=\"\" width=\"353\" height=\"505\" srcset=\"https:\/\/serveiseducatius.xtec.cat\/altemporda\/wp-content\/uploads\/usu1156\/2022\/10\/imatge.png 621w, https:\/\/serveiseducatius.xtec.cat\/altemporda\/wp-content\/uploads\/usu1156\/2022\/10\/imatge-210x300.png 210w\" sizes=\"auto, (max-width: 353px) 100vw, 353px\" \/><\/a><\/td>\n<td style=\"width: 33.3333%;\"><a href=\"https:\/\/serveiseducatius.xtec.cat\/altemporda\/wp-content\/uploads\/usu1156\/2022\/10\/CapturaCen.png\"><img loading=\"lazy\" decoding=\"async\" class=\"alignnone wp-image-18127\" src=\"https:\/\/serveiseducatius.xtec.cat\/altemporda\/wp-content\/uploads\/usu1156\/2022\/10\/CapturaCen.png\" alt=\"\" width=\"367\" height=\"508\" srcset=\"https:\/\/serveiseducatius.xtec.cat\/altemporda\/wp-content\/uploads\/usu1156\/2022\/10\/CapturaCen.png 308w, https:\/\/serveiseducatius.xtec.cat\/altemporda\/wp-content\/uploads\/usu1156\/2022\/10\/CapturaCen-217x300.png 217w\" sizes=\"auto, (max-width: 367px) 100vw, 367px\" \/><\/a><\/td>\n<td style=\"width: 33.3333%;\"><a href=\"https:\/\/serveiseducatius.xtec.cat\/altemporda\/wp-content\/uploads\/usu1156\/2022\/10\/image.png\"><img loading=\"lazy\" decoding=\"async\" class=\"alignnone size-full wp-image-18126\" src=\"https:\/\/serveiseducatius.xtec.cat\/altemporda\/wp-content\/uploads\/usu1156\/2022\/10\/image.png\" alt=\"\" width=\"615\" height=\"824\" srcset=\"https:\/\/serveiseducatius.xtec.cat\/altemporda\/wp-content\/uploads\/usu1156\/2022\/10\/image.png 615w, https:\/\/serveiseducatius.xtec.cat\/altemporda\/wp-content\/uploads\/usu1156\/2022\/10\/image-224x300.png 224w\" sizes=\"auto, (max-width: 615px) 100vw, 615px\" \/><\/a><\/td>\n<\/tr>\n<\/tbody>\n<\/table>\n<p><a href=\"https:\/\/serveiseducatius.xtec.cat\/altemporda\/wp-content\/uploads\/usu1156\/2022\/05\/IMG_9218-scaled.jpg\"><img loading=\"lazy\" decoding=\"async\" class=\"alignnone size-large wp-image-17280\" src=\"https:\/\/serveiseducatius.xtec.cat\/altemporda\/wp-content\/uploads\/usu1156\/2022\/05\/IMG_9218-1024x317.jpg\" alt=\"\" width=\"1024\" height=\"317\" srcset=\"https:\/\/serveiseducatius.xtec.cat\/altemporda\/wp-content\/uploads\/usu1156\/2022\/05\/IMG_9218-1024x317.jpg 1024w, https:\/\/serveiseducatius.xtec.cat\/altemporda\/wp-content\/uploads\/usu1156\/2022\/05\/IMG_9218-300x93.jpg 300w, https:\/\/serveiseducatius.xtec.cat\/altemporda\/wp-content\/uploads\/usu1156\/2022\/05\/IMG_9218-768x238.jpg 768w, https:\/\/serveiseducatius.xtec.cat\/altemporda\/wp-content\/uploads\/usu1156\/2022\/05\/IMG_9218-1536x476.jpg 1536w, https:\/\/serveiseducatius.xtec.cat\/altemporda\/wp-content\/uploads\/usu1156\/2022\/05\/IMG_9218-2048x634.jpg 2048w\" sizes=\"auto, (max-width: 1024px) 100vw, 1024px\" \/><\/a><\/p>\n","protected":false},"excerpt":{"rendered":"<p>Itineraris oberts realitzats pels diferents centres de la comarca: L&#8217;Escola Emp\u00faries recull m\u00e9s de 150 kg de brossa al terme de l&#8217;Escala Correcull solidari de l&#8217;institut dels Cendrassos Les escoles verdes de l&#8217;Alt Empord\u00e0 recullen brossa en una platja de Llan\u00e7\u00e0 Estudiants de Castell\u00f3 d\u2019Emp\u00faries recullen residus als Aiguamolls. L&#8217;alumnat d\u2019ESO de l\u2019institut de Castell\u00f3 [&hellip;]<\/p>\n","protected":false},"author":1,"featured_media":0,"parent":23496,"menu_order":0,"comment_status":"closed","ping_status":"closed","template":"","meta":{"_bbp_topic_count":0,"_bbp_reply_count":0,"_bbp_total_topic_count":0,"_bbp_total_reply_count":0,"_bbp_voice_count":0,"_bbp_anonymous_reply_count":0,"_bbp_topic_count_hidden":0,"_bbp_reply_count_hidden":0,"_bbp_forum_subforum_count":0,"site-sidebar-layout":"default","site-content-layout":"","ast-site-content-layout":"","site-content-style":"default","site-sidebar-style":"default","ast-global-header-display":"","ast-banner-title-visibility":"","ast-main-header-display":"","ast-hfb-above-header-display":"","ast-hfb-below-header-display":"","ast-hfb-mobile-header-display":"","site-post-title":"","ast-breadcrumbs-content":"","ast-featured-img":"","footer-sml-layout":"","theme-transparent-header-meta":"","adv-header-id-meta":"","stick-header-meta":"","header-above-stick-meta":"","header-main-stick-meta":"","header-below-stick-meta":"","astra-migrate-meta-layouts":"default","ast-page-background-enabled":"default","ast-page-background-meta":{"desktop":{"background-color":"var(--ast-global-color-4)","background-image":"","background-repeat":"repeat","background-position":"center center","background-size":"auto","background-attachment":"scroll","background-type":"","background-media":"","overlay-type":"","overlay-color":"","overlay-opacity":"","overlay-gradient":""},"tablet":{"background-color":"","background-image":"","background-repeat":"repeat","background-position":"center center","background-size":"auto","background-attachment":"scroll","background-type":"","background-media":"","overlay-type":"","overlay-color":"","overlay-opacity":"","overlay-gradient":""},"mobile":{"background-color":"","background-image":"","background-repeat":"repeat","background-position":"center center","background-size":"auto","background-attachment":"scroll","background-type":"","background-media":"","overlay-type":"","overlay-color":"","overlay-opacity":"","overlay-gradient":""}},"ast-content-background-meta":{"desktop":{"background-color":"var(--ast-global-color-5)","background-image":"","background-repeat":"repeat","background-position":"center center","background-size":"auto","background-attachment":"scroll","background-type":"","background-media":"","overlay-type":"","overlay-color":"","overlay-opacity":"","overlay-gradient":""},"tablet":{"background-color":"var(--ast-global-color-5)","background-image":"","background-repeat":"repeat","background-position":"center center","background-size":"auto","background-attachment":"scroll","background-type":"","background-media":"","overlay-type":"","overlay-color":"","overlay-opacity":"","overlay-gradient":""},"mobile":{"background-color":"var(--ast-global-color-5)","background-image":"","background-repeat":"repeat","background-position":"center center","background-size":"auto","background-attachment":"scroll","background-type":"","background-media":"","overlay-type":"","overlay-color":"","overlay-opacity":"","overlay-gradient":""}},"footnotes":""},"class_list":["post-17278","page","type-page","status-publish","hentry"],"post_mailing_queue_ids":[],"_links":{"self":[{"href":"https:\/\/serveiseducatius.xtec.cat\/altemporda\/wp-json\/wp\/v2\/pages\/17278","targetHints":{"allow":["GET"]}}],"collection":[{"href":"https:\/\/serveiseducatius.xtec.cat\/altemporda\/wp-json\/wp\/v2\/pages"}],"about":[{"href":"https:\/\/serveiseducatius.xtec.cat\/altemporda\/wp-json\/wp\/v2\/types\/page"}],"author":[{"embeddable":true,"href":"https:\/\/serveiseducatius.xtec.cat\/altemporda\/wp-json\/wp\/v2\/users\/1"}],"replies":[{"embeddable":true,"href":"https:\/\/serveiseducatius.xtec.cat\/altemporda\/wp-json\/wp\/v2\/comments?post=17278"}],"version-history":[{"count":7,"href":"https:\/\/serveiseducatius.xtec.cat\/altemporda\/wp-json\/wp\/v2\/pages\/17278\/revisions"}],"predecessor-version":[{"id":25939,"href":"https:\/\/serveiseducatius.xtec.cat\/altemporda\/wp-json\/wp\/v2\/pages\/17278\/revisions\/25939"}],"up":[{"embeddable":true,"href":"https:\/\/serveiseducatius.xtec.cat\/altemporda\/wp-json\/wp\/v2\/pages\/23496"}],"wp:attachment":[{"href":"https:\/\/serveiseducatius.xtec.cat\/altemporda\/wp-json\/wp\/v2\/media?parent=17278"}],"curies":[{"name":"wp","href":"https:\/\/api.w.org\/{rel}","templated":true}]}}