{"id":17218,"date":"2022-05-09T15:54:06","date_gmt":"2022-05-09T13:54:06","guid":{"rendered":"https:\/\/serveiseducatius.xtec.cat\/altemporda\/?page_id=17218"},"modified":"2022-10-11T18:33:39","modified_gmt":"2022-10-11T16:33:39","slug":"3a-sessio-territorial-9-i-16-de-maig-de-2022","status":"publish","type":"page","link":"https:\/\/serveiseducatius.xtec.cat\/altemporda\/cultura-digital\/xtcd-coordinacio-digital-de-centre\/xtcdc-2021-2022\/3a-sessio-territorial-9-i-16-de-maig-de-2022\/","title":{"rendered":"3a Sessi\u00f3 territorial (9 i 16 de maig de 2022)"},"content":{"rendered":"<h4><a href=\"https:\/\/docs.google.com\/forms\/d\/e\/1FAIpQLSe7nC_Ss4PSt91-y2JA7-wB74WdNrbpzou8LpiXtQCJgZR9fQ\/viewform\" target=\"_blank\" rel=\"noopener\">Assist\u00e8ncia a la sessi\u00f3 d&#8217;avui<\/a><\/h4>\n<div><a href=\"https:\/\/docs.google.com\/forms\/d\/e\/1FAIpQLSe7nC_Ss4PSt91-y2JA7-wB74WdNrbpzou8LpiXtQCJgZR9fQ\/viewform\" target=\"_blank\" rel=\"noopener\"><img loading=\"lazy\" decoding=\"async\" class=\"aligncenter wp-image-15916\" src=\"https:\/\/serveiseducatius.xtec.cat\/altemporda\/wp-content\/uploads\/usu1156\/2022\/02\/images-1.png\" alt=\"\" width=\"484\" height=\"121\" srcset=\"https:\/\/serveiseducatius.xtec.cat\/altemporda\/wp-content\/uploads\/usu1156\/2022\/02\/images-1.png 640w, https:\/\/serveiseducatius.xtec.cat\/altemporda\/wp-content\/uploads\/usu1156\/2022\/02\/images-1-300x75.png 300w\" sizes=\"auto, (max-width: 484px) 100vw, 484px\" \/><\/a><\/div>\n<hr \/>\n<h4><a href=\"https:\/\/projectes.xtec.cat\/xtcd\/coordinacio-digital-de-centre\/sessions-2021-22\/sessio-2\/\" target=\"_blank\" rel=\"noopener\">Enregistrament del seminari web de la sessi\u00f3:<\/a><\/h4>\n<p>&nbsp;<\/p>\n<p><a href=\"https:\/\/projectes.xtec.cat\/xtcd\/coordinacio-digital-de-centre\/sessions-2021-22\/sessio-3\/\" target=\"_blank\" rel=\"noopener\"><img loading=\"lazy\" decoding=\"async\" class=\"aligncenter wp-image-17222 \" src=\"https:\/\/serveiseducatius.xtec.cat\/altemporda\/wp-content\/uploads\/usu1156\/2022\/05\/Captura.png\" alt=\"\" width=\"701\" height=\"425\" srcset=\"https:\/\/serveiseducatius.xtec.cat\/altemporda\/wp-content\/uploads\/usu1156\/2022\/05\/Captura.png 753w, https:\/\/serveiseducatius.xtec.cat\/altemporda\/wp-content\/uploads\/usu1156\/2022\/05\/Captura-300x182.png 300w\" sizes=\"auto, (max-width: 701px) 100vw, 701px\" \/><\/a><\/p>\n<hr \/>\n<h4><a href=\"https:\/\/docs.google.com\/presentation\/d\/1rYiHu6nCZK0yquXRE4QAmsoncSCS9aicut8R-IwQ8GQ\/present?slide=id.g1262bf5635c_0_0\" target=\"_blank\" rel=\"noopener\">Presentaci\u00f3 de la sessi\u00f3<span style=\"font-size: 12pt; color: #000000;\"> (acc\u00e9s amb usuari xtec.cat)<\/span><\/a><\/h4>\n<p><a href=\"https:\/\/docs.google.com\/presentation\/d\/1rYiHu6nCZK0yquXRE4QAmsoncSCS9aicut8R-IwQ8GQ\/present?slide=id.g1262bf5635c_0_0\" target=\"_blank\" rel=\"noopener\"><img loading=\"lazy\" decoding=\"async\" class=\"aligncenter wp-image-17226\" src=\"https:\/\/serveiseducatius.xtec.cat\/altemporda\/wp-content\/uploads\/usu1156\/2022\/05\/Captura-1-1024x578.png\" alt=\"\" width=\"671\" height=\"379\" srcset=\"https:\/\/serveiseducatius.xtec.cat\/altemporda\/wp-content\/uploads\/usu1156\/2022\/05\/Captura-1-1024x578.png 1024w, https:\/\/serveiseducatius.xtec.cat\/altemporda\/wp-content\/uploads\/usu1156\/2022\/05\/Captura-1-300x169.png 300w, https:\/\/serveiseducatius.xtec.cat\/altemporda\/wp-content\/uploads\/usu1156\/2022\/05\/Captura-1-768x433.png 768w, https:\/\/serveiseducatius.xtec.cat\/altemporda\/wp-content\/uploads\/usu1156\/2022\/05\/Captura-1.png 1202w\" sizes=\"auto, (max-width: 671px) 100vw, 671px\" \/><\/a><\/p>\n<hr \/>\n<h4><span style=\"color: #2ba6cb;\">En aquesta sessi\u00f3 es desenvoluparan els seg\u00fcents temes:<\/span><\/h4>\n<ul>\n<li style=\"list-style-type: none;\">\n<ul>\n<li>Novetats sobre els desplegaments d\u2019equips del PEDC<\/li>\n<li>Informacions sobre infraestructures, equips i serveis<\/li>\n<li>Suport t\u00e8cnic a la Coordinaci\u00f3 digital<\/li>\n<li>Orientacions i calculadora d\u2019hores de la coordinaci\u00f3<\/li>\n<li>INDIC. Regularitzaci\u00f3 d\u2019equips<\/li>\n<li>Protocol de reinici de curs (neteja i enrolat d\u2019equips)<\/li>\n<li>Certificaci\u00f3 de la subxarxa \u2013 Participaci\u00f3 en el Nus<\/li>\n<\/ul>\n<\/li>\n<\/ul>\n<p>&nbsp;<\/p>\n<hr \/>\n<h4><span style=\"color: #2ba6cb;\">Enlla\u00e7os:<\/span><\/h4>\n<ul>\n<li style=\"list-style-type: none;\">\n<ul>\n<li><a href=\"https:\/\/ja.cat\/sub-cdc-participacio-nus\" target=\"_blank\" rel=\"noopener\">Comprovaci\u00f3 de la participaci\u00f3 en el Nus<\/a><\/li>\n<li><a href=\"https:\/\/educacio.gencat.cat\/web\/.content\/home\/departament\/publicacions\/colleccions\/pla-educacio-digital\/orientacions-coordinacio-digital-centre\/orientacions-coordinacio-digital-centre.pdf\" target=\"_blank\" rel=\"noopener\">Document d\u2019orientacions per a la Coordinaci\u00f3 digital <\/a>(p\u00e0g.6 a 10)\n<ul>\n<li><a href=\"https:\/\/documents.espai.educacio.gencat.cat\/IPCNormativa\/DOIGC\/PEC_Cultura_digital.pdf\" target=\"_blank\" rel=\"noopener\">Funcions principals de la persona coordinadora digital<\/a> (p\u00e0g. 7 i 8)<\/li>\n<\/ul>\n<\/li>\n<li><span style=\"color: #2ba6cb; font-size: 12pt;\"><a style=\"font-weight: bold; color: #2ba6cb;\" href=\"https:\/\/projectes.xtec.cat\/coordinaciodigital\/\" target=\"_blank\" rel=\"noopener\">Nodes de coordinaci\u00f3 digital<\/a><\/span>\n<ul>\n<li><span style=\"color: #2ba6cb;\"><a style=\"color: #2ba6cb;\" href=\"https:\/\/projectes.xtec.cat\/coordinaciodigital\/la-coordinacio-digital\/calculadora-de-temps\/\" target=\"_blank\" rel=\"noopener\">Calculadora d&#8217;hores de coordinaci\u00f3 digital<\/a><\/span><\/li>\n<\/ul>\n<\/li>\n<\/ul>\n<\/li>\n<\/ul>\n<hr \/>\n<h4><span style=\"color: #2ba6cb;\"><a style=\"color: #2ba6cb;\" href=\"https:\/\/projectes.xtec.cat\/edc-suport\/\" target=\"_blank\" rel=\"noopener\">Estrat\u00e8gia digital de centre<\/a><\/span><\/h4>\n<ul>\n<li style=\"list-style-type: none;\">\n<ul>\n<li><span style=\"color: #2ba6cb;\"><a style=\"font-family: inherit; font-size: 1em; color: #2ba6cb;\" href=\"https:\/\/docs.google.com\/presentation\/d\/1T621rYxU4cr1NLcgysoh2CjtGwPgC_gMtC7XwSZIUIc\/preview?slide=id.g11054dbcd57_2_263\" target=\"_blank\" rel=\"noopener\">Mentoria digital<\/a><\/span>\n<ul>\n<li><span style=\"color: #808080;\">S&#8217;ha acabat el termini de presentaci\u00f3 de sol\u00b7licituds.<\/span><\/li>\n<\/ul>\n<\/li>\n<\/ul>\n<\/li>\n<\/ul>\n<hr \/>\n<h4><span style=\"color: #2ba6cb;\">Q\u00fcestions i Propostes pr\u00f2pies del seminari a l&#8217;Alt Empord\u00e0<\/span><\/h4>\n<ul>\n<li>dilluns 23 de maig, de 17h a 18h, nivell inicial dels panells\u00a0<span class=\"il\">Promethean<\/span><\/li>\n<li>dimarts 24 de maig, de 17h a 18h, nivell intermedi dels panells\u00a0<span class=\"il\">Promethean<\/span><\/li>\n<li>dijous 26 de maig, de 17h a 18h, nivell avan\u00e7at dels panells\u00a0<span class=\"il\">Promethean<\/span><\/li>\n<li>dimarts 31 de maig, de 17h a 18h, nivell inicial dels panells\u00a0<span class=\"il\">Smart<\/span><\/li>\n<li>dimecres 1 de juny, de 17h a 18h, nivell intermedi dels panells\u00a0<span class=\"il\">Smart<\/span><\/li>\n<li>dijous 2 de juny, de 17h a 18h, nivell avan\u00e7at dels panells.<\/li>\n<\/ul>\n<hr \/>\n<h4><a href=\"https:\/\/projectes.xtec.cat\/xtcd\/sessions-2021-22\/\" target=\"_blank\" rel=\"noopener\">Propera sessi\u00f3 general i de tancament<\/a><\/h4>\n<p><span style=\"font-size: 14pt;\">7 de juliol de 2022<\/span><\/p>\n","protected":false},"excerpt":{"rendered":"<p>Assist\u00e8ncia a la sessi\u00f3 d&#8217;avui Enregistrament del seminari web de la sessi\u00f3: &nbsp; Presentaci\u00f3 de la sessi\u00f3 (acc\u00e9s amb usuari xtec.cat) En aquesta sessi\u00f3 es desenvoluparan els seg\u00fcents temes: Novetats sobre els desplegaments d\u2019equips del PEDC Informacions sobre infraestructures, equips i serveis Suport t\u00e8cnic a la Coordinaci\u00f3 digital Orientacions i calculadora d\u2019hores de la coordinaci\u00f3 [&hellip;]<\/p>\n","protected":false},"author":4,"featured_media":0,"parent":18182,"menu_order":0,"comment_status":"closed","ping_status":"closed","template":"","meta":{"_bbp_topic_count":0,"_bbp_reply_count":0,"_bbp_total_topic_count":0,"_bbp_total_reply_count":0,"_bbp_voice_count":0,"_bbp_anonymous_reply_count":0,"_bbp_topic_count_hidden":0,"_bbp_reply_count_hidden":0,"_bbp_forum_subforum_count":0,"site-sidebar-layout":"default","site-content-layout":"","ast-site-content-layout":"","site-content-style":"default","site-sidebar-style":"default","ast-global-header-display":"","ast-banner-title-visibility":"","ast-main-header-display":"","ast-hfb-above-header-display":"","ast-hfb-below-header-display":"","ast-hfb-mobile-header-display":"","site-post-title":"","ast-breadcrumbs-content":"","ast-featured-img":"","footer-sml-layout":"","theme-transparent-header-meta":"","adv-header-id-meta":"","stick-header-meta":"","header-above-stick-meta":"","header-main-stick-meta":"","header-below-stick-meta":"","astra-migrate-meta-layouts":"default","ast-page-background-enabled":"default","ast-page-background-meta":{"desktop":{"background-color":"var(--ast-global-color-4)","background-image":"","background-repeat":"repeat","background-position":"center center","background-size":"auto","background-attachment":"scroll","background-type":"","background-media":"","overlay-type":"","overlay-color":"","overlay-opacity":"","overlay-gradient":""},"tablet":{"background-color":"","background-image":"","background-repeat":"repeat","background-position":"center center","background-size":"auto","background-attachment":"scroll","background-type":"","background-media":"","overlay-type":"","overlay-color":"","overlay-opacity":"","overlay-gradient":""},"mobile":{"background-color":"","background-image":"","background-repeat":"repeat","background-position":"center center","background-size":"auto","background-attachment":"scroll","background-type":"","background-media":"","overlay-type":"","overlay-color":"","overlay-opacity":"","overlay-gradient":""}},"ast-content-background-meta":{"desktop":{"background-color":"var(--ast-global-color-5)","background-image":"","background-repeat":"repeat","background-position":"center center","background-size":"auto","background-attachment":"scroll","background-type":"","background-media":"","overlay-type":"","overlay-color":"","overlay-opacity":"","overlay-gradient":""},"tablet":{"background-color":"var(--ast-global-color-5)","background-image":"","background-repeat":"repeat","background-position":"center center","background-size":"auto","background-attachment":"scroll","background-type":"","background-media":"","overlay-type":"","overlay-color":"","overlay-opacity":"","overlay-gradient":""},"mobile":{"background-color":"var(--ast-global-color-5)","background-image":"","background-repeat":"repeat","background-position":"center center","background-size":"auto","background-attachment":"scroll","background-type":"","background-media":"","overlay-type":"","overlay-color":"","overlay-opacity":"","overlay-gradient":""}},"footnotes":""},"class_list":["post-17218","page","type-page","status-publish","hentry"],"post_mailing_queue_ids":[],"_links":{"self":[{"href":"https:\/\/serveiseducatius.xtec.cat\/altemporda\/wp-json\/wp\/v2\/pages\/17218","targetHints":{"allow":["GET"]}}],"collection":[{"href":"https:\/\/serveiseducatius.xtec.cat\/altemporda\/wp-json\/wp\/v2\/pages"}],"about":[{"href":"https:\/\/serveiseducatius.xtec.cat\/altemporda\/wp-json\/wp\/v2\/types\/page"}],"author":[{"embeddable":true,"href":"https:\/\/serveiseducatius.xtec.cat\/altemporda\/wp-json\/wp\/v2\/users\/4"}],"replies":[{"embeddable":true,"href":"https:\/\/serveiseducatius.xtec.cat\/altemporda\/wp-json\/wp\/v2\/comments?post=17218"}],"version-history":[{"count":4,"href":"https:\/\/serveiseducatius.xtec.cat\/altemporda\/wp-json\/wp\/v2\/pages\/17218\/revisions"}],"predecessor-version":[{"id":17251,"href":"https:\/\/serveiseducatius.xtec.cat\/altemporda\/wp-json\/wp\/v2\/pages\/17218\/revisions\/17251"}],"up":[{"embeddable":true,"href":"https:\/\/serveiseducatius.xtec.cat\/altemporda\/wp-json\/wp\/v2\/pages\/18182"}],"wp:attachment":[{"href":"https:\/\/serveiseducatius.xtec.cat\/altemporda\/wp-json\/wp\/v2\/media?parent=17218"}],"curies":[{"name":"wp","href":"https:\/\/api.w.org\/{rel}","templated":true}]}}