{"id":16832,"date":"2022-03-29T10:15:04","date_gmt":"2022-03-29T08:15:04","guid":{"rendered":"https:\/\/serveiseducatius.xtec.cat\/altemporda\/?page_id=16832"},"modified":"2022-03-31T12:49:27","modified_gmt":"2022-03-31T10:49:27","slug":"arrelat-a-lalt-emporda","status":"publish","type":"page","link":"https:\/\/serveiseducatius.xtec.cat\/altemporda\/arrelat-a-lalt-emporda\/","title":{"rendered":"Arrela&#8217;t a l&#8217;Alt Empord\u00e0"},"content":{"rendered":"<p><span style=\"color: #ff0000;\"><em>En proc\u00e9s de c\u00e0rrega<\/em><\/span><\/p>\n<p style=\"text-align: justify;\"><a href=\"https:\/\/serveiseducatius.xtec.cat\/altemporda\/wp-content\/uploads\/usu1156\/2022\/03\/AAE.png\"><img loading=\"lazy\" decoding=\"async\" class=\"size-full wp-image-16849 alignleft\" src=\"https:\/\/serveiseducatius.xtec.cat\/altemporda\/wp-content\/uploads\/usu1156\/2022\/03\/AAE.png\" alt=\"\" width=\"384\" height=\"209\" srcset=\"https:\/\/serveiseducatius.xtec.cat\/altemporda\/wp-content\/uploads\/usu1156\/2022\/03\/AAE.png 384w, https:\/\/serveiseducatius.xtec.cat\/altemporda\/wp-content\/uploads\/usu1156\/2022\/03\/AAE-300x163.png 300w\" sizes=\"auto, (max-width: 384px) 100vw, 384px\" \/><\/a>El programa <strong>Arrela&#8217;t <\/strong>a l&#8217;Alt empord\u00e0 neix l&#8217;any 2011, per iniciativa d&#8217;en <strong>C\u00e0ndid Mir\u00f3<\/strong>, t\u00e8cnic docent del Camp d&#8217;aprenentatge d&#8217;Emp\u00faries. Acompanyat per la <strong>Montse Barnadas<\/strong> del Servei Educatiu de l&#8217;Alt Empord\u00e0 i del <strong>Grup Treball de mestres de prim\u00e0ria de la comarca<\/strong>. Aquest grup de treball vetlla pel seguiment del programa \u201cArrela\u2019t\u201d, n\u2019elabora materials pedag\u00f2gics i en rectifica les propostes a partir de la seva validaci\u00f3 amb alumnat.<\/p>\n<p style=\"text-align: justify;\"><strong>Arrela&#8217;t<\/strong> vol intentar garantir el coneixement i l&#8217;aprofitament did\u00e0ctic dels espais naturals de la comarca i la seva integraci\u00f3 en el curr\u00edculum escolar. Es marca com a <strong>objectius<\/strong>:<\/p>\n<p dir=\"ltr\" style=\"text-align: justify;\">&#8211; Dissenyar un programa pedag\u00f2gicament coherent de visites que contempli els diferents espais i els cursos m\u00e9s adequats per a la seva inclusi\u00f3 en el curr\u00edculum.<\/p>\n<p dir=\"ltr\" style=\"text-align: justify;\">&#8211; Oferir, per a cada itinerari la guia i els materials necessaris perqu\u00e8 el centre pugui ser aut\u00f2nom en la seva realitzaci\u00f3.<\/p>\n<p dir=\"ltr\" style=\"text-align: justify;\">&#8211; Donar a con\u00e8ixer espais singulars de la comarca susceptibles de ser incorporats al curr\u00edculum de diferents nivells escolars.<\/p>\n<p dir=\"ltr\" style=\"text-align: justify;\">&#8211; Incorporar de metodologies de treball de camp en la pr\u00e0ctica docent.<\/p>\n<p dir=\"ltr\" style=\"text-align: justify;\">Els recursos educatius continguts a les maletes &#8220;Arrela&#8217;t&#8221;, es troben en servei de <strong>pr\u00e9stec<\/strong> al CRP-AE.<\/p>\n<p dir=\"ltr\">\n<p dir=\"ltr\" style=\"text-align: center;\"><a href=\"https:\/\/serveiseducatius.xtec.cat\/altemporda\/wp-content\/uploads\/usu1156\/2022\/03\/1-1.png\"><img loading=\"lazy\" decoding=\"async\" class=\"alignnone size-full wp-image-17057\" src=\"https:\/\/serveiseducatius.xtec.cat\/altemporda\/wp-content\/uploads\/usu1156\/2022\/03\/1-1.png\" alt=\"\" width=\"564\" height=\"597\" srcset=\"https:\/\/serveiseducatius.xtec.cat\/altemporda\/wp-content\/uploads\/usu1156\/2022\/03\/1-1.png 564w, https:\/\/serveiseducatius.xtec.cat\/altemporda\/wp-content\/uploads\/usu1156\/2022\/03\/1-1-283x300.png 283w\" sizes=\"auto, (max-width: 564px) 100vw, 564px\" \/><\/a><\/p>\n<p>&nbsp;<\/p>\n","protected":false},"excerpt":{"rendered":"<p>En proc\u00e9s de c\u00e0rrega El programa Arrela&#8217;t a l&#8217;Alt empord\u00e0 neix l&#8217;any 2011, per iniciativa d&#8217;en C\u00e0ndid Mir\u00f3, t\u00e8cnic docent del Camp d&#8217;aprenentatge d&#8217;Emp\u00faries. Acompanyat per la Montse Barnadas del Servei Educatiu de l&#8217;Alt Empord\u00e0 i del Grup Treball de mestres de prim\u00e0ria de la comarca. Aquest grup de treball vetlla pel seguiment del programa [&hellip;]<\/p>\n","protected":false},"author":1,"featured_media":0,"parent":0,"menu_order":0,"comment_status":"closed","ping_status":"closed","template":"","meta":{"_bbp_topic_count":0,"_bbp_reply_count":0,"_bbp_total_topic_count":0,"_bbp_total_reply_count":0,"_bbp_voice_count":0,"_bbp_anonymous_reply_count":0,"_bbp_topic_count_hidden":0,"_bbp_reply_count_hidden":0,"_bbp_forum_subforum_count":0,"site-sidebar-layout":"default","site-content-layout":"","ast-site-content-layout":"","site-content-style":"default","site-sidebar-style":"default","ast-global-header-display":"","ast-banner-title-visibility":"","ast-main-header-display":"","ast-hfb-above-header-display":"","ast-hfb-below-header-display":"","ast-hfb-mobile-header-display":"","site-post-title":"","ast-breadcrumbs-content":"","ast-featured-img":"","footer-sml-layout":"","theme-transparent-header-meta":"","adv-header-id-meta":"","stick-header-meta":"","header-above-stick-meta":"","header-main-stick-meta":"","header-below-stick-meta":"","astra-migrate-meta-layouts":"default","ast-page-background-enabled":"default","ast-page-background-meta":{"desktop":{"background-color":"var(--ast-global-color-4)","background-image":"","background-repeat":"repeat","background-position":"center center","background-size":"auto","background-attachment":"scroll","background-type":"","background-media":"","overlay-type":"","overlay-color":"","overlay-opacity":"","overlay-gradient":""},"tablet":{"background-color":"","background-image":"","background-repeat":"repeat","background-position":"center center","background-size":"auto","background-attachment":"scroll","background-type":"","background-media":"","overlay-type":"","overlay-color":"","overlay-opacity":"","overlay-gradient":""},"mobile":{"background-color":"","background-image":"","background-repeat":"repeat","background-position":"center center","background-size":"auto","background-attachment":"scroll","background-type":"","background-media":"","overlay-type":"","overlay-color":"","overlay-opacity":"","overlay-gradient":""}},"ast-content-background-meta":{"desktop":{"background-color":"var(--ast-global-color-5)","background-image":"","background-repeat":"repeat","background-position":"center center","background-size":"auto","background-attachment":"scroll","background-type":"","background-media":"","overlay-type":"","overlay-color":"","overlay-opacity":"","overlay-gradient":""},"tablet":{"background-color":"var(--ast-global-color-5)","background-image":"","background-repeat":"repeat","background-position":"center center","background-size":"auto","background-attachment":"scroll","background-type":"","background-media":"","overlay-type":"","overlay-color":"","overlay-opacity":"","overlay-gradient":""},"mobile":{"background-color":"var(--ast-global-color-5)","background-image":"","background-repeat":"repeat","background-position":"center center","background-size":"auto","background-attachment":"scroll","background-type":"","background-media":"","overlay-type":"","overlay-color":"","overlay-opacity":"","overlay-gradient":""}},"footnotes":""},"class_list":["post-16832","page","type-page","status-publish","hentry"],"post_mailing_queue_ids":[],"_links":{"self":[{"href":"https:\/\/serveiseducatius.xtec.cat\/altemporda\/wp-json\/wp\/v2\/pages\/16832","targetHints":{"allow":["GET"]}}],"collection":[{"href":"https:\/\/serveiseducatius.xtec.cat\/altemporda\/wp-json\/wp\/v2\/pages"}],"about":[{"href":"https:\/\/serveiseducatius.xtec.cat\/altemporda\/wp-json\/wp\/v2\/types\/page"}],"author":[{"embeddable":true,"href":"https:\/\/serveiseducatius.xtec.cat\/altemporda\/wp-json\/wp\/v2\/users\/1"}],"replies":[{"embeddable":true,"href":"https:\/\/serveiseducatius.xtec.cat\/altemporda\/wp-json\/wp\/v2\/comments?post=16832"}],"version-history":[{"count":3,"href":"https:\/\/serveiseducatius.xtec.cat\/altemporda\/wp-json\/wp\/v2\/pages\/16832\/revisions"}],"predecessor-version":[{"id":17058,"href":"https:\/\/serveiseducatius.xtec.cat\/altemporda\/wp-json\/wp\/v2\/pages\/16832\/revisions\/17058"}],"wp:attachment":[{"href":"https:\/\/serveiseducatius.xtec.cat\/altemporda\/wp-json\/wp\/v2\/media?parent=16832"}],"curies":[{"name":"wp","href":"https:\/\/api.w.org\/{rel}","templated":true}]}}