{"id":16748,"date":"2022-03-17T12:54:12","date_gmt":"2022-03-17T11:54:12","guid":{"rendered":"https:\/\/serveiseducatius.xtec.cat\/altemporda\/?page_id=16748"},"modified":"2022-10-28T09:31:42","modified_gmt":"2022-10-28T07:31:42","slug":"joc","status":"publish","type":"page","link":"https:\/\/serveiseducatius.xtec.cat\/altemporda\/xarxa-descoles-del-pn-cap-de-creus\/campanyes-ambientals\/explotacio-didactica-la-meva-escola-el-nostre-entorn\/joc\/","title":{"rendered":"Joc ambiental"},"content":{"rendered":"<p><span style=\"color: #33cccc;\"><span style=\"font-size: 24px;\"><img loading=\"lazy\" decoding=\"async\" class=\" wp-image-16793 alignleft\" src=\"https:\/\/serveiseducatius.xtec.cat\/altemporda\/wp-content\/uploads\/usu1156\/2022\/03\/10dKm58BSq16_5oUGJZXsQILY8c0XYnMMDzPF9tte9GDZsN-oLQ.jpg\" alt=\"\" width=\"206\" height=\"185\" \/>La meva escola, el nostre entorn<\/span><\/span><\/p>\n<p style=\"text-align: justify;\"><span style=\"font-size: 14pt;\">No s\u2019escapa als lectors que aquest <strong>quadre ambiental<\/strong> tamb\u00e9 esdev\u00e9 un homenatge a un dels il\u00b7lustradors infantils de m\u00e9s traject\u00f2ria a casa nostra. Com \u00e9s el cas d&#8217;en <strong>Paco Ib\u00e1\u00f1ez<\/strong> autor del cl\u00e0ssic <strong>Mortadel\u00b7lo<\/strong> i de la famosa vinyeta de la <strong><em>Rue del Percebe<\/em><\/strong>. <\/span><\/p>\n<p style=\"text-align: justify;\"><span style=\"font-size: 14pt;\">Amb la intenci\u00f3 d\u2019aprendre jugant, llegint i reflexionant, aquest material incorpora un altre element d\u2019an\u00e0lisi, que permet la interacci\u00f3 dels infants amb les fam\u00edlies. Es tracta d\u2019un <strong>joc visual<\/strong> que s\u2019identifica amb la icona ratllada del programa d&#8217;escoles verdes. D&#8217;aquesta manera el p\u00f2ster incorpora <strong>4 comportaments incorrectes<\/strong>, conductes poc respectuoses amb el medi ambient que cal descobrir, amb l\u2019ajut dels adults, per tal de trobar una possible soluci\u00f3.<\/span><\/p>\n<p align=\"center\"><iframe loading=\"lazy\" src=\"https:\/\/drive.google.com\/file\/d\/15skXwD-ubQwFCv3GDtidq3UK3EBLK5vf\/preview\" width=\"950\" height=\"650\"><span data-mce-type=\"bookmark\" style=\"display: inline-block; width: 0px; overflow: hidden; line-height: 0;\" class=\"mce_SELRES_start\">\ufeff<\/span><\/iframe><\/p>\n<p><a href=\"https:\/\/serveiseducatius.xtec.cat\/altemporda\/wp-content\/uploads\/usu1156\/2022\/03\/1-mfvBQhwMfM5shcJm0mKXaue8WhdE9L4.jpg\"><img loading=\"lazy\" decoding=\"async\" class=\" wp-image-16776 aligncenter\" src=\"https:\/\/serveiseducatius.xtec.cat\/altemporda\/wp-content\/uploads\/usu1156\/2022\/03\/1-mfvBQhwMfM5shcJm0mKXaue8WhdE9L4.jpg\" alt=\"\" width=\"975\" height=\"92\" srcset=\"https:\/\/serveiseducatius.xtec.cat\/altemporda\/wp-content\/uploads\/usu1156\/2022\/03\/1-mfvBQhwMfM5shcJm0mKXaue8WhdE9L4.jpg 900w, https:\/\/serveiseducatius.xtec.cat\/altemporda\/wp-content\/uploads\/usu1156\/2022\/03\/1-mfvBQhwMfM5shcJm0mKXaue8WhdE9L4-300x28.jpg 300w, https:\/\/serveiseducatius.xtec.cat\/altemporda\/wp-content\/uploads\/usu1156\/2022\/03\/1-mfvBQhwMfM5shcJm0mKXaue8WhdE9L4-768x73.jpg 768w\" sizes=\"auto, (max-width: 975px) 100vw, 975px\" \/><\/a><\/p>\n","protected":false},"excerpt":{"rendered":"<p>La meva escola, el nostre entorn No s\u2019escapa als lectors que aquest quadre ambiental tamb\u00e9 esdev\u00e9 un homenatge a un dels il\u00b7lustradors infantils de m\u00e9s traject\u00f2ria a casa nostra. Com \u00e9s el cas d&#8217;en Paco Ib\u00e1\u00f1ez autor del cl\u00e0ssic Mortadel\u00b7lo i de la famosa vinyeta de la Rue del Percebe. Amb la intenci\u00f3 d\u2019aprendre jugant, [&hellip;]<\/p>\n","protected":false},"author":1,"featured_media":0,"parent":16731,"menu_order":0,"comment_status":"closed","ping_status":"closed","template":"","meta":{"_bbp_topic_count":0,"_bbp_reply_count":0,"_bbp_total_topic_count":0,"_bbp_total_reply_count":0,"_bbp_voice_count":0,"_bbp_anonymous_reply_count":0,"_bbp_topic_count_hidden":0,"_bbp_reply_count_hidden":0,"_bbp_forum_subforum_count":0,"site-sidebar-layout":"default","site-content-layout":"","ast-site-content-layout":"","site-content-style":"default","site-sidebar-style":"default","ast-global-header-display":"","ast-banner-title-visibility":"","ast-main-header-display":"","ast-hfb-above-header-display":"","ast-hfb-below-header-display":"","ast-hfb-mobile-header-display":"","site-post-title":"","ast-breadcrumbs-content":"","ast-featured-img":"","footer-sml-layout":"","theme-transparent-header-meta":"","adv-header-id-meta":"","stick-header-meta":"","header-above-stick-meta":"","header-main-stick-meta":"","header-below-stick-meta":"","astra-migrate-meta-layouts":"default","ast-page-background-enabled":"default","ast-page-background-meta":{"desktop":{"background-color":"var(--ast-global-color-4)","background-image":"","background-repeat":"repeat","background-position":"center center","background-size":"auto","background-attachment":"scroll","background-type":"","background-media":"","overlay-type":"","overlay-color":"","overlay-opacity":"","overlay-gradient":""},"tablet":{"background-color":"","background-image":"","background-repeat":"repeat","background-position":"center center","background-size":"auto","background-attachment":"scroll","background-type":"","background-media":"","overlay-type":"","overlay-color":"","overlay-opacity":"","overlay-gradient":""},"mobile":{"background-color":"","background-image":"","background-repeat":"repeat","background-position":"center center","background-size":"auto","background-attachment":"scroll","background-type":"","background-media":"","overlay-type":"","overlay-color":"","overlay-opacity":"","overlay-gradient":""}},"ast-content-background-meta":{"desktop":{"background-color":"var(--ast-global-color-5)","background-image":"","background-repeat":"repeat","background-position":"center center","background-size":"auto","background-attachment":"scroll","background-type":"","background-media":"","overlay-type":"","overlay-color":"","overlay-opacity":"","overlay-gradient":""},"tablet":{"background-color":"var(--ast-global-color-5)","background-image":"","background-repeat":"repeat","background-position":"center center","background-size":"auto","background-attachment":"scroll","background-type":"","background-media":"","overlay-type":"","overlay-color":"","overlay-opacity":"","overlay-gradient":""},"mobile":{"background-color":"var(--ast-global-color-5)","background-image":"","background-repeat":"repeat","background-position":"center center","background-size":"auto","background-attachment":"scroll","background-type":"","background-media":"","overlay-type":"","overlay-color":"","overlay-opacity":"","overlay-gradient":""}},"footnotes":""},"class_list":["post-16748","page","type-page","status-publish","hentry"],"post_mailing_queue_ids":[],"_links":{"self":[{"href":"https:\/\/serveiseducatius.xtec.cat\/altemporda\/wp-json\/wp\/v2\/pages\/16748","targetHints":{"allow":["GET"]}}],"collection":[{"href":"https:\/\/serveiseducatius.xtec.cat\/altemporda\/wp-json\/wp\/v2\/pages"}],"about":[{"href":"https:\/\/serveiseducatius.xtec.cat\/altemporda\/wp-json\/wp\/v2\/types\/page"}],"author":[{"embeddable":true,"href":"https:\/\/serveiseducatius.xtec.cat\/altemporda\/wp-json\/wp\/v2\/users\/1"}],"replies":[{"embeddable":true,"href":"https:\/\/serveiseducatius.xtec.cat\/altemporda\/wp-json\/wp\/v2\/comments?post=16748"}],"version-history":[{"count":4,"href":"https:\/\/serveiseducatius.xtec.cat\/altemporda\/wp-json\/wp\/v2\/pages\/16748\/revisions"}],"predecessor-version":[{"id":16794,"href":"https:\/\/serveiseducatius.xtec.cat\/altemporda\/wp-json\/wp\/v2\/pages\/16748\/revisions\/16794"}],"up":[{"embeddable":true,"href":"https:\/\/serveiseducatius.xtec.cat\/altemporda\/wp-json\/wp\/v2\/pages\/16731"}],"wp:attachment":[{"href":"https:\/\/serveiseducatius.xtec.cat\/altemporda\/wp-json\/wp\/v2\/media?parent=16748"}],"curies":[{"name":"wp","href":"https:\/\/api.w.org\/{rel}","templated":true}]}}