{"id":16745,"date":"2022-03-17T12:52:43","date_gmt":"2022-03-17T11:52:43","guid":{"rendered":"https:\/\/serveiseducatius.xtec.cat\/altemporda\/?page_id=16745"},"modified":"2022-05-23T16:17:18","modified_gmt":"2022-05-23T14:17:18","slug":"guia","status":"publish","type":"page","link":"https:\/\/serveiseducatius.xtec.cat\/altemporda\/xarxa-descoles-del-pn-cap-de-creus\/campanyes-ambientals\/explotacio-didactica-la-meva-escola-el-nostre-entorn\/guia\/","title":{"rendered":"Guia"},"content":{"rendered":"<p><span style=\"font-size: 18pt;\">40 accions ambientals per canviar el nostre entorn.<\/span><\/p>\n<p style=\"text-align: justify;\">A continuaci\u00f3\u00a0<span style=\"font-weight: 400;\">us presentem una breu ressenya i una proposta did\u00e0ctica de cada t\u00edtol. Passeu el cursor per cada coberta i trobareu la informaci\u00f3.<\/span><!-- Construcci\u00f3 de contenidors en files i columnes (per emular una taula). Useu 33.33% Per tres contenidors d'imatge (25% per quatre, 50% per dues, etc.) --><!-- Canviar els enlla\u00e7os a: a href=\"...\" i l'URL de la imatge a img src=\"...\" --><\/p>\n<div class=\"fila engrandeix img;\">\n<div class=\"columna\" style=\"width: 20%;\"><a href=\"https:\/\/serveiseducatius.xtec.cat\/altemporda\/xarxa-descoles-del-pn-cap-de-creus\/campanyes-ambientals\/poster-ambiental\/explotacio-didactica-la-meva-escola-el-nostre-entorn\/guia\/\" target=\"_blank\" rel=\"noopener noreferrer\"><br \/>\n<img decoding=\"async\" style=\"border: 1px solid #555;\" src=\"http:\/\/drive.google.com\/uc?export=view&amp;id=1ISY5ThqhPkAGswsDeqD7KeqC5BbKniBm\" width=\"90%\" \/><\/a><\/div>\n<div class=\"columna\" style=\"width: 20%;\"><a href=\"https:\/\/serveiseducatius.xtec.cat\/altemporda\/xarxa-descoles-del-pn-cap-de-creus\/campanyes-ambientals\/poster-ambiental\/explotacio-didactica-la-meva-escola-el-nostre-entorn\/guia\/\" target=\"_blank\" rel=\"noopener noreferrer\"><br \/>\n<img decoding=\"async\" style=\"border: 1px solid #555;\" src=\"http:\/\/drive.google.com\/uc?export=view&amp;id=1iUbL_WnCUP-VD5K9PN6E0pCECrjjQAYO\" width=\"90%\" \/><\/a><\/div>\n<div class=\"columna\" style=\"width: 20%;\"><a href=\"https:\/\/serveiseducatius.xtec.cat\/altemporda\/xarxa-descoles-del-pn-cap-de-creus\/campanyes-ambientals\/poster-ambiental\/explotacio-didactica-la-meva-escola-el-nostre-entorn\/guia\/\" target=\"_blank\" rel=\"noopener noreferrer\"><br \/>\n<img decoding=\"async\" style=\"border: 1px solid #555;\" src=\"http:\/\/drive.google.com\/uc?export=view&amp;id=1Yx11e5_Ff9BR52LyUPmGiQkOrwiW1clR\" width=\"90%\" \/><\/a><\/div>\n<div class=\"columna\" style=\"width: 20%;\"><a href=\"https:\/\/serveiseducatius.xtec.cat\/altemporda\/xarxa-descoles-del-pn-cap-de-creus\/campanyes-ambientals\/poster-ambiental\/explotacio-didactica-la-meva-escola-el-nostre-entorn\/guia\/\" target=\"_blank\" rel=\"noopener noreferrer\"><br \/>\n<img decoding=\"async\" style=\"border: 1px solid #555;\" src=\"http:\/\/drive.google.com\/uc?export=view&amp;id=1e_Op5sq5nzINGYpFZLWKZ66xgZ9Ip-Wy\" width=\"90%\" \/><\/a><\/div>\n<div class=\"columna\" style=\"width: 20%;\"><a href=\"https:\/\/serveiseducatius.xtec.cat\/altemporda\/xarxa-descoles-del-pn-cap-de-creus\/campanyes-ambientals\/poster-ambiental\/explotacio-didactica-la-meva-escola-el-nostre-entorn\/guia\/\" target=\"_blank\" rel=\"noopener noreferrer\"><br \/>\n<img decoding=\"async\" style=\"border: 1px solid #555;\" src=\"http:\/\/drive.google.com\/uc?export=view&amp;id=1SwTAvxXgmt9kwLiYLOYWmpsO9TVpW4mJ\" width=\"90%\" \/><\/a><\/div>\n<\/div>\n<div class=\"fila engrandeix img;\">\n<div class=\"columna\" style=\"width: 20%;\"><a href=\"https:\/\/serveiseducatius.xtec.cat\/altemporda\/xarxa-descoles-del-pn-cap-de-creus\/campanyes-ambientals\/poster-ambiental\/explotacio-didactica-la-meva-escola-el-nostre-entorn\/guia\/\" target=\"_blank\" rel=\"noopener noreferrer\"><br \/>\n<img decoding=\"async\" style=\"border: 1px solid #555;\" src=\"http:\/\/drive.google.com\/uc?export=view&amp;id=1reevDjhTWdVS-21mZe7eYDVy_kglnvYP\" width=\"90%\" \/><\/a><\/div>\n<div class=\"columna\" style=\"width: 20%;\"><a href=\"https:\/\/serveiseducatius.xtec.cat\/altemporda\/xarxa-descoles-del-pn-cap-de-creus\/campanyes-ambientals\/poster-ambiental\/explotacio-didactica-la-meva-escola-el-nostre-entorn\/guia\/\" target=\"_blank\" rel=\"noopener noreferrer\"><br \/>\n<img decoding=\"async\" style=\"border: 1px solid #555;\" src=\"http:\/\/drive.google.com\/uc?export=view&amp;id=19rVWjNvY36pT7n0HduEVPK7itVXo7ozx\" width=\"90%\" \/><\/a><\/div>\n<div class=\"columna\" style=\"width: 20%;\"><a href=\"https:\/\/serveiseducatius.xtec.cat\/altemporda\/xarxa-descoles-del-pn-cap-de-creus\/campanyes-ambientals\/poster-ambiental\/explotacio-didactica-la-meva-escola-el-nostre-entorn\/guia\/\" target=\"_blank\" rel=\"noopener noreferrer\"><br \/>\n<img decoding=\"async\" style=\"border: 1px solid #555;\" src=\"http:\/\/drive.google.com\/uc?export=view&amp;id=1clQQAiNCwUNqNKDpqCp2Sofdkfu4b0dL\" width=\"90%\" \/><\/a><\/div>\n<div class=\"columna\" style=\"width: 20%;\"><a href=\"https:\/\/serveiseducatius.xtec.cat\/altemporda\/xarxa-descoles-del-pn-cap-de-creus\/campanyes-ambientals\/poster-ambiental\/explotacio-didactica-la-meva-escola-el-nostre-entorn\/guia\/\" target=\"_blank\" rel=\"noopener noreferrer\"><br \/>\n<img decoding=\"async\" style=\"border: 1px solid #555;\" src=\"http:\/\/drive.google.com\/uc?export=view&amp;id=1lEFipU4tzqOKBeAuZpoI0OAJVPbz3s-0\" width=\"90%\" \/><\/a><\/div>\n<div class=\"columna\" style=\"width: 20%;\"><a href=\"https:\/\/serveiseducatius.xtec.cat\/altemporda\/xarxa-descoles-del-pn-cap-de-creus\/campanyes-ambientals\/poster-ambiental\/explotacio-didactica-la-meva-escola-el-nostre-entorn\/guia\/\" target=\"_blank\" rel=\"noopener noreferrer\"><br \/>\n<img decoding=\"async\" style=\"border: 1px solid #555;\" src=\"http:\/\/drive.google.com\/uc?export=view&amp;id=1U4ArL2R2R4GMQV9EKvQx_2pG4vOkejzt\" width=\"90%\" \/><\/a><\/div>\n<\/div>\n<div class=\"fila engrandeix img;\">\n<div class=\"columna\" style=\"width: 20%;\"><a href=\"https:\/\/serveiseducatius.xtec.cat\/altemporda\/xarxa-descoles-del-pn-cap-de-creus\/campanyes-ambientals\/poster-ambiental\/explotacio-didactica-la-meva-escola-el-nostre-entorn\/guia\/\" target=\"_blank\" rel=\"noopener noreferrer\"><br \/>\n<img decoding=\"async\" style=\"border: 1px solid #555;\" src=\"http:\/\/drive.google.com\/uc?export=view&amp;id=1uJ4eNNBIRcgWjhxOX1JCeyrYkyIafxCj\" width=\"90%\" \/><\/a><\/div>\n<div class=\"columna\" style=\"width: 20%;\"><a href=\"https:\/\/serveiseducatius.xtec.cat\/altemporda\/xarxa-descoles-del-pn-cap-de-creus\/campanyes-ambientals\/poster-ambiental\/explotacio-didactica-la-meva-escola-el-nostre-entorn\/guia\/\" target=\"_blank\" rel=\"noopener noreferrer\"><br \/>\n<img decoding=\"async\" style=\"border: 1px solid #555;\" src=\"http:\/\/drive.google.com\/uc?export=view&amp;id=1t3MmH3tUftNInyLAGmYvLYjN7mNHijvP\" width=\"90%\" \/><\/a><\/div>\n<div class=\"columna\" style=\"width: 20%;\"><a href=\"https:\/\/serveiseducatius.xtec.cat\/altemporda\/xarxa-descoles-del-pn-cap-de-creus\/campanyes-ambientals\/poster-ambiental\/explotacio-didactica-la-meva-escola-el-nostre-entorn\/guia\/\" target=\"_blank\" rel=\"noopener noreferrer\"><br \/>\n<img decoding=\"async\" style=\"border: 1px solid #555;\" src=\"http:\/\/drive.google.com\/uc?export=view&amp;id=1zwoHgKA-gqu_5EbGYcgjegjaMu9ukanX\" width=\"90%\" \/><\/a><\/div>\n<div class=\"columna\" style=\"width: 20%;\"><a href=\"https:\/\/serveiseducatius.xtec.cat\/altemporda\/xarxa-descoles-del-pn-cap-de-creus\/campanyes-ambientals\/poster-ambiental\/explotacio-didactica-la-meva-escola-el-nostre-entorn\/guia\/\" target=\"_blank\" rel=\"noopener noreferrer\"><br \/>\n<img decoding=\"async\" style=\"border: 1px solid #555;\" src=\"http:\/\/drive.google.com\/uc?export=view&amp;id=1pq_92lkvC-RrsNnbpF3bNkj_WoN1ixIS\" width=\"90%\" \/><\/a><\/div>\n<div class=\"columna\" style=\"width: 20%;\"><a href=\"https:\/\/serveiseducatius.xtec.cat\/altemporda\/xarxa-descoles-del-pn-cap-de-creus\/campanyes-ambientals\/poster-ambiental\/explotacio-didactica-la-meva-escola-el-nostre-entorn\/guia\/\" target=\"_blank\" rel=\"noopener noreferrer\"><br \/>\n<img decoding=\"async\" style=\"border: 1px solid #555;\" src=\"http:\/\/drive.google.com\/uc?export=view&amp;id=1YY6JWH2xgKMUp-nao0IFWWFMXJ4SGjTt\" width=\"90%\" \/><\/a><\/div>\n<\/div>\n<div class=\"fila engrandeix img;\">\n<div class=\"columna\" style=\"width: 20%;\"><a href=\"https:\/\/serveiseducatius.xtec.cat\/altemporda\/xarxa-descoles-del-pn-cap-de-creus\/campanyes-ambientals\/poster-ambiental\/explotacio-didactica-la-meva-escola-el-nostre-entorn\/guia\/\" target=\"_blank\" rel=\"noopener noreferrer\"><br \/>\n<img decoding=\"async\" style=\"border: 1px solid #555;\" src=\"http:\/\/drive.google.com\/uc?export=view&amp;id=1-0Fy_gee594Wf-VBn_WOUnn8V6TJR2eN\" width=\"90%\" \/><\/a><\/div>\n<div class=\"columna\" style=\"width: 20%;\"><a href=\"https:\/\/serveiseducatius.xtec.cat\/altemporda\/xarxa-descoles-del-pn-cap-de-creus\/campanyes-ambientals\/poster-ambiental\/explotacio-didactica-la-meva-escola-el-nostre-entorn\/guia\/\" target=\"_blank\" rel=\"noopener noreferrer\"><br \/>\n<img decoding=\"async\" style=\"border: 1px solid #555;\" src=\"http:\/\/drive.google.com\/uc?export=view&amp;id=1fUVpbq2N4OgEBxHcGRIrEc5o0gNwFR8P\" width=\"90%\" \/><\/a><\/div>\n<div class=\"columna\" style=\"width: 20%;\"><a href=\"https:\/\/serveiseducatius.xtec.cat\/altemporda\/xarxa-descoles-del-pn-cap-de-creus\/campanyes-ambientals\/poster-ambiental\/explotacio-didactica-la-meva-escola-el-nostre-entorn\/guia\/\" target=\"_blank\" rel=\"noopener noreferrer\"><br \/>\n<img decoding=\"async\" style=\"border: 1px solid #555;\" src=\"http:\/\/drive.google.com\/uc?export=view&amp;id=1gJAyWceHktJ86Zxq8RGSy9u_58fP1uhY\" width=\"90%\" \/><\/a><\/div>\n<div class=\"columna\" style=\"width: 20%;\"><a href=\"https:\/\/serveiseducatius.xtec.cat\/altemporda\/xarxa-descoles-del-pn-cap-de-creus\/campanyes-ambientals\/poster-ambiental\/explotacio-didactica-la-meva-escola-el-nostre-entorn\/guia\/\" target=\"_blank\" rel=\"noopener noreferrer\"><br \/>\n<img decoding=\"async\" style=\"border: 1px solid #555;\" src=\"http:\/\/drive.google.com\/uc?export=view&amp;id=178zN2uzMkg0pB83UBE4rxj7gUtP-3-1V\" width=\"90%\" \/><\/a><\/div>\n<div class=\"columna\" style=\"width: 20%;\"><a href=\"https:\/\/serveiseducatius.xtec.cat\/altemporda\/xarxa-descoles-del-pn-cap-de-creus\/campanyes-ambientals\/poster-ambiental\/explotacio-didactica-la-meva-escola-el-nostre-entorn\/guia\/\" target=\"_blank\" rel=\"noopener noreferrer\"><br \/>\n<img decoding=\"async\" style=\"border: 1px solid #555;\" src=\"http:\/\/drive.google.com\/uc?export=view&amp;id=1TEIOOL5YL6SFsHt9VJMRJQAysCeVqWid\" width=\"90%\" \/><\/a><\/div>\n<\/div>\n<div class=\"fila engrandeix img;\">\n<div class=\"columna\" style=\"width: 20%;\"><a href=\"https:\/\/serveiseducatius.xtec.cat\/altemporda\/xarxa-descoles-del-pn-cap-de-creus\/campanyes-ambientals\/poster-ambiental\/explotacio-didactica-la-meva-escola-el-nostre-entorn\/guia\/\" target=\"_blank\" rel=\"noopener noreferrer\"><br \/>\n<img decoding=\"async\" style=\"border: 1px solid #555;\" src=\"http:\/\/drive.google.com\/uc?export=view&amp;id=1pW94WIi3Zv1ZNk6FQD5-ZMAnnxk4CcR8\" width=\"90%\" \/><\/a><\/div>\n<div class=\"columna\" style=\"width: 20%;\"><a href=\"https:\/\/serveiseducatius.xtec.cat\/altemporda\/xarxa-descoles-del-pn-cap-de-creus\/campanyes-ambientals\/poster-ambiental\/explotacio-didactica-la-meva-escola-el-nostre-entorn\/guia\/\" target=\"_blank\" rel=\"noopener noreferrer\"><br \/>\n<img decoding=\"async\" style=\"border: 1px solid #555;\" src=\"http:\/\/drive.google.com\/uc?export=view&amp;id=1VMQvx5lcFrXZJB6DmjdovCZrmf7bh_aB\" width=\"90%\" \/><\/a><\/div>\n<div class=\"columna\" style=\"width: 20%;\"><a href=\"https:\/\/serveiseducatius.xtec.cat\/altemporda\/xarxa-descoles-del-pn-cap-de-creus\/campanyes-ambientals\/poster-ambiental\/explotacio-didactica-la-meva-escola-el-nostre-entorn\/guia\/\" target=\"_blank\" rel=\"noopener noreferrer\"><br \/>\n<img decoding=\"async\" style=\"border: 1px solid #555;\" src=\"http:\/\/drive.google.com\/uc?export=view&amp;id=1_bhU6uGoyrXsTVgMzXqODGtXdrlP3Pd4\" width=\"90%\" \/><\/a><\/div>\n<div class=\"columna\" style=\"width: 20%;\"><a href=\"https:\/\/drive.google.com\/file\/d\/1hGNeYE1E1XQ6LHweb903JievuXn4RqG6\/view?usp=sharing\" target=\"_blank\" rel=\"noopener noreferrer\"><br \/>\n<img decoding=\"async\" style=\"border: 1px solid #555;\" src=\"http:\/\/drive.google.com\/uc?export=view&amp;id=1QCBg2kpt_6KF0LajqrKJ-B473UBCOOkU\" width=\"90%\" \/><\/a><\/div>\n<div class=\"columna\" style=\"width: 20%;\"><a href=\"https:\/\/serveiseducatius.xtec.cat\/altemporda\/xarxa-descoles-del-pn-cap-de-creus\/campanyes-ambientals\/poster-ambiental\/explotacio-didactica-la-meva-escola-el-nostre-entorn\/guia\/\" target=\"_blank\" rel=\"noopener noreferrer\"><br \/>\n<img decoding=\"async\" style=\"border: 1px solid #555;\" src=\"http:\/\/drive.google.com\/uc?export=view&amp;id=1MJ8s2TmX09-mMeCm7OXmGUw_Sby9tK2l\" width=\"90%\" \/><\/a><\/div>\n<\/div>\n<div class=\"fila engrandeix img;\">\n<div class=\"columna\" style=\"width: 20%;\"><a href=\"https:\/\/serveiseducatius.xtec.cat\/altemporda\/xarxa-descoles-del-pn-cap-de-creus\/campanyes-ambientals\/poster-ambiental\/explotacio-didactica-la-meva-escola-el-nostre-entorn\/guia\/\" target=\"_blank\" rel=\"noopener noreferrer\"><br \/>\n<img decoding=\"async\" style=\"border: 1px solid #555;\" src=\"http:\/\/drive.google.com\/uc?export=view&amp;id=1GYGviiNYwpmutzripERzHxylnG8siNu3\" width=\"90%\" \/><\/a><\/div>\n<div class=\"columna\" style=\"width: 20%;\"><a href=\"https:\/\/serveiseducatius.xtec.cat\/altemporda\/xarxa-descoles-del-pn-cap-de-creus\/campanyes-ambientals\/poster-ambiental\/explotacio-didactica-la-meva-escola-el-nostre-entorn\/guia\/\" target=\"_blank\" rel=\"noopener noreferrer\"><br \/>\n<img decoding=\"async\" style=\"border: 1px solid #555;\" src=\"http:\/\/drive.google.com\/uc?export=view&amp;id=1dEbdgTsMbO--OIOHNi1v9qmE82mRBPKl\" width=\"90%\" \/><\/a><\/div>\n<div class=\"columna\" style=\"width: 20%;\"><a href=\"https:\/\/serveiseducatius.xtec.cat\/altemporda\/xarxa-descoles-del-pn-cap-de-creus\/campanyes-ambientals\/poster-ambiental\/explotacio-didactica-la-meva-escola-el-nostre-entorn\/guia\/\" target=\"_blank\" rel=\"noopener noreferrer\"><br \/>\n<img decoding=\"async\" style=\"border: 1px solid #555;\" src=\"http:\/\/drive.google.com\/uc?export=view&amp;id=1_6-pzHleRBbd58Hj6gQRk558831zy9qn\" width=\"90%\" \/><\/a><\/div>\n<div class=\"columna\" style=\"width: 20%;\"><a href=\"https:\/\/serveiseducatius.xtec.cat\/altemporda\/xarxa-descoles-del-pn-cap-de-creus\/campanyes-ambientals\/poster-ambiental\/explotacio-didactica-la-meva-escola-el-nostre-entorn\/guia\/\" target=\"_blank\" rel=\"noopener noreferrer\"><br \/>\n<img decoding=\"async\" style=\"border: 1px solid #555;\" src=\"http:\/\/drive.google.com\/uc?export=view&amp;id=1EqtZ22pjenzEDCXVa-HHFPi6zNG7x6np\" width=\"90%\" \/><\/a><\/div>\n<div class=\"columna\" style=\"width: 20%;\"><a href=\"https:\/\/serveiseducatius.xtec.cat\/altemporda\/xarxa-descoles-del-pn-cap-de-creus\/campanyes-ambientals\/poster-ambiental\/explotacio-didactica-la-meva-escola-el-nostre-entorn\/guia\/\" target=\"_blank\" rel=\"noopener noreferrer\"><br \/>\n<img decoding=\"async\" style=\"border: 1px solid #555;\" src=\"http:\/\/drive.google.com\/uc?export=view&amp;id=1JChoQ_P4JgRh8zLMGgFzt1UFmexh_8G9\" width=\"90%\" \/><\/a><\/div>\n<\/div>\n<div class=\"fila engrandeix img;\">\n<div class=\"columna\" style=\"width: 20%;\"><a href=\"https:\/\/serveiseducatius.xtec.cat\/altemporda\/xarxa-descoles-del-pn-cap-de-creus\/campanyes-ambientals\/poster-ambiental\/explotacio-didactica-la-meva-escola-el-nostre-entorn\/guia\/\" target=\"_blank\" rel=\"noopener noreferrer\"><br \/>\n<img decoding=\"async\" style=\"border: 1px solid #555;\" src=\"http:\/\/drive.google.com\/uc?export=view&amp;id=1L2J67zvWAzdzEW-8SCEciWLiq4imqy-M\" width=\"90%\" \/><\/a><\/div>\n<div class=\"columna\" style=\"width: 20%;\"><a href=\"https:\/\/serveiseducatius.xtec.cat\/altemporda\/xarxa-descoles-del-pn-cap-de-creus\/campanyes-ambientals\/poster-ambiental\/explotacio-didactica-la-meva-escola-el-nostre-entorn\/guia\/\" target=\"_blank\" rel=\"noopener noreferrer\"><br \/>\n<img decoding=\"async\" style=\"border: 1px solid #555;\" src=\"http:\/\/drive.google.com\/uc?export=view&amp;id=1OGgO8It0diLatfg5hA8zTC60iZbu_j3x\" width=\"90%\" \/><\/a><\/div>\n<div class=\"columna\" style=\"width: 20%;\"><a href=\"https:\/\/serveiseducatius.xtec.cat\/altemporda\/xarxa-descoles-del-pn-cap-de-creus\/campanyes-ambientals\/poster-ambiental\/explotacio-didactica-la-meva-escola-el-nostre-entorn\/guia\/\" target=\"_blank\" rel=\"noopener noreferrer\"><br \/>\n<img decoding=\"async\" style=\"border: 1px solid #555;\" src=\"http:\/\/drive.google.com\/uc?export=view&amp;id=1wEw-csk56qFiSsZNy_ambQy6nwP7XEhC\" width=\"90%\" \/><\/a><\/div>\n<div class=\"columna\" style=\"width: 20%;\"><a href=\"https:\/\/serveiseducatius.xtec.cat\/altemporda\/xarxa-descoles-del-pn-cap-de-creus\/campanyes-ambientals\/poster-ambiental\/explotacio-didactica-la-meva-escola-el-nostre-entorn\/guia\/\" target=\"_blank\" rel=\"noopener noreferrer\"><br \/>\n<img decoding=\"async\" style=\"border: 1px solid #555;\" src=\"http:\/\/drive.google.com\/uc?export=view&amp;id=1cju_n4_A8-bNSiJRyZDVBL_xqW34QyeB\" width=\"90%\" \/><\/a><\/div>\n<div class=\"columna\" style=\"width: 20%;\"><a href=\"https:\/\/serveiseducatius.xtec.cat\/altemporda\/xarxa-descoles-del-pn-cap-de-creus\/campanyes-ambientals\/poster-ambiental\/explotacio-didactica-la-meva-escola-el-nostre-entorn\/guia\/\" target=\"_blank\" rel=\"noopener noreferrer\"><br \/>\n<img decoding=\"async\" style=\"border: 1px solid #555;\" src=\"http:\/\/drive.google.com\/uc?export=view&amp;id=1C8D8zQ8mauEkpHigGfkTtnpNYii_JKXX\" width=\"90%\" \/><\/a><\/div>\n<\/div>\n<div class=\"fila engrandeix img;\">\n<div class=\"columna\" style=\"width: 20%;\"><a href=\"https:\/\/serveiseducatius.xtec.cat\/altemporda\/xarxa-descoles-del-pn-cap-de-creus\/campanyes-ambientals\/poster-ambiental\/explotacio-didactica-la-meva-escola-el-nostre-entorn\/guia\/\" target=\"_blank\" rel=\"noopener noreferrer\"><br \/>\n<img decoding=\"async\" style=\"border: 1px solid #555;\" src=\"http:\/\/drive.google.com\/uc?export=view&amp;id=1A801Wv7JoAjQ4JkXbZoyjPL_trtC7On5\" width=\"90%\" \/><\/a><\/div>\n<div class=\"columna\" style=\"width: 20%;\"><a href=\"https:\/\/serveiseducatius.xtec.cat\/altemporda\/xarxa-descoles-del-pn-cap-de-creus\/campanyes-ambientals\/poster-ambiental\/explotacio-didactica-la-meva-escola-el-nostre-entorn\/guia\/\" target=\"_blank\" rel=\"noopener noreferrer\"><br \/>\n<img decoding=\"async\" style=\"border: 1px solid #555;\" src=\"http:\/\/drive.google.com\/uc?export=view&amp;id=1C-gf-ys6Csbod6hhTnrcwqgnakLKHfHA\" width=\"90%\" \/><\/a><\/div>\n<div class=\"columna\" style=\"width: 20%;\"><a href=\"https:\/\/serveiseducatius.xtec.cat\/altemporda\/xarxa-descoles-del-pn-cap-de-creus\/campanyes-ambientals\/poster-ambiental\/explotacio-didactica-la-meva-escola-el-nostre-entorn\/guia\/\" target=\"_blank\" rel=\"noopener noreferrer\"><br \/>\n<img decoding=\"async\" style=\"border: 1px solid #555;\" src=\"http:\/\/drive.google.com\/uc?export=view&amp;id=1JypLZJm7nsD6sHGSZ_FQxECC4cGK5-36\" width=\"90%\" \/><\/a><\/div>\n<div class=\"columna\" style=\"width: 20%;\"><a href=\"https:\/\/serveiseducatius.xtec.cat\/altemporda\/xarxa-descoles-del-pn-cap-de-creus\/campanyes-ambientals\/poster-ambiental\/explotacio-didactica-la-meva-escola-el-nostre-entorn\/guia\/\" target=\"_blank\" rel=\"noopener noreferrer\"><br \/>\n<img decoding=\"async\" style=\"border: 1px solid #555;\" src=\"http:\/\/drive.google.com\/uc?export=view&amp;id=1iGiLGlEkLgnuvLmZHRk0U5nz3p7Gy6Hc\" width=\"90%\" \/><\/a><\/div>\n<div class=\"columna\" style=\"width: 20%;\"><a href=\"https:\/\/serveiseducatius.xtec.cat\/altemporda\/xarxa-descoles-del-pn-cap-de-creus\/campanyes-ambientals\/poster-ambiental\/explotacio-didactica-la-meva-escola-el-nostre-entorn\/guia\/\" target=\"_blank\" rel=\"noopener noreferrer\"><br \/>\n<img decoding=\"async\" style=\"border: 1px solid #555;\" src=\"http:\/\/drive.google.com\/uc?export=view&amp;id=1wZjk7WJlaG3qcrABKNfKVVYC0xLKcF0J\" width=\"90%\" \/><\/a><\/div>\n<\/div>\n<hr \/>\n<p>&nbsp;<\/p>\n<p align=\"center\"><iframe loading=\"lazy\" src=\"https:\/\/docs.google.com\/document\/d\/1d1rR3HgSkgD86yWlPbAjzq0yR6d2nTNNWwyi9B_pPfs\/preview\" width=\"900\" height=\"850\"><span data-mce-type=\"bookmark\" style=\"display: inline-block; width: 0px; overflow: hidden; line-height: 0;\" class=\"mce_SELRES_start\">\ufeff<\/span><\/iframe><\/p>\n<p align=\"center\"><a href=\"https:\/\/serveiseducatius.xtec.cat\/altemporda\/wp-content\/uploads\/usu1156\/2022\/03\/1-mfvBQhwMfM5shcJm0mKXaue8WhdE9L4.jpg\"><img loading=\"lazy\" decoding=\"async\" class=\"alignnone size-full wp-image-16776\" src=\"https:\/\/serveiseducatius.xtec.cat\/altemporda\/wp-content\/uploads\/usu1156\/2022\/03\/1-mfvBQhwMfM5shcJm0mKXaue8WhdE9L4.jpg\" alt=\"\" width=\"900\" height=\"85\" srcset=\"https:\/\/serveiseducatius.xtec.cat\/altemporda\/wp-content\/uploads\/usu1156\/2022\/03\/1-mfvBQhwMfM5shcJm0mKXaue8WhdE9L4.jpg 900w, https:\/\/serveiseducatius.xtec.cat\/altemporda\/wp-content\/uploads\/usu1156\/2022\/03\/1-mfvBQhwMfM5shcJm0mKXaue8WhdE9L4-300x28.jpg 300w, https:\/\/serveiseducatius.xtec.cat\/altemporda\/wp-content\/uploads\/usu1156\/2022\/03\/1-mfvBQhwMfM5shcJm0mKXaue8WhdE9L4-768x73.jpg 768w\" sizes=\"auto, (max-width: 900px) 100vw, 900px\" \/><\/a><\/p>\n","protected":false},"excerpt":{"rendered":"<p>40 accions ambientals per canviar el nostre entorn. A continuaci\u00f3\u00a0us presentem una breu ressenya i una proposta did\u00e0ctica de cada t\u00edtol. Passeu el cursor per cada coberta i trobareu la informaci\u00f3. &nbsp; \ufeff<\/p>\n","protected":false},"author":1,"featured_media":0,"parent":16731,"menu_order":0,"comment_status":"closed","ping_status":"closed","template":"","meta":{"_bbp_topic_count":0,"_bbp_reply_count":0,"_bbp_total_topic_count":0,"_bbp_total_reply_count":0,"_bbp_voice_count":0,"_bbp_anonymous_reply_count":0,"_bbp_topic_count_hidden":0,"_bbp_reply_count_hidden":0,"_bbp_forum_subforum_count":0,"site-sidebar-layout":"default","site-content-layout":"","ast-site-content-layout":"","site-content-style":"default","site-sidebar-style":"default","ast-global-header-display":"","ast-banner-title-visibility":"","ast-main-header-display":"","ast-hfb-above-header-display":"","ast-hfb-below-header-display":"","ast-hfb-mobile-header-display":"","site-post-title":"","ast-breadcrumbs-content":"","ast-featured-img":"","footer-sml-layout":"","theme-transparent-header-meta":"","adv-header-id-meta":"","stick-header-meta":"","header-above-stick-meta":"","header-main-stick-meta":"","header-below-stick-meta":"","astra-migrate-meta-layouts":"default","ast-page-background-enabled":"default","ast-page-background-meta":{"desktop":{"background-color":"var(--ast-global-color-4)","background-image":"","background-repeat":"repeat","background-position":"center center","background-size":"auto","background-attachment":"scroll","background-type":"","background-media":"","overlay-type":"","overlay-color":"","overlay-opacity":"","overlay-gradient":""},"tablet":{"background-color":"","background-image":"","background-repeat":"repeat","background-position":"center center","background-size":"auto","background-attachment":"scroll","background-type":"","background-media":"","overlay-type":"","overlay-color":"","overlay-opacity":"","overlay-gradient":""},"mobile":{"background-color":"","background-image":"","background-repeat":"repeat","background-position":"center center","background-size":"auto","background-attachment":"scroll","background-type":"","background-media":"","overlay-type":"","overlay-color":"","overlay-opacity":"","overlay-gradient":""}},"ast-content-background-meta":{"desktop":{"background-color":"var(--ast-global-color-5)","background-image":"","background-repeat":"repeat","background-position":"center center","background-size":"auto","background-attachment":"scroll","background-type":"","background-media":"","overlay-type":"","overlay-color":"","overlay-opacity":"","overlay-gradient":""},"tablet":{"background-color":"var(--ast-global-color-5)","background-image":"","background-repeat":"repeat","background-position":"center center","background-size":"auto","background-attachment":"scroll","background-type":"","background-media":"","overlay-type":"","overlay-color":"","overlay-opacity":"","overlay-gradient":""},"mobile":{"background-color":"var(--ast-global-color-5)","background-image":"","background-repeat":"repeat","background-position":"center center","background-size":"auto","background-attachment":"scroll","background-type":"","background-media":"","overlay-type":"","overlay-color":"","overlay-opacity":"","overlay-gradient":""}},"footnotes":""},"class_list":["post-16745","page","type-page","status-publish","hentry"],"post_mailing_queue_ids":[],"_links":{"self":[{"href":"https:\/\/serveiseducatius.xtec.cat\/altemporda\/wp-json\/wp\/v2\/pages\/16745","targetHints":{"allow":["GET"]}}],"collection":[{"href":"https:\/\/serveiseducatius.xtec.cat\/altemporda\/wp-json\/wp\/v2\/pages"}],"about":[{"href":"https:\/\/serveiseducatius.xtec.cat\/altemporda\/wp-json\/wp\/v2\/types\/page"}],"author":[{"embeddable":true,"href":"https:\/\/serveiseducatius.xtec.cat\/altemporda\/wp-json\/wp\/v2\/users\/1"}],"replies":[{"embeddable":true,"href":"https:\/\/serveiseducatius.xtec.cat\/altemporda\/wp-json\/wp\/v2\/comments?post=16745"}],"version-history":[{"count":3,"href":"https:\/\/serveiseducatius.xtec.cat\/altemporda\/wp-json\/wp\/v2\/pages\/16745\/revisions"}],"predecessor-version":[{"id":17324,"href":"https:\/\/serveiseducatius.xtec.cat\/altemporda\/wp-json\/wp\/v2\/pages\/16745\/revisions\/17324"}],"up":[{"embeddable":true,"href":"https:\/\/serveiseducatius.xtec.cat\/altemporda\/wp-json\/wp\/v2\/pages\/16731"}],"wp:attachment":[{"href":"https:\/\/serveiseducatius.xtec.cat\/altemporda\/wp-json\/wp\/v2\/media?parent=16745"}],"curies":[{"name":"wp","href":"https:\/\/api.w.org\/{rel}","templated":true}]}}