{"id":16738,"date":"2022-03-17T12:41:44","date_gmt":"2022-03-17T11:41:44","guid":{"rendered":"https:\/\/serveiseducatius.xtec.cat\/altemporda\/?page_id=16738"},"modified":"2022-03-18T14:09:25","modified_gmt":"2022-03-18T13:09:25","slug":"credits","status":"publish","type":"page","link":"https:\/\/serveiseducatius.xtec.cat\/altemporda\/xarxa-descoles-del-pn-cap-de-creus\/campanyes-ambientals\/explotacio-didactica-la-meva-escola-el-nostre-entorn\/credits\/","title":{"rendered":"Cr\u00e8dits"},"content":{"rendered":"<p class=\"CDt4Ke zfr3Q\" dir=\"ltr\"><strong>\u00a9 La meva escola, el nostre entorn.<\/strong><\/p>\n<p class=\"CDt4Ke zfr3Q\" dir=\"ltr\" style=\"text-align: justify;\"><strong>\u00a9 Taula de debat educatiu de l\u2019Escala (TDE-E):<\/strong>\u00a0Lilian Xiqu\u00e8s\u00a0<strong>(ESC Emp\u00faries)<\/strong>\u00a0Merc\u00e8 Costa, Maria Aguado\u00a0<strong>(INS El Pedr\u00f3)<\/strong>\u00a0Erika Herrera, Anna Muntadas\u00a0<strong>(ESC Esculapi)<\/strong>\u00a0S\u00edlvia Brugu\u00e9s\u00a0<strong>(LLA d\u2019infants Ballmanetes)<\/strong>\u00a0Pere Guanter\u00a0<strong>(T\u00e8cnic d\u2019educaci\u00f3 de l\u2019ajuntament de l\u2019Escala)<\/strong>\u00a0Josep Maria Mora\u00a0<strong>(SEAE)\u00a0<\/strong>Consol Iglesias\u00a0<strong>(Inspectora de la Zona).<\/strong><\/p>\n<p class=\"CDt4Ke zfr3Q\" dir=\"ltr\"><strong>\u00a9 Il\u00b7lustraci\u00f3<\/strong>: Carles Roman<\/p>\n<p class=\"CDt4Ke zfr3Q\" dir=\"ltr\"><strong>\u00a9 Adaptaci\u00f3 inform\u00e0tica<\/strong>: C\u00e0ndid Mir\u00f3 (SEAE)<\/p>\n<p class=\"CDt4Ke zfr3Q\" dir=\"ltr\"><strong>\u00a9 Ajuntament de l\u2019Escala<\/strong><\/p>\n<p class=\"CDt4Ke zfr3Q\" dir=\"ltr\"><strong>\u00a9 Servei Educatiu de l\u2019Alt Empord\u00e0<\/strong><\/p>\n<p class=\"CDt4Ke zfr3Q\" dir=\"ltr\"><strong>Departament d\u2019Ensenyament de la Generalitat de Catalunya.<\/strong><\/p>\n<p class=\"CDt4Ke zfr3Q\" dir=\"ltr\">Avinguda Maria \u00c0ngels Anglada, 13. Figueres<\/p>\n<p class=\"CDt4Ke zfr3Q\" dir=\"ltr\"><span class=\" aw5Odc\"><a class=\"XqQF9c\" href=\"http:\/\/www.google.com\/url?q=http%3A%2F%2Fwww.sealtemporda.cat%2F&amp;sa=D&amp;sntz=1&amp;usg=AOvVaw3PddjmBIbNY0CYyuWEKJrl\" target=\"_blank\" rel=\"noopener\">www.sealtemporda.cat<\/a><\/span><\/p>\n<p class=\"CDt4Ke zfr3Q\" dir=\"ltr\"><span class=\" aw5Odc\"><a class=\"XqQF9c\" href=\"mailto:crp-altemporda@xtec.cat\" target=\"_blank\" rel=\"noopener\">crp-altemporda@xtec.cat<\/a><\/span><\/p>\n<p class=\"CDt4Ke zfr3Q\" dir=\"ltr\"><strong>Any:<\/strong>\u00a0febrer de 2013<\/p>\n<p class=\"CDt4Ke zfr3Q\" dir=\"ltr\"><strong>Tiratge:<\/strong>\u00a02000 exemplars<\/p>\n<p class=\"CDt4Ke zfr3Q\" dir=\"ltr\"><strong>Dip\u00f2sit Legal:\u00a0<\/strong>GI.135-2013<\/p>\n<p class=\"CDt4Ke zfr3Q\" dir=\"ltr\" style=\"text-align: justify;\"><strong>Drets de reproducci\u00f3 i adaptaci\u00f3:\u00a0<\/strong>La reproducci\u00f3 d&#8217;aquest entorn Web est\u00e0 autoritzada i agra\u00efda, tant si es cita o no el seu origen, amb la finalitat d&#8217;engrescar i divulgar aquesta iniciativa. Fora dels casos que es vulgui fer, directament o indirectament, amb algun tipus de finalitat comercial o lucrativa.<\/p>\n<p class=\"CDt4Ke zfr3Q\" dir=\"ltr\"><strong>La petjada ecol\u00f2gica:<\/strong>\u00a0Per a l&#8217;edici\u00f3 impresa s&#8217;ha fet servir paper ecol\u00f2gic.<\/p>\n<p class=\"CDt4Ke zfr3Q\" dir=\"ltr\"><strong>__________________<\/strong><\/p>\n<p class=\"CDt4Ke zfr3Q\" dir=\"ltr\" style=\"text-align: justify;\"><strong>Nota:\u00a0<\/strong>El<a class=\"XqQF9c\" href=\"http:\/\/www.google.com\/url?q=http%3A%2F%2Fwww.emporda.info%2F&amp;sa=D&amp;sntz=1&amp;usg=AOvVaw31DurQDmqrhbRQsOGt6X1m\" target=\"_blank\" rel=\"noopener\">\u00a0<\/a><span class=\" aw5Odc\"><a class=\"XqQF9c\" href=\"http:\/\/www.google.com\/url?q=http%3A%2F%2Fwww.emporda.info%2F&amp;sa=D&amp;sntz=1&amp;usg=AOvVaw31DurQDmqrhbRQsOGt6X1m\" target=\"_blank\" rel=\"noopener\">Setmanari Empord\u00e0<\/a><\/span>\u00a0realitza un tiratge de 8000 exemplars per a ser inclosos dins del diari. Aquesta separata va acompanyada d&#8217;una explicaci\u00f3 detallada del projecte. El p\u00f2ster es pot trobar en tots els quioscos de la comarca de l&#8217;Alt Empord\u00e0 a partir del dimarts, 5 d&#8217;abril de 2013.<\/p>\n<p dir=\"ltr\"><a href=\"https:\/\/serveiseducatius.xtec.cat\/altemporda\/wp-content\/uploads\/usu1156\/2022\/03\/1-mfvBQhwMfM5shcJm0mKXaue8WhdE9L4.jpg\"><img loading=\"lazy\" decoding=\"async\" class=\" wp-image-16776 aligncenter\" src=\"https:\/\/serveiseducatius.xtec.cat\/altemporda\/wp-content\/uploads\/usu1156\/2022\/03\/1-mfvBQhwMfM5shcJm0mKXaue8WhdE9L4.jpg\" alt=\"\" width=\"1122\" height=\"106\" srcset=\"https:\/\/serveiseducatius.xtec.cat\/altemporda\/wp-content\/uploads\/usu1156\/2022\/03\/1-mfvBQhwMfM5shcJm0mKXaue8WhdE9L4.jpg 900w, https:\/\/serveiseducatius.xtec.cat\/altemporda\/wp-content\/uploads\/usu1156\/2022\/03\/1-mfvBQhwMfM5shcJm0mKXaue8WhdE9L4-300x28.jpg 300w, https:\/\/serveiseducatius.xtec.cat\/altemporda\/wp-content\/uploads\/usu1156\/2022\/03\/1-mfvBQhwMfM5shcJm0mKXaue8WhdE9L4-768x73.jpg 768w\" sizes=\"auto, (max-width: 1122px) 100vw, 1122px\" \/><\/a><\/p>\n","protected":false},"excerpt":{"rendered":"<p>\u00a9 La meva escola, el nostre entorn. \u00a9 Taula de debat educatiu de l\u2019Escala (TDE-E):\u00a0Lilian Xiqu\u00e8s\u00a0(ESC Emp\u00faries)\u00a0Merc\u00e8 Costa, Maria Aguado\u00a0(INS El Pedr\u00f3)\u00a0Erika Herrera, Anna Muntadas\u00a0(ESC Esculapi)\u00a0S\u00edlvia Brugu\u00e9s\u00a0(LLA d\u2019infants Ballmanetes)\u00a0Pere Guanter\u00a0(T\u00e8cnic d\u2019educaci\u00f3 de l\u2019ajuntament de l\u2019Escala)\u00a0Josep Maria Mora\u00a0(SEAE)\u00a0Consol Iglesias\u00a0(Inspectora de la Zona). \u00a9 Il\u00b7lustraci\u00f3: Carles Roman \u00a9 Adaptaci\u00f3 inform\u00e0tica: C\u00e0ndid Mir\u00f3 (SEAE) \u00a9 Ajuntament de l\u2019Escala [&hellip;]<\/p>\n","protected":false},"author":1,"featured_media":0,"parent":16731,"menu_order":0,"comment_status":"closed","ping_status":"closed","template":"","meta":{"_bbp_topic_count":0,"_bbp_reply_count":0,"_bbp_total_topic_count":0,"_bbp_total_reply_count":0,"_bbp_voice_count":0,"_bbp_anonymous_reply_count":0,"_bbp_topic_count_hidden":0,"_bbp_reply_count_hidden":0,"_bbp_forum_subforum_count":0,"site-sidebar-layout":"default","site-content-layout":"","ast-site-content-layout":"","site-content-style":"default","site-sidebar-style":"default","ast-global-header-display":"","ast-banner-title-visibility":"","ast-main-header-display":"","ast-hfb-above-header-display":"","ast-hfb-below-header-display":"","ast-hfb-mobile-header-display":"","site-post-title":"","ast-breadcrumbs-content":"","ast-featured-img":"","footer-sml-layout":"","theme-transparent-header-meta":"","adv-header-id-meta":"","stick-header-meta":"","header-above-stick-meta":"","header-main-stick-meta":"","header-below-stick-meta":"","astra-migrate-meta-layouts":"default","ast-page-background-enabled":"default","ast-page-background-meta":{"desktop":{"background-color":"var(--ast-global-color-4)","background-image":"","background-repeat":"repeat","background-position":"center center","background-size":"auto","background-attachment":"scroll","background-type":"","background-media":"","overlay-type":"","overlay-color":"","overlay-opacity":"","overlay-gradient":""},"tablet":{"background-color":"","background-image":"","background-repeat":"repeat","background-position":"center center","background-size":"auto","background-attachment":"scroll","background-type":"","background-media":"","overlay-type":"","overlay-color":"","overlay-opacity":"","overlay-gradient":""},"mobile":{"background-color":"","background-image":"","background-repeat":"repeat","background-position":"center center","background-size":"auto","background-attachment":"scroll","background-type":"","background-media":"","overlay-type":"","overlay-color":"","overlay-opacity":"","overlay-gradient":""}},"ast-content-background-meta":{"desktop":{"background-color":"var(--ast-global-color-5)","background-image":"","background-repeat":"repeat","background-position":"center center","background-size":"auto","background-attachment":"scroll","background-type":"","background-media":"","overlay-type":"","overlay-color":"","overlay-opacity":"","overlay-gradient":""},"tablet":{"background-color":"var(--ast-global-color-5)","background-image":"","background-repeat":"repeat","background-position":"center center","background-size":"auto","background-attachment":"scroll","background-type":"","background-media":"","overlay-type":"","overlay-color":"","overlay-opacity":"","overlay-gradient":""},"mobile":{"background-color":"var(--ast-global-color-5)","background-image":"","background-repeat":"repeat","background-position":"center center","background-size":"auto","background-attachment":"scroll","background-type":"","background-media":"","overlay-type":"","overlay-color":"","overlay-opacity":"","overlay-gradient":""}},"footnotes":""},"class_list":["post-16738","page","type-page","status-publish","hentry"],"post_mailing_queue_ids":[],"_links":{"self":[{"href":"https:\/\/serveiseducatius.xtec.cat\/altemporda\/wp-json\/wp\/v2\/pages\/16738","targetHints":{"allow":["GET"]}}],"collection":[{"href":"https:\/\/serveiseducatius.xtec.cat\/altemporda\/wp-json\/wp\/v2\/pages"}],"about":[{"href":"https:\/\/serveiseducatius.xtec.cat\/altemporda\/wp-json\/wp\/v2\/types\/page"}],"author":[{"embeddable":true,"href":"https:\/\/serveiseducatius.xtec.cat\/altemporda\/wp-json\/wp\/v2\/users\/1"}],"replies":[{"embeddable":true,"href":"https:\/\/serveiseducatius.xtec.cat\/altemporda\/wp-json\/wp\/v2\/comments?post=16738"}],"version-history":[{"count":3,"href":"https:\/\/serveiseducatius.xtec.cat\/altemporda\/wp-json\/wp\/v2\/pages\/16738\/revisions"}],"predecessor-version":[{"id":16781,"href":"https:\/\/serveiseducatius.xtec.cat\/altemporda\/wp-json\/wp\/v2\/pages\/16738\/revisions\/16781"}],"up":[{"embeddable":true,"href":"https:\/\/serveiseducatius.xtec.cat\/altemporda\/wp-json\/wp\/v2\/pages\/16731"}],"wp:attachment":[{"href":"https:\/\/serveiseducatius.xtec.cat\/altemporda\/wp-json\/wp\/v2\/media?parent=16738"}],"curies":[{"name":"wp","href":"https:\/\/api.w.org\/{rel}","templated":true}]}}