{"id":16640,"date":"2022-03-08T13:38:45","date_gmt":"2022-03-08T12:38:45","guid":{"rendered":"https:\/\/serveiseducatius.xtec.cat\/altemporda\/?page_id=16640"},"modified":"2024-11-07T09:16:52","modified_gmt":"2024-11-07T08:16:52","slug":"ods","status":"publish","type":"page","link":"https:\/\/serveiseducatius.xtec.cat\/altemporda\/xarxa-descoles-del-pn-cap-de-creus\/ods\/","title":{"rendered":"ODS i medi"},"content":{"rendered":"<p style=\"text-align: justify;\"><strong><span lang=\"CA\">En aquest espai NOM\u00c9S s&#8217;han destacat els ODS que fan refer\u00e8ncia a l&#8217;\u00e0rea de Medi.\u00a0 A partir de cada enlla\u00e7 hi trobareu propostes rellevants.<\/span><\/strong><\/p>\n<p style=\"text-align: justify;\"><span style=\"font-size: 18pt;\"><strong>1\/<\/strong>\u00a0<\/span>Des de la Xarxa de compet\u00e8ncies b\u00e0siques en col\u00b7laboraci\u00f3 amb el Club Super3 ens proposen pr<span lang=\"CA\">opostes did\u00e0ctiques d\u2019enfocament globalitzat al voltant de cadascun dels\u00a0<a href=\"https:\/\/projectes.xtec.cat\/xarxacb\/propostes-per-als-ods\/\"><strong>17<\/strong><\/a><\/span><span lang=\"CA\"><strong>\u00a0<a href=\"https:\/\/projectes.xtec.cat\/xarxacb\/propostes-per-als-ods\/\">objectius de desenvolupament sostenible<\/a><\/strong>\u00a0(ODS).<\/span><span lang=\"CA\"> Cadascuna de les propostes va acompanyada amb el v\u00eddeo del programa \u201cObjectiu 2030\u201d del Club Super3 que correspon a l\u2019ODS del repte. <\/span><\/p>\n<table style=\"border-collapse: collapse; width: 98.7189%;\">\n<tbody>\n<tr>\n<td style=\"width: 16.874%;\"><img loading=\"lazy\" decoding=\"async\" class=\"wp-image-19641 aligncenter\" src=\"https:\/\/serveiseducatius.xtec.cat\/altemporda\/wp-content\/uploads\/usu1156\/2023\/02\/Intro-1.png\" alt=\"\" width=\"136\" height=\"148\" \/><\/td>\n<td style=\"width: 33.126%; text-align: center;\"><strong>Descripci\u00f3:<\/strong> Presentaci\u00f3 de les propostes sobre els ODS. Una proposta per cadascun d&#8217;ells: objectius d&#8217;erradicar la pobresa, lluitar contra la desigualtat i la injust\u00edcia, i posar fre al canvi clim\u00e0tic, entre altres.<\/p>\n<p><span style=\"font-size: 12pt;\"><a href=\"https:\/\/drive.google.com\/file\/d\/1NSfpdxe-STjVAkgqFmzcqbs41c1EOai4\/preview\" target=\"_blank\" rel=\"noopener\"><strong>Acc\u00e9s a l&#8217;activitat<\/strong><\/a><\/span><\/td>\n<td style=\"width: 18.2007%;\"><img loading=\"lazy\" decoding=\"async\" class=\"wp-image-19646 aligncenter\" src=\"https:\/\/serveiseducatius.xtec.cat\/altemporda\/wp-content\/uploads\/usu1156\/2023\/02\/ODS6.png\" alt=\"\" width=\"114\" height=\"130\" \/><\/td>\n<td style=\"width: 31.7993%; text-align: center;\"><strong>Descripci\u00f3:<\/strong> Garantir la disponibilitat i una gesti\u00f3 sostenible de l&#8217;aigua i el sanejament per a totes les persones.<\/p>\n<p><span style=\"font-size: 12pt;\"><strong><a href=\"https:\/\/drive.google.com\/file\/d\/1JOXUi_HGh6VfIGsVq_kL_LSr2m8tGtPi\/preview\" target=\"_blank\" rel=\"noopener\">Acc\u00e9s a l&#8217;activitat<\/a><\/strong><\/span><\/td>\n<\/tr>\n<tr>\n<td style=\"width: 16.874%;\"><img loading=\"lazy\" decoding=\"async\" class=\"wp-image-19650 aligncenter\" src=\"https:\/\/serveiseducatius.xtec.cat\/altemporda\/wp-content\/uploads\/usu1156\/2023\/02\/ODS7.png\" alt=\"\" width=\"120\" height=\"145\" \/><\/td>\n<td style=\"width: 33.126%; text-align: center;\"><strong>Descripci\u00f3:<\/strong> Garantir l&#8217;acc\u00e9s a una energia assequible, segura, sostenible i moderna per a totes les persones.<\/p>\n<p><span style=\"font-size: 12pt;\"><strong><a href=\"https:\/\/drive.google.com\/file\/d\/1Ukfxt0-Ttvu1OXW7nEFxumXtwQcy_FIN\/preview\" target=\"_blank\" rel=\"noopener\">Acc\u00e9s a l&#8217;activitat<\/a><\/strong><\/span><\/td>\n<td style=\"width: 18.2007%;\"><span style=\"color: #ff0000;\"><em><img loading=\"lazy\" decoding=\"async\" class=\"wp-image-19652 aligncenter\" src=\"https:\/\/serveiseducatius.xtec.cat\/altemporda\/wp-content\/uploads\/usu1156\/2023\/02\/ODS11.png\" alt=\"\" width=\"120\" height=\"144\" \/><\/em><\/span><\/td>\n<td style=\"width: 31.7993%; text-align: center;\"><strong>Descripci\u00f3:<\/strong> Aconseguir que les ciutats i els assentaments humans siguin inclusius, segurs, resilients i sostenibles.<\/p>\n<p>&nbsp;<\/p>\n<p><span style=\"font-size: 12pt;\"><strong><a href=\"https:\/\/drive.google.com\/file\/d\/1kmnscpu373ybjTRXdbl87T_hEG51LQMS\/preview\" target=\"_blank\" rel=\"noopener\">Acc\u00e9s a l&#8217;activitat<\/a><\/strong><\/span><\/td>\n<\/tr>\n<tr>\n<td style=\"width: 16.874%;\"><img loading=\"lazy\" decoding=\"async\" class=\"wp-image-19654 aligncenter\" src=\"https:\/\/serveiseducatius.xtec.cat\/altemporda\/wp-content\/uploads\/usu1156\/2023\/02\/ODS12.png\" alt=\"\" width=\"123\" height=\"143\" \/><\/td>\n<td style=\"width: 33.126%; text-align: center;\"><strong>Descripci\u00f3:<\/strong>\u00a0 Garantir modalitats de consum i producci\u00f3 sostenible<\/p>\n<p>&nbsp;<\/p>\n<p><a href=\"https:\/\/drive.google.com\/file\/d\/1SVIJv0oHBZ1j3m9k8WxGUL8qmaaa4SKq\/preview\" target=\"_blank\" rel=\"noopener\"><strong><span style=\"font-size: 12pt;\">Acc\u00e9s a l&#8217;activitat<\/span><\/strong><\/a><\/td>\n<td style=\"width: 18.2007%;\"><img loading=\"lazy\" decoding=\"async\" class=\"wp-image-19655 aligncenter\" src=\"https:\/\/serveiseducatius.xtec.cat\/altemporda\/wp-content\/uploads\/usu1156\/2023\/02\/ODS13.png\" alt=\"\" width=\"129\" height=\"155\" \/><\/td>\n<td style=\"width: 31.7993%;\">\n<p style=\"text-align: center;\"><strong>Descripci\u00f3:<\/strong> Adoptar mesures urgents per a combatre el canvi clim\u00e0tic i els efectes d&#8217;aquest<\/p>\n<p>&nbsp;<\/p>\n<p style=\"text-align: center;\"><strong><span style=\"font-size: 12pt;\"><a href=\"https:\/\/drive.google.com\/file\/d\/1LfCN5FiVC-OuFyaU-yMmooNYbUYxJu_I\/preview\" target=\"_blank\" rel=\"noopener\">Acc\u00e9s a l&#8217;activitat<\/a><\/span><\/strong><\/p>\n<\/td>\n<\/tr>\n<tr>\n<td style=\"width: 16.874%;\"><a href=\"https:\/\/serveiseducatius.xtec.cat\/altemporda\/wp-content\/uploads\/usu1156\/2023\/02\/ODS14.png\"><img loading=\"lazy\" decoding=\"async\" class=\"wp-image-19657 aligncenter\" src=\"https:\/\/serveiseducatius.xtec.cat\/altemporda\/wp-content\/uploads\/usu1156\/2023\/02\/ODS14.png\" alt=\"\" width=\"120\" height=\"137\" \/><\/a><\/td>\n<td style=\"width: 33.126%; text-align: center;\"><strong>Descripci\u00f3:<\/strong> conservar i utilitzar de forma sostenible els oceans, els mars i els recursos marins per al desenvolupament sostenible.<\/p>\n<p><a href=\"https:\/\/drive.google.com\/file\/d\/143KgSl1I1tfQlS7OHWJtQz8z6OLulkYf\/preview\" target=\"_blank\" rel=\"noopener\"><span style=\"font-size: 12pt;\"><strong>Acc\u00e9s a l&#8217;activitat<\/strong><\/span><\/a><\/td>\n<td style=\"width: 18.2007%;\"><img loading=\"lazy\" decoding=\"async\" class=\"wp-image-19658 aligncenter\" src=\"https:\/\/serveiseducatius.xtec.cat\/altemporda\/wp-content\/uploads\/usu1156\/2023\/02\/ODS15.png\" alt=\"\" width=\"108\" height=\"125\" \/><\/td>\n<td style=\"width: 31.7993%;\">\n<p style=\"text-align: center;\"><strong>Descripci\u00f3:<\/strong> Protegir, restaurar i promoure l\u00b4\u00b4us sostenible dels ecosistemes terrestres, gestionar els boscos de manera sostenible, combatre la desertificaci\u00f3 del s\u00f2l, i aturar la p\u00e8rdua de la biodiversitat.<\/p>\n<p style=\"text-align: center;\"><span style=\"font-size: 12pt;\"><a href=\"https:\/\/drive.google.com\/file\/d\/1tdLChtuN4E63OQ7W9E6tx-MnyxcFUc10\/preview\" target=\"_blank\" rel=\"noopener\"><strong>Acc\u00e9s a l&#8217;activitat<\/strong><\/a><\/span><\/p>\n<\/td>\n<\/tr>\n<\/tbody>\n<\/table>\n<p style=\"text-align: center;\"><em>Els objectius aborden reptes mundials decisius per a la superviv\u00e8ncia de la humanitat. Per tant, tenim molta feina a fer i no val a badar.<\/em><\/p>\n<p style=\"text-align: left;\"><a href=\"https:\/\/www.medicosdelmundo.org\/actualidad-y-publicaciones\/publicaciones\/guias-didacticas-de-ods-para-primaria-el-alumnado-como\" target=\"_blank\" rel=\"noopener\"><span style=\"font-size: 14pt;\"><strong><span style=\"font-size: 18pt;\">2\/<\/span> Guies did\u00e0ctiques dels ODS per a prim\u00e0ria. L&#8217;alumnat com a protagonista del canvi.<\/strong><\/span><\/a><\/p>\n<p style=\"text-align: justify;\">Aquestes guies tenen com a finalitat implementar projectes educatius interdisciplinaris i integrals de formaci\u00f3 en els Objectius de Desenvolupament Sostenible (ODS) a <strong><span style=\"font-size: 14pt;\">prim\u00e0ria<\/span><\/strong>. El prop\u00f2sit del projecte \u00e9s que l&#8217;alumnat en completar els sis cursos de prim\u00e0ria conegui els 17 ODS mitjan\u00e7ant un itinerari a llarg termini i aconseguint-ne una visi\u00f3 \u00e0mplia, en profunditat i transformadora.\u00a0Els tres pilars que centren aquesta proposta s\u00f3n: contes, di\u00e0leg filos\u00f2fic i metodologia d&#8217;aprenentatge basat en projectes.<\/p>\n<table style=\"border-collapse: collapse; width: 100%; height: 524px;\">\n<tbody>\n<tr style=\"height: 249px;\">\n<td style=\"width: 25%; height: 249px;\"><a href=\"https:\/\/drive.google.com\/file\/d\/1EfH2Df4SjK5RQuBB1FzmHCa-cwD7PWXC\/preview\" target=\"_blank\" rel=\"noopener\"><img loading=\"lazy\" decoding=\"async\" class=\"wp-image-19660 aligncenter\" src=\"https:\/\/serveiseducatius.xtec.cat\/altemporda\/wp-content\/uploads\/usu1156\/2023\/02\/ODSp.png\" alt=\"\" width=\"218\" height=\"214\" srcset=\"https:\/\/serveiseducatius.xtec.cat\/altemporda\/wp-content\/uploads\/usu1156\/2023\/02\/ODSp.png 335w, https:\/\/serveiseducatius.xtec.cat\/altemporda\/wp-content\/uploads\/usu1156\/2023\/02\/ODSp-300x295.png 300w\" sizes=\"auto, (max-width: 218px) 100vw, 218px\" \/><\/a><\/p>\n<p style=\"text-align: center;\"><strong>Orientacions:<\/strong> Contes, di\u00e0leg filos\u00f2fic i aprenentatge basat en projectes<\/p>\n<\/td>\n<td style=\"width: 25%; height: 249px;\"><a href=\"https:\/\/drive.google.com\/file\/d\/1MjM9ffLviBtnrBpzXoZ9LO_t8uPi47F3\/preview\" target=\"_blank\" rel=\"noopener\"><img loading=\"lazy\" decoding=\"async\" class=\"wp-image-19662 aligncenter\" src=\"https:\/\/serveiseducatius.xtec.cat\/altemporda\/wp-content\/uploads\/usu1156\/2023\/02\/ODS6-1.png\" alt=\"\" width=\"216\" height=\"217\" srcset=\"https:\/\/serveiseducatius.xtec.cat\/altemporda\/wp-content\/uploads\/usu1156\/2023\/02\/ODS6-1.png 331w, https:\/\/serveiseducatius.xtec.cat\/altemporda\/wp-content\/uploads\/usu1156\/2023\/02\/ODS6-1-300x300.png 300w, https:\/\/serveiseducatius.xtec.cat\/altemporda\/wp-content\/uploads\/usu1156\/2023\/02\/ODS6-1-150x150.png 150w\" sizes=\"auto, (max-width: 216px) 100vw, 216px\" \/><\/a><\/p>\n<p style=\"text-align: center;\"><strong>ODS_6:<\/strong> On \u00e9s el V\u00e0ter? 1r de prim\u00e0ria<\/p>\n<\/td>\n<td style=\"width: 25%; height: 249px;\">\n<p style=\"text-align: center;\"><a href=\"https:\/\/drive.google.com\/file\/d\/186IGozskneAO2FRtoX42JDi_54Sbt0NP\/preview\" target=\"_blank\" rel=\"noopener\"><img loading=\"lazy\" decoding=\"async\" class=\"wp-image-19664 aligncenter\" src=\"https:\/\/serveiseducatius.xtec.cat\/altemporda\/wp-content\/uploads\/usu1156\/2023\/02\/ODS7-1.png\" alt=\"\" width=\"229\" height=\"232\" srcset=\"https:\/\/serveiseducatius.xtec.cat\/altemporda\/wp-content\/uploads\/usu1156\/2023\/02\/ODS7-1.png 316w, https:\/\/serveiseducatius.xtec.cat\/altemporda\/wp-content\/uploads\/usu1156\/2023\/02\/ODS7-1-295x300.png 295w\" sizes=\"auto, (max-width: 229px) 100vw, 229px\" \/><\/a><strong>ODS_7:<\/strong> Com \u00e9s la teva energia? 4t de prim\u00e0ria<\/p>\n<\/td>\n<td style=\"width: 25%; height: 249px; text-align: center;\"><a href=\"https:\/\/drive.google.com\/file\/d\/1niPZN9oUuaOl_GaCxE12VtcTHGNmYkCn\/preview\" target=\"_blank\" rel=\"noopener\"><img loading=\"lazy\" decoding=\"async\" class=\"wp-image-19665 aligncenter\" src=\"https:\/\/serveiseducatius.xtec.cat\/altemporda\/wp-content\/uploads\/usu1156\/2023\/02\/ODS11-1.png\" alt=\"\" width=\"221\" height=\"223\" srcset=\"https:\/\/serveiseducatius.xtec.cat\/altemporda\/wp-content\/uploads\/usu1156\/2023\/02\/ODS11-1.png 318w, https:\/\/serveiseducatius.xtec.cat\/altemporda\/wp-content\/uploads\/usu1156\/2023\/02\/ODS11-1-297x300.png 297w, https:\/\/serveiseducatius.xtec.cat\/altemporda\/wp-content\/uploads\/usu1156\/2023\/02\/ODS11-1-150x150.png 150w\" sizes=\"auto, (max-width: 221px) 100vw, 221px\" \/><\/a> <strong>ODS_11:<\/strong> El flautista i els autom\u00f2bils. 5\u00e8 de prim\u00e0ria<\/td>\n<\/tr>\n<tr style=\"height: 275px;\">\n<td style=\"width: 25%; height: 275px;\">&nbsp;<\/p>\n<p style=\"text-align: center;\"><a href=\"https:\/\/drive.google.com\/file\/d\/1PZkMQOUHJWHmaMZGNroFZNbl9fIMicCk\/preview\" target=\"_blank\" rel=\"noopener\"><img loading=\"lazy\" decoding=\"async\" class=\"wp-image-19667 aligncenter\" src=\"https:\/\/serveiseducatius.xtec.cat\/altemporda\/wp-content\/uploads\/usu1156\/2023\/02\/ODS12-1.png\" alt=\"\" width=\"184\" height=\"186\" srcset=\"https:\/\/serveiseducatius.xtec.cat\/altemporda\/wp-content\/uploads\/usu1156\/2023\/02\/ODS12-1.png 327w, https:\/\/serveiseducatius.xtec.cat\/altemporda\/wp-content\/uploads\/usu1156\/2023\/02\/ODS12-1-296x300.png 296w\" sizes=\"auto, (max-width: 184px) 100vw, 184px\" \/><\/a><strong>ODS_12:<\/strong> La f\u00e0brica de les coses noves. 3r de prim\u00e0ria<\/p>\n<\/td>\n<td style=\"width: 25%; height: 275px;\"><a href=\"https:\/\/drive.google.com\/file\/d\/14jbzd-oBSqZlNNxYMRwoM2QcJ8UlpbWh\/preview\" target=\"_blank\" rel=\"noopener\"><img loading=\"lazy\" decoding=\"async\" class=\"wp-image-19668 aligncenter\" src=\"https:\/\/serveiseducatius.xtec.cat\/altemporda\/wp-content\/uploads\/usu1156\/2023\/02\/ODS13-1.png\" alt=\"\" width=\"206\" height=\"206\" srcset=\"https:\/\/serveiseducatius.xtec.cat\/altemporda\/wp-content\/uploads\/usu1156\/2023\/02\/ODS13-1.png 325w, https:\/\/serveiseducatius.xtec.cat\/altemporda\/wp-content\/uploads\/usu1156\/2023\/02\/ODS13-1-300x300.png 300w, https:\/\/serveiseducatius.xtec.cat\/altemporda\/wp-content\/uploads\/usu1156\/2023\/02\/ODS13-1-150x150.png 150w\" sizes=\"auto, (max-width: 206px) 100vw, 206px\" \/><\/a><\/p>\n<p style=\"text-align: center;\"><strong>ODS_13:<\/strong> Protagonistes de l&#8217;aventura m\u00e9s gran del planeta. 5\u00e8 de prim\u00e0ria<\/p>\n<\/td>\n<td style=\"width: 25%; height: 275px; text-align: center;\"><a href=\"https:\/\/drive.google.com\/file\/d\/1xcUWtL5mKtolTy8iZKbITJ2WH8AXtfn1\/preview\" target=\"_blank\" rel=\"noopener\"><img loading=\"lazy\" decoding=\"async\" class=\"wp-image-19669 aligncenter\" src=\"https:\/\/serveiseducatius.xtec.cat\/altemporda\/wp-content\/uploads\/usu1156\/2023\/02\/ODS14-1.png\" alt=\"\" width=\"215\" height=\"213\" srcset=\"https:\/\/serveiseducatius.xtec.cat\/altemporda\/wp-content\/uploads\/usu1156\/2023\/02\/ODS14-1.png 330w, https:\/\/serveiseducatius.xtec.cat\/altemporda\/wp-content\/uploads\/usu1156\/2023\/02\/ODS14-1-300x298.png 300w, https:\/\/serveiseducatius.xtec.cat\/altemporda\/wp-content\/uploads\/usu1156\/2023\/02\/ODS14-1-150x150.png 150w\" sizes=\"auto, (max-width: 215px) 100vw, 215px\" \/><\/a><strong>ODS_14:<\/strong> Un mar de pl\u00e0stic. 4t de prim\u00e0ria<\/td>\n<td style=\"width: 25%; height: 275px; text-align: center;\"><a href=\"https:\/\/drive.google.com\/file\/d\/1bqF9FOW9ErVyPPrgEfHxqbFQ-ZvGBclr\/preview\" target=\"_blank\" rel=\"noopener\"><img loading=\"lazy\" decoding=\"async\" class=\"wp-image-19670 aligncenter\" src=\"https:\/\/serveiseducatius.xtec.cat\/altemporda\/wp-content\/uploads\/usu1156\/2023\/02\/ODS15-1.png\" alt=\"\" width=\"231\" height=\"206\" srcset=\"https:\/\/serveiseducatius.xtec.cat\/altemporda\/wp-content\/uploads\/usu1156\/2023\/02\/ODS15-1.png 342w, https:\/\/serveiseducatius.xtec.cat\/altemporda\/wp-content\/uploads\/usu1156\/2023\/02\/ODS15-1-300x268.png 300w\" sizes=\"auto, (max-width: 231px) 100vw, 231px\" \/><\/a><strong>ODS_15:<\/strong> En el sostre del m\u00f3n. 3r de prim\u00e0ria<\/td>\n<\/tr>\n<\/tbody>\n<\/table>\n<hr \/>\n<table style=\"border-collapse: collapse; width: 100%;\">\n<tbody>\n<tr>\n<td style=\"width: 33.3333%;\"><strong><span style=\"font-size: 18pt;\">3\/<\/span><\/strong> <a href=\"https:\/\/serveiseducatius.xtec.cat\/altemporda\/general\/frieda-i-els-ods\/\" target=\"_blank\" rel=\"noopener\">Conte: Frieda i els ODS<\/a><\/td>\n<td style=\"width: 33.3333%;\"><strong><span style=\"font-size: 18pt;\">4\/<\/span><\/strong> <a href=\"https:\/\/serveiseducatius.xtec.cat\/altemporda\/portada\/ods-actualitzacio\/\" target=\"_blank\" rel=\"noopener\">ODS actualitzaci\u00f3 amb propostes did\u00e0ctiques<\/a><\/td>\n<td style=\"width: 33.3333%;\"><span style=\"font-size: 18pt;\"><strong>5\/<\/strong><\/span> <a href=\"https:\/\/serveiseducatius.xtec.cat\/altemporda\/general\/exposicio-els-serveis-del-bosc-i-els-ods\/\" target=\"_blank\" rel=\"noopener\">Exposici\u00f3 els serveis del bosc i els ODS<\/a><\/td>\n<\/tr>\n<tr>\n<td style=\"width: 33.3333%;\"><span style=\"font-size: 18pt;\"><strong>6\/<\/strong><\/span> <a href=\"https:\/\/serveiseducatius.xtec.cat\/altemporda\/xarxa-descoles-del-pn-cap-de-creus\/biolectures\/\" target=\"_blank\" rel=\"noopener\">BioLectures<\/a><\/td>\n<td style=\"width: 33.3333%;\"><strong><span style=\"font-size: 18pt;\">7\/<\/span><\/strong> <a href=\"https:\/\/serveiseducatius.xtec.cat\/girona\/lic\/llegeix-i-canvia-el-mon\/\" target=\"_blank\" rel=\"noopener\">Llegeix i canvia el m\u00f3n<\/a><\/td>\n<td style=\"width: 33.3333%;\"><strong><span style=\"font-size: 18pt;\">8\/<\/span><\/strong> <a href=\"https:\/\/www.adriver.org\/WebElJocdeODS\/index.php#.Y-pLP3bMI9F\" target=\"_blank\" rel=\"noopener\">Joc de Taula dels ODS<\/a><\/td>\n<\/tr>\n<tr>\n<td style=\"width: 33.3333%;\"><span style=\"font-size: 18pt;\"><strong>9\/ <\/strong><a href=\"https:\/\/sites.google.com\/view\/el-planeta-violeta\/p%C3%A0gina-principal\" target=\"_blank\" rel=\"noopener\"><span style=\"font-size: 12pt;\">El planeta violeta<\/span><\/a><\/span><\/td>\n<td style=\"width: 33.3333%;\"><strong><span style=\"font-size: 18pt;\">8\/ <\/span><\/strong><a href=\"https:\/\/www.mdsocialesa2030.gob.es\/agenda2030\/herramientas-pedagogicas\/index.htm\">Eines pedag\u00f2giques per treballar els ODS<\/a><\/td>\n<td style=\"width: 33.3333%;\"><strong><span style=\"font-size: 18pt;\">\u00a0<\/span><\/strong><\/td>\n<\/tr>\n<\/tbody>\n<\/table>\n<p><span style=\"font-size: 18pt; color: #3366ff;\">Document base<\/span><\/p>\n<p><iframe loading=\"lazy\" title=\"Canal de Reporters i els ODS\" src=\"https:\/\/www.youtube.com\/embed\/6aOTlrBexNc\" width=\"891\" height=\"501\" frameborder=\"0\" allowfullscreen=\"allowfullscreen\"><\/iframe><\/p>\n<table style=\"border-collapse: collapse; width: 100%;\">\n<tbody>\n<tr>\n<td style=\"width: 50%;\"><iframe loading=\"lazy\" src=\"https:\/\/drive.google.com\/file\/d\/1Qx9vLSmoSZkeDj8HEVFT45J3kurUvCbk\/preview\" width=\"600\" height=\"850\"><span data-mce-type=\"bookmark\" style=\"display: inline-block; width: 0px; overflow: hidden; line-height: 0;\" class=\"mce_SELRES_start\">\ufeff<\/span><\/iframe><\/td>\n<td style=\"width: 50%;\"><iframe loading=\"lazy\" src=\"https:\/\/drive.google.com\/file\/d\/1tURR9vPJgBA1d5Q1N8lXvbUR2vVi4Q6A\/preview\" width=\"600\" height=\"850\"><span data-mce-type=\"bookmark\" style=\"display: inline-block; width: 0px; overflow: hidden; line-height: 0;\" class=\"mce_SELRES_start\">\ufeff<\/span><\/iframe><\/td>\n<\/tr>\n<\/tbody>\n<\/table>\n<p>&nbsp;<\/p>\n","protected":false},"excerpt":{"rendered":"<p>En aquest espai NOM\u00c9S s&#8217;han destacat els ODS que fan refer\u00e8ncia a l&#8217;\u00e0rea de Medi.\u00a0 A partir de cada enlla\u00e7 hi trobareu propostes rellevants. 1\/\u00a0Des de la Xarxa de compet\u00e8ncies b\u00e0siques en col\u00b7laboraci\u00f3 amb el Club Super3 ens proposen propostes did\u00e0ctiques d\u2019enfocament globalitzat al voltant de cadascun dels\u00a017\u00a0objectius de desenvolupament sostenible\u00a0(ODS). Cadascuna de les propostes [&hellip;]<\/p>\n","protected":false},"author":4,"featured_media":0,"parent":13173,"menu_order":0,"comment_status":"closed","ping_status":"closed","template":"","meta":{"_bbp_topic_count":0,"_bbp_reply_count":0,"_bbp_total_topic_count":0,"_bbp_total_reply_count":0,"_bbp_voice_count":0,"_bbp_anonymous_reply_count":0,"_bbp_topic_count_hidden":0,"_bbp_reply_count_hidden":0,"_bbp_forum_subforum_count":0,"site-sidebar-layout":"default","site-content-layout":"","ast-site-content-layout":"","site-content-style":"default","site-sidebar-style":"default","ast-global-header-display":"","ast-banner-title-visibility":"","ast-main-header-display":"","ast-hfb-above-header-display":"","ast-hfb-below-header-display":"","ast-hfb-mobile-header-display":"","site-post-title":"","ast-breadcrumbs-content":"","ast-featured-img":"","footer-sml-layout":"","theme-transparent-header-meta":"","adv-header-id-meta":"","stick-header-meta":"","header-above-stick-meta":"","header-main-stick-meta":"","header-below-stick-meta":"","astra-migrate-meta-layouts":"default","ast-page-background-enabled":"default","ast-page-background-meta":{"desktop":{"background-color":"var(--ast-global-color-4)","background-image":"","background-repeat":"repeat","background-position":"center center","background-size":"auto","background-attachment":"scroll","background-type":"","background-media":"","overlay-type":"","overlay-color":"","overlay-opacity":"","overlay-gradient":""},"tablet":{"background-color":"","background-image":"","background-repeat":"repeat","background-position":"center center","background-size":"auto","background-attachment":"scroll","background-type":"","background-media":"","overlay-type":"","overlay-color":"","overlay-opacity":"","overlay-gradient":""},"mobile":{"background-color":"","background-image":"","background-repeat":"repeat","background-position":"center center","background-size":"auto","background-attachment":"scroll","background-type":"","background-media":"","overlay-type":"","overlay-color":"","overlay-opacity":"","overlay-gradient":""}},"ast-content-background-meta":{"desktop":{"background-color":"var(--ast-global-color-5)","background-image":"","background-repeat":"repeat","background-position":"center center","background-size":"auto","background-attachment":"scroll","background-type":"","background-media":"","overlay-type":"","overlay-color":"","overlay-opacity":"","overlay-gradient":""},"tablet":{"background-color":"var(--ast-global-color-5)","background-image":"","background-repeat":"repeat","background-position":"center center","background-size":"auto","background-attachment":"scroll","background-type":"","background-media":"","overlay-type":"","overlay-color":"","overlay-opacity":"","overlay-gradient":""},"mobile":{"background-color":"var(--ast-global-color-5)","background-image":"","background-repeat":"repeat","background-position":"center center","background-size":"auto","background-attachment":"scroll","background-type":"","background-media":"","overlay-type":"","overlay-color":"","overlay-opacity":"","overlay-gradient":""}},"footnotes":""},"class_list":["post-16640","page","type-page","status-publish","hentry"],"post_mailing_queue_ids":[],"_links":{"self":[{"href":"https:\/\/serveiseducatius.xtec.cat\/altemporda\/wp-json\/wp\/v2\/pages\/16640","targetHints":{"allow":["GET"]}}],"collection":[{"href":"https:\/\/serveiseducatius.xtec.cat\/altemporda\/wp-json\/wp\/v2\/pages"}],"about":[{"href":"https:\/\/serveiseducatius.xtec.cat\/altemporda\/wp-json\/wp\/v2\/types\/page"}],"author":[{"embeddable":true,"href":"https:\/\/serveiseducatius.xtec.cat\/altemporda\/wp-json\/wp\/v2\/users\/4"}],"replies":[{"embeddable":true,"href":"https:\/\/serveiseducatius.xtec.cat\/altemporda\/wp-json\/wp\/v2\/comments?post=16640"}],"version-history":[{"count":5,"href":"https:\/\/serveiseducatius.xtec.cat\/altemporda\/wp-json\/wp\/v2\/pages\/16640\/revisions"}],"predecessor-version":[{"id":24101,"href":"https:\/\/serveiseducatius.xtec.cat\/altemporda\/wp-json\/wp\/v2\/pages\/16640\/revisions\/24101"}],"up":[{"embeddable":true,"href":"https:\/\/serveiseducatius.xtec.cat\/altemporda\/wp-json\/wp\/v2\/pages\/13173"}],"wp:attachment":[{"href":"https:\/\/serveiseducatius.xtec.cat\/altemporda\/wp-json\/wp\/v2\/media?parent=16640"}],"curies":[{"name":"wp","href":"https:\/\/api.w.org\/{rel}","templated":true}]}}