{"id":16580,"date":"2022-03-07T16:52:47","date_gmt":"2022-03-07T15:52:47","guid":{"rendered":"https:\/\/serveiseducatius.xtec.cat\/altemporda\/?page_id=16580"},"modified":"2022-03-07T16:52:47","modified_gmt":"2022-03-07T15:52:47","slug":"altres-entorns","status":"publish","type":"page","link":"https:\/\/serveiseducatius.xtec.cat\/altemporda\/forum-de-treballs-de-recerca-ftr\/altres-entorns\/","title":{"rendered":"Altres entorns"},"content":{"rendered":"<p><b><a href=\"http:\/\/phobos.xtec.cat\/crp-gracia\/images\/stories\/textos\/dinamitzacio\/premis%20t%20r_batxillerat_2012.pdf\" target=\"_blank\" rel=\"nofollow noopener\">Premis als treballs de recerca<\/a><\/b><\/p>\n<p><a href=\"http:\/\/www.google.com\/url?q=http%3A%2F%2Fwww.pcb.ub.es%2Fhomepcb%2Flive%2Fct%2Fp1826.asp&amp;sa=D&amp;sntz=1&amp;usg=AFrqEzfYiwEfNmaaoA18Z1Os5KamOqFgjw\" target=\"_blank\" rel=\"noopener\"><b>Fira Recerca en Directe<\/b><\/a><\/p>\n<p>Exposici\u00f3 de recerca per contribuir a la millora de la cultura cient\u00edfica dels estudiants i el p\u00fablic en general. Organitzada pel Parc Cient\u00edfic de Barcelona (UB) i l&#8217;Obra Social de la Caixa de Catalunya.<\/p>\n<p><a href=\"https:\/\/sites.google.com\/crp-badalona\/activitats\/jjcc\/jornades.htm\" target=\"_blank\" rel=\"nofollow noopener\"><b>Jornades Cient\u00edfiques d&#8217;Ensenyament Secundari de Badalona<\/b><\/a><\/p>\n<p>Jornades Cient\u00edfiques d&#8217;Ensenyament Secundari de Badalona: Exposici\u00f3 de treballs de recerca de diversos \u00e0mbits i nivells sempre que es pugui aplicar la metodologia cient\u00edfica. Obert als centres educatius de Badalona.<\/p>\n<p><b><a href=\"https:\/\/sites.google.com\/a\/xtec.cat\/forum-trics\/\" target=\"_blank\" rel=\"nofollow noopener\">F\u00f2rum de treballs de recerca i Cr\u00e8dits de s\u00edntesi<\/a><\/b><\/p>\n<p><a href=\"http:\/\/www.google.com\/url?q=https%3A%2F%2Fsites.google.com%2Fa%2Fxtec.cat%2F11cr%2F&amp;sa=D&amp;sntz=1&amp;usg=AFrqEzcDUY8VOQUdqS695i-PCcnQxHNffw\" target=\"_blank\" rel=\"noopener\"><b>Jornada de Treballs de Recerca al Pla de l&#8217;Estany<br \/>\n<\/b><\/a><\/p>\n<p>Espai de trobada dels centres que imparteixen batxillerat a la comarca del Pla de l&#8217;Estany.<\/p>\n<p><a href=\"http:\/\/www.google.com\/url?q=http%3A%2F%2Fwww.edubcn.cat%2Fca%2Fsuport_educatiu_recursos%2Fesdeveniments%2Fmostra_de_recerca_jove_bcn_2011&amp;sa=D&amp;sntz=1&amp;usg=AFrqEzcgclqtKmm3vz2x3gAbgxLdihn2oQ\" target=\"_blank\" rel=\"noopener\"><b>Mostra de Recerca Jove BCN<br \/>\n<\/b><\/a><\/p>\n<p>Espai de trobada convocada pel Consorci d&#8217;Educaci\u00f3 de Barcelona conjuntament amb l&#8217;Institut d&#8217;Educaci\u00f3 per donar a con\u00e8ixer els treballs de recerca m\u00e9s reeixits i recon\u00e8ixer l&#8217;esfor\u00e7 realitzat per l&#8217;alumnat i professorat implicat.<\/p>\n<p><a href=\"http:\/\/www.google.com\/url?q=http%3A%2F%2Fwww.xtec.cat%2Fjornadescientifiquesmataro%2F&amp;sa=D&amp;sntz=1&amp;usg=AFrqEzdXwDU_9aVU1A0UgHkjwAZv3fWGNA\" target=\"_blank\" rel=\"noopener\"><b>IX Jornades Cient\u00edfiques de Matar\u00f3<br \/>\n<\/b><\/a><\/p>\n<p>Durant els dies 13 i 14 d&#8217;abril de 2013 les Jornades Cient\u00edfiques contemplen, entre altres activitats, una mostra de treballs de recerca d&#8217;alumnat de batxillerat de Matar\u00f3.<\/p>\n<p><a href=\"http:\/\/www.google.com\/url?q=http%3A%2F%2Fpersonal.biada.org%2F%7Eeureka%2F&amp;sa=D&amp;sntz=1&amp;usg=AFrqEzdtwxRkv7M-EKJT8oNM5kbii4pBhg\" target=\"_blank\" rel=\"noopener\"><b>Mostra de treballs de recerca d&#8217;humanitats i ci\u00e8ncies socials de Matar\u00f3<br \/>\n<\/b><\/a><\/p>\n<p>Iniciativa del grup de treball Eureka!, per estimular l&#8217;elaboraci\u00f3 de treballs de recerca de l&#8217;\u00e0mbit human\u00edstic i social i fer la difusi\u00f3 p\u00fablica a la ciutat de Matar\u00f3.<\/p>\n","protected":false},"excerpt":{"rendered":"<p>Premis als treballs de recerca Fira Recerca en Directe Exposici\u00f3 de recerca per contribuir a la millora de la cultura cient\u00edfica dels estudiants i el p\u00fablic en general. Organitzada pel Parc Cient\u00edfic de Barcelona (UB) i l&#8217;Obra Social de la Caixa de Catalunya. Jornades Cient\u00edfiques d&#8217;Ensenyament Secundari de Badalona Jornades Cient\u00edfiques d&#8217;Ensenyament Secundari de Badalona: [&hellip;]<\/p>\n","protected":false},"author":4,"featured_media":0,"parent":13343,"menu_order":0,"comment_status":"closed","ping_status":"closed","template":"","meta":{"_bbp_topic_count":0,"_bbp_reply_count":0,"_bbp_total_topic_count":0,"_bbp_total_reply_count":0,"_bbp_voice_count":0,"_bbp_anonymous_reply_count":0,"_bbp_topic_count_hidden":0,"_bbp_reply_count_hidden":0,"_bbp_forum_subforum_count":0,"site-sidebar-layout":"default","site-content-layout":"","ast-site-content-layout":"","site-content-style":"default","site-sidebar-style":"default","ast-global-header-display":"","ast-banner-title-visibility":"","ast-main-header-display":"","ast-hfb-above-header-display":"","ast-hfb-below-header-display":"","ast-hfb-mobile-header-display":"","site-post-title":"","ast-breadcrumbs-content":"","ast-featured-img":"","footer-sml-layout":"","theme-transparent-header-meta":"","adv-header-id-meta":"","stick-header-meta":"","header-above-stick-meta":"","header-main-stick-meta":"","header-below-stick-meta":"","astra-migrate-meta-layouts":"default","ast-page-background-enabled":"default","ast-page-background-meta":{"desktop":{"background-color":"var(--ast-global-color-4)","background-image":"","background-repeat":"repeat","background-position":"center center","background-size":"auto","background-attachment":"scroll","background-type":"","background-media":"","overlay-type":"","overlay-color":"","overlay-opacity":"","overlay-gradient":""},"tablet":{"background-color":"","background-image":"","background-repeat":"repeat","background-position":"center center","background-size":"auto","background-attachment":"scroll","background-type":"","background-media":"","overlay-type":"","overlay-color":"","overlay-opacity":"","overlay-gradient":""},"mobile":{"background-color":"","background-image":"","background-repeat":"repeat","background-position":"center center","background-size":"auto","background-attachment":"scroll","background-type":"","background-media":"","overlay-type":"","overlay-color":"","overlay-opacity":"","overlay-gradient":""}},"ast-content-background-meta":{"desktop":{"background-color":"var(--ast-global-color-5)","background-image":"","background-repeat":"repeat","background-position":"center center","background-size":"auto","background-attachment":"scroll","background-type":"","background-media":"","overlay-type":"","overlay-color":"","overlay-opacity":"","overlay-gradient":""},"tablet":{"background-color":"var(--ast-global-color-5)","background-image":"","background-repeat":"repeat","background-position":"center center","background-size":"auto","background-attachment":"scroll","background-type":"","background-media":"","overlay-type":"","overlay-color":"","overlay-opacity":"","overlay-gradient":""},"mobile":{"background-color":"var(--ast-global-color-5)","background-image":"","background-repeat":"repeat","background-position":"center center","background-size":"auto","background-attachment":"scroll","background-type":"","background-media":"","overlay-type":"","overlay-color":"","overlay-opacity":"","overlay-gradient":""}},"footnotes":""},"class_list":["post-16580","page","type-page","status-publish","hentry"],"post_mailing_queue_ids":[],"_links":{"self":[{"href":"https:\/\/serveiseducatius.xtec.cat\/altemporda\/wp-json\/wp\/v2\/pages\/16580","targetHints":{"allow":["GET"]}}],"collection":[{"href":"https:\/\/serveiseducatius.xtec.cat\/altemporda\/wp-json\/wp\/v2\/pages"}],"about":[{"href":"https:\/\/serveiseducatius.xtec.cat\/altemporda\/wp-json\/wp\/v2\/types\/page"}],"author":[{"embeddable":true,"href":"https:\/\/serveiseducatius.xtec.cat\/altemporda\/wp-json\/wp\/v2\/users\/4"}],"replies":[{"embeddable":true,"href":"https:\/\/serveiseducatius.xtec.cat\/altemporda\/wp-json\/wp\/v2\/comments?post=16580"}],"version-history":[{"count":1,"href":"https:\/\/serveiseducatius.xtec.cat\/altemporda\/wp-json\/wp\/v2\/pages\/16580\/revisions"}],"predecessor-version":[{"id":16581,"href":"https:\/\/serveiseducatius.xtec.cat\/altemporda\/wp-json\/wp\/v2\/pages\/16580\/revisions\/16581"}],"up":[{"embeddable":true,"href":"https:\/\/serveiseducatius.xtec.cat\/altemporda\/wp-json\/wp\/v2\/pages\/13343"}],"wp:attachment":[{"href":"https:\/\/serveiseducatius.xtec.cat\/altemporda\/wp-json\/wp\/v2\/media?parent=16580"}],"curies":[{"name":"wp","href":"https:\/\/api.w.org\/{rel}","templated":true}]}}