{"id":16577,"date":"2022-03-07T16:51:23","date_gmt":"2022-03-07T15:51:23","guid":{"rendered":"https:\/\/serveiseducatius.xtec.cat\/altemporda\/?page_id=16577"},"modified":"2025-02-19T13:33:42","modified_gmt":"2025-02-19T12:33:42","slug":"ftr-cat","status":"publish","type":"page","link":"https:\/\/serveiseducatius.xtec.cat\/altemporda\/forum-de-treballs-de-recerca-ftr\/ftr-cat\/","title":{"rendered":"Altres FTR"},"content":{"rendered":"<hr \/>\n<p><b><a href=\"https:\/\/serveiseducatius.xtec.cat\/altemporda\/forum-de-treballs-de-recerca-ftr\/\" target=\"_blank\" rel=\"noopener\">F\u00f2rum de treballs de recerca (SE Alt Empord\u00e0 &#8211; ST Girona)<br \/>\n<\/a><\/b><\/p>\n<p><b>Primera edici\u00f3:\u00a0<\/b><a href=\"https:\/\/serveiseducatius.xtec.cat\/altemporda\/forum-de-treballs-de-recerca-ftr\/historic-de-forums-tdr\/i-forum-de-treballs-de-recerca-2009\/\">2009<\/a><\/p>\n<p><img loading=\"lazy\" decoding=\"async\" class=\"\" src=\"https:\/\/serveiseducatius.xtec.cat\/altemporda\/wp-content\/uploads\/usu1156\/2022\/10\/customLogo.png\" width=\"170\" height=\"46\" \/><\/p>\n<hr \/>\n<div><span style=\"color: #ff0000;\"><br \/>\n<\/span><\/p>\n<div><span style=\"color: #ff0000;\"><a class=\"disabled\" href=\"https:\/\/sites.google.com\/xtec.cat\/13a-mostra-tdr-selva-ii\/inici?authuser=0\" target=\"_blank\" rel=\"noopener\"><b>F\u00f2rum de treballs de recerca \u00a0(SE La Selva II &#8211; ST Girona)<\/b><\/a><\/span><\/div>\n<div>\n<p><b>Primera edici\u00f3:\u00a0<\/b><a href=\"https:\/\/sites.google.com\/a\/xtec.cat\/mostratdrselva2\/mostra-tdr-2013\" target=\"_blank\" rel=\"noopener\">2013<\/a><\/p>\n<p><a href=\"https:\/\/serveiseducatius.xtec.cat\/altemporda\/wp-content\/uploads\/usu1156\/2025\/02\/selva-II.jpg\"><img loading=\"lazy\" decoding=\"async\" class=\"wp-image-24965 alignleft\" src=\"https:\/\/serveiseducatius.xtec.cat\/altemporda\/wp-content\/uploads\/usu1156\/2025\/02\/selva-II.jpg\" alt=\"\" width=\"82\" height=\"82\" srcset=\"https:\/\/serveiseducatius.xtec.cat\/altemporda\/wp-content\/uploads\/usu1156\/2025\/02\/selva-II.jpg 225w, https:\/\/serveiseducatius.xtec.cat\/altemporda\/wp-content\/uploads\/usu1156\/2025\/02\/selva-II-150x150.jpg 150w\" sizes=\"auto, (max-width: 82px) 100vw, 82px\" \/><\/a><\/p>\n<hr \/>\n<p><span style=\"color: #ff0000;\"><br \/>\n<\/span><b><a href=\"https:\/\/sites.google.com\/xtec.cat\/altrestdrbaixemporda\/principal\" target=\"_blank\" rel=\"nofollow noopener\">F\u00f2rum de treballs de recerca (SE Baix Empord\u00e0 &#8211; ST Girona)<br \/>\n<\/a><\/b><\/p>\n<p><b>Primera edici\u00f3:\u00a0<\/b><a href=\"https:\/\/sites.google.com\/a\/xtec.cat\/forum-de-treballs-de-recerca-de-batxillerat-del-baix-emporda\/home\/presentacio?authuser=0\" target=\"_blank\" rel=\"noopener\">2012<\/a><\/p>\n<p><a href=\"https:\/\/serveiseducatius.xtec.cat\/altemporda\/wp-content\/uploads\/usu1156\/2025\/02\/baixa-emporda.png\"><img loading=\"lazy\" decoding=\"async\" class=\"alignnone wp-image-25051\" src=\"https:\/\/serveiseducatius.xtec.cat\/altemporda\/wp-content\/uploads\/usu1156\/2025\/02\/baixa-emporda.png\" alt=\"\" width=\"135\" height=\"47\" srcset=\"https:\/\/serveiseducatius.xtec.cat\/altemporda\/wp-content\/uploads\/usu1156\/2025\/02\/baixa-emporda.png 380w, https:\/\/serveiseducatius.xtec.cat\/altemporda\/wp-content\/uploads\/usu1156\/2025\/02\/baixa-emporda-300x104.png 300w\" sizes=\"auto, (max-width: 135px) 100vw, 135px\" \/><\/a><\/p>\n<hr \/>\n<p><b><a href=\"https:\/\/serveiseducatius.xtec.cat\/pladelestany\/general\/mostra-de-treballs-de-recerca\/\" target=\"_blank\" rel=\"nofollow noopener\">F\u00f2rum de treballs de recerca (SE Pla de l&#8217;estany &#8211; ST Girona)<\/a><\/b><\/p>\n<p><b>Primera edici\u00f3:\u00a0<\/b><a href=\"https:\/\/serveiseducatius.xtec.cat\/pladelestany\/tdr-2\/tdr-11-12\/\">2012<\/a><\/p>\n<p><a href=\"https:\/\/serveiseducatius.xtec.cat\/altemporda\/wp-content\/uploads\/usu1156\/2025\/02\/pla-ESTANY.jpg\"><img loading=\"lazy\" decoding=\"async\" class=\"alignnone wp-image-25052\" src=\"https:\/\/serveiseducatius.xtec.cat\/altemporda\/wp-content\/uploads\/usu1156\/2025\/02\/pla-ESTANY.jpg\" alt=\"\" width=\"109\" height=\"109\" srcset=\"https:\/\/serveiseducatius.xtec.cat\/altemporda\/wp-content\/uploads\/usu1156\/2025\/02\/pla-ESTANY.jpg 225w, https:\/\/serveiseducatius.xtec.cat\/altemporda\/wp-content\/uploads\/usu1156\/2025\/02\/pla-ESTANY-150x150.jpg 150w\" sizes=\"auto, (max-width: 109px) 100vw, 109px\" \/><\/a><\/p>\n<hr \/>\n<p><b style=\"font-family: inherit; font-size: 1em;\"><a href=\"https:\/\/serveiseducatius.xtec.cat\/selva1\/mostra-de-treballs-de-recerca\/\" target=\"_blank\" rel=\"nofollow noopener\">F\u00f2rum de treballs de recerca (SE Selva 1 &#8211; ST Girona)<\/a><\/b><\/p>\n<\/div>\n<\/div>\n<div>\n<p><b>Primera edici\u00f3:\u00a0<\/b><a href=\"https:\/\/sites.google.com\/site\/seselva1\/benvingutda-a-la-nostra-xarxa-educativa\/el-nostre-rebost\/i-mostra-de-treballs-de-recerca-selva-i?authuser=0\">2014<\/a><\/p>\n<p><img decoding=\"async\" src=\"https:\/\/serveiseducatius.xtec.cat\/selva1\/wp-content\/uploads\/usu773\/2021\/10\/mostra-tr.jpg\" \/><\/p>\n<hr \/>\n<p><a href=\"https:\/\/serveiseducatius.xtec.cat\/baixllobregat2\/categoria\/dinamitzacio\/forum-treballs-de-recerca\/\"><b>F\u00f2rum de treballs de recerca (SE Baix Llobregat II &#8211; ST Baix Llobregat)<\/b><\/a><\/p>\n<p><b>Primera edici\u00f3:<\/b>\u00a02002<\/p>\n<p><img loading=\"lazy\" decoding=\"async\" class=\"\" src=\"https:\/\/serveiseducatius.xtec.cat\/baixllobregat2\/wp-content\/uploads\/usu760\/2025\/01\/logoSE_BxLl2.png\" alt=\"Baix Llobregat II\" width=\"91\" height=\"67\" \/><\/p>\n<hr \/>\n<p><b><a href=\"https:\/\/sites.google.com\/xtec.cat\/ftr\/edici%C3%B3-2023?authuser=0\" target=\"_blank\" rel=\"nofollow noopener\">F\u00f2rum de treballs de recerca (SE Vall\u00e8s Oriental III &#8211; ST Maresme &#8211; Vall\u00e8s Oriental)<br \/>\n<\/a><\/b><\/p>\n<p><b>Primera edici\u00f3:<\/b>\u00a02005<\/p>\n<p><a href=\"https:\/\/serveiseducatius.xtec.cat\/altemporda\/wp-content\/uploads\/usu1156\/2025\/02\/VALLES-ORIENTAL-III.png\"><img loading=\"lazy\" decoding=\"async\" class=\"alignnone wp-image-25053\" src=\"https:\/\/serveiseducatius.xtec.cat\/altemporda\/wp-content\/uploads\/usu1156\/2025\/02\/VALLES-ORIENTAL-III.png\" alt=\"\" width=\"104\" height=\"77\" srcset=\"https:\/\/serveiseducatius.xtec.cat\/altemporda\/wp-content\/uploads\/usu1156\/2025\/02\/VALLES-ORIENTAL-III.png 261w, https:\/\/serveiseducatius.xtec.cat\/altemporda\/wp-content\/uploads\/usu1156\/2025\/02\/VALLES-ORIENTAL-III-200x150.png 200w\" sizes=\"auto, (max-width: 104px) 100vw, 104px\" \/><\/a><\/p>\n<p>&nbsp;<\/p>\n<hr \/>\n<p><a href=\"https:\/\/serveiseducatius.xtec.cat\/baixllobregat4\/dinamitzacio\/forum-treballs-de-recerca\/bases-del-forum-de-treballs-de-recerca\/\" target=\"_blank\" rel=\"nofollow noopener\"><b>F\u00f2rum de treball de recerca (SE Baix Llobregat IV &#8211; ST Baix Llobregat)<br \/>\n<\/b><\/a><\/p>\n<p><b>Primera edici\u00f3:<\/b>\u00a02003<\/p>\n<p>&nbsp;<\/p>\n<hr \/>\n<p><b><a href=\"http:\/\/www.bernatelferrer.cat\/sise_forum_treballs_recerca\" target=\"_blank\" rel=\"nofollow noopener\">F\u00f2rum de treball de recerca (SE Baix Llobregat I &#8211; ST Baix Llobregat)<\/a><\/b><\/p>\n<p><b>Primera edici\u00f3:\u00a0<\/b>2006<\/p>\n<p><img loading=\"lazy\" decoding=\"async\" class=\"\" src=\"https:\/\/img.genially.com\/6058c09bb8c9880f899ede61\/6500e7e6-e77a-4099-b2b8-64cc8e993be7.png\" width=\"77\" height=\"70\" \/><\/p>\n<hr \/>\n<\/div>\n","protected":false},"excerpt":{"rendered":"<p>F\u00f2rum de treballs de recerca (SE Alt Empord\u00e0 &#8211; ST Girona) Primera edici\u00f3:\u00a02009 F\u00f2rum de treballs de recerca \u00a0(SE La Selva II &#8211; ST Girona) Primera edici\u00f3:\u00a02013 F\u00f2rum de treballs de recerca (SE Baix Empord\u00e0 &#8211; ST Girona) Primera edici\u00f3:\u00a02012 F\u00f2rum de treballs de recerca (SE Pla de l&#8217;estany &#8211; ST Girona) Primera edici\u00f3:\u00a02012 F\u00f2rum [&hellip;]<\/p>\n","protected":false},"author":4,"featured_media":0,"parent":13343,"menu_order":0,"comment_status":"closed","ping_status":"closed","template":"","meta":{"_bbp_topic_count":0,"_bbp_reply_count":0,"_bbp_total_topic_count":0,"_bbp_total_reply_count":0,"_bbp_voice_count":0,"_bbp_anonymous_reply_count":0,"_bbp_topic_count_hidden":0,"_bbp_reply_count_hidden":0,"_bbp_forum_subforum_count":0,"site-sidebar-layout":"default","site-content-layout":"","ast-site-content-layout":"","site-content-style":"default","site-sidebar-style":"default","ast-global-header-display":"","ast-banner-title-visibility":"","ast-main-header-display":"","ast-hfb-above-header-display":"","ast-hfb-below-header-display":"","ast-hfb-mobile-header-display":"","site-post-title":"","ast-breadcrumbs-content":"","ast-featured-img":"","footer-sml-layout":"","theme-transparent-header-meta":"","adv-header-id-meta":"","stick-header-meta":"","header-above-stick-meta":"","header-main-stick-meta":"","header-below-stick-meta":"","astra-migrate-meta-layouts":"default","ast-page-background-enabled":"default","ast-page-background-meta":{"desktop":{"background-color":"var(--ast-global-color-4)","background-image":"","background-repeat":"repeat","background-position":"center center","background-size":"auto","background-attachment":"scroll","background-type":"","background-media":"","overlay-type":"","overlay-color":"","overlay-opacity":"","overlay-gradient":""},"tablet":{"background-color":"","background-image":"","background-repeat":"repeat","background-position":"center center","background-size":"auto","background-attachment":"scroll","background-type":"","background-media":"","overlay-type":"","overlay-color":"","overlay-opacity":"","overlay-gradient":""},"mobile":{"background-color":"","background-image":"","background-repeat":"repeat","background-position":"center center","background-size":"auto","background-attachment":"scroll","background-type":"","background-media":"","overlay-type":"","overlay-color":"","overlay-opacity":"","overlay-gradient":""}},"ast-content-background-meta":{"desktop":{"background-color":"var(--ast-global-color-5)","background-image":"","background-repeat":"repeat","background-position":"center center","background-size":"auto","background-attachment":"scroll","background-type":"","background-media":"","overlay-type":"","overlay-color":"","overlay-opacity":"","overlay-gradient":""},"tablet":{"background-color":"var(--ast-global-color-5)","background-image":"","background-repeat":"repeat","background-position":"center center","background-size":"auto","background-attachment":"scroll","background-type":"","background-media":"","overlay-type":"","overlay-color":"","overlay-opacity":"","overlay-gradient":""},"mobile":{"background-color":"var(--ast-global-color-5)","background-image":"","background-repeat":"repeat","background-position":"center center","background-size":"auto","background-attachment":"scroll","background-type":"","background-media":"","overlay-type":"","overlay-color":"","overlay-opacity":"","overlay-gradient":""}},"footnotes":""},"class_list":["post-16577","page","type-page","status-publish","hentry"],"post_mailing_queue_ids":[],"_links":{"self":[{"href":"https:\/\/serveiseducatius.xtec.cat\/altemporda\/wp-json\/wp\/v2\/pages\/16577","targetHints":{"allow":["GET"]}}],"collection":[{"href":"https:\/\/serveiseducatius.xtec.cat\/altemporda\/wp-json\/wp\/v2\/pages"}],"about":[{"href":"https:\/\/serveiseducatius.xtec.cat\/altemporda\/wp-json\/wp\/v2\/types\/page"}],"author":[{"embeddable":true,"href":"https:\/\/serveiseducatius.xtec.cat\/altemporda\/wp-json\/wp\/v2\/users\/4"}],"replies":[{"embeddable":true,"href":"https:\/\/serveiseducatius.xtec.cat\/altemporda\/wp-json\/wp\/v2\/comments?post=16577"}],"version-history":[{"count":9,"href":"https:\/\/serveiseducatius.xtec.cat\/altemporda\/wp-json\/wp\/v2\/pages\/16577\/revisions"}],"predecessor-version":[{"id":25063,"href":"https:\/\/serveiseducatius.xtec.cat\/altemporda\/wp-json\/wp\/v2\/pages\/16577\/revisions\/25063"}],"up":[{"embeddable":true,"href":"https:\/\/serveiseducatius.xtec.cat\/altemporda\/wp-json\/wp\/v2\/pages\/13343"}],"wp:attachment":[{"href":"https:\/\/serveiseducatius.xtec.cat\/altemporda\/wp-json\/wp\/v2\/media?parent=16577"}],"curies":[{"name":"wp","href":"https:\/\/api.w.org\/{rel}","templated":true}]}}