{"id":16572,"date":"2022-03-07T16:48:45","date_gmt":"2022-03-07T15:48:45","guid":{"rendered":"https:\/\/serveiseducatius.xtec.cat\/altemporda\/?page_id=16572"},"modified":"2022-03-07T16:48:45","modified_gmt":"2022-03-07T15:48:45","slug":"beques-ae","status":"publish","type":"page","link":"https:\/\/serveiseducatius.xtec.cat\/altemporda\/forum-de-treballs-de-recerca-ftr\/beques-ae\/","title":{"rendered":"Beques AE"},"content":{"rendered":"<h4 dir=\"ltr\"><span style=\"font-size: 14pt;\"><b>VI\u00a0Beca Ecomuseu-Farinera<\/b><\/span><\/h4>\n<div dir=\"ltr\"><span style=\"font-size: large;\"><b><br \/>\n<\/b><\/span><\/p>\n<div><a href=\"https:\/\/drive.google.com\/a\/xtec.cat\/file\/d\/0B0zHBF5nyE_QNlFfUTg3WS1vVHVwTXdWa2hHT0tqWG1aMnpj\/view?usp=drive_web\"><img loading=\"lazy\" decoding=\"async\" class=\"alignleft\" src=\"https:\/\/docs.google.com\/a\/xtec.cat\/uc?id=0B0zHBF5nyE_QNlFfUTg3WS1vVHVwTXdWa2hHT0tqWG1aMnpj&amp;export=download\" width=\"149\" height=\"200\" border=\"0\" \/><\/a><\/div>\n<p><b><a href=\"http:\/\/www.ecomuseu-farinera.org\/inici\/ofeedu\/mostra.php?id_pagina=121\" target=\"_blank\" rel=\"nofollow noopener\">L&#8217;Ecomuseu-Farinera va crear l&#8217;any 2010 la\u00a0Beca per treballs de recerca de Batxillerat.<\/a><\/b><\/p>\n<p><b>Objectiu:<\/b>\u00a0Amb aquesta beca es volen potenciar els treballs de recerca de tem\u00e0tica vinculada a l&#8217;Ecomuseu-Farinera de Castell\u00f3 d&#8217;Emp\u00faries, realitzats per estudiants que cursin batxillerat en qualsevol Centre de Secund\u00e0ria de la comarca de l&#8217;Alt Empord\u00e0 per tal de recon\u00e8ixer l&#8217;esfor\u00e7 fet per l&#8217;alumnat i el professorat i projectar-los a la societat m\u00e9s propera.<\/p>\n<p>Per a m\u00e9s informaci\u00f3 consulteu el pdf adjunt\u00a0<b>corresponent a la beca pel curs 2013-2014.<\/b><\/p>\n<div><b><a href=\"https:\/\/drive.google.com\/a\/xtec.cat\/file\/d\/0B0zHBF5nyE_QQnFXRE5qMDVfVVhGamhtSV9ONjNWeVlVNEF3\/preview\" target=\"_blank\" rel=\"noopener\">[+ info]<\/a><\/b><\/div>\n<hr \/>\n<h4><span style=\"font-size: 14pt;\"><b>III\u00a0Beca de periodisme del Setmanari de l&#8217;Alt Empord\u00e0<\/b><\/span><\/h4>\n<div>\n<div>\n<div><a href=\"https:\/\/sites.google.com\/a\/xtec.cat\/forum-treballs-de-recerca-alt-emporda\/beques-museus\/boto%20beca.JPG?attredirects=0\"><img loading=\"lazy\" decoding=\"async\" class=\"alignleft\" src=\"https:\/\/sites.google.com\/a\/xtec.cat\/forum-treballs-de-recerca-alt-emporda\/_\/rsrc\/1472845236484\/beques-museus\/boto%20beca.JPG?height=137&amp;width=200\" alt=\"Beca l&amp;#39;Empord\u00e0\" width=\"200\" height=\"137\" border=\"0\" \/><\/a><\/div>\n<div><\/div>\n<div><span style=\"font-size: small;\"><b>Objectiu:\u00a0<\/b>Amb la convocat\u00f2ria d&#8217;aquesta beca es volen potenciar els treballs de recerca de\u00a0tem\u00e0tica vinculada a la informaci\u00f3 period\u00edstica sobre temes, persones i\/o\u00a0equipaments relacionats amb l&#8217;\u00e0mbit de l&#8217;educaci\u00f3, realitzats per estudiants que\u00a0cursin batxillerat en qualsevol Centre de Secund\u00e0ria de la comarca de l&#8217;Alt\u00a0Empord\u00e0 per tal de recon\u00e8ixer l&#8217;esfor\u00e7 fet per l&#8217;alumnat i el professorat i\u00a0projectar-los a la societat m\u00e9s propera.\u00a0<\/span><\/div>\n<\/div>\n<div><span style=\"font-size: small;\">\u00a0<\/span><\/div>\n<div><span style=\"font-size: small;\"><b>Tem\u00e0tica\u00a0<\/b><\/span><\/div>\n<div><span style=\"font-size: small;\">La tem\u00e0tica haur\u00e0 d&#8217;estar relacionada necess\u00e0riament amb un dels temes o\u00a0informacions publicats al Setmanari de l&#8217;Alt Empord\u00e0 que facin refer\u00e8ncia al m\u00f3n\u00a0de l&#8217;educaci\u00f3 a la comarca.\u00a0<\/span><\/div>\n<div><span style=\"font-size: small;\">\u00a0<\/span><\/div>\n<div><span style=\"font-size: small;\"><b>Destinataris\u00a0<\/b><\/span><\/div>\n<div><span style=\"font-size: small;\">La convocat\u00f2ria est\u00e0 oberta a alumnes que cursin els seus estudis de batxillerat\u00a0en els Centres de Secund\u00e0ria de l&#8217;Alt Empord\u00e0 i que centrin el seu treball de\u00a0recerca en l&#8217;\u00e0rea tem\u00e0tica de la beca.\u00a0<\/span><\/div>\n<div><span style=\"font-size: small;\">La convocat\u00f2ria est\u00e0 oberta a alumnes que estiguin a punt d&#8217;iniciar el treball de\u00a0recerca ja que aquest treball ser\u00e0 cotutoritzat des del Setmanari de l&#8217;Alt Empord\u00e0.\u00a0<\/span><\/div>\n<div><span style=\"font-size: small;\">Les propostes de treball presentades poden ser individuals o col\u00b7lectives i\u00a0s&#8217;hauran de redactar en catal\u00e0.<\/span><\/div>\n<div><span style=\"font-size: small;\">\u00a0<\/span><\/div>\n<div>\n<p><span style=\"font-size: 12pt;\"><a href=\"https:\/\/docs.google.com\/a\/xtec.cat\/file\/d\/0B0zHBF5nyE_QZGUxb1pWOGlhQk1ReUpaRnVxenYtY19wM0FV\/edit?usp=drive_web\"><img decoding=\"async\" src=\"https:\/\/drive.google.com\/uc?id=0B0zHBF5nyE_QZGUxb1pWOGlhQk1ReUpaRnVxenYtY19wM0FV\" border=\"0\" \/><\/a><\/span><\/p>\n<\/div>\n<div>\n<p><span style=\"font-size: 12pt;\"><b><a href=\"https:\/\/docs.google.com\/a\/xtec.cat\/file\/d\/0B0zHBF5nyE_QdkUtTXhfZ0RQcWM\/edit\" target=\"_blank\" rel=\"noopener\">[+info]\u00a0<\/a>\u00a0 <a href=\"https:\/\/docs.google.com\/a\/xtec.cat\/file\/d\/0B0zHBF5nyE_QbTNicDNFaGJDaE0\/edit\" target=\"_blank\" rel=\"noopener\">[article de premsa]<\/a><\/b><\/span><\/p>\n<\/div>\n<hr \/>\n<h4><span style=\"font-size: 14pt;\"><b>III Beca\u00a0<\/b><b>del Museu Memorial de l\u2019Exili (MUME) de La Jonquera<\/b><b>. Curs 2014-2015<\/b><\/span><\/h4>\n<div>\n<div><a href=\"https:\/\/docs.google.com\/a\/xtec.cat\/file\/d\/0B0zHBF5nyE_QVGVSYmlxRUFPZ1RjSFI3SW9PVmdKMy1mWThZ\/edit?usp=drive_web\"><img loading=\"lazy\" decoding=\"async\" class=\"alignleft\" src=\"https:\/\/drive.google.com\/uc?id=0B0zHBF5nyE_QVGVSYmlxRUFPZ1RjSFI3SW9PVmdKMy1mWThZ\" width=\"173\" height=\"200\" border=\"0\" \/><\/a><\/div>\n<p><b>Objectiu:\u00a0\u00a0<\/b>Amb la convocat\u00f2ria d\u2019aquesta beca es busca potenciar els treballs de recerca de tem\u00e0tiques vinculades als objectius del Museu Memorial de l\u2019Exili (MUME) de La Jonquera, realitzats per estudiants que cursin batxillerat en qualsevol Centre de Secund\u00e0ria de la comarca de l\u2019Alt Empord\u00e0 per tal de recon\u00e8ixer l\u2019esfor\u00e7 fet per l\u2019alumnat i el professorat i projectar-los a la societat m\u00e9s propera.<\/p>\n<p><b>Tem\u00e0tica<\/b><\/p>\n<p>Les tem\u00e0tiques hauran d\u2019estar relacionades necess\u00e0riament amb q\u00fcestions que es tracten al Museu Memorial de l\u2019Exili (MUME).<\/p>\n<p>En aquest sentit, els treballs de recerca, dins la modalitat d\u2019humanitats i ci\u00e8ncies socials, hauran de tenir present com a temes prioritaris aspectes de la hist\u00f2ria contempor\u00e0nia de Catalunya, d\u2019Espanya i d\u2019Europa relacionats amb la Guerra Civil Espanyola, l\u2019exili republic\u00e0, la Segona Guerra Mundial, la deportaci\u00f3 als camps nazis, etc. Es prioritzaran aquells treballs que tinguin en compte la perspectiva local vinculada al context general. Aix\u00ed mateix, tamb\u00e9 es valorar\u00e0 que tinguin en consideraci\u00f3 elements com la mem\u00f2ria, el testimoniatge i la preservaci\u00f3 patrimonial d\u2019aquest passat recent.<\/p>\n<p><b>[<a href=\"https:\/\/docs.google.com\/a\/xtec.cat\/file\/d\/0B0zHBF5nyE_QTGlieXJ6c1RXd09wYmIzc0pELURKajR6NE9R\/edit\" target=\"_blank\" rel=\"noopener\">+info<\/a>] [<a href=\"https:\/\/docs.google.com\/a\/xtec.cat\/file\/d\/0B0zHBF5nyE_QT3F0bnMtaFZoQzMwMzNkdFk1MDRzTjhuZThJ\/edit\" target=\"_blank\" rel=\"noopener\">Sol\u00b7licitud<\/a>]<br \/>\n<\/b><\/p>\n<hr \/>\n<\/div>\n<\/div>\n<\/div>\n<div dir=\"ltr\">\n<div><a href=\"https:\/\/sites.google.com\/a\/xtec.cat\/forum-treballs-de-recerca-alt-emporda\/beques-museus\/museus.JPG?attredirects=0\"><img loading=\"lazy\" decoding=\"async\" src=\"https:\/\/sites.google.com\/a\/xtec.cat\/forum-treballs-de-recerca-alt-emporda\/_\/rsrc\/1472845241475\/beques-museus\/museus.JPG?height=83&amp;width=740\" width=\"740\" height=\"83\" border=\"0\" \/><\/a><\/div>\n<\/div>\n","protected":false},"excerpt":{"rendered":"<p>VI\u00a0Beca Ecomuseu-Farinera L&#8217;Ecomuseu-Farinera va crear l&#8217;any 2010 la\u00a0Beca per treballs de recerca de Batxillerat. Objectiu:\u00a0Amb aquesta beca es volen potenciar els treballs de recerca de tem\u00e0tica vinculada a l&#8217;Ecomuseu-Farinera de Castell\u00f3 d&#8217;Emp\u00faries, realitzats per estudiants que cursin batxillerat en qualsevol Centre de Secund\u00e0ria de la comarca de l&#8217;Alt Empord\u00e0 per tal de recon\u00e8ixer l&#8217;esfor\u00e7 fet [&hellip;]<\/p>\n","protected":false},"author":4,"featured_media":0,"parent":13343,"menu_order":0,"comment_status":"closed","ping_status":"closed","template":"","meta":{"_bbp_topic_count":0,"_bbp_reply_count":0,"_bbp_total_topic_count":0,"_bbp_total_reply_count":0,"_bbp_voice_count":0,"_bbp_anonymous_reply_count":0,"_bbp_topic_count_hidden":0,"_bbp_reply_count_hidden":0,"_bbp_forum_subforum_count":0,"site-sidebar-layout":"default","site-content-layout":"","ast-site-content-layout":"","site-content-style":"default","site-sidebar-style":"default","ast-global-header-display":"","ast-banner-title-visibility":"","ast-main-header-display":"","ast-hfb-above-header-display":"","ast-hfb-below-header-display":"","ast-hfb-mobile-header-display":"","site-post-title":"","ast-breadcrumbs-content":"","ast-featured-img":"","footer-sml-layout":"","theme-transparent-header-meta":"","adv-header-id-meta":"","stick-header-meta":"","header-above-stick-meta":"","header-main-stick-meta":"","header-below-stick-meta":"","astra-migrate-meta-layouts":"default","ast-page-background-enabled":"default","ast-page-background-meta":{"desktop":{"background-color":"var(--ast-global-color-4)","background-image":"","background-repeat":"repeat","background-position":"center center","background-size":"auto","background-attachment":"scroll","background-type":"","background-media":"","overlay-type":"","overlay-color":"","overlay-opacity":"","overlay-gradient":""},"tablet":{"background-color":"","background-image":"","background-repeat":"repeat","background-position":"center center","background-size":"auto","background-attachment":"scroll","background-type":"","background-media":"","overlay-type":"","overlay-color":"","overlay-opacity":"","overlay-gradient":""},"mobile":{"background-color":"","background-image":"","background-repeat":"repeat","background-position":"center center","background-size":"auto","background-attachment":"scroll","background-type":"","background-media":"","overlay-type":"","overlay-color":"","overlay-opacity":"","overlay-gradient":""}},"ast-content-background-meta":{"desktop":{"background-color":"var(--ast-global-color-5)","background-image":"","background-repeat":"repeat","background-position":"center center","background-size":"auto","background-attachment":"scroll","background-type":"","background-media":"","overlay-type":"","overlay-color":"","overlay-opacity":"","overlay-gradient":""},"tablet":{"background-color":"var(--ast-global-color-5)","background-image":"","background-repeat":"repeat","background-position":"center center","background-size":"auto","background-attachment":"scroll","background-type":"","background-media":"","overlay-type":"","overlay-color":"","overlay-opacity":"","overlay-gradient":""},"mobile":{"background-color":"var(--ast-global-color-5)","background-image":"","background-repeat":"repeat","background-position":"center center","background-size":"auto","background-attachment":"scroll","background-type":"","background-media":"","overlay-type":"","overlay-color":"","overlay-opacity":"","overlay-gradient":""}},"footnotes":""},"class_list":["post-16572","page","type-page","status-publish","hentry"],"post_mailing_queue_ids":[],"_links":{"self":[{"href":"https:\/\/serveiseducatius.xtec.cat\/altemporda\/wp-json\/wp\/v2\/pages\/16572","targetHints":{"allow":["GET"]}}],"collection":[{"href":"https:\/\/serveiseducatius.xtec.cat\/altemporda\/wp-json\/wp\/v2\/pages"}],"about":[{"href":"https:\/\/serveiseducatius.xtec.cat\/altemporda\/wp-json\/wp\/v2\/types\/page"}],"author":[{"embeddable":true,"href":"https:\/\/serveiseducatius.xtec.cat\/altemporda\/wp-json\/wp\/v2\/users\/4"}],"replies":[{"embeddable":true,"href":"https:\/\/serveiseducatius.xtec.cat\/altemporda\/wp-json\/wp\/v2\/comments?post=16572"}],"version-history":[{"count":1,"href":"https:\/\/serveiseducatius.xtec.cat\/altemporda\/wp-json\/wp\/v2\/pages\/16572\/revisions"}],"predecessor-version":[{"id":16575,"href":"https:\/\/serveiseducatius.xtec.cat\/altemporda\/wp-json\/wp\/v2\/pages\/16572\/revisions\/16575"}],"up":[{"embeddable":true,"href":"https:\/\/serveiseducatius.xtec.cat\/altemporda\/wp-json\/wp\/v2\/pages\/13343"}],"wp:attachment":[{"href":"https:\/\/serveiseducatius.xtec.cat\/altemporda\/wp-json\/wp\/v2\/media?parent=16572"}],"curies":[{"name":"wp","href":"https:\/\/api.w.org\/{rel}","templated":true}]}}