{"id":16566,"date":"2022-03-07T16:27:18","date_gmt":"2022-03-07T15:27:18","guid":{"rendered":"https:\/\/serveiseducatius.xtec.cat\/altemporda\/?page_id=16566"},"modified":"2024-01-12T09:25:03","modified_gmt":"2024-01-12T08:25:03","slug":"cartellisme","status":"publish","type":"page","link":"https:\/\/serveiseducatius.xtec.cat\/altemporda\/forum-de-treballs-de-recerca-ftr\/cartellisme\/","title":{"rendered":"Cartellisme"},"content":{"rendered":"<p style=\"text-align: justify;\">\u00a0 \u00a0 \u00a0 \u00a0 \u00a0 Un dels trets singulars del F\u00f2rum de treballs de recerca de l&#8217;Alt Empord\u00e0 \u00e9s el disseny del cartell que il\u00b7lustra cada edici\u00f3. Aquest es elaborat pel professorat, i en algun dels casos alumnat, dels respectius Departaments de visual i pl\u00e0stica de l&#8217;institut que acull el F\u00f2rum. Un projecte art\u00edstic de gran valor, tal com es pot veure en els <a href=\"https:\/\/serveiseducatius.xtec.cat\/altemporda\/forum-de-treballs-de-recerca-ftr\/\" target=\"_blank\" rel=\"noopener\">cartells<\/a> de les diferents edicions.<\/p>\n<div><\/div>\n<div><strong><span style=\"font-family: arial, sans-serif; font-size: 14pt; color: #800000;\">Autores dels cartells del F\u00f2rum de treballs de recerca.<\/span><\/strong><\/div>\n<p>&nbsp;<\/p>\n<table class=\" aligncenter\" style=\"height: 471px; width: 100%; table-layout: fixed; border-style: hidden; border-collapse: collapse;\">\n<tbody>\n<tr style=\"height: 71px;\">\n<td style=\"border-style: solid; vertical-align: top; text-align: center; width: 25%; height: 71px;\"><\/td>\n<td style=\"border-style: solid; vertical-align: top; text-align: center; width: 25%; height: 71px;\"><\/td>\n<td style=\"border-style: solid; vertical-align: top; text-align: center; width: 25%; height: 71px;\"><\/td>\n<td style=\"text-align: center; width: 25%; vertical-align: top; height: 71px;\"><span style=\"font-size: 12pt; color: #800000;\"><strong>2023<\/strong><\/span><br \/>\nSara Salip Vilanova<br \/>\n<strong>Institut Narc\u00eds Monturiol (Figueres)<\/strong><\/td>\n<\/tr>\n<tr style=\"height: 400px; width: 100%; border-style: hidden; border-collapse: collapse;\">\n<td style=\"border-style: solid; vertical-align: top; height: 400px; text-align: center; width: 25%;\"><a href=\"https:\/\/serveiseducatius.xtec.cat\/altemporda\/wp-content\/uploads\/usu1156\/2023\/06\/Foto-de-..jpg\"><img loading=\"lazy\" decoding=\"async\" class=\"alignnone wp-image-21044\" src=\"https:\/\/serveiseducatius.xtec.cat\/altemporda\/wp-content\/uploads\/usu1156\/2023\/06\/Foto-de-.-768x1024.jpg\" alt=\"\" width=\"235\" height=\"313\" srcset=\"https:\/\/serveiseducatius.xtec.cat\/altemporda\/wp-content\/uploads\/usu1156\/2023\/06\/Foto-de-.-768x1024.jpg 768w, https:\/\/serveiseducatius.xtec.cat\/altemporda\/wp-content\/uploads\/usu1156\/2023\/06\/Foto-de-.-225x300.jpg 225w, https:\/\/serveiseducatius.xtec.cat\/altemporda\/wp-content\/uploads\/usu1156\/2023\/06\/Foto-de-.-1152x1536.jpg 1152w, https:\/\/serveiseducatius.xtec.cat\/altemporda\/wp-content\/uploads\/usu1156\/2023\/06\/Foto-de-..jpg 1200w\" sizes=\"auto, (max-width: 235px) 100vw, 235px\" \/><\/a><\/p>\n<p><span style=\"font-size: 12pt; color: #800000;\"><strong>2022<\/strong><\/span><br \/>\nCarme Gifreu<br \/>\n<strong>Institut de Llan\u00e7\u00e0<\/strong><\/td>\n<td style=\"border-style: solid; vertical-align: top; height: 400px; text-align: center; width: 25%;\">\n<div><img loading=\"lazy\" decoding=\"async\" class=\"aligncenter size-full wp-image-21935\" src=\"https:\/\/serveiseducatius.xtec.cat\/altemporda\/wp-content\/uploads\/usu1156\/2024\/01\/Anna-M.-Casamitjana-i-Marta-Teixido.jpeg\" alt=\"\" width=\"240\" height=\"320\" srcset=\"https:\/\/serveiseducatius.xtec.cat\/altemporda\/wp-content\/uploads\/usu1156\/2024\/01\/Anna-M.-Casamitjana-i-Marta-Teixido.jpeg 240w, https:\/\/serveiseducatius.xtec.cat\/altemporda\/wp-content\/uploads\/usu1156\/2024\/01\/Anna-M.-Casamitjana-i-Marta-Teixido-225x300.jpeg 225w\" sizes=\"auto, (max-width: 240px) 100vw, 240px\" \/><\/div>\n<div><\/div>\n<div style=\"text-align: center; line-height: 1.5;\"><span style=\"color: #800000; font-size: 12pt;\"><strong>2018<\/strong><\/span><\/div>\n<div style=\"text-align: center; line-height: 1.5;\"><i>Anna M. Casamitjana i<\/i><\/div>\n<div style=\"text-align: center; line-height: 1.5;\"><i>Marta Teixidor<\/i><\/div>\n<p style=\"text-align: center; line-height: 3;\"><b>Institut Illa de Rodes (Roses)<\/b><\/p>\n<\/td>\n<td style=\"border-style: solid; vertical-align: top; height: 400px; text-align: center; width: 25%;\"><img loading=\"lazy\" decoding=\"async\" class=\"alignnone wp-image-16885\" src=\"https:\/\/serveiseducatius.xtec.cat\/altemporda\/wp-content\/uploads\/usu1156\/2022\/03\/C17.png\" alt=\"\" width=\"236\" height=\"309\" \/><\/p>\n<div style=\"text-align: center; line-height: 1.5;\"><span style=\"color: #800000; font-size: 12pt;\"><strong>2017<\/strong><\/span><\/div>\n<div style=\"text-align: center; line-height: 1.5;\"><i>C\u00e8lia Sort Cuff\u00ed<\/i><\/div>\n<p style=\"text-align: center; line-height: 3;\"><strong>Institut Olivar Gran<\/strong><\/p>\n<\/td>\n<td style=\"height: 400px; text-align: center; width: 25%; vertical-align: top;\"><img loading=\"lazy\" decoding=\"async\" class=\"aligncenter wp-image-16882\" src=\"https:\/\/serveiseducatius.xtec.cat\/altemporda\/wp-content\/uploads\/usu1156\/2022\/03\/20150528_1131051-1-225x300.jpg\" alt=\"\" width=\"225\" height=\"300\" srcset=\"https:\/\/serveiseducatius.xtec.cat\/altemporda\/wp-content\/uploads\/usu1156\/2022\/03\/20150528_1131051-1-225x300.jpg 225w, https:\/\/serveiseducatius.xtec.cat\/altemporda\/wp-content\/uploads\/usu1156\/2022\/03\/20150528_1131051-1-768x1024.jpg 768w, https:\/\/serveiseducatius.xtec.cat\/altemporda\/wp-content\/uploads\/usu1156\/2022\/03\/20150528_1131051-1-1152x1536.jpg 1152w, https:\/\/serveiseducatius.xtec.cat\/altemporda\/wp-content\/uploads\/usu1156\/2022\/03\/20150528_1131051-1-1536x2048.jpg 1536w, https:\/\/serveiseducatius.xtec.cat\/altemporda\/wp-content\/uploads\/usu1156\/2022\/03\/20150528_1131051-1-scaled.jpg 1920w\" sizes=\"auto, (max-width: 225px) 100vw, 225px\" \/><\/p>\n<div style=\"text-align: center; line-height: 1.5;\"><span style=\"font-size: 12pt; color: #800000;\"><strong>2015<\/strong><\/span><\/div>\n<div style=\"text-align: center; line-height: 1.5;\"><i>Maria Vilar Planella, 4t ESO C<\/i><\/div>\n<div style=\"text-align: center; line-height: 1.5;\"><i>i Pilar Solana Celaya.<\/i><\/div>\n<div style=\"text-align: center; line-height: 1.5;\"><i>(Professora de Dibuix)<\/i><\/div>\n<p style=\"text-align: center; line-height: 3;\"><strong>Institut Ramon Muntaner<\/strong><\/p>\n<\/td>\n<\/tr>\n<\/tbody>\n<\/table>\n<p>&nbsp;<\/p>\n<p>&nbsp;<\/p>\n<p>&nbsp;<\/p>\n<p>&nbsp;<\/p>\n","protected":false},"excerpt":{"rendered":"<p>\u00a0 \u00a0 \u00a0 \u00a0 \u00a0 Un dels trets singulars del F\u00f2rum de treballs de recerca de l&#8217;Alt Empord\u00e0 \u00e9s el disseny del cartell que il\u00b7lustra cada edici\u00f3. Aquest es elaborat pel professorat, i en algun dels casos alumnat, dels respectius Departaments de visual i pl\u00e0stica de l&#8217;institut que acull el F\u00f2rum. Un projecte art\u00edstic de [&hellip;]<\/p>\n","protected":false},"author":4,"featured_media":0,"parent":13343,"menu_order":0,"comment_status":"closed","ping_status":"closed","template":"","meta":{"_bbp_topic_count":0,"_bbp_reply_count":0,"_bbp_total_topic_count":0,"_bbp_total_reply_count":0,"_bbp_voice_count":0,"_bbp_anonymous_reply_count":0,"_bbp_topic_count_hidden":0,"_bbp_reply_count_hidden":0,"_bbp_forum_subforum_count":0,"site-sidebar-layout":"default","site-content-layout":"","ast-site-content-layout":"","site-content-style":"default","site-sidebar-style":"default","ast-global-header-display":"","ast-banner-title-visibility":"","ast-main-header-display":"","ast-hfb-above-header-display":"","ast-hfb-below-header-display":"","ast-hfb-mobile-header-display":"","site-post-title":"","ast-breadcrumbs-content":"","ast-featured-img":"","footer-sml-layout":"","theme-transparent-header-meta":"","adv-header-id-meta":"","stick-header-meta":"","header-above-stick-meta":"","header-main-stick-meta":"","header-below-stick-meta":"","astra-migrate-meta-layouts":"default","ast-page-background-enabled":"default","ast-page-background-meta":{"desktop":{"background-color":"var(--ast-global-color-4)","background-image":"","background-repeat":"repeat","background-position":"center center","background-size":"auto","background-attachment":"scroll","background-type":"","background-media":"","overlay-type":"","overlay-color":"","overlay-opacity":"","overlay-gradient":""},"tablet":{"background-color":"","background-image":"","background-repeat":"repeat","background-position":"center center","background-size":"auto","background-attachment":"scroll","background-type":"","background-media":"","overlay-type":"","overlay-color":"","overlay-opacity":"","overlay-gradient":""},"mobile":{"background-color":"","background-image":"","background-repeat":"repeat","background-position":"center center","background-size":"auto","background-attachment":"scroll","background-type":"","background-media":"","overlay-type":"","overlay-color":"","overlay-opacity":"","overlay-gradient":""}},"ast-content-background-meta":{"desktop":{"background-color":"var(--ast-global-color-5)","background-image":"","background-repeat":"repeat","background-position":"center center","background-size":"auto","background-attachment":"scroll","background-type":"","background-media":"","overlay-type":"","overlay-color":"","overlay-opacity":"","overlay-gradient":""},"tablet":{"background-color":"var(--ast-global-color-5)","background-image":"","background-repeat":"repeat","background-position":"center center","background-size":"auto","background-attachment":"scroll","background-type":"","background-media":"","overlay-type":"","overlay-color":"","overlay-opacity":"","overlay-gradient":""},"mobile":{"background-color":"var(--ast-global-color-5)","background-image":"","background-repeat":"repeat","background-position":"center center","background-size":"auto","background-attachment":"scroll","background-type":"","background-media":"","overlay-type":"","overlay-color":"","overlay-opacity":"","overlay-gradient":""}},"footnotes":""},"class_list":["post-16566","page","type-page","status-publish","hentry"],"post_mailing_queue_ids":[],"_links":{"self":[{"href":"https:\/\/serveiseducatius.xtec.cat\/altemporda\/wp-json\/wp\/v2\/pages\/16566","targetHints":{"allow":["GET"]}}],"collection":[{"href":"https:\/\/serveiseducatius.xtec.cat\/altemporda\/wp-json\/wp\/v2\/pages"}],"about":[{"href":"https:\/\/serveiseducatius.xtec.cat\/altemporda\/wp-json\/wp\/v2\/types\/page"}],"author":[{"embeddable":true,"href":"https:\/\/serveiseducatius.xtec.cat\/altemporda\/wp-json\/wp\/v2\/users\/4"}],"replies":[{"embeddable":true,"href":"https:\/\/serveiseducatius.xtec.cat\/altemporda\/wp-json\/wp\/v2\/comments?post=16566"}],"version-history":[{"count":7,"href":"https:\/\/serveiseducatius.xtec.cat\/altemporda\/wp-json\/wp\/v2\/pages\/16566\/revisions"}],"predecessor-version":[{"id":21937,"href":"https:\/\/serveiseducatius.xtec.cat\/altemporda\/wp-json\/wp\/v2\/pages\/16566\/revisions\/21937"}],"up":[{"embeddable":true,"href":"https:\/\/serveiseducatius.xtec.cat\/altemporda\/wp-json\/wp\/v2\/pages\/13343"}],"wp:attachment":[{"href":"https:\/\/serveiseducatius.xtec.cat\/altemporda\/wp-json\/wp\/v2\/media?parent=16566"}],"curies":[{"name":"wp","href":"https:\/\/api.w.org\/{rel}","templated":true}]}}