{"id":16562,"date":"2022-03-07T16:21:04","date_gmt":"2022-03-07T15:21:04","guid":{"rendered":"https:\/\/serveiseducatius.xtec.cat\/altemporda\/?page_id=16562"},"modified":"2025-02-05T14:03:39","modified_gmt":"2025-02-05T13:03:39","slug":"credits","status":"publish","type":"page","link":"https:\/\/serveiseducatius.xtec.cat\/altemporda\/forum-de-treballs-de-recerca-ftr\/credits\/","title":{"rendered":"Cr\u00e8dits"},"content":{"rendered":"<p><span style=\"font-size: medium;\"><b>\u00a9 F\u00f2rum de treballs de recerca AE<br \/>\n<\/b><\/span><\/p>\n<p><span style=\"font-size: medium;\"><b>\u00a9 Grup de treball Coordinadors\/es de Batxillerat de<\/b><\/span>\u00a0l&#8217;Alt Empord\u00e0<\/p>\n<p style=\"text-align: justify;\"><span style=\"font-size: medium;\"><b>\u00a9 Equip impulsor:<\/b> P<\/span><i><span style=\"font-size: medium;\">er a les diferents edicions veure llibret espec\u00edfic.<\/span><\/i><\/p>\n<p><span style=\"font-size: medium;\"><b>\u00a9 Servei Educatiu de l\u2019Alt Empord\u00e0<\/b><\/span><\/p>\n<p><span style=\"font-size: medium;\"><b>Departament d\u2019Ensenyament de la Generalitat de Catalunya.<\/b><\/span><\/p>\n<p><span style=\"font-size: medium;\">Avinguda Maria \u00c0ngels Anglada, 13. Figueres<\/span><\/p>\n<p><span style=\"font-size: medium;\"><a href=\"http:\/\/www.sealtemporda.cat\/\" rel=\"nofollow\">www.sealtemporda.cat<\/a><\/span><\/p>\n<p><span style=\"font-size: medium;\"><a href=\"https:\/\/mail.google.com\/mail\/?view=cm&amp;fs=1&amp;tf=1&amp;to=crp-altemporda@xtec.cat\" target=\"_blank\" rel=\"noopener\">crp-altemporda@xtec.cat<\/a><\/span><\/p>\n<p><span style=\"font-size: medium;\"><b>Drets de reproducci\u00f3 i adaptaci\u00f3: <\/b><\/span><span style=\"color: #000000; font-size: medium;\">La reproducci\u00f3 d&#8217;aquest entorn Web est\u00e0 autoritzada i agra\u00efda, tant si es cita o no el seu origen, amb la finalitat d&#8217;engrescar i divulgar aquesta iniciativa. Fora dels casos que es vulgui fer, directament o indirectament, amb algun tipus de finalitat comercial o lucrativa.<\/span><\/p>\n<hr \/>\n<p><span style=\"font-family: Verdana; font-size: medium;\"><b>La petjada ecol\u00f2gica\u00a0<\/b><\/span><span style=\"color: #000000;\">Per a l&#8217;edici\u00f3 impresa dels llibrets del f\u00f2rum s&#8217;ha fet servir paper ecol\u00f2gic.<\/span><\/p>\n","protected":false},"excerpt":{"rendered":"<p>\u00a9 F\u00f2rum de treballs de recerca AE \u00a9 Grup de treball Coordinadors\/es de Batxillerat de\u00a0l&#8217;Alt Empord\u00e0 \u00a9 Equip impulsor: Per a les diferents edicions veure llibret espec\u00edfic. \u00a9 Servei Educatiu de l\u2019Alt Empord\u00e0 Departament d\u2019Ensenyament de la Generalitat de Catalunya. Avinguda Maria \u00c0ngels Anglada, 13. Figueres www.sealtemporda.cat crp-altemporda@xtec.cat Drets de reproducci\u00f3 i adaptaci\u00f3: La reproducci\u00f3 [&hellip;]<\/p>\n","protected":false},"author":4,"featured_media":0,"parent":13343,"menu_order":0,"comment_status":"closed","ping_status":"closed","template":"","meta":{"_bbp_topic_count":0,"_bbp_reply_count":0,"_bbp_total_topic_count":0,"_bbp_total_reply_count":0,"_bbp_voice_count":0,"_bbp_anonymous_reply_count":0,"_bbp_topic_count_hidden":0,"_bbp_reply_count_hidden":0,"_bbp_forum_subforum_count":0,"site-sidebar-layout":"default","site-content-layout":"","ast-site-content-layout":"","site-content-style":"default","site-sidebar-style":"default","ast-global-header-display":"","ast-banner-title-visibility":"","ast-main-header-display":"","ast-hfb-above-header-display":"","ast-hfb-below-header-display":"","ast-hfb-mobile-header-display":"","site-post-title":"","ast-breadcrumbs-content":"","ast-featured-img":"","footer-sml-layout":"","theme-transparent-header-meta":"","adv-header-id-meta":"","stick-header-meta":"","header-above-stick-meta":"","header-main-stick-meta":"","header-below-stick-meta":"","astra-migrate-meta-layouts":"default","ast-page-background-enabled":"default","ast-page-background-meta":{"desktop":{"background-color":"var(--ast-global-color-4)","background-image":"","background-repeat":"repeat","background-position":"center center","background-size":"auto","background-attachment":"scroll","background-type":"","background-media":"","overlay-type":"","overlay-color":"","overlay-opacity":"","overlay-gradient":""},"tablet":{"background-color":"","background-image":"","background-repeat":"repeat","background-position":"center center","background-size":"auto","background-attachment":"scroll","background-type":"","background-media":"","overlay-type":"","overlay-color":"","overlay-opacity":"","overlay-gradient":""},"mobile":{"background-color":"","background-image":"","background-repeat":"repeat","background-position":"center center","background-size":"auto","background-attachment":"scroll","background-type":"","background-media":"","overlay-type":"","overlay-color":"","overlay-opacity":"","overlay-gradient":""}},"ast-content-background-meta":{"desktop":{"background-color":"var(--ast-global-color-5)","background-image":"","background-repeat":"repeat","background-position":"center center","background-size":"auto","background-attachment":"scroll","background-type":"","background-media":"","overlay-type":"","overlay-color":"","overlay-opacity":"","overlay-gradient":""},"tablet":{"background-color":"var(--ast-global-color-5)","background-image":"","background-repeat":"repeat","background-position":"center center","background-size":"auto","background-attachment":"scroll","background-type":"","background-media":"","overlay-type":"","overlay-color":"","overlay-opacity":"","overlay-gradient":""},"mobile":{"background-color":"var(--ast-global-color-5)","background-image":"","background-repeat":"repeat","background-position":"center center","background-size":"auto","background-attachment":"scroll","background-type":"","background-media":"","overlay-type":"","overlay-color":"","overlay-opacity":"","overlay-gradient":""}},"footnotes":""},"class_list":["post-16562","page","type-page","status-publish","hentry"],"post_mailing_queue_ids":[],"_links":{"self":[{"href":"https:\/\/serveiseducatius.xtec.cat\/altemporda\/wp-json\/wp\/v2\/pages\/16562","targetHints":{"allow":["GET"]}}],"collection":[{"href":"https:\/\/serveiseducatius.xtec.cat\/altemporda\/wp-json\/wp\/v2\/pages"}],"about":[{"href":"https:\/\/serveiseducatius.xtec.cat\/altemporda\/wp-json\/wp\/v2\/types\/page"}],"author":[{"embeddable":true,"href":"https:\/\/serveiseducatius.xtec.cat\/altemporda\/wp-json\/wp\/v2\/users\/4"}],"replies":[{"embeddable":true,"href":"https:\/\/serveiseducatius.xtec.cat\/altemporda\/wp-json\/wp\/v2\/comments?post=16562"}],"version-history":[{"count":3,"href":"https:\/\/serveiseducatius.xtec.cat\/altemporda\/wp-json\/wp\/v2\/pages\/16562\/revisions"}],"predecessor-version":[{"id":24823,"href":"https:\/\/serveiseducatius.xtec.cat\/altemporda\/wp-json\/wp\/v2\/pages\/16562\/revisions\/24823"}],"up":[{"embeddable":true,"href":"https:\/\/serveiseducatius.xtec.cat\/altemporda\/wp-json\/wp\/v2\/pages\/13343"}],"wp:attachment":[{"href":"https:\/\/serveiseducatius.xtec.cat\/altemporda\/wp-json\/wp\/v2\/media?parent=16562"}],"curies":[{"name":"wp","href":"https:\/\/api.w.org\/{rel}","templated":true}]}}