{"id":16560,"date":"2022-03-07T16:19:36","date_gmt":"2022-03-07T15:19:36","guid":{"rendered":"https:\/\/serveiseducatius.xtec.cat\/altemporda\/?page_id=16560"},"modified":"2026-03-25T12:12:27","modified_gmt":"2026-03-25T11:12:27","slug":"objectius","status":"publish","type":"page","link":"https:\/\/serveiseducatius.xtec.cat\/altemporda\/forum-de-treballs-de-recerca-ftr\/objectius\/","title":{"rendered":"Objectius"},"content":{"rendered":"<ul>\n<li>Coordinar la realitzaci\u00f3 del F\u00f2rum de treball de recerca a l&#8217;Alt Empord\u00e0 en una seu \u00fanica per tots els instituts de la ciutat i pobles propers, convertint aquest acte en una jornada conjunta per tots els centres.<\/li>\n<li>Incentivar l\u2019esperit de recerca de l\u2019alumnat i donar suport al professorat tutor en la difusi\u00f3 dels treballs.<\/li>\n<li>Ser un lloc de trobada, debat i col\u00b7loqui on es faci evident la qualitat i el rigor de les propostes presentades.<\/li>\n<li>Recon\u00e8ixer la feina ben feta, les hores d&#8217;esfor\u00e7 i la dedicaci\u00f3 al treball de recerca.<\/li>\n<\/ul>\n","protected":false},"excerpt":{"rendered":"<p>Coordinar la realitzaci\u00f3 del F\u00f2rum de treball de recerca a l&#8217;Alt Empord\u00e0 en una seu \u00fanica per tots els instituts de la ciutat i pobles propers, convertint aquest acte en una jornada conjunta per tots els centres. Incentivar l\u2019esperit de recerca de l\u2019alumnat i donar suport al professorat tutor en la difusi\u00f3 dels treballs. Ser [&hellip;]<\/p>\n","protected":false},"author":4,"featured_media":0,"parent":13343,"menu_order":15,"comment_status":"closed","ping_status":"closed","template":"","meta":{"_bbp_topic_count":0,"_bbp_reply_count":0,"_bbp_total_topic_count":0,"_bbp_total_reply_count":0,"_bbp_voice_count":0,"_bbp_anonymous_reply_count":0,"_bbp_topic_count_hidden":0,"_bbp_reply_count_hidden":0,"_bbp_forum_subforum_count":0,"site-sidebar-layout":"default","site-content-layout":"","ast-site-content-layout":"default","site-content-style":"default","site-sidebar-style":"default","ast-global-header-display":"","ast-banner-title-visibility":"","ast-main-header-display":"","ast-hfb-above-header-display":"","ast-hfb-below-header-display":"","ast-hfb-mobile-header-display":"","site-post-title":"","ast-breadcrumbs-content":"","ast-featured-img":"","footer-sml-layout":"","theme-transparent-header-meta":"","adv-header-id-meta":"","stick-header-meta":"","header-above-stick-meta":"","header-main-stick-meta":"","header-below-stick-meta":"","astra-migrate-meta-layouts":"set","ast-page-background-enabled":"default","ast-page-background-meta":{"desktop":{"background-color":"var(--ast-global-color-4)","background-image":"","background-repeat":"repeat","background-position":"center center","background-size":"auto","background-attachment":"scroll","background-type":"","background-media":"","overlay-type":"","overlay-color":"","overlay-opacity":"","overlay-gradient":""},"tablet":{"background-color":"","background-image":"","background-repeat":"repeat","background-position":"center center","background-size":"auto","background-attachment":"scroll","background-type":"","background-media":"","overlay-type":"","overlay-color":"","overlay-opacity":"","overlay-gradient":""},"mobile":{"background-color":"","background-image":"","background-repeat":"repeat","background-position":"center center","background-size":"auto","background-attachment":"scroll","background-type":"","background-media":"","overlay-type":"","overlay-color":"","overlay-opacity":"","overlay-gradient":""}},"ast-content-background-meta":{"desktop":{"background-color":"var(--ast-global-color-5)","background-image":"","background-repeat":"repeat","background-position":"center center","background-size":"auto","background-attachment":"scroll","background-type":"","background-media":"","overlay-type":"","overlay-color":"","overlay-opacity":"","overlay-gradient":""},"tablet":{"background-color":"var(--ast-global-color-5)","background-image":"","background-repeat":"repeat","background-position":"center center","background-size":"auto","background-attachment":"scroll","background-type":"","background-media":"","overlay-type":"","overlay-color":"","overlay-opacity":"","overlay-gradient":""},"mobile":{"background-color":"var(--ast-global-color-5)","background-image":"","background-repeat":"repeat","background-position":"center center","background-size":"auto","background-attachment":"scroll","background-type":"","background-media":"","overlay-type":"","overlay-color":"","overlay-opacity":"","overlay-gradient":""}},"footnotes":""},"class_list":["post-16560","page","type-page","status-publish","hentry"],"post_mailing_queue_ids":[],"_links":{"self":[{"href":"https:\/\/serveiseducatius.xtec.cat\/altemporda\/wp-json\/wp\/v2\/pages\/16560","targetHints":{"allow":["GET"]}}],"collection":[{"href":"https:\/\/serveiseducatius.xtec.cat\/altemporda\/wp-json\/wp\/v2\/pages"}],"about":[{"href":"https:\/\/serveiseducatius.xtec.cat\/altemporda\/wp-json\/wp\/v2\/types\/page"}],"author":[{"embeddable":true,"href":"https:\/\/serveiseducatius.xtec.cat\/altemporda\/wp-json\/wp\/v2\/users\/4"}],"replies":[{"embeddable":true,"href":"https:\/\/serveiseducatius.xtec.cat\/altemporda\/wp-json\/wp\/v2\/comments?post=16560"}],"version-history":[{"count":2,"href":"https:\/\/serveiseducatius.xtec.cat\/altemporda\/wp-json\/wp\/v2\/pages\/16560\/revisions"}],"predecessor-version":[{"id":27483,"href":"https:\/\/serveiseducatius.xtec.cat\/altemporda\/wp-json\/wp\/v2\/pages\/16560\/revisions\/27483"}],"up":[{"embeddable":true,"href":"https:\/\/serveiseducatius.xtec.cat\/altemporda\/wp-json\/wp\/v2\/pages\/13343"}],"wp:attachment":[{"href":"https:\/\/serveiseducatius.xtec.cat\/altemporda\/wp-json\/wp\/v2\/media?parent=16560"}],"curies":[{"name":"wp","href":"https:\/\/api.w.org\/{rel}","templated":true}]}}