{"id":16492,"date":"2022-03-02T14:06:17","date_gmt":"2022-03-02T13:06:17","guid":{"rendered":"https:\/\/serveiseducatius.xtec.cat\/altemporda\/?page_id=16492"},"modified":"2026-03-25T14:08:49","modified_gmt":"2026-03-25T13:08:49","slug":"lestatueta","status":"publish","type":"page","link":"https:\/\/serveiseducatius.xtec.cat\/altemporda\/forum-de-treballs-de-recerca-ftr\/lestatueta\/","title":{"rendered":"L&#8217;estatueta"},"content":{"rendered":"\n<figure class=\"wp-block-image aligncenter size-full is-resized\"><img loading=\"lazy\" decoding=\"async\" width=\"1024\" height=\"685\" src=\"https:\/\/serveiseducatius.xtec.cat\/altemporda\/wp-content\/uploads\/usu1156\/2025\/05\/Estatueta-FTR.jpg\" alt=\"\" class=\"wp-image-25680\" style=\"width:488px;height:auto\" srcset=\"https:\/\/serveiseducatius.xtec.cat\/altemporda\/wp-content\/uploads\/usu1156\/2025\/05\/Estatueta-FTR.jpg 1024w, https:\/\/serveiseducatius.xtec.cat\/altemporda\/wp-content\/uploads\/usu1156\/2025\/05\/Estatueta-FTR-300x201.jpg 300w, https:\/\/serveiseducatius.xtec.cat\/altemporda\/wp-content\/uploads\/usu1156\/2025\/05\/Estatueta-FTR-768x514.jpg 768w\" sizes=\"auto, (max-width: 1024px) 100vw, 1024px\" \/><\/figure>\n\n\n\n<h4 class=\"wp-block-heading\"><strong>Simbologia<\/strong>&nbsp;Empord\u00e0&#8230;&#8230;&#8230;&#8230;<\/h4>\n\n\n\n<p>Comarca fronterera i d\u2019esperit obert. Palau del vent, vent fort i fred que ens arriba de l\u2019altra banda dels Pirineus, engendrador de remolins invisibles, de cels clars, nets i transparents. Qui no s\u2019ha deixat captivar pels seus bramuls i brunzits impressionats i eixordadors?<\/p>\n\n\n\n<p>Qui no s\u2019ha deixat seduir per la m\u00e0gica claredat dels cels net\u00edssims, blaus i cristal\u00b7lins que crea al seu pas, i on tots els perfils adquireixen un contorn perfecte?<\/p>\n\n\n\n<p>\u00c9s la&nbsp;<strong>tramuntana<\/strong>, element caracter\u00edstic dins la nostra cultura, que volem que sigui l\u2019emblema d\u2019aquest F\u00f2rum de Treballs de Recerca de l\u2019Alt Empord\u00e0, treballada des del color del ferro, i que com b\u00e9 diu la dita, fa que tots tinguem quelcom d\u2019especial, tamb\u00e9 vosaltres amb els vostres treballs, i que tots \u201cacabem tocats per la tramuntana\u201d.<\/p>\n\n\n\n<p>Voldr\u00edem acabar amb unes paraules de Carles Fages de Climent, fent honor a la nostra terra.<\/p>\n\n\n\n<div class=\"wp-block-group alignwide is-layout-constrained wp-container-core-group-is-layout-1 wp-block-group-is-layout-constrained\" style=\"border-style:none;border-width:0px;margin-top:var(--wp--preset--spacing--30);margin-bottom:var(--wp--preset--spacing--30);padding-top:0;padding-bottom:0;font-size:15px\">\n<p class=\"has-text-align-center\"><strong><em>\u00c9s tan bonic l\u2019Empord\u00e0<\/em><\/strong><\/p>\n\n\n\n<p class=\"has-text-align-center\"><strong><em>ample, esbatanat i llis,<\/em><\/strong><\/p>\n\n\n\n<p class=\"has-text-align-center\"><strong><em>que l\u2019home que escriu m\u00e9s pla<\/em><\/strong><\/p>\n\n\n\n<p class=\"has-text-align-center\"><strong><em>ha apr\u00e8s el nom del pa\u00eds.<\/em><\/strong><\/p>\n\n\n\n<p class=\"has-text-align-center has-small-font-size\">[Figueres, juny de 2009]<\/p>\n<\/div>\n\n\n\n<div class=\"wp-block-media-text is-stacked-on-mobile has-very-light-gray-to-cyan-bluish-gray-gradient-background has-background\" style=\"margin-top:0;margin-bottom:0;padding-top:0;padding-bottom:0;grid-template-columns:15% auto\"><figure class=\"wp-block-media-text__media\"><img loading=\"lazy\" decoding=\"async\" width=\"133\" height=\"179\" src=\"https:\/\/serveiseducatius.xtec.cat\/altemporda\/wp-content\/uploads\/usu1156\/2025\/05\/pilar.jpg\" alt=\"\" class=\"wp-image-25679 size-full\"\/><\/figure><div class=\"wp-block-media-text__content\">\n<div class=\"wp-block-group has-small-font-size is-layout-constrained wp-block-group-is-layout-constrained\">\n<p><strong>Pilar Planellas Sau: <\/strong>Mestra, Llicenciada en Ci\u00e8ncies de l\u2019Educaci\u00f3 per la Universitat Aut\u00f2noma de Barcelona. Postgrau sobre \u201cAdolesc\u00e8ncia en risc social i delinq\u00fc\u00e8ncia\u201d UAB. Postgrau en \u201cGerontologia\u201d, UdG. Cr\u00e8dits de doctorat \u201cAvaluaci\u00f3 en la innovaci\u00f3 educativa\u201d, UdG.<\/p>\n\n\n\n<p>Disposa de les publicacions: <em>&#8220;El projecte de direcci\u00f3&#8221;<\/em> \u2013 Col\u00b7lecci\u00f3 Eines de gesti\u00f3. Departament d\u2019Educaci\u00f3. Generalitat de Catalunya. I&nbsp;<em>&#8220;El proceso de acceso a la direcci\u00f3n&#8221;<\/em>. Ministerio de Educaci\u00f3n y Ciencia. Al marge de l&#8217;educaci\u00f3 t\u00e9 com a passi\u00f3 la m\u00fasica de la qual en t\u00e9 la carrera de solfeig al conservatori \u201cIsaac Alb\u00e9niz\u201d de Girona i l&#8217;obra art\u00edstica.<\/p>\n<\/div>\n<\/div><\/div>\n\n\n\n<div class=\"wp-block-media-text has-media-on-the-right is-stacked-on-mobile has-background\" style=\"background:linear-gradient(135deg,rgb(169,184,195) 0%,rgb(238,238,238) 100%);margin-top:var(--wp--preset--spacing--40);margin-bottom:var(--wp--preset--spacing--40);padding-top:0;padding-bottom:0;grid-template-columns:auto 15%\"><div class=\"wp-block-media-text__content\">\n<p class=\"has-small-font-size\" style=\"border-style:none;border-width:0px;margin-right:0;margin-left:0;padding-right:0;padding-left:0\"><strong>Montse Dabau Rod\u00f3: <\/strong>Mestra i directora de l&#8217;escola de Peralada durant 10 anys. Tamb\u00e9 ha estat professora de secund\u00e0ria a l\u2019Institut Narc\u00eds Monturiol de Figueres en les funcions de cap d&#8217;estudis. Paral\u00b7lelament a la vida laboral, t\u00e9 inquietud en el m\u00f3n de les Belles arts fent cursos monogr\u00e0fics i tallers de diferents t\u00e8cniques per portar-les despr\u00e9s a la pr\u00e0ctica. Dedicaci\u00f3 a la pintura durant 20 anys, fent exposicions a diversos indrets de Catalunya i tamb\u00e9 a Fran\u00e7a.<\/p>\n<\/div><figure class=\"wp-block-media-text__media\"><img loading=\"lazy\" decoding=\"async\" width=\"640\" height=\"895\" src=\"https:\/\/serveiseducatius.xtec.cat\/altemporda\/wp-content\/uploads\/usu1156\/2025\/05\/Montse.jpg\" alt=\"\" class=\"wp-image-25678 size-full\" srcset=\"https:\/\/serveiseducatius.xtec.cat\/altemporda\/wp-content\/uploads\/usu1156\/2025\/05\/Montse.jpg 640w, https:\/\/serveiseducatius.xtec.cat\/altemporda\/wp-content\/uploads\/usu1156\/2025\/05\/Montse-215x300.jpg 215w\" sizes=\"auto, (max-width: 640px) 100vw, 640px\" \/><\/figure><\/div>\n","protected":false},"excerpt":{"rendered":"<p>Simbologia&nbsp;Empord\u00e0&#8230;&#8230;&#8230;&#8230; Comarca fronterera i d\u2019esperit obert. Palau del vent, vent fort i fred que ens arriba de l\u2019altra banda dels Pirineus, engendrador de remolins invisibles, de cels clars, nets i transparents. Qui no s\u2019ha deixat captivar pels seus bramuls i brunzits impressionats i eixordadors? Qui no s\u2019ha deixat seduir per la m\u00e0gica claredat dels cels [&hellip;]<\/p>\n","protected":false},"author":4,"featured_media":0,"parent":13343,"menu_order":0,"comment_status":"closed","ping_status":"closed","template":"","meta":{"_bbp_topic_count":0,"_bbp_reply_count":0,"_bbp_total_topic_count":0,"_bbp_total_reply_count":0,"_bbp_voice_count":0,"_bbp_anonymous_reply_count":0,"_bbp_topic_count_hidden":0,"_bbp_reply_count_hidden":0,"_bbp_forum_subforum_count":0,"site-sidebar-layout":"default","site-content-layout":"","ast-site-content-layout":"default","site-content-style":"default","site-sidebar-style":"default","ast-global-header-display":"","ast-banner-title-visibility":"","ast-main-header-display":"","ast-hfb-above-header-display":"","ast-hfb-below-header-display":"","ast-hfb-mobile-header-display":"","site-post-title":"","ast-breadcrumbs-content":"","ast-featured-img":"","footer-sml-layout":"","theme-transparent-header-meta":"","adv-header-id-meta":"","stick-header-meta":"","header-above-stick-meta":"","header-main-stick-meta":"","header-below-stick-meta":"","astra-migrate-meta-layouts":"set","ast-page-background-enabled":"default","ast-page-background-meta":{"desktop":{"background-color":"var(--ast-global-color-4)","background-image":"","background-repeat":"repeat","background-position":"center center","background-size":"auto","background-attachment":"scroll","background-type":"","background-media":"","overlay-type":"","overlay-color":"","overlay-opacity":"","overlay-gradient":""},"tablet":{"background-color":"","background-image":"","background-repeat":"repeat","background-position":"center center","background-size":"auto","background-attachment":"scroll","background-type":"","background-media":"","overlay-type":"","overlay-color":"","overlay-opacity":"","overlay-gradient":""},"mobile":{"background-color":"","background-image":"","background-repeat":"repeat","background-position":"center center","background-size":"auto","background-attachment":"scroll","background-type":"","background-media":"","overlay-type":"","overlay-color":"","overlay-opacity":"","overlay-gradient":""}},"ast-content-background-meta":{"desktop":{"background-color":"var(--ast-global-color-5)","background-image":"","background-repeat":"repeat","background-position":"center center","background-size":"auto","background-attachment":"scroll","background-type":"","background-media":"","overlay-type":"","overlay-color":"","overlay-opacity":"","overlay-gradient":""},"tablet":{"background-color":"var(--ast-global-color-5)","background-image":"","background-repeat":"repeat","background-position":"center center","background-size":"auto","background-attachment":"scroll","background-type":"","background-media":"","overlay-type":"","overlay-color":"","overlay-opacity":"","overlay-gradient":""},"mobile":{"background-color":"var(--ast-global-color-5)","background-image":"","background-repeat":"repeat","background-position":"center center","background-size":"auto","background-attachment":"scroll","background-type":"","background-media":"","overlay-type":"","overlay-color":"","overlay-opacity":"","overlay-gradient":""}},"footnotes":""},"class_list":["post-16492","page","type-page","status-publish","hentry"],"post_mailing_queue_ids":[],"_links":{"self":[{"href":"https:\/\/serveiseducatius.xtec.cat\/altemporda\/wp-json\/wp\/v2\/pages\/16492","targetHints":{"allow":["GET"]}}],"collection":[{"href":"https:\/\/serveiseducatius.xtec.cat\/altemporda\/wp-json\/wp\/v2\/pages"}],"about":[{"href":"https:\/\/serveiseducatius.xtec.cat\/altemporda\/wp-json\/wp\/v2\/types\/page"}],"author":[{"embeddable":true,"href":"https:\/\/serveiseducatius.xtec.cat\/altemporda\/wp-json\/wp\/v2\/users\/4"}],"replies":[{"embeddable":true,"href":"https:\/\/serveiseducatius.xtec.cat\/altemporda\/wp-json\/wp\/v2\/comments?post=16492"}],"version-history":[{"count":6,"href":"https:\/\/serveiseducatius.xtec.cat\/altemporda\/wp-json\/wp\/v2\/pages\/16492\/revisions"}],"predecessor-version":[{"id":27510,"href":"https:\/\/serveiseducatius.xtec.cat\/altemporda\/wp-json\/wp\/v2\/pages\/16492\/revisions\/27510"}],"up":[{"embeddable":true,"href":"https:\/\/serveiseducatius.xtec.cat\/altemporda\/wp-json\/wp\/v2\/pages\/13343"}],"wp:attachment":[{"href":"https:\/\/serveiseducatius.xtec.cat\/altemporda\/wp-json\/wp\/v2\/media?parent=16492"}],"curies":[{"name":"wp","href":"https:\/\/api.w.org\/{rel}","templated":true}]}}