{"id":16472,"date":"2022-02-24T13:48:49","date_gmt":"2022-02-24T12:48:49","guid":{"rendered":"https:\/\/serveiseducatius.xtec.cat\/altemporda\/?page_id=16472"},"modified":"2024-12-17T09:05:33","modified_gmt":"2024-12-17T08:05:33","slug":"coordinacio-primaria-secundaria-zona-figueres","status":"publish","type":"page","link":"https:\/\/serveiseducatius.xtec.cat\/altemporda\/equips-directius\/coordinacio-primaria-secundaria-zona-figueres\/","title":{"rendered":"Coordinaci\u00f3 Prim\u00e0ria-Secund\u00e0ria (Zona Figueres)"},"content":{"rendered":"<p><img loading=\"lazy\" decoding=\"async\" class=\"aligncenter size-full wp-image-24421\" src=\"https:\/\/serveiseducatius.xtec.cat\/altemporda\/wp-content\/uploads\/usu1156\/2024\/12\/Banner-coordinacio-primaria-secundaria.jpg\" alt=\"\" width=\"747\" height=\"71\" srcset=\"https:\/\/serveiseducatius.xtec.cat\/altemporda\/wp-content\/uploads\/usu1156\/2024\/12\/Banner-coordinacio-primaria-secundaria.jpg 747w, https:\/\/serveiseducatius.xtec.cat\/altemporda\/wp-content\/uploads\/usu1156\/2024\/12\/Banner-coordinacio-primaria-secundaria-300x29.jpg 300w\" sizes=\"auto, (max-width: 747px) 100vw, 747px\" \/><\/p>\n<div>\n<hr \/>\n<h4 class=\"sites-embed-title\"><span style=\"font-size: 18pt;\">Coordinaci\u00f3 Prim\u00e0ria-Secund\u00e0ria: 04-06-2013<\/span><\/h4>\n<div style=\"display: flex; align-items: center; justify-content: center;\">\n<div><iframe loading=\"lazy\" src=\"https:\/\/docs.google.com\/presentation\/d\/1UCxrEyMxH0jCTBEEdtz2JeyWp_D30SioNquPkX_3Fgk\/embed?authuser=1&amp;hl=ca&amp;size=s\" style=\"border:0px #ffffff none;\" name=\"myiFrame\" scrolling=\"no\" frameborder=\"1\" marginheight=\"0px\" marginwidth=\"0px\"  width=\"410\" height=\"337\" allowfullscreen><\/iframe><\/div>\n<\/div>\n<p style=\"text-align: center;\"><a href=\"https:\/\/docs.google.com\/presentation\/d\/1UCxrEyMxH0jCTBEEdtz2JeyWp_D30SioNquPkX_3Fgk\/preview\" target=\"_blank\" rel=\"noopener\"><i>Obre coordinaci\u00f3 prim\u00e0ria secund\u00e0ria 04-06-2013<\/i><\/a><\/p>\n<hr \/>\n<\/div>\n<div style=\"display: flex; align-items: center; justify-content: center;\">\n<div><iframe loading=\"lazy\" src=\"https:\/\/docs.google.com\/a\/xtec.cat\/file\/d\/0B0zHBF5nyE_QVG8wY292OERNTTQ\/preview\" style=\"border:0px #ffffff none;\" name=\"myiFrame\" scrolling=\"no\" frameborder=\"1\" marginheight=\"0px\" marginwidth=\"0px\" height=\"800px\" width=\"600px\" allowfullscreen><\/iframe><\/div>\n<\/div>\n","protected":false},"excerpt":{"rendered":"<p>Coordinaci\u00f3 Prim\u00e0ria-Secund\u00e0ria: 04-06-2013 Obre coordinaci\u00f3 prim\u00e0ria secund\u00e0ria 04-06-2013<\/p>\n","protected":false},"author":4,"featured_media":0,"parent":8807,"menu_order":0,"comment_status":"closed","ping_status":"closed","template":"page-templates\/side-menu.php","meta":{"_bbp_topic_count":0,"_bbp_reply_count":0,"_bbp_total_topic_count":0,"_bbp_total_reply_count":0,"_bbp_voice_count":0,"_bbp_anonymous_reply_count":0,"_bbp_topic_count_hidden":0,"_bbp_reply_count_hidden":0,"_bbp_forum_subforum_count":0,"site-sidebar-layout":"default","site-content-layout":"","ast-site-content-layout":"","site-content-style":"default","site-sidebar-style":"default","ast-global-header-display":"","ast-banner-title-visibility":"","ast-main-header-display":"","ast-hfb-above-header-display":"","ast-hfb-below-header-display":"","ast-hfb-mobile-header-display":"","site-post-title":"","ast-breadcrumbs-content":"","ast-featured-img":"","footer-sml-layout":"","theme-transparent-header-meta":"","adv-header-id-meta":"","stick-header-meta":"","header-above-stick-meta":"","header-main-stick-meta":"","header-below-stick-meta":"","astra-migrate-meta-layouts":"default","ast-page-background-enabled":"default","ast-page-background-meta":{"desktop":{"background-color":"var(--ast-global-color-4)","background-image":"","background-repeat":"repeat","background-position":"center center","background-size":"auto","background-attachment":"scroll","background-type":"","background-media":"","overlay-type":"","overlay-color":"","overlay-opacity":"","overlay-gradient":""},"tablet":{"background-color":"","background-image":"","background-repeat":"repeat","background-position":"center center","background-size":"auto","background-attachment":"scroll","background-type":"","background-media":"","overlay-type":"","overlay-color":"","overlay-opacity":"","overlay-gradient":""},"mobile":{"background-color":"","background-image":"","background-repeat":"repeat","background-position":"center center","background-size":"auto","background-attachment":"scroll","background-type":"","background-media":"","overlay-type":"","overlay-color":"","overlay-opacity":"","overlay-gradient":""}},"ast-content-background-meta":{"desktop":{"background-color":"var(--ast-global-color-5)","background-image":"","background-repeat":"repeat","background-position":"center center","background-size":"auto","background-attachment":"scroll","background-type":"","background-media":"","overlay-type":"","overlay-color":"","overlay-opacity":"","overlay-gradient":""},"tablet":{"background-color":"var(--ast-global-color-5)","background-image":"","background-repeat":"repeat","background-position":"center center","background-size":"auto","background-attachment":"scroll","background-type":"","background-media":"","overlay-type":"","overlay-color":"","overlay-opacity":"","overlay-gradient":""},"mobile":{"background-color":"var(--ast-global-color-5)","background-image":"","background-repeat":"repeat","background-position":"center center","background-size":"auto","background-attachment":"scroll","background-type":"","background-media":"","overlay-type":"","overlay-color":"","overlay-opacity":"","overlay-gradient":""}},"footnotes":""},"class_list":["post-16472","page","type-page","status-publish","hentry"],"post_mailing_queue_ids":[],"_links":{"self":[{"href":"https:\/\/serveiseducatius.xtec.cat\/altemporda\/wp-json\/wp\/v2\/pages\/16472","targetHints":{"allow":["GET"]}}],"collection":[{"href":"https:\/\/serveiseducatius.xtec.cat\/altemporda\/wp-json\/wp\/v2\/pages"}],"about":[{"href":"https:\/\/serveiseducatius.xtec.cat\/altemporda\/wp-json\/wp\/v2\/types\/page"}],"author":[{"embeddable":true,"href":"https:\/\/serveiseducatius.xtec.cat\/altemporda\/wp-json\/wp\/v2\/users\/4"}],"replies":[{"embeddable":true,"href":"https:\/\/serveiseducatius.xtec.cat\/altemporda\/wp-json\/wp\/v2\/comments?post=16472"}],"version-history":[{"count":6,"href":"https:\/\/serveiseducatius.xtec.cat\/altemporda\/wp-json\/wp\/v2\/pages\/16472\/revisions"}],"predecessor-version":[{"id":24423,"href":"https:\/\/serveiseducatius.xtec.cat\/altemporda\/wp-json\/wp\/v2\/pages\/16472\/revisions\/24423"}],"up":[{"embeddable":true,"href":"https:\/\/serveiseducatius.xtec.cat\/altemporda\/wp-json\/wp\/v2\/pages\/8807"}],"wp:attachment":[{"href":"https:\/\/serveiseducatius.xtec.cat\/altemporda\/wp-json\/wp\/v2\/media?parent=16472"}],"curies":[{"name":"wp","href":"https:\/\/api.w.org\/{rel}","templated":true}]}}