{"id":16463,"date":"2022-02-24T13:27:07","date_gmt":"2022-02-24T12:27:07","guid":{"rendered":"https:\/\/serveiseducatius.xtec.cat\/altemporda\/?page_id=16463"},"modified":"2022-02-24T13:27:07","modified_gmt":"2022-02-24T12:27:07","slug":"reunions-amb-les-families-pimaria","status":"publish","type":"page","link":"https:\/\/serveiseducatius.xtec.cat\/altemporda\/equips-directius\/reunions-amb-les-families-pimaria\/","title":{"rendered":"Reunions amb les fam\u00edlies Pim\u00e0ria"},"content":{"rendered":"<p><span style=\"color: #008000; font-size: 14pt;\"><strong>Avui toca&#8230; Reuni\u00f3 amb les fam\u00edlies. PRIM\u00c0RIA<\/strong><\/span><\/p>\n<p><span style=\"font-size: 12pt;\">Un cop iniciat el nou curs escolar \u00e9s molt important que, des del primer dia, fam\u00edlia i escola caminem en la mateixa direcci\u00f3. El di\u00e0leg i col\u00b7laboraci\u00f3 entre pares i mestres ha de ser permanent i cal que funcionem com un equip.<br \/>\nLa reuni\u00f3 d\u2019inici de curs \u00e9s la primera ocasi\u00f3 que tenim per reunir-nos amb les fam\u00edlies dels alumnes amb qui treballarem durant tot el curs. \u00c9s important poder fer un bon primer contacte i establir un clima de col\u00b7laboraci\u00f3 entre tots.<br \/>\nCom redissenyar les reunions amb les fam\u00edlies?Quin \u00e9s el prop\u00f2sit de la xerrada? Estem satisfets de les reunions de nivell que fem al nostre centre educatiu? Ens serveixen per compartir el projecte de centre amb les fam\u00edlies? Com passar de les reunions informatives a reunions amb contingut pedag\u00f2gic? Podem generar debat pedag\u00f2gic amb les fam\u00edlies? Les reunions de nivell ens poden ajudar a millorar la qualitat dels vincles entre els docents i les fam\u00edlies? Com fer que les fam\u00edlies en situacions m\u00e9s desafavorides participin en aquestes reunions i acompanyin els seus fills en la seva traject\u00f2ria educativa?<\/span><\/p>\n<div><\/div>\n<div>\n<div>\n<p dir=\"ltr\"><b><span lang=\"CA\"><span style=\"color: #cc0000; font-size: medium;\">Ponent: <\/span><\/span><\/b><b><span lang=\"CA\">ALBA CASTELLV\u00cd<\/span><\/b><\/p>\n<\/div>\n<div>\n<div>\n<p><a href=\"http:\/\/www.albacastellvi.cat\/wp-content\/uploads\/2016\/01\/foto-alba4-400x447.png\" rel=\"nofollow\"><img loading=\"lazy\" decoding=\"async\" class=\"alignleft\" src=\"http:\/\/www.albacastellvi.cat\/wp-content\/uploads\/2016\/01\/foto-alba4-400x447.png\" width=\"125\" height=\"150\" border=\"0\" \/><\/a><\/p>\n<p><span style=\"font-size: 12pt;\"><span style=\"color: #000000;\">\u00c9s educadora, soci\u00f2loga i mediadora.Ha fet tallers, confer\u00e8ncies i sessions particulars\u00a0sobre l\u2019assessorament de pares i mares.\u00a0Ha treballat en equips d\u2019investigaci\u00f3 universitaris i ha impartit classes a les facultats d\u2019Educaci\u00f3 Social i de Sociologia.Est\u00e0 especialitzada en la gesti\u00f3 dialogada de conflictes i la mediaci\u00f3.Tamb\u00e9 es dedica a impartir l\u2019ensenyament de la mediaci\u00f3 a m\u00e0sters i postgraus.<\/span><\/span><\/p>\n<p><span lang=\"CA\" style=\"font-size: 12pt;\"><span style=\"color: #000000;\">Ha publicat els llibres\u00a0Un cistell de cireres. Set contes petits per fer-nos grans,\u00a0(Estrella Polar) i\u00a0\u00a0Educar sense cridar. Acompanyant els fills d\u2019entre quatre i dotze anys en el cam\u00ed cap a l\u2019autonomia\u00a0(Angle Editorial).<\/span><\/span><\/p>\n<p><span style=\"font-size: 12pt;\">Per tal de fer una bona reuni\u00f3 d\u2019inici de curs, ens caldr\u00e0 primer disposar d\u2019una diagnosi del que fem.<\/span><\/p>\n<div><span style=\"font-size: small;\"><a href=\"https:\/\/docs.google.com\/forms\/d\/e\/1FAIpQLSeTs0ULDhWXiCY_-IxgKU04h-OSIQWzUze_GPeDdGRr-qjsPA\/viewform\" target=\"_blank\" rel=\"noopener\"><img loading=\"lazy\" decoding=\"async\" class=\"aligncenter\" src=\"https:\/\/sites.google.com\/a\/xtec.cat\/seae\/_\/rsrc\/1531206504015\/inspeccio\/reunions-amb-les-families\/Imagen3.png?height=64&amp;width=200\" alt=\"https:\/\/docs.google.com\/forms\/d\/e\/1FAIpQLSeTs0ULDhWXiCY_-IxgKU04h-OSIQWzUze_GPeDdGRr-qjsPA\/viewform\" width=\"200\" height=\"64\" border=\"0\" \/><\/a>\u00a0 \u00a0 \u00a0 \u00a0 \u00a0 \u00a0<a href=\"https:\/\/docs.google.com\/forms\/d\/e\/1FAIpQLSeuQf4R8XJF_5rpB7VLQZq-dn-UlbEGJ0npAnZrjJLkhDME4A\/viewform\" target=\"_blank\" rel=\"noopener\"><img loading=\"lazy\" decoding=\"async\" class=\"aligncenter\" src=\"https:\/\/sites.google.com\/a\/xtec.cat\/seae\/_\/rsrc\/1531206504015\/inspeccio\/reunions-amb-les-families\/Imagen2.png?height=75&amp;width=200\" width=\"200\" height=\"75\" border=\"0\" \/><\/a><\/span><\/div>\n<p>Quines orientacions ens aconsella el Departament d&#8217;Ensenyament?<\/p>\n<\/div>\n<\/div>\n<div>\n<div class=\"sites-embed-align-center-wrapping-off\">\n<div class=\"sites-embed-border-off sites-embed sites-embed-full-width\">\n<div class=\"sites-embed-content sites-embed-type-ggs-gadget\"><iframe loading=\"lazy\" id=\"2048175943\" class=\"igm\" title=\"Embed gadget\" src=\"https:\/\/jujo00obo2o234ungd3t8qjfcjrs3o6k-a-sites-opensocial.googleusercontent.com\/gadgets\/ifr?url=http:\/\/www.gstatic.com\/sites-gadgets\/embed\/embed.xml&amp;container=enterprise&amp;view=home&amp;lang=ca&amp;country=ALL&amp;sanitize=0&amp;v=e158835fc117315e&amp;libs=core:dynamic-height:setprefs&amp;mid=73&amp;parent=https:\/\/sites.google.com\/a\/xtec.cat\/seae\/inspeccio\/reunions-amb-les-families#up_embed_snippet=%3Ciframe+src%3D%22https:\/\/drive.google.com\/file\/d\/0BwWS2klD23wdSW5mWGUxVGctclU\/preview%22+width%3D%22640%22+height%3D%22480%22%3E%3C\/iframe%3E&amp;st=e%3DAIHE3cA70Ta0B9NjmcbHbbwWDTunDpSGaTBkizU2maeXCzf%252FwI59qbCumEvyLFVfWBfIAvOWCtYDcC8NrVkBzB9vxSybYwIfjMVs8JZDSOuCNT7zISb04DjnV993CC1ZkznI%252BZWfdGF0%26c%3Denterprise&amp;rpctoken=-5091849955439501592\" name=\"2048175943\" width=\"100%\" height=\"400\" frameborder=\"0\" scrolling=\"no\" data-ruffle-polyfilled=\"\" data-mce-fragment=\"1\"><\/iframe><\/div>\n<\/div>\n<\/div>\n<\/div>\n<div><\/div>\n<div><\/div>\n<div><span style=\"color: #cc0000; font-family: Tahoma; font-size: medium;\"><b> Redissenyem les reunions amb les fam\u00edlies amb la Fundaci\u00f3 Jaume Bofill<\/b><\/span><\/div>\n<div><\/div>\n<div>\n<div>\n<div class=\"sites-embed-align-center-wrapping-off\">\n<div class=\"sites-embed-border-off sites-embed\">\n<div class=\"sites-embed-content sites-embed-type-youtube\" style=\"text-align: center;\"><iframe loading=\"lazy\" class=\"youtube-player\" title=\"YouTube video player\" src=\"https:\/\/www.youtube.com\/embed\/HvL9FDnO5YU?rel=0&amp;wmode=opaque\" width=\"480\" height=\"270\" frameborder=\"0\" allowfullscreen=\"allowfullscreen\" data-ruffle-polyfilled=\"\" data-mce-fragment=\"1\"><\/iframe><\/div>\n<\/div>\n<\/div>\n<div class=\"sites-embed-align-center-wrapping-off\">\n<div class=\"sites-embed-border-off sites-embed\">\n<div class=\"sites-embed-content sites-embed-type-youtube\" style=\"text-align: center;\"><iframe loading=\"lazy\" class=\"youtube-player\" title=\"YouTube video player\" src=\"https:\/\/www.youtube.com\/embed\/zm3hvb9fs2A?rel=0&amp;wmode=opaque\" width=\"480\" height=\"270\" frameborder=\"0\" allowfullscreen=\"allowfullscreen\" data-ruffle-polyfilled=\"\" data-mce-fragment=\"1\"><\/iframe><\/div>\n<\/div>\n<\/div>\n<\/div>\n<\/div>\n<div><\/div>\n<div><span style=\"color: #cc0000; font-family: Tahoma; font-size: medium;\"><b> Guia: Redissenyem les reunions amb les fam\u00edlies<\/b><\/span><\/div>\n<div style=\"text-align: center;\"><\/div>\n<div>\n<div class=\"sites-embed-align-center-wrapping-off\">\n<div class=\"sites-embed-border-on sites-embed\">\n<div class=\"sites-embed-content sites-embed-type-ggs-gadget\">\n<div style=\"text-align: center;\"><iframe loading=\"lazy\" id=\"890242595\" class=\"igm\" title=\"Include gadget (iframe)\" src=\"https:\/\/tal2tot4uenli8d3lphbjvrrl237cfes-a-sites-opensocial.googleusercontent.com\/gadgets\/ifr?url=http:\/\/hosting.gmodules.com\/ig\/gadgets\/file\/106581606564100174314\/iframe.xml&amp;container=enterprise&amp;view=default&amp;lang=ca&amp;country=ALL&amp;sanitize=0&amp;v=370b5e9b1ca9f70&amp;libs=core:dynamic-height:setprefs&amp;mid=96&amp;parent=https:\/\/sites.google.com\/a\/xtec.cat\/seae\/inspeccio\/reunions-amb-les-families#up_scroll=auto&amp;up_iframeURL=https:\/\/drive.google.com\/file\/d\/1RvpgaW0ZGBvyYsDkt8UL4oBXKuZWwYx4\/preview&amp;st=e%3DAIHE3cBU97yW7t3eq5f9FjLD1%252BC%252BVVaDa3vwPhfgQpelefSxfCIvElCAWG8Uy41SyXfJ8jrDlujSLFgWjfxSI8QzzBT64ATiom26soGTWQwwGY%252BU4VtGfentfVnhCsbl8mVsk%252FFBuy48%26c%3Denterprise&amp;rpctoken=-8953958527618321810\" name=\"890242595\" width=\"600\" height=\"400\" frameborder=\"0\" scrolling=\"no\" data-ruffle-polyfilled=\"\" data-mce-fragment=\"1\"><\/iframe><\/div>\n<\/div>\n<\/div>\n<\/div>\n<\/div>\n<div><\/div>\n<div><\/div>\n<div><span style=\"font-family: Tahoma; font-size: medium;\"><span style=\"color: #cc0000;\"><b> Fotografies del cicle de xerrades<\/b><\/span><\/span><\/div>\n<div><\/div>\n<div>\u00a0 \u00a0 \u00a0 \u00a0<img decoding=\"async\" src=\"https:\/\/lh3.googleusercontent.com\/-lZhgPJziV3k\/WiEGBNckteI\/AAAAAAAANV8\/fqYCLX31EtsDP7i0mXFKihCpp57ts_TtgCMQCGAYYCw\/s200\/IMG_8831.JPG\" border=\"0\" \/>\u00a0 \u00a0 \u00a0 \u00a0 \u00a0 \u00a0 \u00a0\u00a0<img decoding=\"async\" src=\"https:\/\/lh3.googleusercontent.com\/-SVluU94EASg\/WiEGBL3He_I\/AAAAAAAANW0\/oURPOzxIF3cfJuCcxKfmLWZJ1ze2-wahwCMQCGAYYCw\/s200\/foto%2B2.JPG\" border=\"0\" \/>\u00a0 \u00a0 \u00a0 \u00a0 \u00a0<img decoding=\"async\" src=\"https:\/\/lh3.googleusercontent.com\/-SufoanUKcI4\/WiEGBDPVwnI\/AAAAAAAANW0\/0oGG5Z3pSGQgu6M62kJhQqCIpK-tqEfUQCMQCGAYYCw\/s200\/foto%2B1.JPG\" border=\"0\" \/>\u00a0 \u00a0<img decoding=\"async\" src=\"https:\/\/lh3.googleusercontent.com\/-DMHeyiV5D20\/WiEGBFJ3S7I\/AAAAAAAANW0\/5Td-1nrHHTkLQBEMEhJ5iTBV_9er9TWjwCMQCGAYYCw\/s200\/DSC_0426.jpg\" border=\"0\" \/>\u00a0 \u00a0<img decoding=\"async\" src=\"https:\/\/lh3.googleusercontent.com\/-PCcBM3a4ZQ8\/WiEGBFrK3OI\/AAAAAAAANW0\/0FvZToT2cQEDArXswkGVUTYBud9YziGgwCMQCGAYYCw\/s200\/DSC_0433.jpg\" border=\"0\" \/>\u00a0 \u00a0<img decoding=\"async\" src=\"https:\/\/lh3.googleusercontent.com\/--_OJSV9w5ng\/WiEGBAZw-bI\/AAAAAAAANW0\/WjMEumHvEpY39gyo6hGozD3kuwMY5iE3QCMQCGAYYCw\/s200\/DSC_0539.jpg\" border=\"0\" \/><\/div>\n<div><\/div>\n<div><\/div>\n<div><\/div>\n<div><img loading=\"lazy\" decoding=\"async\" src=\"https:\/\/drive.google.com\/a\/xtec.cat\/uc?id=0B0zHBF5nyE_QdDQwWkxZY2Rrd3dqSTZIYk1KVDdYT2RrR0Fn&amp;export=download\" width=\"200\" height=\"112\" border=\"0\" \/>\u00a0 \u00a0<img loading=\"lazy\" decoding=\"async\" src=\"https:\/\/drive.google.com\/a\/xtec.cat\/uc?id=0B0zHBF5nyE_QSjVfWDY5RnVHb2VPd2loR3h2ZXRYZjdRV2xF&amp;export=download\" width=\"200\" height=\"112\" border=\"0\" \/>\u00a0 \u00a0<img loading=\"lazy\" decoding=\"async\" src=\"https:\/\/drive.google.com\/a\/xtec.cat\/uc?id=0B0zHBF5nyE_QbkE0dFlhTTN1WTdabnRoN2VPTHhWS196RmRV&amp;export=download\" width=\"200\" height=\"150\" border=\"0\" \/>\u00a0 \u00a0<img decoding=\"async\" src=\"https:\/\/lh3.googleusercontent.com\/-657Mlv6liJI\/WiEGBDufB_I\/AAAAAAAANW4\/LRWKimqNnPMRVLt73BrSs4QzvTiK7chNQCMQCGAYYCw\/s200\/IMG_8874.JPG\" border=\"0\" \/>\u00a0 \u00a0 \u00a0 \u00a0 \u00a0<img decoding=\"async\" src=\"https:\/\/lh3.googleusercontent.com\/-lYA_VMf8GNI\/WiEGBLOGGsI\/AAAAAAAANW4\/ZVCQ_Y7RVO0pQvekzT1X6WF1MfdSV-x_gCMQCGAYYCw\/s200\/foto%2B3.JPG\" border=\"0\" \/>\u00a0 \u00a0 \u00a0 \u00a0 \u00a0<img loading=\"lazy\" decoding=\"async\" src=\"https:\/\/drive.google.com\/a\/xtec.cat\/uc?id=0B0zHBF5nyE_QSmxkN0ZSYWplY0pkMVh5aTJ6U2NBZWlGT0dF&amp;export=download\" width=\"200\" height=\"112\" border=\"0\" \/><\/div>\n<div><\/div>\n<\/div>\n<div>\n<div><\/div>\n<\/div>\n<div><\/div>\n<div>\n<div>\n<div>\n<div>\n<div><a href=\"https:\/\/sites.google.com\/a\/xtec.cat\/seae\/inspeccio\/reunions-amb-les-families\/2017-12-20-PHOTO-00000109.jpg?attredirects=0\"><img loading=\"lazy\" decoding=\"async\" src=\"https:\/\/sites.google.com\/a\/xtec.cat\/seae\/_\/rsrc\/1531206504015\/inspeccio\/reunions-amb-les-families\/2017-12-20-PHOTO-00000109.jpg?height=112&amp;width=200\" width=\"200\" height=\"112\" border=\"0\" \/> \u00a0 <\/a><img loading=\"lazy\" decoding=\"async\" src=\"https:\/\/sites.google.com\/a\/xtec.cat\/seae\/_\/rsrc\/1531206504015\/inspeccio\/reunions-amb-les-families\/DSC_0703.JPG?height=112&amp;width=200\" width=\"200\" height=\"112\" border=\"0\" \/>\u00a0 \u00a0<img loading=\"lazy\" decoding=\"async\" src=\"https:\/\/drive.google.com\/a\/xtec.cat\/uc?id=0BwWS2klD23wdZTBjR2ZUQUpwclZ3MEFXcmVpbFVfZG1kMF9N&amp;export=download\" width=\"200\" height=\"150\" border=\"0\" \/><\/div>\n<\/div>\n<div style=\"text-align: center;\"><\/div>\n<p><b> <\/b><\/div>\n<\/div>\n<\/div>\n<div>\n<div style=\"text-align: center;\"><\/div>\n<div class=\"sites-embed-align-center-wrapping-off\">\n<div class=\"sites-embed-border-off sites-embed\">\n<div class=\"sites-embed-content sites-embed-type-youtube\" style=\"text-align: center;\"><iframe loading=\"lazy\" class=\"youtube-player\" title=\"YouTube video player\" src=\"https:\/\/www.youtube.com\/embed\/ByO_Gvfo-GI?rel=0&amp;wmode=opaque\" width=\"560\" height=\"315\" frameborder=\"0\" allowfullscreen=\"allowfullscreen\" data-ruffle-polyfilled=\"\" data-mce-fragment=\"1\"><\/iframe><\/div>\n<\/div>\n<\/div>\n<div><\/div>\n<\/div>\n<p><span style=\"color: #de2323;\"><b><span style=\"font-family: Tahoma; font-size: medium;\"><span style=\"color: #cc0000;\">Resultat de l&#8217;actuaci\u00f3<\/span><\/span><\/b><\/span><\/p>\n<ul>\n<li><span style=\"color: #000000; font-family: Tahoma;\"><span style=\"font-size: medium;\">Participaci\u00f3 dels centres de la comarca <\/span><span style=\"font-size: small;\">(<a href=\"https:\/\/drive.google.com\/file\/d\/1WNS2NbcYPsC6ucd6c_m7Nj-CCLU1hVe_\/preview\" target=\"_blank\" rel=\"noopener\">pdf<\/a>)<\/span><\/span><\/li>\n<li><span style=\"color: #000000; font-family: Tahoma;\"><span style=\"font-size: medium;\">Valoraci\u00f3 de la proposta formativa diapositiva 4 i 5 <\/span><span style=\"font-size: small;\">(<a href=\"https:\/\/drive.google.com\/file\/d\/1aKUhBGy3H3XyaULHrFnUqhc82RAyBDy1\/preview\" target=\"_blank\" rel=\"noopener\">pdf<\/a>)<\/span><\/span><\/li>\n<li><span style=\"color: #000000; font-family: Tahoma;\"><span style=\"font-size: medium;\">Buidatge enquesta equips directius <\/span><span style=\"font-size: small;\">(<a href=\"https:\/\/drive.google.com\/file\/d\/1aKUhBGy3H3XyaULHrFnUqhc82RAyBDy1\/preview\" target=\"_blank\" rel=\"noopener\">pdf<\/a>)<\/span><\/span><\/li>\n<\/ul>\n<div><\/div>\n<div><span style=\"color: #cc0000; font-family: Tahoma; font-size: medium;\"><b> Articles d&#8217;inter\u00e8s<\/b><\/span><\/div>\n<div>\n<ul>\n<li><span style=\"font-size: 12pt;\"><a href=\"http:\/\/www.fbofill.cat\/sites\/default\/files\/555.pdf\" target=\"_blank\" rel=\"nofollow noopener\">Collet, J., &amp; Tort, A. (2011).\u00a0<i>Fam\u00edlies, escola i \u00e8xit: millorar els vincles per millorar els resultats<\/i>. Fundaci\u00f3 Jaume Bofill.<\/a><\/span><\/li>\n<li><span style=\"font-size: 12pt;\"><a href=\"http:\/\/revistas.um.es\/reifop\/article\/view\/199321\/182211\" target=\"_blank\" rel=\"nofollow noopener\">Grau, M. A. G., &amp; Barrio, B. P. (2015). La participaci\u00f3n de las familias en el sistema educativo: la percepci\u00f3n del profesorado en formaci\u00f3n.\u00a0<i>Revista Electr\u00f3nica Interuniversitaria de Formaci\u00f3n del Profesorado<\/i>,\u00a0<i>18<\/i>(3), 99-112.<\/a><\/span><\/li>\n<li><span style=\"font-size: 12pt;\"><a href=\"https:\/\/play.google.com\/store\/books\/details?id=FbT5FlC2j_8C&amp;rdid=book-FbT5FlC2j_8C&amp;rdot=1&amp;source=gbs_vpt_read&amp;pcampaignid=books_booksearch_viewport\" target=\"_blank\" rel=\"noopener\">Garreta, J. (2007).\u00a0<i>Relaci\u00f3n familia-escuela<\/i>. Universitat de Lleida.<\/a><\/span><\/li>\n<li><span style=\"font-size: 12pt;\"><a href=\"http:\/\/debats.cat\/sites\/default\/files\/debats\/pdf\/kidder_1.pdf\" target=\"_blank\" rel=\"nofollow noopener\">Kidder, A. (2013).\u00a0<i>El Paper de les fam\u00edlies en la millora de l&#8217;escola i del sistema educatiu<\/i>. Fundaci\u00f3 Jaume Bofill.<\/a><\/span><\/li>\n<li><span style=\"font-size: 12pt;\"><a href=\"http:\/\/www.fbofill.cat\/publicacions\/com-redissenyar-les-reunions-amb-les-families\" rel=\"nofollow\">http:\/\/www.fbofill.cat\/publicacions\/com-redissenyar-les-reunions-amb-les-families<\/a><\/span><\/li>\n<li><span style=\"font-size: 12pt;\"><a href=\"http:\/\/bloc.edubcn.cat\/2016\/09\/com-millorar-les-reunions-amb-les-families\/#.WgLosWjWzcs\" rel=\"nofollow\">http:\/\/bloc.edubcn.cat\/2016\/09\/com-millorar-les-reunions-amb-les-families\/#.WgLosWjWzcs<\/a><\/span><\/li>\n<li><span style=\"font-size: 12pt;\"><a href=\"http:\/\/www.educaciodema.cat\/crides\/Families\/guia-practica\" target=\"_blank\" rel=\"nofollow noopener\">Crida Fundaci\u00f3 Jaume Bofill<\/a><\/span><\/li>\n<\/ul>\n<\/div>\n<div><b> Entrevista entre el tutor\/a i les fam\u00edlies<\/b><\/div>\n<div>\n<ul>\n<li><span style=\"font-size: 12pt;\"><a href=\"http:\/\/www.educat.cat\/blog\/?p=1683\" target=\"_blank\" rel=\"nofollow noopener\">L&#8217;entrevista amb les fam\u00edlies des de l&#8217;enfocament de la\u00a0pedagogia sist\u00e8mica<\/a><\/span><\/li>\n<li><span style=\"font-size: 12pt;\"><a href=\"http:\/\/xtec.gencat.cat\/web\/.content\/alfresco\/d\/d\/workspace\/SpacesStore\/0058\/82f09454-0824-4678-99f3-2fb103742b3c\/ENTREVISTA-INICIAL.pdf\" target=\"_blank\" rel=\"nofollow noopener\">L&#8217;entrevista inicial: una eina de comunicaci\u00f3 i informaci\u00f3<\/a><\/span><\/li>\n<li><span style=\"font-size: 12pt;\"><a href=\"http:\/\/xtec.gencat.cat\/web\/.content\/alfresco\/d\/d\/workspace\/SpacesStore\/0041\/318076d6-2227-460b-be24-aae73606a4a1\/Accio-tutorial-compartida.pdf\" target=\"_blank\" rel=\"nofollow noopener\">L&#8217;acci\u00f3 tutorial compartida<\/a><\/span><\/li>\n<li><span style=\"font-size: 12pt;\"><a href=\"http:\/\/www3.udg.edu\/ice\/novells\/secundaria\/Model%20d%27entrevista.pdf\" target=\"_blank\" rel=\"nofollow noopener\">Model d&#8217;entrevista del tutor\/a amb els pares<\/a><\/span><\/li>\n<li><span style=\"font-size: 12pt;\"><a href=\"http:\/\/ferdemestres.blogspot.com.es\/2012\/11\/reflexions-sobre-les-entrevistes.html\" target=\"_blank\" rel=\"noopener\">Reflexions sobre les entrevistes<\/a><\/span><\/li>\n<\/ul>\n<\/div>\n<div>\n<div><span style=\"color: #cc0000; font-family: Tahoma; font-size: medium;\"><b> Calendari de xerrades<\/b><\/span><\/div>\n<div><\/div>\n<div>\n<div class=\"sites-embed-align-center-wrapping-off\">\n<div class=\"sites-embed-border-off sites-embed\">\n<div class=\"sites-embed-content sites-embed-type-ggs-gadget\">\n<div><iframe loading=\"lazy\" id=\"706548374\" class=\"igm\" title=\"Include gadget (iframe)\" src=\"https:\/\/tal2tot4uenli8d3lphbjvrrl237cfes-a-sites-opensocial.googleusercontent.com\/gadgets\/ifr?url=http:\/\/hosting.gmodules.com\/ig\/gadgets\/file\/106581606564100174314\/iframe.xml&amp;container=enterprise&amp;view=default&amp;lang=ca&amp;country=ALL&amp;sanitize=0&amp;v=370b5e9b1ca9f70&amp;libs=core:dynamic-height:setprefs&amp;mid=168&amp;parent=https:\/\/sites.google.com\/a\/xtec.cat\/seae\/inspeccio\/reunions-amb-les-families#up_scroll=auto&amp;up_iframeURL=https:\/\/drive.google.com\/file\/d\/1VCFvn62hPDdOUuhj1BdiTavV9GtS49Kf\/preview&amp;st=e%3DAIHE3cChy%252FrgBupIcKDeKFHBVnSviO2X%252FZQltaBB6J%252FdZP9WFxHTkKt2rFoXExgjSI96n%252BATAnwPMq01dN7zF7ZEG2zZzr39nkH1CvSWndHNRAjQPrsoqTPjmS36BQV7lUyMkZJ%252F18jd%26c%3Denterprise&amp;rpctoken=-5915864432686141307\" name=\"706548374\" width=\"600\" height=\"800\" frameborder=\"0\" scrolling=\"no\" data-ruffle-polyfilled=\"\" data-mce-fragment=\"1\"><\/iframe><\/div>\n<\/div>\n<\/div>\n<\/div>\n<\/div>\n<\/div>\n","protected":false},"excerpt":{"rendered":"<p>Avui toca&#8230; Reuni\u00f3 amb les fam\u00edlies. PRIM\u00c0RIA Un cop iniciat el nou curs escolar \u00e9s molt important que, des del primer dia, fam\u00edlia i escola caminem en la mateixa direcci\u00f3. El di\u00e0leg i col\u00b7laboraci\u00f3 entre pares i mestres ha de ser permanent i cal que funcionem com un equip. La reuni\u00f3 d\u2019inici de curs \u00e9s [&hellip;]<\/p>\n","protected":false},"author":4,"featured_media":0,"parent":8807,"menu_order":0,"comment_status":"closed","ping_status":"closed","template":"","meta":{"_bbp_topic_count":0,"_bbp_reply_count":0,"_bbp_total_topic_count":0,"_bbp_total_reply_count":0,"_bbp_voice_count":0,"_bbp_anonymous_reply_count":0,"_bbp_topic_count_hidden":0,"_bbp_reply_count_hidden":0,"_bbp_forum_subforum_count":0,"site-sidebar-layout":"default","site-content-layout":"","ast-site-content-layout":"","site-content-style":"default","site-sidebar-style":"default","ast-global-header-display":"","ast-banner-title-visibility":"","ast-main-header-display":"","ast-hfb-above-header-display":"","ast-hfb-below-header-display":"","ast-hfb-mobile-header-display":"","site-post-title":"","ast-breadcrumbs-content":"","ast-featured-img":"","footer-sml-layout":"","theme-transparent-header-meta":"","adv-header-id-meta":"","stick-header-meta":"","header-above-stick-meta":"","header-main-stick-meta":"","header-below-stick-meta":"","astra-migrate-meta-layouts":"default","ast-page-background-enabled":"default","ast-page-background-meta":{"desktop":{"background-color":"var(--ast-global-color-4)","background-image":"","background-repeat":"repeat","background-position":"center center","background-size":"auto","background-attachment":"scroll","background-type":"","background-media":"","overlay-type":"","overlay-color":"","overlay-opacity":"","overlay-gradient":""},"tablet":{"background-color":"","background-image":"","background-repeat":"repeat","background-position":"center center","background-size":"auto","background-attachment":"scroll","background-type":"","background-media":"","overlay-type":"","overlay-color":"","overlay-opacity":"","overlay-gradient":""},"mobile":{"background-color":"","background-image":"","background-repeat":"repeat","background-position":"center center","background-size":"auto","background-attachment":"scroll","background-type":"","background-media":"","overlay-type":"","overlay-color":"","overlay-opacity":"","overlay-gradient":""}},"ast-content-background-meta":{"desktop":{"background-color":"var(--ast-global-color-5)","background-image":"","background-repeat":"repeat","background-position":"center center","background-size":"auto","background-attachment":"scroll","background-type":"","background-media":"","overlay-type":"","overlay-color":"","overlay-opacity":"","overlay-gradient":""},"tablet":{"background-color":"var(--ast-global-color-5)","background-image":"","background-repeat":"repeat","background-position":"center center","background-size":"auto","background-attachment":"scroll","background-type":"","background-media":"","overlay-type":"","overlay-color":"","overlay-opacity":"","overlay-gradient":""},"mobile":{"background-color":"var(--ast-global-color-5)","background-image":"","background-repeat":"repeat","background-position":"center center","background-size":"auto","background-attachment":"scroll","background-type":"","background-media":"","overlay-type":"","overlay-color":"","overlay-opacity":"","overlay-gradient":""}},"footnotes":""},"class_list":["post-16463","page","type-page","status-publish","hentry"],"post_mailing_queue_ids":[],"_links":{"self":[{"href":"https:\/\/serveiseducatius.xtec.cat\/altemporda\/wp-json\/wp\/v2\/pages\/16463","targetHints":{"allow":["GET"]}}],"collection":[{"href":"https:\/\/serveiseducatius.xtec.cat\/altemporda\/wp-json\/wp\/v2\/pages"}],"about":[{"href":"https:\/\/serveiseducatius.xtec.cat\/altemporda\/wp-json\/wp\/v2\/types\/page"}],"author":[{"embeddable":true,"href":"https:\/\/serveiseducatius.xtec.cat\/altemporda\/wp-json\/wp\/v2\/users\/4"}],"replies":[{"embeddable":true,"href":"https:\/\/serveiseducatius.xtec.cat\/altemporda\/wp-json\/wp\/v2\/comments?post=16463"}],"version-history":[{"count":1,"href":"https:\/\/serveiseducatius.xtec.cat\/altemporda\/wp-json\/wp\/v2\/pages\/16463\/revisions"}],"predecessor-version":[{"id":16465,"href":"https:\/\/serveiseducatius.xtec.cat\/altemporda\/wp-json\/wp\/v2\/pages\/16463\/revisions\/16465"}],"up":[{"embeddable":true,"href":"https:\/\/serveiseducatius.xtec.cat\/altemporda\/wp-json\/wp\/v2\/pages\/8807"}],"wp:attachment":[{"href":"https:\/\/serveiseducatius.xtec.cat\/altemporda\/wp-json\/wp\/v2\/media?parent=16463"}],"curies":[{"name":"wp","href":"https:\/\/api.w.org\/{rel}","templated":true}]}}