{"id":16416,"date":"2022-02-24T11:56:50","date_gmt":"2022-02-24T10:56:50","guid":{"rendered":"https:\/\/serveiseducatius.xtec.cat\/altemporda\/?page_id=16416"},"modified":"2023-06-27T09:13:40","modified_gmt":"2023-06-27T07:13:40","slug":"ins-ramon-muntaner-figueres","status":"publish","type":"page","link":"https:\/\/serveiseducatius.xtec.cat\/altemporda\/clubs-de-lectura\/centres-participants\/ins-ramon-muntaner-figueres\/","title":{"rendered":"INS Ramon Muntaner (Figueres)"},"content":{"rendered":"<h4><b style=\"font-size: 14pt;\"><span style=\"font-family: verdana, sans-serif; line-height: 20.48px;\"><span style=\"background-color: #ff0000;\">\u00a0\u00a0<\/span> Web de refer\u00e8ncia<\/span><\/b><span style=\"font-family: verdana, sans-serif; font-size: medium;\"><span style=\"font-size: 14pt;\"><b>:<\/b><\/span><\/span><\/h4>\n<p><span style=\"font-size: medium;\">\u00a0<\/span><a href=\"http:\/\/iesrm.net\/pgs\/club_lectura.html\" target=\"_blank\" rel=\"nofollow noopener\">Club de lectura IRM<\/a><\/p>\n<h4><span style=\"font-size: 14pt;\"><span style=\"font-family: verdana, sans-serif;\"><b><span style=\"color: #ff0000; background-color: #ffff00;\">\u00a0\u00a0<\/span> \u00a0Referents de centre<\/b><\/span><span style=\"font-family: verdana, sans-serif;\"><b>:\u00a0<\/b><\/span><span style=\"font-family: verdana, sans-serif;\"><b>\u00a0<\/b><\/span><\/span><\/h4>\n<ul style=\"list-style-type: circle;\">\n<li><span style=\"font-family: verdana, sans-serif;\">C<\/span>urs 2017-2018:<b>\u00a0<\/b><\/li>\n<li><span style=\"font-family: verdana, sans-serif;\">C<\/span>urs 2016-2017:<b>\u00a0<\/b><span style=\"font-size: medium;\">M. Jos\u00e9 Barios Campabadal; Irene Cordero Morea; Ana Llobet Agust\u00ed; M. Mercedes Mart\u00ed Palagos; Joan Manuel Soldevila Albert\u00ed.<\/span><\/li>\n<li>\n<div><span style=\"font-family: verdana, sans-serif;\">C<\/span>urs 2015-2016:<b>\u00a0<\/b><span style=\"font-size: medium;\">M. Jos\u00e9 Barios Campabadal; Irene Cordero Morea; Ana Llobet Agust\u00ed; M. Mercedes Mart\u00ed Palagos; Joan Manuel Soldevila Albert\u00ed.<\/span><\/div>\n<\/li>\n<li>\n<div><span style=\"font-family: verdana, sans-serif;\">C<\/span>urs 2014-2015:<b>\u00a0<\/b><span style=\"font-size: medium;\">M. Jos\u00e9 Barios Campabadal; Irene Cordero Morea; Ana Llobet Agust\u00ed; M. Mercedes Mart\u00ed Palagos; Joan Manuel Soldevila Albert\u00ed.<\/span><\/div>\n<\/li>\n<\/ul>\n<h4><span style=\"font-family: verdana, sans-serif; font-size: 14pt;\"><b> <span style=\"background-color: #e69138;\">\u00a0\u00a0<\/span> Professorat acompanyant dins del centre:<\/b><\/span><\/h4>\n<ul>\n<li style=\"list-style-type: none;\">\n<ul>\n<li><span style=\"font-family: verdana, sans-serif; font-size: 12pt;\">Gurutze Irusta Maritxalar<\/span><\/li>\n<\/ul>\n<\/li>\n<\/ul>\n<h4><span style=\"font-family: verdana, sans-serif; font-size: medium;\"><span style=\"font-size: 14pt;\"><b><span style=\"color: #0b5394;\"><span style=\"background-color: #0b5394; color: #0b5394;\">\u00a0\u00a0<\/span> <\/span>Introducci\u00f3:<\/b><\/span><\/span><\/h4>\n<p><span style=\"font-size: 12pt;\">El Club de Cultura del curs 2014-2015 que presentem \u00e9s una experi\u00e8ncia did\u00e0ctica que es va comen\u00e7ar a desenvolupar el curs 2010-2011 i que, cinc anys despr\u00e9s, en aquest curs 2014-2015, no nom\u00e9s mant\u00e9 una vitalitat extraordin\u00e0ria sin\u00f3 que ha acabat esdevenint un dels eixos vertebradors de la vida cultural del nostre institut. L\u2019embri\u00f3 del nostre Club de Cultura \u00e9s el Club de lectura, una iniciativa que expliquem detalladament al llarg d\u2019aquest projecte que ha sabut engrescar alumnes, professorat i un bon nombre d\u2019escriptors convidats com han estat \u00c0ngels Gardella, N\u00faria Esponell\u00e0, Antonio V\u00e1zquez, Maria Carme Roca o \u00c0ngel Burgas. El m\u00e9s il\u00b7lusionant, per\u00f2, ha estat veure com aquesta iniciativa de promoci\u00f3 de la lectura ha generat d\u2019altres activitats que han tingut una expansi\u00f3 transversal pel centre, implicant diversos departaments, alhora que obria les portes a noves activitats com podien ser exercicis d\u2019expressi\u00f3 escrita, actuacions musicals, propostes teatrals, escenificacions adre\u00e7ades a escoles de prim\u00e0ria, tallers d\u2019expressi\u00f3 pl\u00e0stica o concursos literaris. A partir d\u2019un Club de lectura desenvolupat des de l\u2019institut, per\u00f2 fora de l\u2019horari lectiu, l\u2019experi\u00e8ncia ha comen\u00e7at a cr\u00e9ixer any rere any gr\u00e0cies al fet que l\u2019alumnat s\u2019ha sentit com a pr\u00f2pia aquesta iniciativa fins al punt que ha esdevingut un tret identitari del nostre centre, que ha despertat l\u2019inter\u00e8s d\u2019altres institucions educatives que volen importar el nostre model de Club de Cultura. Transversal \u2013implica diversos departaments-, multigeneracional \u2013acull alumnes des de 1r d\u2019ESO a 2n de Batxillerat, professors recentment incorporats al centre i professors ja jubilats-, interdisciplinari \u2013lectura, m\u00fasica, escriptura, dibuix, interpretaci\u00f3- i participatiu \u2013l\u2019alumnat \u00e9s el veritable motor del Club, qui proposa activitats i qui acudeix, en nombre creixent, a les diverses activitats-: aix\u00ed \u00e9s el Club de Cultura que presentem.<\/span><\/p>\n<h4><b style=\"font-family: verdana, sans-serif; font-size: medium;\"><span style=\"font-size: 14pt;\"><span style=\"background-color: #ffff00;\">\u00a0\u00a0<\/span> Projecte marc:<\/span><\/b><\/h4>\n<div>\n<div>\n<div class=\"sites-embed-align-center-wrapping-off\">\n<div class=\"sites-embed-border-on sites-embed\">\n<div class=\"sites-embed-content sites-embed-type-ggs-gadget\">\n<div><iframe loading=\"lazy\" id=\"489210288\" class=\"igm\" title=\"Include gadget (iframe)\" src=\"https:\/\/tal2tot4uenli8d3lphbjvrrl237cfes-a-sites-opensocial.googleusercontent.com\/gadgets\/ifr?url=http:\/\/hosting.gmodules.com\/ig\/gadgets\/file\/106581606564100174314\/iframe.xml&amp;container=enterprise&amp;view=default&amp;lang=ca&amp;country=ALL&amp;sanitize=0&amp;v=370b5e9b1ca9f70&amp;libs=core:dynamic-height&amp;mid=165&amp;parent=https:\/\/sites.google.com\/a\/xtec.cat\/club-de-lectura-de-l-alt-emporda\/centres-participants\/ins-ramon-muntaner-figueres#up_scroll=auto&amp;up_iframeURL=https:\/\/docs.google.com\/a\/xtec.cat\/file\/d\/0B0zHBF5nyE_QNVgwYkdTWlhyWXk2Z2h4ZXlOWDE2VzBYUXFV\/preview&amp;st=e%3DAIHE3cA58zpVBrSvB40XUxmzxcZg8seV7qeY1gcJyzLKaxSo%252FJ8%252B0NhHI%252BXujK2IVyd2LL75ZyFL8UbDvjsgIU2Pe%252FxgYkpBeM4%252BTX95SxZ8f1PvE3V%252BnaRkAHAgF%252FilqWt%252FXhG5foA3%26c%3Denterprise&amp;rpctoken=-6730701937567468764\" name=\"489210288\" width=\"700\" height=\"800\" frameborder=\"0\" scrolling=\"no\" data-ruffle-polyfilled=\"\" data-mce-fragment=\"1\"><\/iframe><\/div>\n<\/div>\n<\/div>\n<\/div>\n<\/div>\n<p>&nbsp;<\/p>\n<\/div>\n<div><\/div>\n<div><span style=\"font-family: verdana, sans-serif; font-size: medium;\"><b>Calendari de sessions:<br \/>\n<\/b><\/span><\/div>\n<div>\n<div class=\"sites-embed-align-center-wrapping-off\">\n<div class=\"sites-embed-border-on sites-embed\">\n<div class=\"sites-embed-content sites-embed-type-ggs-gadget\">\n<div><iframe loading=\"lazy\" id=\"220097344\" class=\"igm\" title=\"Include gadget (iframe)\" src=\"https:\/\/tal2tot4uenli8d3lphbjvrrl237cfes-a-sites-opensocial.googleusercontent.com\/gadgets\/ifr?url=http:\/\/hosting.gmodules.com\/ig\/gadgets\/file\/106581606564100174314\/iframe.xml&amp;container=enterprise&amp;view=default&amp;lang=ca&amp;country=ALL&amp;sanitize=0&amp;v=370b5e9b1ca9f70&amp;libs=core:dynamic-height&amp;mid=160&amp;parent=https:\/\/sites.google.com\/a\/xtec.cat\/club-de-lectura-de-l-alt-emporda\/centres-participants\/ins-ramon-muntaner-figueres#up_scroll=auto&amp;up_iframeURL=https:\/\/docs.google.com\/a\/xtec.cat\/file\/d\/0B0zHBF5nyE_QdlRGZTM0SUdNdnc\/preview&amp;st=e%3DAIHE3cDqWB3KO9l8UcGwvOia1BcMi%252Fs6LnZ9qhSaH3QtoOG2htsjO7EmrBcOTqCkJyLmryLLXeYV6Ww0FOSIMY4VT%252BJ3AVBGNFVKpsKLtCw%252BSMadAxB5PWvvC4Xogci0L6C2DoodTrPg%26c%3Denterprise&amp;rpctoken=-5197557304750863750\" name=\"220097344\" width=\"700\" height=\"600\" frameborder=\"0\" scrolling=\"no\" data-ruffle-polyfilled=\"\" data-mce-fragment=\"1\"><\/iframe><\/div>\n<\/div>\n<\/div>\n<\/div>\n<div><\/div>\n<div>\n<h4><span style=\"font-family: verdana, sans-serif; font-size: 14pt;\"><b><span style=\"background-color: #e69138;\">\u00a0\u00a0<\/span> Calendari de sessions:<\/b><\/span><\/h4>\n<p>&nbsp;<\/p>\n<h4><span style=\"font-family: verdana, sans-serif; font-size: medium;\"><b><span style=\"font-size: 14pt;\"><span style=\"background-color: #0b5394;\">\u00a0\u00a0<\/span> Galeria d&#8217;imatges:<\/span><\/b><\/span><\/h4>\n<h4><\/h4>\n<h4><span style=\"font-family: verdana, sans-serif; font-size: 14pt;\"><b><span style=\"background-color: #e69138;\">\u00a0\u00a0<\/span> <\/b><\/span><span style=\"font-family: verdana, sans-serif; font-size: medium;\"><b><span style=\"font-size: 14pt;\">Altres edicions:<\/span><\/b><\/span><\/h4>\n<\/div>\n<div>2010-11, 2011-12, 2012-13, 2013-14, 2014-15<\/div>\n<\/div>\n","protected":false},"excerpt":{"rendered":"<p>\u00a0\u00a0 Web de refer\u00e8ncia: \u00a0Club de lectura IRM \u00a0\u00a0 \u00a0Referents de centre:\u00a0\u00a0 Curs 2017-2018:\u00a0 Curs 2016-2017:\u00a0M. Jos\u00e9 Barios Campabadal; Irene Cordero Morea; Ana Llobet Agust\u00ed; M. Mercedes Mart\u00ed Palagos; Joan Manuel Soldevila Albert\u00ed. Curs 2015-2016:\u00a0M. Jos\u00e9 Barios Campabadal; Irene Cordero Morea; Ana Llobet Agust\u00ed; M. Mercedes Mart\u00ed Palagos; Joan Manuel Soldevila Albert\u00ed. Curs 2014-2015:\u00a0M. Jos\u00e9 [&hellip;]<\/p>\n","protected":false},"author":4,"featured_media":0,"parent":16187,"menu_order":0,"comment_status":"closed","ping_status":"closed","template":"","meta":{"_bbp_topic_count":0,"_bbp_reply_count":0,"_bbp_total_topic_count":0,"_bbp_total_reply_count":0,"_bbp_voice_count":0,"_bbp_anonymous_reply_count":0,"_bbp_topic_count_hidden":0,"_bbp_reply_count_hidden":0,"_bbp_forum_subforum_count":0,"site-sidebar-layout":"default","site-content-layout":"","ast-site-content-layout":"","site-content-style":"default","site-sidebar-style":"default","ast-global-header-display":"","ast-banner-title-visibility":"","ast-main-header-display":"","ast-hfb-above-header-display":"","ast-hfb-below-header-display":"","ast-hfb-mobile-header-display":"","site-post-title":"","ast-breadcrumbs-content":"","ast-featured-img":"","footer-sml-layout":"","theme-transparent-header-meta":"","adv-header-id-meta":"","stick-header-meta":"","header-above-stick-meta":"","header-main-stick-meta":"","header-below-stick-meta":"","astra-migrate-meta-layouts":"default","ast-page-background-enabled":"default","ast-page-background-meta":{"desktop":{"background-color":"var(--ast-global-color-4)","background-image":"","background-repeat":"repeat","background-position":"center center","background-size":"auto","background-attachment":"scroll","background-type":"","background-media":"","overlay-type":"","overlay-color":"","overlay-opacity":"","overlay-gradient":""},"tablet":{"background-color":"","background-image":"","background-repeat":"repeat","background-position":"center center","background-size":"auto","background-attachment":"scroll","background-type":"","background-media":"","overlay-type":"","overlay-color":"","overlay-opacity":"","overlay-gradient":""},"mobile":{"background-color":"","background-image":"","background-repeat":"repeat","background-position":"center center","background-size":"auto","background-attachment":"scroll","background-type":"","background-media":"","overlay-type":"","overlay-color":"","overlay-opacity":"","overlay-gradient":""}},"ast-content-background-meta":{"desktop":{"background-color":"var(--ast-global-color-5)","background-image":"","background-repeat":"repeat","background-position":"center center","background-size":"auto","background-attachment":"scroll","background-type":"","background-media":"","overlay-type":"","overlay-color":"","overlay-opacity":"","overlay-gradient":""},"tablet":{"background-color":"var(--ast-global-color-5)","background-image":"","background-repeat":"repeat","background-position":"center center","background-size":"auto","background-attachment":"scroll","background-type":"","background-media":"","overlay-type":"","overlay-color":"","overlay-opacity":"","overlay-gradient":""},"mobile":{"background-color":"var(--ast-global-color-5)","background-image":"","background-repeat":"repeat","background-position":"center center","background-size":"auto","background-attachment":"scroll","background-type":"","background-media":"","overlay-type":"","overlay-color":"","overlay-opacity":"","overlay-gradient":""}},"footnotes":""},"class_list":["post-16416","page","type-page","status-publish","hentry"],"post_mailing_queue_ids":[],"_links":{"self":[{"href":"https:\/\/serveiseducatius.xtec.cat\/altemporda\/wp-json\/wp\/v2\/pages\/16416","targetHints":{"allow":["GET"]}}],"collection":[{"href":"https:\/\/serveiseducatius.xtec.cat\/altemporda\/wp-json\/wp\/v2\/pages"}],"about":[{"href":"https:\/\/serveiseducatius.xtec.cat\/altemporda\/wp-json\/wp\/v2\/types\/page"}],"author":[{"embeddable":true,"href":"https:\/\/serveiseducatius.xtec.cat\/altemporda\/wp-json\/wp\/v2\/users\/4"}],"replies":[{"embeddable":true,"href":"https:\/\/serveiseducatius.xtec.cat\/altemporda\/wp-json\/wp\/v2\/comments?post=16416"}],"version-history":[{"count":3,"href":"https:\/\/serveiseducatius.xtec.cat\/altemporda\/wp-json\/wp\/v2\/pages\/16416\/revisions"}],"predecessor-version":[{"id":21060,"href":"https:\/\/serveiseducatius.xtec.cat\/altemporda\/wp-json\/wp\/v2\/pages\/16416\/revisions\/21060"}],"up":[{"embeddable":true,"href":"https:\/\/serveiseducatius.xtec.cat\/altemporda\/wp-json\/wp\/v2\/pages\/16187"}],"wp:attachment":[{"href":"https:\/\/serveiseducatius.xtec.cat\/altemporda\/wp-json\/wp\/v2\/media?parent=16416"}],"curies":[{"name":"wp","href":"https:\/\/api.w.org\/{rel}","templated":true}]}}