{"id":16404,"date":"2022-02-24T10:55:19","date_gmt":"2022-02-24T09:55:19","guid":{"rendered":"https:\/\/serveiseducatius.xtec.cat\/altemporda\/?page_id=16404"},"modified":"2023-06-27T09:14:34","modified_gmt":"2023-06-27T07:14:34","slug":"ins-olivar-gran-figueres","status":"publish","type":"page","link":"https:\/\/serveiseducatius.xtec.cat\/altemporda\/clubs-de-lectura\/centres-participants\/ins-olivar-gran-figueres\/","title":{"rendered":"INS Olivar Gran (Figueres)"},"content":{"rendered":"<h4><b style=\"font-size: 14pt;\"><span style=\"font-family: verdana, sans-serif; line-height: 20.48px;\"><span style=\"background-color: #ff0000;\">\u00a0\u00a0<\/span> Web de refer\u00e8ncia<\/span><\/b><span style=\"font-family: verdana, sans-serif; font-size: medium;\"><span style=\"font-size: 14pt;\"><b>:<\/b><\/span><\/span><\/h4>\n<p style=\"text-align: center;\"><button><a style=\"color: #ffffff;\" href=\"https:\/\/www.instagram.com\/clublecturaolivar\/\" target=\"_blank\" rel=\"noopener\">Instagram <span class=\"\">@<\/span><span class=\"\">clublec<\/span>turaolivar<\/a><\/button><\/p>\n<h4><span style=\"font-size: 14pt;\"><span style=\"font-family: verdana, sans-serif;\"><b><span style=\"color: #ff0000; background-color: #ffff00;\">\u00a0\u00a0<\/span> \u00a0Referents de centre<\/b><\/span><span style=\"font-family: verdana, sans-serif;\"><b>:\u00a0<\/b><\/span><span style=\"font-family: verdana, sans-serif;\"><b>\u00a0<\/b><\/span><\/span><\/h4>\n<ul style=\"list-style-type: circle;\">\n<li><span style=\"font-family: inherit; font-size: 1em;\">Curs 2022-2023:<\/span><span style=\"font-family: inherit; font-size: 1em;\"> Mariona Vi\u00f1olas.<\/span><\/li>\n<li>Curs 2021-2022: Mariona Vi\u00f1olas<span lang=\"CA\" style=\"font-family: inherit; font-size: 1em;\"> i Dolors Ramos.<\/span><\/li>\n<li>Curs 2020-2021: Mariona Vi\u00f1olas<span lang=\"CA\" style=\"font-family: inherit; font-size: 1em;\">.<\/span><\/li>\n<li>Curs 2019-2020: Mariona Vi\u00f1olas.<\/li>\n<li>Curs 2018-2019:<span lang=\"CA\" style=\"font-family: inherit; font-size: 1em;\">\u00a0<\/span><span lang=\"CA\" style=\"font-family: inherit; font-size: 1em;\">Clara Vilarrasa, Sigrid Turr\u00e0, M\u00f2nica Molina.<\/span><\/li>\n<li><span lang=\"CA\">Curs 2017-2018:<b>\u00a0<\/b><\/span><span lang=\"CA\">M\u00f2nica Pujol, Clara Vilarrasa, Sigrid Turr\u00e0, M\u00f2nica Molina.<\/span><\/li>\n<li><span lang=\"CA\">Curs 2016-2017: N\u00faria Tello, F\u00e1tima Galisteo, M\u00f2nica Pujol i Clara Vilarrasa.<\/span><\/li>\n<li><span lang=\"CA\">Curs 2015-2016: N\u00faria Tello, F\u00e1tima Galisteo, M\u00f2nica Pujol.<\/span><\/li>\n<li><span lang=\"CA\">Curs 2014-2015: N\u00faria Tello, F\u00e1tima Galisteo, M\u00f2nica Pujol i N\u00faria Colomer.<\/span><\/li>\n<\/ul>\n<h4><span style=\"font-family: verdana, sans-serif; font-size: 14pt;\"><b> <span style=\"background-color: #e69138;\">\u00a0\u00a0<\/span> Professorat acompanyant dins del centre:<\/b><\/span><\/h4>\n<p><span lang=\"CA\">Annabel Casadevall, Dolors Ramos, M\u00f2nica Pujol.<\/span><\/p>\n<h4><span style=\"font-family: verdana, sans-serif; font-size: medium;\"><span style=\"font-size: 14pt;\"><b><span style=\"color: #0b5394;\"><span style=\"background-color: #0b5394; color: #0b5394;\">\u00a0\u00a0<\/span> <\/span>Introducci\u00f3:<\/b><\/span><\/span><\/h4>\n<p><span lang=\"CA\">El Club de Lectura de l\u2019Olivar Gran s\u2019inicia aquest curs a fi de fomentar el gust per la lectura entre l\u2019alumnat. Pretenem crear un espai de trobada on alumnes i professors gaudeixin de l\u2019experi\u00e8ncia lectora.<br \/>\nAquest projecte l\u2019inicien els departaments de catal\u00e0 i castell\u00e0 amb la intenci\u00f3 que la resta de departaments del centre tamb\u00e9 hi col\u00b7laborin i pugui esdevenir una activitat transversal. La nostra proposta \u00e9s presentar les diferents lectures acompanyades d\u2019activitats complement\u00e0ries per tal que les sessions esdevinguin\u00a0<\/span>m\u00e9s din\u00e0miques i enriquidores. Les lectures triades seran tant en catal\u00e0 com en castell\u00e0 i participarem activament en la festa de cloenda dels diversos clubs de lectura de l\u2019Alt Empord\u00e0.<\/p>\n<h4><b style=\"font-family: verdana, sans-serif; font-size: medium;\"><span style=\"font-size: 14pt;\"><span style=\"background-color: #ffff00;\">\u00a0\u00a0<\/span> Projecte marc:<\/span><\/b><\/h4>\n<ul style=\"list-style-type: circle;\">\n<li><span style=\"font-size: medium;\">Document\u00a0<\/span><a style=\"font-size: medium;\" href=\"https:\/\/mail-attachment.googleusercontent.com\/attachment\/u\/0\/?ui=2&amp;ik=b489c5edd1&amp;view=att&amp;th=15f24ebd4ffcf984&amp;attid=0.2&amp;disp=inline&amp;realattid=f_j8u2kxmg1&amp;safe=1&amp;zw&amp;saddbat=ANGjdJ_0xPuE-J9beXFKpvBI612kpG7Ql0ggBEDG-PtFL5nvZOL7zGRtXf6vbTdpXYgijiqi17qy5c-LrMtbVbGYRfWybojMkC1Iuqu7lQL7fK7d2n6Uvc_ZhZGeoUxHeYh8KYRcvV5AItSBmdsWiYhRVy1-xWusl_LvwsXTJ4dbdq8CUuS0vxL9mVdpLSLBeCqVFcTwv5evLf03euHTAjdqUpLv-ZFCRbwvgWIdUiSPEyDrCGpKxuc_LIMJjIoyMJfcGZgxSi8bWJ-hpRy1iknCtf24laWnkg4dFmexLdD0I7LtX3IPu2M2Mtksd6S7TqtXEcsNWBR_X9LU34V_Hex3-U26ytGT82USRoi-0GattLAVGQRWiD2wVk4ZAV1nqZcGWJvlzCwr2nBdrId-yUgafm685LIWFUpFKIHrYr-RrD-IxDp1ZYG8ciYIgBTlBaXZJn60VD-lSwLgq4jcwZ8nsn3l3a8O9HRk8v_WjSWJixY5gaHiKjUFPt_kqSpgVwYwwBFe55ZsXcvfFbb7Wla8xsJl7Jt985OsMEbafg8wCBZW5Gz42ZJ5WDygssD7JA4j4ZsSTpIz2sIwMx7oU9UYBRp7JmM6L-H3_BJ6pQ\" target=\"_blank\" rel=\"noopener\">pdf<\/a><span style=\"font-size: medium;\">\u00a0adjunt.<\/span><\/li>\n<\/ul>\n<h4><span style=\"font-family: verdana, sans-serif; font-size: 14pt;\"><b><span style=\"background-color: #e69138;\">\u00a0\u00a0<\/span> Calendari de sessions:<\/b><\/span><\/h4>\n<h4><b style=\"font-family: inherit;\"><span lang=\"CA\">PROGRAMACI\u00d3 DEL CLUB DE LECTURA DE L\u2019OLIVAR GRAN 2018-2019<\/span><\/b><\/h4>\n<div style=\"line-height: 17.0667px;\">\n<div>\n<div>\n<div><\/div>\n<\/div>\n<\/div>\n<\/div>\n<p>Curs 18\/19<\/p>\n<div dir=\"ltr\">\n<table>\n<colgroup>\n<col width=\"126\" \/>\n<col width=\"120\" \/>\n<col width=\"203\" \/>\n<col width=\"168\" \/><\/colgroup>\n<tbody>\n<tr>\n<td>\n<p dir=\"ltr\">Data repartiment llibre<\/p>\n<\/td>\n<td>\n<p dir=\"ltr\">Data sessi\u00f3<\/p>\n<\/td>\n<td>\n<p dir=\"ltr\">T\u00edtol<\/p>\n<\/td>\n<td>\n<p dir=\"ltr\">Autor\/a<\/p>\n<\/td>\n<\/tr>\n<tr>\n<td>\n<p dir=\"ltr\">&#8211;<\/p>\n<\/td>\n<td>\n<p dir=\"ltr\">20 setembre<\/p>\n<\/td>\n<td>\n<p dir=\"ltr\">SESSI\u00d3 INICIAL + repartiment \u00a0del primer llibre<\/p>\n<\/td>\n<td><\/td>\n<\/tr>\n<tr>\n<td>\n<p dir=\"ltr\">20 setembre<\/p>\n<\/td>\n<td>\n<p dir=\"ltr\">31 octubre<\/p>\n<\/td>\n<td>\n<p dir=\"ltr\">La canci\u00f3n de Shao Li<\/p>\n<\/td>\n<td>\n<p dir=\"ltr\">Marisol Ortiz de Z\u00e1rate<\/p>\n<\/td>\n<\/tr>\n<tr>\n<td>\n<p dir=\"ltr\">9 de novembre<\/p>\n<p dir=\"ltr\">7 de desembre<\/p>\n<\/td>\n<td>\n<p dir=\"ltr\">14 \u00a0gener<\/p>\n<\/td>\n<td>\n<p dir=\"ltr\">El curioso incidente del perro a medianoche \/ The curios incident of the dog in the night-time<\/p>\n<\/td>\n<td>\n<p dir=\"ltr\">Mark Haddon<\/p>\n<\/td>\n<\/tr>\n<tr>\n<td>\u00a0Per confirmar<\/td>\n<td>Per confirmar<\/td>\n<td>\n<p dir=\"ltr\">La porta dels tres panys 2. La senda de les quatre forces<\/p>\n<\/td>\n<td>\n<p dir=\"ltr\">S\u00f2nia Fern\u00e0ndez-Vidal<\/p>\n<\/td>\n<\/tr>\n<tr>\n<td><\/td>\n<td><\/td>\n<td><\/td>\n<td><\/td>\n<\/tr>\n<tr>\n<td>Per confirmar<\/td>\n<td>Per confirmar<\/td>\n<td>\n<p dir=\"ltr\">No est\u00e0 escrit a les estrelles \/ Fault in our stars<\/p>\n<\/td>\n<td>\n<p dir=\"ltr\">John Green<\/p>\n<\/td>\n<\/tr>\n<\/tbody>\n<\/table>\n<\/div>\n<p>Curs 17\/18<\/p>\n<table border=\"0\" cellspacing=\"0\" cellpadding=\"0\">\n<tbody>\n<tr>\n<td valign=\"top\" width=\"74\">\n<p align=\"center\"><b><span lang=\"CA\">SESSI\u00d3<\/span><\/b><\/p>\n<\/td>\n<td valign=\"top\" width=\"84\">\n<p align=\"center\"><b><span lang=\"CA\">DATA<\/span><\/b><\/p>\n<\/td>\n<td valign=\"top\" width=\"417\">\n<p align=\"center\"><b><span lang=\"CA\">LLIBRES<\/span><\/b><\/p>\n<\/td>\n<\/tr>\n<tr>\n<td valign=\"top\" width=\"74\">\n<p align=\"center\"><b><span lang=\"CA\">1<\/span><\/b><\/p>\n<\/td>\n<td valign=\"top\" width=\"84\"><span lang=\"CA\">11\/17<\/span><\/td>\n<td valign=\"top\" width=\"417\"><b><i><span lang=\"CA\">La porta dels tres panys\u00a0<\/span><\/i><\/b><span lang=\"CA\">de S\u00f2nia Fern\u00e1ndez-Vidal. Exemplars en pr\u00e9stec de la Biblioteca d\u2019Olot.<\/span><\/p>\n<p><span lang=\"CA\">Activitats complement\u00e0ries: assist\u00e8ncia a la sessi\u00f3 del professor de f\u00edsica Jordi Palmada i altres professors del centre. Cartells amb enigmes. Capsa c\u00f2smica amb piscolabis.<\/span><\/td>\n<\/tr>\n<tr>\n<td valign=\"top\" width=\"74\">\n<p align=\"center\"><b><span lang=\"CA\">2<\/span><\/b><\/p>\n<\/td>\n<td valign=\"top\" width=\"84\"><span lang=\"CA\">01\/18<\/span><\/td>\n<td valign=\"top\" width=\"417\"><span style=\"font-family: Arial, sans-serif;\"><b>El clan de la lloba\u00a0<\/b>de Maite Carranza.<\/span><\/td>\n<\/tr>\n<tr>\n<td valign=\"top\" width=\"74\">\n<p align=\"center\"><b><span lang=\"CA\">3<\/span><\/b><\/p>\n<\/td>\n<td valign=\"top\" width=\"84\"><span lang=\"CA\">03\/18<\/span><\/td>\n<td valign=\"top\" width=\"417\"><span style=\"font-family: Arial, sans-serif;\"><i><b>El bebedor de l\u00e1grimas\u00a0<\/b>de Ray Loriga.<\/i><\/span><\/td>\n<\/tr>\n<tr>\n<td valign=\"top\" width=\"74\">\n<p align=\"center\"><b><span lang=\"CA\">4<\/span><\/b><\/p>\n<\/td>\n<td valign=\"top\" width=\"84\"><span lang=\"CA\">05\/18<\/span><\/td>\n<td valign=\"top\" width=\"417\"><span style=\"font-family: Arial, sans-serif;\">Antologia de poemes o textos teatrals.<\/span><\/td>\n<\/tr>\n<\/tbody>\n<\/table>\n<p><span lang=\"CA\">\u00a0<\/span><\/p>\n<h4><span style=\"font-family: verdana, sans-serif; font-size: medium;\"><b><span style=\"font-size: 14pt;\"><span style=\"background-color: #0b5394;\">\u00a0\u00a0<\/span>\u00a0Galeria d&#8217;imatges:<\/span><\/b><\/span><\/h4>\n<p style=\"text-align: center;\"><b><span lang=\"CA\">CARTELLS DIFUSI\u00d3 CLUB DE LECTURA<\/span><\/b><a href=\"https:\/\/sites.google.com\/a\/xtec.cat\/club-de-lectura-de-l-alt-emporda\/centres-participants\/ins-olivar-gran-figueres\/Imagen1.jpg?attredirects=0\"><img loading=\"lazy\" decoding=\"async\" class=\"aligncenter\" src=\"https:\/\/sites.google.com\/a\/xtec.cat\/club-de-lectura-de-l-alt-emporda\/_\/rsrc\/1612179835297\/centres-participants\/ins-olivar-gran-figueres\/Imagen1.jpg?height=400&amp;width=282\" width=\"282\" height=\"400\" border=\"0\" \/><\/a><\/p>\n<p>&nbsp;<\/p>\n<div><\/div>\n<div><a href=\"https:\/\/sites.google.com\/a\/xtec.cat\/club-de-lectura-de-l-alt-emporda\/centres-participants\/ins-olivar-gran-figueres\/cancion%20de%20shao%20li.JPG?attredirects=0\"><img loading=\"lazy\" decoding=\"async\" class=\"aligncenter\" src=\"https:\/\/sites.google.com\/a\/xtec.cat\/club-de-lectura-de-l-alt-emporda\/_\/rsrc\/1612179835297\/centres-participants\/ins-olivar-gran-figueres\/cancion%20de%20shao%20li.JPG?height=320&amp;width=225\" width=\"225\" height=\"320\" border=\"0\" \/><\/a><\/div>\n","protected":false},"excerpt":{"rendered":"<p>\u00a0\u00a0 Web de refer\u00e8ncia: Instagram @clublecturaolivar \u00a0\u00a0 \u00a0Referents de centre:\u00a0\u00a0 Curs 2022-2023: Mariona Vi\u00f1olas. Curs 2021-2022: Mariona Vi\u00f1olas i Dolors Ramos. Curs 2020-2021: Mariona Vi\u00f1olas. Curs 2019-2020: Mariona Vi\u00f1olas. Curs 2018-2019:\u00a0Clara Vilarrasa, Sigrid Turr\u00e0, M\u00f2nica Molina. Curs 2017-2018:\u00a0M\u00f2nica Pujol, Clara Vilarrasa, Sigrid Turr\u00e0, M\u00f2nica Molina. Curs 2016-2017: N\u00faria Tello, F\u00e1tima Galisteo, M\u00f2nica Pujol i Clara [&hellip;]<\/p>\n","protected":false},"author":4,"featured_media":0,"parent":16187,"menu_order":0,"comment_status":"closed","ping_status":"closed","template":"","meta":{"_bbp_topic_count":0,"_bbp_reply_count":0,"_bbp_total_topic_count":0,"_bbp_total_reply_count":0,"_bbp_voice_count":0,"_bbp_anonymous_reply_count":0,"_bbp_topic_count_hidden":0,"_bbp_reply_count_hidden":0,"_bbp_forum_subforum_count":0,"site-sidebar-layout":"default","site-content-layout":"","ast-site-content-layout":"","site-content-style":"default","site-sidebar-style":"default","ast-global-header-display":"","ast-banner-title-visibility":"","ast-main-header-display":"","ast-hfb-above-header-display":"","ast-hfb-below-header-display":"","ast-hfb-mobile-header-display":"","site-post-title":"","ast-breadcrumbs-content":"","ast-featured-img":"","footer-sml-layout":"","theme-transparent-header-meta":"","adv-header-id-meta":"","stick-header-meta":"","header-above-stick-meta":"","header-main-stick-meta":"","header-below-stick-meta":"","astra-migrate-meta-layouts":"default","ast-page-background-enabled":"default","ast-page-background-meta":{"desktop":{"background-color":"var(--ast-global-color-4)","background-image":"","background-repeat":"repeat","background-position":"center center","background-size":"auto","background-attachment":"scroll","background-type":"","background-media":"","overlay-type":"","overlay-color":"","overlay-opacity":"","overlay-gradient":""},"tablet":{"background-color":"","background-image":"","background-repeat":"repeat","background-position":"center center","background-size":"auto","background-attachment":"scroll","background-type":"","background-media":"","overlay-type":"","overlay-color":"","overlay-opacity":"","overlay-gradient":""},"mobile":{"background-color":"","background-image":"","background-repeat":"repeat","background-position":"center center","background-size":"auto","background-attachment":"scroll","background-type":"","background-media":"","overlay-type":"","overlay-color":"","overlay-opacity":"","overlay-gradient":""}},"ast-content-background-meta":{"desktop":{"background-color":"var(--ast-global-color-5)","background-image":"","background-repeat":"repeat","background-position":"center center","background-size":"auto","background-attachment":"scroll","background-type":"","background-media":"","overlay-type":"","overlay-color":"","overlay-opacity":"","overlay-gradient":""},"tablet":{"background-color":"var(--ast-global-color-5)","background-image":"","background-repeat":"repeat","background-position":"center center","background-size":"auto","background-attachment":"scroll","background-type":"","background-media":"","overlay-type":"","overlay-color":"","overlay-opacity":"","overlay-gradient":""},"mobile":{"background-color":"var(--ast-global-color-5)","background-image":"","background-repeat":"repeat","background-position":"center center","background-size":"auto","background-attachment":"scroll","background-type":"","background-media":"","overlay-type":"","overlay-color":"","overlay-opacity":"","overlay-gradient":""}},"footnotes":""},"class_list":["post-16404","page","type-page","status-publish","hentry"],"post_mailing_queue_ids":[],"_links":{"self":[{"href":"https:\/\/serveiseducatius.xtec.cat\/altemporda\/wp-json\/wp\/v2\/pages\/16404","targetHints":{"allow":["GET"]}}],"collection":[{"href":"https:\/\/serveiseducatius.xtec.cat\/altemporda\/wp-json\/wp\/v2\/pages"}],"about":[{"href":"https:\/\/serveiseducatius.xtec.cat\/altemporda\/wp-json\/wp\/v2\/types\/page"}],"author":[{"embeddable":true,"href":"https:\/\/serveiseducatius.xtec.cat\/altemporda\/wp-json\/wp\/v2\/users\/4"}],"replies":[{"embeddable":true,"href":"https:\/\/serveiseducatius.xtec.cat\/altemporda\/wp-json\/wp\/v2\/comments?post=16404"}],"version-history":[{"count":3,"href":"https:\/\/serveiseducatius.xtec.cat\/altemporda\/wp-json\/wp\/v2\/pages\/16404\/revisions"}],"predecessor-version":[{"id":21057,"href":"https:\/\/serveiseducatius.xtec.cat\/altemporda\/wp-json\/wp\/v2\/pages\/16404\/revisions\/21057"}],"up":[{"embeddable":true,"href":"https:\/\/serveiseducatius.xtec.cat\/altemporda\/wp-json\/wp\/v2\/pages\/16187"}],"wp:attachment":[{"href":"https:\/\/serveiseducatius.xtec.cat\/altemporda\/wp-json\/wp\/v2\/media?parent=16404"}],"curies":[{"name":"wp","href":"https:\/\/api.w.org\/{rel}","templated":true}]}}