{"id":16381,"date":"2022-02-23T21:02:36","date_gmt":"2022-02-23T20:02:36","guid":{"rendered":"https:\/\/serveiseducatius.xtec.cat\/altemporda\/?page_id=16381"},"modified":"2022-02-23T21:02:36","modified_gmt":"2022-02-23T20:02:36","slug":"el-curriculum-a-lescola-i-a-laula","status":"publish","type":"page","link":"https:\/\/serveiseducatius.xtec.cat\/altemporda\/equips-directius\/recursos-pel-disseny-i-avaluacio-dactivitats-competencials\/el-curriculum-a-lescola-i-a-laula\/","title":{"rendered":"El curr\u00edculum a l&#8217;escola i a l&#8217;aula"},"content":{"rendered":"<p><b>Descripci\u00f3\u00a0<\/b>del taller.\u00a0<a href=\"https:\/\/sites.google.com\/a\/xtec.cat\/seae\/inspeccio\/el-curriculum-al-centre-i-a-l-aula\" target=\"_blank\" rel=\"noopener\">Enlla\u00e7<\/a>\u00a0 \u00a0 \u00a0 \u00a0 \u00a0 \u00a0 \u00a0 \u00a0 \u00a0\u00a0<b>\u00a0Formadores<\/b>:\u00a0Marta Bolasell\u00a0<a href=\"https:\/\/mail.google.com\/mail\/?view=cm&amp;fs=1&amp;tf=1&amp;to=mbolasel@xtec.cat\" target=\"_blank\" rel=\"noopener\">mbolasel@xtec.cat<\/a>\u00a0 \u00a0 \u00a0M Ant\u00f2nia Sol\u00e0\u00a0<a href=\"https:\/\/mail.google.com\/mail\/?view=cm&amp;fs=1&amp;tf=1&amp;to=msola22@xtec.cat\" target=\"_blank\" rel=\"noopener\">msola22@xtec.cat<\/a><a href=\"https:\/\/mail.google.com\/mail\/?view=cm&amp;fs=1&amp;tf=1&amp;to=mbolasel@xtec.cat\" target=\"_blank\" rel=\"noopener\">,<\/a><\/p>\n<div><b><span style=\"color: #38761d;\">\u00a0<\/span><\/b><\/div>\n<div><b><span style=\"color: #38761d; font-size: medium;\">Sessi\u00f3 1, \u00a014-03-2016<\/span><\/b><\/div>\n<div>\n<ul>\n<li><em><a href=\"https:\/\/sites.google.com\/a\/xtec.cat\/seae\/inspeccio\/el-curriculum-al-centre-i-a-l-aula\/1a-sessio-el-curriculum\" target=\"_blank\" rel=\"noopener\"><b>M\u00f2dul 1<\/b><\/a><\/em>: \u00a0<b><span style=\"color: #ff0000; font-size: medium;\">Decret<\/span>.<\/b>\u00a0Un curr\u00edculum que afavoreix l&#8217;assoliment de les compet\u00e8ncies.<\/li>\n<\/ul>\n<p><span style=\"font-family: Arial, sans-serif;\"><i><b>Tasques pel 4 d&#8217;abril 2016:<\/b><\/i><\/span><\/p>\n<ol>\n<li>Un document per treballar amb el claustre<a href=\"https:\/\/drive.google.com\/a\/xtec.cat\/file\/d\/0B22pZTS9eeThWDJEWG12bmx6UWs\/preview\" target=\"_blank\" rel=\"noopener\">\u00a0l\u2019expressi\u00f3 escrita<\/a>, per fer la mateixa pr\u00e0ctica que v\u00e0rem fer amb matem\u00e0tiques.<\/li>\n<li><b>Lectura pr\u00e8via<\/b>:\u00a0<a href=\"https:\/\/drive.google.com\/a\/xtec.cat\/file\/d\/0B22pZTS9eeThSExBcTJGc19QU0U\/preview\" target=\"_blank\" rel=\"noopener\">La naturalesa de l&#8217;aprenentatge<\/a>.<\/li>\n<li>Heu de portar un exemple d\u2019unitat did\u00e0ctica que estigueu desenvolupant en el vostre centre.<\/li>\n<\/ol>\n<p><b><span style=\"color: #38761d; font-size: medium;\">Sessi\u00f3 2, \u00a04-04-2016<\/span><\/b><\/p>\n<ul>\n<li><span style=\"font-size: medium;\"><a href=\"https:\/\/sites.google.com\/a\/xtec.cat\/seae\/inspeccio\/el-curriculum-al-centre-i-a-l-aula\/2a-sessio\" target=\"_blank\" rel=\"noopener\"><i>M\u00f2dul 2<\/i><\/a><span style=\"color: #38761d;\">:\u00a0<\/span><b>\u00a0Metodologia. \u00a0<\/b><span style=\"color: #000000;\">L&#8217;alumne com a protagonista del seu aprenentatge<\/span><\/span><\/li>\n<\/ul>\n<p><i><b>Tasques pel 18 d&#8217;abril 2016:<\/b><\/i><\/p>\n<ol>\n<li>Portar una activitat d&#8217;avaluaci\u00f3.\u00a0La pr\u00e0ctica consisteix en l&#8217;an\u00e0lisi d&#8217;una de les activitats d&#8217;avaluaci\u00f3 que fem al nostre centre en contrast amb uns indicadors que orienten sobre algunes de les caracter\u00edstiques de les activitats que s\u00f3n \u00fatils per avaluar l&#8217;assoliment de les compet\u00e8ncies.<\/li>\n<li><b>Lectura pr\u00e8via<\/b>:\u00a0<a href=\"https:\/\/drive.google.com\/a\/xtec.cat\/file\/d\/0B16WVk0PCnaZbGVISGtGd1NuZHRPRVdLQkFzbXRSR3U5TUh3\/preview\" target=\"_blank\" rel=\"noopener\">Avaluaci\u00f3 formativa:<\/a>\u00a0qu\u00e8 hi ha de nou? Una mirada des\u00a0d\u2019Anglaterra.\u00a0Dra. Jane Jones, King\u2019s College London<\/li>\n<\/ol>\n<div>\n<div>\n<div dir=\"ltr\">\n<div><b><span style=\"color: #38761d; font-size: medium;\">Sessi\u00f3 3, \u00a018-04-2016<\/span><\/b><\/div>\n<\/div>\n<\/div>\n<\/div>\n<div>\n<div>\n<div dir=\"ltr\">\n<div>\n<ul>\n<li><span style=\"font-size: medium;\"><i><a href=\"https:\/\/sites.google.com\/a\/xtec.cat\/seae\/inspeccio\/el-curriculum-al-centre-i-a-l-aula\/avaluar\" target=\"_blank\" rel=\"noopener\">M\u00f2dul 3<\/a><\/i><span style=\"color: #38761d;\">:\u00a0<\/span><b>\u00a0Avaluaci\u00f3.<\/b><span style=\"color: #000000;\">\u00a0Avaluar per aprendre<\/span><\/span><\/li>\n<\/ul>\n<div>\n<hr \/>\n<\/div>\n<\/div>\n<\/div>\n<\/div>\n<\/div>\n<div>\n<div>\n<div dir=\"ltr\">\n<div>\n<div><span style=\"color: #000000; font-size: medium;\">\u00a0<\/span><\/div>\n<div><span style=\"color: #000000; font-size: medium;\">\u00a0<\/span><\/div>\n<\/div>\n<div>\n<div><img loading=\"lazy\" decoding=\"async\" src=\"https:\/\/sites.google.com\/a\/xtec.cat\/seae\/_\/rsrc\/1531206507332\/inspeccio\/el-curriculum-al-centre-i-a-l-aula\/taller-el-curriculum-al-centre-i-a-l-aula\/ateneu.jpg?height=55&amp;width=200\" width=\"200\" height=\"55\" border=\"0\" \/><\/div>\n<div><\/div>\n<div>El curr\u00edculum a l&#8217;escola i a l&#8217;aula<\/div>\n<\/div>\n<\/div>\n<\/div>\n<\/div>\n<div>\n<div>\n<div dir=\"ltr\">\n<div><\/div>\n<\/div>\n<\/div>\n<\/div>\n<\/div>\n","protected":false},"excerpt":{"rendered":"<p>Descripci\u00f3\u00a0del taller.\u00a0Enlla\u00e7\u00a0 \u00a0 \u00a0 \u00a0 \u00a0 \u00a0 \u00a0 \u00a0 \u00a0\u00a0\u00a0Formadores:\u00a0Marta Bolasell\u00a0mbolasel@xtec.cat\u00a0 \u00a0 \u00a0M Ant\u00f2nia Sol\u00e0\u00a0msola22@xtec.cat, \u00a0 Sessi\u00f3 1, \u00a014-03-2016 M\u00f2dul 1: \u00a0Decret.\u00a0Un curr\u00edculum que afavoreix l&#8217;assoliment de les compet\u00e8ncies. Tasques pel 4 d&#8217;abril 2016: Un document per treballar amb el claustre\u00a0l\u2019expressi\u00f3 escrita, per fer la mateixa pr\u00e0ctica que v\u00e0rem fer amb matem\u00e0tiques. Lectura pr\u00e8via:\u00a0La naturalesa [&hellip;]<\/p>\n","protected":false},"author":4,"featured_media":0,"parent":16374,"menu_order":0,"comment_status":"closed","ping_status":"closed","template":"page-templates\/side-menu.php","meta":{"_bbp_topic_count":0,"_bbp_reply_count":0,"_bbp_total_topic_count":0,"_bbp_total_reply_count":0,"_bbp_voice_count":0,"_bbp_anonymous_reply_count":0,"_bbp_topic_count_hidden":0,"_bbp_reply_count_hidden":0,"_bbp_forum_subforum_count":0,"site-sidebar-layout":"default","site-content-layout":"","ast-site-content-layout":"","site-content-style":"default","site-sidebar-style":"default","ast-global-header-display":"","ast-banner-title-visibility":"","ast-main-header-display":"","ast-hfb-above-header-display":"","ast-hfb-below-header-display":"","ast-hfb-mobile-header-display":"","site-post-title":"","ast-breadcrumbs-content":"","ast-featured-img":"","footer-sml-layout":"","theme-transparent-header-meta":"","adv-header-id-meta":"","stick-header-meta":"","header-above-stick-meta":"","header-main-stick-meta":"","header-below-stick-meta":"","astra-migrate-meta-layouts":"default","ast-page-background-enabled":"default","ast-page-background-meta":{"desktop":{"background-color":"var(--ast-global-color-4)","background-image":"","background-repeat":"repeat","background-position":"center center","background-size":"auto","background-attachment":"scroll","background-type":"","background-media":"","overlay-type":"","overlay-color":"","overlay-opacity":"","overlay-gradient":""},"tablet":{"background-color":"","background-image":"","background-repeat":"repeat","background-position":"center center","background-size":"auto","background-attachment":"scroll","background-type":"","background-media":"","overlay-type":"","overlay-color":"","overlay-opacity":"","overlay-gradient":""},"mobile":{"background-color":"","background-image":"","background-repeat":"repeat","background-position":"center center","background-size":"auto","background-attachment":"scroll","background-type":"","background-media":"","overlay-type":"","overlay-color":"","overlay-opacity":"","overlay-gradient":""}},"ast-content-background-meta":{"desktop":{"background-color":"var(--ast-global-color-5)","background-image":"","background-repeat":"repeat","background-position":"center center","background-size":"auto","background-attachment":"scroll","background-type":"","background-media":"","overlay-type":"","overlay-color":"","overlay-opacity":"","overlay-gradient":""},"tablet":{"background-color":"var(--ast-global-color-5)","background-image":"","background-repeat":"repeat","background-position":"center center","background-size":"auto","background-attachment":"scroll","background-type":"","background-media":"","overlay-type":"","overlay-color":"","overlay-opacity":"","overlay-gradient":""},"mobile":{"background-color":"var(--ast-global-color-5)","background-image":"","background-repeat":"repeat","background-position":"center center","background-size":"auto","background-attachment":"scroll","background-type":"","background-media":"","overlay-type":"","overlay-color":"","overlay-opacity":"","overlay-gradient":""}},"footnotes":""},"class_list":["post-16381","page","type-page","status-publish","hentry"],"post_mailing_queue_ids":[],"_links":{"self":[{"href":"https:\/\/serveiseducatius.xtec.cat\/altemporda\/wp-json\/wp\/v2\/pages\/16381","targetHints":{"allow":["GET"]}}],"collection":[{"href":"https:\/\/serveiseducatius.xtec.cat\/altemporda\/wp-json\/wp\/v2\/pages"}],"about":[{"href":"https:\/\/serveiseducatius.xtec.cat\/altemporda\/wp-json\/wp\/v2\/types\/page"}],"author":[{"embeddable":true,"href":"https:\/\/serveiseducatius.xtec.cat\/altemporda\/wp-json\/wp\/v2\/users\/4"}],"replies":[{"embeddable":true,"href":"https:\/\/serveiseducatius.xtec.cat\/altemporda\/wp-json\/wp\/v2\/comments?post=16381"}],"version-history":[{"count":1,"href":"https:\/\/serveiseducatius.xtec.cat\/altemporda\/wp-json\/wp\/v2\/pages\/16381\/revisions"}],"predecessor-version":[{"id":16382,"href":"https:\/\/serveiseducatius.xtec.cat\/altemporda\/wp-json\/wp\/v2\/pages\/16381\/revisions\/16382"}],"up":[{"embeddable":true,"href":"https:\/\/serveiseducatius.xtec.cat\/altemporda\/wp-json\/wp\/v2\/pages\/16374"}],"wp:attachment":[{"href":"https:\/\/serveiseducatius.xtec.cat\/altemporda\/wp-json\/wp\/v2\/media?parent=16381"}],"curies":[{"name":"wp","href":"https:\/\/api.w.org\/{rel}","templated":true}]}}