{"id":16374,"date":"2022-02-23T20:57:41","date_gmt":"2022-02-23T19:57:41","guid":{"rendered":"https:\/\/serveiseducatius.xtec.cat\/altemporda\/?page_id=16374"},"modified":"2022-02-23T21:05:27","modified_gmt":"2022-02-23T20:05:27","slug":"recursos-pel-disseny-i-avaluacio-dactivitats-competencials","status":"publish","type":"page","link":"https:\/\/serveiseducatius.xtec.cat\/altemporda\/equips-directius\/recursos-pel-disseny-i-avaluacio-dactivitats-competencials\/","title":{"rendered":"Recursos pel disseny i avaluaci\u00f3 d&#8217;activitats competencials"},"content":{"rendered":"<div class=\"sites-layout-tile sites-tile-name-header\">\n<div dir=\"ltr\">\n<div><\/div>\n<\/div>\n<\/div>\n<table class=\"sites-layout-hbox\" style=\"width: 100.083%; height: 565px;\" cellspacing=\"0\">\n<tbody>\n<tr>\n<td class=\"sites-layout-tile sites-tile-name-content-1\" style=\"border-style: hidden;\">\n<div dir=\"ltr\">\n<div>\n<div><b><span style=\"font-size: large;\">PRIM\u00c0RIA<\/span><\/b><\/div>\n<div><a href=\"http:\/\/ensenyament.gencat.cat\/ca\/departament\/publicacions\/colleccions\/competencies-basiques\/primaria\/\" target=\"_blank\" rel=\"nofollow noopener\">GUIES\u00a0 DE DESPLEGAMENT<\/a>\u00a0de les compet\u00e8ncies b\u00e0siques per \u00e0mbits A\u00a0L&#8217;EDUCACI\u00d3 PRIM\u00c0RIA<\/div>\n<hr \/>\n<\/div>\n<div>CRITERIS D&#8217;AVALUACI\u00d3 segons el\u00a0<a href=\"http:\/\/portaldogc.gencat.cat\/utilsEADOP\/PDF\/6900\/1431926.pdf\" target=\"_blank\" rel=\"nofollow noopener\">DECRET 119\/2015<\/a>, de 23 de juny, d&#8217;ordenaci\u00f3 dels ensenyaments de l&#8217;educaci\u00f3 prim\u00e0ria<\/div>\n<div>\n<div><a href=\"https:\/\/drive.google.com\/file\/d\/0B0zHBF5nyE_QTDlyX2x4aUcwNUdScWRnQm1ZcDhaYVBIQXow\/view\" target=\"_blank\" rel=\"noopener\"><img loading=\"lazy\" decoding=\"async\" src=\"https:\/\/sites.google.com\/a\/xtec.cat\/seae\/_\/rsrc\/1531206504014\/inspeccio\/recursos-pel-disseny-i-avaluacio-d-activitats-competencials\/ppt.jpg?height=125&amp;width=200\" width=\"200\" height=\"125\" border=\"0\" \/><\/a><\/div>\n<p>Presentaci\u00f3 inspecci\u00f3 Girona<\/p>\n<\/div>\n<div>\n<hr \/>\n<p><a href=\"http:\/\/portaldogc.gencat.cat\/utilsEADOP\/PDF\/7148\/1508505.pdf\" target=\"_blank\" rel=\"nofollow noopener\">ORDRE ENS\/164\/2016<\/a>, de 14 de juny, per la qual es determinen el procediment i els documents i requisits formals del proc\u00e9s d&#8217;avaluaci\u00f3 en l&#8217;educaci\u00f3 prim\u00e0ria<\/p>\n<p>Proves d&#8217;avaluaci\u00f3 diagn\u00f2stica a\u00a0<a href=\"http:\/\/xtec.gencat.cat\/ca\/curriculum\/primaria\/avaluacio\/\" target=\"_blank\" rel=\"nofollow noopener\">3r<\/a>\u00a0de PRI<\/p>\n<\/div>\n<div>\n<p>Proves de\u00a0<a href=\"http:\/\/xtec.gencat.cat\/ca\/curriculum\/primaria\/avaluacio\/\" target=\"_blank\" rel=\"nofollow noopener\">6\u00e8<\/a><\/p>\n<hr \/>\n<p><a href=\"http:\/\/csda.gencat.cat\/ca\/arees_d_actuacio\/avaluacions-consell\/avaluacions-internacionals\/\" target=\"_blank\" rel=\"nofollow noopener\">Avaluacions internacionals<\/a>: PISA, PIRLS, SITES, TIMSS, avaluacions mostrals que s&#8217;apliquen de manera peri\u00f2dica<\/p>\n<hr \/>\n<p><a href=\"http:\/\/ateneu.xtec.cat\/wikiform\/wikiexport\/cursos\/curriculum\/inf_pri\/cape\/index\" target=\"_blank\" rel=\"nofollow noopener\">Materials de l&#8217;Ateneu<\/a><\/p>\n<\/div>\n<\/div>\n<\/td>\n<td class=\"sites-layout-tile sites-tile-name-content-2\" style=\"border-style: hidden;\">\n<div dir=\"ltr\">\n<div><b><span style=\"font-size: large;\">SECUND\u00c0RIA<\/span><\/b><\/div>\n<div><a href=\"http:\/\/ensenyament.gencat.cat\/ca\/departament\/publicacions\/colleccions\/competencies-basiques\/eso\/\" target=\"_blank\" rel=\"nofollow noopener\">GUIES\u00a0 DE DESPLEGAMENT<\/a>\u00a0de les compet\u00e8ncies b\u00e0siques per \u00e0mbits A\u00a0L&#8217;EDUCACI\u00d3 SECUND\u00c0RIA<span style=\"font-size: small;\"><br \/>\n<\/span><\/p>\n<hr \/>\n<p><a href=\"http:\/\/portaldogc.gencat.cat\/utilsEADOP\/PDF\/6945\/1441278.pdf\" target=\"_blank\" rel=\"nofollow noopener\">DECRET 187\/2015<\/a>, de 25 d&#8217;agost, d&#8217;ordenaci\u00f3 dels ensenyaments de l&#8217;educaci\u00f3 secund\u00e0ria obligat\u00f2ria.<\/p>\n<hr \/>\n<p>Proves d&#8217;avaluaci\u00f3\u00a0<a href=\"http:\/\/xtec.gencat.cat\/ca\/curriculum\/eso\/avaluacio\/\" target=\"_blank\" rel=\"nofollow noopener\">diagn\u00f2stica<\/a><\/p>\n<\/div>\n<div>Proves d&#8217;avaluaci\u00f3 de\u00a0<a href=\"http:\/\/xtec.gencat.cat\/ca\/curriculum\/eso\/avaluacio\/\" target=\"_blank\" rel=\"nofollow noopener\">4t d&#8217;ESO<\/a><\/div>\n<div>\n<div>\n<div>\n<div>\n<hr \/>\n<div>\n<p><span style=\"font-size: small;\"><a href=\"http:\/\/csda.gencat.cat\/ca\/arees_d_actuacio\/avaluacions-consell\/avaluacions-internacionals\/\" rel=\"nofollow\">Avaluacions internacionals<\/a>: PISA, PIRLS, SITES, TIMSS, avaluacions mostrals que s&#8217;apliquen de manera peri\u00f2dica<\/span><\/p>\n<p>&nbsp;<\/p>\n<\/div>\n<\/div>\n<\/div>\n<\/div>\n<\/div>\n<\/div>\n<\/td>\n<\/tr>\n<\/tbody>\n<\/table>\n<p>&nbsp;<\/p>\n<hr \/>\n<p><a href=\"https:\/\/serveiseducatius.xtec.cat\/altemporda\/equips-directius\/recursos-pel-disseny-i-avaluacio-dactivitats-competencials\/el-curriculum-a-lescola-i-a-laula\/\" target=\"_blank\" rel=\"nofollow noopener\">Taller: El curr\u00edculum a l&#8217;escola i a l&#8217;aula<\/a><\/p>\n","protected":false},"excerpt":{"rendered":"<p>PRIM\u00c0RIA GUIES\u00a0 DE DESPLEGAMENT\u00a0de les compet\u00e8ncies b\u00e0siques per \u00e0mbits A\u00a0L&#8217;EDUCACI\u00d3 PRIM\u00c0RIA CRITERIS D&#8217;AVALUACI\u00d3 segons el\u00a0DECRET 119\/2015, de 23 de juny, d&#8217;ordenaci\u00f3 dels ensenyaments de l&#8217;educaci\u00f3 prim\u00e0ria Presentaci\u00f3 inspecci\u00f3 Girona ORDRE ENS\/164\/2016, de 14 de juny, per la qual es determinen el procediment i els documents i requisits formals del proc\u00e9s d&#8217;avaluaci\u00f3 en l&#8217;educaci\u00f3 prim\u00e0ria Proves [&hellip;]<\/p>\n","protected":false},"author":4,"featured_media":0,"parent":8807,"menu_order":0,"comment_status":"closed","ping_status":"closed","template":"page-templates\/side-menu.php","meta":{"_bbp_topic_count":0,"_bbp_reply_count":0,"_bbp_total_topic_count":0,"_bbp_total_reply_count":0,"_bbp_voice_count":0,"_bbp_anonymous_reply_count":0,"_bbp_topic_count_hidden":0,"_bbp_reply_count_hidden":0,"_bbp_forum_subforum_count":0,"site-sidebar-layout":"default","site-content-layout":"","ast-site-content-layout":"","site-content-style":"default","site-sidebar-style":"default","ast-global-header-display":"","ast-banner-title-visibility":"","ast-main-header-display":"","ast-hfb-above-header-display":"","ast-hfb-below-header-display":"","ast-hfb-mobile-header-display":"","site-post-title":"","ast-breadcrumbs-content":"","ast-featured-img":"","footer-sml-layout":"","theme-transparent-header-meta":"","adv-header-id-meta":"","stick-header-meta":"","header-above-stick-meta":"","header-main-stick-meta":"","header-below-stick-meta":"","astra-migrate-meta-layouts":"default","ast-page-background-enabled":"default","ast-page-background-meta":{"desktop":{"background-color":"var(--ast-global-color-4)","background-image":"","background-repeat":"repeat","background-position":"center center","background-size":"auto","background-attachment":"scroll","background-type":"","background-media":"","overlay-type":"","overlay-color":"","overlay-opacity":"","overlay-gradient":""},"tablet":{"background-color":"","background-image":"","background-repeat":"repeat","background-position":"center center","background-size":"auto","background-attachment":"scroll","background-type":"","background-media":"","overlay-type":"","overlay-color":"","overlay-opacity":"","overlay-gradient":""},"mobile":{"background-color":"","background-image":"","background-repeat":"repeat","background-position":"center center","background-size":"auto","background-attachment":"scroll","background-type":"","background-media":"","overlay-type":"","overlay-color":"","overlay-opacity":"","overlay-gradient":""}},"ast-content-background-meta":{"desktop":{"background-color":"var(--ast-global-color-5)","background-image":"","background-repeat":"repeat","background-position":"center center","background-size":"auto","background-attachment":"scroll","background-type":"","background-media":"","overlay-type":"","overlay-color":"","overlay-opacity":"","overlay-gradient":""},"tablet":{"background-color":"var(--ast-global-color-5)","background-image":"","background-repeat":"repeat","background-position":"center center","background-size":"auto","background-attachment":"scroll","background-type":"","background-media":"","overlay-type":"","overlay-color":"","overlay-opacity":"","overlay-gradient":""},"mobile":{"background-color":"var(--ast-global-color-5)","background-image":"","background-repeat":"repeat","background-position":"center center","background-size":"auto","background-attachment":"scroll","background-type":"","background-media":"","overlay-type":"","overlay-color":"","overlay-opacity":"","overlay-gradient":""}},"footnotes":""},"class_list":["post-16374","page","type-page","status-publish","hentry"],"post_mailing_queue_ids":[],"_links":{"self":[{"href":"https:\/\/serveiseducatius.xtec.cat\/altemporda\/wp-json\/wp\/v2\/pages\/16374","targetHints":{"allow":["GET"]}}],"collection":[{"href":"https:\/\/serveiseducatius.xtec.cat\/altemporda\/wp-json\/wp\/v2\/pages"}],"about":[{"href":"https:\/\/serveiseducatius.xtec.cat\/altemporda\/wp-json\/wp\/v2\/types\/page"}],"author":[{"embeddable":true,"href":"https:\/\/serveiseducatius.xtec.cat\/altemporda\/wp-json\/wp\/v2\/users\/4"}],"replies":[{"embeddable":true,"href":"https:\/\/serveiseducatius.xtec.cat\/altemporda\/wp-json\/wp\/v2\/comments?post=16374"}],"version-history":[{"count":3,"href":"https:\/\/serveiseducatius.xtec.cat\/altemporda\/wp-json\/wp\/v2\/pages\/16374\/revisions"}],"predecessor-version":[{"id":16383,"href":"https:\/\/serveiseducatius.xtec.cat\/altemporda\/wp-json\/wp\/v2\/pages\/16374\/revisions\/16383"}],"up":[{"embeddable":true,"href":"https:\/\/serveiseducatius.xtec.cat\/altemporda\/wp-json\/wp\/v2\/pages\/8807"}],"wp:attachment":[{"href":"https:\/\/serveiseducatius.xtec.cat\/altemporda\/wp-json\/wp\/v2\/media?parent=16374"}],"curies":[{"name":"wp","href":"https:\/\/api.w.org\/{rel}","templated":true}]}}