{"id":16302,"date":"2022-02-21T18:48:12","date_gmt":"2022-02-21T17:48:12","guid":{"rendered":"https:\/\/serveiseducatius.xtec.cat\/altemporda\/?page_id=16302"},"modified":"2023-06-27T09:01:07","modified_gmt":"2023-06-27T07:01:07","slug":"cc-la-salle","status":"publish","type":"page","link":"https:\/\/serveiseducatius.xtec.cat\/altemporda\/clubs-de-lectura\/centres-participants\/cc-la-salle\/","title":{"rendered":"CC La Salle"},"content":{"rendered":"<div>\n<p><b style=\"font-size: 14pt;\"><span style=\"font-family: verdana, sans-serif; line-height: 20.48px;\"><span style=\"background-color: #ff0000;\">\u00a0\u00a0<\/span> Web de refer\u00e8ncia<\/span><\/b><span style=\"font-family: verdana, sans-serif; font-size: medium;\"><span style=\"font-size: 14pt;\"><b>:<\/b><\/span><\/span><\/p>\n<p style=\"text-align: center;\"><button><a style=\"color: #ffffff; font-size: 12pt;\" href=\"https:\/\/figueres.lasalle.cat\/\" target=\"_blank\" rel=\"noopener\">Club de Lectura<\/a><\/button>\u00a0\u00a0\u00a0<button><a style=\"color: #ffffff; font-size: 12pt;\" href=\"https:\/\/www.instagram.com\/sallefigueres\/\" target=\"_blank\" rel=\"noopener\">Instagram<\/a><\/button>\u00a0\u00a0\u00a0<button><a style=\"color: #ffffff; font-size: 12pt;\" href=\"https:\/\/twitter.com\/sallefigueres\" target=\"_blank\" rel=\"noopener\">Twitter<\/a><\/button><\/p>\n<p><span style=\"font-size: 14pt;\"><span style=\"font-family: verdana, sans-serif;\"><b><span style=\"color: #ff0000; background-color: #ffff00;\">\u00a0\u00a0<\/span> \u00a0Referents de centre<\/b><\/span><span style=\"font-family: verdana, sans-serif;\"><b>:\u00a0<\/b><\/span><span style=\"font-family: verdana, sans-serif;\"><b>\u00a0<\/b><\/span><\/span><\/p>\n<ul style=\"list-style-type: circle;\">\n<li>Curs 2022-2023: Cristina Bay\u00e9s Quer<\/li>\n<li>Curs 2021-2022: Cristina Bay\u00e9s Quer<\/li>\n<li>Curs 2020-2021: Cristina Bay\u00e9s Quer<\/li>\n<li>Curs 2019-2020: Cristina Bay\u00e9s Quer<\/li>\n<\/ul>\n<p><span style=\"font-family: verdana, sans-serif; font-size: 14pt;\"><b> <span style=\"background-color: #e69138;\">\u00a0\u00a0<\/span> Professorat acompanyant dins del centre: &#8211;<\/b><\/span><\/p>\n<p><span style=\"font-family: verdana, sans-serif; font-size: medium;\">Professors\/es del Departament de Llengua<\/span><\/p>\n<p><span style=\"font-family: verdana, sans-serif; font-size: medium;\"><span style=\"font-size: 14pt;\"><b><span style=\"color: #0b5394;\"><span style=\"background-color: #0b5394; color: #0b5394;\">\u00a0\u00a0<\/span> <\/span>Introducci\u00f3:<\/b><\/span><\/span><\/p>\n<p>Del projecte de Club de Lectura a la nostra escola en diem ESCAMOT DE LECTURA.\u00a0\u00a0Fa tres cursos que el duem a terme i cada any el nombre d&#8217;alumnes ha anat augmentant.<\/p>\n<p>Dins de la proposta de l&#8217;escola de dinamitzar els patis de secund\u00e0ria des del Departament de Llengua va sorgir la idea d&#8217;obrir la biblioteca a l&#8217;hora del pati per a tots aquells alumnes que tenen passi\u00f3 pels llibres, gust per la lectura&#8230;<\/p>\n<p>Un cop a la setmana ens trobem a la biblioteca i mentre esmorzem cada mes els proposem una activitat diferent:\u00a0 lectura de contes i llegendes, taller de punts de llibre, muntatge d&#8217;exposicions liter\u00e0ries, decoraci\u00f3 de la biblioteca, compra de llibres per a la biblioteca de l&#8217;escola, organitzaci\u00f3 de concursos literaris per als alumnes de l&#8217;escola, conta contes als alumnes d&#8217;intantil&#8230;<\/p>\n<p>A m\u00e9s cada any hem tingut l&#8217;oportunitat de con\u00e8ixer a un escriptor o escriptora a trav\u00e9s del projecte ELS AUTORS A LES AULES del Departament d&#8217;Ensenyament i abans de rebre la seva visita ens hem informat de la seva obra, n&#8217;hem llegit fragments col\u00b7lectivament i n&#8217;hem llegit alguna de les seves obres a t\u00edtol individual abans d&#8217;assistir a la trobada.\u00a0 Ja hem conegut a la Najat El Hachmi i a la N\u00faria Esponell\u00e0 i aquest curs coneixerem a la Care Santos.<\/p>\n<h4><span style=\"font-family: verdana, sans-serif; font-size: 14pt;\"><b><span style=\"background-color: #e69138;\">\u00a0\u00a0<\/span> Calendari de sessions:<\/b><\/span><\/h4>\n<p>Les sessiones s\u00f3n de 25 minuts cada divendres a l&#8217;hora del pati a la Biblioteca de la nostra escola.<\/p>\n<p>El curs 2020-2021 hem canviat el format degut a la COVID i durant el 1r i el 2n trimestre no ens hem trobat per\u00f2 durant el 3r trimestre hem organitzat una trobada per a cada curs de l&#8217;ESO d&#8217;una hora de durada.<\/p>\n<p><span style=\"font-family: verdana, sans-serif; font-size: medium;\"><b><span style=\"font-size: 14pt;\"><span style=\"background-color: #0b5394;\">\u00a0\u00a0<\/span> Galeria d&#8217;imatges:<\/span><\/b><\/span><\/p>\n<\/div>\n<div><\/div>\n<div>\n<div><a href=\"https:\/\/sites.google.com\/a\/xtec.cat\/club-de-lectura-de-l-alt-emporda\/centres-participants\/cc-la-salle\/ESCAMOT%20DE%20LECTURA%20LA%20SALLE.jpg?attredirects=0\"><img loading=\"lazy\" decoding=\"async\" class=\"aligncenter\" src=\"https:\/\/sites.google.com\/a\/xtec.cat\/club-de-lectura-de-l-alt-emporda\/_\/rsrc\/1614799255939\/centres-participants\/cc-la-salle\/ESCAMOT%20DE%20LECTURA%20LA%20SALLE.jpg\" width=\"1000\" height=\"750\" border=\"0\" \/><\/a><\/div>\n<\/div>\n<div><\/div>\n","protected":false},"excerpt":{"rendered":"<p>\u00a0\u00a0 Web de refer\u00e8ncia: Club de Lectura\u00a0\u00a0\u00a0Instagram\u00a0\u00a0\u00a0Twitter \u00a0\u00a0 \u00a0Referents de centre:\u00a0\u00a0 Curs 2022-2023: Cristina Bay\u00e9s Quer Curs 2021-2022: Cristina Bay\u00e9s Quer Curs 2020-2021: Cristina Bay\u00e9s Quer Curs 2019-2020: Cristina Bay\u00e9s Quer \u00a0\u00a0 Professorat acompanyant dins del centre: &#8211; Professors\/es del Departament de Llengua \u00a0\u00a0 Introducci\u00f3: Del projecte de Club de Lectura a la nostra escola [&hellip;]<\/p>\n","protected":false},"author":4,"featured_media":0,"parent":16187,"menu_order":0,"comment_status":"closed","ping_status":"closed","template":"","meta":{"_bbp_topic_count":0,"_bbp_reply_count":0,"_bbp_total_topic_count":0,"_bbp_total_reply_count":0,"_bbp_voice_count":0,"_bbp_anonymous_reply_count":0,"_bbp_topic_count_hidden":0,"_bbp_reply_count_hidden":0,"_bbp_forum_subforum_count":0,"site-sidebar-layout":"default","site-content-layout":"","ast-site-content-layout":"","site-content-style":"default","site-sidebar-style":"default","ast-global-header-display":"","ast-banner-title-visibility":"","ast-main-header-display":"","ast-hfb-above-header-display":"","ast-hfb-below-header-display":"","ast-hfb-mobile-header-display":"","site-post-title":"","ast-breadcrumbs-content":"","ast-featured-img":"","footer-sml-layout":"","theme-transparent-header-meta":"","adv-header-id-meta":"","stick-header-meta":"","header-above-stick-meta":"","header-main-stick-meta":"","header-below-stick-meta":"","astra-migrate-meta-layouts":"default","ast-page-background-enabled":"default","ast-page-background-meta":{"desktop":{"background-color":"var(--ast-global-color-4)","background-image":"","background-repeat":"repeat","background-position":"center center","background-size":"auto","background-attachment":"scroll","background-type":"","background-media":"","overlay-type":"","overlay-color":"","overlay-opacity":"","overlay-gradient":""},"tablet":{"background-color":"","background-image":"","background-repeat":"repeat","background-position":"center center","background-size":"auto","background-attachment":"scroll","background-type":"","background-media":"","overlay-type":"","overlay-color":"","overlay-opacity":"","overlay-gradient":""},"mobile":{"background-color":"","background-image":"","background-repeat":"repeat","background-position":"center center","background-size":"auto","background-attachment":"scroll","background-type":"","background-media":"","overlay-type":"","overlay-color":"","overlay-opacity":"","overlay-gradient":""}},"ast-content-background-meta":{"desktop":{"background-color":"var(--ast-global-color-5)","background-image":"","background-repeat":"repeat","background-position":"center center","background-size":"auto","background-attachment":"scroll","background-type":"","background-media":"","overlay-type":"","overlay-color":"","overlay-opacity":"","overlay-gradient":""},"tablet":{"background-color":"var(--ast-global-color-5)","background-image":"","background-repeat":"repeat","background-position":"center center","background-size":"auto","background-attachment":"scroll","background-type":"","background-media":"","overlay-type":"","overlay-color":"","overlay-opacity":"","overlay-gradient":""},"mobile":{"background-color":"var(--ast-global-color-5)","background-image":"","background-repeat":"repeat","background-position":"center center","background-size":"auto","background-attachment":"scroll","background-type":"","background-media":"","overlay-type":"","overlay-color":"","overlay-opacity":"","overlay-gradient":""}},"footnotes":""},"class_list":["post-16302","page","type-page","status-publish","hentry"],"post_mailing_queue_ids":[],"_links":{"self":[{"href":"https:\/\/serveiseducatius.xtec.cat\/altemporda\/wp-json\/wp\/v2\/pages\/16302","targetHints":{"allow":["GET"]}}],"collection":[{"href":"https:\/\/serveiseducatius.xtec.cat\/altemporda\/wp-json\/wp\/v2\/pages"}],"about":[{"href":"https:\/\/serveiseducatius.xtec.cat\/altemporda\/wp-json\/wp\/v2\/types\/page"}],"author":[{"embeddable":true,"href":"https:\/\/serveiseducatius.xtec.cat\/altemporda\/wp-json\/wp\/v2\/users\/4"}],"replies":[{"embeddable":true,"href":"https:\/\/serveiseducatius.xtec.cat\/altemporda\/wp-json\/wp\/v2\/comments?post=16302"}],"version-history":[{"count":3,"href":"https:\/\/serveiseducatius.xtec.cat\/altemporda\/wp-json\/wp\/v2\/pages\/16302\/revisions"}],"predecessor-version":[{"id":21055,"href":"https:\/\/serveiseducatius.xtec.cat\/altemporda\/wp-json\/wp\/v2\/pages\/16302\/revisions\/21055"}],"up":[{"embeddable":true,"href":"https:\/\/serveiseducatius.xtec.cat\/altemporda\/wp-json\/wp\/v2\/pages\/16187"}],"wp:attachment":[{"href":"https:\/\/serveiseducatius.xtec.cat\/altemporda\/wp-json\/wp\/v2\/media?parent=16302"}],"curies":[{"name":"wp","href":"https:\/\/api.w.org\/{rel}","templated":true}]}}