{"id":16299,"date":"2022-02-21T18:46:52","date_gmt":"2022-02-21T17:46:52","guid":{"rendered":"https:\/\/serveiseducatius.xtec.cat\/altemporda\/?page_id=16299"},"modified":"2023-06-27T08:55:49","modified_gmt":"2023-06-27T06:55:49","slug":"ins-de-la-jonquera","status":"publish","type":"page","link":"https:\/\/serveiseducatius.xtec.cat\/altemporda\/clubs-de-lectura\/centres-participants\/ins-de-la-jonquera\/","title":{"rendered":"INS de la Jonquera"},"content":{"rendered":"<div><a href=\"https:\/\/sites.google.com\/a\/xtec.cat\/club-de-lectura-de-l-alt-emporda\/centres-participants\/ins-la-jonquera\/Club%20de%20Lectura_logo.png?attredirects=0\" target=\"_blank\" rel=\"noopener\"><img loading=\"lazy\" decoding=\"async\" class=\"alignleft\" src=\"https:\/\/sites.google.com\/a\/xtec.cat\/club-de-lectura-de-l-alt-emporda\/_\/rsrc\/1612288711994\/centres-participants\/ins-la-jonquera\/Club%20de%20Lectura_logo.png?height=200&amp;width=200\" width=\"167\" height=\"167\" border=\"0\" \/><\/a><\/div>\n<p>&nbsp;<\/p>\n<p><b style=\"font-size: 14pt;\"><span style=\"font-family: verdana, sans-serif; line-height: 20.48px;\"><span style=\"background-color: #ff0000;\">\u00a0\u00a0<\/span> Web de refer\u00e8ncia<\/span><\/b><span style=\"font-family: verdana, sans-serif; font-size: medium;\"><span style=\"font-size: 14pt;\"><b>:<\/b><\/span><\/span><\/p>\n<p><button><a style=\"color: #ffffff; font-size: 12pt;\" href=\"https:\/\/agora.xtec.cat\/ieslajonquera\/projecte-educatiu\/projectes\/club-de-lectura\/\" target=\"_blank\" rel=\"noopener\">Club de Lectura<\/a><\/button><\/p>\n<p><span style=\"font-size: 14pt;\"><span style=\"font-family: verdana, sans-serif;\"><b><span style=\"color: #ff0000; background-color: #ffff00;\">\u00a0\u00a0<\/span> \u00a0Referents de centre<\/b><\/span><span style=\"font-family: verdana, sans-serif;\"><b>:\u00a0<\/b><\/span><span style=\"font-family: verdana, sans-serif;\"><b>\u00a0<\/b><\/span><\/span><\/p>\n<ul style=\"list-style-type: circle;\">\n<li>Curs 2022-2023: <span style=\"font-size: medium;\">Olga Tribulietx i Sara Beltran<\/span><\/li>\n<li>Curs 2021-2022: <span style=\"font-size: medium;\">Olga Tribulietx i Sara Beltran<\/span><\/li>\n<li>Curs 2020-2021: <span style=\"font-size: medium;\">Olga Tribulietx i Sara Beltran<\/span><\/li>\n<li>Curs 2019-2020: Olga Tribulietx i Sara Beltran<\/li>\n<\/ul>\n<p><span style=\"font-family: verdana, sans-serif; font-size: 14pt;\"><b> <span style=\"background-color: #e69138;\">\u00a0\u00a0<\/span> Professorat acompanyant dins del centre: &#8211;<\/b><\/span><\/p>\n<p>Olga Tribulietx i Sara Beltran<\/p>\n<p><span style=\"font-family: verdana, sans-serif; font-size: medium;\"><span style=\"font-size: 14pt;\"><b><span style=\"color: #0b5394;\"><span style=\"background-color: #0b5394; color: #0b5394;\">\u00a0\u00a0<\/span> <\/span>Introducci\u00f3:<\/b><\/span><\/span><\/p>\n<p>El Club de Lectura es va engegar el curs 2019-2020 amb uns 25 alumnes d&#8217;ESO (primer, segon i quart) i Batxillerat (primer), que van assistir regularment a les trobades, a la biblioteca del centre, un cop al mes aproximadament i en horari lectiu (al llarg d&#8217;una de les \u00faltimes quatre hores dels divendres). La iniciativa va tenir molt bona acollida entre l&#8217;alumnat i al llarg de tot el curs el nombre de participants es va mantenir estable, amb una llista d&#8217;espera d&#8217;aproximadament quatre alumnes i molt poques baixes.<\/p>\n<p>El curs 2020-2021, a conseq\u00fc\u00e8ncia de les mesures contra la covid-19, no podem fer les sessions del Club de Lectura presencials, aix\u00ed \u00e9s que hem decidit que les xarxes socials seran les nostres aliades en aquesta nova etapa. Crearem booktrailers, ens convertirem en booktubers i comentarem les lectures a trav\u00e9s d&#8217;Instagram i YouTube.<\/p>\n<div>\n<div>\n<div class=\"sites-embed-align-center-wrapping-off\">\n<div class=\"sites-embed-border-on sites-embed\">\n<h4 class=\"sites-embed-title\" style=\"text-align: center;\">V\u00eddeo de Google Docs<\/h4>\n<div class=\"sites-embed-content sites-embed-type-docs-video\" style=\"text-align: center;\"><iframe loading=\"lazy\" src=\"https:\/\/docs.google.com\/file\/d\/1kF7aomgOKZ2_pXxPpw6E4USHnb1lLGYJ\/preview?authuser=1\" width=\"425\" height=\"265\" frameborder=\"0\" allowfullscreen=\"allowfullscreen\" data-ruffle-polyfilled=\"\" data-mce-fragment=\"1\"><\/iframe><\/div>\n<\/div>\n<\/div>\n<div>\n<div class=\"sites-embed-align-center-wrapping-off\">\n<div class=\"sites-embed-border-on sites-embed\">\n<h4 class=\"sites-embed-title\" style=\"text-align: center;\">V\u00eddeo de Google Docs<\/h4>\n<div class=\"sites-embed-content sites-embed-type-docs-video\" style=\"text-align: center;\"><iframe loading=\"lazy\" src=\"https:\/\/docs.google.com\/file\/d\/1fmDzIWxshiF6dkds9VqIHeL4_-laYvLC\/preview?authuser=1\" width=\"425\" height=\"265\" frameborder=\"0\" allowfullscreen=\"allowfullscreen\" data-ruffle-polyfilled=\"\" data-mce-fragment=\"1\"><\/iframe><\/div>\n<\/div>\n<\/div>\n<\/div>\n<\/div>\n<\/div>\n<div>\n<p><b style=\"font-family: verdana, sans-serif; font-size: medium;\"><span style=\"font-size: 14pt;\"><span style=\"background-color: #ffff00;\">\u00a0\u00a0<\/span> Projecte marc:<\/span><\/b><\/p>\n<p>El Club de Lectura \u00e9s una iniciativa que est\u00e0 relacionada amb el projecte de dinamitzaci\u00f3 de la biblioteca escolar i amb l&#8217;assessorament del Seminari de Clubs de Lectura de l&#8217;Alt Empord\u00e0, que dep\u00e8n del SEAE.<\/p>\n<h4><span style=\"font-family: verdana, sans-serif; font-size: 14pt;\"><b><span style=\"background-color: #e69138;\">\u00a0\u00a0<\/span> Calendari de sessions:<\/b><\/span><\/h4>\n<p>Per determinar<\/p>\n<p><span style=\"font-family: verdana, sans-serif; font-size: medium;\"><b><span style=\"font-size: 14pt;\"><span style=\"background-color: #0b5394;\">\u00a0\u00a0<\/span> Galeria d&#8217;imatges:<\/span><\/b><\/span><\/p>\n<\/div>\n<div>\n<table class=\"aligncenter\" border=\"1\" cellspacing=\"0\">\n<tbody>\n<tr>\n<td>\n<div><a href=\"https:\/\/sites.google.com\/a\/xtec.cat\/club-de-lectura-de-l-alt-emporda\/centres-participants\/ins-la-jonquera\/IMG_20200228_120612.jpg?attredirects=0\"><img loading=\"lazy\" decoding=\"async\" src=\"https:\/\/sites.google.com\/a\/xtec.cat\/club-de-lectura-de-l-alt-emporda\/_\/rsrc\/1612289756259\/centres-participants\/ins-la-jonquera\/IMG_20200228_120612.jpg?height=320&amp;width=240\" width=\"240\" height=\"320\" border=\"0\" \/><\/a><\/div>\n<\/td>\n<td>\n<div><a href=\"https:\/\/sites.google.com\/a\/xtec.cat\/club-de-lectura-de-l-alt-emporda\/centres-participants\/ins-la-jonquera\/IMG-20191030-WA0013.jpg?attredirects=0\"><img loading=\"lazy\" decoding=\"async\" src=\"https:\/\/sites.google.com\/a\/xtec.cat\/club-de-lectura-de-l-alt-emporda\/_\/rsrc\/1612290052605\/centres-participants\/ins-la-jonquera\/IMG-20191030-WA0013.jpg?height=320&amp;width=180\" width=\"180\" height=\"320\" border=\"0\" \/><\/a><\/div>\n<\/td>\n<td>\n<div><a href=\"https:\/\/sites.google.com\/a\/xtec.cat\/club-de-lectura-de-l-alt-emporda\/centres-participants\/ins-la-jonquera\/IMG-20191115-WA0000.jpg?attredirects=0\"><img loading=\"lazy\" decoding=\"async\" src=\"https:\/\/sites.google.com\/a\/xtec.cat\/club-de-lectura-de-l-alt-emporda\/_\/rsrc\/1612289541744\/centres-participants\/ins-la-jonquera\/IMG-20191115-WA0000.jpg?height=320&amp;width=240\" width=\"240\" height=\"320\" border=\"0\" \/><\/a><\/div>\n<\/td>\n<\/tr>\n<tr>\n<td>\n<div><a href=\"https:\/\/sites.google.com\/a\/xtec.cat\/club-de-lectura-de-l-alt-emporda\/centres-participants\/ins-la-jonquera\/IMG_20191213_120910.jpg?attredirects=0\"><img loading=\"lazy\" decoding=\"async\" src=\"https:\/\/sites.google.com\/a\/xtec.cat\/club-de-lectura-de-l-alt-emporda\/_\/rsrc\/1612289947962\/centres-participants\/ins-la-jonquera\/IMG_20191213_120910.jpg?height=320&amp;width=240\" width=\"240\" height=\"320\" border=\"0\" \/><\/a><\/div>\n<\/td>\n<td>\n<div><a href=\"https:\/\/sites.google.com\/a\/xtec.cat\/club-de-lectura-de-l-alt-emporda\/centres-participants\/ins-la-jonquera\/IMG-20191030-WA0011.jpg?attredirects=0\"><img loading=\"lazy\" decoding=\"async\" src=\"https:\/\/sites.google.com\/a\/xtec.cat\/club-de-lectura-de-l-alt-emporda\/_\/rsrc\/1612289506559\/centres-participants\/ins-la-jonquera\/IMG-20191030-WA0011.jpg?height=320&amp;width=180\" width=\"180\" height=\"320\" border=\"0\" \/><\/a><\/div>\n<\/td>\n<td>\n<div><a href=\"https:\/\/sites.google.com\/a\/xtec.cat\/club-de-lectura-de-l-alt-emporda\/centres-participants\/ins-la-jonquera\/IMG_20191213_134727.jpg?attredirects=0\"><img loading=\"lazy\" decoding=\"async\" src=\"https:\/\/sites.google.com\/a\/xtec.cat\/club-de-lectura-de-l-alt-emporda\/_\/rsrc\/1612289482677\/centres-participants\/ins-la-jonquera\/IMG_20191213_134727.jpg?height=320&amp;width=240\" width=\"240\" height=\"320\" border=\"0\" \/><\/a><\/div>\n<\/td>\n<\/tr>\n<\/tbody>\n<\/table>\n<p><span style=\"font-family: verdana, sans-serif; font-size: medium;\"><b>\u00a0<\/b><\/span><\/p>\n<\/div>\n","protected":false},"excerpt":{"rendered":"<p>&nbsp; \u00a0\u00a0 Web de refer\u00e8ncia: Club de Lectura \u00a0\u00a0 \u00a0Referents de centre:\u00a0\u00a0 Curs 2022-2023: Olga Tribulietx i Sara Beltran Curs 2021-2022: Olga Tribulietx i Sara Beltran Curs 2020-2021: Olga Tribulietx i Sara Beltran Curs 2019-2020: Olga Tribulietx i Sara Beltran \u00a0\u00a0 Professorat acompanyant dins del centre: &#8211; Olga Tribulietx i Sara Beltran \u00a0\u00a0 Introducci\u00f3: El [&hellip;]<\/p>\n","protected":false},"author":4,"featured_media":0,"parent":16187,"menu_order":0,"comment_status":"closed","ping_status":"closed","template":"","meta":{"_bbp_topic_count":0,"_bbp_reply_count":0,"_bbp_total_topic_count":0,"_bbp_total_reply_count":0,"_bbp_voice_count":0,"_bbp_anonymous_reply_count":0,"_bbp_topic_count_hidden":0,"_bbp_reply_count_hidden":0,"_bbp_forum_subforum_count":0,"site-sidebar-layout":"default","site-content-layout":"","ast-site-content-layout":"","site-content-style":"default","site-sidebar-style":"default","ast-global-header-display":"","ast-banner-title-visibility":"","ast-main-header-display":"","ast-hfb-above-header-display":"","ast-hfb-below-header-display":"","ast-hfb-mobile-header-display":"","site-post-title":"","ast-breadcrumbs-content":"","ast-featured-img":"","footer-sml-layout":"","theme-transparent-header-meta":"","adv-header-id-meta":"","stick-header-meta":"","header-above-stick-meta":"","header-main-stick-meta":"","header-below-stick-meta":"","astra-migrate-meta-layouts":"default","ast-page-background-enabled":"default","ast-page-background-meta":{"desktop":{"background-color":"var(--ast-global-color-4)","background-image":"","background-repeat":"repeat","background-position":"center center","background-size":"auto","background-attachment":"scroll","background-type":"","background-media":"","overlay-type":"","overlay-color":"","overlay-opacity":"","overlay-gradient":""},"tablet":{"background-color":"","background-image":"","background-repeat":"repeat","background-position":"center center","background-size":"auto","background-attachment":"scroll","background-type":"","background-media":"","overlay-type":"","overlay-color":"","overlay-opacity":"","overlay-gradient":""},"mobile":{"background-color":"","background-image":"","background-repeat":"repeat","background-position":"center center","background-size":"auto","background-attachment":"scroll","background-type":"","background-media":"","overlay-type":"","overlay-color":"","overlay-opacity":"","overlay-gradient":""}},"ast-content-background-meta":{"desktop":{"background-color":"var(--ast-global-color-5)","background-image":"","background-repeat":"repeat","background-position":"center center","background-size":"auto","background-attachment":"scroll","background-type":"","background-media":"","overlay-type":"","overlay-color":"","overlay-opacity":"","overlay-gradient":""},"tablet":{"background-color":"var(--ast-global-color-5)","background-image":"","background-repeat":"repeat","background-position":"center center","background-size":"auto","background-attachment":"scroll","background-type":"","background-media":"","overlay-type":"","overlay-color":"","overlay-opacity":"","overlay-gradient":""},"mobile":{"background-color":"var(--ast-global-color-5)","background-image":"","background-repeat":"repeat","background-position":"center center","background-size":"auto","background-attachment":"scroll","background-type":"","background-media":"","overlay-type":"","overlay-color":"","overlay-opacity":"","overlay-gradient":""}},"footnotes":""},"class_list":["post-16299","page","type-page","status-publish","hentry"],"post_mailing_queue_ids":[],"_links":{"self":[{"href":"https:\/\/serveiseducatius.xtec.cat\/altemporda\/wp-json\/wp\/v2\/pages\/16299","targetHints":{"allow":["GET"]}}],"collection":[{"href":"https:\/\/serveiseducatius.xtec.cat\/altemporda\/wp-json\/wp\/v2\/pages"}],"about":[{"href":"https:\/\/serveiseducatius.xtec.cat\/altemporda\/wp-json\/wp\/v2\/types\/page"}],"author":[{"embeddable":true,"href":"https:\/\/serveiseducatius.xtec.cat\/altemporda\/wp-json\/wp\/v2\/users\/4"}],"replies":[{"embeddable":true,"href":"https:\/\/serveiseducatius.xtec.cat\/altemporda\/wp-json\/wp\/v2\/comments?post=16299"}],"version-history":[{"count":4,"href":"https:\/\/serveiseducatius.xtec.cat\/altemporda\/wp-json\/wp\/v2\/pages\/16299\/revisions"}],"predecessor-version":[{"id":21054,"href":"https:\/\/serveiseducatius.xtec.cat\/altemporda\/wp-json\/wp\/v2\/pages\/16299\/revisions\/21054"}],"up":[{"embeddable":true,"href":"https:\/\/serveiseducatius.xtec.cat\/altemporda\/wp-json\/wp\/v2\/pages\/16187"}],"wp:attachment":[{"href":"https:\/\/serveiseducatius.xtec.cat\/altemporda\/wp-json\/wp\/v2\/media?parent=16299"}],"curies":[{"name":"wp","href":"https:\/\/api.w.org\/{rel}","templated":true}]}}