{"id":16294,"date":"2022-02-21T18:41:17","date_gmt":"2022-02-21T17:41:17","guid":{"rendered":"https:\/\/serveiseducatius.xtec.cat\/altemporda\/?page_id=16294"},"modified":"2023-06-27T08:49:06","modified_gmt":"2023-06-27T06:49:06","slug":"ins-llanca","status":"publish","type":"page","link":"https:\/\/serveiseducatius.xtec.cat\/altemporda\/clubs-de-lectura\/centres-participants\/ins-llanca\/","title":{"rendered":"INS Llan\u00e7\u00e0"},"content":{"rendered":"<p><b style=\"font-size: 14pt;\"><span style=\"font-family: verdana, sans-serif; line-height: 20.48px;\"><span style=\"background-color: #ff0000;\">\u00a0\u00a0<\/span> Web de refer\u00e8ncia<\/span><\/b><span style=\"font-family: verdana, sans-serif; font-size: medium;\"><span style=\"font-size: 14pt;\"><b>:<\/b><\/span><\/span><\/p>\n<p>&nbsp;<\/p>\n<p><span style=\"font-size: 14pt;\"><span style=\"font-family: verdana, sans-serif;\"><b><span style=\"color: #ff0000; background-color: #ffff00;\">\u00a0\u00a0<\/span> \u00a0Referents de centre<\/b><\/span><span style=\"font-family: verdana, sans-serif;\"><b>:\u00a0<\/b><\/span><span style=\"font-family: verdana, sans-serif;\"><b>\u00a0<\/b><\/span><\/span><\/p>\n<ul style=\"list-style-type: circle;\">\n<li>Curs 2019-2020: M\u00f2nica Bardera<\/li>\n<li>Curs 2018-2019: M\u00f2nica Bardera<\/li>\n<\/ul>\n<p><span style=\"font-family: verdana, sans-serif; font-size: 14pt;\"><b> <span style=\"background-color: #e69138;\">\u00a0\u00a0<\/span> Professorat acompanyant dins del centre: &#8211;<\/b><\/span><\/p>\n<p>M\u00f2nica Bardera<\/p>\n<p><span style=\"font-family: verdana, sans-serif; font-size: medium;\"><span style=\"font-size: 14pt;\"><b><span style=\"color: #0b5394;\"><span style=\"background-color: #0b5394; color: #0b5394;\">\u00a0\u00a0<\/span> <\/span>Introducci\u00f3:<\/b><\/span><\/span><\/p>\n<p>El Club de Lectura de l&#8217;Ins Llan\u00e7\u00e0 s&#8217;ha creat aquest curs per primera vegada. Ha tingut molt bona rebuda, ja que s&#8217;hi han apuntant vint-i-cinc alumnes de l&#8217;Eso i una alumna de batxillerat.<br \/>\nPer ser el primer curs, les trobades s&#8217;han realitzat a l&#8217;hora del pati. Inicialment, hi havia la proposta de fer-les en hores no lectives, per\u00f2 els alumnes tenien activitats extraescolars i, segurament, no hi hagu\u00e9s hagut gaire participaci\u00f3. D&#8217;aquesta manera, tots han assistit i cada sessi\u00f3 s&#8217;ha acompanyat d&#8217;un petit piscolabis.<br \/>\nEls llibres ens els ha facilitat la Biblioteca Pere Calders de Llan\u00e7\u00e0.<\/p>\n<p><b style=\"font-family: verdana, sans-serif; font-size: medium;\"><span style=\"font-size: 14pt;\"><span style=\"background-color: #ffff00;\">\u00a0\u00a0<\/span> Projecte marc:<\/span><\/b><\/p>\n<p>&nbsp;<\/p>\n<h4><span style=\"font-family: verdana, sans-serif; font-size: 14pt;\"><b><span style=\"background-color: #e69138;\">\u00a0\u00a0<\/span> Calendari de sessions:<\/b><\/span><\/h4>\n<p>&nbsp;<\/p>\n<p><span style=\"font-family: verdana, sans-serif; font-size: medium;\"><b><span style=\"font-size: 14pt;\"><span style=\"background-color: #0b5394;\">\u00a0\u00a0<\/span>\u00a0Galeria d&#8217;imatges:<\/span><\/b><\/span><\/p>\n<div style=\"line-height: 17.0667px;\">\n<div>\n<div>\n<div style=\"font-size: 13.6px;\"><\/div>\n<\/div>\n<\/div>\n<\/div>\n","protected":false},"excerpt":{"rendered":"<p>\u00a0\u00a0 Web de refer\u00e8ncia: &nbsp; \u00a0\u00a0 \u00a0Referents de centre:\u00a0\u00a0 Curs 2019-2020: M\u00f2nica Bardera Curs 2018-2019: M\u00f2nica Bardera \u00a0\u00a0 Professorat acompanyant dins del centre: &#8211; M\u00f2nica Bardera \u00a0\u00a0 Introducci\u00f3: El Club de Lectura de l&#8217;Ins Llan\u00e7\u00e0 s&#8217;ha creat aquest curs per primera vegada. Ha tingut molt bona rebuda, ja que s&#8217;hi han apuntant vint-i-cinc alumnes de [&hellip;]<\/p>\n","protected":false},"author":4,"featured_media":0,"parent":16187,"menu_order":0,"comment_status":"closed","ping_status":"closed","template":"","meta":{"_bbp_topic_count":0,"_bbp_reply_count":0,"_bbp_total_topic_count":0,"_bbp_total_reply_count":0,"_bbp_voice_count":0,"_bbp_anonymous_reply_count":0,"_bbp_topic_count_hidden":0,"_bbp_reply_count_hidden":0,"_bbp_forum_subforum_count":0,"site-sidebar-layout":"default","site-content-layout":"","ast-site-content-layout":"","site-content-style":"default","site-sidebar-style":"default","ast-global-header-display":"","ast-banner-title-visibility":"","ast-main-header-display":"","ast-hfb-above-header-display":"","ast-hfb-below-header-display":"","ast-hfb-mobile-header-display":"","site-post-title":"","ast-breadcrumbs-content":"","ast-featured-img":"","footer-sml-layout":"","theme-transparent-header-meta":"","adv-header-id-meta":"","stick-header-meta":"","header-above-stick-meta":"","header-main-stick-meta":"","header-below-stick-meta":"","astra-migrate-meta-layouts":"default","ast-page-background-enabled":"default","ast-page-background-meta":{"desktop":{"background-color":"var(--ast-global-color-4)","background-image":"","background-repeat":"repeat","background-position":"center center","background-size":"auto","background-attachment":"scroll","background-type":"","background-media":"","overlay-type":"","overlay-color":"","overlay-opacity":"","overlay-gradient":""},"tablet":{"background-color":"","background-image":"","background-repeat":"repeat","background-position":"center center","background-size":"auto","background-attachment":"scroll","background-type":"","background-media":"","overlay-type":"","overlay-color":"","overlay-opacity":"","overlay-gradient":""},"mobile":{"background-color":"","background-image":"","background-repeat":"repeat","background-position":"center center","background-size":"auto","background-attachment":"scroll","background-type":"","background-media":"","overlay-type":"","overlay-color":"","overlay-opacity":"","overlay-gradient":""}},"ast-content-background-meta":{"desktop":{"background-color":"var(--ast-global-color-5)","background-image":"","background-repeat":"repeat","background-position":"center center","background-size":"auto","background-attachment":"scroll","background-type":"","background-media":"","overlay-type":"","overlay-color":"","overlay-opacity":"","overlay-gradient":""},"tablet":{"background-color":"var(--ast-global-color-5)","background-image":"","background-repeat":"repeat","background-position":"center center","background-size":"auto","background-attachment":"scroll","background-type":"","background-media":"","overlay-type":"","overlay-color":"","overlay-opacity":"","overlay-gradient":""},"mobile":{"background-color":"var(--ast-global-color-5)","background-image":"","background-repeat":"repeat","background-position":"center center","background-size":"auto","background-attachment":"scroll","background-type":"","background-media":"","overlay-type":"","overlay-color":"","overlay-opacity":"","overlay-gradient":""}},"footnotes":""},"class_list":["post-16294","page","type-page","status-publish","hentry"],"post_mailing_queue_ids":[],"_links":{"self":[{"href":"https:\/\/serveiseducatius.xtec.cat\/altemporda\/wp-json\/wp\/v2\/pages\/16294","targetHints":{"allow":["GET"]}}],"collection":[{"href":"https:\/\/serveiseducatius.xtec.cat\/altemporda\/wp-json\/wp\/v2\/pages"}],"about":[{"href":"https:\/\/serveiseducatius.xtec.cat\/altemporda\/wp-json\/wp\/v2\/types\/page"}],"author":[{"embeddable":true,"href":"https:\/\/serveiseducatius.xtec.cat\/altemporda\/wp-json\/wp\/v2\/users\/4"}],"replies":[{"embeddable":true,"href":"https:\/\/serveiseducatius.xtec.cat\/altemporda\/wp-json\/wp\/v2\/comments?post=16294"}],"version-history":[{"count":2,"href":"https:\/\/serveiseducatius.xtec.cat\/altemporda\/wp-json\/wp\/v2\/pages\/16294\/revisions"}],"predecessor-version":[{"id":21051,"href":"https:\/\/serveiseducatius.xtec.cat\/altemporda\/wp-json\/wp\/v2\/pages\/16294\/revisions\/21051"}],"up":[{"embeddable":true,"href":"https:\/\/serveiseducatius.xtec.cat\/altemporda\/wp-json\/wp\/v2\/pages\/16187"}],"wp:attachment":[{"href":"https:\/\/serveiseducatius.xtec.cat\/altemporda\/wp-json\/wp\/v2\/media?parent=16294"}],"curies":[{"name":"wp","href":"https:\/\/api.w.org\/{rel}","templated":true}]}}