{"id":16290,"date":"2022-02-21T18:22:35","date_gmt":"2022-02-21T17:22:35","guid":{"rendered":"https:\/\/serveiseducatius.xtec.cat\/altemporda\/?page_id=16290"},"modified":"2026-01-15T10:25:19","modified_gmt":"2026-01-15T09:25:19","slug":"ins-illa-de-rodes-roses","status":"publish","type":"page","link":"https:\/\/serveiseducatius.xtec.cat\/altemporda\/clubs-de-lectura\/centres-participants\/ins-illa-de-rodes-roses\/","title":{"rendered":"INS Illa de Rodes (Roses)"},"content":{"rendered":"<p><b style=\"font-size: 14pt;\"><span style=\"font-family: verdana, sans-serif; line-height: 20.48px;\"><span style=\"background-color: #ff0000;\">\u00a0\u00a0<\/span> Web de refer\u00e8ncia<\/span><\/b><span style=\"font-family: verdana, sans-serif; font-size: medium;\"><span style=\"font-size: 14pt;\"><b>:<\/b><\/span><\/span><\/p>\n<p style=\"text-align: center;\"><button><a style=\"color: #ffffff; font-size: 12pt;\" href=\"https:\/\/illamediateca.home.blog\/\" target=\"_blank\" rel=\"noopener\">Club de Lectura<\/a><\/button><\/p>\n<p><span style=\"font-size: 14pt;\"><span style=\"font-family: verdana, sans-serif;\"><b><span style=\"color: #ff0000; background-color: #ffff00;\">\u00a0\u00a0<\/span> \u00a0Referents de centre<\/b><\/span><span style=\"font-family: verdana, sans-serif;\"><b>:<\/b><\/span><\/span><\/p>\n<ul style=\"list-style-type: circle;\">\n<li>Curs 2025-2026: Sandra Canaleta<\/li>\n<li>Curs 2024-2025: Sandra Canaleta<\/li>\n<li>Curs 2023-2024: Sandra Canaleta<\/li>\n<li>Curs 2022-2023: Sandra Canaleta<\/li>\n<li>Curs 2021-2022: Montserrat Batllosera<\/li>\n<li>Curs 2020-2021: Montserrat Batllosera<\/li>\n<li>Curs 2018-2019: Montserrat Batllosera<\/li>\n<li>Curs 2017-2018: Montserrat Batllosera<\/li>\n<li>Curs 2016-2017: Montserrat Batllosera<\/li>\n<\/ul>\n<p><span style=\"font-family: verdana, sans-serif; font-size: 14pt;\"><b><span style=\"background-color: #e69138;\">\u00a0\u00a0<\/span> Professorat acompanyant dins del centre:<\/b><\/span><\/p>\n<p><span style=\"font-family: verdana, sans-serif; font-size: medium;\">Variable depenent de la sessi\u00f3<\/span><\/p>\n<p><span style=\"font-family: verdana, sans-serif; font-size: medium;\"><span style=\"font-size: 14pt;\"><b><span style=\"color: #0b5394;\"><span style=\"background-color: #0b5394; color: #0b5394;\">\u00a0\u00a0<\/span> <\/span>Introducci\u00f3 i hist\u00f2ria:<\/b><\/span><\/span><\/p>\n<p><span style=\"font-size: medium;\">El club de lectura de l&#8217;institut Illa de Rodes neix el curs\u00a0<b>2016-2017<\/b>\u00a0en el marc del projecte de dinamitzaci\u00f3 de la mediateca del centre. Un dels eixos de treball de la mediateca de l\u2019institut \u00e9s convertir-la en espai de creaci\u00f3 i foment de l\u2019h\u00e0bit lector, a partir d\u2019una bona tasca de difusi\u00f3 i una bona formaci\u00f3 d\u2019usuaris. La mediateca pot ajudar a desenvolupar la compet\u00e8ncia i la responsabilitat lectora a totes les etapes educatives oferint llibres de qualitat i recursos seleccionats i organitzats segons l\u2019edat, en un espai agradable i amb un servei regular d\u2019assessorament i pr\u00e9stec. Per\u00f2, a m\u00e9s a m\u00e9s, vol promoure la lectura com a font d\u2019aprenentatge i plaer. En aquest sentit decidim, el curs 2016-2017, impulsar el club de lectura del centre, i ens inscrivim en el seminari de clubs de lectura de l\u2019Alt Empord\u00e0.<\/span><\/p>\n<p><span style=\"font-size: medium;\">En un principi pensem en un club que pugui reunir tot l\u2019alumnat de l\u2019institut, des de 1r d\u2019ESO fins a 2n de Batxillerat. El primer curs que impulsem el projecte fem una sola sessi\u00f3, d\u2019una hora de durada, en horari lectiu. S\u2019apunten al club 44 alumnes. La majoria s\u00f3n de 1r d\u2019ESO, i la resta es reparteixen entre tots els altres cursos. Pensem en un llibre que pugui interessar a totes les edats i triem\u00a0<i>La porta dels tres panys<\/i>, de S\u00f2nia Fern\u00e1ndez-Vidal, un llibre que vol divulgar alguns conceptes de la f\u00edsica qu\u00e0ntica. Amb l\u2019autora aconseguim de fer una videoconfer\u00e8ncia per parlar del llibre.<\/span><\/p>\n<p><span style=\"font-size: medium;\">En finalitzar el curs, participem en la trobada de clubs de lectura de l\u2019Alt Empord\u00e0, organitzat pel Seminari de professors de Clubs de Lectura de Secund\u00e0ria, amb la pres\u00e8ncia de l\u2019escriptora Merc\u00e8 Saurina. L\u2019intercanvi entre l\u2019alumnat dels diversos centres per parlar de llibres \u00e9s molt ben valorat pels participants.<\/span><span style=\"font-size: medium;\">\u00a0De cadascuna d\u2019aquestes activitats publiquem not\u00edcies a la p\u00e0gina web de l\u2019institut.<br \/>\n<\/span><\/p>\n<p><span style=\"font-size: medium;\">El segon curs que portem a terme l&#8217;activitat (<b>2017-2018<\/b>) s&#8217;inscriuen al club de lectura 60 alumnes, la majoria de primer cicle d&#8217;ESO. Per aix\u00f2 decidim fer tres grups diferenciats: el primer per a 1r d&#8217;ESO, el segon per a 2n d&#8217;ESO i el tercer que agrupi l&#8217;alumnat de 2n cicle d&#8217;ESO i de Batxillerat. Les lectures dels dos primers grups s\u00f3n les mateixes i les del tercer grup s\u00f3n diferenciades. Fem dues sessions de club de lectura amb cada grup, durant el curs escolar, d&#8217;una hora de durada en horari lectiu. En una d&#8217;aquestes sessions, dedicada al llibre\u00a0<i>Ullals<\/i>, comptem amb la pres\u00e8ncia de l&#8217;autor, Sebasti\u00e0 Roig. En finalitzar el curs, tornem a participar a la trobada de Clubs de Lectura de Secund\u00e0ria, amb la pres\u00e8ncia de l&#8217;escriptora Maite Carranza. Continuem, igual que el curs anterior, publicant les not\u00edcies que genera el club de lectura a la p\u00e0gina web de l&#8217;institut.<br \/>\n<\/span><\/p>\n<p>El tercer curs que fem club de lectura (<b>2018-2019<\/b>) s&#8217;hi inscriuen 61 alumnes (4 de 1r d&#8217;ESO, 33 de 2n, 17 de 3r, 2 de 4t i 5 de 2n de Batxillerat). A causa del gruix d&#8217;alumnes interessats decidim fer tres grups diferenciats en cada sessi\u00f3 del club: el primer i el segon per a repartir l&#8217;alumnat de primer cicle i el tercer per a l&#8217;alumnat de 2n cicle d&#8217;ESO i de Batxillerat. Les lectures dels dos primers grups s\u00f3n les mateixes i les del tercer grup s\u00f3n diferenciades. Les sessions de club de lectura amb cada grup, durant el curs escolar, s\u00f3n d&#8217;una hora de durada i es fan en horari lectiu. En una d&#8217;aquestes sessions, comentem el llibre\u00a0<i>Quantic love<\/i>, de S\u00f2nia Fern\u00e1ndez-Vidal, i en una altra comentem\u00a0<i>L&#8217;amic retrobat<\/i>, de Fred Uhlman. Durant aquest curs escolar dediquem una sessi\u00f3, tamb\u00e9, a recollir els interessos lectors de l&#8217;alumnat i a fer bookfaces a partir de les portades d&#8217;uns llibres seleccionats pr\u00e8viament. En finalitzar el curs, tornem a participar a la trobada de Clubs de Lectura de Secund\u00e0ria, amb la pres\u00e8ncia de l&#8217;escriptora S\u00f2nia Fern\u00e1ndez-Vidal.<\/p>\n<p>Durant el curs\u00a0<b>2019-2020<\/b>\u00a0el funcionament del club de lectura es veu afectat per la covid-19. S&#8217;hi inscriuen 58 alumnes (15 de 1r d&#8217;ESO, 2 de 2n, 20 de 3r, 19 de 4t i 2 de 2n de Batxillerat). Es programen tres sessions de club de lectura a cada trimestre: una amb l&#8217;alumnat de 1r i 2n, una altra amb l&#8217;alumnat de 3r i la tercera amb l&#8217;alumnat de 4t i Batxillerat.\u00a0Les sessions del club de lectura s\u00f3n d&#8217;una hora de durada i es fan en horari lectiu.\u00a0Les previstes per al tercer trimestre, per\u00f2, no es poden portar a terme a causa del confinament del centre. A primer cicle d&#8217;ESO, es programen les lectures seg\u00fcents:\u00a0<i>El llarg viatge de Mariatu Kamara<\/i>, de Mariatu Kamara;\u00a0<i>Un fill<\/i>, d&#8217;Alejandro Palomas, i\u00a0<i>Mentida<\/i>, de Care Santos. I, a segon cicle d&#8217;ESO i Batxillerat:\u00a0<i>Per 13 raons<\/i>, de Jay Asher;\u00a0<i>T\u00f2quio<\/i>, de Graham Marks, i\u00a0<i>Mentida<\/i>, de Care Santos. A finals de\u00a0curs, no podem participar a la trobada de Clubs de Lectura de Secund\u00e0ria on s&#8217;havia previst la pres\u00e8ncia de l&#8217;escriptora Care Santos.<\/p>\n<p>Durant el curs <strong>2025-2026<\/strong> el club de lectura compta amb 45 participants. L\u2019alumnat de 1r i 2n d\u2019ESO llegeix <em>Lluny del m\u00f3n<\/em>, de K.P. Kavafis i la il\u00b7lustradora Mar Borrajo; <em>El llop<\/em>, de Sasa Stanisic; <em>Criatures impossibles<\/em>, de la Katherine Rundell, i <em>Germanes, gossos, friquis i altres esp\u00e8cimens<\/em>, de Maite Carranza i J\u00falia Prats. L\u2019alumnat de 3r i 4t d\u2019ESO llegeix <em>Un estiu<\/em>, de Cl\u00e0udia Serra;<br \/>\n<em>Els reis de la muntanya<\/em>, de Daniel Hern\u00e1ndez Chambers; <em>Guia per a lesbianes a l\u2019escola cat\u00f2lica<\/em>, de Sonora Reyes, i <em>L\u2019al\u00e8 del drac<\/em>, de Maite Carranza.<\/p>\n<p>Aquest curs participem tamb\u00e9 com a jurat en el Premi Protagonista Jove, organitzat pel Consell Catal\u00e0 del llibre Infantil i Juvenil i, a m\u00e9s a m\u00e9s, tenim l\u2019oportunitat de veure en directe, des de l\u2019institut, la gala dels Premis Protagonista Jove, que aquest any t\u00e9 lloc a Reus.<\/p>\n<p>En acabar-se el curs, participem en la trobada de clubs de lectura de Secund\u00e0ria de l\u2019Alt Empord\u00e0, que es porta a terme a Figueres el dia 29 de maig, on podem gaudir d\u2019una confer\u00e8ncia de l\u2019escriptora Maite Carranza, i on els membres del club de lectura participen en un intercanvi lector amb els membres dels clubs d\u2019altres instituts de la comarca.<\/p>\n<div>\n<hr \/>\n<p><span style=\"font-family: verdana, sans-serif; font-size: medium;\"><b><span style=\"font-size: 14pt;\"><span style=\"background-color: #0b5394;\">\u00a0\u00a0<\/span>\u00a0Galeria d&#8217;imatges:<\/span><\/b><\/span><\/p>\n<\/div>\n<div><span style=\"font-family: verdana, sans-serif; font-size: medium;\"><b>\u00a0<\/b><\/span><\/div>\n<div>\n<div><a href=\"https:\/\/sites.google.com\/a\/xtec.cat\/club-de-lectura-de-l-alt-emporda\/centres-participants\/ins-illa-de-rodes-roses\/20170206_114451.jpg?attredirects=0\"><img loading=\"lazy\" decoding=\"async\" class=\"aligncenter\" src=\"https:\/\/sites.google.com\/a\/xtec.cat\/club-de-lectura-de-l-alt-emporda\/_\/rsrc\/1612179424836\/centres-participants\/ins-illa-de-rodes-roses\/20170206_114451.jpg\" alt=\"Videoconfer\u00e8ncia S\u00f2nia Fern\u00e1ndez-Vidal (2016\/2017)\" width=\"1001\" height=\"601\" border=\"0\" \/><\/a><\/div>\n<p><span style=\"font-family: verdana, sans-serif; font-size: medium;\"><b>\u00a0<\/b><\/span><\/p>\n<\/div>\n<div><span style=\"font-family: verdana, sans-serif; font-size: medium;\">Videoconfer\u00e8ncia amb S\u00f2nia Fern\u00e1ndez-Vidal,\u00a0<i>La porta dels tres panys<\/i>\u00a0(curs 2016-2017)<\/span><\/div>\n<div><span style=\"font-family: verdana, sans-serif; font-size: medium;\">\u00a0<\/span><\/div>\n<div>\n<div><a href=\"https:\/\/sites.google.com\/a\/xtec.cat\/club-de-lectura-de-l-alt-emporda\/centres-participants\/ins-illa-de-rodes-roses\/Ullals.jpg?attredirects=0\"><img loading=\"lazy\" decoding=\"async\" class=\"aligncenter\" src=\"https:\/\/sites.google.com\/a\/xtec.cat\/club-de-lectura-de-l-alt-emporda\/_\/rsrc\/1612179424839\/centres-participants\/ins-illa-de-rodes-roses\/Ullals.jpg\" width=\"1001\" height=\"672\" border=\"0\" \/><\/a><\/div>\n<\/div>\n<div><span style=\"font-family: verdana, sans-serif; font-size: medium;\">Sessi\u00f3 club de lectura 2n cicle d&#8217;ESO i batxillerat amb Sebasti\u00e0 Roig,\u00a0<i>Ullals<\/i>\u00a0(curs 2017-2018)<\/span><\/div>\n<div><span style=\"font-family: verdana, sans-serif; font-size: medium;\">\u00a0<\/span><\/div>\n<div>\n<div><a href=\"https:\/\/sites.google.com\/a\/xtec.cat\/club-de-lectura-de-l-alt-emporda\/centres-participants\/ins-illa-de-rodes-roses\/-9.jpg?attredirects=0\"><img loading=\"lazy\" decoding=\"async\" class=\"aligncenter\" src=\"https:\/\/sites.google.com\/a\/xtec.cat\/club-de-lectura-de-l-alt-emporda\/_\/rsrc\/1612179424836\/centres-participants\/ins-illa-de-rodes-roses\/-9.jpg\" width=\"1000\" height=\"552\" border=\"0\" \/><\/a><\/div>\n<div><\/div>\n<p>Sessi\u00f3 club de lectura 1r d&#8217;ESO:\u00a0<i>La pel\u00b7l\u00edcula de la vida<\/i>, Maite Carranza\u00a0(curs 2017-2018)<\/p>\n<\/div>\n<div><span style=\"font-family: verdana, sans-serif; font-size: medium;\">\u00a0<\/span><\/div>\n<div>\n<div><a href=\"https:\/\/sites.google.com\/a\/xtec.cat\/club-de-lectura-de-l-alt-emporda\/centres-participants\/ins-illa-de-rodes-roses\/30652302_1731168120259703_4114020027466776576_o.jpg?attredirects=0\"><img loading=\"lazy\" decoding=\"async\" class=\"aligncenter\" src=\"https:\/\/sites.google.com\/a\/xtec.cat\/club-de-lectura-de-l-alt-emporda\/_\/rsrc\/1612179424837\/centres-participants\/ins-illa-de-rodes-roses\/30652302_1731168120259703_4114020027466776576_o.jpg\" width=\"1000\" height=\"533\" border=\"0\" \/><\/a><\/div>\n<p>Sessi\u00f3 club de lectura 2n cicle d&#8217;ESO i batxillerat:\u00a0<i>Paraules emmetzinades<\/i>, Maite Carranza\u00a0(curs 2017-2018)<\/p>\n<div><a href=\"https:\/\/sites.google.com\/a\/xtec.cat\/club-de-lectura-de-l-alt-emporda\/centres-participants\/ins-illa-de-rodes-roses\/30652634_1731168123593036_4998832536537792512_n.jpg?attredirects=0\"><img loading=\"lazy\" decoding=\"async\" class=\"aligncenter\" src=\"https:\/\/sites.google.com\/a\/xtec.cat\/club-de-lectura-de-l-alt-emporda\/_\/rsrc\/1612179424837\/centres-participants\/ins-illa-de-rodes-roses\/30652634_1731168123593036_4998832536537792512_n.jpg\" width=\"1000\" height=\"575\" border=\"0\" \/><\/a><\/div>\n<p>Sessi\u00f3 club de lectura 2n d&#8217;ESO:\u00a0<i>La pel\u00b7l\u00edcula de la vida<\/i>, Maite Carranza\u00a0(curs 2017-2018)<\/p>\n<\/div>\n<div><span style=\"font-family: verdana, sans-serif; font-size: medium;\">\u00a0<\/span><\/div>\n<div>\n<div><a href=\"https:\/\/sites.google.com\/a\/xtec.cat\/club-de-lectura-de-l-alt-emporda\/centres-participants\/ins-illa-de-rodes-roses\/25550103_1616346988408484_517046896868691333_n.jpg?attredirects=0\"><img loading=\"lazy\" decoding=\"async\" class=\"aligncenter\" src=\"https:\/\/sites.google.com\/a\/xtec.cat\/club-de-lectura-de-l-alt-emporda\/_\/rsrc\/1612179424837\/centres-participants\/ins-illa-de-rodes-roses\/25550103_1616346988408484_517046896868691333_n.jpg\" width=\"1000\" height=\"749\" border=\"0\" \/><\/a><\/div>\n<p>Sessi\u00f3 club de lectura 1r i 2n d&#8217;ESO:\u00a0<i>L&#8217;evoluci\u00f3 de la Calpurnia Tate<\/i>, Maite Carranza\u00a0(curs 2017-2018)<\/p>\n<\/div>\n<div>&#8212;&#8212;&#8212;&#8212;&#8212;&#8212;&#8212;&#8212;&#8212;&#8212;&#8212;&#8212;&#8212;&#8212;&#8212;&#8212;&#8212;&#8212;&#8212;&#8212;&#8212;&#8212;&#8212;&#8212;&#8212;&#8212;&#8212;&#8212;&#8212;&#8212;&#8212;&#8212;&#8212;&#8212;&#8212;<\/div>\n<div><\/div>\n<div>Exemples de bookfaces fets per l&#8217;alumnat durant el curs 2018-2019:<\/div>\n<div><\/div>\n<div>\n<div><a href=\"https:\/\/sites.google.com\/a\/xtec.cat\/club-de-lectura-de-l-alt-emporda\/centres-participants\/ins-illa-de-rodes-roses\/Aina%20Ros%20Adrian%20San%20Miguel%20Ruben%20Arin.jpg?attredirects=0\"><img loading=\"lazy\" decoding=\"async\" class=\"aligncenter\" src=\"https:\/\/sites.google.com\/a\/xtec.cat\/club-de-lectura-de-l-alt-emporda\/_\/rsrc\/1612179424838\/centres-participants\/ins-illa-de-rodes-roses\/Aina%20Ros%20Adrian%20San%20Miguel%20Ruben%20Arin.jpg\" width=\"1001\" height=\"1335\" border=\"0\" \/><\/a><\/div>\n<p><span style=\"font-family: verdana, sans-serif; font-size: medium;\">\u00a0<\/span><\/p>\n<div><a href=\"https:\/\/sites.google.com\/a\/xtec.cat\/club-de-lectura-de-l-alt-emporda\/centres-participants\/ins-illa-de-rodes-roses\/20190320_125712%20%281%29.jpg?attredirects=0\"><img loading=\"lazy\" decoding=\"async\" class=\"aligncenter\" src=\"https:\/\/sites.google.com\/a\/xtec.cat\/club-de-lectura-de-l-alt-emporda\/_\/rsrc\/1612179424837\/centres-participants\/ins-illa-de-rodes-roses\/20190320_125712%20%281%29.jpg\" width=\"1001\" height=\"1335\" border=\"0\" \/><\/a><\/div>\n<p><span style=\"font-family: verdana, sans-serif; font-size: medium;\">\u00a0<\/span><\/p>\n<div><a href=\"https:\/\/sites.google.com\/a\/xtec.cat\/club-de-lectura-de-l-alt-emporda\/centres-participants\/ins-illa-de-rodes-roses\/DSC_0028.jpg?attredirects=0\"><img loading=\"lazy\" decoding=\"async\" class=\"aligncenter\" src=\"https:\/\/sites.google.com\/a\/xtec.cat\/club-de-lectura-de-l-alt-emporda\/_\/rsrc\/1612179424838\/centres-participants\/ins-illa-de-rodes-roses\/DSC_0028.jpg\" width=\"1001\" height=\"667\" border=\"0\" \/><\/a><\/div>\n<\/div>\n<div><\/div>\n<div>\n<div><a href=\"https:\/\/sites.google.com\/a\/xtec.cat\/club-de-lectura-de-l-alt-emporda\/centres-participants\/ins-illa-de-rodes-roses\/Maite%20Rivera%20Imad%20Merzouk%20Kevin%20Magsumbol.jpg?attredirects=0\"><img loading=\"lazy\" decoding=\"async\" class=\"aligncenter\" src=\"https:\/\/sites.google.com\/a\/xtec.cat\/club-de-lectura-de-l-alt-emporda\/_\/rsrc\/1612179424838\/centres-participants\/ins-illa-de-rodes-roses\/Maite%20Rivera%20Imad%20Merzouk%20Kevin%20Magsumbol.jpg\" width=\"1001\" height=\"1335\" border=\"0\" \/><\/a><\/div>\n<hr \/>\n<\/div>\n<div>\n<div><a href=\"https:\/\/sites.google.com\/a\/xtec.cat\/club-de-lectura-de-l-alt-emporda\/centres-participants\/ins-illa-de-rodes-roses\/El%20llarg%20viatge%20de%20Mariatu%20Kamara%201%20ESO.jpg?attredirects=0\"><img loading=\"lazy\" decoding=\"async\" class=\"aligncenter\" src=\"https:\/\/sites.google.com\/a\/xtec.cat\/club-de-lectura-de-l-alt-emporda\/_\/rsrc\/1612644593452\/centres-participants\/ins-illa-de-rodes-roses\/El%20llarg%20viatge%20de%20Mariatu%20Kamara%201%20ESO.jpg\" width=\"1000\" height=\"741\" border=\"0\" \/><\/a><\/div>\n<p style=\"text-align: center;\">Sessi\u00f3 club de lectura 1r i 2n d&#8217;ESO:\u00a0<i>El llarg viatge de Mariatu Kamara<\/i>,<i>\u00a0<\/i>Mariatu Kamara\u00a0(curs 2019-2020)<\/p>\n<\/div>\n<div><\/div>\n<div>\n<div><a href=\"https:\/\/sites.google.com\/a\/xtec.cat\/club-de-lectura-de-l-alt-emporda\/centres-participants\/ins-illa-de-rodes-roses\/Per%2013%20raons%203r.jpg?attredirects=0\"><img loading=\"lazy\" decoding=\"async\" class=\"aligncenter\" src=\"https:\/\/sites.google.com\/a\/xtec.cat\/club-de-lectura-de-l-alt-emporda\/_\/rsrc\/1612644906382\/centres-participants\/ins-illa-de-rodes-roses\/Per%2013%20raons%203r.jpg\" width=\"1001\" height=\"687\" border=\"0\" \/><\/a><\/div>\n<\/div>\n<p style=\"text-align: center;\">Sessi\u00f3 club de lectura 3r d&#8217;ESO:\u00a0<i>Per 13 raons<\/i>, Joe Asher\u00a0(curs 2019-2020)<\/p>\n<div><\/div>\n<div>\n<div><a href=\"https:\/\/sites.google.com\/a\/xtec.cat\/club-de-lectura-de-l-alt-emporda\/centres-participants\/ins-illa-de-rodes-roses\/Per%20tretze%20raons%204t%20ESO.jpg?attredirects=0\"><img loading=\"lazy\" decoding=\"async\" class=\"aligncenter\" src=\"https:\/\/sites.google.com\/a\/xtec.cat\/club-de-lectura-de-l-alt-emporda\/_\/rsrc\/1612645067322\/centres-participants\/ins-illa-de-rodes-roses\/Per%20tretze%20raons%204t%20ESO.jpg\" width=\"1000\" height=\"593\" border=\"0\" \/><\/a><\/div>\n<\/div>\n<p style=\"text-align: center;\">Sessi\u00f3 club de lectura 4t d&#8217;ESO:\u00a0<i>Per 13 raons<\/i>, Joe Asher\u00a0(curs 2019-2020)<\/p>\n<div><\/div>\n<div>\n<div><a href=\"https:\/\/sites.google.com\/a\/xtec.cat\/club-de-lectura-de-l-alt-emporda\/centres-participants\/ins-illa-de-rodes-roses\/Un%20fill%201%3A2%20ESO.jpg?attredirects=0\"><img loading=\"lazy\" decoding=\"async\" class=\"aligncenter\" src=\"https:\/\/sites.google.com\/a\/xtec.cat\/club-de-lectura-de-l-alt-emporda\/_\/rsrc\/1612645224327\/centres-participants\/ins-illa-de-rodes-roses\/Un%20fill%201%3A2%20ESO.jpg\" width=\"1000\" height=\"688\" border=\"0\" \/><\/a><\/div>\n<\/div>\n<p style=\"text-align: center;\">Sessi\u00f3 club de lectura 1r i 2n d&#8217;ESO:\u00a0<i>Un fill,\u00a0<\/i>Alejandro Palomas\u00a0(curs 2019-2020)<\/p>\n<div><\/div>\n<div>\n<div><a href=\"https:\/\/sites.google.com\/a\/xtec.cat\/club-de-lectura-de-l-alt-emporda\/centres-participants\/ins-illa-de-rodes-roses\/To%CC%80quio%203r%20ESO.jpg?attredirects=0\"><img loading=\"lazy\" decoding=\"async\" class=\"aligncenter\" src=\"https:\/\/sites.google.com\/a\/xtec.cat\/club-de-lectura-de-l-alt-emporda\/_\/rsrc\/1612645357986\/centres-participants\/ins-illa-de-rodes-roses\/To%CC%80quio%203r%20ESO.jpg\" width=\"1000\" height=\"750\" border=\"0\" \/><\/a><\/div>\n<\/div>\n<p style=\"text-align: center;\">Sessi\u00f3 club de lectura 3r d&#8217;ESO:\u00a0<i>T\u00f2quio<\/i>, Graham Marks\u00a0(curs 2019-2020)<\/p>\n<div><\/div>\n<div>\n<div><a href=\"https:\/\/sites.google.com\/a\/xtec.cat\/club-de-lectura-de-l-alt-emporda\/centres-participants\/ins-illa-de-rodes-roses\/To%CC%80quio%204t.jpg?attredirects=0\"><img loading=\"lazy\" decoding=\"async\" class=\"aligncenter\" src=\"https:\/\/sites.google.com\/a\/xtec.cat\/club-de-lectura-de-l-alt-emporda\/_\/rsrc\/1612645549392\/centres-participants\/ins-illa-de-rodes-roses\/To%CC%80quio%204t.jpg\" width=\"1000\" height=\"750\" border=\"0\" \/><\/a><\/div>\n<\/div>\n<p style=\"text-align: center;\">Sessi\u00f3 club de lectura 4t ESO:\u00a0<i>T\u00f2quio<\/i>, Graham Marks\u00a0(curs 2019-2020)<\/p>\n<div><\/div>\n<div>\n<div><a href=\"https:\/\/sites.google.com\/a\/xtec.cat\/club-de-lectura-de-l-alt-emporda\/centres-participants\/ins-illa-de-rodes-roses\/Tots%20estimem%20lEmma.jpg?attredirects=0\"><img loading=\"lazy\" decoding=\"async\" class=\"aligncenter\" src=\"https:\/\/sites.google.com\/a\/xtec.cat\/club-de-lectura-de-l-alt-emporda\/_\/rsrc\/1612652073681\/centres-participants\/ins-illa-de-rodes-roses\/Tots%20estimem%20lEmma.jpg\" width=\"1000\" height=\"564\" border=\"0\" \/><\/a><\/div>\n<\/div>\n<p style=\"text-align: center;\">Sessi\u00f3 club de lectura 3r i 4t ESO:\u00a0<i>Tots estimem l&#8217;Emma<\/i>, \u00c0ngel Burgas\u00a0(curs 2020-2021)<\/p>\n<div><\/div>\n<div>\n<div><a href=\"https:\/\/sites.google.com\/a\/xtec.cat\/club-de-lectura-de-l-alt-emporda\/centres-participants\/ins-illa-de-rodes-roses\/Thornhill.jpg?attredirects=0\"><img loading=\"lazy\" decoding=\"async\" class=\"aligncenter\" src=\"https:\/\/sites.google.com\/a\/xtec.cat\/club-de-lectura-de-l-alt-emporda\/_\/rsrc\/1612652399267\/centres-participants\/ins-illa-de-rodes-roses\/Thornhill.jpg\" width=\"1001\" height=\"651\" border=\"0\" \/><\/a><\/div>\n<\/div>\n<p style=\"text-align: center;\">Sessi\u00f3 club de lectura 1r i 2n ESO:\u00a0<i>Thornhill<\/i>, Pam Smy\u00a0(curs 2019-2020)<\/p>\n","protected":false},"excerpt":{"rendered":"<p>\u00a0\u00a0 Web de refer\u00e8ncia: Club de Lectura \u00a0\u00a0 \u00a0Referents de centre: Curs 2025-2026: Sandra Canaleta Curs 2024-2025: Sandra Canaleta Curs 2023-2024: Sandra Canaleta Curs 2022-2023: Sandra Canaleta Curs 2021-2022: Montserrat Batllosera Curs 2020-2021: Montserrat Batllosera Curs 2018-2019: Montserrat Batllosera Curs 2017-2018: Montserrat Batllosera Curs 2016-2017: Montserrat Batllosera \u00a0\u00a0 Professorat acompanyant dins del centre: Variable depenent [&hellip;]<\/p>\n","protected":false},"author":4,"featured_media":0,"parent":16187,"menu_order":0,"comment_status":"closed","ping_status":"closed","template":"","meta":{"_bbp_topic_count":0,"_bbp_reply_count":0,"_bbp_total_topic_count":0,"_bbp_total_reply_count":0,"_bbp_voice_count":0,"_bbp_anonymous_reply_count":0,"_bbp_topic_count_hidden":0,"_bbp_reply_count_hidden":0,"_bbp_forum_subforum_count":0,"site-sidebar-layout":"default","site-content-layout":"","ast-site-content-layout":"","site-content-style":"default","site-sidebar-style":"default","ast-global-header-display":"","ast-banner-title-visibility":"","ast-main-header-display":"","ast-hfb-above-header-display":"","ast-hfb-below-header-display":"","ast-hfb-mobile-header-display":"","site-post-title":"","ast-breadcrumbs-content":"","ast-featured-img":"","footer-sml-layout":"","theme-transparent-header-meta":"","adv-header-id-meta":"","stick-header-meta":"","header-above-stick-meta":"","header-main-stick-meta":"","header-below-stick-meta":"","astra-migrate-meta-layouts":"default","ast-page-background-enabled":"default","ast-page-background-meta":{"desktop":{"background-color":"var(--ast-global-color-4)","background-image":"","background-repeat":"repeat","background-position":"center center","background-size":"auto","background-attachment":"scroll","background-type":"","background-media":"","overlay-type":"","overlay-color":"","overlay-opacity":"","overlay-gradient":""},"tablet":{"background-color":"","background-image":"","background-repeat":"repeat","background-position":"center center","background-size":"auto","background-attachment":"scroll","background-type":"","background-media":"","overlay-type":"","overlay-color":"","overlay-opacity":"","overlay-gradient":""},"mobile":{"background-color":"","background-image":"","background-repeat":"repeat","background-position":"center center","background-size":"auto","background-attachment":"scroll","background-type":"","background-media":"","overlay-type":"","overlay-color":"","overlay-opacity":"","overlay-gradient":""}},"ast-content-background-meta":{"desktop":{"background-color":"var(--ast-global-color-5)","background-image":"","background-repeat":"repeat","background-position":"center center","background-size":"auto","background-attachment":"scroll","background-type":"","background-media":"","overlay-type":"","overlay-color":"","overlay-opacity":"","overlay-gradient":""},"tablet":{"background-color":"var(--ast-global-color-5)","background-image":"","background-repeat":"repeat","background-position":"center center","background-size":"auto","background-attachment":"scroll","background-type":"","background-media":"","overlay-type":"","overlay-color":"","overlay-opacity":"","overlay-gradient":""},"mobile":{"background-color":"var(--ast-global-color-5)","background-image":"","background-repeat":"repeat","background-position":"center center","background-size":"auto","background-attachment":"scroll","background-type":"","background-media":"","overlay-type":"","overlay-color":"","overlay-opacity":"","overlay-gradient":""}},"footnotes":""},"class_list":["post-16290","page","type-page","status-publish","hentry"],"post_mailing_queue_ids":[],"_links":{"self":[{"href":"https:\/\/serveiseducatius.xtec.cat\/altemporda\/wp-json\/wp\/v2\/pages\/16290","targetHints":{"allow":["GET"]}}],"collection":[{"href":"https:\/\/serveiseducatius.xtec.cat\/altemporda\/wp-json\/wp\/v2\/pages"}],"about":[{"href":"https:\/\/serveiseducatius.xtec.cat\/altemporda\/wp-json\/wp\/v2\/types\/page"}],"author":[{"embeddable":true,"href":"https:\/\/serveiseducatius.xtec.cat\/altemporda\/wp-json\/wp\/v2\/users\/4"}],"replies":[{"embeddable":true,"href":"https:\/\/serveiseducatius.xtec.cat\/altemporda\/wp-json\/wp\/v2\/comments?post=16290"}],"version-history":[{"count":7,"href":"https:\/\/serveiseducatius.xtec.cat\/altemporda\/wp-json\/wp\/v2\/pages\/16290\/revisions"}],"predecessor-version":[{"id":26906,"href":"https:\/\/serveiseducatius.xtec.cat\/altemporda\/wp-json\/wp\/v2\/pages\/16290\/revisions\/26906"}],"up":[{"embeddable":true,"href":"https:\/\/serveiseducatius.xtec.cat\/altemporda\/wp-json\/wp\/v2\/pages\/16187"}],"wp:attachment":[{"href":"https:\/\/serveiseducatius.xtec.cat\/altemporda\/wp-json\/wp\/v2\/media?parent=16290"}],"curies":[{"name":"wp","href":"https:\/\/api.w.org\/{rel}","templated":true}]}}