{"id":16266,"date":"2022-02-21T16:07:53","date_gmt":"2022-02-21T15:07:53","guid":{"rendered":"https:\/\/serveiseducatius.xtec.cat\/altemporda\/?page_id=16266"},"modified":"2023-06-22T14:17:20","modified_gmt":"2023-06-22T12:17:20","slug":"ins-cendrassos-figueres","status":"publish","type":"page","link":"https:\/\/serveiseducatius.xtec.cat\/altemporda\/clubs-de-lectura\/centres-participants\/ins-cendrassos-figueres\/","title":{"rendered":"INS Cendrassos (Figueres)"},"content":{"rendered":"<div>\n<div>\n<div style=\"line-height: 17.0667px;\">\n<div style=\"font-size: 13.6px;\">\n<h4><span style=\"font-size: 14pt;\"><b style=\"line-height: 20.48px; font-family: verdana, sans-serif; background-color: transparent;\"><span style=\"line-height: 20.48px; font-family: verdana, sans-serif; font-weight: bold; background-color: #ff0000;\">\u00a0\u00a0<\/span>\u00a0Web de refer\u00e8ncia:<\/b><\/span><\/h4>\n<p style=\"text-align: center;\"><button><a style=\"color: #ffffff; font-size: 12pt;\" href=\"http:\/\/clubdelectura-cendrassos.blogspot.com.es\/\" target=\"_blank\" rel=\"noopener\">Club de Lectura<\/a><\/button>\u00a0\u00a0<button><a style=\"color: #ffffff; font-size: 12pt;\" href=\"https:\/\/cendrassos.net\/tonem-a-engegar-el-club-de-lectura\/\" target=\"_blank\" rel=\"noopener\">Tornem a engegar el club de Lectura<\/a><\/button><\/p>\n<hr \/>\n<h4><span style=\"background-color: transparent; line-height: 20.48px; font-size: 14pt;\"><span style=\"background-color: transparent; line-height: 20.48px; font-family: verdana, sans-serif;\"><b><span style=\"line-height: 20.48px; font-family: verdana, sans-serif; font-weight: bold; background-color: #ff0000;\">\u00a0\u00a0<\/span><b style=\"line-height: 20.48px; font-family: verdana, sans-serif; background-color: transparent;\">\u00a0<\/b>Xarxes socials:<\/b><\/span><\/span><\/h4>\n<div><\/div>\n<p style=\"text-align: center;\"><button><a style=\"color: #ffffff; font-size: 12pt;\" href=\"https:\/\/www.instagram.com\/clublecturacendrassos\/\" target=\"_blank\" rel=\"noopener\">Instagram &#8211; Club de lectura Cendrassos<\/a><\/button><\/p>\n<div><\/div>\n<hr \/>\n<h4><span style=\"font-size: 14pt;\"><b><span style=\"font-family: verdana, sans-serif; font-size: medium;\"><span style=\"background-color: #e69138;\">\u00a0\u00a0<\/span>\u00a0<\/span>Referents de centre:<\/b><\/span><\/h4>\n<ul>\n<li style=\"list-style-type: none;\">\n<ul>\n<li><span style=\"background-color: transparent; font-size: medium; font-family: verdana,sans-serif;\">Curs 2022-2023: S\u00f2nia Mar\u00edn<\/span><\/li>\n<li><span style=\"background-color: transparent; font-size: medium; font-family: verdana,sans-serif;\">Curs 2021-2022: S\u00f2nia Mar\u00edn<\/span><\/li>\n<li><span style=\"background-color: transparent; font-size: medium; font-family: verdana,sans-serif;\">Curs 2020-2021: S\u00f2nia Mar\u00edn<\/span><\/li>\n<li><span style=\"background-color: transparent; font-size: medium; font-family: verdana,sans-serif;\">Curs 2019-2020: S\u00f2nia Mar\u00edn<\/span><\/li>\n<li><span style=\"background-color: transparent; font-size: medium; font-family: verdana,sans-serif;\">Curs 2018-2019: \u00c1ngel Rico<\/span><\/li>\n<li><span style=\"background-color: transparent; font-size: medium; font-family: verdana,sans-serif;\">Curs 2017-2018: \u00c1ngel Rico<\/span><\/li>\n<li><span style=\"background-color: transparent; font-size: medium; font-family: verdana,sans-serif;\">Curs 2016-2017: \u00c1ngel Rico<\/span><\/li>\n<li><span style=\"background-color: transparent; font-size: medium; font-family: verdana,sans-serif;\">Curs 2015-2016: Raquel Rojas<\/span><\/li>\n<li><span style=\"background-color: transparent; font-size: medium; font-family: verdana,sans-serif;\">Curs 2014-2015: Raquel Rojas<\/span><\/li>\n<\/ul>\n<\/li>\n<\/ul>\n<\/div>\n<div style=\"font-size: 13.6px;\">\n<hr \/>\n<h4><span style=\"font-family: verdana, sans-serif; font-size: 14pt;\"><b><span style=\"background-color: #e69138;\">\u00a0\u00a0<\/span> Professorat acompanyant dins del centre:<\/b><\/span><\/h4>\n<div><\/div>\n<div><span style=\"font-size: 12pt;\"><span style=\"font-family: verdana, sans-serif; background-color: transparent;\">Francisco Rodr\u00edguez, \u00c1ngel Rico,\u00a0<\/span><span style=\"background-color: transparent; font-family: verdana, sans-serif;\">Xavi Teixidor, Marta Planells, Raquel Rojas<\/span><\/span><\/div>\n<\/div>\n<div style=\"font-size: 13.6px;\"><\/div>\n<hr \/>\n<h4 style=\"font-size: 13.6px;\"><span style=\"font-family: verdana, sans-serif; font-size: 14pt;\"><b><span style=\"background-color: #0b5394; color: #0b5394;\">\u00a0\u00a0<\/span> Introducci\u00f3:<\/b><\/span><\/h4>\n<div><\/div>\n<div style=\"font-size: 13.6px;\"><span style=\"font-family: verdana, sans-serif; font-size: 12pt;\">El Club de Lectura va iniciar-se el curs 2014-2015 amb un grup heterogeni liderat per la prof. Raquel Rojas i integrat per alumnes de tots els nivells d&#8217;ESO. Despr\u00e9s de la bona acollida inicial, el curs 2015-2016 s&#8217;han creat tres grups per nivells d&#8217;ESO, que permeten adaptar millor les lectures a l&#8217;edat de l&#8217;alumnat. L&#8217;objectiu del club \u00e9s motivar els estudiants a llegir i debatre, obrir-los nous horitzons literaris i millorar la comprensi\u00f3 lectura i el gust de la lectura.<br \/>\n<\/span><\/div>\n<div><span style=\"font-size: 12pt;\"><span style=\"font-family: verdana, sans-serif;\">En funcionament no ha <\/span><span style=\"font-family: verdana, sans-serif; background-color: transparent;\">canviat gaire des de el curs 15-16 i encara es distribueixen els alumnes participants en tres grups: 1r i 2n ESO, 3r i 4t, i Bat i Cicles. La mitjana d&#8217;alumnes durant els \u00faltims cursos ha estat d&#8217;uns 45.<\/span><\/span><\/div>\n<div><span style=\"font-family: verdana, sans-serif; font-size: 12pt;\">Cada grup llegeix tres t\u00edtols durant el curs. Al final de cada trimestre ens reunim per separat i posem en com\u00fa la lectura realitzada valorant els aspectes que m\u00e9s ens han agradat o cridat l&#8217;atenci\u00f3.<\/span><\/div>\n<\/div>\n<div style=\"font-size: 13.6px; line-height: 17.0667px;\"><\/div>\n<hr \/>\n<h4><span style=\"font-size: medium; line-height: 17.0667px; font-family: verdana, sans-serif;\"><b><span style=\"font-size: 14pt;\"><span style=\"background-color: #ffff00;\">\u00a0\u00a0<\/span>\u00a0Projecte de centre:<\/span><br \/>\n<\/b><\/span><\/h4>\n<\/div>\n<div style=\"font-size: 13.6px; line-height: 17.0667px; text-align: center;\"><span style=\"font-family: verdana, sans-serif; font-size: small;\"><a href=\"https:\/\/drive.google.com\/file\/d\/0B4QEz5_Wz8KkTHk5WHpXdTY0QXM\/view?usp=sharing\">Projecte del Club de Lectura &#8211; Clic aqu\u00ed<\/a><\/span><\/div>\n<\/div>\n<div style=\"text-align: center;\"><\/div>\n<div style=\"text-align: center;\"><\/div>\n<div>\n<div style=\"font-size: 13.6px; line-height: 17.0667px;\">\n<p style=\"text-align: center;\"><iframe loading=\"lazy\" src=\"https:\/\/docs.google.com\/document\/preview?authuser=1&amp;hgd=1&amp;id=1BiDeoDlKKCdi0WvGWaJ8nMLXYJjvATYIxL__mc3sIWE\" width=\"600\" height=\"800\" frameborder=\"0\"><\/iframe><\/p>\n<\/div>\n<div style=\"line-height: 17.0667px;\">\n<div style=\"font-size: 13.3333px;\">\n<p><b style=\"font-size: medium; line-height: 20.48px; background-color: transparent;\"> <span style=\"font-size: 13.6px; line-height: 17.0667px; font-family: verdana, sans-serif;\"><b><span style=\"background-color: #e69138;\">\u00a0 <\/span><\/b><\/span>\u00a0Edici\u00f3: CURS <\/b><span style=\"font-weight: normal; font-size: medium; line-height: 20.48px; background-color: transparent;\"><b>2018-19<\/b><\/span><\/p>\n<p><b style=\"font-family: verdana, sans-serif; font-size: medium;\">Calendari de sessions:<\/b><\/p>\n<\/div>\n<div>\n<ul>\n<li style=\"font-size: 13.3333px;\"><span style=\"font-family: verdana, sans-serif; font-size: medium;\"><span style=\"line-height: 20.48px;\"><b>Sessi\u00f3 1:\u00a0<\/b>desembre de 2018.<\/span><\/span>\n<ul style=\"font-size: 13.3333px;\">\n<li><span style=\"color: #000000; font-family: verdana, sans-serif; font-size: medium;\"><span style=\"line-height: 20.48px;\">LECTURA &#8211; <i>Quantic Love<\/i>, S\u00f2nia Fen\u00e1ndez Vidal i <i>Kamal i els alfabetistes<\/i>, \u00c0ngel Burgas<\/span><\/span><\/li>\n<\/ul>\n<\/li>\n<\/ul>\n<p><span style=\"color: #000000;\"><span style=\"font-family: verdana,sans-serif; font-size: medium;\">(Xerrada-col.loqui amb \u00c0ngel Burgas)<\/span><span style=\"font-family: verdana, sans-serif; font-size: medium;\"><br \/>\n<\/span><\/span><\/p>\n<ul>\n<li style=\"font-size: 13.3333px;\"><span style=\"color: #000000; font-family: verdana, sans-serif; font-size: medium;\"><span style=\"line-height: 20.48px;\"><b>Sessi\u00f3 2<\/b>: mar\u00e7 de 2019.<\/span><\/span>\n<ul style=\"font-size: 13.3333px;\">\n<li><span style=\"color: #000000;\"><span style=\"font-family: verdana, sans-serif; font-size: medium;\"><span style=\"line-height: 20.48px;\">LECTURA &#8211;\u00a0<\/span><\/span><i style=\"font-family: verdana,sans-serif; font-size: medium;\">Un fill, <\/i><span style=\"font-family: verdana,sans-serif; font-size: medium;\">Alejandro Palomas<i>;<\/i><\/span><span style=\"font-family: verdana,sans-serif; font-size: medium;\"><i>Paraules emmetzinades<\/i>, Maite Carranza; <i>Balada del funicular miner<\/i>, Pau Joan Hern\u00e1ndez.<\/span><\/span><\/li>\n<\/ul>\n<\/li>\n<li style=\"font-size: 13.3333px;\"><span style=\"color: #000000; font-family: verdana, sans-serif; font-size: medium;\"><span style=\"line-height: 20.48px;\"><b>Sessi\u00f3 3:<\/b>\u00a0maig de 2019.<\/span><\/span>\n<ul>\n<li><span style=\"color: #000000;\"><span style=\"font-family: verdana, sans-serif; font-size: medium;\"><span style=\"line-height: 20.48px;\">LECTURA &#8211; <i>Coraline<\/i>, Neil Gaiman i<\/span><\/span><span style=\"vertical-align: baseline; white-space: pre-wrap; background-color: #ffffff;\"><span style=\"font-family: verdana, sans-serif; font-size: medium;\"><i>L\u2019Alquimista<\/i>, P. Coelho<\/span><\/span><\/span><\/li>\n<\/ul>\n<\/li>\n<\/ul>\n<\/div>\n<\/div>\n<div style=\"line-height: 17.0667px;\">\n<div style=\"font-size: 13.3333px;\">\n<p>&nbsp;<\/p>\n<div style=\"font-family: Arial,Verdana,sans-serif; font-size: 13.3333px;\">\n<p><b style=\"font-size: medium; line-height: 20.48px; background-color: transparent;\"><span style=\"font-size: 13.6px; line-height: 17.0667px; font-family: verdana, sans-serif;\"><b><span style=\"background-color: #e69138;\">\u00a0 <\/span><\/b><\/span>\u00a0Edici\u00f3: CURS <\/b><span style=\"font-weight: normal; font-size: medium; line-height: 20.48px; background-color: transparent;\"><b>2017-18<\/b><\/span><\/p>\n<p><b style=\"font-family: verdana, sans-serif; font-size: medium;\">Calendari de sessions:<\/b><\/p>\n<\/div>\n<div style=\"font-family: Arial,Verdana,sans-serif; font-size: 13.3333px;\">\n<ul>\n<li><span style=\"font-family: verdana, sans-serif; font-size: medium;\"><span style=\"line-height: 20.48px;\"><b>Sessi\u00f3 1:\u00a0<\/b>desembre de 2016.<\/span><\/span>\n<ul>\n<li><span style=\"font-family: verdana, sans-serif; font-size: medium;\"><span style=\"line-height: 20.48px;\">LECTURA &#8211;\u00a0<i>L&#8217;illa de les cartes perdudes, <\/i>Oriol Canosa;<i> El secret de la banya embruixada, <\/i>Macip i Roig;<i> El monte de las \u00e1nimas, <\/i>J. A. B\u00e9cquer<\/span><\/span><\/li>\n<\/ul>\n<\/li>\n<li><span style=\"font-family: verdana, sans-serif; font-size: medium;\"><span style=\"line-height: 20.48px;\"><b>Sessi\u00f3 2<\/b>: mar\u00e7 de 2017.<\/span><\/span>\n<ul>\n<li><span style=\"font-family: verdana, sans-serif; font-size: medium;\"><span style=\"line-height: 20.48px;\">LECTURA &#8211;\u00a0<i>La porta dels tres panys, <\/i>S\u00f2nia Fern\u00e1ndez Vidal i<i> Camins de llibertat, <\/i>Maite Carranza<i>.<\/i><\/span><\/span><\/li>\n<\/ul>\n<\/li>\n<li><span style=\"font-family: verdana, sans-serif; font-size: medium;\"><span style=\"line-height: 20.48px;\"><b>Sessi\u00f3 3:<\/b>\u00a0maig de 2017.<\/span><\/span>\n<ul>\n<li><span style=\"font-family: verdana, sans-serif; font-size: medium;\"><span style=\"line-height: 20.48px;\">LECTURA &#8211;\u00a0<i>Un fill, Alejandro Palomas;\u00a0<\/i><\/span><\/span><i style=\"font-family: verdana,sans-serif; font-size: medium;\">La porta dels tres panys,\u00a0<\/i><span style=\"font-family: verdana,sans-serif; font-size: medium;\">S\u00f2nia Fern\u00e1ndez Vidal<\/span><\/li>\n<\/ul>\n<\/li>\n<\/ul>\n<p>&nbsp;<\/p>\n<p><b style=\"font-size: medium; line-height: 20.48px; background-color: transparent;\"><b> <span style=\"font-size: 13.6px; line-height: 17.0667px; font-family: verdana, sans-serif;\"><span style=\"background-color: #e69138;\">\u00a0 <\/span><\/span>\u00a0\u00a0<\/b>Edici\u00f3: CURS <\/b><span style=\"font-weight: normal; font-size: medium; line-height: 20.48px; background-color: transparent;\"><b>2016-17<\/b><\/span><\/p>\n<\/div>\n<\/div>\n<div style=\"font-size: 13.3333px;\">\n<p><b style=\"font-family: verdana, sans-serif; font-size: medium;\">Calendari de sessions:<\/b><\/p>\n<\/div>\n<div>\n<ul>\n<li style=\"font-size: 13.3333px;\"><span style=\"font-family: verdana, sans-serif; font-size: medium;\"><span style=\"line-height: 20.48px;\"><b>Sessi\u00f3 1:\u00a0<\/b>desembre de 2016.<\/span><\/span>\n<ul style=\"font-size: 13.3333px;\">\n<li><span style=\"font-family: verdana, sans-serif; font-size: medium;\"><span style=\"line-height: 20.48px;\">LECTURA &#8211; <i>Cometas en el cielo<\/i>, Khaled Housseini;\u00a0<\/span><\/span><i style=\"font-family: verdana,sans-serif; font-size: medium;\">La balada del funicular miner<\/i><span style=\"font-family: verdana,sans-serif; font-size: medium;\">, Pau Joan Hern\u00e1ndez<\/span><\/li>\n<\/ul>\n<\/li>\n<li style=\"font-size: 13.3333px;\"><span style=\"font-family: verdana, sans-serif; font-size: medium;\"><span style=\"line-height: 20.48px;\"><b>Sessi\u00f3 2<\/b>: mar\u00e7 de 2017.<\/span><\/span>\n<ul style=\"font-size: 13.3333px;\">\n<li><span style=\"font-family: verdana, sans-serif; font-size: medium;\"><span style=\"line-height: 20.48px;\">LECTURA &#8211; <i>La pell freda<\/i>, Alfred S\u00e0nchez Pi\u00f1ol; Todos los detectives se llaman Flanagan, A. Mart\u00edn y J. Ribera<\/span><\/span><\/li>\n<\/ul>\n<\/li>\n<li style=\"font-size: 13.3333px;\"><span style=\"font-family: verdana, sans-serif; font-size: medium;\"><span style=\"line-height: 20.48px;\"><b>Sessi\u00f3 3:<\/b>\u00a0maig de 2017.<\/span><\/span>\n<ul style=\"font-size: 13.3333px;\">\n<li><span style=\"font-family: verdana, sans-serif; font-size: medium;\"><span style=\"line-height: 20.48px;\">LECTURA &#8211; <i>Les aventures de Tintin<\/i>, Herg\u00e9 (c\u00f3mics)<\/span><\/span><\/li>\n<\/ul>\n<\/li>\n<\/ul>\n<p><span style=\"font-family: verdana, sans-serif; font-size: medium;\">\u00a0\u00a0 \u00a0\u00a0\u00a0 \u00a0\u00a0 \u00a0 (Xerrada-col.loqui amb Joan Manel Soldevilla, expert tintinaire)<br \/>\n<\/span><\/p>\n<\/div>\n<div><span style=\"font-family: verdana, sans-serif; font-size: medium;\">\u00a0<\/span><\/div>\n<\/div>\n<p><b style=\"font-size: medium; line-height: 20.48px; background-color: transparent;\"><span style=\"font-size: 13.6px; line-height: 17.0667px; font-family: verdana, sans-serif;\"><b><span style=\"background-color: #e69138;\">\u00a0 <\/span><\/b><\/span>\u00a0\u00a0Edici\u00f3: CURS <\/b><span style=\"font-weight: normal; font-size: medium; line-height: 20.48px; background-color: transparent;\"><b>2015-16<\/b><\/span><\/p>\n<p><b style=\"font-family: verdana, sans-serif; font-size: medium;\">Calendari de sessions:<\/b><\/p>\n<\/div>\n<div>\n<ul>\n<li><span style=\"font-family: verdana, sans-serif; font-size: medium;\"><span style=\"line-height: 20.48px;\"><b>Sessi\u00f3 1: <\/b>novembre de 2015.<\/span><\/span>\n<ul>\n<li><span style=\"font-family: verdana, sans-serif; font-size: medium;\"><span style=\"line-height: 20.48px;\">LECTURA &#8211; <i>Ullals<\/i>, Salvador Macip i Sebasti\u00e0 Roig<\/span><\/span><\/li>\n<\/ul>\n<\/li>\n<li><span style=\"font-family: verdana, sans-serif; font-size: medium;\"><span style=\"line-height: 20.48px;\"><b>Sessi\u00f3 2<\/b>: febrer de 2016.<\/span><\/span>\n<ul>\n<li><span style=\"font-family: verdana, sans-serif; font-size: medium;\"><span style=\"line-height: 20.48px;\">LECTURA &#8211; <i>La balada del funicular miner<\/i>, Pau Joan Hern\u00e1ndez<\/span><\/span><\/li>\n<\/ul>\n<\/li>\n<li><span style=\"font-family: verdana, sans-serif; font-size: medium;\"><span style=\"line-height: 20.48px;\"><b>Sessi\u00f3 3:<\/b>\u00a0mar\u00e7 de 2016.<\/span><\/span>\n<ul>\n<li><span style=\"font-family: verdana, sans-serif; font-size: medium;\"><span style=\"line-height: 20.48px;\">LECTURA &#8211; <i>Noel et busca<\/i>, \u00c0ngel Burgas<\/span><\/span><\/li>\n<\/ul>\n<\/li>\n<\/ul>\n<\/div>\n<hr \/>\n<h4 style=\"line-height: 17.0666656494141px;\"><span style=\"font-size: 14pt;\"><b style=\"font-family: verdana, sans-serif; line-height: 17.0667px;\"><span style=\"background-color: #0b5394;\">\u00a0\u00a0<\/span>\u00a0Galeria d&#8217;imatges:\u00a0<\/b><\/span><\/h4>\n<div>\n<p><span style=\"font-family: verdana, sans-serif; font-size: medium;\"><span style=\"line-height: 17.0667px;\"><b><br \/>\n<\/b><\/span><\/span><b style=\"line-height: 17.0667px; font-family: verdana,sans-serif; font-size: medium;\"><\/b><\/p>\n<div style=\"display: block; text-align: center; margin-right: auto; margin-left: auto;\"><a href=\"https:\/\/sites.google.com\/a\/xtec.cat\/club-de-lectura-de-l-alt-emporda\/centres-participants\/ins-cendrassos-figueres\/1604-cl-presenta.jpg?attredirects=0\"><img loading=\"lazy\" decoding=\"async\" class=\"\" src=\"https:\/\/sites.google.com\/a\/xtec.cat\/club-de-lectura-de-l-alt-emporda\/centres-participants\/ins-cendrassos-figueres\/1604-cl-presenta.jpg\" width=\"450\" height=\"270\" border=\"0\" \/><\/a><\/div>\n<p>&nbsp;<\/p>\n<\/div>\n<div style=\"font-size: 13.6000003814697px; line-height: 17.0666656494141px;\"><\/div>\n<div style=\"font-size: 13.6000003814697px; line-height: 17.0666656494141px;\">\n<div style=\"display: block; text-align: center; margin-right: auto; margin-left: auto;\"><a href=\"https:\/\/sites.google.com\/a\/xtec.cat\/club-de-lectura-de-l-alt-emporda\/centres-participants\/ins-cendrassos-figueres\/foto%20balada%20raquel.%202.JPG?attredirects=0\"><img loading=\"lazy\" decoding=\"async\" class=\"\" src=\"https:\/\/sites.google.com\/a\/xtec.cat\/club-de-lectura-de-l-alt-emporda\/centres-participants\/ins-cendrassos-figueres\/foto%20balada%20raquel.%202.JPG\" width=\"451\" height=\"337\" border=\"0\" \/><\/a><\/div>\n<p>&nbsp;<\/p>\n<\/div>\n<div style=\"font-size: 13.6000003814697px; line-height: 17.0666656494141px;\">\n<div style=\"display: block; text-align: center; margin-right: auto; margin-left: auto;\"><a href=\"https:\/\/sites.google.com\/a\/xtec.cat\/club-de-lectura-de-l-alt-emporda\/centres-participants\/ins-cendrassos-figueres\/foto%20balada%20angel.%202.jpg?attredirects=0\"><img loading=\"lazy\" decoding=\"async\" class=\"\" src=\"https:\/\/sites.google.com\/a\/xtec.cat\/club-de-lectura-de-l-alt-emporda\/centres-participants\/ins-cendrassos-figueres\/foto%20balada%20angel.%202.jpg\" width=\"450\" height=\"253\" border=\"0\" \/><\/a><\/div>\n<p>&nbsp;<\/p>\n<\/div>\n<div style=\"font-size: 13.6000003814697px; line-height: 17.0666656494141px;\">\n<div style=\"display: block; text-align: center; margin-right: auto; margin-left: auto;\"><a href=\"https:\/\/sites.google.com\/a\/xtec.cat\/club-de-lectura-de-l-alt-emporda\/centres-participants\/ins-cendrassos-figueres\/foto%20noel%20marta.%203.jpg?attredirects=0\"><img loading=\"lazy\" decoding=\"async\" class=\"\" src=\"https:\/\/sites.google.com\/a\/xtec.cat\/club-de-lectura-de-l-alt-emporda\/centres-participants\/ins-cendrassos-figueres\/foto%20noel%20marta.%203.jpg\" width=\"450\" height=\"253\" border=\"0\" \/><\/a><\/div>\n<p>&nbsp;<\/p>\n<\/div>\n<div style=\"font-size: 13.6000003814697px; line-height: 17.0666656494141px;\">\n<hr \/>\n<p><span style=\"font-family: verdana, sans-serif; font-size: medium;\"><b><span style=\"background-color: #ff0000;\">\u00a0 <\/span>\u00a0Altres documents:<\/b><\/span><\/p>\n<\/div>\n<div><\/div>\n<div style=\"line-height: 17.0667px; text-align: center;\"><span style=\"font-family: verdana, sans-serif; font-size: medium;\"><span style=\"font-size: 12pt;\"><a href=\"https:\/\/docs.google.com\/document\/d\/1d2StMhZQxMCScU7X_VAcvWGee4XqEgmmXfNVBL14eY4\/edit?usp=sharing\">Concurs del logo del Club de Lectura &#8211; Clic aqu\u00ed<\/a><\/span><\/span><\/div>\n<p style=\"text-align: center;\"><iframe loading=\"lazy\" src=\"https:\/\/docs.google.com\/document\/preview?authuser=1&amp;hgd=1&amp;id=1d2StMhZQxMCScU7X_VAcvWGee4XqEgmmXfNVBL14eY4\" width=\"600\" height=\"800\" frameborder=\"0\"><\/iframe><\/p>\n<div>\n<div>\n<div style=\"line-height: 17.0667px;\">\n<div style=\"font-size: 13.6px;\">\n<div style=\"display: block; text-align: left;\"><\/div>\n<\/div>\n<\/div>\n<\/div>\n<\/div>\n","protected":false},"excerpt":{"rendered":"<p>\u00a0\u00a0\u00a0Web de refer\u00e8ncia: Club de Lectura\u00a0\u00a0Tornem a engegar el club de Lectura \u00a0\u00a0\u00a0Xarxes socials: Instagram &#8211; Club de lectura Cendrassos \u00a0\u00a0\u00a0Referents de centre: Curs 2022-2023: S\u00f2nia Mar\u00edn Curs 2021-2022: S\u00f2nia Mar\u00edn Curs 2020-2021: S\u00f2nia Mar\u00edn Curs 2019-2020: S\u00f2nia Mar\u00edn Curs 2018-2019: \u00c1ngel Rico Curs 2017-2018: \u00c1ngel Rico Curs 2016-2017: \u00c1ngel Rico Curs 2015-2016: Raquel Rojas [&hellip;]<\/p>\n","protected":false},"author":4,"featured_media":0,"parent":16187,"menu_order":0,"comment_status":"closed","ping_status":"closed","template":"","meta":{"_bbp_topic_count":0,"_bbp_reply_count":0,"_bbp_total_topic_count":0,"_bbp_total_reply_count":0,"_bbp_voice_count":0,"_bbp_anonymous_reply_count":0,"_bbp_topic_count_hidden":0,"_bbp_reply_count_hidden":0,"_bbp_forum_subforum_count":0,"site-sidebar-layout":"default","site-content-layout":"","ast-site-content-layout":"","site-content-style":"default","site-sidebar-style":"default","ast-global-header-display":"","ast-banner-title-visibility":"","ast-main-header-display":"","ast-hfb-above-header-display":"","ast-hfb-below-header-display":"","ast-hfb-mobile-header-display":"","site-post-title":"","ast-breadcrumbs-content":"","ast-featured-img":"","footer-sml-layout":"","theme-transparent-header-meta":"","adv-header-id-meta":"","stick-header-meta":"","header-above-stick-meta":"","header-main-stick-meta":"","header-below-stick-meta":"","astra-migrate-meta-layouts":"default","ast-page-background-enabled":"default","ast-page-background-meta":{"desktop":{"background-color":"var(--ast-global-color-4)","background-image":"","background-repeat":"repeat","background-position":"center center","background-size":"auto","background-attachment":"scroll","background-type":"","background-media":"","overlay-type":"","overlay-color":"","overlay-opacity":"","overlay-gradient":""},"tablet":{"background-color":"","background-image":"","background-repeat":"repeat","background-position":"center center","background-size":"auto","background-attachment":"scroll","background-type":"","background-media":"","overlay-type":"","overlay-color":"","overlay-opacity":"","overlay-gradient":""},"mobile":{"background-color":"","background-image":"","background-repeat":"repeat","background-position":"center center","background-size":"auto","background-attachment":"scroll","background-type":"","background-media":"","overlay-type":"","overlay-color":"","overlay-opacity":"","overlay-gradient":""}},"ast-content-background-meta":{"desktop":{"background-color":"var(--ast-global-color-5)","background-image":"","background-repeat":"repeat","background-position":"center center","background-size":"auto","background-attachment":"scroll","background-type":"","background-media":"","overlay-type":"","overlay-color":"","overlay-opacity":"","overlay-gradient":""},"tablet":{"background-color":"var(--ast-global-color-5)","background-image":"","background-repeat":"repeat","background-position":"center center","background-size":"auto","background-attachment":"scroll","background-type":"","background-media":"","overlay-type":"","overlay-color":"","overlay-opacity":"","overlay-gradient":""},"mobile":{"background-color":"var(--ast-global-color-5)","background-image":"","background-repeat":"repeat","background-position":"center center","background-size":"auto","background-attachment":"scroll","background-type":"","background-media":"","overlay-type":"","overlay-color":"","overlay-opacity":"","overlay-gradient":""}},"footnotes":""},"class_list":["post-16266","page","type-page","status-publish","hentry"],"post_mailing_queue_ids":[],"_links":{"self":[{"href":"https:\/\/serveiseducatius.xtec.cat\/altemporda\/wp-json\/wp\/v2\/pages\/16266","targetHints":{"allow":["GET"]}}],"collection":[{"href":"https:\/\/serveiseducatius.xtec.cat\/altemporda\/wp-json\/wp\/v2\/pages"}],"about":[{"href":"https:\/\/serveiseducatius.xtec.cat\/altemporda\/wp-json\/wp\/v2\/types\/page"}],"author":[{"embeddable":true,"href":"https:\/\/serveiseducatius.xtec.cat\/altemporda\/wp-json\/wp\/v2\/users\/4"}],"replies":[{"embeddable":true,"href":"https:\/\/serveiseducatius.xtec.cat\/altemporda\/wp-json\/wp\/v2\/comments?post=16266"}],"version-history":[{"count":3,"href":"https:\/\/serveiseducatius.xtec.cat\/altemporda\/wp-json\/wp\/v2\/pages\/16266\/revisions"}],"predecessor-version":[{"id":21024,"href":"https:\/\/serveiseducatius.xtec.cat\/altemporda\/wp-json\/wp\/v2\/pages\/16266\/revisions\/21024"}],"up":[{"embeddable":true,"href":"https:\/\/serveiseducatius.xtec.cat\/altemporda\/wp-json\/wp\/v2\/pages\/16187"}],"wp:attachment":[{"href":"https:\/\/serveiseducatius.xtec.cat\/altemporda\/wp-json\/wp\/v2\/media?parent=16266"}],"curies":[{"name":"wp","href":"https:\/\/api.w.org\/{rel}","templated":true}]}}