{"id":16240,"date":"2022-02-21T15:17:29","date_gmt":"2022-02-21T14:17:29","guid":{"rendered":"https:\/\/serveiseducatius.xtec.cat\/altemporda\/?page_id=16240"},"modified":"2023-06-22T14:05:15","modified_gmt":"2023-06-22T12:05:15","slug":"i-e-caritat-serinyana-cap-de-creus-cadaques","status":"publish","type":"page","link":"https:\/\/serveiseducatius.xtec.cat\/altemporda\/clubs-de-lectura\/centres-participants\/i-e-caritat-serinyana-cap-de-creus-cadaques\/","title":{"rendered":"I-E Caritat Serinyana Cap de Creus (Cadaqu\u00e9s)"},"content":{"rendered":"<div style=\"font-size: 13.6px;\">\n<h4><span style=\"font-family: verdana, sans-serif; font-size: 14pt; line-height: 20.48px;\"><b><span style=\"background-color: #ff0000;\">\u00a0\u00a0<\/span> Web de refer\u00e8ncia:<\/b><\/span><\/h4>\n<div><\/div>\n<p style=\"text-align: center;\"><button><a style=\"color: #ffffff; font-size: 12pt;\" href=\"http:\/\/llibresivent.blogspot.com.es\/\" target=\"_blank\" rel=\"noopener\">Llibre i vent<\/a><\/button><\/p>\n<h4 style=\"font-weight: normal;\"><span style=\"font-family: verdana, sans-serif; font-size: 14pt;\"><b><span style=\"color: #ff0000; background-color: #ffff00;\">\u00a0\u00a0<\/span>\u00a0Referents de centre:\u00a0<\/b><\/span><\/h4>\n<div>\n<ul>\n<li style=\"list-style-type: none;\">\n<ul>\n<li><span style=\"background-color: transparent; font-size: medium; font-family: verdana,sans-serif;\">Curs 2022-2023: S\u00f2nia Palomar Burguillos<\/span><\/li>\n<li><span style=\"background-color: transparent; font-size: medium; font-family: verdana,sans-serif;\">Curs 2021-2022: V\u00edctor-Mart\u00ed \u00c1lvarez Serra i S\u00f2nia Palomar Burguillos<\/span><\/li>\n<li><span style=\"background-color: transparent; font-size: medium; font-family: verdana,sans-serif;\">Curs 2017-2018 i 2018-2019: V\u00edctor-Mart\u00ed \u00c1lvarez Serra<\/span><\/li>\n<\/ul>\n<\/li>\n<\/ul>\n<h4><span style=\"font-family: verdana, sans-serif; font-size: 14pt;\"><b><span style=\"background-color: #e69138;\">\u00a0\u00a0<\/span> Professorat acompanyant dins del centre:<\/b><\/span><\/h4>\n<p style=\"padding-left: 40px;\">\n<\/div>\n<h4 style=\"font-weight: normal;\"><span style=\"font-family: verdana, sans-serif; font-size: 14pt;\"><b><span style=\"background-color: #0b5394; color: #0b5394;\">\u00a0\u00a0<\/span> Introducci\u00f3:<\/b><\/span><\/h4>\n<div style=\"font-weight: normal; padding-left: 40px;\"><\/div>\n<p style=\"font-weight: normal; padding-left: 40px;\"><span style=\"font-family: verdana, sans-serif; font-size: medium;\">El Club de Lectura de l&#8217;Institut Cap de Creus de Cadaqu\u00e9s es va iniciar el passat curs acad\u00e8mic 2017 \/ 2018 amb la finalitat d&#8217;aconseguir un doble objectiu. D&#8217;una banda, gaudir amb les lectures i compartir-ne les opinions, sense cap mena de pressi\u00f3 avaluadora, entre el nostre alumnat i el professorat participant; fent-ho de forma transversal, tant pel que fa als estils de les novel\u00b7les escollides i la llengua de les mateixes com per les edats dels seus participants. D&#8217;altra banda, con\u00e8ixer el nostre alumnat en un \u00e0mbit diferent del del grup classe o al de les sortides habituals, en un context relaxat i vinculat a l&#8217;afici\u00f3 lectora.<\/span><\/p>\n<p style=\"font-weight: normal; padding-left: 40px;\"><span style=\"font-family: verdana, sans-serif; font-size: medium;\">Val a dir, tamb\u00e9, que l&#8217;any passat es va assolir el prop\u00f2sit d&#8217;una manera molt gratificant, i si b\u00e9 \u00e9s cert que alguns alumnes van decidir no participar en les tres lectures proposades, la majoria ho va fer.<\/span><\/p>\n<p style=\"font-weight: normal; padding-left: 40px;\"><span style=\"font-family: verdana, sans-serif; font-size: medium;\">Enguany s&#8217;ha procurat atendre les peticions de la major part de l&#8217;alumnat inscrit i hem decidit optar per lectures d&#8217;ambientaci\u00f3 i\/o origen asi\u00e0tic, incloent-hi un manga.<\/span><\/p>\n<p style=\"font-weight: normal; padding-left: 40px;\"><span style=\"font-size: medium;\"><span style=\"font-family: verdana, sans-serif;\">Finalment, en el nostre cas, aquest curs 2018-2019 tamb\u00e9 aprofitem l&#8217;oportunitat de llegir en angl\u00e8s at\u00e8s que el centre participa del projecte GEP (Grup d&#8217;Experimentaci\u00f3 per al Pluriling\u00fcisme).<\/span><\/span><\/p>\n<p>&nbsp;<\/p>\n<\/div>\n<h4 style=\"font-size: 13.6px; font-weight: normal;\"><span style=\"font-size: 14pt;\"><b style=\"font-family: verdana, sans-serif;\"><span style=\"background-color: #ffff00;\">\u00a0\u00a0<\/span>\u00a0Projecte marc:<\/b><\/span><\/h4>\n<div style=\"font-size: 13.6px; font-weight: normal; padding-left: 40px;\"><\/div>\n<div style=\"padding-left: 40px;\"><\/div>\n<div style=\"padding-left: 40px;\">\n<h4 style=\"font-size: 13.6px; font-weight: normal; line-height: 17.0667px;\"><span style=\"font-family: verdana, sans-serif; font-size: 14pt;\"><b><span style=\"background-color: #e69138;\">\u00a0\u00a0<\/span>\u00a0Calendari de sessions:<\/b><\/span><\/h4>\n<p style=\"line-height: 17.0667px; padding-left: 40px;\"><span style=\"font-family: verdana, sans-serif; font-size: 12pt;\">Dimecres dia 15 de novembre de 2017: inici de la lectura de la novel\u00b7la <em>El Desert de Gel<\/em>\u00a0de Maite Carranza, amb 10 alumnes inscrits al Club de Lectura (primera activitat).<\/span><\/p>\n<p style=\"line-height: 17.0667px; padding-left: 40px;\"><span style=\"font-family: verdana, sans-serif; font-size: 12pt;\">Divendres dia 12 de gener de 2018: comentari de la novel\u00b7la <em>El Desert de Gel<\/em> de Maite Carranza, amb 9 alumnes inscrits (una alumna decideix no continuar amb la lectura). Recollida dels llibres.<\/span><\/p>\n<p style=\"line-height: 17.0667px; padding-left: 40px;\"><span style=\"font-family: verdana, sans-serif; font-size: 12pt;\">Dimarts dia 16 de gener de 2018: inici de la segona novel\u00b7la <em>La Porta dels Tres Panys<\/em>\u00a0de S\u00f2nia Fern\u00e0ndez-Vidal (s&#8217;han aconseguit 11 exemplars). Repartiment dels llibres.<\/span><\/p>\n<p style=\"line-height: 17.0667px; padding-left: 40px;\"><span style=\"font-family: verdana, sans-serif; font-size: 12pt;\">Dimecres dia 13 d&#8217;abril de 2018: Recollida i comentari de <em>La Porta dels Tres Panys<\/em>. Repartiment de &#8220;Coraline&#8221; de Neil Gaiman.<\/span><\/p>\n<p style=\"line-height: 17.0667px; padding-left: 40px;\"><span style=\"font-family: verdana, sans-serif; font-size: 12pt;\">Divendres 18 de maig de 2018: Recollida i comentari de <em>Coraline<\/em> (12 participants).<\/span><\/p>\n<p style=\"line-height: 17.0667px; padding-left: 40px;\"><span style=\"font-family: verdana, sans-serif; font-size: 12pt;\">Divendres 25 de maig de 2018: participaci\u00f3 en la III trobada de Clubs de Lectura de secund\u00e0ria de l&#8217;Alt Empord\u00e0.<\/span><\/p>\n<p style=\"line-height: 17.0667px; padding-left: 40px;\"><span style=\"font-family: verdana, sans-serif; font-size: 12pt;\">Dimarts 12 de juny de 2018: Cloenda i recomanacions de lectures estiuenques.<\/span><\/p>\n<p style=\"line-height: 17.0667px; padding-left: 40px;\"><span style=\"font-family: verdana, sans-serif; font-size: medium;\"><span style=\"font-size: 12pt;\">Dimecres dia 10 d&#8217;octubre de 2018: inici de la novel\u00b7la <em>Tokio<\/em> de Graham Marks, amb 18 alumnes inscrits al Club de Lectura. Repartiment dels llibres.<\/span><\/span><\/p>\n<h4 style=\"font-size: 13.6px; font-weight: normal; line-height: 17.0667px;\"><span style=\"font-family: verdana, sans-serif; font-size: medium;\"><b><br \/>\n<span style=\"font-size: 14pt;\"><span style=\"background-color: #0b5394;\">\u00a0\u00a0<\/span>\u00a0Galeria d&#8217;imatges:<\/span><\/b><\/span><\/h4>\n<div style=\"font-size: 13.6px; font-weight: normal; line-height: 17.0667px; padding-left: 40px;\"><span style=\"font-family: verdana, sans-serif; font-size: medium;\"><b><img decoding=\"async\" class=\"aligncenter\" style=\"width: 750px;\" src=\"https:\/\/2.bp.blogspot.com\/-eoaMG4dNOjQ\/Wp04Rwb8-8I\/AAAAAAAAAEI\/tVeGRsp3rt0n-tR_-JBzWuU84hxJZuxwgCLcBGAs\/s1600\/IMG_20180302_114343.jpg\" height=\"422\" \/><\/b><\/span><\/div>\n<div style=\"font-size: 13.6px; font-weight: normal; line-height: 17.0667px; padding-left: 40px;\"><\/div>\n<div style=\"font-size: 13.6px; font-weight: normal; line-height: 17.0667px; padding-left: 40px;\"><span style=\"font-family: verdana, sans-serif; font-size: medium;\"><b><img loading=\"lazy\" decoding=\"async\" class=\"aligncenter\" style=\"width: 750px;\" src=\"https:\/\/1.bp.blogspot.com\/-_3PJ1_q4iVg\/WwPFQKATH7I\/AAAAAAAAAGw\/5aFZ0yel_y4eA_XE3piTbIi4e_R8ukTCQCLcBGAs\/s1600\/IMG_20180518_120247.jpg\" alt=\"\" width=\"1600\" height=\"422\" \/><\/b><\/span><\/div>\n<div style=\"padding-left: 40px;\"><\/div>\n<\/div>\n<div style=\"padding-left: 40px;\">\n<div style=\"display: block; text-align: left; padding-left: 40px;\"><a href=\"https:\/\/sites.google.com\/a\/xtec.cat\/club-de-lectura-de-l-alt-emporda\/centres-participants\/ins-cap-de-creus-cadaques\/segona%20sessi%C3%B3%20club%20de%20lectura%20cadaqu%C3%A9s.jpg?attredirects=0\"><img decoding=\"async\" class=\"aligncenter\" style=\"width: 750px;\" src=\"https:\/\/sites.google.com\/a\/xtec.cat\/club-de-lectura-de-l-alt-emporda\/centres-participants\/ins-cap-de-creus-cadaques\/segona%20sessi%C3%B3%20club%20de%20lectura%20cadaqu%C3%A9s.jpg\" alt=\"Segona sessi\u00f3, inici de la primera lectura.\" height=\"422\" border=\"0\" \/><\/a><\/div>\n<p style=\"padding-left: 40px;\">\n<\/div>\n","protected":false},"excerpt":{"rendered":"<p>\u00a0\u00a0 Web de refer\u00e8ncia: Llibre i vent \u00a0\u00a0\u00a0Referents de centre:\u00a0 Curs 2022-2023: S\u00f2nia Palomar Burguillos Curs 2021-2022: V\u00edctor-Mart\u00ed \u00c1lvarez Serra i S\u00f2nia Palomar Burguillos Curs 2017-2018 i 2018-2019: V\u00edctor-Mart\u00ed \u00c1lvarez Serra \u00a0\u00a0 Professorat acompanyant dins del centre: \u00a0\u00a0 Introducci\u00f3: El Club de Lectura de l&#8217;Institut Cap de Creus de Cadaqu\u00e9s es va iniciar el passat [&hellip;]<\/p>\n","protected":false},"author":4,"featured_media":0,"parent":16187,"menu_order":0,"comment_status":"closed","ping_status":"closed","template":"","meta":{"_bbp_topic_count":0,"_bbp_reply_count":0,"_bbp_total_topic_count":0,"_bbp_total_reply_count":0,"_bbp_voice_count":0,"_bbp_anonymous_reply_count":0,"_bbp_topic_count_hidden":0,"_bbp_reply_count_hidden":0,"_bbp_forum_subforum_count":0,"site-sidebar-layout":"default","site-content-layout":"","ast-site-content-layout":"","site-content-style":"default","site-sidebar-style":"default","ast-global-header-display":"","ast-banner-title-visibility":"","ast-main-header-display":"","ast-hfb-above-header-display":"","ast-hfb-below-header-display":"","ast-hfb-mobile-header-display":"","site-post-title":"","ast-breadcrumbs-content":"","ast-featured-img":"","footer-sml-layout":"","theme-transparent-header-meta":"","adv-header-id-meta":"","stick-header-meta":"","header-above-stick-meta":"","header-main-stick-meta":"","header-below-stick-meta":"","astra-migrate-meta-layouts":"default","ast-page-background-enabled":"default","ast-page-background-meta":{"desktop":{"background-color":"var(--ast-global-color-4)","background-image":"","background-repeat":"repeat","background-position":"center center","background-size":"auto","background-attachment":"scroll","background-type":"","background-media":"","overlay-type":"","overlay-color":"","overlay-opacity":"","overlay-gradient":""},"tablet":{"background-color":"","background-image":"","background-repeat":"repeat","background-position":"center center","background-size":"auto","background-attachment":"scroll","background-type":"","background-media":"","overlay-type":"","overlay-color":"","overlay-opacity":"","overlay-gradient":""},"mobile":{"background-color":"","background-image":"","background-repeat":"repeat","background-position":"center center","background-size":"auto","background-attachment":"scroll","background-type":"","background-media":"","overlay-type":"","overlay-color":"","overlay-opacity":"","overlay-gradient":""}},"ast-content-background-meta":{"desktop":{"background-color":"var(--ast-global-color-5)","background-image":"","background-repeat":"repeat","background-position":"center center","background-size":"auto","background-attachment":"scroll","background-type":"","background-media":"","overlay-type":"","overlay-color":"","overlay-opacity":"","overlay-gradient":""},"tablet":{"background-color":"var(--ast-global-color-5)","background-image":"","background-repeat":"repeat","background-position":"center center","background-size":"auto","background-attachment":"scroll","background-type":"","background-media":"","overlay-type":"","overlay-color":"","overlay-opacity":"","overlay-gradient":""},"mobile":{"background-color":"var(--ast-global-color-5)","background-image":"","background-repeat":"repeat","background-position":"center center","background-size":"auto","background-attachment":"scroll","background-type":"","background-media":"","overlay-type":"","overlay-color":"","overlay-opacity":"","overlay-gradient":""}},"footnotes":""},"class_list":["post-16240","page","type-page","status-publish","hentry"],"post_mailing_queue_ids":[],"_links":{"self":[{"href":"https:\/\/serveiseducatius.xtec.cat\/altemporda\/wp-json\/wp\/v2\/pages\/16240","targetHints":{"allow":["GET"]}}],"collection":[{"href":"https:\/\/serveiseducatius.xtec.cat\/altemporda\/wp-json\/wp\/v2\/pages"}],"about":[{"href":"https:\/\/serveiseducatius.xtec.cat\/altemporda\/wp-json\/wp\/v2\/types\/page"}],"author":[{"embeddable":true,"href":"https:\/\/serveiseducatius.xtec.cat\/altemporda\/wp-json\/wp\/v2\/users\/4"}],"replies":[{"embeddable":true,"href":"https:\/\/serveiseducatius.xtec.cat\/altemporda\/wp-json\/wp\/v2\/comments?post=16240"}],"version-history":[{"count":4,"href":"https:\/\/serveiseducatius.xtec.cat\/altemporda\/wp-json\/wp\/v2\/pages\/16240\/revisions"}],"predecessor-version":[{"id":21021,"href":"https:\/\/serveiseducatius.xtec.cat\/altemporda\/wp-json\/wp\/v2\/pages\/16240\/revisions\/21021"}],"up":[{"embeddable":true,"href":"https:\/\/serveiseducatius.xtec.cat\/altemporda\/wp-json\/wp\/v2\/pages\/16187"}],"wp:attachment":[{"href":"https:\/\/serveiseducatius.xtec.cat\/altemporda\/wp-json\/wp\/v2\/media?parent=16240"}],"curies":[{"name":"wp","href":"https:\/\/api.w.org\/{rel}","templated":true}]}}