{"id":16234,"date":"2022-02-21T13:06:05","date_gmt":"2022-02-21T12:06:05","guid":{"rendered":"https:\/\/serveiseducatius.xtec.cat\/altemporda\/?page_id=16234"},"modified":"2026-04-08T13:01:11","modified_gmt":"2026-04-08T11:01:11","slug":"ins-cap-norfeu-roses","status":"publish","type":"page","link":"https:\/\/serveiseducatius.xtec.cat\/altemporda\/clubs-de-lectura\/centres-participants\/ins-cap-norfeu-roses\/","title":{"rendered":"INS Cap Norfeu (Roses)"},"content":{"rendered":"\n<h5 class=\"wp-block-heading has-ast-global-color-1-color has-text-color has-link-color wp-elements-27599db73af062810ef24c02351323b6\">Web de refer\u00e8ncia:<\/h5>\n\n\n\n<div class=\"wp-block-buttons is-content-justification-center is-layout-flex wp-container-core-buttons-is-layout-1 wp-block-buttons-is-layout-flex\">\n<div class=\"wp-block-button has-custom-width wp-block-button__width-50 has-custom-font-size is-style-fill has-medium-font-size\"><a class=\"wp-block-button__link wp-element-button\" href=\"https:\/\/agora.xtec.cat\/iescapnorfeu\/categoria\/mediateca\/club-de-lectura\/\" target=\"_blank\" rel=\"noreferrer noopener\">Club de lectura de l&#8217;INS Cap Norfeu<\/a><\/div>\n<\/div>\n\n\n\n<h5 class=\"wp-block-heading has-ast-global-color-1-color has-text-color has-link-color wp-elements-4f80d18ec4c5a64e4204a7054dfc2760\" style=\"padding-top:var(--wp--preset--spacing--60)\">Referents del centre:<\/h5>\n\n\n\n<div class=\"wp-block-group is-layout-constrained wp-container-core-group-is-layout-1 wp-block-group-is-layout-constrained\" style=\"padding-top:0;padding-right:0;padding-bottom:0;padding-left:0\">\n<p style=\"margin-top:0px\"><strong>Departament de Llengua Castellana:<\/strong><br>Curs 2024-25: Pilar Garc\u00eda<br>Curs 2025-26: Bea Silva i Pilar Garc\u00eda<\/p>\n\n\n\n<p style=\"border-style:none;border-width:0px;border-radius:0px;margin-top:0;margin-bottom:0;padding-top:0px;padding-bottom:0\"><strong>Departament de Llengua Catalana:<\/strong><br>Curs 2024-25: Jordi Farr\u00e9s<br>Curs 2025-26: Pilar Robert<\/p>\n<\/div>\n\n\n\n<h5 class=\"wp-block-heading has-ast-global-color-1-color has-text-color has-link-color wp-elements-52c1f96667b7bc771d5384fcb537925c\" style=\"padding-top:var(--wp--preset--spacing--60);padding-bottom:0\">Introducci\u00f3:<\/h5>\n\n\n\n<p>L\u2019experi\u00e8ncia de Club de Lectura va adre\u00e7ada especialment a l\u2019alumnat de la ESO. Des dels diferents Departaments de lleng\u00fces (Catal\u00e0, Castell\u00e0, Angl\u00e8s i Franc\u00e8s) es prepara un Club de lectura per al primer cicle i un altre per al segon.<br>L\u2019objectiu d\u2019aquest projecte \u00e9s, b\u00e0sicament, promoure el gust per la lectura dels nostres alumnes i fer-los part\u00edcips de l\u2019experi\u00e8ncia de compartir el que han llegit amb la resta de membres del Club.<br>El plantejament de \u201cclub\u201d fa al\u00b7lusi\u00f3 al pes que adquireixen els alumnes durant les diverses sessions, durant les quals la figura del professor ser\u00e0 m\u00e9s dinamitzadora, d\u2019acompanyament, que com a docent en la seva accepci\u00f3 cl\u00e0ssica.<\/p>\n","protected":false},"excerpt":{"rendered":"<p>Web de refer\u00e8ncia: Referents del centre: Departament de Llengua Castellana:Curs 2024-25: Pilar Garc\u00edaCurs 2025-26: Bea Silva i Pilar Garc\u00eda Departament de Llengua Catalana:Curs 2024-25: Jordi Farr\u00e9sCurs 2025-26: Pilar Robert Introducci\u00f3: L\u2019experi\u00e8ncia de Club de Lectura va adre\u00e7ada especialment a l\u2019alumnat de la ESO. Des dels diferents Departaments de lleng\u00fces (Catal\u00e0, Castell\u00e0, Angl\u00e8s i Franc\u00e8s) es [&hellip;]<\/p>\n","protected":false},"author":4,"featured_media":0,"parent":16187,"menu_order":0,"comment_status":"closed","ping_status":"closed","template":"","meta":{"_bbp_topic_count":0,"_bbp_reply_count":0,"_bbp_total_topic_count":0,"_bbp_total_reply_count":0,"_bbp_voice_count":0,"_bbp_anonymous_reply_count":0,"_bbp_topic_count_hidden":0,"_bbp_reply_count_hidden":0,"_bbp_forum_subforum_count":0,"site-sidebar-layout":"default","site-content-layout":"","ast-site-content-layout":"default","site-content-style":"default","site-sidebar-style":"default","ast-global-header-display":"","ast-banner-title-visibility":"","ast-main-header-display":"","ast-hfb-above-header-display":"","ast-hfb-below-header-display":"","ast-hfb-mobile-header-display":"","site-post-title":"","ast-breadcrumbs-content":"","ast-featured-img":"","footer-sml-layout":"","theme-transparent-header-meta":"","adv-header-id-meta":"","stick-header-meta":"","header-above-stick-meta":"","header-main-stick-meta":"","header-below-stick-meta":"","astra-migrate-meta-layouts":"set","ast-page-background-enabled":"default","ast-page-background-meta":{"desktop":{"background-color":"var(--ast-global-color-4)","background-image":"","background-repeat":"repeat","background-position":"center center","background-size":"auto","background-attachment":"scroll","background-type":"","background-media":"","overlay-type":"","overlay-color":"","overlay-opacity":"","overlay-gradient":""},"tablet":{"background-color":"","background-image":"","background-repeat":"repeat","background-position":"center center","background-size":"auto","background-attachment":"scroll","background-type":"","background-media":"","overlay-type":"","overlay-color":"","overlay-opacity":"","overlay-gradient":""},"mobile":{"background-color":"","background-image":"","background-repeat":"repeat","background-position":"center center","background-size":"auto","background-attachment":"scroll","background-type":"","background-media":"","overlay-type":"","overlay-color":"","overlay-opacity":"","overlay-gradient":""}},"ast-content-background-meta":{"desktop":{"background-color":"var(--ast-global-color-5)","background-image":"","background-repeat":"repeat","background-position":"center center","background-size":"auto","background-attachment":"scroll","background-type":"","background-media":"","overlay-type":"","overlay-color":"","overlay-opacity":"","overlay-gradient":""},"tablet":{"background-color":"var(--ast-global-color-5)","background-image":"","background-repeat":"repeat","background-position":"center center","background-size":"auto","background-attachment":"scroll","background-type":"","background-media":"","overlay-type":"","overlay-color":"","overlay-opacity":"","overlay-gradient":""},"mobile":{"background-color":"var(--ast-global-color-5)","background-image":"","background-repeat":"repeat","background-position":"center center","background-size":"auto","background-attachment":"scroll","background-type":"","background-media":"","overlay-type":"","overlay-color":"","overlay-opacity":"","overlay-gradient":""}},"footnotes":""},"class_list":["post-16234","page","type-page","status-publish","hentry"],"post_mailing_queue_ids":[],"_links":{"self":[{"href":"https:\/\/serveiseducatius.xtec.cat\/altemporda\/wp-json\/wp\/v2\/pages\/16234","targetHints":{"allow":["GET"]}}],"collection":[{"href":"https:\/\/serveiseducatius.xtec.cat\/altemporda\/wp-json\/wp\/v2\/pages"}],"about":[{"href":"https:\/\/serveiseducatius.xtec.cat\/altemporda\/wp-json\/wp\/v2\/types\/page"}],"author":[{"embeddable":true,"href":"https:\/\/serveiseducatius.xtec.cat\/altemporda\/wp-json\/wp\/v2\/users\/4"}],"replies":[{"embeddable":true,"href":"https:\/\/serveiseducatius.xtec.cat\/altemporda\/wp-json\/wp\/v2\/comments?post=16234"}],"version-history":[{"count":6,"href":"https:\/\/serveiseducatius.xtec.cat\/altemporda\/wp-json\/wp\/v2\/pages\/16234\/revisions"}],"predecessor-version":[{"id":27528,"href":"https:\/\/serveiseducatius.xtec.cat\/altemporda\/wp-json\/wp\/v2\/pages\/16234\/revisions\/27528"}],"up":[{"embeddable":true,"href":"https:\/\/serveiseducatius.xtec.cat\/altemporda\/wp-json\/wp\/v2\/pages\/16187"}],"wp:attachment":[{"href":"https:\/\/serveiseducatius.xtec.cat\/altemporda\/wp-json\/wp\/v2\/media?parent=16234"}],"curies":[{"name":"wp","href":"https:\/\/api.w.org\/{rel}","templated":true}]}}