{"id":16210,"date":"2022-02-21T12:05:50","date_gmt":"2022-02-21T11:05:50","guid":{"rendered":"https:\/\/serveiseducatius.xtec.cat\/altemporda\/?page_id=16210"},"modified":"2025-12-05T12:45:43","modified_gmt":"2025-12-05T11:45:43","slug":"ins-alexandre-deulofeu-figueres","status":"publish","type":"page","link":"https:\/\/serveiseducatius.xtec.cat\/altemporda\/clubs-de-lectura\/centres-participants\/ins-alexandre-deulofeu-figueres\/","title":{"rendered":"INS Alexandre Deulofeu (Figueres)"},"content":{"rendered":"<div style=\"line-height: 17.0666656494141px;\">\n<div>\n<div>\n<h4 style=\"font-size: 12 px;\"><span style=\"font-family: verdana, sans-serif; font-size: 14pt; line-height: 20.48px;\"><b><span style=\"background-color: #ff0000;\">\u00a0\u00a0<\/span>\u00a0Web de refer\u00e8ncia:<\/b><\/span><\/h4>\n<p style=\"text-align: center;\"><button><a style=\"color: #ffffff;\" href=\"http:\/\/clubdelecturadeldeulofeu.blogspot.com.es\/\" target=\"_blank\" rel=\"noopener\">Blog del Club de Lectura<\/a><\/button> \u00a0 <button><a style=\"color: #ffffff;\" href=\"https:\/\/arsnauta.wordpress.com\" target=\"_blank\" rel=\"noopener\">Blog cultural Ars nauta<\/a><\/button><\/p>\n<p><span style=\"font-size: 14pt;\"><b style=\"font-family: verdana, sans-serif;\"><span style=\"color: #ff0000; background-color: #ffff00;\">\u00a0\u00a0<\/span>\u00a0Referents de centre\u00a0<\/b><\/span><\/p>\n<ul>\n<li style=\"list-style-type: none;\">\n<ul>\n<li style=\"list-style-type: none;\">\n<ul>\n<li><span style=\"background-color: transparent; font-size: 12pt; font-family: verdana, sans-serif;\">Curs 2025-2026: Anna Gasull i Ant\u00f2nia Tubau<\/span><\/li>\n<li><span style=\"background-color: transparent; font-size: 12pt; font-family: verdana, sans-serif;\">Curs 2024-2025: Anna Gasull i Ant\u00f2nia Tubau<\/span><\/li>\n<li><span style=\"background-color: transparent; font-size: 12pt; font-family: verdana, sans-serif;\">Curs 2022-2023: Ant\u00f2nia Tubau<\/span><\/li>\n<li><span style=\"background-color: transparent; font-size: 12pt; font-family: verdana,sans-serif;\">Curs 2019-20: Jordi Casals i Ant\u00f2nia Tubau<br \/>\n<\/span><\/li>\n<\/ul>\n<\/li>\n<\/ul>\n<\/li>\n<\/ul>\n<h4><span style=\"font-family: verdana, sans-serif; font-size: 14pt;\"><b><span style=\"background-color: #e69138;\">\u00a0\u00a0<\/span> Professorat acompanyant dins del centre:<\/b><\/span><\/h4>\n<p style=\"padding-left: 40px;\"><span style=\"font-family: verdana, sans-serif; font-size: medium;\"><span style=\"font-size: 12pt;\">Els mateixos<\/span><b><span style=\"font-size: 12pt;\">.<\/span><br \/>\n<\/b><\/span><\/p>\n<h4 style=\"font-size: 13.6000003814697px;\"><span style=\"font-size: 14pt;\"><span style=\"font-family: verdana, sans-serif;\"><b>\u00a0<\/b><\/span><b style=\"font-family: verdana, sans-serif;\"><span style=\"background-color: #0b5394; color: #0b5394;\">\u00a0\u00a0<\/span> Introducci\u00f3:<\/b><\/span><\/h4>\n<p style=\"font-size: 13.6px; padding-left: 40px;\"><span style=\"font-size: 12pt;\"><span style=\"font-family: verdana, sans-serif;\">Els Departaments de lleng\u00fces catalana i castellana organitzen sessions de club de lectura per als estudiants o per als professors.<\/span><b style=\"font-family: verdana, sans-serif;\"> <\/b><span style=\"font-family: verdana, sans-serif;\">La informaci\u00f3 detallada de les activitats del curs 15-16 (i seg\u00fcents) es troba en el blog i en el document del projecte de centre. La informaci\u00f3 detallada es troba al blog.<\/span><\/span><\/p>\n<\/div>\n<h4><span style=\"font-family: verdana, sans-serif; font-size: medium;\"><b><span style=\"font-size: 14pt;\"><span style=\"background-color: #ffff00;\">\u00a0\u00a0<\/span>\u00a0Projecte de centre:<\/span><br \/>\n<\/b><\/span><\/h4>\n<\/div>\n<h5><span style=\"font-family: verdana, sans-serif; font-size: medium;\"><span style=\"font-size: 12pt;\">CURS 16-17<\/span><b><br \/>\n<\/b><\/span><\/h5>\n<p style=\"text-align: center;\"><iframe loading=\"lazy\" src=\"https:\/\/drive.google.com\/file\/d\/0B4IQ6LZOxGxWR3JxQVE1Q0tnQ0U\/preview\" width=\"600\" height=\"800\"><span data-mce-type=\"bookmark\" style=\"display: inline-block; width: 0px; overflow: hidden; line-height: 0;\" class=\"mce_SELRES_start\">\ufeff<\/span><span data-mce-type=\"bookmark\" style=\"display: inline-block; width: 0px; overflow: hidden; line-height: 0;\" class=\"mce_SELRES_start\">\ufeff<\/span><\/iframe><\/p>\n<h5><span style=\"font-family: verdana, sans-serif; font-size: medium;\"><span style=\"font-size: 12pt;\">CURS 15-16<\/span><b><br \/>\n<\/b><\/span><\/h5>\n<p style=\"text-align: center;\"><iframe loading=\"lazy\" src=\"https:\/\/drive.google.com\/file\/d\/1epOKhFDgLsldx6ftQ77JUDGfYGjayY8rarXI9lC0drc\/preview\" width=\"600\" height=\"800\"><span data-mce-type=\"bookmark\" style=\"display: inline-block; width: 0px; overflow: hidden; line-height: 0;\" class=\"mce_SELRES_start\">\ufeff<\/span><span data-mce-type=\"bookmark\" style=\"display: inline-block; width: 0px; overflow: hidden; line-height: 0;\" class=\"mce_SELRES_start\">\ufeff<\/span><span data-mce-type=\"bookmark\" style=\"display: inline-block; width: 0px; overflow: hidden; line-height: 0;\" class=\"mce_SELRES_start\">\ufeff<\/span><\/iframe><\/p>\n<p>&nbsp;<\/p>\n<div><\/div>\n<p>&nbsp;<\/p>\n<\/div>\n<p style=\"font-size: 13.6000003814697px; line-height: 17.0666656494141px;\"><span style=\"font-family: verdana, sans-serif; font-size: medium;\"><b>\u00a0<\/b><\/span><\/p>\n<p style=\"font-size: 13.6px; line-height: 17.0667px;\"><span style=\"font-family: verdana, sans-serif; font-size: medium;\"><b><span style=\"background-color: #ff0000;\">\u00a0\u00a0<\/span>\u00a0Altres documents:<\/b><\/span><\/p>\n<p><img loading=\"lazy\" decoding=\"async\" src=\"https:\/\/serveiseducatius.xtec.cat\/altemporda\/wp-content\/uploads\/usu1156\/2025\/12\/Deulofeu-Clubs-lectura-4.png\" alt=\"\" width=\"221\" height=\"166\" \/><\/p>\n<p><img loading=\"lazy\" decoding=\"async\" src=\"https:\/\/serveiseducatius.xtec.cat\/altemporda\/wp-content\/uploads\/usu1156\/2025\/12\/Deulofeu-Clubs-lectura-1.png\" alt=\"\" width=\"124\" height=\"166\" \/><\/p>\n<p><img loading=\"lazy\" decoding=\"async\" src=\"https:\/\/serveiseducatius.xtec.cat\/altemporda\/wp-content\/uploads\/usu1156\/2025\/12\/Deulofeu-Clubs-lectura-2.png\" alt=\"\" width=\"221\" height=\"166\" \/><\/p>\n<p><img loading=\"lazy\" decoding=\"async\" src=\"https:\/\/serveiseducatius.xtec.cat\/altemporda\/wp-content\/uploads\/usu1156\/2025\/12\/Deulofeu-Clubs-lectura-3.png\" alt=\"\" width=\"167\" height=\"166\" \/><\/p>\n<p><img loading=\"lazy\" decoding=\"async\" src=\"https:\/\/serveiseducatius.xtec.cat\/altemporda\/wp-content\/uploads\/usu1156\/2025\/12\/Deulofeu-Clubs-lectura-.png\" alt=\"\" width=\"124\" height=\"166\" \/><\/p>\n","protected":false},"excerpt":{"rendered":"<p>\u00a0\u00a0\u00a0Web de refer\u00e8ncia: Blog del Club de Lectura \u00a0 Blog cultural Ars nauta \u00a0\u00a0\u00a0Referents de centre\u00a0 Curs 2025-2026: Anna Gasull i Ant\u00f2nia Tubau Curs 2024-2025: Anna Gasull i Ant\u00f2nia Tubau Curs 2022-2023: Ant\u00f2nia Tubau Curs 2019-20: Jordi Casals i Ant\u00f2nia Tubau \u00a0\u00a0 Professorat acompanyant dins del centre: Els mateixos. \u00a0\u00a0\u00a0 Introducci\u00f3: Els Departaments de lleng\u00fces [&hellip;]<\/p>\n","protected":false},"author":4,"featured_media":0,"parent":16187,"menu_order":0,"comment_status":"closed","ping_status":"closed","template":"","meta":{"_bbp_topic_count":0,"_bbp_reply_count":0,"_bbp_total_topic_count":0,"_bbp_total_reply_count":0,"_bbp_voice_count":0,"_bbp_anonymous_reply_count":0,"_bbp_topic_count_hidden":0,"_bbp_reply_count_hidden":0,"_bbp_forum_subforum_count":0,"site-sidebar-layout":"default","site-content-layout":"","ast-site-content-layout":"","site-content-style":"default","site-sidebar-style":"default","ast-global-header-display":"","ast-banner-title-visibility":"","ast-main-header-display":"","ast-hfb-above-header-display":"","ast-hfb-below-header-display":"","ast-hfb-mobile-header-display":"","site-post-title":"","ast-breadcrumbs-content":"","ast-featured-img":"","footer-sml-layout":"","theme-transparent-header-meta":"","adv-header-id-meta":"","stick-header-meta":"","header-above-stick-meta":"","header-main-stick-meta":"","header-below-stick-meta":"","astra-migrate-meta-layouts":"default","ast-page-background-enabled":"default","ast-page-background-meta":{"desktop":{"background-color":"var(--ast-global-color-4)","background-image":"","background-repeat":"repeat","background-position":"center center","background-size":"auto","background-attachment":"scroll","background-type":"","background-media":"","overlay-type":"","overlay-color":"","overlay-opacity":"","overlay-gradient":""},"tablet":{"background-color":"","background-image":"","background-repeat":"repeat","background-position":"center center","background-size":"auto","background-attachment":"scroll","background-type":"","background-media":"","overlay-type":"","overlay-color":"","overlay-opacity":"","overlay-gradient":""},"mobile":{"background-color":"","background-image":"","background-repeat":"repeat","background-position":"center center","background-size":"auto","background-attachment":"scroll","background-type":"","background-media":"","overlay-type":"","overlay-color":"","overlay-opacity":"","overlay-gradient":""}},"ast-content-background-meta":{"desktop":{"background-color":"var(--ast-global-color-5)","background-image":"","background-repeat":"repeat","background-position":"center center","background-size":"auto","background-attachment":"scroll","background-type":"","background-media":"","overlay-type":"","overlay-color":"","overlay-opacity":"","overlay-gradient":""},"tablet":{"background-color":"var(--ast-global-color-5)","background-image":"","background-repeat":"repeat","background-position":"center center","background-size":"auto","background-attachment":"scroll","background-type":"","background-media":"","overlay-type":"","overlay-color":"","overlay-opacity":"","overlay-gradient":""},"mobile":{"background-color":"var(--ast-global-color-5)","background-image":"","background-repeat":"repeat","background-position":"center center","background-size":"auto","background-attachment":"scroll","background-type":"","background-media":"","overlay-type":"","overlay-color":"","overlay-opacity":"","overlay-gradient":""}},"footnotes":""},"class_list":["post-16210","page","type-page","status-publish","hentry"],"post_mailing_queue_ids":[],"_links":{"self":[{"href":"https:\/\/serveiseducatius.xtec.cat\/altemporda\/wp-json\/wp\/v2\/pages\/16210","targetHints":{"allow":["GET"]}}],"collection":[{"href":"https:\/\/serveiseducatius.xtec.cat\/altemporda\/wp-json\/wp\/v2\/pages"}],"about":[{"href":"https:\/\/serveiseducatius.xtec.cat\/altemporda\/wp-json\/wp\/v2\/types\/page"}],"author":[{"embeddable":true,"href":"https:\/\/serveiseducatius.xtec.cat\/altemporda\/wp-json\/wp\/v2\/users\/4"}],"replies":[{"embeddable":true,"href":"https:\/\/serveiseducatius.xtec.cat\/altemporda\/wp-json\/wp\/v2\/comments?post=16210"}],"version-history":[{"count":6,"href":"https:\/\/serveiseducatius.xtec.cat\/altemporda\/wp-json\/wp\/v2\/pages\/16210\/revisions"}],"predecessor-version":[{"id":26786,"href":"https:\/\/serveiseducatius.xtec.cat\/altemporda\/wp-json\/wp\/v2\/pages\/16210\/revisions\/26786"}],"up":[{"embeddable":true,"href":"https:\/\/serveiseducatius.xtec.cat\/altemporda\/wp-json\/wp\/v2\/pages\/16187"}],"wp:attachment":[{"href":"https:\/\/serveiseducatius.xtec.cat\/altemporda\/wp-json\/wp\/v2\/media?parent=16210"}],"curies":[{"name":"wp","href":"https:\/\/api.w.org\/{rel}","templated":true}]}}