{"id":16193,"date":"2022-02-21T10:40:27","date_gmt":"2022-02-21T09:40:27","guid":{"rendered":"https:\/\/serveiseducatius.xtec.cat\/altemporda\/?page_id=16193"},"modified":"2022-02-24T12:57:54","modified_gmt":"2022-02-24T11:57:54","slug":"recursos","status":"publish","type":"page","link":"https:\/\/serveiseducatius.xtec.cat\/altemporda\/clubs-de-lectura\/recursos\/","title":{"rendered":"Recursos"},"content":{"rendered":"<div class=\"sites-embed-align-center-wrapping-off\">\n<div class=\"sites-embed-border-on sites-embed\">\n<div class=\"sites-embed-content sites-embed-type-ggs-gadget\">\n<div style=\"text-align: center;\"><iframe loading=\"lazy\" id=\"1157951007\" class=\"igm\" title=\"Include gadget (iframe)\" src=\"https:\/\/tal2tot4uenli8d3lphbjvrrl237cfes-a-sites-opensocial.googleusercontent.com\/gadgets\/ifr?url=http:\/\/hosting.gmodules.com\/ig\/gadgets\/file\/106581606564100174314\/iframe.xml&amp;container=enterprise&amp;view=default&amp;lang=ca&amp;country=ALL&amp;sanitize=0&amp;v=370b5e9b1ca9f70&amp;libs=core:dynamic-height&amp;mid=244&amp;parent=https:\/\/sites.google.com\/a\/xtec.cat\/club-de-lectura-de-l-alt-emporda\/recursos\/bibliografia#up_scroll=auto&amp;up_iframeURL=https:\/\/drive.google.com\/a\/xtec.cat\/file\/d\/0B0zHBF5nyE_QRFJUam92SDNiR28\/preview&amp;st=e%3DAIHE3cCNGFMtbPNNQg1%252FFj6QwwDlJ202QR1FHgc672ozp5kK8qGI9Z8ebl4IlkVxSFedZXWXh35ekDTYj5pF49J3Kxyo7yqyJ82%252BQxf2I41HtH3Z1lTOrNn5sw0gg3LeQhZ5bQJrlpZV%26c%3Denterprise&amp;rpctoken=-8569025604063989993\" name=\"1157951007\" width=\"600\" height=\"800\" frameborder=\"0\" scrolling=\"no\" data-ruffle-polyfilled=\"\" data-mce-fragment=\"1\"><\/iframe><\/div>\n<\/div>\n<\/div>\n<\/div>\n<p>&#8220;Dime&#8221;. Aidan Chambers. Fondo de Cultura Econ\u00f3mica<\/p>\n<div class=\"sites-embed-align-center-wrapping-off\">\n<div class=\"sites-embed-border-on sites-embed\">\n<div class=\"sites-embed-content sites-embed-type-ggs-gadget\">\n<div style=\"text-align: center;\"><iframe loading=\"lazy\" id=\"316285229\" class=\"igm\" title=\"Include gadget (iframe)\" src=\"https:\/\/tal2tot4uenli8d3lphbjvrrl237cfes-a-sites-opensocial.googleusercontent.com\/gadgets\/ifr?url=http:\/\/hosting.gmodules.com\/ig\/gadgets\/file\/106581606564100174314\/iframe.xml&amp;container=enterprise&amp;view=default&amp;lang=ca&amp;country=ALL&amp;sanitize=0&amp;v=370b5e9b1ca9f70&amp;libs=core:dynamic-height&amp;mid=134&amp;parent=https:\/\/sites.google.com\/a\/xtec.cat\/club-de-lectura-de-l-alt-emporda\/recursos\/bibliografia#up_scroll=auto&amp;up_iframeURL=https:\/\/drive.google.com\/a\/xtec.cat\/file\/d\/0B3KOVpvO6CBiYkRQN2QwYjE1NjQ\/preview&amp;st=e%3DAIHE3cAQMguQH3g6Mli%252BkN5HFZQGVObvoVtQS%252F7G6gdnikD5Yt3R6QSSDEtoPtBAoFRE5YuojkNLmwza2V23XMm4QIaTNn%252BA1m0Csun7kONBaHXS1IUs6YbQQl44rLwJ3CJjgOPNoxq8%26c%3Denterprise&amp;rpctoken=6331911663185526493\" name=\"316285229\" width=\"600\" height=\"800\" frameborder=\"0\" scrolling=\"no\" data-ruffle-polyfilled=\"\" data-mce-fragment=\"1\"><\/iframe><\/div>\n<\/div>\n<\/div>\n<\/div>\n<p>&nbsp;<\/p>\n<p>Pautes per a la creaci\u00f3 i la dinamitzaci\u00f3 de clubs de lectura infantil i juvenil<\/p>\n<p><span lang=\"CA\"><a href=\"http:\/\/www.diba.cat\/documents\/16060163\/22275360\/clubs_lectura_infantil.pdf\/2931fa4f-3f5f-47dc-8fbb-126c997ac0eb\" rel=\"nofollow\">http:\/\/www.diba.cat\/documents\/16060163\/22275360\/clubs_lectura_infantil.pdf\/2931fa4f-3f5f-47dc-8fbb-126c997ac0eb<\/a><\/span><\/p>\n<div>Recull de recursos extret del Grup de Treball biblioteques escolars Alt Empord\u00e0 2008-09 http:\/\/blocs.xtec.cat\/biblioaltemporda\/club-de-lectura\/<\/div>\n<div>\n<div>\n<div>\n<p>Biblioteca escolar: PUNTEDU, Departament d\u2019Ensenyament\u00a0<a href=\"http:\/\/www.xtec.cat\/innovacio\/biblioteques\/\" rel=\"nofollow\">http:\/\/www.xtec.cat\/innovacio\/biblioteques\/<\/a><\/p>\n<p>La lectura: font de plaer i de coneixement\u00a0<a title=\"Recursos\" href=\"http:\/\/www.xtec.es\/sgfp\/crp\/recursos\/banc\/lectura\/index.htm\" target=\"_blank\" rel=\"nofollow noopener\">http:\/\/www.xtec.es\/sgfp\/crp\/recursos\/banc\/lectura\/index.htm<\/a><\/p>\n<p>El m\u00f3n i un llibre\u00a0<a href=\"http:\/\/cultura.gencat.cat\/ilc\/elmoniunllibre\/index.html\" rel=\"nofollow\">http:\/\/cultura.gencat.cat\/ilc\/elmoniunllibre\/index.html<\/a><\/p>\n<p>Llibreria Robafaves (Pep Duran), de Matar\u00f3\u00a0<a title=\"http:\/\/www.robafaves.com\/\" href=\"http:\/\/www.robafaves.com\/\" target=\"_blank\" rel=\"nofollow noopener\">www.robafaves.com\/<\/a><\/p>\n<p>Seminari \u201cQuins llibres\u2026?\u201d, de Rosa Sensat\u00a0<a title=\"http:\/\/www.xtec.es\/~mmassag2\/quins.htm\" href=\"http:\/\/www.xtec.es\/~mmassag2\/quins.htm\" target=\"_blank\" rel=\"nofollow noopener\">http:\/\/www.xtec.es\/~mmassag2\/quins.htm<\/a><\/p>\n<p>\u201cGretel\u201d, Grup de Recerca de Literatura Infantil de la UAB\u00a0<a title=\"http:\/\/www.literatura.gretel.cat\/es\" href=\"http:\/\/www.literatura.gretel.cat\/es\" target=\"_blank\" rel=\"nofollow noopener\">http:\/\/www.literatura.gretel.cat\/es<\/a><\/p>\n<p>\u201cAl\u00b7lots, el Petit Pr\u00edncep\u201d\u00a0Bloc especialitzat en literatura infantil i juvenil. Publica ressenyes de llibres de qualitat\u00a0<a title=\"http:\/\/alotspetitprincep.blogspot.com\/\" href=\"http:\/\/alotspetitprincep.blogspot.com\/\" target=\"_blank\" rel=\"nofollow noopener\">http:\/\/alotspetitprincep.blogspot.com\/<\/a><\/p>\n<p>\u201cBibbot\u00f3\u201d\u00a0Grup de treball de biblioteques infantils i juvenils\u00a0<a title=\"http:\/\/jimboto.blogspot.com\/\" href=\"http:\/\/jimboto.blogspot.com\/\" target=\"_blank\" rel=\"nofollow noopener\">http:\/\/jimboto.blogspot.com\/<\/a><\/p>\n<p>\u201cDarabuc.cat. Literatura per a infants i joves\u201d\u00a0<a title=\"http:\/\/darabuccatala.wordpress.com\/\" href=\"http:\/\/darabuccatala.wordpress.com\/\" target=\"_blank\" rel=\"nofollow noopener\">http:\/\/darabuccatala.wordpress.com\/<\/a><\/p>\n<p>\u201cFaristol\u201d Revista de literatura infantil i juvenil, CLIJCAT\u00a0<a title=\"http:\/\/www.clijcat.cat\/faristol\/paginas\/index.php\" href=\"http:\/\/www.clijcat.cat\/faristol\/paginas\/index.php\" target=\"_blank\" rel=\"nofollow noopener\">http:\/\/www.clijcat.cat\/faristol\/paginas\/index.php<\/a><\/p>\n<p>\u201cQuins llibres llegia Tint\u00edn? La biblioteca dels personatges de tebeo\u201d, Joan Manuel Soldevilla<\/p>\n<p><a title=\"http:\/\/www.raco.cat\/index.php\/Item\/article\/view\/22595\/22429\" href=\"http:\/\/www.raco.cat\/index.php\/Item\/article\/view\/22595\/22429\" target=\"_blank\" rel=\"nofollow noopener\">http:\/\/www.raco.cat\/index.php\/Item\/article\/view\/22595\/22429<\/a><\/p>\n<p>\u201cActivitats pedag\u00f2giques al voltant de Tint\u00edn\u201d, Joan Manuel Soldevilla Albert\u00ed\u00a0<a title=\"http:\/\/www.xtec.net\/crp-altemporda\/pral\/pral-b5\/guia_didactica_tintin.pdf\" href=\"http:\/\/www.xtec.net\/crp-altemporda\/pral\/pral-b5\/guia_didactica_tintin.pdf\" target=\"_blank\" rel=\"nofollow noopener\">http:\/\/www.xtec.net\/crp-altemporda\/pral\/pral-b5\/guia_didactica_tintin.pdf<\/a><\/p>\n<p>\u201cL\u2019altra banda del mirall. Biblioteques escolars, llibres i altres coses\u201d, Anna Ribera\u00a0<a title=\"http:\/\/laltrabandadelmirall.blogspot.com\/\" href=\"http:\/\/laltrabandadelmirall.blogspot.com\/\" target=\"_blank\" rel=\"nofollow noopener\">http:\/\/laltrabandadelmirall.blogspot.com\/<\/a><\/p>\n<p>\u201cDe c\u00f2mics: bibliografia selectiva\u201d, Generalitat de Catalunya. Gu\u00eda del c\u00f3mic\u00a0<a title=\"http:\/\/www.guiadelcomic.com\/especiales\/de-comics-bibliografia-selectiva.htm\" href=\"http:\/\/www.guiadelcomic.com\/especiales\/de-comics-bibliografia-selectiva.htm\" target=\"_blank\" rel=\"nofollow noopener\">http:\/\/www.guiadelcomic.com\/especiales\/de-comics-bibliografia-selectiva.htm<\/a><\/p>\n<\/div>\n<\/div>\n<\/div>\n","protected":false},"excerpt":{"rendered":"<p>&#8220;Dime&#8221;. Aidan Chambers. Fondo de Cultura Econ\u00f3mica &nbsp; Pautes per a la creaci\u00f3 i la dinamitzaci\u00f3 de clubs de lectura infantil i juvenil http:\/\/www.diba.cat\/documents\/16060163\/22275360\/clubs_lectura_infantil.pdf\/2931fa4f-3f5f-47dc-8fbb-126c997ac0eb Recull de recursos extret del Grup de Treball biblioteques escolars Alt Empord\u00e0 2008-09 http:\/\/blocs.xtec.cat\/biblioaltemporda\/club-de-lectura\/ Biblioteca escolar: PUNTEDU, Departament d\u2019Ensenyament\u00a0http:\/\/www.xtec.cat\/innovacio\/biblioteques\/ La lectura: font de plaer i de coneixement\u00a0http:\/\/www.xtec.es\/sgfp\/crp\/recursos\/banc\/lectura\/index.htm El m\u00f3n i un [&hellip;]<\/p>\n","protected":false},"author":4,"featured_media":0,"parent":16181,"menu_order":0,"comment_status":"closed","ping_status":"closed","template":"","meta":{"_bbp_topic_count":0,"_bbp_reply_count":0,"_bbp_total_topic_count":0,"_bbp_total_reply_count":0,"_bbp_voice_count":0,"_bbp_anonymous_reply_count":0,"_bbp_topic_count_hidden":0,"_bbp_reply_count_hidden":0,"_bbp_forum_subforum_count":0,"site-sidebar-layout":"default","site-content-layout":"","ast-site-content-layout":"","site-content-style":"default","site-sidebar-style":"default","ast-global-header-display":"","ast-banner-title-visibility":"","ast-main-header-display":"","ast-hfb-above-header-display":"","ast-hfb-below-header-display":"","ast-hfb-mobile-header-display":"","site-post-title":"","ast-breadcrumbs-content":"","ast-featured-img":"","footer-sml-layout":"","theme-transparent-header-meta":"","adv-header-id-meta":"","stick-header-meta":"","header-above-stick-meta":"","header-main-stick-meta":"","header-below-stick-meta":"","astra-migrate-meta-layouts":"default","ast-page-background-enabled":"default","ast-page-background-meta":{"desktop":{"background-color":"var(--ast-global-color-4)","background-image":"","background-repeat":"repeat","background-position":"center center","background-size":"auto","background-attachment":"scroll","background-type":"","background-media":"","overlay-type":"","overlay-color":"","overlay-opacity":"","overlay-gradient":""},"tablet":{"background-color":"","background-image":"","background-repeat":"repeat","background-position":"center center","background-size":"auto","background-attachment":"scroll","background-type":"","background-media":"","overlay-type":"","overlay-color":"","overlay-opacity":"","overlay-gradient":""},"mobile":{"background-color":"","background-image":"","background-repeat":"repeat","background-position":"center center","background-size":"auto","background-attachment":"scroll","background-type":"","background-media":"","overlay-type":"","overlay-color":"","overlay-opacity":"","overlay-gradient":""}},"ast-content-background-meta":{"desktop":{"background-color":"var(--ast-global-color-5)","background-image":"","background-repeat":"repeat","background-position":"center center","background-size":"auto","background-attachment":"scroll","background-type":"","background-media":"","overlay-type":"","overlay-color":"","overlay-opacity":"","overlay-gradient":""},"tablet":{"background-color":"var(--ast-global-color-5)","background-image":"","background-repeat":"repeat","background-position":"center center","background-size":"auto","background-attachment":"scroll","background-type":"","background-media":"","overlay-type":"","overlay-color":"","overlay-opacity":"","overlay-gradient":""},"mobile":{"background-color":"var(--ast-global-color-5)","background-image":"","background-repeat":"repeat","background-position":"center center","background-size":"auto","background-attachment":"scroll","background-type":"","background-media":"","overlay-type":"","overlay-color":"","overlay-opacity":"","overlay-gradient":""}},"footnotes":""},"class_list":["post-16193","page","type-page","status-publish","hentry"],"post_mailing_queue_ids":[],"_links":{"self":[{"href":"https:\/\/serveiseducatius.xtec.cat\/altemporda\/wp-json\/wp\/v2\/pages\/16193","targetHints":{"allow":["GET"]}}],"collection":[{"href":"https:\/\/serveiseducatius.xtec.cat\/altemporda\/wp-json\/wp\/v2\/pages"}],"about":[{"href":"https:\/\/serveiseducatius.xtec.cat\/altemporda\/wp-json\/wp\/v2\/types\/page"}],"author":[{"embeddable":true,"href":"https:\/\/serveiseducatius.xtec.cat\/altemporda\/wp-json\/wp\/v2\/users\/4"}],"replies":[{"embeddable":true,"href":"https:\/\/serveiseducatius.xtec.cat\/altemporda\/wp-json\/wp\/v2\/comments?post=16193"}],"version-history":[{"count":3,"href":"https:\/\/serveiseducatius.xtec.cat\/altemporda\/wp-json\/wp\/v2\/pages\/16193\/revisions"}],"predecessor-version":[{"id":16450,"href":"https:\/\/serveiseducatius.xtec.cat\/altemporda\/wp-json\/wp\/v2\/pages\/16193\/revisions\/16450"}],"up":[{"embeddable":true,"href":"https:\/\/serveiseducatius.xtec.cat\/altemporda\/wp-json\/wp\/v2\/pages\/16181"}],"wp:attachment":[{"href":"https:\/\/serveiseducatius.xtec.cat\/altemporda\/wp-json\/wp\/v2\/media?parent=16193"}],"curies":[{"name":"wp","href":"https:\/\/api.w.org\/{rel}","templated":true}]}}