{"id":16187,"date":"2022-02-21T10:39:48","date_gmt":"2022-02-21T09:39:48","guid":{"rendered":"https:\/\/serveiseducatius.xtec.cat\/altemporda\/?page_id=16187"},"modified":"2023-06-05T13:02:32","modified_gmt":"2023-06-05T11:02:32","slug":"centres-participants","status":"publish","type":"page","link":"https:\/\/serveiseducatius.xtec.cat\/altemporda\/clubs-de-lectura\/centres-participants\/","title":{"rendered":"Centres participants"},"content":{"rendered":"<ul style=\"list-style-type: circle;\">\n<li><a href=\"https:\/\/serveiseducatius.xtec.cat\/altemporda\/clubs-de-lectura\/centres-participants\/ins-alexandre-deulofeu-figueres\/\" target=\"_blank\" rel=\"noopener\">INS Alexandre Deulofeu (Figueres)<\/a><\/li>\n<li><a href=\"https:\/\/serveiseducatius.xtec.cat\/altemporda\/clubs-de-lectura\/centres-participants\/ins-cap-norfeu-roses\/\" target=\"_blank\" rel=\"noopener\">INS Cap Norfeu (Roses)<\/a><\/li>\n<li><a href=\"https:\/\/serveiseducatius.xtec.cat\/altemporda\/clubs-de-lectura\/centres-participants\/i-e-caritat-serinyana-cap-de-creus-cadaques\/\" target=\"_blank\" rel=\"noopener\">I-E Caritat Serinyana Cap de Creus (Cadaqu\u00e9s)<\/a><\/li>\n<li><a href=\"https:\/\/serveiseducatius.xtec.cat\/altemporda\/clubs-de-lectura\/centres-participants\/ins-castello-dempuries-cde\/\" target=\"_blank\" rel=\"noopener\">INS Castell\u00f3 d&#8217;Emp\u00faries (Cd&#8217;E)<\/a><\/li>\n<li><a href=\"https:\/\/serveiseducatius.xtec.cat\/altemporda\/clubs-de-lectura\/centres-participants\/ins-cendrassos-figueres\/\" target=\"_blank\" rel=\"noopener\">INS Cendrassos (Figueres)<\/a><\/li>\n<li><a href=\"https:\/\/serveiseducatius.xtec.cat\/altemporda\/clubs-de-lectura\/centres-participants\/ins-de-peralada\/\" target=\"_blank\" rel=\"noopener\">INS de Peralada<\/a><\/li>\n<li><a href=\"https:\/\/serveiseducatius.xtec.cat\/altemporda\/clubs-de-lectura\/centres-participants\/ins-el-pedro-lescala\/\" target=\"_blank\" rel=\"noopener\">INS El Pedr\u00f3 (l&#8217;Escala)<\/a><\/li>\n<li><a href=\"https:\/\/serveiseducatius.xtec.cat\/altemporda\/clubs-de-lectura\/centres-participants\/i-e-el-bruel-empuriabrava\/\" target=\"_blank\" rel=\"noopener\">I-E El Bruel Empuriabrava<\/a><\/li>\n<li><a href=\"https:\/\/serveiseducatius.xtec.cat\/altemporda\/clubs-de-lectura\/centres-participants\/ins-illa-de-rodes-roses\/\" target=\"_blank\" rel=\"noopener\">INS Illa de Rodes (Roses)<\/a><\/li>\n<li><a href=\"https:\/\/serveiseducatius.xtec.cat\/altemporda\/clubs-de-lectura\/centres-participants\/ins-llanca\/\" target=\"_blank\" rel=\"noopener\">INS Llan\u00e7\u00e0<\/a><\/li>\n<li><a href=\"https:\/\/serveiseducatius.xtec.cat\/altemporda\/clubs-de-lectura\/centres-participants\/ins-de-la-jonquera\/\" target=\"_blank\" rel=\"noopener\">INS de la Jonquera<\/a><\/li>\n<li><a href=\"https:\/\/serveiseducatius.xtec.cat\/altemporda\/clubs-de-lectura\/centres-participants\/cc-la-salle\/\" target=\"_blank\" rel=\"noopener\">CC La Salle<\/a><\/li>\n<li><a href=\"https:\/\/serveiseducatius.xtec.cat\/altemporda\/clubs-de-lectura\/centres-participants\/ins-narcis-monturiol-figueres\/\" target=\"_blank\" rel=\"noopener\">INS Narc\u00eds Monturiol (Figueres)<\/a><\/li>\n<li><a href=\"https:\/\/serveiseducatius.xtec.cat\/altemporda\/clubs-de-lectura\/centres-participants\/ins-olivar-gran-figueres\/\" target=\"_blank\" rel=\"noopener\">INS Olivar Gran (Figueres)<\/a><\/li>\n<li><a href=\"https:\/\/serveiseducatius.xtec.cat\/altemporda\/clubs-de-lectura\/centres-participants\/ins-ramon-muntaner-figueres\/\" target=\"_blank\" rel=\"noopener\">INS Ramon Muntaner (Figueres)<\/a><\/li>\n<li><a href=\"https:\/\/serveiseducatius.xtec.cat\/altemporda\/clubs-de-lectura\/centres-participants\/ins-vilafant\/\" target=\"_blank\" rel=\"noopener\">INS Vilafant<\/a><\/li>\n<\/ul>\n","protected":false},"excerpt":{"rendered":"<p>INS Alexandre Deulofeu (Figueres) INS Cap Norfeu (Roses) I-E Caritat Serinyana Cap de Creus (Cadaqu\u00e9s) INS Castell\u00f3 d&#8217;Emp\u00faries (Cd&#8217;E) INS Cendrassos (Figueres) INS de Peralada INS El Pedr\u00f3 (l&#8217;Escala) I-E El Bruel Empuriabrava INS Illa de Rodes (Roses) INS Llan\u00e7\u00e0 INS de la Jonquera CC La Salle INS Narc\u00eds Monturiol (Figueres) INS Olivar Gran (Figueres) [&hellip;]<\/p>\n","protected":false},"author":4,"featured_media":0,"parent":16181,"menu_order":0,"comment_status":"closed","ping_status":"closed","template":"","meta":{"_bbp_topic_count":0,"_bbp_reply_count":0,"_bbp_total_topic_count":0,"_bbp_total_reply_count":0,"_bbp_voice_count":0,"_bbp_anonymous_reply_count":0,"_bbp_topic_count_hidden":0,"_bbp_reply_count_hidden":0,"_bbp_forum_subforum_count":0,"site-sidebar-layout":"default","site-content-layout":"","ast-site-content-layout":"","site-content-style":"default","site-sidebar-style":"default","ast-global-header-display":"","ast-banner-title-visibility":"","ast-main-header-display":"","ast-hfb-above-header-display":"","ast-hfb-below-header-display":"","ast-hfb-mobile-header-display":"","site-post-title":"","ast-breadcrumbs-content":"","ast-featured-img":"","footer-sml-layout":"","theme-transparent-header-meta":"","adv-header-id-meta":"","stick-header-meta":"","header-above-stick-meta":"","header-main-stick-meta":"","header-below-stick-meta":"","astra-migrate-meta-layouts":"default","ast-page-background-enabled":"default","ast-page-background-meta":{"desktop":{"background-color":"var(--ast-global-color-4)","background-image":"","background-repeat":"repeat","background-position":"center center","background-size":"auto","background-attachment":"scroll","background-type":"","background-media":"","overlay-type":"","overlay-color":"","overlay-opacity":"","overlay-gradient":""},"tablet":{"background-color":"","background-image":"","background-repeat":"repeat","background-position":"center center","background-size":"auto","background-attachment":"scroll","background-type":"","background-media":"","overlay-type":"","overlay-color":"","overlay-opacity":"","overlay-gradient":""},"mobile":{"background-color":"","background-image":"","background-repeat":"repeat","background-position":"center center","background-size":"auto","background-attachment":"scroll","background-type":"","background-media":"","overlay-type":"","overlay-color":"","overlay-opacity":"","overlay-gradient":""}},"ast-content-background-meta":{"desktop":{"background-color":"var(--ast-global-color-5)","background-image":"","background-repeat":"repeat","background-position":"center center","background-size":"auto","background-attachment":"scroll","background-type":"","background-media":"","overlay-type":"","overlay-color":"","overlay-opacity":"","overlay-gradient":""},"tablet":{"background-color":"var(--ast-global-color-5)","background-image":"","background-repeat":"repeat","background-position":"center center","background-size":"auto","background-attachment":"scroll","background-type":"","background-media":"","overlay-type":"","overlay-color":"","overlay-opacity":"","overlay-gradient":""},"mobile":{"background-color":"var(--ast-global-color-5)","background-image":"","background-repeat":"repeat","background-position":"center center","background-size":"auto","background-attachment":"scroll","background-type":"","background-media":"","overlay-type":"","overlay-color":"","overlay-opacity":"","overlay-gradient":""}},"footnotes":""},"class_list":["post-16187","page","type-page","status-publish","hentry"],"post_mailing_queue_ids":[],"_links":{"self":[{"href":"https:\/\/serveiseducatius.xtec.cat\/altemporda\/wp-json\/wp\/v2\/pages\/16187","targetHints":{"allow":["GET"]}}],"collection":[{"href":"https:\/\/serveiseducatius.xtec.cat\/altemporda\/wp-json\/wp\/v2\/pages"}],"about":[{"href":"https:\/\/serveiseducatius.xtec.cat\/altemporda\/wp-json\/wp\/v2\/types\/page"}],"author":[{"embeddable":true,"href":"https:\/\/serveiseducatius.xtec.cat\/altemporda\/wp-json\/wp\/v2\/users\/4"}],"replies":[{"embeddable":true,"href":"https:\/\/serveiseducatius.xtec.cat\/altemporda\/wp-json\/wp\/v2\/comments?post=16187"}],"version-history":[{"count":4,"href":"https:\/\/serveiseducatius.xtec.cat\/altemporda\/wp-json\/wp\/v2\/pages\/16187\/revisions"}],"predecessor-version":[{"id":20888,"href":"https:\/\/serveiseducatius.xtec.cat\/altemporda\/wp-json\/wp\/v2\/pages\/16187\/revisions\/20888"}],"up":[{"embeddable":true,"href":"https:\/\/serveiseducatius.xtec.cat\/altemporda\/wp-json\/wp\/v2\/pages\/16181"}],"wp:attachment":[{"href":"https:\/\/serveiseducatius.xtec.cat\/altemporda\/wp-json\/wp\/v2\/media?parent=16187"}],"curies":[{"name":"wp","href":"https:\/\/api.w.org\/{rel}","templated":true}]}}