{"id":16078,"date":"2022-02-15T13:51:13","date_gmt":"2022-02-15T12:51:13","guid":{"rendered":"https:\/\/serveiseducatius.xtec.cat\/altemporda\/?page_id=16078"},"modified":"2024-02-21T10:52:05","modified_gmt":"2024-02-21T09:52:05","slug":"biolectures-biodiversitat","status":"publish","type":"page","link":"https:\/\/serveiseducatius.xtec.cat\/altemporda\/xarxa-descoles-del-pn-cap-de-creus\/biolectures\/biolectures-biodiversitat\/","title":{"rendered":"BioLectures: biodiversitat"},"content":{"rendered":"<p><em>&#8220;Em sembla que el m\u00f3n natural \u00e9s la font d&#8217;excitaci\u00f3 m\u00e9s gran; la font m\u00e9s gran de bellesa visual; la font d&#8217;inter\u00e8s intel\u00b7lectual m\u00e9s gran. \u00c9s la font de tantes coses a la vida que fa que la vida valgui la pena viure-la&#8221;. <\/em>David Attenborough (1926- )<\/p>\n<p><strong>Biodiversitat: Educaci\u00f3 Infantil i Cicle Inicial<\/strong><\/p>\n<div class=\"fila engrandeix img;\">\n<div class=\"columna\" style=\"width: 25%;\"><a href=\"https:\/\/drive.google.com\/file\/d\/1_B-ou6JFIym8oT5zr7_3OSXf8X1fMoJY\/view?usp=sharing\" target=\"_blank\" rel=\"noopener noreferrer\"><br \/>\n<img decoding=\"async\" style=\"border: 1px solid #555;\" src=\"https:\/\/serveiseducatius.xtec.cat\/altemporda\/wp-content\/uploads\/usu1156\/2024\/02\/Biolectures-1.png\" width=\"90%\" \/><\/a><\/div>\n<div class=\"columna\" style=\"width: 25%;\"><a href=\"https:\/\/drive.google.com\/file\/d\/1VhlJ6i6VIkUuEpjbt-Qomi6LiTCFxUZx\/view?usp=sharing\" target=\"_blank\" rel=\"noopener noreferrer\"><br \/>\n<img decoding=\"async\" style=\"border: 1px solid #555;\" src=\"https:\/\/serveiseducatius.xtec.cat\/altemporda\/wp-content\/uploads\/usu1156\/2024\/02\/Biolectures_2.png\" width=\"90%\" \/><\/a><\/div>\n<div class=\"columna\" style=\"width: 25%;\"><a href=\"https:\/\/drive.google.com\/file\/d\/1_w_0VsSns1QgmL7ZrsaET4tllD9fI2_L\/view?usp=sharing\" target=\"_blank\" rel=\"noopener noreferrer\"><br \/>\n<img decoding=\"async\" style=\"border: 1px solid #555;\" src=\"https:\/\/serveiseducatius.xtec.cat\/altemporda\/wp-content\/uploads\/usu1156\/2024\/02\/Biolectures_3.png\" width=\"90%\" \/><\/a><\/div>\n<div class=\"columna\" style=\"width: 25%;\"><a href=\"https:\/\/drive.google.com\/file\/d\/1sIKRsvLhRxiYlGCrLro_CURYUZfRvuOJ\/view?usp=sharing\" target=\"_blank\" rel=\"noopener noreferrer\"><br \/>\n<img decoding=\"async\" style=\"border: 1px solid #555;\" src=\"https:\/\/serveiseducatius.xtec.cat\/altemporda\/wp-content\/uploads\/usu1156\/2024\/02\/Biolectures_4.png\" width=\"90%\" \/><\/a><\/div>\n<\/div>\n<div class=\"fila engrandeix img;\">\n<div class=\"columna\" style=\"width: 25%;\"><a href=\"https:\/\/drive.google.com\/file\/d\/1ln354UALBhb2xJ8cD95VxOQ2BoJ2Nff1\/view?usp=sharing\" target=\"_blank\" rel=\"noopener noreferrer\"><br \/>\n<img decoding=\"async\" style=\"border: 1px solid #555;\" src=\"https:\/\/serveiseducatius.xtec.cat\/altemporda\/wp-content\/uploads\/usu1156\/2024\/02\/Biolectures_5.png\" width=\"90%\" \/><\/a><\/div>\n<div class=\"columna\" style=\"width: 25%;\"><a href=\"https:\/\/drive.google.com\/file\/d\/1DLshvMN4RLMz0HWhtR-RnlgPNSUdbY51\/view?usp=sharing&quot;\" target=\"_blank\" rel=\"noopener noreferrer\"><br \/>\n<img decoding=\"async\" style=\"border: 1px solid #555;\" src=\"https:\/\/serveiseducatius.xtec.cat\/altemporda\/wp-content\/uploads\/usu1156\/2024\/02\/Biolectures_6.png\" width=\"90%\" \/><\/a><\/div>\n<div class=\"columna\" style=\"width: 25%;\"><a href=\"https:\/\/serveiseducatius.xtec.cat\/altemporda\/wp-content\/uploads\/usu1156\/2024\/02\/Biolectures-1.png\" target=\"_blank\" rel=\"noopener noreferrer\"><br \/>\n<img decoding=\"async\" style=\"border: 1px solid #555;\" src=\"https:\/\/serveiseducatius.xtec.cat\/altemporda\/wp-content\/uploads\/usu1156\/2024\/02\/Biolectures_7.png\" width=\"90%\" \/><\/a><\/div>\n<div class=\"columna\" style=\"width: 25%;\"><a href=\"https:\/\/drive.google.com\/file\/d\/1Rnb1vdDIwjj5bDM3l2BftT3LyezdYXA0\/view?usp=sharing\" target=\"_blank\" rel=\"noopener noreferrer\"><br \/>\n<img decoding=\"async\" style=\"border: 1px solid #555;\" src=\"https:\/\/serveiseducatius.xtec.cat\/altemporda\/wp-content\/uploads\/usu1156\/2024\/02\/Biolectures_8.png\" width=\"90%\" \/><\/a><\/div>\n<\/div>\n<div class=\"fila engrandeix img;\">\n<div class=\"columna\" style=\"width: 25%;\"><a href=\"https:\/\/drive.google.com\/file\/d\/1V9b6qPf1X0nPDCj6d60RBQ0ys9x_SMCf\/view?usp=sharing\" target=\"_blank\" rel=\"noopener noreferrer\"><br \/>\n<img decoding=\"async\" style=\"border: 1px solid #555;\" src=\"https:\/\/serveiseducatius.xtec.cat\/altemporda\/wp-content\/uploads\/usu1156\/2024\/02\/Biolectures_9.png\" width=\"90%\" \/><\/a><\/div>\n<div class=\"columna\" style=\"width: 25%;\"><a href=\"https:\/\/drive.google.com\/file\/d\/1PNg5QdlMkRNaPCFyDTAqKwg0nBAXWxg2\/view?usp=sharing\" target=\"_blank\" rel=\"noopener noreferrer\"><br \/>\n<img decoding=\"async\" style=\"border: 1px solid #555;\" src=\"https:\/\/serveiseducatius.xtec.cat\/altemporda\/wp-content\/uploads\/usu1156\/2024\/02\/Biolectures_10.png\" width=\"90%\" \/><\/a><\/div>\n<div class=\"columna\" style=\"width: 25%;\"><a href=\"https:\/\/drive.google.com\/file\/d\/180xlCerDRetNCFDw0A_OGj9rzIQHYGHw\/view?usp=sharing\" target=\"_blank\" rel=\"noopener noreferrer\"><br \/>\n<img decoding=\"async\" style=\"border: 1px solid #555;\" src=\"https:\/\/serveiseducatius.xtec.cat\/altemporda\/wp-content\/uploads\/usu1156\/2024\/02\/Biolectures_11.png\" width=\"90%\" \/><\/a><\/div>\n<div class=\"columna\" style=\"width: 25%;\"><a href=\"https:\/\/drive.google.com\/file\/d\/1xeactBdsMaw7rqGq1WWHeOlmPG2FnfgB\/view?usp=sharing\" target=\"_blank\" rel=\"noopener noreferrer\"><br \/>\n<img decoding=\"async\" style=\"border: 1px solid #555;\" src=\"https:\/\/serveiseducatius.xtec.cat\/altemporda\/wp-content\/uploads\/usu1156\/2024\/02\/Biolectures_12.png\" width=\"90%\" \/><\/a><\/div>\n<\/div>\n<hr \/>\n<p><strong>Biodiversitat: Cicle Mitj\u00e0 i Superior<\/strong><\/p>\n<div class=\"fila engrandeix img;\">\n<div class=\"columna\" style=\"width: 25%;\"><a href=\"https:\/\/drive.google.com\/file\/d\/10upVdRVT_tpWHaaQfIopRtJFCjT1a_z8\/view?usp=sharing\" target=\"_blank\" rel=\"noopener noreferrer\"><br \/>\n<img decoding=\"async\" style=\"border: 1px solid #555;\" src=\"https:\/\/serveiseducatius.xtec.cat\/altemporda\/wp-content\/uploads\/usu1156\/2024\/02\/Biolectures_42.png\" width=\"90%\" \/><\/a><\/div>\n<div class=\"columna\" style=\"width: 25%;\"><a href=\"https:\/\/drive.google.com\/file\/d\/14PCofDF2D8wPzblVaiHKZ3KB28LB7gIJ\/view?usp=sharing\" target=\"_blank\" rel=\"noopener noreferrer\"><br \/>\n<img decoding=\"async\" style=\"border: 1px solid #555;\" src=\"https:\/\/serveiseducatius.xtec.cat\/altemporda\/wp-content\/uploads\/usu1156\/2024\/02\/Biolectures_14.png\" width=\"90%\" \/><\/a><\/div>\n<div class=\"columna\" style=\"width: 25%;\"><a href=\"https:\/\/drive.google.com\/file\/d\/1BbwUqsi7RW75y9c6pX3NrdxmxvKBk3La\/view?usp=sharing\" target=\"_blank\" rel=\"noopener noreferrer\"><br \/>\n<img decoding=\"async\" style=\"border: 1px solid #555;\" src=\"https:\/\/serveiseducatius.xtec.cat\/altemporda\/wp-content\/uploads\/usu1156\/2024\/02\/Biolectures_43.png\" width=\"90%\" \/><\/a><\/div>\n<div class=\"columna\" style=\"width: 25%;\"><a href=\"https:\/\/drive.google.com\/file\/d\/1Nj54w8hcxkGeHG-nALpA44Xf-qnRVhTd\/view?usp=sharing\" target=\"_blank\" rel=\"noopener noreferrer\"><br \/>\n<img decoding=\"async\" style=\"border: 1px solid #555;\" src=\"https:\/\/serveiseducatius.xtec.cat\/altemporda\/wp-content\/uploads\/usu1156\/2024\/02\/Biolectures_17.png\" width=\"90%\" \/><\/a><\/div>\n<\/div>\n<div class=\"fila engrandeix img;\">\n<div class=\"columna\" style=\"width: 25%;\"><a href=\"https:\/\/drive.google.com\/file\/d\/1UEXeFyUqLvcG0fLOyq5fz4tDUVDszVc6\/view?usp=sharing\" target=\"_blank\" rel=\"noopener noreferrer\"><br \/>\n<img decoding=\"async\" style=\"border: 1px solid #555;\" src=\"https:\/\/serveiseducatius.xtec.cat\/altemporda\/wp-content\/uploads\/usu1156\/2024\/02\/Biolectures_18.png\" width=\"90%\" \/><\/a><\/div>\n<div class=\"columna\" style=\"width: 25%;\"><a href=\"https:\/\/drive.google.com\/file\/d\/1Xu3AXz74_nXxZFUk-gIbWicPtuXqPx9e\/view?usp=sharing\" target=\"_blank\" rel=\"noopener noreferrer\"><br \/>\n<img decoding=\"async\" style=\"border: 1px solid #555;\" src=\"https:\/\/serveiseducatius.xtec.cat\/altemporda\/wp-content\/uploads\/usu1156\/2024\/02\/Biolectures_19.png\" width=\"90%\" \/><\/a><\/div>\n<div class=\"columna\" style=\"width: 25%;\"><a href=\"https:\/\/drive.google.com\/file\/d\/1OfuIQqHBkdENvXcISymX3oeL4GZZhQXt\/view?usp=sharing\" target=\"_blank\" rel=\"noopener noreferrer\"><br \/>\n<img decoding=\"async\" style=\"border: 1px solid #555;\" src=\"https:\/\/serveiseducatius.xtec.cat\/altemporda\/wp-content\/uploads\/usu1156\/2024\/02\/Biolectures_20.png\" width=\"90%\" \/><\/a><\/div>\n<div class=\"columna\" style=\"width: 25%;\"><a href=\"https:\/\/drive.google.com\/file\/d\/1DqkfUowodEHKyQSalh7500ACBMLfOSz1\/view?usp=sharing\" target=\"_blank\" rel=\"noopener noreferrer\"><br \/>\n<img decoding=\"async\" style=\"border: 1px solid #555;\" src=\"https:\/\/serveiseducatius.xtec.cat\/altemporda\/wp-content\/uploads\/usu1156\/2024\/02\/Biolectures_21.png\" width=\"90%\" \/><\/a><\/div>\n<\/div>\n<div class=\"fila engrandeix img;\">\n<div class=\"columna\" style=\"width: 25%;\"><a href=\"https:\/\/drive.google.com\/file\/d\/1Yk1uMSaJyx6gMLkNjSJtWkdg4zHYnfxz\/view?usp=sharing\" target=\"_blank\" rel=\"noopener noreferrer\"><br \/>\n<img decoding=\"async\" style=\"border: 1px solid #555;\" src=\"https:\/\/serveiseducatius.xtec.cat\/altemporda\/wp-content\/uploads\/usu1156\/2024\/02\/Biolectures_22.png\" width=\"90%\" \/><\/a><\/div>\n<div class=\"columna\" style=\"width: 25%;\"><a href=\"https:\/\/drive.google.com\/file\/d\/1XRWMI36BJK8P-vqx_wYNQlHctEVmZJKK\/view?usp=sharing\" target=\"_blank\" rel=\"noopener noreferrer\"><br \/>\n<img decoding=\"async\" style=\"border: 1px solid #555;\" src=\"https:\/\/serveiseducatius.xtec.cat\/altemporda\/wp-content\/uploads\/usu1156\/2024\/02\/Biolectures_24.png\" width=\"90%\" \/><\/a><\/div>\n<div class=\"columna\" style=\"width: 25%;\"><a href=\"https:\/\/drive.google.com\/file\/d\/1JiUjE9o2GZA1ZnJ4T0JecqHQai7-yS0Q\/view?usp=sharing\" target=\"_blank\" rel=\"noopener noreferrer\"><br \/>\n<img decoding=\"async\" style=\"border: 1px solid #555;\" src=\"https:\/\/serveiseducatius.xtec.cat\/altemporda\/wp-content\/uploads\/usu1156\/2024\/02\/Biolectures_13.png\" width=\"90%\" \/><\/a><\/div>\n<div class=\"columna\" style=\"width: 25%;\"><a href=\"https:\/\/drive.google.com\/file\/d\/1UMG8pec6MsItHhTNk-j91ES2OMQtWt6A\/view?usp=sharing\" target=\"_blank\" rel=\"noopener noreferrer\"><br \/>\n<img decoding=\"async\" style=\"border: 1px solid #555;\" src=\"https:\/\/serveiseducatius.xtec.cat\/altemporda\/wp-content\/uploads\/usu1156\/2024\/02\/Biolectures_15.png\" width=\"90%\" \/><\/a><\/div>\n<\/div>\n<div class=\"fila engrandeix img;\">\n<div class=\"columna\" style=\"width: 25%;\"><a href=\"https:\/\/drive.google.com\/file\/d\/1PeU4F1XGBNIqQhgVTvxOcVoQgOSFtr14\/view?usp=sharing\" target=\"_blank\" rel=\"noopener noreferrer\"><br \/>\n<img decoding=\"async\" style=\"border: 1px solid #555;\" src=\"https:\/\/serveiseducatius.xtec.cat\/altemporda\/wp-content\/uploads\/usu1156\/2024\/02\/Biolectures_16.png\" width=\"90%\" \/><\/a><\/div>\n<div class=\"columna\" style=\"width: 25%;\"><\/div>\n<div class=\"columna\" style=\"width: 25%;\"><\/div>\n<div class=\"columna\" style=\"width: 25%;\"><\/div>\n<\/div>\n<hr \/>\n<p><span style=\"font-size: 18pt;\"><strong>Col\u00b7lecci\u00f3 antiga:\u00a0<\/strong><\/span><strong>Educaci\u00f3 Infantil i Cicle Inicial<\/strong><\/p>\n<div class=\"fila engrandeix img;\">\n<div class=\"columna\" style=\"width: 25%;\"><a href=\"http:\/\/drive.google.com\/uc?export=view&amp;id=1pylUebCfwiCbNpTYvQ2-t6xAUn6pqO3i\" target=\"_blank\" rel=\"noopener noreferrer\"><img decoding=\"async\" style=\"border: 1px solid #555;\" src=\"https:\/\/serveiseducatius.xtec.cat\/altemporda\/wp-content\/uploads\/usu1156\/2024\/02\/Biolectures_44.png\" width=\"90%\" \/><\/a><\/div>\n<div class=\"columna\" style=\"width: 25%;\"><a href=\"http:\/\/drive.google.com\/uc?export=view&amp;id=1faQ7QoCwDN0SrzXLQgU2mla8MHy2RKVs\" target=\"_blank\" rel=\"noopener noreferrer\"><img decoding=\"async\" style=\"border: 1px solid #555;\" src=\"https:\/\/serveiseducatius.xtec.cat\/altemporda\/wp-content\/uploads\/usu1156\/2024\/02\/Biolectures_45.png\" width=\"90%\" \/><\/a><\/div>\n<div class=\"columna\" style=\"width: 25%;\"><a href=\"http:\/\/drive.google.com\/uc?export=view&amp;id=1jBTrFJ6BvRxB6bXwt836GjV7dZQe-J7e\" target=\"_blank\" rel=\"noopener noreferrer\"><img decoding=\"async\" style=\"border: 1px solid #555;\" src=\"https:\/\/serveiseducatius.xtec.cat\/altemporda\/wp-content\/uploads\/usu1156\/2024\/02\/Biolectures_46.png\" width=\"90%\" \/><\/a><\/div>\n<div class=\"columna\" style=\"width: 25%;\"><a href=\"http:\/\/drive.google.com\/uc?export=view&amp;id=1eJZIP14wha2SjThfe7qfwUhHUmu34X9Q\" target=\"_blank\" rel=\"noopener noreferrer\"><img decoding=\"async\" style=\"border: 1px solid #555;\" src=\"https:\/\/serveiseducatius.xtec.cat\/altemporda\/wp-content\/uploads\/usu1156\/2024\/02\/Biolectures_47.png\" width=\"90%\" \/><\/a><\/div>\n<\/div>\n<div class=\"fila engrandeix img;\">\n<div class=\"columna\" style=\"width: 25%;\"><a href=\"http:\/\/drive.google.com\/uc?export=view&amp;id=1Z9UUhVfDhu-9g1-dz10lAXR6HuM3dvsV\" target=\"_blank\" rel=\"noopener noreferrer\"><img decoding=\"async\" style=\"border: 1px solid #555;\" src=\"https:\/\/serveiseducatius.xtec.cat\/altemporda\/wp-content\/uploads\/usu1156\/2024\/02\/Biolectures_48.png\" width=\"90%\" \/><\/a><\/div>\n<div class=\"columna\" style=\"width: 25%;\"><a href=\"http:\/\/drive.google.com\/uc?export=view&amp;id=1ZpyJ-Jl1O1gwYFVhWRGzu2KIvIeI340M\" target=\"_blank\" rel=\"noopener noreferrer\"><img decoding=\"async\" style=\"border: 1px solid #555;\" src=\"https:\/\/serveiseducatius.xtec.cat\/altemporda\/wp-content\/uploads\/usu1156\/2024\/02\/Biolectures_49.png\" width=\"90%\" \/><\/a><\/div>\n<div class=\"columna\" style=\"width: 25%;\"><a href=\"http:\/\/drive.google.com\/uc?export=view&amp;id=1wr92hzbWHhOGl-J5pFANFQEquQQx9ZT7\" target=\"_blank\" rel=\"noopener noreferrer\"><img decoding=\"async\" style=\"border: 1px solid #555;\" src=\"https:\/\/serveiseducatius.xtec.cat\/altemporda\/wp-content\/uploads\/usu1156\/2024\/02\/Biolectures_50.png\" width=\"90%\" \/><\/a><\/div>\n<div class=\"columna\" style=\"width: 25%;\"><a href=\"http:\/\/drive.google.com\/uc?export=view&amp;id=1pS_Zh45DFoK4r4PYdBTx08NW1-fGWFvU\" target=\"_blank\" rel=\"noopener noreferrer\"><img decoding=\"async\" style=\"border: 1px solid #555;\" src=\"https:\/\/serveiseducatius.xtec.cat\/altemporda\/wp-content\/uploads\/usu1156\/2024\/02\/Biolectures_51.png\" width=\"90%\" \/><\/a><\/div>\n<\/div>\n<div class=\"fila engrandeix img;\">\n<div class=\"columna\" style=\"width: 25%;\"><a href=\"http:\/\/drive.google.com\/uc?export=view&amp;id=1zgQGfHaxbBJ0KJf-G-foA9YY_D-aK4if\" target=\"_blank\" rel=\"noopener noreferrer\"><img decoding=\"async\" style=\"border: 1px solid #555;\" src=\"https:\/\/serveiseducatius.xtec.cat\/altemporda\/wp-content\/uploads\/usu1156\/2024\/02\/Biolectures_52.png\" width=\"90%\" \/><\/a><\/div>\n<div class=\"columna\" style=\"width: 25%;\"><a href=\"http:\/\/drive.google.com\/uc?export=view&amp;id=1DX2bz9Q_JvAOlnIOLV3EW068vLby-RBQ\" target=\"_blank\" rel=\"noopener noreferrer\"><img decoding=\"async\" style=\"border: 1px solid #555;\" src=\"https:\/\/serveiseducatius.xtec.cat\/altemporda\/wp-content\/uploads\/usu1156\/2024\/02\/Biolectures_53.png\" width=\"90%\" \/><\/a><\/div>\n<div class=\"columna\" style=\"width: 25%;\"><\/div>\n<div class=\"columna\" style=\"width: 25%;\"><\/div>\n<\/div>\n<p>&nbsp;<\/p>\n<p><span style=\"font-size: 18pt;\"><strong>Col\u00b7lecci\u00f3 antiga: <\/strong><\/span><strong>Cicle Mitj\u00e0 i Superior<\/strong><\/p>\n<div class=\"fila engrandeix img;\">\n<div class=\"columna\" style=\"width: 25%;\"><a href=\"http:\/\/drive.google.com\/uc?export=view&amp;id=1ewectyQu6uvWO3C49BUs2yK3Q6ZqtGT5\" target=\"_blank\" rel=\"noopener noreferrer\"><img decoding=\"async\" style=\"border: 1px solid #555;\" src=\"https:\/\/serveiseducatius.xtec.cat\/altemporda\/wp-content\/uploads\/usu1156\/2024\/02\/Biolectures_54.png\" width=\"90%\" \/><\/a><\/div>\n<div class=\"columna\" style=\"width: 25%;\"><a href=\"http:\/\/drive.google.com\/uc?export=view&amp;id=1Nr9wq_TH1QJu1aVsicl-3HXx5-W9TlcX\" target=\"_blank\" rel=\"noopener noreferrer\"><img decoding=\"async\" style=\"border: 1px solid #555;\" src=\"https:\/\/serveiseducatius.xtec.cat\/altemporda\/wp-content\/uploads\/usu1156\/2024\/02\/Biolectures_55.png\" width=\"90%\" \/><\/a><\/div>\n<div class=\"columna\" style=\"width: 25%;\"><a href=\"http:\/\/drive.google.com\/uc?export=view&amp;id=1fU3Vd5UKJp2kE5Uqaj3IRsrg2EtDctdb\" target=\"_blank\" rel=\"noopener noreferrer\"><img decoding=\"async\" style=\"border: 1px solid #555;\" src=\"https:\/\/serveiseducatius.xtec.cat\/altemporda\/wp-content\/uploads\/usu1156\/2024\/02\/Biolectures_56.png\" width=\"90%\" \/><\/a><\/div>\n<div class=\"columna\" style=\"width: 25%;\"><a href=\"http:\/\/drive.google.com\/uc?export=view&amp;id=1DX2bz9Q_JvAOlnIOLV3EW068vLby-RBQ\" target=\"_blank\" rel=\"noopener noreferrer\"><img decoding=\"async\" style=\"border: 1px solid #555;\" src=\"https:\/\/serveiseducatius.xtec.cat\/altemporda\/wp-content\/uploads\/usu1156\/2024\/02\/Biolectures_57.png\" width=\"90%\" \/><\/a><\/div>\n<\/div>\n","protected":false},"excerpt":{"rendered":"<p>&#8220;Em sembla que el m\u00f3n natural \u00e9s la font d&#8217;excitaci\u00f3 m\u00e9s gran; la font m\u00e9s gran de bellesa visual; la font d&#8217;inter\u00e8s intel\u00b7lectual m\u00e9s gran. \u00c9s la font de tantes coses a la vida que fa que la vida valgui la pena viure-la&#8221;. David Attenborough (1926- ) Biodiversitat: Educaci\u00f3 Infantil i Cicle Inicial Biodiversitat: Cicle [&hellip;]<\/p>\n","protected":false},"author":1,"featured_media":0,"parent":15967,"menu_order":0,"comment_status":"closed","ping_status":"closed","template":"","meta":{"_bbp_topic_count":0,"_bbp_reply_count":0,"_bbp_total_topic_count":0,"_bbp_total_reply_count":0,"_bbp_voice_count":0,"_bbp_anonymous_reply_count":0,"_bbp_topic_count_hidden":0,"_bbp_reply_count_hidden":0,"_bbp_forum_subforum_count":0,"site-sidebar-layout":"default","site-content-layout":"","ast-site-content-layout":"","site-content-style":"default","site-sidebar-style":"default","ast-global-header-display":"","ast-banner-title-visibility":"","ast-main-header-display":"","ast-hfb-above-header-display":"","ast-hfb-below-header-display":"","ast-hfb-mobile-header-display":"","site-post-title":"","ast-breadcrumbs-content":"","ast-featured-img":"","footer-sml-layout":"","theme-transparent-header-meta":"","adv-header-id-meta":"","stick-header-meta":"","header-above-stick-meta":"","header-main-stick-meta":"","header-below-stick-meta":"","astra-migrate-meta-layouts":"default","ast-page-background-enabled":"default","ast-page-background-meta":{"desktop":{"background-color":"var(--ast-global-color-4)","background-image":"","background-repeat":"repeat","background-position":"center center","background-size":"auto","background-attachment":"scroll","background-type":"","background-media":"","overlay-type":"","overlay-color":"","overlay-opacity":"","overlay-gradient":""},"tablet":{"background-color":"","background-image":"","background-repeat":"repeat","background-position":"center center","background-size":"auto","background-attachment":"scroll","background-type":"","background-media":"","overlay-type":"","overlay-color":"","overlay-opacity":"","overlay-gradient":""},"mobile":{"background-color":"","background-image":"","background-repeat":"repeat","background-position":"center center","background-size":"auto","background-attachment":"scroll","background-type":"","background-media":"","overlay-type":"","overlay-color":"","overlay-opacity":"","overlay-gradient":""}},"ast-content-background-meta":{"desktop":{"background-color":"var(--ast-global-color-5)","background-image":"","background-repeat":"repeat","background-position":"center center","background-size":"auto","background-attachment":"scroll","background-type":"","background-media":"","overlay-type":"","overlay-color":"","overlay-opacity":"","overlay-gradient":""},"tablet":{"background-color":"var(--ast-global-color-5)","background-image":"","background-repeat":"repeat","background-position":"center center","background-size":"auto","background-attachment":"scroll","background-type":"","background-media":"","overlay-type":"","overlay-color":"","overlay-opacity":"","overlay-gradient":""},"mobile":{"background-color":"var(--ast-global-color-5)","background-image":"","background-repeat":"repeat","background-position":"center center","background-size":"auto","background-attachment":"scroll","background-type":"","background-media":"","overlay-type":"","overlay-color":"","overlay-opacity":"","overlay-gradient":""}},"footnotes":""},"class_list":["post-16078","page","type-page","status-publish","hentry"],"post_mailing_queue_ids":[],"_links":{"self":[{"href":"https:\/\/serveiseducatius.xtec.cat\/altemporda\/wp-json\/wp\/v2\/pages\/16078","targetHints":{"allow":["GET"]}}],"collection":[{"href":"https:\/\/serveiseducatius.xtec.cat\/altemporda\/wp-json\/wp\/v2\/pages"}],"about":[{"href":"https:\/\/serveiseducatius.xtec.cat\/altemporda\/wp-json\/wp\/v2\/types\/page"}],"author":[{"embeddable":true,"href":"https:\/\/serveiseducatius.xtec.cat\/altemporda\/wp-json\/wp\/v2\/users\/1"}],"replies":[{"embeddable":true,"href":"https:\/\/serveiseducatius.xtec.cat\/altemporda\/wp-json\/wp\/v2\/comments?post=16078"}],"version-history":[{"count":8,"href":"https:\/\/serveiseducatius.xtec.cat\/altemporda\/wp-json\/wp\/v2\/pages\/16078\/revisions"}],"predecessor-version":[{"id":22455,"href":"https:\/\/serveiseducatius.xtec.cat\/altemporda\/wp-json\/wp\/v2\/pages\/16078\/revisions\/22455"}],"up":[{"embeddable":true,"href":"https:\/\/serveiseducatius.xtec.cat\/altemporda\/wp-json\/wp\/v2\/pages\/15967"}],"wp:attachment":[{"href":"https:\/\/serveiseducatius.xtec.cat\/altemporda\/wp-json\/wp\/v2\/media?parent=16078"}],"curies":[{"name":"wp","href":"https:\/\/api.w.org\/{rel}","templated":true}]}}