{"id":16074,"date":"2022-02-15T13:47:15","date_gmt":"2022-02-15T12:47:15","guid":{"rendered":"https:\/\/serveiseducatius.xtec.cat\/altemporda\/?page_id=16074"},"modified":"2024-02-21T11:59:36","modified_gmt":"2024-02-21T10:59:36","slug":"biolectures-canvi-climatic","status":"publish","type":"page","link":"https:\/\/serveiseducatius.xtec.cat\/altemporda\/xarxa-descoles-del-pn-cap-de-creus\/biolectures\/biolectures-canvi-climatic\/","title":{"rendered":"BioLectures: Emerg\u00e8ncia clim\u00e0tica"},"content":{"rendered":"<p style=\"text-align: center;\"><em>&#8220;Durant desenes de milers d&#8217;anys, els \u00e9ssers humans van viure utilitzant l&#8217;energia del sol, de les marees, dels vents o de la llenya per cobrir les necessitats que tenien. Tanmateix, a partir de la Revoluci\u00f3 industrial es va comen\u00e7ar a fer servir de manera massiva el carb\u00f3, el petroli i el gas natural. Aix\u00ed es va engegar una economia capa\u00e7 de produir quantitats enormes de productes que s\u00f3n fabricats, comprats, venuts i transportats arreu del planeta, per\u00f2 aquest creixement ha provocat l&#8217;escalfament global i, com a conseq\u00fc\u00e8ncia, el canvi clim\u00e0tic, un problema ecol\u00f2gic que posa en risc la vida tal com la coneixem&#8221;.<\/em><\/p>\n<p><strong>Emerg\u00e8ncia clim\u00e0tica: Educaci\u00f3 Infantil i Cicle Inicial<\/strong><\/p>\n<div class=\"fila engrandeix img;\">\n<div class=\"columna\" style=\"width: 25%;\"><a href=\"https:\/\/drive.google.com\/file\/d\/1G9APb54oCY29Sp19MsM09Hd32DNqEBok\/view?usp=sharing\" rel=\"noopener noreferrer\"><br \/>\n<img decoding=\"async\" style=\"border: 1px solid #555;\" src=\"https:\/\/serveiseducatius.xtec.cat\/altemporda\/wp-content\/uploads\/usu1156\/2024\/02\/Biolectures_26.png\" width=\"90%\" \/><\/a><\/div>\n<div class=\"columna\" style=\"width: 25%;\"><a href=\"https:\/\/drive.google.com\/file\/d\/1G0vBGkkynWjSKRK4Jd8NZphSgp0ZiQMJ\/view?usp=sharing\" rel=\"noopener noreferrer\"><br \/>\n<img decoding=\"async\" style=\"border: 1px solid #555;\" src=\"https:\/\/serveiseducatius.xtec.cat\/altemporda\/wp-content\/uploads\/usu1156\/2024\/02\/Biolectures_27.png\" width=\"90%\" \/><\/a><\/div>\n<div class=\"columna\" style=\"width: 25%;\"><a href=\"https:\/\/drive.google.com\/file\/d\/1KFoB1pFhqsIPu_rRReAResqIayQ6elyP\/view?usp=sharing\" rel=\"noopener noreferrer\"><br \/>\n<img decoding=\"async\" style=\"border: 1px solid #555;\" src=\"https:\/\/serveiseducatius.xtec.cat\/altemporda\/wp-content\/uploads\/usu1156\/2024\/02\/Biolectures_28.png\" width=\"90%\" \/><\/a><\/div>\n<div class=\"columna\" style=\"width: 25%;\"><a href=\"https:\/\/drive.google.com\/file\/d\/1WqevvynP3Qr22xYGlLsEfEn3F5riCtMX\/view?usp=sharing\" target=\"_blank\" rel=\"noopener noreferrer\"><br \/>\n<img decoding=\"async\" style=\"border: 1px solid #555;\" src=\"https:\/\/serveiseducatius.xtec.cat\/altemporda\/wp-content\/uploads\/usu1156\/2024\/02\/Biolectures_29.png\" width=\"90%\" \/><\/a><\/div>\n<\/div>\n<div class=\"fila engrandeix img;\">\n<div class=\"columna\" style=\"width: 25%;\"><a href=\"https:\/\/drive.google.com\/file\/d\/1AOy5QnSLNmvy6Xds6KenmdWeIf2oIvIV\/view?usp=sharing\" target=\"_blank\" rel=\"noopener noreferrer\"><br \/>\n<img decoding=\"async\" style=\"border: 1px solid #555;\" src=\"https:\/\/lh3.google.com\/d\/1TnJ6ZrLls04Adu0kt3PLHpopk8WzuA1x\" width=\"90%\" \/><\/a><\/div>\n<div class=\"columna\" style=\"width: 25%;\"><a href=\"https:\/\/drive.google.com\/file\/d\/1jiEGVjSKlP02EUDgwAAuWxQaVXF1yahq\/view?usp=sharing\" target=\"_blank\" rel=\"noopener noreferrer\"><br \/>\n<img decoding=\"async\" style=\"border: 1px solid #555;\" src=\"https:\/\/lh3.google.com\/d\/1_Lw2aGd-Qry4nWKWfMgdjiMorwglDDwh\" width=\"90%\" \/><\/a><\/div>\n<div class=\"columna\" style=\"width: 25%;\"><a href=\"https:\/\/drive.google.com\/file\/d\/13LdY7u9yWWmU9HlbDnwxYzCWT91Ps0mF\/view?usp=sharing\" target=\"_blank\" rel=\"noopener noreferrer\"><br \/>\n<img decoding=\"async\" style=\"border: 1px solid #555;\" src=\"https:\/\/serveiseducatius.xtec.cat\/altemporda\/wp-content\/uploads\/usu1156\/2024\/02\/Biolectures_58.png\" width=\"90%\" \/><\/a><\/div>\n<div class=\"columna\" style=\"width: 25%;\"><\/div>\n<\/div>\n<p>&nbsp;<\/p>\n<hr \/>\n<p><strong>Emerg\u00e8ncia clim\u00e0tica: Cicle Mitj\u00e0, Cicle Superior i ESO<\/strong><\/p>\n<div class=\"fila engrandeix img;\">\n<div class=\"columna\" style=\"width: 25%;\"><a href=\"https:\/\/drive.google.com\/file\/d\/16cZuWafpjv8upRpZNGsIPjylY_s3TMyy\/view?usp=sharing\" target=\"_blank\" rel=\"noopener noreferrer\"><img decoding=\"async\" style=\"border: 1px solid #555;\" src=\"https:\/\/serveiseducatius.xtec.cat\/altemporda\/wp-content\/uploads\/usu1156\/2024\/02\/Biolectures_32.png\" width=\"90%\" \/><\/a><\/div>\n<div class=\"columna\" style=\"width: 25%;\"><a href=\"https:\/\/drive.google.com\/file\/d\/1LUtTTbxoK7HyEEMXpssFcs56ERrvtgdC\/view?usp=sharing\" target=\"_blank\" rel=\"noopener noreferrer\"><br \/>\n<img decoding=\"async\" style=\"border: 1px solid #555;\" src=\"https:\/\/serveiseducatius.xtec.cat\/altemporda\/wp-content\/uploads\/usu1156\/2024\/02\/Biolectures_33.png\" width=\"90%\" \/><\/a><\/div>\n<div class=\"columna\" style=\"width: 25%;\"><a href=\"https:\/\/drive.google.com\/file\/d\/1sazm_mdTpkMQ0gODhYRP2gwb2LTv8qRe\/view?usp=sharing\" target=\"_blank\" rel=\"noopener noreferrer\"><br \/>\n<img decoding=\"async\" style=\"border: 1px solid #555;\" src=\"https:\/\/serveiseducatius.xtec.cat\/altemporda\/wp-content\/uploads\/usu1156\/2024\/02\/Biolectures_34.png\" width=\"90%\" \/><\/a><\/div>\n<div class=\"columna\" style=\"width: 25%;\"><a href=\"https:\/\/drive.google.com\/file\/d\/1L5PL9KhiXf7vH2Qdly0out_NpsCX2i03\/view?usp=sharing\" target=\"_blank\" rel=\"noopener noreferrer\"><br \/>\n<img decoding=\"async\" style=\"border: 1px solid #555;\" src=\"https:\/\/serveiseducatius.xtec.cat\/altemporda\/wp-content\/uploads\/usu1156\/2024\/02\/Biolectures_35.png\" width=\"90%\" \/><\/a><\/div>\n<\/div>\n<div class=\"fila engrandeix img;\">\n<div class=\"columna\" style=\"width: 25%;\"><a href=\"https:\/\/drive.google.com\/file\/d\/1YTS5aBQLVkv-CjA1zYAL7g7B91gc-HKf\/view?usp=sharing\" target=\"_blank\" rel=\"noopener noreferrer\"><br \/>\n<img decoding=\"async\" style=\"border: 1px solid #555;\" src=\"https:\/\/serveiseducatius.xtec.cat\/altemporda\/wp-content\/uploads\/usu1156\/2024\/02\/Biolectures_41.png\" width=\"90%\" \/><\/a><\/div>\n<div class=\"columna\" style=\"width: 25%;\"><a href=\"https:\/\/drive.google.com\/file\/d\/1QsngeqQxLwjilI3nOHUkshZvfKm085YL\/view?usp=sharing\" target=\"_blank\" rel=\"noopener noreferrer\"><br \/>\n<img decoding=\"async\" style=\"border: 1px solid #555;\" src=\"https:\/\/serveiseducatius.xtec.cat\/altemporda\/wp-content\/uploads\/usu1156\/2024\/02\/Biolectures_37.png\" width=\"90%\" \/><\/a><\/div>\n<div class=\"columna\" style=\"width: 25%;\"><a href=\"https:\/\/drive.google.com\/file\/d\/1HSthQ2mm4YGlEXBwTZfG9hjy5F9gEFE_\/view?usp=sharing\" target=\"_blank\" rel=\"noopener noreferrer\"><br \/>\n<img decoding=\"async\" style=\"border: 1px solid #555;\" src=\"https:\/\/serveiseducatius.xtec.cat\/altemporda\/wp-content\/uploads\/usu1156\/2024\/02\/Biolectures_38.png\" width=\"90%\" \/><\/a><\/div>\n<div class=\"columna\" style=\"width: 25%;\"><a href=\"https:\/\/drive.google.com\/file\/d\/1arbFl_fRNTSGooaW1VpRh23Ie8q8W2qS\/view?usp=sharing\" target=\"_blank\" rel=\"noopener noreferrer\"><br \/>\n<img decoding=\"async\" style=\"border: 1px solid #555;\" src=\"https:\/\/serveiseducatius.xtec.cat\/altemporda\/wp-content\/uploads\/usu1156\/2024\/02\/Biolectures_39.png\" width=\"90%\" \/><\/a><\/div>\n<\/div>\n<div class=\"fila engrandeix img;\">\n<div class=\"columna\" style=\"width: 25%;\"><a href=\"https:\/\/drive.google.com\/file\/d\/1Sm2dFLToNtc3zHb3LmClp_L9wz8nVg1F\/view?usp=sharing\" target=\"_blank\" rel=\"noopener noreferrer\"><br \/>\n<img decoding=\"async\" style=\"border: 1px solid #555;\" src=\"https:\/\/serveiseducatius.xtec.cat\/altemporda\/wp-content\/uploads\/usu1156\/2024\/02\/Biolectures_59.png\" width=\"90%\" \/><\/a><\/div>\n<div class=\"columna\" style=\"width: 25%;\"><\/div>\n<div class=\"columna\" style=\"width: 25%;\"><\/div>\n<div class=\"columna\" style=\"width: 25%;\"><\/div>\n<\/div>\n","protected":false},"excerpt":{"rendered":"<p>&#8220;Durant desenes de milers d&#8217;anys, els \u00e9ssers humans van viure utilitzant l&#8217;energia del sol, de les marees, dels vents o de la llenya per cobrir les necessitats que tenien. Tanmateix, a partir de la Revoluci\u00f3 industrial es va comen\u00e7ar a fer servir de manera massiva el carb\u00f3, el petroli i el gas natural. Aix\u00ed es [&hellip;]<\/p>\n","protected":false},"author":1,"featured_media":0,"parent":15967,"menu_order":0,"comment_status":"closed","ping_status":"closed","template":"","meta":{"_bbp_topic_count":0,"_bbp_reply_count":0,"_bbp_total_topic_count":0,"_bbp_total_reply_count":0,"_bbp_voice_count":0,"_bbp_anonymous_reply_count":0,"_bbp_topic_count_hidden":0,"_bbp_reply_count_hidden":0,"_bbp_forum_subforum_count":0,"site-sidebar-layout":"default","site-content-layout":"","ast-site-content-layout":"","site-content-style":"default","site-sidebar-style":"default","ast-global-header-display":"","ast-banner-title-visibility":"","ast-main-header-display":"","ast-hfb-above-header-display":"","ast-hfb-below-header-display":"","ast-hfb-mobile-header-display":"","site-post-title":"","ast-breadcrumbs-content":"","ast-featured-img":"","footer-sml-layout":"","theme-transparent-header-meta":"","adv-header-id-meta":"","stick-header-meta":"","header-above-stick-meta":"","header-main-stick-meta":"","header-below-stick-meta":"","astra-migrate-meta-layouts":"default","ast-page-background-enabled":"default","ast-page-background-meta":{"desktop":{"background-color":"var(--ast-global-color-4)","background-image":"","background-repeat":"repeat","background-position":"center center","background-size":"auto","background-attachment":"scroll","background-type":"","background-media":"","overlay-type":"","overlay-color":"","overlay-opacity":"","overlay-gradient":""},"tablet":{"background-color":"","background-image":"","background-repeat":"repeat","background-position":"center center","background-size":"auto","background-attachment":"scroll","background-type":"","background-media":"","overlay-type":"","overlay-color":"","overlay-opacity":"","overlay-gradient":""},"mobile":{"background-color":"","background-image":"","background-repeat":"repeat","background-position":"center center","background-size":"auto","background-attachment":"scroll","background-type":"","background-media":"","overlay-type":"","overlay-color":"","overlay-opacity":"","overlay-gradient":""}},"ast-content-background-meta":{"desktop":{"background-color":"var(--ast-global-color-5)","background-image":"","background-repeat":"repeat","background-position":"center center","background-size":"auto","background-attachment":"scroll","background-type":"","background-media":"","overlay-type":"","overlay-color":"","overlay-opacity":"","overlay-gradient":""},"tablet":{"background-color":"var(--ast-global-color-5)","background-image":"","background-repeat":"repeat","background-position":"center center","background-size":"auto","background-attachment":"scroll","background-type":"","background-media":"","overlay-type":"","overlay-color":"","overlay-opacity":"","overlay-gradient":""},"mobile":{"background-color":"var(--ast-global-color-5)","background-image":"","background-repeat":"repeat","background-position":"center center","background-size":"auto","background-attachment":"scroll","background-type":"","background-media":"","overlay-type":"","overlay-color":"","overlay-opacity":"","overlay-gradient":""}},"footnotes":""},"class_list":["post-16074","page","type-page","status-publish","hentry"],"post_mailing_queue_ids":[],"_links":{"self":[{"href":"https:\/\/serveiseducatius.xtec.cat\/altemporda\/wp-json\/wp\/v2\/pages\/16074","targetHints":{"allow":["GET"]}}],"collection":[{"href":"https:\/\/serveiseducatius.xtec.cat\/altemporda\/wp-json\/wp\/v2\/pages"}],"about":[{"href":"https:\/\/serveiseducatius.xtec.cat\/altemporda\/wp-json\/wp\/v2\/types\/page"}],"author":[{"embeddable":true,"href":"https:\/\/serveiseducatius.xtec.cat\/altemporda\/wp-json\/wp\/v2\/users\/1"}],"replies":[{"embeddable":true,"href":"https:\/\/serveiseducatius.xtec.cat\/altemporda\/wp-json\/wp\/v2\/comments?post=16074"}],"version-history":[{"count":7,"href":"https:\/\/serveiseducatius.xtec.cat\/altemporda\/wp-json\/wp\/v2\/pages\/16074\/revisions"}],"predecessor-version":[{"id":22471,"href":"https:\/\/serveiseducatius.xtec.cat\/altemporda\/wp-json\/wp\/v2\/pages\/16074\/revisions\/22471"}],"up":[{"embeddable":true,"href":"https:\/\/serveiseducatius.xtec.cat\/altemporda\/wp-json\/wp\/v2\/pages\/15967"}],"wp:attachment":[{"href":"https:\/\/serveiseducatius.xtec.cat\/altemporda\/wp-json\/wp\/v2\/media?parent=16074"}],"curies":[{"name":"wp","href":"https:\/\/api.w.org\/{rel}","templated":true}]}}