{"id":16004,"date":"2022-02-13T09:31:18","date_gmt":"2022-02-13T08:31:18","guid":{"rendered":"https:\/\/serveiseducatius.xtec.cat\/altemporda\/?page_id=16004"},"modified":"2024-01-15T13:58:52","modified_gmt":"2024-01-15T12:58:52","slug":"taps","status":"publish","type":"page","link":"https:\/\/serveiseducatius.xtec.cat\/altemporda\/xarxa-descoles-del-pn-cap-de-creus\/campanyes-ambientals\/taps\/","title":{"rendered":"Taps"},"content":{"rendered":"<p><img loading=\"lazy\" decoding=\"async\" class=\" wp-image-18237 alignleft\" src=\"https:\/\/serveiseducatius.xtec.cat\/altemporda\/wp-content\/uploads\/usu1156\/2022\/10\/Taps.png\" alt=\"\" width=\"263\" height=\"194\" srcset=\"https:\/\/serveiseducatius.xtec.cat\/altemporda\/wp-content\/uploads\/usu1156\/2022\/10\/Taps.png 411w, https:\/\/serveiseducatius.xtec.cat\/altemporda\/wp-content\/uploads\/usu1156\/2022\/10\/Taps-300x221.png 300w\" sizes=\"auto, (max-width: 263px) 100vw, 263px\" \/><\/p>\n<p style=\"text-align: justify;\"><span style=\"color: #000000;\"><strong>Taps. Destapant problemes, compartint solucions. <\/strong>\u00c9s un projecte que neix dins del marc del <strong>Servei comunitari<\/strong> del Departament d&#8217;educaci\u00f3 impulsat per <\/span><a href=\"https:\/\/cendrassos.net\/\" target=\"_blank\" rel=\"noopener\">Institut Cendrassos<\/a> de Figueres amb la coordinaci\u00f3 de la professora Montse Pag\u00e8s i el Servei educatiu de l&#8217;alt Empord\u00e0.<\/p>\n<p>&nbsp;<\/p>\n<p>&nbsp;<\/p>\n<div class=\"fila; engrandeix img;\" style=\"display: flex; align-items: center; justify-content: center;\">\n<div class=\"columna\" style=\"width: 50%;\"><iframe loading=\"lazy\" src=\"https:\/\/docs.google.com\/presentation\/d\/e\/2PACX-1vQ1EwEDJOKFzgbib216op550JwylQtWcr63nUs5HLnQ8kmZ7G__xurUJkLSIUHciqszrTs5CacNyffX\/embed?start=true&amp;loop=true&amp;delayms=3000\" width=\"95%\" height=\"400\" frameborder=\"0\" allowfullscreen=\"allowfullscreen\"><\/iframe><\/div>\n<div class=\"columna\" style=\"width: 50%;\"><iframe loading=\"lazy\" src=\"https:\/\/drive.google.com\/file\/d\/1w9gePeXyOWNyc6xn_5qGSjkFsKGjPmLF\/preview\" style=\"border:0px #ffffff none;\" name=\"myiFrame\" scrolling=\"no\" frameborder=\"1\" marginheight=\"0px\" marginwidth=\"0px\" height=\"400px\" width=\"95%\" allowfullscreen><\/iframe><\/div>\n<\/div>\n<p>&nbsp;<\/p>\n<p><img loading=\"lazy\" decoding=\"async\" class=\"size-full wp-image-20196 aligncenter\" src=\"https:\/\/serveiseducatius.xtec.cat\/altemporda\/wp-content\/uploads\/usu1156\/2023\/03\/circuit.png\" alt=\"\" width=\"582\" height=\"147\" srcset=\"https:\/\/serveiseducatius.xtec.cat\/altemporda\/wp-content\/uploads\/usu1156\/2023\/03\/circuit.png 582w, https:\/\/serveiseducatius.xtec.cat\/altemporda\/wp-content\/uploads\/usu1156\/2023\/03\/circuit-300x76.png 300w\" sizes=\"auto, (max-width: 582px) 100vw, 582px\" \/><\/p>\n<p><span style=\"font-size: 14pt;\"><strong>Aliances:<\/strong><\/span><\/p>\n<ul>\n<li>Servei educatiu de l&#8217;Alt Empord\u00e0<\/li>\n<li>Escola Parc de les Aig\u00fces<\/li>\n<li>Escola Salvador Dal\u00ed<\/li>\n<li>Escola Josep Pallach<\/li>\n<li>empresa: <a href=\"https:\/\/www.equisostbcn.com\/colegios-e-institutos.html\" target=\"_blank\" rel=\"noopener\">equisostbcn.com<\/a><\/li>\n<\/ul>\n<p><span style=\"font-size: 14pt;\"><strong>Recull de premsa<\/strong><\/span><\/p>\n<ul style=\"list-style-type: square;\">\n<li><a href=\"https:\/\/serveiseducatius.xtec.cat\/altemporda\/portada\/taps-destapant-problemes-compartint-solucions\/\" target=\"_blank\" rel=\"noopener\">Taps. Destapant problemes, compartint solucions<\/a><\/li>\n<li><a href=\"https:\/\/www.horanova.cat\/noticia\/206085\/taps-de-plastic-que-es-transformen-en-bancs\">Taps que es transformen en bancs<\/a><\/li>\n<\/ul>\n<p>&nbsp;<\/p>\n","protected":false},"excerpt":{"rendered":"<p>Taps. Destapant problemes, compartint solucions. \u00c9s un projecte que neix dins del marc del Servei comunitari del Departament d&#8217;educaci\u00f3 impulsat per Institut Cendrassos de Figueres amb la coordinaci\u00f3 de la professora Montse Pag\u00e8s i el Servei educatiu de l&#8217;alt Empord\u00e0. &nbsp; &nbsp; &nbsp; Aliances: Servei educatiu de l&#8217;Alt Empord\u00e0 Escola Parc de les Aig\u00fces Escola [&hellip;]<\/p>\n","protected":false},"author":1,"featured_media":0,"parent":15169,"menu_order":0,"comment_status":"closed","ping_status":"closed","template":"","meta":{"_bbp_topic_count":0,"_bbp_reply_count":0,"_bbp_total_topic_count":0,"_bbp_total_reply_count":0,"_bbp_voice_count":0,"_bbp_anonymous_reply_count":0,"_bbp_topic_count_hidden":0,"_bbp_reply_count_hidden":0,"_bbp_forum_subforum_count":0,"site-sidebar-layout":"default","site-content-layout":"","ast-site-content-layout":"","site-content-style":"default","site-sidebar-style":"default","ast-global-header-display":"","ast-banner-title-visibility":"","ast-main-header-display":"","ast-hfb-above-header-display":"","ast-hfb-below-header-display":"","ast-hfb-mobile-header-display":"","site-post-title":"","ast-breadcrumbs-content":"","ast-featured-img":"","footer-sml-layout":"","theme-transparent-header-meta":"","adv-header-id-meta":"","stick-header-meta":"","header-above-stick-meta":"","header-main-stick-meta":"","header-below-stick-meta":"","astra-migrate-meta-layouts":"default","ast-page-background-enabled":"default","ast-page-background-meta":{"desktop":{"background-color":"var(--ast-global-color-4)","background-image":"","background-repeat":"repeat","background-position":"center center","background-size":"auto","background-attachment":"scroll","background-type":"","background-media":"","overlay-type":"","overlay-color":"","overlay-opacity":"","overlay-gradient":""},"tablet":{"background-color":"","background-image":"","background-repeat":"repeat","background-position":"center center","background-size":"auto","background-attachment":"scroll","background-type":"","background-media":"","overlay-type":"","overlay-color":"","overlay-opacity":"","overlay-gradient":""},"mobile":{"background-color":"","background-image":"","background-repeat":"repeat","background-position":"center center","background-size":"auto","background-attachment":"scroll","background-type":"","background-media":"","overlay-type":"","overlay-color":"","overlay-opacity":"","overlay-gradient":""}},"ast-content-background-meta":{"desktop":{"background-color":"var(--ast-global-color-5)","background-image":"","background-repeat":"repeat","background-position":"center center","background-size":"auto","background-attachment":"scroll","background-type":"","background-media":"","overlay-type":"","overlay-color":"","overlay-opacity":"","overlay-gradient":""},"tablet":{"background-color":"var(--ast-global-color-5)","background-image":"","background-repeat":"repeat","background-position":"center center","background-size":"auto","background-attachment":"scroll","background-type":"","background-media":"","overlay-type":"","overlay-color":"","overlay-opacity":"","overlay-gradient":""},"mobile":{"background-color":"var(--ast-global-color-5)","background-image":"","background-repeat":"repeat","background-position":"center center","background-size":"auto","background-attachment":"scroll","background-type":"","background-media":"","overlay-type":"","overlay-color":"","overlay-opacity":"","overlay-gradient":""}},"footnotes":""},"class_list":["post-16004","page","type-page","status-publish","hentry"],"post_mailing_queue_ids":[],"_links":{"self":[{"href":"https:\/\/serveiseducatius.xtec.cat\/altemporda\/wp-json\/wp\/v2\/pages\/16004","targetHints":{"allow":["GET"]}}],"collection":[{"href":"https:\/\/serveiseducatius.xtec.cat\/altemporda\/wp-json\/wp\/v2\/pages"}],"about":[{"href":"https:\/\/serveiseducatius.xtec.cat\/altemporda\/wp-json\/wp\/v2\/types\/page"}],"author":[{"embeddable":true,"href":"https:\/\/serveiseducatius.xtec.cat\/altemporda\/wp-json\/wp\/v2\/users\/1"}],"replies":[{"embeddable":true,"href":"https:\/\/serveiseducatius.xtec.cat\/altemporda\/wp-json\/wp\/v2\/comments?post=16004"}],"version-history":[{"count":6,"href":"https:\/\/serveiseducatius.xtec.cat\/altemporda\/wp-json\/wp\/v2\/pages\/16004\/revisions"}],"predecessor-version":[{"id":22009,"href":"https:\/\/serveiseducatius.xtec.cat\/altemporda\/wp-json\/wp\/v2\/pages\/16004\/revisions\/22009"}],"up":[{"embeddable":true,"href":"https:\/\/serveiseducatius.xtec.cat\/altemporda\/wp-json\/wp\/v2\/pages\/15169"}],"wp:attachment":[{"href":"https:\/\/serveiseducatius.xtec.cat\/altemporda\/wp-json\/wp\/v2\/media?parent=16004"}],"curies":[{"name":"wp","href":"https:\/\/api.w.org\/{rel}","templated":true}]}}