{"id":15967,"date":"2022-02-10T12:09:18","date_gmt":"2022-02-10T11:09:18","guid":{"rendered":"https:\/\/serveiseducatius.xtec.cat\/altemporda\/?page_id=15967"},"modified":"2023-06-22T08:49:32","modified_gmt":"2023-06-22T06:49:32","slug":"biolectures","status":"publish","type":"page","link":"https:\/\/serveiseducatius.xtec.cat\/altemporda\/xarxa-descoles-del-pn-cap-de-creus\/biolectures\/","title":{"rendered":"BioLectures"},"content":{"rendered":"<p>&nbsp;<\/p>\n<p style=\"text-align: justify;\"><span style=\"font-weight: 400;\"><em><a href=\"https:\/\/serveiseducatius.xtec.cat\/altemporda\/wp-content\/uploads\/usu1156\/2022\/09\/imatge-general-biolectures-.png\"><img loading=\"lazy\" decoding=\"async\" class=\"wp-image-17671 alignleft\" src=\"https:\/\/serveiseducatius.xtec.cat\/altemporda\/wp-content\/uploads\/usu1156\/2022\/09\/imatge-general-biolectures--1024x275.png\" alt=\"\" width=\"640\" height=\"172\" srcset=\"https:\/\/serveiseducatius.xtec.cat\/altemporda\/wp-content\/uploads\/usu1156\/2022\/09\/imatge-general-biolectures--1024x275.png 1024w, https:\/\/serveiseducatius.xtec.cat\/altemporda\/wp-content\/uploads\/usu1156\/2022\/09\/imatge-general-biolectures--300x81.png 300w, https:\/\/serveiseducatius.xtec.cat\/altemporda\/wp-content\/uploads\/usu1156\/2022\/09\/imatge-general-biolectures--768x206.png 768w, https:\/\/serveiseducatius.xtec.cat\/altemporda\/wp-content\/uploads\/usu1156\/2022\/09\/imatge-general-biolectures-.png 1411w\" sizes=\"auto, (max-width: 640px) 100vw, 640px\" \/><\/a><\/em><\/span><\/p>\n<p>&nbsp;<\/p>\n<p>&nbsp;<\/p>\n<p style=\"text-align: justify;\"><span style=\"font-weight: 400;\"><em>BioLectures<\/em> \u00e9s un nou projecte en xarxa que ha estat possible gr\u00e0cies a la col\u00b7laboraci\u00f3 dels mestres de la Xarxa d&#8217;Escoles del Parc Natural de Cap de Creus (XEPNCC), la <a href=\"https:\/\/sites.google.com\/a\/xtec.cat\/a-punt-de-llegir\/puntdetrobada\" target=\"_blank\" rel=\"noopener\">Xarxa de biblioteques p\u00fabliques de la comarca<\/a> (<a href=\"https:\/\/serveiseducatius.xtec.cat\/altemporda\/categoria\/bibliotecae\/\" target=\"_blank\" rel=\"noopener\">BibliotecAE<\/a>), t\u00e8cnics del Parc Natural de Cap de Creus i el Servei Educatiu de l\u2019Alt Empord\u00e0 (SEAE).<\/span><\/p>\n<p style=\"text-align: justify;\"><span style=\"font-weight: 400;\">Amb aquesta actuaci\u00f3 es pret\u00e9n conscienciar i implicar la comunitat educativa en la conservaci\u00f3, protecci\u00f3 i millora de l\u2019entorn natural a trav\u00e9s dels llibres i \u00e0lbums il\u00b7lustrats.<\/span><\/p>\n<p><span style=\"font-weight: 400;\">A continuaci\u00f3 us presentem les accions del projecte:<\/span><\/p>\n<ul>\n<li style=\"font-weight: 400;\" aria-level=\"1\"><i><span style=\"font-weight: 400;\">\u00a0<strong>BioLectures &#8211; A punt de llegir:<\/strong> 10 biblioteques amb 10 aparadors tem\u00e0tics sobre biodiversitat i emerg\u00e8ncia clim\u00e0tica amb m\u00e9s de 200 llibres, restaran a l&#8217;abast de tots els ciutadans de la comarca.<\/span><\/i><\/li>\n<li style=\"font-weight: 400;\" aria-level=\"1\"><i><span style=\"font-weight: 400;\"><strong>Maleta pedag\u00f2gica BioLectures:<\/strong> amb m\u00e9s de 50 llibres seleccionats pels docents de la XEPNCC. Restar\u00e0 en servei de pr\u00e9stec per totes les escoles.<\/span><\/i><\/li>\n<li style=\"font-weight: 400;\" aria-level=\"1\"><i><span style=\"font-weight: 400;\"><strong>10.000 Punts de llibre<\/strong> per reflexionar sobre l&#8217;emerg\u00e8ncia clim\u00e0tica. Un repte que traspassa als docents per intentar arribar als infants i les seves fam\u00edlies.<\/span><\/i><\/li>\n<\/ul>\n<div class=\"fila engrandeix img;\">\n<div class=\"columna\" style=\"width: 5%;\"><\/div>\n<div class=\"columna\" style=\"width: 25%;\"><a href=\"https:\/\/serveiseducatius.xtec.cat\/altemporda\/xarxa-descoles-del-pn-cap-de-creus\/biolectures\/bibliotecae-programa-biolectures\/?usp=sharing\" target=\"_blank\" rel=\"noopener noreferrer\"><img decoding=\"async\" style=\"border: 0px solid #555;\" src=\"https:\/\/serveiseducatius.xtec.cat\/altemporda\/wp-content\/uploads\/usu1156\/2022\/09\/logo-Biolectures-1.png\" width=\"90%\" \/><\/a><\/div>\n<div class=\"columna\" style=\"width: 30%;\"><a href=\"https:\/\/serveiseducatius.xtec.cat\/altemporda\/xarxa-descoles-del-pn-cap-de-creus\/biolectures\/maleta-pedagogica-biolectures\/\" target=\"_blank\" rel=\"noopener noreferrer\"><img decoding=\"async\" style=\"border: 0px solid #555;\" src=\"https:\/\/serveiseducatius.xtec.cat\/altemporda\/wp-content\/uploads\/usu1156\/2022\/09\/1.png\" width=\"95%\" \/><\/a><\/div>\n<div class=\"columna\" style=\"width: 35%;\"><a href=\"https:\/\/serveiseducatius.xtec.cat\/altemporda\/xarxa-descoles-del-pn-cap-de-creus\/biolectures\/biolectures-punts-de-llibre\/\" target=\"_blank\" rel=\"noopener noreferrer\"><img decoding=\"async\" style=\"border: 0px solid #555;\" src=\"https:\/\/serveiseducatius.xtec.cat\/altemporda\/wp-content\/uploads\/usu1156\/2022\/09\/2.png\" width=\"90%\" \/><\/a><\/div>\n<div class=\"columna\" style=\"width: 5%;\"><\/div>\n<\/div>\n<p>&nbsp;<\/p>\n<div style=\"text-align: center;\"><iframe loading=\"lazy\" src=\"https:\/\/docs.google.com\/presentation\/d\/e\/2PACX-1vRPHGCnUX10TiAeNms00wU37QlLv8_PRblu_t3UvSVAGmVSXm02X4IY6dNwmW5dOcoRv1ACucFzy6YW\/embed?start=true&amp;loop=true&amp;delayms=3000\" width=\"960\" height=\"569\" frameborder=\"0\" allowfullscreen=\"allowfullscreen\"><\/iframe><\/div>\n","protected":false},"excerpt":{"rendered":"<p>&nbsp; &nbsp; &nbsp; BioLectures \u00e9s un nou projecte en xarxa que ha estat possible gr\u00e0cies a la col\u00b7laboraci\u00f3 dels mestres de la Xarxa d&#8217;Escoles del Parc Natural de Cap de Creus (XEPNCC), la Xarxa de biblioteques p\u00fabliques de la comarca (BibliotecAE), t\u00e8cnics del Parc Natural de Cap de Creus i el Servei Educatiu de l\u2019Alt [&hellip;]<\/p>\n","protected":false},"author":4,"featured_media":0,"parent":13173,"menu_order":0,"comment_status":"closed","ping_status":"closed","template":"","meta":{"_bbp_topic_count":0,"_bbp_reply_count":0,"_bbp_total_topic_count":0,"_bbp_total_reply_count":0,"_bbp_voice_count":0,"_bbp_anonymous_reply_count":0,"_bbp_topic_count_hidden":0,"_bbp_reply_count_hidden":0,"_bbp_forum_subforum_count":0,"site-sidebar-layout":"default","site-content-layout":"","ast-site-content-layout":"","site-content-style":"default","site-sidebar-style":"default","ast-global-header-display":"","ast-banner-title-visibility":"","ast-main-header-display":"","ast-hfb-above-header-display":"","ast-hfb-below-header-display":"","ast-hfb-mobile-header-display":"","site-post-title":"","ast-breadcrumbs-content":"","ast-featured-img":"","footer-sml-layout":"","theme-transparent-header-meta":"","adv-header-id-meta":"","stick-header-meta":"","header-above-stick-meta":"","header-main-stick-meta":"","header-below-stick-meta":"","astra-migrate-meta-layouts":"default","ast-page-background-enabled":"default","ast-page-background-meta":{"desktop":{"background-color":"var(--ast-global-color-4)","background-image":"","background-repeat":"repeat","background-position":"center center","background-size":"auto","background-attachment":"scroll","background-type":"","background-media":"","overlay-type":"","overlay-color":"","overlay-opacity":"","overlay-gradient":""},"tablet":{"background-color":"","background-image":"","background-repeat":"repeat","background-position":"center center","background-size":"auto","background-attachment":"scroll","background-type":"","background-media":"","overlay-type":"","overlay-color":"","overlay-opacity":"","overlay-gradient":""},"mobile":{"background-color":"","background-image":"","background-repeat":"repeat","background-position":"center center","background-size":"auto","background-attachment":"scroll","background-type":"","background-media":"","overlay-type":"","overlay-color":"","overlay-opacity":"","overlay-gradient":""}},"ast-content-background-meta":{"desktop":{"background-color":"var(--ast-global-color-5)","background-image":"","background-repeat":"repeat","background-position":"center center","background-size":"auto","background-attachment":"scroll","background-type":"","background-media":"","overlay-type":"","overlay-color":"","overlay-opacity":"","overlay-gradient":""},"tablet":{"background-color":"var(--ast-global-color-5)","background-image":"","background-repeat":"repeat","background-position":"center center","background-size":"auto","background-attachment":"scroll","background-type":"","background-media":"","overlay-type":"","overlay-color":"","overlay-opacity":"","overlay-gradient":""},"mobile":{"background-color":"var(--ast-global-color-5)","background-image":"","background-repeat":"repeat","background-position":"center center","background-size":"auto","background-attachment":"scroll","background-type":"","background-media":"","overlay-type":"","overlay-color":"","overlay-opacity":"","overlay-gradient":""}},"footnotes":""},"class_list":["post-15967","page","type-page","status-publish","hentry"],"post_mailing_queue_ids":[],"_links":{"self":[{"href":"https:\/\/serveiseducatius.xtec.cat\/altemporda\/wp-json\/wp\/v2\/pages\/15967","targetHints":{"allow":["GET"]}}],"collection":[{"href":"https:\/\/serveiseducatius.xtec.cat\/altemporda\/wp-json\/wp\/v2\/pages"}],"about":[{"href":"https:\/\/serveiseducatius.xtec.cat\/altemporda\/wp-json\/wp\/v2\/types\/page"}],"author":[{"embeddable":true,"href":"https:\/\/serveiseducatius.xtec.cat\/altemporda\/wp-json\/wp\/v2\/users\/4"}],"replies":[{"embeddable":true,"href":"https:\/\/serveiseducatius.xtec.cat\/altemporda\/wp-json\/wp\/v2\/comments?post=15967"}],"version-history":[{"count":6,"href":"https:\/\/serveiseducatius.xtec.cat\/altemporda\/wp-json\/wp\/v2\/pages\/15967\/revisions"}],"predecessor-version":[{"id":20992,"href":"https:\/\/serveiseducatius.xtec.cat\/altemporda\/wp-json\/wp\/v2\/pages\/15967\/revisions\/20992"}],"up":[{"embeddable":true,"href":"https:\/\/serveiseducatius.xtec.cat\/altemporda\/wp-json\/wp\/v2\/pages\/13173"}],"wp:attachment":[{"href":"https:\/\/serveiseducatius.xtec.cat\/altemporda\/wp-json\/wp\/v2\/media?parent=15967"}],"curies":[{"name":"wp","href":"https:\/\/api.w.org\/{rel}","templated":true}]}}