{"id":15925,"date":"2022-02-08T17:50:44","date_gmt":"2022-02-08T16:50:44","guid":{"rendered":"https:\/\/serveiseducatius.xtec.cat\/altemporda\/?page_id=15925"},"modified":"2023-01-25T09:39:03","modified_gmt":"2023-01-25T08:39:03","slug":"bocnroll","status":"publish","type":"page","link":"https:\/\/serveiseducatius.xtec.cat\/altemporda\/xarxa-descoles-del-pn-cap-de-creus\/campanyes-ambientals\/bocnroll\/","title":{"rendered":"30 minuts de pati. 30 minuts de deixalles?"},"content":{"rendered":"<p><a href=\"https:\/\/serveiseducatius.xtec.cat\/altemporda\/wp-content\/uploads\/usu1156\/2023\/01\/BnR.png\"><img loading=\"lazy\" decoding=\"async\" class=\"wp-image-19061 alignleft\" src=\"https:\/\/serveiseducatius.xtec.cat\/altemporda\/wp-content\/uploads\/usu1156\/2023\/01\/BnR.png\" alt=\"\" width=\"313\" height=\"239\" srcset=\"https:\/\/serveiseducatius.xtec.cat\/altemporda\/wp-content\/uploads\/usu1156\/2023\/01\/BnR.png 839w, https:\/\/serveiseducatius.xtec.cat\/altemporda\/wp-content\/uploads\/usu1156\/2023\/01\/BnR-300x229.png 300w, https:\/\/serveiseducatius.xtec.cat\/altemporda\/wp-content\/uploads\/usu1156\/2023\/01\/BnR-768x586.png 768w\" sizes=\"auto, (max-width: 313px) 100vw, 313px\" \/><\/a>Campanya<strong> <span style=\"font-size: 18pt; color: #22bcac;\">[Sigues part de la soluci\u00f3]<\/span><\/strong><\/p>\n<p style=\"text-align: center;\"><span style=\"font-size: 14pt; color: #333333;\">Un dels moments col\u00b7lectius on m\u00e9s es pot visualitzar la problem\u00e0tica dels embolcalls d&#8217;un sol \u00fas \u00e9s a l\u2019escola. <\/span><\/p>\n<p style=\"text-align: center;\"><span style=\"font-size: 14pt; color: #333333;\">Nom\u00e9s cal anar a l\u2019hora del pati i observar un dels 5.150 centres educatius de Catalunya per comprovar l\u2019impacte que suposen els embolcalls acumulats a les papereres.\u00a0<\/span><\/p>\n<p style=\"text-align: center;\"><span style=\"font-size: 14pt; color: #333333;\">Durant els 30 minuts que dura el pati, la majoria dels nens i nenes de Catalunya surten a esmorzar. Aix\u00f2 equival a gaireb\u00e9 1.500.000 d\u2019alumnes al dia. O sigui, aquesta quantitat l\u2019haur\u00edem de multiplicar pels 175 dies que dura el curs escolar, durant deu anys!<\/span><\/p>\n<p style=\"text-align: center;\"><span style=\"font-size: 14pt; color: #333333;\">Ens ho podem imaginar?<\/span><\/p>\n<div class=\"fila;\">\n<div class=\"columna\" style=\"width: 40%; text-align: center;\"><\/div>\n<div class=\"columna\" style=\"width: 20%; text-align: center;\"><a class=\"boto_taula\" style=\"color: #000000;\" href=\"https:\/\/serveiseducatius.xtec.cat\/altemporda\/xarxa-descoles-del-pn-cap-de-creus\/correcull-ae\/Formulari\/\" target=\"_blank\" rel=\"noopener noreferrer\"><span style=\"font-size: 1.25em;\"><strong>Formulari<\/strong><\/span><\/a><\/div>\n<div class=\"columna\" style=\"width: 40%;\"><\/div>\n<\/div>\n<p>&nbsp;<\/p>\n<p style=\"text-align: center;\"><span style=\"font-size: 10pt;\"><em>Autodiagnosi de centre<\/em><\/span><\/p>\n<p style=\"text-align: center;\"><strong>Exemple<\/strong> per reduir els embolcalls a l&#8217;hora de l&#8217;esmorzar. Agenda 21 Centres educatius de Lleida<\/p>\n<p align=\"center\"><iframe loading=\"lazy\" src=\"https:\/\/drive.google.com\/file\/d\/1AoJ8U0rgdTsNY7choEHPhTNJxH79e9S4\/preview\" width=\"500\" height=\"400\"><span data-mce-type=\"bookmark\" style=\"display: inline-block; width: 0px; overflow: hidden; line-height: 0;\" class=\"mce_SELRES_start\">\ufeff<\/span><\/iframe><\/p>\n<p>&nbsp;<\/p>\n<table style=\"border-collapse: collapse; width: 100%;\">\n<tbody>\n<tr>\n<td style=\"width: 33.3333%;\"><iframe loading=\"lazy\" title=\"YouTube video player\" src=\"https:\/\/www.youtube.com\/embed\/59WBVxALFZo\" width=\"500\" height=\"400\" frameborder=\"0\" allowfullscreen=\"allowfullscreen\"><\/iframe><\/td>\n<td style=\"width: 33.3333%;\"><iframe loading=\"lazy\" title=\"YouTube video player\" src=\"https:\/\/www.youtube.com\/embed\/OkEEwUT3CVs\" width=\"500\" height=\"400\" frameborder=\"0\" allowfullscreen=\"allowfullscreen\"><\/iframe><\/td>\n<td style=\"width: 33.3333%;\"><iframe loading=\"lazy\" title=\"YouTube video player\" src=\"https:\/\/www.youtube.com\/embed\/yg0_WzMLQ1U\" width=\"500\" height=\"400\" frameborder=\"0\" allowfullscreen=\"allowfullscreen\"><span data-mce-type=\"bookmark\" style=\"display: inline-block; width: 0px; overflow: hidden; line-height: 0;\" class=\"mce_SELRES_start\">\ufeff<\/span><\/iframe><\/td>\n<\/tr>\n<\/tbody>\n<\/table>\n<p><span style=\"font-size: 18pt; color: #33cccc;\"><strong>Propostes did\u00e0ctiques i articles de refer\u00e8ncia,<\/strong><\/span><\/p>\n<ul>\n<li><a href=\"https:\/\/ambientech.org\/itinerario-educativo-el-desperdicio-alimentario\">Stop desperdicio alimentario<\/a> (joc en l\u00ednia)<\/li>\n<\/ul>\n<p><span style=\"font-size: 18pt; color: #33cccc;\"><strong>Experi\u00e8ncies de centre,<\/strong><\/span><\/p>\n<ul>\n<li><\/li>\n<li><\/li>\n<li><\/li>\n<\/ul>\n<p>&nbsp;<\/p>\n<p>&nbsp;<\/p>\n","protected":false},"excerpt":{"rendered":"<p>Campanya [Sigues part de la soluci\u00f3] Un dels moments col\u00b7lectius on m\u00e9s es pot visualitzar la problem\u00e0tica dels embolcalls d&#8217;un sol \u00fas \u00e9s a l\u2019escola. Nom\u00e9s cal anar a l\u2019hora del pati i observar un dels 5.150 centres educatius de Catalunya per comprovar l\u2019impacte que suposen els embolcalls acumulats a les papereres.\u00a0 Durant els 30 [&hellip;]<\/p>\n","protected":false},"author":1,"featured_media":0,"parent":15169,"menu_order":0,"comment_status":"closed","ping_status":"closed","template":"","meta":{"_bbp_topic_count":0,"_bbp_reply_count":0,"_bbp_total_topic_count":0,"_bbp_total_reply_count":0,"_bbp_voice_count":0,"_bbp_anonymous_reply_count":0,"_bbp_topic_count_hidden":0,"_bbp_reply_count_hidden":0,"_bbp_forum_subforum_count":0,"site-sidebar-layout":"default","site-content-layout":"","ast-site-content-layout":"","site-content-style":"default","site-sidebar-style":"default","ast-global-header-display":"","ast-banner-title-visibility":"","ast-main-header-display":"","ast-hfb-above-header-display":"","ast-hfb-below-header-display":"","ast-hfb-mobile-header-display":"","site-post-title":"","ast-breadcrumbs-content":"","ast-featured-img":"","footer-sml-layout":"","theme-transparent-header-meta":"","adv-header-id-meta":"","stick-header-meta":"","header-above-stick-meta":"","header-main-stick-meta":"","header-below-stick-meta":"","astra-migrate-meta-layouts":"default","ast-page-background-enabled":"default","ast-page-background-meta":{"desktop":{"background-color":"var(--ast-global-color-4)","background-image":"","background-repeat":"repeat","background-position":"center center","background-size":"auto","background-attachment":"scroll","background-type":"","background-media":"","overlay-type":"","overlay-color":"","overlay-opacity":"","overlay-gradient":""},"tablet":{"background-color":"","background-image":"","background-repeat":"repeat","background-position":"center center","background-size":"auto","background-attachment":"scroll","background-type":"","background-media":"","overlay-type":"","overlay-color":"","overlay-opacity":"","overlay-gradient":""},"mobile":{"background-color":"","background-image":"","background-repeat":"repeat","background-position":"center center","background-size":"auto","background-attachment":"scroll","background-type":"","background-media":"","overlay-type":"","overlay-color":"","overlay-opacity":"","overlay-gradient":""}},"ast-content-background-meta":{"desktop":{"background-color":"var(--ast-global-color-5)","background-image":"","background-repeat":"repeat","background-position":"center center","background-size":"auto","background-attachment":"scroll","background-type":"","background-media":"","overlay-type":"","overlay-color":"","overlay-opacity":"","overlay-gradient":""},"tablet":{"background-color":"var(--ast-global-color-5)","background-image":"","background-repeat":"repeat","background-position":"center center","background-size":"auto","background-attachment":"scroll","background-type":"","background-media":"","overlay-type":"","overlay-color":"","overlay-opacity":"","overlay-gradient":""},"mobile":{"background-color":"var(--ast-global-color-5)","background-image":"","background-repeat":"repeat","background-position":"center center","background-size":"auto","background-attachment":"scroll","background-type":"","background-media":"","overlay-type":"","overlay-color":"","overlay-opacity":"","overlay-gradient":""}},"footnotes":""},"class_list":["post-15925","page","type-page","status-publish","hentry"],"post_mailing_queue_ids":[],"_links":{"self":[{"href":"https:\/\/serveiseducatius.xtec.cat\/altemporda\/wp-json\/wp\/v2\/pages\/15925","targetHints":{"allow":["GET"]}}],"collection":[{"href":"https:\/\/serveiseducatius.xtec.cat\/altemporda\/wp-json\/wp\/v2\/pages"}],"about":[{"href":"https:\/\/serveiseducatius.xtec.cat\/altemporda\/wp-json\/wp\/v2\/types\/page"}],"author":[{"embeddable":true,"href":"https:\/\/serveiseducatius.xtec.cat\/altemporda\/wp-json\/wp\/v2\/users\/1"}],"replies":[{"embeddable":true,"href":"https:\/\/serveiseducatius.xtec.cat\/altemporda\/wp-json\/wp\/v2\/comments?post=15925"}],"version-history":[{"count":3,"href":"https:\/\/serveiseducatius.xtec.cat\/altemporda\/wp-json\/wp\/v2\/pages\/15925\/revisions"}],"predecessor-version":[{"id":19065,"href":"https:\/\/serveiseducatius.xtec.cat\/altemporda\/wp-json\/wp\/v2\/pages\/15925\/revisions\/19065"}],"up":[{"embeddable":true,"href":"https:\/\/serveiseducatius.xtec.cat\/altemporda\/wp-json\/wp\/v2\/pages\/15169"}],"wp:attachment":[{"href":"https:\/\/serveiseducatius.xtec.cat\/altemporda\/wp-json\/wp\/v2\/media?parent=15925"}],"curies":[{"name":"wp","href":"https:\/\/api.w.org\/{rel}","templated":true}]}}